{"id":36102,"date":"2026-02-16T14:34:14","date_gmt":"2026-02-16T13:34:14","guid":{"rendered":"https:\/\/creaibiza.com\/?post_type=product&#038;p=36102"},"modified":"2026-03-16T13:04:29","modified_gmt":"2026-03-16T12:04:29","slug":"calcare-tau","status":"publish","type":"product","link":"https:\/\/creaibiza.com\/en\/product\/calcare-tau\/","title":{"rendered":"CALCARE TAU"},"content":{"rendered":"<p>Calcare es una serie inspirada en la piedra limestone, un material que ha dado forma a algunas de las arquitecturas m\u00e1s ic\u00f3nicas del mundo. Su nombre proviene del lat\u00edn calx (cal), en referencia a su origen sedimentario, donde el paso del tiempo ha esculpido una textura sutil salpicada de peque\u00f1as motas<br \/>\nminerales que le otorgan profundidad y naturalidad.<\/p>","protected":false},"excerpt":{"rendered":"<div style=\"width: 600px;\" class=\"wp-video\"><video class=\"wp-video-shortcode\" id=\"video-36102-1\" width=\"600\" height=\"338\" preload=\"metadata\" controls=\"controls\"><source type=\"video\/mp4\" src=\"http:\/\/creaibiza.com\/wp-content\/uploads\/2026\/02\/CALCARE_SAND_HQ-1.mp4?_=1\" \/><a href=\"http:\/\/creaibiza.com\/wp-content\/uploads\/2026\/02\/CALCARE_SAND_HQ-1.mp4\">http:\/\/creaibiza.com\/wp-content\/uploads\/2026\/02\/CALCARE_SAND_HQ-1.mp4<\/a><\/video><\/div>","protected":false},"featured_media":36111,"template":"","meta":{"_acf_changed":false},"product_brand":[1797],"product_cat":[2003,116,227],"product_tag":[1352,1353],"class_list":{"0":"post-36102","1":"product","2":"type-product","3":"status-publish","4":"has-post-thumbnail","6":"product_brand-tau","7":"product_cat-natural-style","8":"product_cat-pavimento","9":"product_cat-piedra","10":"product_tag-pavimento","11":"product_tag-revestimiento","13":"first","14":"instock","15":"taxable","16":"shipping-taxable","17":"purchasable","18":"product-type-variable"},"acf":[],"yoast_head":"<!-- This site is optimized with the Yoast SEO plugin v27.2 - https:\/\/yoast.com\/product\/yoast-seo-wordpress\/ -->\n<title>CALCARE TAU - Crea Ibiza<\/title>\n<meta name=\"description\" content=\"Crea Ibiza - CALCARE TAU -\" \/>\n<meta name=\"robots\" content=\"index, follow, max-snippet:-1, max-image-preview:large, max-video-preview:-1\" \/>\n<link rel=\"canonical\" href=\"https:\/\/creaibiza.com\/en\/product\/calcare-tau\/\" \/>\n<meta property=\"og:locale\" content=\"en_GB\" \/>\n<meta property=\"og:type\" content=\"article\" \/>\n<meta property=\"og:title\" content=\"CALCARE TAU - Crea Ibiza\" \/>\n<meta property=\"og:description\" content=\"Crea Ibiza - CALCARE TAU -\" \/>\n<meta property=\"og:url\" content=\"https:\/\/creaibiza.com\/en\/product\/calcare-tau\/\" \/>\n<meta property=\"og:site_name\" content=\"Crea Ibiza\" \/>\n<meta property=\"article:publisher\" content=\"https:\/\/www.facebook.com\/creaibiza\" \/>\n<meta property=\"article:modified_time\" content=\"2026-03-16T12:04:29+00:00\" \/>\n<meta property=\"og:image\" content=\"https:\/\/creaibiza.com\/wp-content\/uploads\/2026\/02\/EEYB3307BI56610_1197_AMB_CALCARE_SAND_120X120_DORSET_LINEN_120X280_NORDICWOOD_UMBER_SZ5.jpg\" \/>\n\t<meta property=\"og:image:width\" content=\"1000\" \/>\n\t<meta property=\"og:image:height\" content=\"700\" \/>\n\t<meta property=\"og:image:type\" content=\"image\/jpeg\" \/>\n<meta name=\"twitter:card\" content=\"summary_large_image\" \/>\n<meta name=\"twitter:label1\" content=\"Estimated reading time\" \/>\n\t<meta name=\"twitter:data1\" content=\"1 minute\" \/>\n<script type=\"application\/ld+json\" class=\"yoast-schema-graph\">{\"@context\":\"https:\/\/schema.org\",\"@graph\":[{\"@type\":\"WebPage\",\"@id\":\"https:\/\/creaibiza.com\/producto\/calcare-tau\/\",\"url\":\"https:\/\/creaibiza.com\/producto\/calcare-tau\/\",\"name\":\"CALCARE TAU - Crea Ibiza\",\"isPartOf\":{\"@id\":\"https:\/\/creaibiza.com\/#website\"},\"primaryImageOfPage\":{\"@id\":\"https:\/\/creaibiza.com\/producto\/calcare-tau\/#primaryimage\"},\"image\":{\"@id\":\"https:\/\/creaibiza.com\/producto\/calcare-tau\/#primaryimage\"},\"thumbnailUrl\":\"https:\/\/creaibiza.com\/wp-content\/uploads\/2026\/02\/EEYB3307BI56610_1197_AMB_CALCARE_SAND_120X120_DORSET_LINEN_120X280_NORDICWOOD_UMBER_SZ5.jpg\",\"datePublished\":\"2026-02-16T13:34:14+00:00\",\"dateModified\":\"2026-03-16T12:04:29+00:00\",\"description\":\"Crea Ibiza - CALCARE TAU -\",\"breadcrumb\":{\"@id\":\"https:\/\/creaibiza.com\/producto\/calcare-tau\/#breadcrumb\"},\"inLanguage\":\"en-GB\",\"potentialAction\":[{\"@type\":\"ReadAction\",\"target\":[\"https:\/\/creaibiza.com\/producto\/calcare-tau\/\"]}]},{\"@type\":\"ImageObject\",\"inLanguage\":\"en-GB\",\"@id\":\"https:\/\/creaibiza.com\/producto\/calcare-tau\/#primaryimage\",\"url\":\"https:\/\/creaibiza.com\/wp-content\/uploads\/2026\/02\/EEYB3307BI56610_1197_AMB_CALCARE_SAND_120X120_DORSET_LINEN_120X280_NORDICWOOD_UMBER_SZ5.jpg\",\"contentUrl\":\"https:\/\/creaibiza.com\/wp-content\/uploads\/2026\/02\/EEYB3307BI56610_1197_AMB_CALCARE_SAND_120X120_DORSET_LINEN_120X280_NORDICWOOD_UMBER_SZ5.jpg\",\"width\":1000,\"height\":700},{\"@type\":\"BreadcrumbList\",\"@id\":\"https:\/\/creaibiza.com\/producto\/calcare-tau\/#breadcrumb\",\"itemListElement\":[{\"@type\":\"ListItem\",\"position\":1,\"name\":\"Portada\",\"item\":\"https:\/\/creaibiza.com\/\"},{\"@type\":\"ListItem\",\"position\":2,\"name\":\"Tienda\",\"item\":\"https:\/\/creaibiza.com\/en\/tienda\/\"},{\"@type\":\"ListItem\",\"position\":3,\"name\":\"CALCARE TAU\"}]},{\"@type\":\"WebSite\",\"@id\":\"https:\/\/creaibiza.com\/#website\",\"url\":\"https:\/\/creaibiza.com\/\",\"name\":\"Crea Ibiza\",\"description\":\"Cer\u00e1mica, sanitarios y revestimientos de dise\u00f1o en Ibiza\",\"publisher\":{\"@id\":\"https:\/\/creaibiza.com\/#organization\"},\"potentialAction\":[{\"@type\":\"SearchAction\",\"target\":{\"@type\":\"EntryPoint\",\"urlTemplate\":\"https:\/\/creaibiza.com\/?s={search_term_string}\"},\"query-input\":{\"@type\":\"PropertyValueSpecification\",\"valueRequired\":true,\"valueName\":\"search_term_string\"}}],\"inLanguage\":\"en-GB\"},{\"@type\":\"Organization\",\"@id\":\"https:\/\/creaibiza.com\/#organization\",\"name\":\"Crea Ibiza\",\"url\":\"https:\/\/creaibiza.com\/\",\"logo\":{\"@type\":\"ImageObject\",\"inLanguage\":\"en-GB\",\"@id\":\"https:\/\/creaibiza.com\/#\/schema\/logo\/image\/\",\"url\":\"https:\/\/creaibiza.com\/wp-content\/uploads\/2024\/02\/cropped-logocrea-web.png\",\"contentUrl\":\"https:\/\/creaibiza.com\/wp-content\/uploads\/2024\/02\/cropped-logocrea-web.png\",\"width\":591,\"height\":210,\"caption\":\"Crea Ibiza\"},\"image\":{\"@id\":\"https:\/\/creaibiza.com\/#\/schema\/logo\/image\/\"},\"sameAs\":[\"https:\/\/www.facebook.com\/creaibiza\",\"https:\/\/www.instagram.com\/creaibiza\"]}]}<\/script>\n<!-- \/ Yoast SEO plugin. -->","yoast_head_json":{"title":"CALCARE TAU - Crea Ibiza","description":"Crea Ibiza - CALCARE TAU -","robots":{"index":"index","follow":"follow","max-snippet":"max-snippet:-1","max-image-preview":"max-image-preview:large","max-video-preview":"max-video-preview:-1"},"canonical":"https:\/\/creaibiza.com\/en\/product\/calcare-tau\/","og_locale":"en_GB","og_type":"article","og_title":"CALCARE TAU - Crea Ibiza","og_description":"Crea Ibiza - CALCARE TAU -","og_url":"https:\/\/creaibiza.com\/en\/product\/calcare-tau\/","og_site_name":"Crea Ibiza","article_publisher":"https:\/\/www.facebook.com\/creaibiza","article_modified_time":"2026-03-16T12:04:29+00:00","og_image":[{"width":1000,"height":700,"url":"https:\/\/creaibiza.com\/wp-content\/uploads\/2026\/02\/EEYB3307BI56610_1197_AMB_CALCARE_SAND_120X120_DORSET_LINEN_120X280_NORDICWOOD_UMBER_SZ5.jpg","type":"image\/jpeg"}],"twitter_card":"summary_large_image","twitter_misc":{"Estimated reading time":"1 minute"},"schema":{"@context":"https:\/\/schema.org","@graph":[{"@type":"WebPage","@id":"https:\/\/creaibiza.com\/producto\/calcare-tau\/","url":"https:\/\/creaibiza.com\/producto\/calcare-tau\/","name":"CALCARE TAU - Crea Ibiza","isPartOf":{"@id":"https:\/\/creaibiza.com\/#website"},"primaryImageOfPage":{"@id":"https:\/\/creaibiza.com\/producto\/calcare-tau\/#primaryimage"},"image":{"@id":"https:\/\/creaibiza.com\/producto\/calcare-tau\/#primaryimage"},"thumbnailUrl":"https:\/\/creaibiza.com\/wp-content\/uploads\/2026\/02\/EEYB3307BI56610_1197_AMB_CALCARE_SAND_120X120_DORSET_LINEN_120X280_NORDICWOOD_UMBER_SZ5.jpg","datePublished":"2026-02-16T13:34:14+00:00","dateModified":"2026-03-16T12:04:29+00:00","description":"Crea Ibiza - CALCARE TAU -","breadcrumb":{"@id":"https:\/\/creaibiza.com\/producto\/calcare-tau\/#breadcrumb"},"inLanguage":"en-GB","potentialAction":[{"@type":"ReadAction","target":["https:\/\/creaibiza.com\/producto\/calcare-tau\/"]}]},{"@type":"ImageObject","inLanguage":"en-GB","@id":"https:\/\/creaibiza.com\/producto\/calcare-tau\/#primaryimage","url":"https:\/\/creaibiza.com\/wp-content\/uploads\/2026\/02\/EEYB3307BI56610_1197_AMB_CALCARE_SAND_120X120_DORSET_LINEN_120X280_NORDICWOOD_UMBER_SZ5.jpg","contentUrl":"https:\/\/creaibiza.com\/wp-content\/uploads\/2026\/02\/EEYB3307BI56610_1197_AMB_CALCARE_SAND_120X120_DORSET_LINEN_120X280_NORDICWOOD_UMBER_SZ5.jpg","width":1000,"height":700},{"@type":"BreadcrumbList","@id":"https:\/\/creaibiza.com\/producto\/calcare-tau\/#breadcrumb","itemListElement":[{"@type":"ListItem","position":1,"name":"Portada","item":"https:\/\/creaibiza.com\/"},{"@type":"ListItem","position":2,"name":"Tienda","item":"https:\/\/creaibiza.com\/en\/tienda\/"},{"@type":"ListItem","position":3,"name":"CALCARE TAU"}]},{"@type":"WebSite","@id":"https:\/\/creaibiza.com\/#website","url":"https:\/\/creaibiza.com\/","name":"Create Ibiza","description":"Cer\u00e1mica, sanitarios y revestimientos de dise\u00f1o en Ibiza","publisher":{"@id":"https:\/\/creaibiza.com\/#organization"},"potentialAction":[{"@type":"SearchAction","target":{"@type":"EntryPoint","urlTemplate":"https:\/\/creaibiza.com\/?s={search_term_string}"},"query-input":{"@type":"PropertyValueSpecification","valueRequired":true,"valueName":"search_term_string"}}],"inLanguage":"en-GB"},{"@type":"Organization","@id":"https:\/\/creaibiza.com\/#organization","name":"Create Ibiza","url":"https:\/\/creaibiza.com\/","logo":{"@type":"ImageObject","inLanguage":"en-GB","@id":"https:\/\/creaibiza.com\/#\/schema\/logo\/image\/","url":"https:\/\/creaibiza.com\/wp-content\/uploads\/2024\/02\/cropped-logocrea-web.png","contentUrl":"https:\/\/creaibiza.com\/wp-content\/uploads\/2024\/02\/cropped-logocrea-web.png","width":591,"height":210,"caption":"Crea Ibiza"},"image":{"@id":"https:\/\/creaibiza.com\/#\/schema\/logo\/image\/"},"sameAs":["https:\/\/www.facebook.com\/creaibiza","https:\/\/www.instagram.com\/creaibiza"]}]}},"_links":{"self":[{"href":"https:\/\/creaibiza.com\/en\/wp-json\/wp\/v2\/product\/36102","targetHints":{"allow":["GET"]}}],"collection":[{"href":"https:\/\/creaibiza.com\/en\/wp-json\/wp\/v2\/product"}],"about":[{"href":"https:\/\/creaibiza.com\/en\/wp-json\/wp\/v2\/types\/product"}],"version-history":[{"count":2,"href":"https:\/\/creaibiza.com\/en\/wp-json\/wp\/v2\/product\/36102\/revisions"}],"predecessor-version":[{"id":36876,"href":"https:\/\/creaibiza.com\/en\/wp-json\/wp\/v2\/product\/36102\/revisions\/36876"}],"wp:featuredmedia":[{"embeddable":true,"href":"https:\/\/creaibiza.com\/en\/wp-json\/wp\/v2\/media\/36111"}],"wp:attachment":[{"href":"https:\/\/creaibiza.com\/en\/wp-json\/wp\/v2\/media?parent=36102"}],"wp:term":[{"taxonomy":"product_brand","embeddable":true,"href":"https:\/\/creaibiza.com\/en\/wp-json\/wp\/v2\/product_brand?post=36102"},{"taxonomy":"product_cat","embeddable":true,"href":"https:\/\/creaibiza.com\/en\/wp-json\/wp\/v2\/product_cat?post=36102"},{"taxonomy":"product_tag","embeddable":true,"href":"https:\/\/creaibiza.com\/en\/wp-json\/wp\/v2\/product_tag?post=36102"}],"curies":[{"name":"wp","href":"https:\/\/api.w.org\/{rel}","templated":true}]}}