{"id":34984,"date":"2025-02-13T21:09:56","date_gmt":"2025-02-13T20:09:56","guid":{"rendered":"https:\/\/creaibiza.com\/?post_type=product&#038;p=34984"},"modified":"2026-02-19T18:53:08","modified_gmt":"2026-02-19T17:53:08","slug":"osso-bottone","status":"publish","type":"product","link":"https:\/\/creaibiza.com\/en\/product\/osso-bottone\/","title":{"rendered":"OSSO &#038; BOTTONE"},"content":{"rendered":"<p>Osso &amp; Bottone es la primera colecci\u00f3n de Mutina destinada expl\u00edcitamente para ambientes al aire libre, pero tambi\u00e9n funciona perfectamente interior.<\/p>\n<p>Se utiliza para cubrir suelos exteriores. La investigaci\u00f3n tuvo como objetivo<br \/>\nidentificar un acabado que, adem\u00e1s de cumplir con los requisitos t\u00e9cnicos para suelos de exterior, tambi\u00e9n asegur\u00f3 una apariencia agradable adecuada para interiores solicitud.<\/p>","protected":false},"excerpt":{"rendered":"<p>Osso est\u00e1 disponible en dos tama\u00f1os: Osso L, de 7,5&#215;23,1 cm, y Osso S,<br \/>\nde 3&#215;27,5 cm, ambos de 10 mm de espesor cada uno.<\/p>\n<p>Bottone est\u00e1 disponible en dos tama\u00f1os: Bottone L, de 7,5&#215;32,1 cm, y Bottone S, de 3&#215;27,5 cm, ambos de 10 mm de espesor cada uno.<\/p>","protected":false},"featured_media":35041,"template":"","meta":{"_acf_changed":false},"product_brand":[381],"product_cat":[317,186,1630,116,113,999],"product_tag":[2169,1352,1353],"class_list":{"0":"post-34984","1":"product","2":"type-product","3":"status-publish","4":"has-post-thumbnail","6":"product_brand-mutina","7":"product_cat-cemento","8":"product_cat-decorados","9":"product_cat-decorados-pavimento","10":"product_cat-pavimento","11":"product_cat-revestimiento","12":"product_cat-cementos","13":"product_tag-decoracion","14":"product_tag-pavimento","15":"product_tag-revestimiento","17":"first","18":"instock","19":"taxable","20":"shipping-taxable","21":"purchasable","22":"product-type-variable"},"acf":[],"yoast_head":"<!-- This site is optimized with the Yoast SEO plugin v27.2 - https:\/\/yoast.com\/product\/yoast-seo-wordpress\/ -->\n<title>OSSO &amp; BOTTONE - Crea Ibiza<\/title>\n<meta name=\"description\" content=\"Crea Ibiza - OSSO &amp; BOTTONE -\" \/>\n<meta name=\"robots\" content=\"index, follow, max-snippet:-1, max-image-preview:large, max-video-preview:-1\" \/>\n<link rel=\"canonical\" href=\"https:\/\/creaibiza.com\/en\/product\/osso-bottone\/\" \/>\n<meta property=\"og:locale\" content=\"en_GB\" \/>\n<meta property=\"og:type\" content=\"article\" \/>\n<meta property=\"og:title\" content=\"OSSO &amp; BOTTONE - Crea Ibiza\" \/>\n<meta property=\"og:description\" content=\"Crea Ibiza - OSSO &amp; BOTTONE -\" \/>\n<meta property=\"og:url\" content=\"https:\/\/creaibiza.com\/en\/product\/osso-bottone\/\" \/>\n<meta property=\"og:site_name\" content=\"Crea Ibiza\" \/>\n<meta property=\"article:publisher\" content=\"https:\/\/www.facebook.com\/creaibiza\" \/>\n<meta property=\"article:modified_time\" content=\"2026-02-19T17:53:08+00:00\" \/>\n<meta property=\"og:image\" content=\"https:\/\/creaibiza.com\/wp-content\/uploads\/2025\/02\/Pic_240129_Mutina270298_retph_Gerhardt_Kellermann.jpg\" \/>\n\t<meta property=\"og:image:width\" content=\"1440\" \/>\n\t<meta property=\"og:image:height\" content=\"1920\" \/>\n\t<meta property=\"og:image:type\" content=\"image\/jpeg\" \/>\n<meta name=\"twitter:card\" content=\"summary_large_image\" \/>\n<meta name=\"twitter:label1\" content=\"Estimated reading time\" \/>\n\t<meta name=\"twitter:data1\" content=\"1 minute\" \/>\n<script type=\"application\/ld+json\" class=\"yoast-schema-graph\">{\"@context\":\"https:\/\/schema.org\",\"@graph\":[{\"@type\":\"WebPage\",\"@id\":\"https:\/\/creaibiza.com\/producto\/osso-bottone\/\",\"url\":\"https:\/\/creaibiza.com\/producto\/osso-bottone\/\",\"name\":\"OSSO & BOTTONE - Crea Ibiza\",\"isPartOf\":{\"@id\":\"https:\/\/creaibiza.com\/#website\"},\"primaryImageOfPage\":{\"@id\":\"https:\/\/creaibiza.com\/producto\/osso-bottone\/#primaryimage\"},\"image\":{\"@id\":\"https:\/\/creaibiza.com\/producto\/osso-bottone\/#primaryimage\"},\"thumbnailUrl\":\"https:\/\/creaibiza.com\/wp-content\/uploads\/2025\/02\/Pic_240129_Mutina270298_retph_Gerhardt_Kellermann.jpg\",\"datePublished\":\"2025-02-13T20:09:56+00:00\",\"dateModified\":\"2026-02-19T17:53:08+00:00\",\"description\":\"Crea Ibiza - OSSO & BOTTONE -\",\"breadcrumb\":{\"@id\":\"https:\/\/creaibiza.com\/producto\/osso-bottone\/#breadcrumb\"},\"inLanguage\":\"en-GB\",\"potentialAction\":[{\"@type\":\"ReadAction\",\"target\":[\"https:\/\/creaibiza.com\/producto\/osso-bottone\/\"]}]},{\"@type\":\"ImageObject\",\"inLanguage\":\"en-GB\",\"@id\":\"https:\/\/creaibiza.com\/producto\/osso-bottone\/#primaryimage\",\"url\":\"https:\/\/creaibiza.com\/wp-content\/uploads\/2025\/02\/Pic_240129_Mutina270298_retph_Gerhardt_Kellermann.jpg\",\"contentUrl\":\"https:\/\/creaibiza.com\/wp-content\/uploads\/2025\/02\/Pic_240129_Mutina270298_retph_Gerhardt_Kellermann.jpg\",\"width\":1440,\"height\":1920},{\"@type\":\"BreadcrumbList\",\"@id\":\"https:\/\/creaibiza.com\/producto\/osso-bottone\/#breadcrumb\",\"itemListElement\":[{\"@type\":\"ListItem\",\"position\":1,\"name\":\"Portada\",\"item\":\"https:\/\/creaibiza.com\/\"},{\"@type\":\"ListItem\",\"position\":2,\"name\":\"Tienda\",\"item\":\"https:\/\/creaibiza.com\/en\/tienda\/\"},{\"@type\":\"ListItem\",\"position\":3,\"name\":\"OSSO &#038; BOTTONE\"}]},{\"@type\":\"WebSite\",\"@id\":\"https:\/\/creaibiza.com\/#website\",\"url\":\"https:\/\/creaibiza.com\/\",\"name\":\"Crea Ibiza\",\"description\":\"Cer\u00e1mica, sanitarios y revestimientos de dise\u00f1o en Ibiza\",\"publisher\":{\"@id\":\"https:\/\/creaibiza.com\/#organization\"},\"potentialAction\":[{\"@type\":\"SearchAction\",\"target\":{\"@type\":\"EntryPoint\",\"urlTemplate\":\"https:\/\/creaibiza.com\/?s={search_term_string}\"},\"query-input\":{\"@type\":\"PropertyValueSpecification\",\"valueRequired\":true,\"valueName\":\"search_term_string\"}}],\"inLanguage\":\"en-GB\"},{\"@type\":\"Organization\",\"@id\":\"https:\/\/creaibiza.com\/#organization\",\"name\":\"Crea Ibiza\",\"url\":\"https:\/\/creaibiza.com\/\",\"logo\":{\"@type\":\"ImageObject\",\"inLanguage\":\"en-GB\",\"@id\":\"https:\/\/creaibiza.com\/#\/schema\/logo\/image\/\",\"url\":\"https:\/\/creaibiza.com\/wp-content\/uploads\/2024\/02\/cropped-logocrea-web.png\",\"contentUrl\":\"https:\/\/creaibiza.com\/wp-content\/uploads\/2024\/02\/cropped-logocrea-web.png\",\"width\":591,\"height\":210,\"caption\":\"Crea Ibiza\"},\"image\":{\"@id\":\"https:\/\/creaibiza.com\/#\/schema\/logo\/image\/\"},\"sameAs\":[\"https:\/\/www.facebook.com\/creaibiza\",\"https:\/\/www.instagram.com\/creaibiza\"]}]}<\/script>\n<!-- \/ Yoast SEO plugin. -->","yoast_head_json":{"title":"OSSO & BOTTONE - Crea Ibiza","description":"Crea Ibiza - OSSO & BOTTONE -","robots":{"index":"index","follow":"follow","max-snippet":"max-snippet:-1","max-image-preview":"max-image-preview:large","max-video-preview":"max-video-preview:-1"},"canonical":"https:\/\/creaibiza.com\/en\/product\/osso-bottone\/","og_locale":"en_GB","og_type":"article","og_title":"OSSO & BOTTONE - Crea Ibiza","og_description":"Crea Ibiza - OSSO & BOTTONE -","og_url":"https:\/\/creaibiza.com\/en\/product\/osso-bottone\/","og_site_name":"Crea Ibiza","article_publisher":"https:\/\/www.facebook.com\/creaibiza","article_modified_time":"2026-02-19T17:53:08+00:00","og_image":[{"width":1440,"height":1920,"url":"https:\/\/creaibiza.com\/wp-content\/uploads\/2025\/02\/Pic_240129_Mutina270298_retph_Gerhardt_Kellermann.jpg","type":"image\/jpeg"}],"twitter_card":"summary_large_image","twitter_misc":{"Estimated reading time":"1 minute"},"schema":{"@context":"https:\/\/schema.org","@graph":[{"@type":"WebPage","@id":"https:\/\/creaibiza.com\/producto\/osso-bottone\/","url":"https:\/\/creaibiza.com\/producto\/osso-bottone\/","name":"OSSO & BOTTONE - Crea Ibiza","isPartOf":{"@id":"https:\/\/creaibiza.com\/#website"},"primaryImageOfPage":{"@id":"https:\/\/creaibiza.com\/producto\/osso-bottone\/#primaryimage"},"image":{"@id":"https:\/\/creaibiza.com\/producto\/osso-bottone\/#primaryimage"},"thumbnailUrl":"https:\/\/creaibiza.com\/wp-content\/uploads\/2025\/02\/Pic_240129_Mutina270298_retph_Gerhardt_Kellermann.jpg","datePublished":"2025-02-13T20:09:56+00:00","dateModified":"2026-02-19T17:53:08+00:00","description":"Crea Ibiza - OSSO & BOTTONE -","breadcrumb":{"@id":"https:\/\/creaibiza.com\/producto\/osso-bottone\/#breadcrumb"},"inLanguage":"en-GB","potentialAction":[{"@type":"ReadAction","target":["https:\/\/creaibiza.com\/producto\/osso-bottone\/"]}]},{"@type":"ImageObject","inLanguage":"en-GB","@id":"https:\/\/creaibiza.com\/producto\/osso-bottone\/#primaryimage","url":"https:\/\/creaibiza.com\/wp-content\/uploads\/2025\/02\/Pic_240129_Mutina270298_retph_Gerhardt_Kellermann.jpg","contentUrl":"https:\/\/creaibiza.com\/wp-content\/uploads\/2025\/02\/Pic_240129_Mutina270298_retph_Gerhardt_Kellermann.jpg","width":1440,"height":1920},{"@type":"BreadcrumbList","@id":"https:\/\/creaibiza.com\/producto\/osso-bottone\/#breadcrumb","itemListElement":[{"@type":"ListItem","position":1,"name":"Portada","item":"https:\/\/creaibiza.com\/"},{"@type":"ListItem","position":2,"name":"Tienda","item":"https:\/\/creaibiza.com\/en\/tienda\/"},{"@type":"ListItem","position":3,"name":"OSSO &#038; BOTTONE"}]},{"@type":"WebSite","@id":"https:\/\/creaibiza.com\/#website","url":"https:\/\/creaibiza.com\/","name":"Create Ibiza","description":"Cer\u00e1mica, sanitarios y revestimientos de dise\u00f1o en Ibiza","publisher":{"@id":"https:\/\/creaibiza.com\/#organization"},"potentialAction":[{"@type":"SearchAction","target":{"@type":"EntryPoint","urlTemplate":"https:\/\/creaibiza.com\/?s={search_term_string}"},"query-input":{"@type":"PropertyValueSpecification","valueRequired":true,"valueName":"search_term_string"}}],"inLanguage":"en-GB"},{"@type":"Organization","@id":"https:\/\/creaibiza.com\/#organization","name":"Create Ibiza","url":"https:\/\/creaibiza.com\/","logo":{"@type":"ImageObject","inLanguage":"en-GB","@id":"https:\/\/creaibiza.com\/#\/schema\/logo\/image\/","url":"https:\/\/creaibiza.com\/wp-content\/uploads\/2024\/02\/cropped-logocrea-web.png","contentUrl":"https:\/\/creaibiza.com\/wp-content\/uploads\/2024\/02\/cropped-logocrea-web.png","width":591,"height":210,"caption":"Crea Ibiza"},"image":{"@id":"https:\/\/creaibiza.com\/#\/schema\/logo\/image\/"},"sameAs":["https:\/\/www.facebook.com\/creaibiza","https:\/\/www.instagram.com\/creaibiza"]}]}},"_links":{"self":[{"href":"https:\/\/creaibiza.com\/en\/wp-json\/wp\/v2\/product\/34984","targetHints":{"allow":["GET"]}}],"collection":[{"href":"https:\/\/creaibiza.com\/en\/wp-json\/wp\/v2\/product"}],"about":[{"href":"https:\/\/creaibiza.com\/en\/wp-json\/wp\/v2\/types\/product"}],"version-history":[{"count":1,"href":"https:\/\/creaibiza.com\/en\/wp-json\/wp\/v2\/product\/34984\/revisions"}],"predecessor-version":[{"id":34989,"href":"https:\/\/creaibiza.com\/en\/wp-json\/wp\/v2\/product\/34984\/revisions\/34989"}],"wp:featuredmedia":[{"embeddable":true,"href":"https:\/\/creaibiza.com\/en\/wp-json\/wp\/v2\/media\/35041"}],"wp:attachment":[{"href":"https:\/\/creaibiza.com\/en\/wp-json\/wp\/v2\/media?parent=34984"}],"wp:term":[{"taxonomy":"product_brand","embeddable":true,"href":"https:\/\/creaibiza.com\/en\/wp-json\/wp\/v2\/product_brand?post=34984"},{"taxonomy":"product_cat","embeddable":true,"href":"https:\/\/creaibiza.com\/en\/wp-json\/wp\/v2\/product_cat?post=34984"},{"taxonomy":"product_tag","embeddable":true,"href":"https:\/\/creaibiza.com\/en\/wp-json\/wp\/v2\/product_tag?post=34984"}],"curies":[{"name":"wp","href":"https:\/\/api.w.org\/{rel}","templated":true}]}}