{"id":34596,"date":"2024-12-13T12:52:16","date_gmt":"2024-12-13T11:52:16","guid":{"rendered":"https:\/\/creaibiza.com\/?post_type=product&#038;p=34596"},"modified":"2026-02-16T14:42:54","modified_gmt":"2026-02-16T13:42:54","slug":"blanc-lithotech","status":"publish","type":"product","link":"https:\/\/creaibiza.com\/en\/product\/blanc-lithotech\/","title":{"rendered":"BLANC LITHOTECH"},"content":{"rendered":"<p>Disponible tambi\u00e9n con refuerzo de malla de fibra de vidrio, espesor total de 1,27 cm.<\/p>\n<p>* Dimensiones nominales indicativas de la tabla en bruto. Pesos indicados con car\u00e1cter indicativo.<\/p>\n<p>En Lithotech apostamos por el gran formato debido a sus m\u00faltiples ventajas tanto en el plano arquitect\u00f3nico como en el \u00e1mbito del dise\u00f1o. Las dimensiones de 324\u00d7160 cm son nominales indicativas de la tabla sin rectificar. Estas dimensiones permiten que, una vez saneada la pieza, se respete una superficie \u00fatil de trabajo de 320\u00d7156 cm. Dependiendo del tipo de color y de la f\u00f3rmula empleada para fabricar Lithotech es posible que la superficie \u00fatil sea mayor a la indicada.<\/p>\n<p>La colecci\u00f3n de m\u00e1rmol Blanc representa la pureza mediante tonalidades claras, de gran valor escult\u00f3rico, el m\u00e1rmol es sin\u00f3nimo de belleza y elegancia natural. Se presentan dise\u00f1os cer\u00e1micos en acabado mate, mostrando el selecto gusto y ofreciendo as\u00ed diferentes tipos de m\u00e1rmoles en base a una \u00fanica y distinguida tonalidad. Blanc es la fiel representaci\u00f3n de la elegancia del m\u00e1rmol, aportando lo mejor de la piedra con un acabado e imagen fiel a las piezas naturales. Proporciona adicionalmente una mejora excepcional en sus caracter\u00edsticas t\u00e9cnicas, obteniendo como resultado una pieza fina sin las imperfecciones propias de una piedra com\u00fan con impurezas.<\/p>","protected":false},"excerpt":{"rendered":"<p>Productos naturales<\/p>\n<p>En Lithotech abogamos por un proceso de producci\u00f3n con el m\u00ednimo impacto en la naturaleza. Por ello, seleccionamos materias primas naturales que no entra\u00f1e ning\u00fan riesgo para la salud de las personas y para el medio ambiente.<\/p>\n<p>Nula porosidad<\/p>\n<p>Al crear una superficie sin poros, nuestro material es altamente resistente a las bacterias. Por tanto, Lithotech\u00ae contribuye al mantenimiento de la higiene ambiental.<\/p>\n<p>100% reciclable<\/p>\n<p>Los materiales empleados para la fabricaci\u00f3n de Lithotech\u00ae son 100% reciclables, lo que asegura una utilizaci\u00f3n sostenible de de recursos y un bajo impacto ambiental.<\/p>","protected":false},"featured_media":34597,"template":"","meta":{"_acf_changed":false},"product_brand":[],"product_cat":[2177],"product_tag":[2175,2174,2176],"class_list":{"0":"post-34596","1":"product","2":"type-product","3":"status-publish","4":"has-post-thumbnail","6":"product_cat-cocinas-2","7":"product_tag-cocina","8":"product_tag-encimeras","9":"product_tag-lavabos","11":"first","12":"instock","13":"taxable","14":"shipping-taxable","15":"product-type-simple"},"acf":[],"yoast_head":"<!-- This site is optimized with the Yoast SEO plugin v27.2 - https:\/\/yoast.com\/product\/yoast-seo-wordpress\/ -->\n<title>BLANC LITHOTECH - Crea Ibiza<\/title>\n<meta name=\"description\" content=\"Crea Ibiza - BLANC LITHOTECH - La colecci\u00f3n de m\u00e1rmol Blanc representa la pureza mediante tonalidades claras, el m\u00e1rmol es sin\u00f3nimo de belleza.\" \/>\n<meta name=\"robots\" content=\"index, follow, max-snippet:-1, max-image-preview:large, max-video-preview:-1\" \/>\n<link rel=\"canonical\" href=\"https:\/\/creaibiza.com\/en\/product\/blanc-lithotech\/\" \/>\n<meta property=\"og:locale\" content=\"en_GB\" \/>\n<meta property=\"og:type\" content=\"article\" \/>\n<meta property=\"og:title\" content=\"BLANC LITHOTECH - Crea Ibiza\" \/>\n<meta property=\"og:description\" content=\"Crea Ibiza - BLANC LITHOTECH - La colecci\u00f3n de m\u00e1rmol Blanc representa la pureza mediante tonalidades claras, el m\u00e1rmol es sin\u00f3nimo de belleza.\" \/>\n<meta property=\"og:url\" content=\"https:\/\/creaibiza.com\/en\/product\/blanc-lithotech\/\" \/>\n<meta property=\"og:site_name\" content=\"Crea Ibiza\" \/>\n<meta property=\"article:publisher\" content=\"https:\/\/www.facebook.com\/creaibiza\" \/>\n<meta property=\"article:modified_time\" content=\"2026-02-16T13:42:54+00:00\" \/>\n<meta property=\"og:image\" content=\"https:\/\/creaibiza.com\/wp-content\/uploads\/2024\/12\/blanc-arabescato.png\" \/>\n\t<meta property=\"og:image:width\" content=\"1000\" \/>\n\t<meta property=\"og:image:height\" content=\"459\" \/>\n\t<meta property=\"og:image:type\" content=\"image\/png\" \/>\n<meta name=\"twitter:card\" content=\"summary_large_image\" \/>\n<meta name=\"twitter:label1\" content=\"Estimated reading time\" \/>\n\t<meta name=\"twitter:data1\" content=\"2 minutes\" \/>\n<script type=\"application\/ld+json\" class=\"yoast-schema-graph\">{\"@context\":\"https:\/\/schema.org\",\"@graph\":[{\"@type\":\"WebPage\",\"@id\":\"https:\/\/creaibiza.com\/producto\/blanc-lithotech\/\",\"url\":\"https:\/\/creaibiza.com\/producto\/blanc-lithotech\/\",\"name\":\"BLANC LITHOTECH - Crea Ibiza\",\"isPartOf\":{\"@id\":\"https:\/\/creaibiza.com\/#website\"},\"primaryImageOfPage\":{\"@id\":\"https:\/\/creaibiza.com\/producto\/blanc-lithotech\/#primaryimage\"},\"image\":{\"@id\":\"https:\/\/creaibiza.com\/producto\/blanc-lithotech\/#primaryimage\"},\"thumbnailUrl\":\"https:\/\/creaibiza.com\/wp-content\/uploads\/2024\/12\/blanc-arabescato.png\",\"datePublished\":\"2024-12-13T11:52:16+00:00\",\"dateModified\":\"2026-02-16T13:42:54+00:00\",\"description\":\"Crea Ibiza - BLANC LITHOTECH - La colecci\u00f3n de m\u00e1rmol Blanc representa la pureza mediante tonalidades claras, el m\u00e1rmol es sin\u00f3nimo de belleza.\",\"breadcrumb\":{\"@id\":\"https:\/\/creaibiza.com\/producto\/blanc-lithotech\/#breadcrumb\"},\"inLanguage\":\"en-GB\",\"potentialAction\":[{\"@type\":\"ReadAction\",\"target\":[\"https:\/\/creaibiza.com\/producto\/blanc-lithotech\/\"]}]},{\"@type\":\"ImageObject\",\"inLanguage\":\"en-GB\",\"@id\":\"https:\/\/creaibiza.com\/producto\/blanc-lithotech\/#primaryimage\",\"url\":\"https:\/\/creaibiza.com\/wp-content\/uploads\/2024\/12\/blanc-arabescato.png\",\"contentUrl\":\"https:\/\/creaibiza.com\/wp-content\/uploads\/2024\/12\/blanc-arabescato.png\",\"width\":1000,\"height\":459},{\"@type\":\"BreadcrumbList\",\"@id\":\"https:\/\/creaibiza.com\/producto\/blanc-lithotech\/#breadcrumb\",\"itemListElement\":[{\"@type\":\"ListItem\",\"position\":1,\"name\":\"Portada\",\"item\":\"https:\/\/creaibiza.com\/\"},{\"@type\":\"ListItem\",\"position\":2,\"name\":\"Tienda\",\"item\":\"https:\/\/creaibiza.com\/en\/tienda\/\"},{\"@type\":\"ListItem\",\"position\":3,\"name\":\"BLANC LITHOTECH\"}]},{\"@type\":\"WebSite\",\"@id\":\"https:\/\/creaibiza.com\/#website\",\"url\":\"https:\/\/creaibiza.com\/\",\"name\":\"Crea Ibiza\",\"description\":\"Cer\u00e1mica, sanitarios y revestimientos de dise\u00f1o en Ibiza\",\"publisher\":{\"@id\":\"https:\/\/creaibiza.com\/#organization\"},\"potentialAction\":[{\"@type\":\"SearchAction\",\"target\":{\"@type\":\"EntryPoint\",\"urlTemplate\":\"https:\/\/creaibiza.com\/?s={search_term_string}\"},\"query-input\":{\"@type\":\"PropertyValueSpecification\",\"valueRequired\":true,\"valueName\":\"search_term_string\"}}],\"inLanguage\":\"en-GB\"},{\"@type\":\"Organization\",\"@id\":\"https:\/\/creaibiza.com\/#organization\",\"name\":\"Crea Ibiza\",\"url\":\"https:\/\/creaibiza.com\/\",\"logo\":{\"@type\":\"ImageObject\",\"inLanguage\":\"en-GB\",\"@id\":\"https:\/\/creaibiza.com\/#\/schema\/logo\/image\/\",\"url\":\"https:\/\/creaibiza.com\/wp-content\/uploads\/2024\/02\/cropped-logocrea-web.png\",\"contentUrl\":\"https:\/\/creaibiza.com\/wp-content\/uploads\/2024\/02\/cropped-logocrea-web.png\",\"width\":591,\"height\":210,\"caption\":\"Crea Ibiza\"},\"image\":{\"@id\":\"https:\/\/creaibiza.com\/#\/schema\/logo\/image\/\"},\"sameAs\":[\"https:\/\/www.facebook.com\/creaibiza\",\"https:\/\/www.instagram.com\/creaibiza\"]}]}<\/script>\n<!-- \/ Yoast SEO plugin. -->","yoast_head_json":{"title":"BLANC LITHOTECH - Crea Ibiza","description":"Crea Ibiza - BLANC LITHOTECH - La colecci\u00f3n de m\u00e1rmol Blanc representa la pureza mediante tonalidades claras, el m\u00e1rmol es sin\u00f3nimo de belleza.","robots":{"index":"index","follow":"follow","max-snippet":"max-snippet:-1","max-image-preview":"max-image-preview:large","max-video-preview":"max-video-preview:-1"},"canonical":"https:\/\/creaibiza.com\/en\/product\/blanc-lithotech\/","og_locale":"en_GB","og_type":"article","og_title":"BLANC LITHOTECH - Crea Ibiza","og_description":"Crea Ibiza - BLANC LITHOTECH - La colecci\u00f3n de m\u00e1rmol Blanc representa la pureza mediante tonalidades claras, el m\u00e1rmol es sin\u00f3nimo de belleza.","og_url":"https:\/\/creaibiza.com\/en\/product\/blanc-lithotech\/","og_site_name":"Crea Ibiza","article_publisher":"https:\/\/www.facebook.com\/creaibiza","article_modified_time":"2026-02-16T13:42:54+00:00","og_image":[{"width":1000,"height":459,"url":"https:\/\/creaibiza.com\/wp-content\/uploads\/2024\/12\/blanc-arabescato.png","type":"image\/png"}],"twitter_card":"summary_large_image","twitter_misc":{"Estimated reading time":"2 minutes"},"schema":{"@context":"https:\/\/schema.org","@graph":[{"@type":"WebPage","@id":"https:\/\/creaibiza.com\/producto\/blanc-lithotech\/","url":"https:\/\/creaibiza.com\/producto\/blanc-lithotech\/","name":"BLANC LITHOTECH - Crea Ibiza","isPartOf":{"@id":"https:\/\/creaibiza.com\/#website"},"primaryImageOfPage":{"@id":"https:\/\/creaibiza.com\/producto\/blanc-lithotech\/#primaryimage"},"image":{"@id":"https:\/\/creaibiza.com\/producto\/blanc-lithotech\/#primaryimage"},"thumbnailUrl":"https:\/\/creaibiza.com\/wp-content\/uploads\/2024\/12\/blanc-arabescato.png","datePublished":"2024-12-13T11:52:16+00:00","dateModified":"2026-02-16T13:42:54+00:00","description":"Crea Ibiza - BLANC LITHOTECH - La colecci\u00f3n de m\u00e1rmol Blanc representa la pureza mediante tonalidades claras, el m\u00e1rmol es sin\u00f3nimo de belleza.","breadcrumb":{"@id":"https:\/\/creaibiza.com\/producto\/blanc-lithotech\/#breadcrumb"},"inLanguage":"en-GB","potentialAction":[{"@type":"ReadAction","target":["https:\/\/creaibiza.com\/producto\/blanc-lithotech\/"]}]},{"@type":"ImageObject","inLanguage":"en-GB","@id":"https:\/\/creaibiza.com\/producto\/blanc-lithotech\/#primaryimage","url":"https:\/\/creaibiza.com\/wp-content\/uploads\/2024\/12\/blanc-arabescato.png","contentUrl":"https:\/\/creaibiza.com\/wp-content\/uploads\/2024\/12\/blanc-arabescato.png","width":1000,"height":459},{"@type":"BreadcrumbList","@id":"https:\/\/creaibiza.com\/producto\/blanc-lithotech\/#breadcrumb","itemListElement":[{"@type":"ListItem","position":1,"name":"Portada","item":"https:\/\/creaibiza.com\/"},{"@type":"ListItem","position":2,"name":"Tienda","item":"https:\/\/creaibiza.com\/en\/tienda\/"},{"@type":"ListItem","position":3,"name":"BLANC LITHOTECH"}]},{"@type":"WebSite","@id":"https:\/\/creaibiza.com\/#website","url":"https:\/\/creaibiza.com\/","name":"Create Ibiza","description":"Cer\u00e1mica, sanitarios y revestimientos de dise\u00f1o en Ibiza","publisher":{"@id":"https:\/\/creaibiza.com\/#organization"},"potentialAction":[{"@type":"SearchAction","target":{"@type":"EntryPoint","urlTemplate":"https:\/\/creaibiza.com\/?s={search_term_string}"},"query-input":{"@type":"PropertyValueSpecification","valueRequired":true,"valueName":"search_term_string"}}],"inLanguage":"en-GB"},{"@type":"Organization","@id":"https:\/\/creaibiza.com\/#organization","name":"Create Ibiza","url":"https:\/\/creaibiza.com\/","logo":{"@type":"ImageObject","inLanguage":"en-GB","@id":"https:\/\/creaibiza.com\/#\/schema\/logo\/image\/","url":"https:\/\/creaibiza.com\/wp-content\/uploads\/2024\/02\/cropped-logocrea-web.png","contentUrl":"https:\/\/creaibiza.com\/wp-content\/uploads\/2024\/02\/cropped-logocrea-web.png","width":591,"height":210,"caption":"Crea Ibiza"},"image":{"@id":"https:\/\/creaibiza.com\/#\/schema\/logo\/image\/"},"sameAs":["https:\/\/www.facebook.com\/creaibiza","https:\/\/www.instagram.com\/creaibiza"]}]}},"_links":{"self":[{"href":"https:\/\/creaibiza.com\/en\/wp-json\/wp\/v2\/product\/34596","targetHints":{"allow":["GET"]}}],"collection":[{"href":"https:\/\/creaibiza.com\/en\/wp-json\/wp\/v2\/product"}],"about":[{"href":"https:\/\/creaibiza.com\/en\/wp-json\/wp\/v2\/types\/product"}],"version-history":[{"count":4,"href":"https:\/\/creaibiza.com\/en\/wp-json\/wp\/v2\/product\/34596\/revisions"}],"predecessor-version":[{"id":34617,"href":"https:\/\/creaibiza.com\/en\/wp-json\/wp\/v2\/product\/34596\/revisions\/34617"}],"wp:featuredmedia":[{"embeddable":true,"href":"https:\/\/creaibiza.com\/en\/wp-json\/wp\/v2\/media\/34597"}],"wp:attachment":[{"href":"https:\/\/creaibiza.com\/en\/wp-json\/wp\/v2\/media?parent=34596"}],"wp:term":[{"taxonomy":"product_brand","embeddable":true,"href":"https:\/\/creaibiza.com\/en\/wp-json\/wp\/v2\/product_brand?post=34596"},{"taxonomy":"product_cat","embeddable":true,"href":"https:\/\/creaibiza.com\/en\/wp-json\/wp\/v2\/product_cat?post=34596"},{"taxonomy":"product_tag","embeddable":true,"href":"https:\/\/creaibiza.com\/en\/wp-json\/wp\/v2\/product_tag?post=34596"}],"curies":[{"name":"wp","href":"https:\/\/api.w.org\/{rel}","templated":true}]}}