{"id":34578,"date":"2024-12-13T12:10:06","date_gmt":"2024-12-13T11:10:06","guid":{"rendered":"https:\/\/creaibiza.com\/?post_type=product&#038;p=34578"},"modified":"2024-12-13T13:04:47","modified_gmt":"2024-12-13T12:04:47","slug":"bera-beren-lithotech","status":"publish","type":"product","link":"https:\/\/creaibiza.com\/en\/product\/bera-beren-lithotech\/","title":{"rendered":"BERA BEREN LITHOTECH"},"content":{"rendered":"<p>Disponible tambi\u00e9n con refuerzo de malla de fibra de vidrio, espesor total de 1,27 cm.<\/p>\n<p>* Dimensiones nominales indicativas de la tabla en bruto. Pesos indicados con car\u00e1cter indicativo.<\/p>\n<p>En Lithotech apostamos por el gran formato debido a sus m\u00faltiples ventajas tanto en el plano arquitect\u00f3nico como en el \u00e1mbito del dise\u00f1o. Las dimensiones de 324\u00d7160 cm son nominales indicativas de la tabla sin rectificar. Estas dimensiones permiten que, una vez saneada la pieza, se respete una superficie \u00fatil de trabajo de 320\u00d7156 cm. Dependiendo del tipo de color y de la f\u00f3rmula empleada para fabricar Lithotech es posible que la superficie \u00fatil sea mayor a la indicada.<\/p>\n<p>La colecci\u00f3n Bera&#038;Beren de revestimiento y pavimento cer\u00e1mico se inspira en la piedra caliza con dos acabados: Semi mate y homog\u00e9neo para Bera y acabado mate con brillo atenuado en las zonas granuladas para Beren.<\/p>\n<p>Gracias a su equilibrio est\u00e9tico, Bera&#038;Beren se ha convertido en una de las series indispensables dentro de nuestras Contemporary Mixture Surfaces. Acabado natural realista, ocho colores atemporales y versatilidad tanto en formatos como en acabados, Bera&#038;Beren es frecuentemente la elegida para proyectos que buscan un interiorismo conectado con el entorno, as\u00ed como para residenciales que buscan continuidad entre el interior y el exterior en un material de acabado p\u00e9treo. Disponible en gran formato de hasta 120x270cm, espesorado de 20mm y revestimiento Ductile\u00ae de 6mm y gran formato, Bera&#038;Beren es una de las colecciones con las que podr\u00e1s hacer realidad cualquier proyecto.<\/p>","protected":false},"excerpt":{"rendered":"<p>Productos naturales<\/p>\n<p>En Lithotech abogamos por un proceso de producci\u00f3n con el m\u00ednimo impacto en la naturaleza. Por ello, seleccionamos materias primas naturales que no entra\u00f1e ning\u00fan riesgo para la salud de las personas y para el medio ambiente.<\/p>\n<p>Nula porosidad<\/p>\n<p>Al crear una superficie sin poros, nuestro material es altamente resistente a las bacterias. Por tanto, Lithotech\u00ae contribuye al mantenimiento de la higiene ambiental.<\/p>\n<p>100% reciclable<\/p>\n<p>Los materiales empleados para la fabricaci\u00f3n de Lithotech\u00ae son 100% reciclables, lo que asegura una utilizaci\u00f3n sostenible de de recursos y un bajo impacto ambiental.<\/p>","protected":false},"featured_media":34579,"template":"","meta":{"_acf_changed":false},"product_brand":[],"product_cat":[2177],"product_tag":[2175,2174,2176],"class_list":{"0":"post-34578","1":"product","2":"type-product","3":"status-publish","4":"has-post-thumbnail","6":"product_cat-cocinas-2","7":"product_tag-cocina","8":"product_tag-encimeras","9":"product_tag-lavabos","11":"first","12":"instock","13":"taxable","14":"shipping-taxable","15":"product-type-simple"},"acf":[],"yoast_head":"<!-- This site is optimized with the Yoast SEO plugin v27.2 - https:\/\/yoast.com\/product\/yoast-seo-wordpress\/ -->\n<title>BERA BEREN LITHOTECH - Crea Ibiza<\/title>\n<meta name=\"description\" content=\"Crea Ibiza - BERA BEREN LITHOTECH -\" \/>\n<meta name=\"robots\" content=\"index, follow, max-snippet:-1, max-image-preview:large, max-video-preview:-1\" \/>\n<link rel=\"canonical\" href=\"https:\/\/creaibiza.com\/en\/product\/bera-beren-lithotech\/\" \/>\n<meta property=\"og:locale\" content=\"en_GB\" \/>\n<meta property=\"og:type\" content=\"article\" \/>\n<meta property=\"og:title\" content=\"BERA BEREN LITHOTECH - Crea Ibiza\" \/>\n<meta property=\"og:description\" content=\"Crea Ibiza - BERA BEREN LITHOTECH -\" \/>\n<meta property=\"og:url\" content=\"https:\/\/creaibiza.com\/en\/product\/bera-beren-lithotech\/\" \/>\n<meta property=\"og:site_name\" content=\"Crea Ibiza\" \/>\n<meta property=\"article:publisher\" content=\"https:\/\/www.facebook.com\/creaibiza\" \/>\n<meta property=\"article:modified_time\" content=\"2024-12-13T12:04:47+00:00\" \/>\n<meta property=\"og:image\" content=\"https:\/\/creaibiza.com\/wp-content\/uploads\/2024\/12\/ambiente_bera_beren_lithotech_2.jpg\" \/>\n\t<meta property=\"og:image:width\" content=\"1000\" \/>\n\t<meta property=\"og:image:height\" content=\"750\" \/>\n\t<meta property=\"og:image:type\" content=\"image\/jpeg\" \/>\n<meta name=\"twitter:card\" content=\"summary_large_image\" \/>\n<meta name=\"twitter:label1\" content=\"Estimated reading time\" \/>\n\t<meta name=\"twitter:data1\" content=\"2 minutes\" \/>\n<script type=\"application\/ld+json\" class=\"yoast-schema-graph\">{\"@context\":\"https:\/\/schema.org\",\"@graph\":[{\"@type\":\"WebPage\",\"@id\":\"https:\/\/creaibiza.com\/producto\/bera-beren-lithotech\/\",\"url\":\"https:\/\/creaibiza.com\/producto\/bera-beren-lithotech\/\",\"name\":\"BERA BEREN LITHOTECH - Crea Ibiza\",\"isPartOf\":{\"@id\":\"https:\/\/creaibiza.com\/#website\"},\"primaryImageOfPage\":{\"@id\":\"https:\/\/creaibiza.com\/producto\/bera-beren-lithotech\/#primaryimage\"},\"image\":{\"@id\":\"https:\/\/creaibiza.com\/producto\/bera-beren-lithotech\/#primaryimage\"},\"thumbnailUrl\":\"https:\/\/creaibiza.com\/wp-content\/uploads\/2024\/12\/ambiente_bera_beren_lithotech_2.jpg\",\"datePublished\":\"2024-12-13T11:10:06+00:00\",\"dateModified\":\"2024-12-13T12:04:47+00:00\",\"description\":\"Crea Ibiza - BERA BEREN LITHOTECH -\",\"breadcrumb\":{\"@id\":\"https:\/\/creaibiza.com\/producto\/bera-beren-lithotech\/#breadcrumb\"},\"inLanguage\":\"en-GB\",\"potentialAction\":[{\"@type\":\"ReadAction\",\"target\":[\"https:\/\/creaibiza.com\/producto\/bera-beren-lithotech\/\"]}]},{\"@type\":\"ImageObject\",\"inLanguage\":\"en-GB\",\"@id\":\"https:\/\/creaibiza.com\/producto\/bera-beren-lithotech\/#primaryimage\",\"url\":\"https:\/\/creaibiza.com\/wp-content\/uploads\/2024\/12\/ambiente_bera_beren_lithotech_2.jpg\",\"contentUrl\":\"https:\/\/creaibiza.com\/wp-content\/uploads\/2024\/12\/ambiente_bera_beren_lithotech_2.jpg\",\"width\":1000,\"height\":750},{\"@type\":\"BreadcrumbList\",\"@id\":\"https:\/\/creaibiza.com\/producto\/bera-beren-lithotech\/#breadcrumb\",\"itemListElement\":[{\"@type\":\"ListItem\",\"position\":1,\"name\":\"Portada\",\"item\":\"https:\/\/creaibiza.com\/\"},{\"@type\":\"ListItem\",\"position\":2,\"name\":\"Tienda\",\"item\":\"https:\/\/creaibiza.com\/en\/tienda\/\"},{\"@type\":\"ListItem\",\"position\":3,\"name\":\"BERA BEREN LITHOTECH\"}]},{\"@type\":\"WebSite\",\"@id\":\"https:\/\/creaibiza.com\/#website\",\"url\":\"https:\/\/creaibiza.com\/\",\"name\":\"Crea Ibiza\",\"description\":\"Cer\u00e1mica, sanitarios y revestimientos de dise\u00f1o en Ibiza\",\"publisher\":{\"@id\":\"https:\/\/creaibiza.com\/#organization\"},\"potentialAction\":[{\"@type\":\"SearchAction\",\"target\":{\"@type\":\"EntryPoint\",\"urlTemplate\":\"https:\/\/creaibiza.com\/?s={search_term_string}\"},\"query-input\":{\"@type\":\"PropertyValueSpecification\",\"valueRequired\":true,\"valueName\":\"search_term_string\"}}],\"inLanguage\":\"en-GB\"},{\"@type\":\"Organization\",\"@id\":\"https:\/\/creaibiza.com\/#organization\",\"name\":\"Crea Ibiza\",\"url\":\"https:\/\/creaibiza.com\/\",\"logo\":{\"@type\":\"ImageObject\",\"inLanguage\":\"en-GB\",\"@id\":\"https:\/\/creaibiza.com\/#\/schema\/logo\/image\/\",\"url\":\"https:\/\/creaibiza.com\/wp-content\/uploads\/2024\/02\/cropped-logocrea-web.png\",\"contentUrl\":\"https:\/\/creaibiza.com\/wp-content\/uploads\/2024\/02\/cropped-logocrea-web.png\",\"width\":591,\"height\":210,\"caption\":\"Crea Ibiza\"},\"image\":{\"@id\":\"https:\/\/creaibiza.com\/#\/schema\/logo\/image\/\"},\"sameAs\":[\"https:\/\/www.facebook.com\/creaibiza\",\"https:\/\/www.instagram.com\/creaibiza\"]}]}<\/script>\n<!-- \/ Yoast SEO plugin. -->","yoast_head_json":{"title":"BERA BEREN LITHOTECH - Crea Ibiza","description":"Crea Ibiza - BERA BEREN LITHOTECH -","robots":{"index":"index","follow":"follow","max-snippet":"max-snippet:-1","max-image-preview":"max-image-preview:large","max-video-preview":"max-video-preview:-1"},"canonical":"https:\/\/creaibiza.com\/en\/product\/bera-beren-lithotech\/","og_locale":"en_GB","og_type":"article","og_title":"BERA BEREN LITHOTECH - Crea Ibiza","og_description":"Crea Ibiza - BERA BEREN LITHOTECH -","og_url":"https:\/\/creaibiza.com\/en\/product\/bera-beren-lithotech\/","og_site_name":"Crea Ibiza","article_publisher":"https:\/\/www.facebook.com\/creaibiza","article_modified_time":"2024-12-13T12:04:47+00:00","og_image":[{"width":1000,"height":750,"url":"https:\/\/creaibiza.com\/wp-content\/uploads\/2024\/12\/ambiente_bera_beren_lithotech_2.jpg","type":"image\/jpeg"}],"twitter_card":"summary_large_image","twitter_misc":{"Estimated reading time":"2 minutes"},"schema":{"@context":"https:\/\/schema.org","@graph":[{"@type":"WebPage","@id":"https:\/\/creaibiza.com\/producto\/bera-beren-lithotech\/","url":"https:\/\/creaibiza.com\/producto\/bera-beren-lithotech\/","name":"BERA BEREN LITHOTECH - Crea Ibiza","isPartOf":{"@id":"https:\/\/creaibiza.com\/#website"},"primaryImageOfPage":{"@id":"https:\/\/creaibiza.com\/producto\/bera-beren-lithotech\/#primaryimage"},"image":{"@id":"https:\/\/creaibiza.com\/producto\/bera-beren-lithotech\/#primaryimage"},"thumbnailUrl":"https:\/\/creaibiza.com\/wp-content\/uploads\/2024\/12\/ambiente_bera_beren_lithotech_2.jpg","datePublished":"2024-12-13T11:10:06+00:00","dateModified":"2024-12-13T12:04:47+00:00","description":"Crea Ibiza - BERA BEREN LITHOTECH -","breadcrumb":{"@id":"https:\/\/creaibiza.com\/producto\/bera-beren-lithotech\/#breadcrumb"},"inLanguage":"en-GB","potentialAction":[{"@type":"ReadAction","target":["https:\/\/creaibiza.com\/producto\/bera-beren-lithotech\/"]}]},{"@type":"ImageObject","inLanguage":"en-GB","@id":"https:\/\/creaibiza.com\/producto\/bera-beren-lithotech\/#primaryimage","url":"https:\/\/creaibiza.com\/wp-content\/uploads\/2024\/12\/ambiente_bera_beren_lithotech_2.jpg","contentUrl":"https:\/\/creaibiza.com\/wp-content\/uploads\/2024\/12\/ambiente_bera_beren_lithotech_2.jpg","width":1000,"height":750},{"@type":"BreadcrumbList","@id":"https:\/\/creaibiza.com\/producto\/bera-beren-lithotech\/#breadcrumb","itemListElement":[{"@type":"ListItem","position":1,"name":"Portada","item":"https:\/\/creaibiza.com\/"},{"@type":"ListItem","position":2,"name":"Tienda","item":"https:\/\/creaibiza.com\/en\/tienda\/"},{"@type":"ListItem","position":3,"name":"BERA BEREN LITHOTECH"}]},{"@type":"WebSite","@id":"https:\/\/creaibiza.com\/#website","url":"https:\/\/creaibiza.com\/","name":"Create Ibiza","description":"Cer\u00e1mica, sanitarios y revestimientos de dise\u00f1o en Ibiza","publisher":{"@id":"https:\/\/creaibiza.com\/#organization"},"potentialAction":[{"@type":"SearchAction","target":{"@type":"EntryPoint","urlTemplate":"https:\/\/creaibiza.com\/?s={search_term_string}"},"query-input":{"@type":"PropertyValueSpecification","valueRequired":true,"valueName":"search_term_string"}}],"inLanguage":"en-GB"},{"@type":"Organization","@id":"https:\/\/creaibiza.com\/#organization","name":"Create Ibiza","url":"https:\/\/creaibiza.com\/","logo":{"@type":"ImageObject","inLanguage":"en-GB","@id":"https:\/\/creaibiza.com\/#\/schema\/logo\/image\/","url":"https:\/\/creaibiza.com\/wp-content\/uploads\/2024\/02\/cropped-logocrea-web.png","contentUrl":"https:\/\/creaibiza.com\/wp-content\/uploads\/2024\/02\/cropped-logocrea-web.png","width":591,"height":210,"caption":"Crea Ibiza"},"image":{"@id":"https:\/\/creaibiza.com\/#\/schema\/logo\/image\/"},"sameAs":["https:\/\/www.facebook.com\/creaibiza","https:\/\/www.instagram.com\/creaibiza"]}]}},"_links":{"self":[{"href":"https:\/\/creaibiza.com\/en\/wp-json\/wp\/v2\/product\/34578","targetHints":{"allow":["GET"]}}],"collection":[{"href":"https:\/\/creaibiza.com\/en\/wp-json\/wp\/v2\/product"}],"about":[{"href":"https:\/\/creaibiza.com\/en\/wp-json\/wp\/v2\/types\/product"}],"version-history":[{"count":1,"href":"https:\/\/creaibiza.com\/en\/wp-json\/wp\/v2\/product\/34578\/revisions"}],"predecessor-version":[{"id":34582,"href":"https:\/\/creaibiza.com\/en\/wp-json\/wp\/v2\/product\/34578\/revisions\/34582"}],"wp:featuredmedia":[{"embeddable":true,"href":"https:\/\/creaibiza.com\/en\/wp-json\/wp\/v2\/media\/34579"}],"wp:attachment":[{"href":"https:\/\/creaibiza.com\/en\/wp-json\/wp\/v2\/media?parent=34578"}],"wp:term":[{"taxonomy":"product_brand","embeddable":true,"href":"https:\/\/creaibiza.com\/en\/wp-json\/wp\/v2\/product_brand?post=34578"},{"taxonomy":"product_cat","embeddable":true,"href":"https:\/\/creaibiza.com\/en\/wp-json\/wp\/v2\/product_cat?post=34578"},{"taxonomy":"product_tag","embeddable":true,"href":"https:\/\/creaibiza.com\/en\/wp-json\/wp\/v2\/product_tag?post=34578"}],"curies":[{"name":"wp","href":"https:\/\/api.w.org\/{rel}","templated":true}]}}