{"id":34565,"date":"2024-12-13T11:33:45","date_gmt":"2024-12-13T10:33:45","guid":{"rendered":"https:\/\/creaibiza.com\/?post_type=product&#038;p=34565"},"modified":"2024-12-13T12:00:44","modified_gmt":"2024-12-13T11:00:44","slug":"allure-lithotech","status":"publish","type":"product","link":"https:\/\/creaibiza.com\/en\/product\/allure-lithotech\/","title":{"rendered":"ALLURE LITHOTECH"},"content":{"rendered":"<p>Disponible tambi\u00e9n con refuerzo de malla de fibra de vidrio, espesor total de 1,27 cm.<\/p>\n<p>* Dimensiones nominales indicativas de la tabla en bruto. Pesos indicados con car\u00e1cter indicativo.<\/p>\n<p>En Lithotech apostamos por el gran formato debido a sus m\u00faltiples ventajas tanto en el plano arquitect\u00f3nico como en el \u00e1mbito del dise\u00f1o. Las dimensiones de 324\u00d7160 cm son nominales indicativas de la tabla sin rectificar. Estas dimensiones permiten que, una vez saneada la pieza, se respete una superficie \u00fatil de trabajo de 320\u00d7156 cm. Dependiendo del tipo de color y de la f\u00f3rmula empleada para fabricar Lithotech es posible que la superficie \u00fatil sea mayor a la indicada.<\/p>\n<p>Allure transmite la fuerza, el car\u00e1cter y temperamento propio de la piedra en la que se inspira esta colecci\u00f3n. Las vetas han sido cuidadosamente tratadas para destacar la personalidad de esta materia. El resultado de este trabajo es un conjunto de piezas cautivadoras y est\u00e9ticas que embellecer\u00e1n el espacio donde se instalen. Las serie presenta un acabado suave abujardado que reproduce al tacto la caracter\u00edstica textura del material natural que, junto con los cuatro tonos en los que se presenta, se extienden las posibilidades de combinaci\u00f3n del conjunto de colecciones Contemporary Mixtures Surfaces.<\/p>","protected":false},"excerpt":{"rendered":"<p>Productos naturales<\/p>\n<p>En Lithotech abogamos por un proceso de producci\u00f3n con el m\u00ednimo impacto en la naturaleza. Por ello, seleccionamos materias primas naturales que no entra\u00f1e ning\u00fan riesgo para la salud de las personas y para el medio ambiente.<\/p>\n<p>Nula porosidad<\/p>\n<p>Al crear una superficie sin poros, nuestro material es altamente resistente a las bacterias. Por tanto, Lithotech\u00ae contribuye al mantenimiento de la higiene ambiental.<\/p>\n<p>100% reciclable<\/p>\n<p>Los materiales empleados para la fabricaci\u00f3n de Lithotech\u00ae son 100% reciclables, lo que asegura una utilizaci\u00f3n sostenible de de recursos y un bajo impacto ambiental.<\/p>","protected":false},"featured_media":34568,"template":"","meta":{"_acf_changed":false},"product_brand":[],"product_cat":[2177],"product_tag":[2175,2174,2176],"class_list":{"0":"post-34565","1":"product","2":"type-product","3":"status-publish","4":"has-post-thumbnail","6":"product_cat-cocinas-2","7":"product_tag-cocina","8":"product_tag-encimeras","9":"product_tag-lavabos","11":"first","12":"instock","13":"taxable","14":"shipping-taxable","15":"product-type-simple"},"acf":[],"yoast_head":"<!-- This site is optimized with the Yoast SEO plugin v27.2 - https:\/\/yoast.com\/product\/yoast-seo-wordpress\/ -->\n<title>ALLURE LITHOTECH - Crea Ibiza<\/title>\n<meta name=\"description\" content=\"Crea Ibiza - ALLURE LITHOTECH -\" \/>\n<meta name=\"robots\" content=\"index, follow, max-snippet:-1, max-image-preview:large, max-video-preview:-1\" \/>\n<link rel=\"canonical\" href=\"https:\/\/creaibiza.com\/en\/product\/allure-lithotech\/\" \/>\n<meta property=\"og:locale\" content=\"en_GB\" \/>\n<meta property=\"og:type\" content=\"article\" \/>\n<meta property=\"og:title\" content=\"ALLURE LITHOTECH - Crea Ibiza\" \/>\n<meta property=\"og:description\" content=\"Crea Ibiza - ALLURE LITHOTECH -\" \/>\n<meta property=\"og:url\" content=\"https:\/\/creaibiza.com\/en\/product\/allure-lithotech\/\" \/>\n<meta property=\"og:site_name\" content=\"Crea Ibiza\" \/>\n<meta property=\"article:publisher\" content=\"https:\/\/www.facebook.com\/creaibiza\" \/>\n<meta property=\"article:modified_time\" content=\"2024-12-13T11:00:44+00:00\" \/>\n<meta property=\"og:image\" content=\"https:\/\/creaibiza.com\/wp-content\/uploads\/2024\/12\/allure03.jpg\" \/>\n\t<meta property=\"og:image:width\" content=\"1000\" \/>\n\t<meta property=\"og:image:height\" content=\"750\" \/>\n\t<meta property=\"og:image:type\" content=\"image\/jpeg\" \/>\n<meta name=\"twitter:card\" content=\"summary_large_image\" \/>\n<meta name=\"twitter:label1\" content=\"Estimated reading time\" \/>\n\t<meta name=\"twitter:data1\" content=\"2 minutes\" \/>\n<script type=\"application\/ld+json\" class=\"yoast-schema-graph\">{\"@context\":\"https:\/\/schema.org\",\"@graph\":[{\"@type\":\"WebPage\",\"@id\":\"https:\/\/creaibiza.com\/producto\/allure-lithotech\/\",\"url\":\"https:\/\/creaibiza.com\/producto\/allure-lithotech\/\",\"name\":\"ALLURE LITHOTECH - Crea Ibiza\",\"isPartOf\":{\"@id\":\"https:\/\/creaibiza.com\/#website\"},\"primaryImageOfPage\":{\"@id\":\"https:\/\/creaibiza.com\/producto\/allure-lithotech\/#primaryimage\"},\"image\":{\"@id\":\"https:\/\/creaibiza.com\/producto\/allure-lithotech\/#primaryimage\"},\"thumbnailUrl\":\"https:\/\/creaibiza.com\/wp-content\/uploads\/2024\/12\/allure03.jpg\",\"datePublished\":\"2024-12-13T10:33:45+00:00\",\"dateModified\":\"2024-12-13T11:00:44+00:00\",\"description\":\"Crea Ibiza - ALLURE LITHOTECH -\",\"breadcrumb\":{\"@id\":\"https:\/\/creaibiza.com\/producto\/allure-lithotech\/#breadcrumb\"},\"inLanguage\":\"en-GB\",\"potentialAction\":[{\"@type\":\"ReadAction\",\"target\":[\"https:\/\/creaibiza.com\/producto\/allure-lithotech\/\"]}]},{\"@type\":\"ImageObject\",\"inLanguage\":\"en-GB\",\"@id\":\"https:\/\/creaibiza.com\/producto\/allure-lithotech\/#primaryimage\",\"url\":\"https:\/\/creaibiza.com\/wp-content\/uploads\/2024\/12\/allure03.jpg\",\"contentUrl\":\"https:\/\/creaibiza.com\/wp-content\/uploads\/2024\/12\/allure03.jpg\",\"width\":1000,\"height\":750},{\"@type\":\"BreadcrumbList\",\"@id\":\"https:\/\/creaibiza.com\/producto\/allure-lithotech\/#breadcrumb\",\"itemListElement\":[{\"@type\":\"ListItem\",\"position\":1,\"name\":\"Portada\",\"item\":\"https:\/\/creaibiza.com\/\"},{\"@type\":\"ListItem\",\"position\":2,\"name\":\"Tienda\",\"item\":\"https:\/\/creaibiza.com\/en\/tienda\/\"},{\"@type\":\"ListItem\",\"position\":3,\"name\":\"ALLURE LITHOTECH\"}]},{\"@type\":\"WebSite\",\"@id\":\"https:\/\/creaibiza.com\/#website\",\"url\":\"https:\/\/creaibiza.com\/\",\"name\":\"Crea Ibiza\",\"description\":\"Cer\u00e1mica, sanitarios y revestimientos de dise\u00f1o en Ibiza\",\"publisher\":{\"@id\":\"https:\/\/creaibiza.com\/#organization\"},\"potentialAction\":[{\"@type\":\"SearchAction\",\"target\":{\"@type\":\"EntryPoint\",\"urlTemplate\":\"https:\/\/creaibiza.com\/?s={search_term_string}\"},\"query-input\":{\"@type\":\"PropertyValueSpecification\",\"valueRequired\":true,\"valueName\":\"search_term_string\"}}],\"inLanguage\":\"en-GB\"},{\"@type\":\"Organization\",\"@id\":\"https:\/\/creaibiza.com\/#organization\",\"name\":\"Crea Ibiza\",\"url\":\"https:\/\/creaibiza.com\/\",\"logo\":{\"@type\":\"ImageObject\",\"inLanguage\":\"en-GB\",\"@id\":\"https:\/\/creaibiza.com\/#\/schema\/logo\/image\/\",\"url\":\"https:\/\/creaibiza.com\/wp-content\/uploads\/2024\/02\/cropped-logocrea-web.png\",\"contentUrl\":\"https:\/\/creaibiza.com\/wp-content\/uploads\/2024\/02\/cropped-logocrea-web.png\",\"width\":591,\"height\":210,\"caption\":\"Crea Ibiza\"},\"image\":{\"@id\":\"https:\/\/creaibiza.com\/#\/schema\/logo\/image\/\"},\"sameAs\":[\"https:\/\/www.facebook.com\/creaibiza\",\"https:\/\/www.instagram.com\/creaibiza\"]}]}<\/script>\n<!-- \/ Yoast SEO plugin. -->","yoast_head_json":{"title":"ALLURE LITHOTECH - Crea Ibiza","description":"Crea Ibiza - ALLURE LITHOTECH -","robots":{"index":"index","follow":"follow","max-snippet":"max-snippet:-1","max-image-preview":"max-image-preview:large","max-video-preview":"max-video-preview:-1"},"canonical":"https:\/\/creaibiza.com\/en\/product\/allure-lithotech\/","og_locale":"en_GB","og_type":"article","og_title":"ALLURE LITHOTECH - Crea Ibiza","og_description":"Crea Ibiza - ALLURE LITHOTECH -","og_url":"https:\/\/creaibiza.com\/en\/product\/allure-lithotech\/","og_site_name":"Crea Ibiza","article_publisher":"https:\/\/www.facebook.com\/creaibiza","article_modified_time":"2024-12-13T11:00:44+00:00","og_image":[{"width":1000,"height":750,"url":"https:\/\/creaibiza.com\/wp-content\/uploads\/2024\/12\/allure03.jpg","type":"image\/jpeg"}],"twitter_card":"summary_large_image","twitter_misc":{"Estimated reading time":"2 minutes"},"schema":{"@context":"https:\/\/schema.org","@graph":[{"@type":"WebPage","@id":"https:\/\/creaibiza.com\/producto\/allure-lithotech\/","url":"https:\/\/creaibiza.com\/producto\/allure-lithotech\/","name":"ALLURE LITHOTECH - Crea Ibiza","isPartOf":{"@id":"https:\/\/creaibiza.com\/#website"},"primaryImageOfPage":{"@id":"https:\/\/creaibiza.com\/producto\/allure-lithotech\/#primaryimage"},"image":{"@id":"https:\/\/creaibiza.com\/producto\/allure-lithotech\/#primaryimage"},"thumbnailUrl":"https:\/\/creaibiza.com\/wp-content\/uploads\/2024\/12\/allure03.jpg","datePublished":"2024-12-13T10:33:45+00:00","dateModified":"2024-12-13T11:00:44+00:00","description":"Crea Ibiza - ALLURE LITHOTECH -","breadcrumb":{"@id":"https:\/\/creaibiza.com\/producto\/allure-lithotech\/#breadcrumb"},"inLanguage":"en-GB","potentialAction":[{"@type":"ReadAction","target":["https:\/\/creaibiza.com\/producto\/allure-lithotech\/"]}]},{"@type":"ImageObject","inLanguage":"en-GB","@id":"https:\/\/creaibiza.com\/producto\/allure-lithotech\/#primaryimage","url":"https:\/\/creaibiza.com\/wp-content\/uploads\/2024\/12\/allure03.jpg","contentUrl":"https:\/\/creaibiza.com\/wp-content\/uploads\/2024\/12\/allure03.jpg","width":1000,"height":750},{"@type":"BreadcrumbList","@id":"https:\/\/creaibiza.com\/producto\/allure-lithotech\/#breadcrumb","itemListElement":[{"@type":"ListItem","position":1,"name":"Portada","item":"https:\/\/creaibiza.com\/"},{"@type":"ListItem","position":2,"name":"Tienda","item":"https:\/\/creaibiza.com\/en\/tienda\/"},{"@type":"ListItem","position":3,"name":"ALLURE LITHOTECH"}]},{"@type":"WebSite","@id":"https:\/\/creaibiza.com\/#website","url":"https:\/\/creaibiza.com\/","name":"Create Ibiza","description":"Cer\u00e1mica, sanitarios y revestimientos de dise\u00f1o en Ibiza","publisher":{"@id":"https:\/\/creaibiza.com\/#organization"},"potentialAction":[{"@type":"SearchAction","target":{"@type":"EntryPoint","urlTemplate":"https:\/\/creaibiza.com\/?s={search_term_string}"},"query-input":{"@type":"PropertyValueSpecification","valueRequired":true,"valueName":"search_term_string"}}],"inLanguage":"en-GB"},{"@type":"Organization","@id":"https:\/\/creaibiza.com\/#organization","name":"Create Ibiza","url":"https:\/\/creaibiza.com\/","logo":{"@type":"ImageObject","inLanguage":"en-GB","@id":"https:\/\/creaibiza.com\/#\/schema\/logo\/image\/","url":"https:\/\/creaibiza.com\/wp-content\/uploads\/2024\/02\/cropped-logocrea-web.png","contentUrl":"https:\/\/creaibiza.com\/wp-content\/uploads\/2024\/02\/cropped-logocrea-web.png","width":591,"height":210,"caption":"Crea Ibiza"},"image":{"@id":"https:\/\/creaibiza.com\/#\/schema\/logo\/image\/"},"sameAs":["https:\/\/www.facebook.com\/creaibiza","https:\/\/www.instagram.com\/creaibiza"]}]}},"_links":{"self":[{"href":"https:\/\/creaibiza.com\/en\/wp-json\/wp\/v2\/product\/34565","targetHints":{"allow":["GET"]}}],"collection":[{"href":"https:\/\/creaibiza.com\/en\/wp-json\/wp\/v2\/product"}],"about":[{"href":"https:\/\/creaibiza.com\/en\/wp-json\/wp\/v2\/types\/product"}],"version-history":[{"count":3,"href":"https:\/\/creaibiza.com\/en\/wp-json\/wp\/v2\/product\/34565\/revisions"}],"predecessor-version":[{"id":34575,"href":"https:\/\/creaibiza.com\/en\/wp-json\/wp\/v2\/product\/34565\/revisions\/34575"}],"wp:featuredmedia":[{"embeddable":true,"href":"https:\/\/creaibiza.com\/en\/wp-json\/wp\/v2\/media\/34568"}],"wp:attachment":[{"href":"https:\/\/creaibiza.com\/en\/wp-json\/wp\/v2\/media?parent=34565"}],"wp:term":[{"taxonomy":"product_brand","embeddable":true,"href":"https:\/\/creaibiza.com\/en\/wp-json\/wp\/v2\/product_brand?post=34565"},{"taxonomy":"product_cat","embeddable":true,"href":"https:\/\/creaibiza.com\/en\/wp-json\/wp\/v2\/product_cat?post=34565"},{"taxonomy":"product_tag","embeddable":true,"href":"https:\/\/creaibiza.com\/en\/wp-json\/wp\/v2\/product_tag?post=34565"}],"curies":[{"name":"wp","href":"https:\/\/api.w.org\/{rel}","templated":true}]}}