{"id":34324,"date":"2024-10-07T09:22:21","date_gmt":"2024-10-07T08:22:21","guid":{"rendered":"https:\/\/creaibiza.com\/?post_type=product&#038;p=34324"},"modified":"2024-10-07T09:51:09","modified_gmt":"2024-10-07T08:51:09","slug":"renga","status":"publish","type":"product","link":"https:\/\/creaibiza.com\/en\/product\/renga\/","title":{"rendered":"RENGA"},"content":{"rendered":"<p>Renga es una microarquitectura, concebida para multiplicarse como ladrillo<br \/>\nconstrucciones. Esto permite crear una gran variedad de formas dentro de un espacio.<\/p>\n<p>Renga: un t\u00e9rmino utilizado en la cultura japonesa. para indicar una forma tradicional de poes\u00eda caracterizado por la alternancia de largos y estrofas cortas que pueden ser literalmente traducida como \u00abpoes\u00eda en cadena\u00bb \u2013 es la nueva elemento tridimensional dise\u00f1ado por Vincent Van Duysen para Mutina, concebido como un ladrillo con el que crear paredes divisorias, pero tambi\u00e9n como elemento decorativo objeto por derecho propio.<\/p>\n<p>La colecci\u00f3n se compone de un \u00fanico elemento de terracota en formato 15x25x15 cm. Inspirada en la mamposter\u00eda, fundamental aspecto del trabajo de Van Duysen, Renda a un dise\u00f1o fuertemente arquitect\u00f3nico: una vertical paralelep\u00edpedo de base cuadrada, el cuyas cuatro esquinas est\u00e1n cubiertas por cuatro cilindros que crean un conjunto m\u00e1s suave apariencia.<\/p>\n<p>Renga se produce con la t\u00e9cnica de fundici\u00f3n, utilizando un gres l\u00edquido coloreado mezcla para obtener una textura muy t\u00e1ctil y superficie mate. De esta manera, cada pieza es \u00fanica y se caracteriza por siempre tonalidades ligeramente diferentes. Esta disponible en tres tonos: Marfil, Marr\u00f3n y Gris.<\/p>","protected":false},"excerpt":{"rendered":"<p>15 x 25 x 15<\/p>","protected":false},"featured_media":34335,"template":"","meta":{"_acf_changed":false},"product_brand":[381],"product_cat":[348,2003],"product_tag":[2167],"class_list":{"0":"post-34324","1":"product","2":"type-product","3":"status-publish","4":"has-post-thumbnail","6":"product_brand-mutina","7":"product_cat-celosias","8":"product_cat-natural-style","9":"product_tag-celosia","11":"first","12":"instock","13":"taxable","14":"shipping-taxable","15":"purchasable","16":"product-type-variable"},"acf":[],"yoast_head":"<!-- This site is optimized with the Yoast SEO plugin v27.2 - https:\/\/yoast.com\/product\/yoast-seo-wordpress\/ -->\n<title>RENGA - Crea Ibiza<\/title>\n<meta name=\"description\" content=\"Crea Ibiza - RENGA -\" \/>\n<meta name=\"robots\" content=\"index, follow, max-snippet:-1, max-image-preview:large, max-video-preview:-1\" \/>\n<link rel=\"canonical\" href=\"https:\/\/creaibiza.com\/en\/product\/renga\/\" \/>\n<meta property=\"og:locale\" content=\"en_GB\" \/>\n<meta property=\"og:type\" content=\"article\" \/>\n<meta property=\"og:title\" content=\"RENGA - Crea Ibiza\" \/>\n<meta property=\"og:description\" content=\"Crea Ibiza - RENGA -\" \/>\n<meta property=\"og:url\" content=\"https:\/\/creaibiza.com\/en\/product\/renga\/\" \/>\n<meta property=\"og:site_name\" content=\"Crea Ibiza\" \/>\n<meta property=\"article:publisher\" content=\"https:\/\/www.facebook.com\/creaibiza\" \/>\n<meta property=\"article:modified_time\" content=\"2024-10-07T08:51:09+00:00\" \/>\n<meta property=\"og:image\" content=\"https:\/\/creaibiza.com\/wp-content\/uploads\/2024\/10\/Pic_220901_Mutina67497_ph_Gerhardt_Kellermann.jpg\" \/>\n\t<meta property=\"og:image:width\" content=\"750\" \/>\n\t<meta property=\"og:image:height\" content=\"1000\" \/>\n\t<meta property=\"og:image:type\" content=\"image\/jpeg\" \/>\n<meta name=\"twitter:card\" content=\"summary_large_image\" \/>\n<meta name=\"twitter:label1\" content=\"Estimated reading time\" \/>\n\t<meta name=\"twitter:data1\" content=\"2 minutes\" \/>\n<script type=\"application\/ld+json\" class=\"yoast-schema-graph\">{\"@context\":\"https:\/\/schema.org\",\"@graph\":[{\"@type\":\"WebPage\",\"@id\":\"https:\/\/creaibiza.com\/producto\/renga\/\",\"url\":\"https:\/\/creaibiza.com\/producto\/renga\/\",\"name\":\"RENGA - Crea Ibiza\",\"isPartOf\":{\"@id\":\"https:\/\/creaibiza.com\/#website\"},\"primaryImageOfPage\":{\"@id\":\"https:\/\/creaibiza.com\/producto\/renga\/#primaryimage\"},\"image\":{\"@id\":\"https:\/\/creaibiza.com\/producto\/renga\/#primaryimage\"},\"thumbnailUrl\":\"https:\/\/creaibiza.com\/wp-content\/uploads\/2024\/10\/Pic_220901_Mutina67497_ph_Gerhardt_Kellermann.jpg\",\"datePublished\":\"2024-10-07T08:22:21+00:00\",\"dateModified\":\"2024-10-07T08:51:09+00:00\",\"description\":\"Crea Ibiza - RENGA -\",\"breadcrumb\":{\"@id\":\"https:\/\/creaibiza.com\/producto\/renga\/#breadcrumb\"},\"inLanguage\":\"en-GB\",\"potentialAction\":[{\"@type\":\"ReadAction\",\"target\":[\"https:\/\/creaibiza.com\/producto\/renga\/\"]}]},{\"@type\":\"ImageObject\",\"inLanguage\":\"en-GB\",\"@id\":\"https:\/\/creaibiza.com\/producto\/renga\/#primaryimage\",\"url\":\"https:\/\/creaibiza.com\/wp-content\/uploads\/2024\/10\/Pic_220901_Mutina67497_ph_Gerhardt_Kellermann.jpg\",\"contentUrl\":\"https:\/\/creaibiza.com\/wp-content\/uploads\/2024\/10\/Pic_220901_Mutina67497_ph_Gerhardt_Kellermann.jpg\",\"width\":750,\"height\":1000},{\"@type\":\"BreadcrumbList\",\"@id\":\"https:\/\/creaibiza.com\/producto\/renga\/#breadcrumb\",\"itemListElement\":[{\"@type\":\"ListItem\",\"position\":1,\"name\":\"Portada\",\"item\":\"https:\/\/creaibiza.com\/\"},{\"@type\":\"ListItem\",\"position\":2,\"name\":\"Tienda\",\"item\":\"https:\/\/creaibiza.com\/en\/tienda\/\"},{\"@type\":\"ListItem\",\"position\":3,\"name\":\"RENGA\"}]},{\"@type\":\"WebSite\",\"@id\":\"https:\/\/creaibiza.com\/#website\",\"url\":\"https:\/\/creaibiza.com\/\",\"name\":\"Crea Ibiza\",\"description\":\"Cer\u00e1mica, sanitarios y revestimientos de dise\u00f1o en Ibiza\",\"publisher\":{\"@id\":\"https:\/\/creaibiza.com\/#organization\"},\"potentialAction\":[{\"@type\":\"SearchAction\",\"target\":{\"@type\":\"EntryPoint\",\"urlTemplate\":\"https:\/\/creaibiza.com\/?s={search_term_string}\"},\"query-input\":{\"@type\":\"PropertyValueSpecification\",\"valueRequired\":true,\"valueName\":\"search_term_string\"}}],\"inLanguage\":\"en-GB\"},{\"@type\":\"Organization\",\"@id\":\"https:\/\/creaibiza.com\/#organization\",\"name\":\"Crea Ibiza\",\"url\":\"https:\/\/creaibiza.com\/\",\"logo\":{\"@type\":\"ImageObject\",\"inLanguage\":\"en-GB\",\"@id\":\"https:\/\/creaibiza.com\/#\/schema\/logo\/image\/\",\"url\":\"https:\/\/creaibiza.com\/wp-content\/uploads\/2024\/02\/cropped-logocrea-web.png\",\"contentUrl\":\"https:\/\/creaibiza.com\/wp-content\/uploads\/2024\/02\/cropped-logocrea-web.png\",\"width\":591,\"height\":210,\"caption\":\"Crea Ibiza\"},\"image\":{\"@id\":\"https:\/\/creaibiza.com\/#\/schema\/logo\/image\/\"},\"sameAs\":[\"https:\/\/www.facebook.com\/creaibiza\",\"https:\/\/www.instagram.com\/creaibiza\"]}]}<\/script>\n<!-- \/ Yoast SEO plugin. -->","yoast_head_json":{"title":"RENGA - Crea Ibiza","description":"Crea Ibiza - RENGA -","robots":{"index":"index","follow":"follow","max-snippet":"max-snippet:-1","max-image-preview":"max-image-preview:large","max-video-preview":"max-video-preview:-1"},"canonical":"https:\/\/creaibiza.com\/en\/product\/renga\/","og_locale":"en_GB","og_type":"article","og_title":"RENGA - Crea Ibiza","og_description":"Crea Ibiza - RENGA -","og_url":"https:\/\/creaibiza.com\/en\/product\/renga\/","og_site_name":"Crea Ibiza","article_publisher":"https:\/\/www.facebook.com\/creaibiza","article_modified_time":"2024-10-07T08:51:09+00:00","og_image":[{"width":750,"height":1000,"url":"https:\/\/creaibiza.com\/wp-content\/uploads\/2024\/10\/Pic_220901_Mutina67497_ph_Gerhardt_Kellermann.jpg","type":"image\/jpeg"}],"twitter_card":"summary_large_image","twitter_misc":{"Estimated reading time":"2 minutes"},"schema":{"@context":"https:\/\/schema.org","@graph":[{"@type":"WebPage","@id":"https:\/\/creaibiza.com\/producto\/renga\/","url":"https:\/\/creaibiza.com\/producto\/renga\/","name":"RENGA - Crea Ibiza","isPartOf":{"@id":"https:\/\/creaibiza.com\/#website"},"primaryImageOfPage":{"@id":"https:\/\/creaibiza.com\/producto\/renga\/#primaryimage"},"image":{"@id":"https:\/\/creaibiza.com\/producto\/renga\/#primaryimage"},"thumbnailUrl":"https:\/\/creaibiza.com\/wp-content\/uploads\/2024\/10\/Pic_220901_Mutina67497_ph_Gerhardt_Kellermann.jpg","datePublished":"2024-10-07T08:22:21+00:00","dateModified":"2024-10-07T08:51:09+00:00","description":"Crea Ibiza - RENGA -","breadcrumb":{"@id":"https:\/\/creaibiza.com\/producto\/renga\/#breadcrumb"},"inLanguage":"en-GB","potentialAction":[{"@type":"ReadAction","target":["https:\/\/creaibiza.com\/producto\/renga\/"]}]},{"@type":"ImageObject","inLanguage":"en-GB","@id":"https:\/\/creaibiza.com\/producto\/renga\/#primaryimage","url":"https:\/\/creaibiza.com\/wp-content\/uploads\/2024\/10\/Pic_220901_Mutina67497_ph_Gerhardt_Kellermann.jpg","contentUrl":"https:\/\/creaibiza.com\/wp-content\/uploads\/2024\/10\/Pic_220901_Mutina67497_ph_Gerhardt_Kellermann.jpg","width":750,"height":1000},{"@type":"BreadcrumbList","@id":"https:\/\/creaibiza.com\/producto\/renga\/#breadcrumb","itemListElement":[{"@type":"ListItem","position":1,"name":"Portada","item":"https:\/\/creaibiza.com\/"},{"@type":"ListItem","position":2,"name":"Tienda","item":"https:\/\/creaibiza.com\/en\/tienda\/"},{"@type":"ListItem","position":3,"name":"RENGA"}]},{"@type":"WebSite","@id":"https:\/\/creaibiza.com\/#website","url":"https:\/\/creaibiza.com\/","name":"Create Ibiza","description":"Cer\u00e1mica, sanitarios y revestimientos de dise\u00f1o en Ibiza","publisher":{"@id":"https:\/\/creaibiza.com\/#organization"},"potentialAction":[{"@type":"SearchAction","target":{"@type":"EntryPoint","urlTemplate":"https:\/\/creaibiza.com\/?s={search_term_string}"},"query-input":{"@type":"PropertyValueSpecification","valueRequired":true,"valueName":"search_term_string"}}],"inLanguage":"en-GB"},{"@type":"Organization","@id":"https:\/\/creaibiza.com\/#organization","name":"Create Ibiza","url":"https:\/\/creaibiza.com\/","logo":{"@type":"ImageObject","inLanguage":"en-GB","@id":"https:\/\/creaibiza.com\/#\/schema\/logo\/image\/","url":"https:\/\/creaibiza.com\/wp-content\/uploads\/2024\/02\/cropped-logocrea-web.png","contentUrl":"https:\/\/creaibiza.com\/wp-content\/uploads\/2024\/02\/cropped-logocrea-web.png","width":591,"height":210,"caption":"Crea Ibiza"},"image":{"@id":"https:\/\/creaibiza.com\/#\/schema\/logo\/image\/"},"sameAs":["https:\/\/www.facebook.com\/creaibiza","https:\/\/www.instagram.com\/creaibiza"]}]}},"_links":{"self":[{"href":"https:\/\/creaibiza.com\/en\/wp-json\/wp\/v2\/product\/34324","targetHints":{"allow":["GET"]}}],"collection":[{"href":"https:\/\/creaibiza.com\/en\/wp-json\/wp\/v2\/product"}],"about":[{"href":"https:\/\/creaibiza.com\/en\/wp-json\/wp\/v2\/types\/product"}],"version-history":[{"count":3,"href":"https:\/\/creaibiza.com\/en\/wp-json\/wp\/v2\/product\/34324\/revisions"}],"predecessor-version":[{"id":34334,"href":"https:\/\/creaibiza.com\/en\/wp-json\/wp\/v2\/product\/34324\/revisions\/34334"}],"wp:featuredmedia":[{"embeddable":true,"href":"https:\/\/creaibiza.com\/en\/wp-json\/wp\/v2\/media\/34335"}],"wp:attachment":[{"href":"https:\/\/creaibiza.com\/en\/wp-json\/wp\/v2\/media?parent=34324"}],"wp:term":[{"taxonomy":"product_brand","embeddable":true,"href":"https:\/\/creaibiza.com\/en\/wp-json\/wp\/v2\/product_brand?post=34324"},{"taxonomy":"product_cat","embeddable":true,"href":"https:\/\/creaibiza.com\/en\/wp-json\/wp\/v2\/product_cat?post=34324"},{"taxonomy":"product_tag","embeddable":true,"href":"https:\/\/creaibiza.com\/en\/wp-json\/wp\/v2\/product_tag?post=34324"}],"curies":[{"name":"wp","href":"https:\/\/api.w.org\/{rel}","templated":true}]}}