{"id":33382,"date":"2024-05-09T12:12:54","date_gmt":"2024-05-09T11:12:54","guid":{"rendered":"https:\/\/creaibiza.com\/?post_type=product&#038;p=33382"},"modified":"2025-03-17T13:39:19","modified_gmt":"2025-03-17T12:39:19","slug":"marble","status":"publish","type":"product","link":"https:\/\/creaibiza.com\/en\/product\/marble\/","title":{"rendered":"MARBLE"},"content":{"rendered":"<p>Welcome to the perfect fusion of serenity and design in the \"Marble\" collection, a series specially designed for water and wellness spaces. This collection is a poetic tribute to the elegance of marble, created to convey serenity to every corner of your spaces.<\/p>\n<p>Its 'Sand', 'Green' and 'Graphite' shades are a reflection of the serene colours of nature, each chosen to evoke a unique aspect of natural calm. Sand' whispers of soft beach shores, 'Green' evokes the vitality of wooded retreats, and 'Graphite' echoes the depths of the earth, all converging in a visual harmony that nourishes the soul.<\/p>\n<p>Marble is more than an aesthetic choice; it is an invitation to a peaceful embrace, where water and design come together to create an atmosphere that soothes, reflects and celebrates stillness and well-being.<\/p>\n<p>Because we believe that true wellbeing is rooted in the environments we carefully design for our clients.<br \/>\naround.<\/p>","protected":false},"excerpt":{"rendered":"<p>Bienvenidos a la perfecta fusi\u00f3n de serenidad y dise\u00f1o en la colecci\u00f3n \u201cMarble\u201d, una serie especialmente dise\u00f1ada para espacios de agua y bienestar. Esta colecci\u00f3n es un tributo po\u00e9tico a la elegancia del m\u00e1rmol, creada para transmitir serenidad a cada rinc\u00f3n de tus espacios. Sus tonos \u2018Sand\u2019, \u2018Green\u2019 y \u2018Graphite\u2019 son un reflejo de los &hellip; <\/p>\n<p class=\"link-more\"><a href=\"https:\/\/creaibiza.com\/en\/product\/marble\/\" class=\"more-link\">Read More <span class=\"screen-reader-text\"> \u00abMARBLE\u00bb<\/span><\/a><\/p>","protected":false},"featured_media":33392,"template":"","meta":{"_acf_changed":false},"product_brand":[187],"product_cat":[297,116,1002,227,1312,113,1001],"product_tag":[1352,1359,1353],"class_list":{"0":"post-33382","1":"product","2":"type-product","3":"status-publish","4":"has-post-thumbnail","6":"product_brand-wow","7":"product_cat-marmol","8":"product_cat-pavimento","9":"product_cat-piedra-revestimiento","10":"product_cat-piedra","11":"product_cat-piscinas","12":"product_cat-revestimiento","13":"product_cat-marmol-revestimiento","14":"product_tag-pavimento","15":"product_tag-piscina","16":"product_tag-revestimiento","18":"first","19":"instock","20":"taxable","21":"shipping-taxable","22":"purchasable","23":"product-type-variable"},"acf":[],"yoast_head":"<!-- This site is optimized with the Yoast SEO plugin v27.2 - https:\/\/yoast.com\/product\/yoast-seo-wordpress\/ -->\n<title>MARBLE - Crea Ibiza<\/title>\n<meta name=\"description\" content=\"Crea Ibiza - MARBLE -\" \/>\n<meta name=\"robots\" content=\"index, follow, max-snippet:-1, max-image-preview:large, max-video-preview:-1\" \/>\n<link rel=\"canonical\" href=\"https:\/\/creaibiza.com\/en\/product\/marble\/\" \/>\n<meta property=\"og:locale\" content=\"en_GB\" \/>\n<meta property=\"og:type\" content=\"article\" \/>\n<meta property=\"og:title\" content=\"MARBLE - Crea Ibiza\" \/>\n<meta property=\"og:description\" content=\"Crea Ibiza - MARBLE -\" \/>\n<meta property=\"og:url\" content=\"https:\/\/creaibiza.com\/en\/product\/marble\/\" \/>\n<meta property=\"og:site_name\" content=\"Crea Ibiza\" \/>\n<meta property=\"article:publisher\" content=\"https:\/\/www.facebook.com\/creaibiza\" \/>\n<meta property=\"article:modified_time\" content=\"2025-03-17T12:39:19+00:00\" \/>\n<meta property=\"og:image\" content=\"https:\/\/creaibiza.com\/wp-content\/uploads\/2024\/05\/AMB01_MARBLE-GRPAHITE_1.jpg\" \/>\n\t<meta property=\"og:image:width\" content=\"986\" \/>\n\t<meta property=\"og:image:height\" content=\"986\" \/>\n\t<meta property=\"og:image:type\" content=\"image\/jpeg\" \/>\n<meta name=\"twitter:card\" content=\"summary_large_image\" \/>\n<meta name=\"twitter:label1\" content=\"Estimated reading time\" \/>\n\t<meta name=\"twitter:data1\" content=\"1 minute\" \/>\n<script type=\"application\/ld+json\" class=\"yoast-schema-graph\">{\"@context\":\"https:\/\/schema.org\",\"@graph\":[{\"@type\":\"WebPage\",\"@id\":\"https:\/\/creaibiza.com\/producto\/marble\/\",\"url\":\"https:\/\/creaibiza.com\/producto\/marble\/\",\"name\":\"MARBLE - Crea Ibiza\",\"isPartOf\":{\"@id\":\"https:\/\/creaibiza.com\/#website\"},\"primaryImageOfPage\":{\"@id\":\"https:\/\/creaibiza.com\/producto\/marble\/#primaryimage\"},\"image\":{\"@id\":\"https:\/\/creaibiza.com\/producto\/marble\/#primaryimage\"},\"thumbnailUrl\":\"https:\/\/creaibiza.com\/wp-content\/uploads\/2024\/05\/AMB01_MARBLE-GRPAHITE_1.jpg\",\"datePublished\":\"2024-05-09T11:12:54+00:00\",\"dateModified\":\"2025-03-17T12:39:19+00:00\",\"description\":\"Crea Ibiza - MARBLE -\",\"breadcrumb\":{\"@id\":\"https:\/\/creaibiza.com\/producto\/marble\/#breadcrumb\"},\"inLanguage\":\"en-GB\",\"potentialAction\":[{\"@type\":\"ReadAction\",\"target\":[\"https:\/\/creaibiza.com\/producto\/marble\/\"]}]},{\"@type\":\"ImageObject\",\"inLanguage\":\"en-GB\",\"@id\":\"https:\/\/creaibiza.com\/producto\/marble\/#primaryimage\",\"url\":\"https:\/\/creaibiza.com\/wp-content\/uploads\/2024\/05\/AMB01_MARBLE-GRPAHITE_1.jpg\",\"contentUrl\":\"https:\/\/creaibiza.com\/wp-content\/uploads\/2024\/05\/AMB01_MARBLE-GRPAHITE_1.jpg\",\"width\":986,\"height\":986},{\"@type\":\"BreadcrumbList\",\"@id\":\"https:\/\/creaibiza.com\/producto\/marble\/#breadcrumb\",\"itemListElement\":[{\"@type\":\"ListItem\",\"position\":1,\"name\":\"Portada\",\"item\":\"https:\/\/creaibiza.com\/\"},{\"@type\":\"ListItem\",\"position\":2,\"name\":\"Tienda\",\"item\":\"https:\/\/creaibiza.com\/en\/tienda\/\"},{\"@type\":\"ListItem\",\"position\":3,\"name\":\"MARBLE\"}]},{\"@type\":\"WebSite\",\"@id\":\"https:\/\/creaibiza.com\/#website\",\"url\":\"https:\/\/creaibiza.com\/\",\"name\":\"Crea Ibiza\",\"description\":\"Cer\u00e1mica, sanitarios y revestimientos de dise\u00f1o en Ibiza\",\"publisher\":{\"@id\":\"https:\/\/creaibiza.com\/#organization\"},\"potentialAction\":[{\"@type\":\"SearchAction\",\"target\":{\"@type\":\"EntryPoint\",\"urlTemplate\":\"https:\/\/creaibiza.com\/?s={search_term_string}\"},\"query-input\":{\"@type\":\"PropertyValueSpecification\",\"valueRequired\":true,\"valueName\":\"search_term_string\"}}],\"inLanguage\":\"en-GB\"},{\"@type\":\"Organization\",\"@id\":\"https:\/\/creaibiza.com\/#organization\",\"name\":\"Crea Ibiza\",\"url\":\"https:\/\/creaibiza.com\/\",\"logo\":{\"@type\":\"ImageObject\",\"inLanguage\":\"en-GB\",\"@id\":\"https:\/\/creaibiza.com\/#\/schema\/logo\/image\/\",\"url\":\"https:\/\/creaibiza.com\/wp-content\/uploads\/2024\/02\/cropped-logocrea-web.png\",\"contentUrl\":\"https:\/\/creaibiza.com\/wp-content\/uploads\/2024\/02\/cropped-logocrea-web.png\",\"width\":591,\"height\":210,\"caption\":\"Crea Ibiza\"},\"image\":{\"@id\":\"https:\/\/creaibiza.com\/#\/schema\/logo\/image\/\"},\"sameAs\":[\"https:\/\/www.facebook.com\/creaibiza\",\"https:\/\/www.instagram.com\/creaibiza\"]}]}<\/script>\n<!-- \/ Yoast SEO plugin. -->","yoast_head_json":{"title":"MARBLE - Crea Ibiza","description":"Crea Ibiza - MARBLE -","robots":{"index":"index","follow":"follow","max-snippet":"max-snippet:-1","max-image-preview":"max-image-preview:large","max-video-preview":"max-video-preview:-1"},"canonical":"https:\/\/creaibiza.com\/en\/product\/marble\/","og_locale":"en_GB","og_type":"article","og_title":"MARBLE - Crea Ibiza","og_description":"Crea Ibiza - MARBLE -","og_url":"https:\/\/creaibiza.com\/en\/product\/marble\/","og_site_name":"Crea Ibiza","article_publisher":"https:\/\/www.facebook.com\/creaibiza","article_modified_time":"2025-03-17T12:39:19+00:00","og_image":[{"width":986,"height":986,"url":"https:\/\/creaibiza.com\/wp-content\/uploads\/2024\/05\/AMB01_MARBLE-GRPAHITE_1.jpg","type":"image\/jpeg"}],"twitter_card":"summary_large_image","twitter_misc":{"Estimated reading time":"1 minute"},"schema":{"@context":"https:\/\/schema.org","@graph":[{"@type":"WebPage","@id":"https:\/\/creaibiza.com\/producto\/marble\/","url":"https:\/\/creaibiza.com\/producto\/marble\/","name":"MARBLE - Crea Ibiza","isPartOf":{"@id":"https:\/\/creaibiza.com\/#website"},"primaryImageOfPage":{"@id":"https:\/\/creaibiza.com\/producto\/marble\/#primaryimage"},"image":{"@id":"https:\/\/creaibiza.com\/producto\/marble\/#primaryimage"},"thumbnailUrl":"https:\/\/creaibiza.com\/wp-content\/uploads\/2024\/05\/AMB01_MARBLE-GRPAHITE_1.jpg","datePublished":"2024-05-09T11:12:54+00:00","dateModified":"2025-03-17T12:39:19+00:00","description":"Crea Ibiza - MARBLE -","breadcrumb":{"@id":"https:\/\/creaibiza.com\/producto\/marble\/#breadcrumb"},"inLanguage":"en-GB","potentialAction":[{"@type":"ReadAction","target":["https:\/\/creaibiza.com\/producto\/marble\/"]}]},{"@type":"ImageObject","inLanguage":"en-GB","@id":"https:\/\/creaibiza.com\/producto\/marble\/#primaryimage","url":"https:\/\/creaibiza.com\/wp-content\/uploads\/2024\/05\/AMB01_MARBLE-GRPAHITE_1.jpg","contentUrl":"https:\/\/creaibiza.com\/wp-content\/uploads\/2024\/05\/AMB01_MARBLE-GRPAHITE_1.jpg","width":986,"height":986},{"@type":"BreadcrumbList","@id":"https:\/\/creaibiza.com\/producto\/marble\/#breadcrumb","itemListElement":[{"@type":"ListItem","position":1,"name":"Portada","item":"https:\/\/creaibiza.com\/"},{"@type":"ListItem","position":2,"name":"Tienda","item":"https:\/\/creaibiza.com\/en\/tienda\/"},{"@type":"ListItem","position":3,"name":"MARBLE"}]},{"@type":"WebSite","@id":"https:\/\/creaibiza.com\/#website","url":"https:\/\/creaibiza.com\/","name":"Create Ibiza","description":"Cer\u00e1mica, sanitarios y revestimientos de dise\u00f1o en Ibiza","publisher":{"@id":"https:\/\/creaibiza.com\/#organization"},"potentialAction":[{"@type":"SearchAction","target":{"@type":"EntryPoint","urlTemplate":"https:\/\/creaibiza.com\/?s={search_term_string}"},"query-input":{"@type":"PropertyValueSpecification","valueRequired":true,"valueName":"search_term_string"}}],"inLanguage":"en-GB"},{"@type":"Organization","@id":"https:\/\/creaibiza.com\/#organization","name":"Create Ibiza","url":"https:\/\/creaibiza.com\/","logo":{"@type":"ImageObject","inLanguage":"en-GB","@id":"https:\/\/creaibiza.com\/#\/schema\/logo\/image\/","url":"https:\/\/creaibiza.com\/wp-content\/uploads\/2024\/02\/cropped-logocrea-web.png","contentUrl":"https:\/\/creaibiza.com\/wp-content\/uploads\/2024\/02\/cropped-logocrea-web.png","width":591,"height":210,"caption":"Crea Ibiza"},"image":{"@id":"https:\/\/creaibiza.com\/#\/schema\/logo\/image\/"},"sameAs":["https:\/\/www.facebook.com\/creaibiza","https:\/\/www.instagram.com\/creaibiza"]}]}},"_links":{"self":[{"href":"https:\/\/creaibiza.com\/en\/wp-json\/wp\/v2\/product\/33382","targetHints":{"allow":["GET"]}}],"collection":[{"href":"https:\/\/creaibiza.com\/en\/wp-json\/wp\/v2\/product"}],"about":[{"href":"https:\/\/creaibiza.com\/en\/wp-json\/wp\/v2\/types\/product"}],"version-history":[{"count":3,"href":"https:\/\/creaibiza.com\/en\/wp-json\/wp\/v2\/product\/33382\/revisions"}],"predecessor-version":[{"id":33393,"href":"https:\/\/creaibiza.com\/en\/wp-json\/wp\/v2\/product\/33382\/revisions\/33393"}],"wp:featuredmedia":[{"embeddable":true,"href":"https:\/\/creaibiza.com\/en\/wp-json\/wp\/v2\/media\/33392"}],"wp:attachment":[{"href":"https:\/\/creaibiza.com\/en\/wp-json\/wp\/v2\/media?parent=33382"}],"wp:term":[{"taxonomy":"product_brand","embeddable":true,"href":"https:\/\/creaibiza.com\/en\/wp-json\/wp\/v2\/product_brand?post=33382"},{"taxonomy":"product_cat","embeddable":true,"href":"https:\/\/creaibiza.com\/en\/wp-json\/wp\/v2\/product_cat?post=33382"},{"taxonomy":"product_tag","embeddable":true,"href":"https:\/\/creaibiza.com\/en\/wp-json\/wp\/v2\/product_tag?post=33382"}],"curies":[{"name":"wp","href":"https:\/\/api.w.org\/{rel}","templated":true}]}}