{"id":33298,"date":"2024-04-30T13:06:40","date_gmt":"2024-04-30T12:06:40","guid":{"rendered":"https:\/\/creaibiza.com\/?post_type=product&#038;p=33298"},"modified":"2026-02-19T19:02:58","modified_gmt":"2026-02-19T18:02:58","slug":"pavement-coating-stone-effect-terra","status":"publish","type":"product","link":"https:\/\/creaibiza.com\/en\/product\/pavement-coating-stone-effect-terra\/","title":{"rendered":"Stone effect paving\/cladding various sizes and colours Terra"},"content":{"rendered":"<p>Discover the primordial essence of nature with the Terra stone-effect flooring\/cladding, available in various sizes and colours, now at Crea Ibiza. Inspired by the atavistic call of the primordial, the Terra collection offers an essential and primitive look that evokes the intrinsic characteristics of nature: its resistance, irregularity and uniqueness.<\/p>\n<p>Each piece in the Terra range reflects the material dried by the sun and transformed by natural agents, acquiring an aged appearance that tells the story of the passage of time, full of memories and evocations.<\/p>\n<p>Transform your spaces with the natural beauty and authenticity of Terra stone-effect paving\/cladding, available exclusively at Crea Ibiza. Visit our shop and discover how you can add a touch of nature to your interiors and exteriors with this exceptional collection, making your environments speak of the history of the earth!<\/p>","protected":false},"excerpt":{"rendered":"<p>Descubre la esencia primordial de la naturaleza con el pavimento\/revestimiento efecto piedra Terra, disponible en varios tama\u00f1os y colores, ahora en Crea Ibiza. Inspirado en el llamado at\u00e1vico de lo primordial, la colecci\u00f3n Terra ofrece un aspecto esencial y primitivo que evoca las caracter\u00edsticas intr\u00ednsecas de la naturaleza: su resistencia, irregularidad y singularidad. Cada pieza &hellip; <\/p>\n<p class=\"link-more\"><a href=\"https:\/\/creaibiza.com\/en\/product\/pavement-coating-stone-effect-terra\/\" class=\"more-link\">Read More <span class=\"screen-reader-text\"> \u00abPavimento\/revestimento efecto piedra varios tama\u00f1os y colores Terra\u00bb<\/span><\/a><\/p>","protected":false},"featured_media":33333,"template":"","meta":{"_acf_changed":false},"product_brand":[1588],"product_cat":[116,227,1002,113],"product_tag":[1352,1353],"class_list":{"0":"post-33298","1":"product","2":"type-product","3":"status-publish","4":"has-post-thumbnail","6":"product_brand-gigacer","7":"product_cat-pavimento","8":"product_cat-piedra","9":"product_cat-piedra-revestimiento","10":"product_cat-revestimiento","11":"product_tag-pavimento","12":"product_tag-revestimiento","14":"first","15":"instock","16":"taxable","17":"shipping-taxable","18":"purchasable","19":"product-type-variable"},"acf":[],"yoast_head":"<!-- This site is optimized with the Yoast SEO plugin v27.2 - https:\/\/yoast.com\/product\/yoast-seo-wordpress\/ -->\n<title>Pavimento\/revestimento efecto piedra Terra- Crea Ibiza<\/title>\n<meta name=\"description\" content=\"Crea Ibiza - Pavimento\/revestimento efecto piedra varios tama\u00f1os y colores Terra - Descubre el encanto del pavimento efecto pintura Fresco\" \/>\n<meta name=\"robots\" content=\"index, follow, max-snippet:-1, max-image-preview:large, max-video-preview:-1\" \/>\n<link rel=\"canonical\" href=\"https:\/\/creaibiza.com\/en\/product\/pavement-coating-stone-effect-terra\/\" \/>\n<meta property=\"og:locale\" content=\"en_GB\" \/>\n<meta property=\"og:type\" content=\"article\" \/>\n<meta property=\"og:title\" content=\"Pavimento\/revestimento efecto piedra Terra- Crea Ibiza\" \/>\n<meta property=\"og:description\" content=\"Crea Ibiza - Pavimento\/revestimento efecto piedra varios tama\u00f1os y colores Terra - Descubre el encanto del pavimento efecto pintura Fresco\" \/>\n<meta property=\"og:url\" content=\"https:\/\/creaibiza.com\/en\/product\/pavement-coating-stone-effect-terra\/\" \/>\n<meta property=\"og:site_name\" content=\"Crea Ibiza\" \/>\n<meta property=\"article:publisher\" content=\"https:\/\/www.facebook.com\/creaibiza\" \/>\n<meta property=\"article:modified_time\" content=\"2026-02-19T18:02:58+00:00\" \/>\n<meta property=\"og:image\" content=\"https:\/\/creaibiza.com\/wp-content\/uploads\/2024\/04\/Terra-Gigacer-12.jpg\" \/>\n\t<meta property=\"og:image:width\" content=\"1500\" \/>\n\t<meta property=\"og:image:height\" content=\"944\" \/>\n\t<meta property=\"og:image:type\" content=\"image\/jpeg\" \/>\n<meta name=\"twitter:card\" content=\"summary_large_image\" \/>\n<meta name=\"twitter:label1\" content=\"Estimated reading time\" \/>\n\t<meta name=\"twitter:data1\" content=\"1 minute\" \/>\n<script type=\"application\/ld+json\" class=\"yoast-schema-graph\">{\"@context\":\"https:\/\/schema.org\",\"@graph\":[{\"@type\":\"WebPage\",\"@id\":\"https:\/\/creaibiza.com\/producto\/pavimento-revestimento-efecto-piedra-terra\/\",\"url\":\"https:\/\/creaibiza.com\/producto\/pavimento-revestimento-efecto-piedra-terra\/\",\"name\":\"Pavimento\/revestimento efecto piedra Terra- Crea Ibiza\",\"isPartOf\":{\"@id\":\"https:\/\/creaibiza.com\/#website\"},\"primaryImageOfPage\":{\"@id\":\"https:\/\/creaibiza.com\/producto\/pavimento-revestimento-efecto-piedra-terra\/#primaryimage\"},\"image\":{\"@id\":\"https:\/\/creaibiza.com\/producto\/pavimento-revestimento-efecto-piedra-terra\/#primaryimage\"},\"thumbnailUrl\":\"https:\/\/creaibiza.com\/wp-content\/uploads\/2024\/04\/Terra-Gigacer-12.jpg\",\"datePublished\":\"2024-04-30T12:06:40+00:00\",\"dateModified\":\"2026-02-19T18:02:58+00:00\",\"description\":\"Crea Ibiza - Pavimento\/revestimento efecto piedra varios tama\u00f1os y colores Terra - Descubre el encanto del pavimento efecto pintura Fresco\",\"breadcrumb\":{\"@id\":\"https:\/\/creaibiza.com\/producto\/pavimento-revestimento-efecto-piedra-terra\/#breadcrumb\"},\"inLanguage\":\"en-GB\",\"potentialAction\":[{\"@type\":\"ReadAction\",\"target\":[\"https:\/\/creaibiza.com\/producto\/pavimento-revestimento-efecto-piedra-terra\/\"]}]},{\"@type\":\"ImageObject\",\"inLanguage\":\"en-GB\",\"@id\":\"https:\/\/creaibiza.com\/producto\/pavimento-revestimento-efecto-piedra-terra\/#primaryimage\",\"url\":\"https:\/\/creaibiza.com\/wp-content\/uploads\/2024\/04\/Terra-Gigacer-12.jpg\",\"contentUrl\":\"https:\/\/creaibiza.com\/wp-content\/uploads\/2024\/04\/Terra-Gigacer-12.jpg\",\"width\":1500,\"height\":944},{\"@type\":\"BreadcrumbList\",\"@id\":\"https:\/\/creaibiza.com\/producto\/pavimento-revestimento-efecto-piedra-terra\/#breadcrumb\",\"itemListElement\":[{\"@type\":\"ListItem\",\"position\":1,\"name\":\"Portada\",\"item\":\"https:\/\/creaibiza.com\/\"},{\"@type\":\"ListItem\",\"position\":2,\"name\":\"Tienda\",\"item\":\"https:\/\/creaibiza.com\/en\/tienda\/\"},{\"@type\":\"ListItem\",\"position\":3,\"name\":\"Pavimento\/revestimento efecto piedra varios tama\u00f1os y colores Terra\"}]},{\"@type\":\"WebSite\",\"@id\":\"https:\/\/creaibiza.com\/#website\",\"url\":\"https:\/\/creaibiza.com\/\",\"name\":\"Crea Ibiza\",\"description\":\"Cer\u00e1mica, sanitarios y revestimientos de dise\u00f1o en Ibiza\",\"publisher\":{\"@id\":\"https:\/\/creaibiza.com\/#organization\"},\"potentialAction\":[{\"@type\":\"SearchAction\",\"target\":{\"@type\":\"EntryPoint\",\"urlTemplate\":\"https:\/\/creaibiza.com\/?s={search_term_string}\"},\"query-input\":{\"@type\":\"PropertyValueSpecification\",\"valueRequired\":true,\"valueName\":\"search_term_string\"}}],\"inLanguage\":\"en-GB\"},{\"@type\":\"Organization\",\"@id\":\"https:\/\/creaibiza.com\/#organization\",\"name\":\"Crea Ibiza\",\"url\":\"https:\/\/creaibiza.com\/\",\"logo\":{\"@type\":\"ImageObject\",\"inLanguage\":\"en-GB\",\"@id\":\"https:\/\/creaibiza.com\/#\/schema\/logo\/image\/\",\"url\":\"https:\/\/creaibiza.com\/wp-content\/uploads\/2024\/02\/cropped-logocrea-web.png\",\"contentUrl\":\"https:\/\/creaibiza.com\/wp-content\/uploads\/2024\/02\/cropped-logocrea-web.png\",\"width\":591,\"height\":210,\"caption\":\"Crea Ibiza\"},\"image\":{\"@id\":\"https:\/\/creaibiza.com\/#\/schema\/logo\/image\/\"},\"sameAs\":[\"https:\/\/www.facebook.com\/creaibiza\",\"https:\/\/www.instagram.com\/creaibiza\"]}]}<\/script>\n<!-- \/ Yoast SEO plugin. -->","yoast_head_json":{"title":"Pavimento\/revestimento efecto piedra Terra- Crea Ibiza","description":"Crea Ibiza - Pavimento\/revestimento efecto piedra varios tama\u00f1os y colores Terra - Descubre el encanto del pavimento efecto pintura Fresco","robots":{"index":"index","follow":"follow","max-snippet":"max-snippet:-1","max-image-preview":"max-image-preview:large","max-video-preview":"max-video-preview:-1"},"canonical":"https:\/\/creaibiza.com\/en\/product\/pavement-coating-stone-effect-terra\/","og_locale":"en_GB","og_type":"article","og_title":"Pavimento\/revestimento efecto piedra Terra- Crea Ibiza","og_description":"Crea Ibiza - Pavimento\/revestimento efecto piedra varios tama\u00f1os y colores Terra - Descubre el encanto del pavimento efecto pintura Fresco","og_url":"https:\/\/creaibiza.com\/en\/product\/pavement-coating-stone-effect-terra\/","og_site_name":"Crea Ibiza","article_publisher":"https:\/\/www.facebook.com\/creaibiza","article_modified_time":"2026-02-19T18:02:58+00:00","og_image":[{"width":1500,"height":944,"url":"https:\/\/creaibiza.com\/wp-content\/uploads\/2024\/04\/Terra-Gigacer-12.jpg","type":"image\/jpeg"}],"twitter_card":"summary_large_image","twitter_misc":{"Estimated reading time":"1 minute"},"schema":{"@context":"https:\/\/schema.org","@graph":[{"@type":"WebPage","@id":"https:\/\/creaibiza.com\/producto\/pavimento-revestimento-efecto-piedra-terra\/","url":"https:\/\/creaibiza.com\/producto\/pavimento-revestimento-efecto-piedra-terra\/","name":"Pavimento\/revestimento efecto piedra Terra- Crea Ibiza","isPartOf":{"@id":"https:\/\/creaibiza.com\/#website"},"primaryImageOfPage":{"@id":"https:\/\/creaibiza.com\/producto\/pavimento-revestimento-efecto-piedra-terra\/#primaryimage"},"image":{"@id":"https:\/\/creaibiza.com\/producto\/pavimento-revestimento-efecto-piedra-terra\/#primaryimage"},"thumbnailUrl":"https:\/\/creaibiza.com\/wp-content\/uploads\/2024\/04\/Terra-Gigacer-12.jpg","datePublished":"2024-04-30T12:06:40+00:00","dateModified":"2026-02-19T18:02:58+00:00","description":"Crea Ibiza - Pavimento\/revestimento efecto piedra varios tama\u00f1os y colores Terra - Descubre el encanto del pavimento efecto pintura Fresco","breadcrumb":{"@id":"https:\/\/creaibiza.com\/producto\/pavimento-revestimento-efecto-piedra-terra\/#breadcrumb"},"inLanguage":"en-GB","potentialAction":[{"@type":"ReadAction","target":["https:\/\/creaibiza.com\/producto\/pavimento-revestimento-efecto-piedra-terra\/"]}]},{"@type":"ImageObject","inLanguage":"en-GB","@id":"https:\/\/creaibiza.com\/producto\/pavimento-revestimento-efecto-piedra-terra\/#primaryimage","url":"https:\/\/creaibiza.com\/wp-content\/uploads\/2024\/04\/Terra-Gigacer-12.jpg","contentUrl":"https:\/\/creaibiza.com\/wp-content\/uploads\/2024\/04\/Terra-Gigacer-12.jpg","width":1500,"height":944},{"@type":"BreadcrumbList","@id":"https:\/\/creaibiza.com\/producto\/pavimento-revestimento-efecto-piedra-terra\/#breadcrumb","itemListElement":[{"@type":"ListItem","position":1,"name":"Portada","item":"https:\/\/creaibiza.com\/"},{"@type":"ListItem","position":2,"name":"Tienda","item":"https:\/\/creaibiza.com\/en\/tienda\/"},{"@type":"ListItem","position":3,"name":"Pavimento\/revestimento efecto piedra varios tama\u00f1os y colores Terra"}]},{"@type":"WebSite","@id":"https:\/\/creaibiza.com\/#website","url":"https:\/\/creaibiza.com\/","name":"Create Ibiza","description":"Cer\u00e1mica, sanitarios y revestimientos de dise\u00f1o en Ibiza","publisher":{"@id":"https:\/\/creaibiza.com\/#organization"},"potentialAction":[{"@type":"SearchAction","target":{"@type":"EntryPoint","urlTemplate":"https:\/\/creaibiza.com\/?s={search_term_string}"},"query-input":{"@type":"PropertyValueSpecification","valueRequired":true,"valueName":"search_term_string"}}],"inLanguage":"en-GB"},{"@type":"Organization","@id":"https:\/\/creaibiza.com\/#organization","name":"Create Ibiza","url":"https:\/\/creaibiza.com\/","logo":{"@type":"ImageObject","inLanguage":"en-GB","@id":"https:\/\/creaibiza.com\/#\/schema\/logo\/image\/","url":"https:\/\/creaibiza.com\/wp-content\/uploads\/2024\/02\/cropped-logocrea-web.png","contentUrl":"https:\/\/creaibiza.com\/wp-content\/uploads\/2024\/02\/cropped-logocrea-web.png","width":591,"height":210,"caption":"Crea Ibiza"},"image":{"@id":"https:\/\/creaibiza.com\/#\/schema\/logo\/image\/"},"sameAs":["https:\/\/www.facebook.com\/creaibiza","https:\/\/www.instagram.com\/creaibiza"]}]}},"_links":{"self":[{"href":"https:\/\/creaibiza.com\/en\/wp-json\/wp\/v2\/product\/33298","targetHints":{"allow":["GET"]}}],"collection":[{"href":"https:\/\/creaibiza.com\/en\/wp-json\/wp\/v2\/product"}],"about":[{"href":"https:\/\/creaibiza.com\/en\/wp-json\/wp\/v2\/types\/product"}],"version-history":[{"count":2,"href":"https:\/\/creaibiza.com\/en\/wp-json\/wp\/v2\/product\/33298\/revisions"}],"predecessor-version":[{"id":33336,"href":"https:\/\/creaibiza.com\/en\/wp-json\/wp\/v2\/product\/33298\/revisions\/33336"}],"wp:featuredmedia":[{"embeddable":true,"href":"https:\/\/creaibiza.com\/en\/wp-json\/wp\/v2\/media\/33333"}],"wp:attachment":[{"href":"https:\/\/creaibiza.com\/en\/wp-json\/wp\/v2\/media?parent=33298"}],"wp:term":[{"taxonomy":"product_brand","embeddable":true,"href":"https:\/\/creaibiza.com\/en\/wp-json\/wp\/v2\/product_brand?post=33298"},{"taxonomy":"product_cat","embeddable":true,"href":"https:\/\/creaibiza.com\/en\/wp-json\/wp\/v2\/product_cat?post=33298"},{"taxonomy":"product_tag","embeddable":true,"href":"https:\/\/creaibiza.com\/en\/wp-json\/wp\/v2\/product_tag?post=33298"}],"curies":[{"name":"wp","href":"https:\/\/api.w.org\/{rel}","templated":true}]}}