{"id":33135,"date":"2024-04-30T11:57:54","date_gmt":"2024-04-30T10:57:54","guid":{"rendered":"https:\/\/creaibiza.com\/?post_type=product&#038;p=33135"},"modified":"2026-02-19T18:54:55","modified_gmt":"2026-02-19T17:54:55","slug":"pavement-ceramic-effect-space-various-sizes","status":"publish","type":"product","link":"https:\/\/creaibiza.com\/en\/product\/pavement-ceramic-effect-space-various-sizes\/","title":{"rendered":"Space ceramic effect flooring in various sizes"},"content":{"rendered":"<p>Discover innovation and style with the ceramic-effect Space flooring from the prestigious Alcalagres brand, now available at Crea Ibiza. This avant-garde collection fuses contemporary design with the quality and durability that characterise Alcalagres, offering an exceptional option for your interior design projects.<\/p>\n<p>With a wide variety of finishes and shades, Space flooring adds a touch of modernity and sophistication to any space. Its resistance and ease of maintenance make it the ideal choice for areas of high traffic and constant use, both in homes and commercial spaces.<\/p>\n<p>Transform your environments with the beauty and quality of Alcalagres' ceramic effect Space flooring, now available at Crea Ibiza. Visit our shop and discover how you can create stunning spaces with this avant-garde collection - don't wait any longer to give your floors a new look!<\/p>","protected":false},"excerpt":{"rendered":"<p>Descubre la innovaci\u00f3n y el estilo con el pavimento Space de efecto cer\u00e1mica de la prestigiosa marca Alcalagres, ahora disponible en Crea Ibiza. Esta colecci\u00f3n vanguardista fusiona dise\u00f1o contempor\u00e1neo con la calidad y durabilidad que caracterizan a Alcalagres, ofreciendo una opci\u00f3n excepcional para tus proyectos de dise\u00f1o interior. Con una amplia variedad de acabados y &hellip; <\/p>\n<p class=\"link-more\"><a href=\"https:\/\/creaibiza.com\/en\/product\/pavement-ceramic-effect-space-various-sizes\/\" class=\"more-link\">Read More <span class=\"screen-reader-text\"> \u00abPavimento efecto cer\u00e1mica Space varios tama\u00f1os\u00bb<\/span><\/a><\/p>","protected":false},"featured_media":33160,"template":"","meta":{"_acf_changed":false},"product_brand":[2034],"product_cat":[317,116],"product_tag":[1352,1353],"class_list":{"0":"post-33135","1":"product","2":"type-product","3":"status-publish","4":"has-post-thumbnail","6":"product_brand-alcalagres","7":"product_cat-cemento","8":"product_cat-pavimento","9":"product_tag-pavimento","10":"product_tag-revestimiento","12":"first","13":"instock","14":"taxable","15":"shipping-taxable","16":"purchasable","17":"product-type-variable"},"acf":[],"yoast_head":"<!-- This site is optimized with the Yoast SEO plugin v27.2 - https:\/\/yoast.com\/product\/yoast-seo-wordpress\/ -->\n<title>Pavimento efecto cer\u00e1mica Space varios tama\u00f1os - Crea Ibiza<\/title>\n<meta name=\"description\" content=\"Crea Ibiza - Pavimento efecto cer\u00e1mica Space varios tama\u00f1os - Descubre el estilo con el pavimento Space de efecto cer\u00e1mica de la marca Alcalagres.\" \/>\n<meta name=\"robots\" content=\"index, follow, max-snippet:-1, max-image-preview:large, max-video-preview:-1\" \/>\n<link rel=\"canonical\" href=\"https:\/\/creaibiza.com\/en\/product\/pavement-ceramic-effect-space-various-sizes\/\" \/>\n<meta property=\"og:locale\" content=\"en_GB\" \/>\n<meta property=\"og:type\" content=\"article\" \/>\n<meta property=\"og:title\" content=\"Pavimento efecto cer\u00e1mica Space varios tama\u00f1os - Crea Ibiza\" \/>\n<meta property=\"og:description\" content=\"Crea Ibiza - Pavimento efecto cer\u00e1mica Space varios tama\u00f1os - Descubre el estilo con el pavimento Space de efecto cer\u00e1mica de la marca Alcalagres.\" \/>\n<meta property=\"og:url\" content=\"https:\/\/creaibiza.com\/en\/product\/pavement-ceramic-effect-space-various-sizes\/\" \/>\n<meta property=\"og:site_name\" content=\"Crea Ibiza\" \/>\n<meta property=\"article:publisher\" content=\"https:\/\/www.facebook.com\/creaibiza\" \/>\n<meta property=\"article:modified_time\" content=\"2026-02-19T17:54:55+00:00\" \/>\n<meta property=\"og:image\" content=\"https:\/\/creaibiza.com\/wp-content\/uploads\/2024\/04\/space-amb-01.jpg\" \/>\n\t<meta property=\"og:image:width\" content=\"2000\" \/>\n\t<meta property=\"og:image:height\" content=\"1415\" \/>\n\t<meta property=\"og:image:type\" content=\"image\/jpeg\" \/>\n<meta name=\"twitter:card\" content=\"summary_large_image\" \/>\n<meta name=\"twitter:label1\" content=\"Estimated reading time\" \/>\n\t<meta name=\"twitter:data1\" content=\"1 minute\" \/>\n<script type=\"application\/ld+json\" class=\"yoast-schema-graph\">{\"@context\":\"https:\/\/schema.org\",\"@graph\":[{\"@type\":\"WebPage\",\"@id\":\"https:\/\/creaibiza.com\/producto\/pavimento-efecto-ceramica-space-varios-tamanos\/\",\"url\":\"https:\/\/creaibiza.com\/producto\/pavimento-efecto-ceramica-space-varios-tamanos\/\",\"name\":\"Pavimento efecto cer\u00e1mica Space varios tama\u00f1os - Crea Ibiza\",\"isPartOf\":{\"@id\":\"https:\/\/creaibiza.com\/#website\"},\"primaryImageOfPage\":{\"@id\":\"https:\/\/creaibiza.com\/producto\/pavimento-efecto-ceramica-space-varios-tamanos\/#primaryimage\"},\"image\":{\"@id\":\"https:\/\/creaibiza.com\/producto\/pavimento-efecto-ceramica-space-varios-tamanos\/#primaryimage\"},\"thumbnailUrl\":\"https:\/\/creaibiza.com\/wp-content\/uploads\/2024\/04\/space-amb-01.jpg\",\"datePublished\":\"2024-04-30T10:57:54+00:00\",\"dateModified\":\"2026-02-19T17:54:55+00:00\",\"description\":\"Crea Ibiza - Pavimento efecto cer\u00e1mica Space varios tama\u00f1os - Descubre el estilo con el pavimento Space de efecto cer\u00e1mica de la marca Alcalagres.\",\"breadcrumb\":{\"@id\":\"https:\/\/creaibiza.com\/producto\/pavimento-efecto-ceramica-space-varios-tamanos\/#breadcrumb\"},\"inLanguage\":\"en-GB\",\"potentialAction\":[{\"@type\":\"ReadAction\",\"target\":[\"https:\/\/creaibiza.com\/producto\/pavimento-efecto-ceramica-space-varios-tamanos\/\"]}]},{\"@type\":\"ImageObject\",\"inLanguage\":\"en-GB\",\"@id\":\"https:\/\/creaibiza.com\/producto\/pavimento-efecto-ceramica-space-varios-tamanos\/#primaryimage\",\"url\":\"https:\/\/creaibiza.com\/wp-content\/uploads\/2024\/04\/space-amb-01.jpg\",\"contentUrl\":\"https:\/\/creaibiza.com\/wp-content\/uploads\/2024\/04\/space-amb-01.jpg\",\"width\":2000,\"height\":1415,\"caption\":\"Pavimento efecto cer\u00e1mica Space varios tama\u00f1os\"},{\"@type\":\"BreadcrumbList\",\"@id\":\"https:\/\/creaibiza.com\/producto\/pavimento-efecto-ceramica-space-varios-tamanos\/#breadcrumb\",\"itemListElement\":[{\"@type\":\"ListItem\",\"position\":1,\"name\":\"Portada\",\"item\":\"https:\/\/creaibiza.com\/\"},{\"@type\":\"ListItem\",\"position\":2,\"name\":\"Tienda\",\"item\":\"https:\/\/creaibiza.com\/en\/tienda\/\"},{\"@type\":\"ListItem\",\"position\":3,\"name\":\"Pavimento efecto cer\u00e1mica Space varios tama\u00f1os\"}]},{\"@type\":\"WebSite\",\"@id\":\"https:\/\/creaibiza.com\/#website\",\"url\":\"https:\/\/creaibiza.com\/\",\"name\":\"Crea Ibiza\",\"description\":\"Cer\u00e1mica, sanitarios y revestimientos de dise\u00f1o en Ibiza\",\"publisher\":{\"@id\":\"https:\/\/creaibiza.com\/#organization\"},\"potentialAction\":[{\"@type\":\"SearchAction\",\"target\":{\"@type\":\"EntryPoint\",\"urlTemplate\":\"https:\/\/creaibiza.com\/?s={search_term_string}\"},\"query-input\":{\"@type\":\"PropertyValueSpecification\",\"valueRequired\":true,\"valueName\":\"search_term_string\"}}],\"inLanguage\":\"en-GB\"},{\"@type\":\"Organization\",\"@id\":\"https:\/\/creaibiza.com\/#organization\",\"name\":\"Crea Ibiza\",\"url\":\"https:\/\/creaibiza.com\/\",\"logo\":{\"@type\":\"ImageObject\",\"inLanguage\":\"en-GB\",\"@id\":\"https:\/\/creaibiza.com\/#\/schema\/logo\/image\/\",\"url\":\"https:\/\/creaibiza.com\/wp-content\/uploads\/2024\/02\/cropped-logocrea-web.png\",\"contentUrl\":\"https:\/\/creaibiza.com\/wp-content\/uploads\/2024\/02\/cropped-logocrea-web.png\",\"width\":591,\"height\":210,\"caption\":\"Crea Ibiza\"},\"image\":{\"@id\":\"https:\/\/creaibiza.com\/#\/schema\/logo\/image\/\"},\"sameAs\":[\"https:\/\/www.facebook.com\/creaibiza\",\"https:\/\/www.instagram.com\/creaibiza\"]}]}<\/script>\n<!-- \/ Yoast SEO plugin. -->","yoast_head_json":{"title":"Space ceramic effect flooring in various sizes - Crea Ibiza","description":"Crea Ibiza - Space ceramic effect floor tile various sizes - Discover the style with the Space ceramic effect floor tile by Alcalagres.","robots":{"index":"index","follow":"follow","max-snippet":"max-snippet:-1","max-image-preview":"max-image-preview:large","max-video-preview":"max-video-preview:-1"},"canonical":"https:\/\/creaibiza.com\/en\/product\/pavement-ceramic-effect-space-various-sizes\/","og_locale":"en_GB","og_type":"article","og_title":"Pavimento efecto cer\u00e1mica Space varios tama\u00f1os - Crea Ibiza","og_description":"Crea Ibiza - Pavimento efecto cer\u00e1mica Space varios tama\u00f1os - Descubre el estilo con el pavimento Space de efecto cer\u00e1mica de la marca Alcalagres.","og_url":"https:\/\/creaibiza.com\/en\/product\/pavement-ceramic-effect-space-various-sizes\/","og_site_name":"Crea Ibiza","article_publisher":"https:\/\/www.facebook.com\/creaibiza","article_modified_time":"2026-02-19T17:54:55+00:00","og_image":[{"width":2000,"height":1415,"url":"https:\/\/creaibiza.com\/wp-content\/uploads\/2024\/04\/space-amb-01.jpg","type":"image\/jpeg"}],"twitter_card":"summary_large_image","twitter_misc":{"Estimated reading time":"1 minute"},"schema":{"@context":"https:\/\/schema.org","@graph":[{"@type":"WebPage","@id":"https:\/\/creaibiza.com\/producto\/pavimento-efecto-ceramica-space-varios-tamanos\/","url":"https:\/\/creaibiza.com\/producto\/pavimento-efecto-ceramica-space-varios-tamanos\/","name":"Space ceramic effect flooring in various sizes - Crea Ibiza","isPartOf":{"@id":"https:\/\/creaibiza.com\/#website"},"primaryImageOfPage":{"@id":"https:\/\/creaibiza.com\/producto\/pavimento-efecto-ceramica-space-varios-tamanos\/#primaryimage"},"image":{"@id":"https:\/\/creaibiza.com\/producto\/pavimento-efecto-ceramica-space-varios-tamanos\/#primaryimage"},"thumbnailUrl":"https:\/\/creaibiza.com\/wp-content\/uploads\/2024\/04\/space-amb-01.jpg","datePublished":"2024-04-30T10:57:54+00:00","dateModified":"2026-02-19T17:54:55+00:00","description":"Crea Ibiza - Space ceramic effect floor tile various sizes - Discover the style with the Space ceramic effect floor tile by Alcalagres.","breadcrumb":{"@id":"https:\/\/creaibiza.com\/producto\/pavimento-efecto-ceramica-space-varios-tamanos\/#breadcrumb"},"inLanguage":"en-GB","potentialAction":[{"@type":"ReadAction","target":["https:\/\/creaibiza.com\/producto\/pavimento-efecto-ceramica-space-varios-tamanos\/"]}]},{"@type":"ImageObject","inLanguage":"en-GB","@id":"https:\/\/creaibiza.com\/producto\/pavimento-efecto-ceramica-space-varios-tamanos\/#primaryimage","url":"https:\/\/creaibiza.com\/wp-content\/uploads\/2024\/04\/space-amb-01.jpg","contentUrl":"https:\/\/creaibiza.com\/wp-content\/uploads\/2024\/04\/space-amb-01.jpg","width":2000,"height":1415,"caption":"Pavimento efecto cer\u00e1mica Space varios tama\u00f1os"},{"@type":"BreadcrumbList","@id":"https:\/\/creaibiza.com\/producto\/pavimento-efecto-ceramica-space-varios-tamanos\/#breadcrumb","itemListElement":[{"@type":"ListItem","position":1,"name":"Portada","item":"https:\/\/creaibiza.com\/"},{"@type":"ListItem","position":2,"name":"Tienda","item":"https:\/\/creaibiza.com\/en\/tienda\/"},{"@type":"ListItem","position":3,"name":"Pavimento efecto cer\u00e1mica Space varios tama\u00f1os"}]},{"@type":"WebSite","@id":"https:\/\/creaibiza.com\/#website","url":"https:\/\/creaibiza.com\/","name":"Create Ibiza","description":"Cer\u00e1mica, sanitarios y revestimientos de dise\u00f1o en Ibiza","publisher":{"@id":"https:\/\/creaibiza.com\/#organization"},"potentialAction":[{"@type":"SearchAction","target":{"@type":"EntryPoint","urlTemplate":"https:\/\/creaibiza.com\/?s={search_term_string}"},"query-input":{"@type":"PropertyValueSpecification","valueRequired":true,"valueName":"search_term_string"}}],"inLanguage":"en-GB"},{"@type":"Organization","@id":"https:\/\/creaibiza.com\/#organization","name":"Create Ibiza","url":"https:\/\/creaibiza.com\/","logo":{"@type":"ImageObject","inLanguage":"en-GB","@id":"https:\/\/creaibiza.com\/#\/schema\/logo\/image\/","url":"https:\/\/creaibiza.com\/wp-content\/uploads\/2024\/02\/cropped-logocrea-web.png","contentUrl":"https:\/\/creaibiza.com\/wp-content\/uploads\/2024\/02\/cropped-logocrea-web.png","width":591,"height":210,"caption":"Crea Ibiza"},"image":{"@id":"https:\/\/creaibiza.com\/#\/schema\/logo\/image\/"},"sameAs":["https:\/\/www.facebook.com\/creaibiza","https:\/\/www.instagram.com\/creaibiza"]}]}},"_links":{"self":[{"href":"https:\/\/creaibiza.com\/en\/wp-json\/wp\/v2\/product\/33135","targetHints":{"allow":["GET"]}}],"collection":[{"href":"https:\/\/creaibiza.com\/en\/wp-json\/wp\/v2\/product"}],"about":[{"href":"https:\/\/creaibiza.com\/en\/wp-json\/wp\/v2\/types\/product"}],"version-history":[{"count":1,"href":"https:\/\/creaibiza.com\/en\/wp-json\/wp\/v2\/product\/33135\/revisions"}],"predecessor-version":[{"id":33162,"href":"https:\/\/creaibiza.com\/en\/wp-json\/wp\/v2\/product\/33135\/revisions\/33162"}],"wp:featuredmedia":[{"embeddable":true,"href":"https:\/\/creaibiza.com\/en\/wp-json\/wp\/v2\/media\/33160"}],"wp:attachment":[{"href":"https:\/\/creaibiza.com\/en\/wp-json\/wp\/v2\/media?parent=33135"}],"wp:term":[{"taxonomy":"product_brand","embeddable":true,"href":"https:\/\/creaibiza.com\/en\/wp-json\/wp\/v2\/product_brand?post=33135"},{"taxonomy":"product_cat","embeddable":true,"href":"https:\/\/creaibiza.com\/en\/wp-json\/wp\/v2\/product_cat?post=33135"},{"taxonomy":"product_tag","embeddable":true,"href":"https:\/\/creaibiza.com\/en\/wp-json\/wp\/v2\/product_tag?post=33135"}],"curies":[{"name":"wp","href":"https:\/\/api.w.org\/{rel}","templated":true}]}}