{"id":32875,"date":"2024-04-30T00:12:29","date_gmt":"2024-04-29T23:12:29","guid":{"rendered":"https:\/\/creaibiza.com\/?post_type=product&#038;p=32875"},"modified":"2026-01-27T20:35:15","modified_gmt":"2026-01-27T19:35:15","slug":"stone-pavement-atrio-various-sizes","status":"publish","type":"product","link":"https:\/\/creaibiza.com\/en\/product\/stone-pavement-atrio-various-sizes\/","title":{"rendered":"MIK ATRI"},"content":{"rendered":"<p>Discover the timeless elegance of ATRIO stone paving and tiles from the renowned brand Mykonos Ceramic, now available at Crea Ibiza. This collection fuses the natural beauty of stone with the quality and innovation of Mykonos Ceramic, offering a sophisticated option for your interior and exterior design projects.<\/p>\n<p>With a variety of tones and textures ranging from classic to contemporary, ATRIO floor and wall tiles bring versatility and style to any space. Its durability and strength make it an ideal choice for high traffic areas and harsh weather conditions.<\/p>\n<p>Transform your environments with the distinction of Mykonos Ceramic's ATRIO stone floor and wall tiles, available now at Crea Ibiza. Visit our shop and discover how you can create stunning spaces with this exceptional collection!<\/p>","protected":false},"excerpt":{"rendered":"<p>Descubre la elegancia atemporal del pavimento y azulejo de piedra ATRIO de la reconocida marca Mykonos Ceramic, ahora disponible en Crea Ibiza. Esta colecci\u00f3n fusiona la belleza natural de la piedra con la calidad y la innovaci\u00f3n de Mykonos Ceramic, ofreciendo una opci\u00f3n sofisticada para tus proyectos de dise\u00f1o interior y exterior. Con una variedad &hellip; <\/p>\n<p class=\"link-more\"><a href=\"https:\/\/creaibiza.com\/en\/product\/stone-pavement-atrio-various-sizes\/\" class=\"more-link\">Read More <span class=\"screen-reader-text\"> \u00abMIK ATRI\u00bb<\/span><\/a><\/p>","protected":false},"featured_media":32951,"template":"","meta":{"_acf_changed":false},"product_brand":[],"product_cat":[116,227,1002,113],"product_tag":[1352,1353],"class_list":{"0":"post-32875","1":"product","2":"type-product","3":"status-publish","4":"has-post-thumbnail","6":"product_cat-pavimento","7":"product_cat-piedra","8":"product_cat-piedra-revestimiento","9":"product_cat-revestimiento","10":"product_tag-pavimento","11":"product_tag-revestimiento","13":"first","14":"instock","15":"taxable","16":"shipping-taxable","17":"purchasable","18":"product-type-variable"},"acf":[],"yoast_head":"<!-- This site is optimized with the Yoast SEO plugin v27.2 - https:\/\/yoast.com\/product\/yoast-seo-wordpress\/ -->\n<title>MIK ATRI - Crea Ibiza<\/title>\n<meta name=\"description\" content=\"Crea Ibiza - MIK ATRI - Descubre la elegancia atemporal del pavimento y azulejo de piedra ATRIO de Mykonos Ceramic.\" \/>\n<meta name=\"robots\" content=\"index, follow, max-snippet:-1, max-image-preview:large, max-video-preview:-1\" \/>\n<link rel=\"canonical\" href=\"https:\/\/creaibiza.com\/en\/product\/stone-pavement-atrio-various-sizes\/\" \/>\n<meta property=\"og:locale\" content=\"en_GB\" \/>\n<meta property=\"og:type\" content=\"article\" \/>\n<meta property=\"og:title\" content=\"MIK ATRI - Crea Ibiza\" \/>\n<meta property=\"og:description\" content=\"Crea Ibiza - MIK ATRI - Descubre la elegancia atemporal del pavimento y azulejo de piedra ATRIO de Mykonos Ceramic.\" \/>\n<meta property=\"og:url\" content=\"https:\/\/creaibiza.com\/en\/product\/stone-pavement-atrio-various-sizes\/\" \/>\n<meta property=\"og:site_name\" content=\"Crea Ibiza\" \/>\n<meta property=\"article:publisher\" content=\"https:\/\/www.facebook.com\/creaibiza\" \/>\n<meta property=\"article:modified_time\" content=\"2026-01-27T19:35:15+00:00\" \/>\n<meta property=\"og:image\" content=\"https:\/\/creaibiza.com\/wp-content\/uploads\/2024\/04\/ATRIO-CREMA_120X260.jpg\" \/>\n\t<meta property=\"og:image:width\" content=\"1870\" \/>\n\t<meta property=\"og:image:height\" content=\"1920\" \/>\n\t<meta property=\"og:image:type\" content=\"image\/jpeg\" \/>\n<meta name=\"twitter:card\" content=\"summary_large_image\" \/>\n<meta name=\"twitter:label1\" content=\"Estimated reading time\" \/>\n\t<meta name=\"twitter:data1\" content=\"1 minute\" \/>\n<script type=\"application\/ld+json\" class=\"yoast-schema-graph\">{\"@context\":\"https:\/\/schema.org\",\"@graph\":[{\"@type\":\"WebPage\",\"@id\":\"https:\/\/creaibiza.com\/producto\/pavimento-de-piedra-atrio-varios-tamanos\/\",\"url\":\"https:\/\/creaibiza.com\/producto\/pavimento-de-piedra-atrio-varios-tamanos\/\",\"name\":\"MIK ATRI - Crea Ibiza\",\"isPartOf\":{\"@id\":\"https:\/\/creaibiza.com\/#website\"},\"primaryImageOfPage\":{\"@id\":\"https:\/\/creaibiza.com\/producto\/pavimento-de-piedra-atrio-varios-tamanos\/#primaryimage\"},\"image\":{\"@id\":\"https:\/\/creaibiza.com\/producto\/pavimento-de-piedra-atrio-varios-tamanos\/#primaryimage\"},\"thumbnailUrl\":\"https:\/\/creaibiza.com\/wp-content\/uploads\/2024\/04\/ATRIO-CREMA_120X260.jpg\",\"datePublished\":\"2024-04-29T23:12:29+00:00\",\"dateModified\":\"2026-01-27T19:35:15+00:00\",\"description\":\"Crea Ibiza - MIK ATRI - Descubre la elegancia atemporal del pavimento y azulejo de piedra ATRIO de Mykonos Ceramic.\",\"breadcrumb\":{\"@id\":\"https:\/\/creaibiza.com\/producto\/pavimento-de-piedra-atrio-varios-tamanos\/#breadcrumb\"},\"inLanguage\":\"en-GB\",\"potentialAction\":[{\"@type\":\"ReadAction\",\"target\":[\"https:\/\/creaibiza.com\/producto\/pavimento-de-piedra-atrio-varios-tamanos\/\"]}]},{\"@type\":\"ImageObject\",\"inLanguage\":\"en-GB\",\"@id\":\"https:\/\/creaibiza.com\/producto\/pavimento-de-piedra-atrio-varios-tamanos\/#primaryimage\",\"url\":\"https:\/\/creaibiza.com\/wp-content\/uploads\/2024\/04\/ATRIO-CREMA_120X260.jpg\",\"contentUrl\":\"https:\/\/creaibiza.com\/wp-content\/uploads\/2024\/04\/ATRIO-CREMA_120X260.jpg\",\"width\":1870,\"height\":1920},{\"@type\":\"BreadcrumbList\",\"@id\":\"https:\/\/creaibiza.com\/producto\/pavimento-de-piedra-atrio-varios-tamanos\/#breadcrumb\",\"itemListElement\":[{\"@type\":\"ListItem\",\"position\":1,\"name\":\"Portada\",\"item\":\"https:\/\/creaibiza.com\/\"},{\"@type\":\"ListItem\",\"position\":2,\"name\":\"Tienda\",\"item\":\"https:\/\/creaibiza.com\/en\/tienda\/\"},{\"@type\":\"ListItem\",\"position\":3,\"name\":\"MIK ATRI\"}]},{\"@type\":\"WebSite\",\"@id\":\"https:\/\/creaibiza.com\/#website\",\"url\":\"https:\/\/creaibiza.com\/\",\"name\":\"Crea Ibiza\",\"description\":\"Cer\u00e1mica, sanitarios y revestimientos de dise\u00f1o en Ibiza\",\"publisher\":{\"@id\":\"https:\/\/creaibiza.com\/#organization\"},\"potentialAction\":[{\"@type\":\"SearchAction\",\"target\":{\"@type\":\"EntryPoint\",\"urlTemplate\":\"https:\/\/creaibiza.com\/?s={search_term_string}\"},\"query-input\":{\"@type\":\"PropertyValueSpecification\",\"valueRequired\":true,\"valueName\":\"search_term_string\"}}],\"inLanguage\":\"en-GB\"},{\"@type\":\"Organization\",\"@id\":\"https:\/\/creaibiza.com\/#organization\",\"name\":\"Crea Ibiza\",\"url\":\"https:\/\/creaibiza.com\/\",\"logo\":{\"@type\":\"ImageObject\",\"inLanguage\":\"en-GB\",\"@id\":\"https:\/\/creaibiza.com\/#\/schema\/logo\/image\/\",\"url\":\"https:\/\/creaibiza.com\/wp-content\/uploads\/2024\/02\/cropped-logocrea-web.png\",\"contentUrl\":\"https:\/\/creaibiza.com\/wp-content\/uploads\/2024\/02\/cropped-logocrea-web.png\",\"width\":591,\"height\":210,\"caption\":\"Crea Ibiza\"},\"image\":{\"@id\":\"https:\/\/creaibiza.com\/#\/schema\/logo\/image\/\"},\"sameAs\":[\"https:\/\/www.facebook.com\/creaibiza\",\"https:\/\/www.instagram.com\/creaibiza\"]}]}<\/script>\n<!-- \/ Yoast SEO plugin. -->","yoast_head_json":{"title":"MIK ATRI - Crea Ibiza","description":"Crea Ibiza - MIK ATRI - Descubre la elegancia atemporal del pavimento y azulejo de piedra ATRIO de Mykonos Ceramic.","robots":{"index":"index","follow":"follow","max-snippet":"max-snippet:-1","max-image-preview":"max-image-preview:large","max-video-preview":"max-video-preview:-1"},"canonical":"https:\/\/creaibiza.com\/en\/product\/stone-pavement-atrio-various-sizes\/","og_locale":"en_GB","og_type":"article","og_title":"MIK ATRI - Crea Ibiza","og_description":"Crea Ibiza - MIK ATRI - Descubre la elegancia atemporal del pavimento y azulejo de piedra ATRIO de Mykonos Ceramic.","og_url":"https:\/\/creaibiza.com\/en\/product\/stone-pavement-atrio-various-sizes\/","og_site_name":"Crea Ibiza","article_publisher":"https:\/\/www.facebook.com\/creaibiza","article_modified_time":"2026-01-27T19:35:15+00:00","og_image":[{"width":1870,"height":1920,"url":"https:\/\/creaibiza.com\/wp-content\/uploads\/2024\/04\/ATRIO-CREMA_120X260.jpg","type":"image\/jpeg"}],"twitter_card":"summary_large_image","twitter_misc":{"Estimated reading time":"1 minute"},"schema":{"@context":"https:\/\/schema.org","@graph":[{"@type":"WebPage","@id":"https:\/\/creaibiza.com\/producto\/pavimento-de-piedra-atrio-varios-tamanos\/","url":"https:\/\/creaibiza.com\/producto\/pavimento-de-piedra-atrio-varios-tamanos\/","name":"MIK ATRI - Crea Ibiza","isPartOf":{"@id":"https:\/\/creaibiza.com\/#website"},"primaryImageOfPage":{"@id":"https:\/\/creaibiza.com\/producto\/pavimento-de-piedra-atrio-varios-tamanos\/#primaryimage"},"image":{"@id":"https:\/\/creaibiza.com\/producto\/pavimento-de-piedra-atrio-varios-tamanos\/#primaryimage"},"thumbnailUrl":"https:\/\/creaibiza.com\/wp-content\/uploads\/2024\/04\/ATRIO-CREMA_120X260.jpg","datePublished":"2024-04-29T23:12:29+00:00","dateModified":"2026-01-27T19:35:15+00:00","description":"Crea Ibiza - MIK ATRI - Descubre la elegancia atemporal del pavimento y azulejo de piedra ATRIO de Mykonos Ceramic.","breadcrumb":{"@id":"https:\/\/creaibiza.com\/producto\/pavimento-de-piedra-atrio-varios-tamanos\/#breadcrumb"},"inLanguage":"en-GB","potentialAction":[{"@type":"ReadAction","target":["https:\/\/creaibiza.com\/producto\/pavimento-de-piedra-atrio-varios-tamanos\/"]}]},{"@type":"ImageObject","inLanguage":"en-GB","@id":"https:\/\/creaibiza.com\/producto\/pavimento-de-piedra-atrio-varios-tamanos\/#primaryimage","url":"https:\/\/creaibiza.com\/wp-content\/uploads\/2024\/04\/ATRIO-CREMA_120X260.jpg","contentUrl":"https:\/\/creaibiza.com\/wp-content\/uploads\/2024\/04\/ATRIO-CREMA_120X260.jpg","width":1870,"height":1920},{"@type":"BreadcrumbList","@id":"https:\/\/creaibiza.com\/producto\/pavimento-de-piedra-atrio-varios-tamanos\/#breadcrumb","itemListElement":[{"@type":"ListItem","position":1,"name":"Portada","item":"https:\/\/creaibiza.com\/"},{"@type":"ListItem","position":2,"name":"Tienda","item":"https:\/\/creaibiza.com\/en\/tienda\/"},{"@type":"ListItem","position":3,"name":"MIK ATRI"}]},{"@type":"WebSite","@id":"https:\/\/creaibiza.com\/#website","url":"https:\/\/creaibiza.com\/","name":"Create Ibiza","description":"Cer\u00e1mica, sanitarios y revestimientos de dise\u00f1o en Ibiza","publisher":{"@id":"https:\/\/creaibiza.com\/#organization"},"potentialAction":[{"@type":"SearchAction","target":{"@type":"EntryPoint","urlTemplate":"https:\/\/creaibiza.com\/?s={search_term_string}"},"query-input":{"@type":"PropertyValueSpecification","valueRequired":true,"valueName":"search_term_string"}}],"inLanguage":"en-GB"},{"@type":"Organization","@id":"https:\/\/creaibiza.com\/#organization","name":"Create Ibiza","url":"https:\/\/creaibiza.com\/","logo":{"@type":"ImageObject","inLanguage":"en-GB","@id":"https:\/\/creaibiza.com\/#\/schema\/logo\/image\/","url":"https:\/\/creaibiza.com\/wp-content\/uploads\/2024\/02\/cropped-logocrea-web.png","contentUrl":"https:\/\/creaibiza.com\/wp-content\/uploads\/2024\/02\/cropped-logocrea-web.png","width":591,"height":210,"caption":"Crea Ibiza"},"image":{"@id":"https:\/\/creaibiza.com\/#\/schema\/logo\/image\/"},"sameAs":["https:\/\/www.facebook.com\/creaibiza","https:\/\/www.instagram.com\/creaibiza"]}]}},"_links":{"self":[{"href":"https:\/\/creaibiza.com\/en\/wp-json\/wp\/v2\/product\/32875","targetHints":{"allow":["GET"]}}],"collection":[{"href":"https:\/\/creaibiza.com\/en\/wp-json\/wp\/v2\/product"}],"about":[{"href":"https:\/\/creaibiza.com\/en\/wp-json\/wp\/v2\/types\/product"}],"version-history":[{"count":3,"href":"https:\/\/creaibiza.com\/en\/wp-json\/wp\/v2\/product\/32875\/revisions"}],"predecessor-version":[{"id":35906,"href":"https:\/\/creaibiza.com\/en\/wp-json\/wp\/v2\/product\/32875\/revisions\/35906"}],"wp:featuredmedia":[{"embeddable":true,"href":"https:\/\/creaibiza.com\/en\/wp-json\/wp\/v2\/media\/32951"}],"wp:attachment":[{"href":"https:\/\/creaibiza.com\/en\/wp-json\/wp\/v2\/media?parent=32875"}],"wp:term":[{"taxonomy":"product_brand","embeddable":true,"href":"https:\/\/creaibiza.com\/en\/wp-json\/wp\/v2\/product_brand?post=32875"},{"taxonomy":"product_cat","embeddable":true,"href":"https:\/\/creaibiza.com\/en\/wp-json\/wp\/v2\/product_cat?post=32875"},{"taxonomy":"product_tag","embeddable":true,"href":"https:\/\/creaibiza.com\/en\/wp-json\/wp\/v2\/product_tag?post=32875"}],"curies":[{"name":"wp","href":"https:\/\/api.w.org\/{rel}","templated":true}]}}