{"id":32828,"date":"2024-04-29T23:48:45","date_gmt":"2024-04-29T22:48:45","guid":{"rendered":"https:\/\/creaibiza.com\/?post_type=product&#038;p=32828"},"modified":"2026-01-21T18:21:35","modified_gmt":"2026-01-21T17:21:35","slug":"stone-pavement-geotech-various-sizes","status":"publish","type":"product","link":"https:\/\/creaibiza.com\/en\/product\/stone-pavement-geotech-various-sizes\/","title":{"rendered":"MIK GEOT"},"content":{"rendered":"<p>Discover the authenticity of GEOTECH stone paving from the prestigious Mykonos Ceramic brand, now at Crea Ibiza. The Ceppo di Gre is presented in its purest state, with exceptional graphic definition and a wide range of colours, from neutral to the most vibrant.<\/p>\n<p>This versatile collection offers endless decorative possibilities, allowing you to create unique and distinctive spaces. Available in 2 cm thick pieces, ideal for outdoor projects, and with special complementary pieces for complete customisation.<\/p>\n<p>Transform your outdoor areas with the natural beauty and durability of Mykonos Ceramic's GEOTECH stone paving. Visit our Crea Ibiza shop and discover how this paving can enhance the beauty of your outdoor spaces!<\/p>","protected":false},"excerpt":{"rendered":"<p>Descubre la autenticidad del pavimento de piedra GEOTECH de la prestigiosa marca Mykonos Ceramic, ahora en Crea Ibiza. El Ceppo di Gre se presenta en su estado m\u00e1s puro, con una definici\u00f3n gr\u00e1fica excepcional y una amplia gama de colores, desde los neutros hasta los m\u00e1s vibrantes. Esta colecci\u00f3n vers\u00e1til ofrece infinitas posibilidades de decoraci\u00f3n, &hellip; <\/p>\n<p class=\"link-more\"><a href=\"https:\/\/creaibiza.com\/en\/product\/stone-pavement-geotech-various-sizes\/\" class=\"more-link\">Read More <span class=\"screen-reader-text\"> \u00abMIK GEOT\u00bb<\/span><\/a><\/p>","protected":false},"featured_media":32851,"template":"","meta":{"_acf_changed":false},"product_brand":[459],"product_cat":[116,227,1002,113],"product_tag":[1352,1353],"class_list":{"0":"post-32828","1":"product","2":"type-product","3":"status-publish","4":"has-post-thumbnail","6":"product_brand-mykonos","7":"product_cat-pavimento","8":"product_cat-piedra","9":"product_cat-piedra-revestimiento","10":"product_cat-revestimiento","11":"product_tag-pavimento","12":"product_tag-revestimiento","14":"first","15":"instock","16":"taxable","17":"shipping-taxable","18":"purchasable","19":"product-type-variable"},"acf":[],"yoast_head":"<!-- This site is optimized with the Yoast SEO plugin v27.2 - https:\/\/yoast.com\/product\/yoast-seo-wordpress\/ -->\n<title>MIK GEOT - Crea Ibiza<\/title>\n<meta name=\"description\" content=\"Crea Ibiza - MIK GEOT - Explora la fusi\u00f3n perfecta de la piedra Burlington sobre cer\u00e1mica Lington\" \/>\n<meta name=\"robots\" content=\"index, follow, max-snippet:-1, max-image-preview:large, max-video-preview:-1\" \/>\n<link rel=\"canonical\" href=\"https:\/\/creaibiza.com\/en\/product\/stone-pavement-geotech-various-sizes\/\" \/>\n<meta property=\"og:locale\" content=\"en_GB\" \/>\n<meta property=\"og:type\" content=\"article\" \/>\n<meta property=\"og:title\" content=\"MIK GEOT - Crea Ibiza\" \/>\n<meta property=\"og:description\" content=\"Crea Ibiza - MIK GEOT - Explora la fusi\u00f3n perfecta de la piedra Burlington sobre cer\u00e1mica Lington\" \/>\n<meta property=\"og:url\" content=\"https:\/\/creaibiza.com\/en\/product\/stone-pavement-geotech-various-sizes\/\" \/>\n<meta property=\"og:site_name\" content=\"Crea Ibiza\" \/>\n<meta property=\"article:publisher\" content=\"https:\/\/www.facebook.com\/creaibiza\" \/>\n<meta property=\"article:modified_time\" content=\"2026-01-21T17:21:35+00:00\" \/>\n<meta property=\"og:image\" content=\"https:\/\/creaibiza.com\/wp-content\/uploads\/2024\/04\/Geotech_espeso_19.jpg\" \/>\n\t<meta property=\"og:image:width\" content=\"1920\" \/>\n\t<meta property=\"og:image:height\" content=\"1344\" \/>\n\t<meta property=\"og:image:type\" content=\"image\/jpeg\" \/>\n<meta name=\"twitter:card\" content=\"summary_large_image\" \/>\n<meta name=\"twitter:label1\" content=\"Estimated reading time\" \/>\n\t<meta name=\"twitter:data1\" content=\"1 minute\" \/>\n<script type=\"application\/ld+json\" class=\"yoast-schema-graph\">{\"@context\":\"https:\/\/schema.org\",\"@graph\":[{\"@type\":\"WebPage\",\"@id\":\"https:\/\/creaibiza.com\/producto\/pavimento-de-piedra-geotech-varios-tamanos\/\",\"url\":\"https:\/\/creaibiza.com\/producto\/pavimento-de-piedra-geotech-varios-tamanos\/\",\"name\":\"MIK GEOT - Crea Ibiza\",\"isPartOf\":{\"@id\":\"https:\/\/creaibiza.com\/#website\"},\"primaryImageOfPage\":{\"@id\":\"https:\/\/creaibiza.com\/producto\/pavimento-de-piedra-geotech-varios-tamanos\/#primaryimage\"},\"image\":{\"@id\":\"https:\/\/creaibiza.com\/producto\/pavimento-de-piedra-geotech-varios-tamanos\/#primaryimage\"},\"thumbnailUrl\":\"https:\/\/creaibiza.com\/wp-content\/uploads\/2024\/04\/Geotech_espeso_19.jpg\",\"datePublished\":\"2024-04-29T22:48:45+00:00\",\"dateModified\":\"2026-01-21T17:21:35+00:00\",\"description\":\"Crea Ibiza - MIK GEOT - Explora la fusi\u00f3n perfecta de la piedra Burlington sobre cer\u00e1mica Lington\",\"breadcrumb\":{\"@id\":\"https:\/\/creaibiza.com\/producto\/pavimento-de-piedra-geotech-varios-tamanos\/#breadcrumb\"},\"inLanguage\":\"en-GB\",\"potentialAction\":[{\"@type\":\"ReadAction\",\"target\":[\"https:\/\/creaibiza.com\/producto\/pavimento-de-piedra-geotech-varios-tamanos\/\"]}]},{\"@type\":\"ImageObject\",\"inLanguage\":\"en-GB\",\"@id\":\"https:\/\/creaibiza.com\/producto\/pavimento-de-piedra-geotech-varios-tamanos\/#primaryimage\",\"url\":\"https:\/\/creaibiza.com\/wp-content\/uploads\/2024\/04\/Geotech_espeso_19.jpg\",\"contentUrl\":\"https:\/\/creaibiza.com\/wp-content\/uploads\/2024\/04\/Geotech_espeso_19.jpg\",\"width\":1920,\"height\":1344,\"caption\":\"Pavimento de piedra GEOTECH varios tama\u00f1os\"},{\"@type\":\"BreadcrumbList\",\"@id\":\"https:\/\/creaibiza.com\/producto\/pavimento-de-piedra-geotech-varios-tamanos\/#breadcrumb\",\"itemListElement\":[{\"@type\":\"ListItem\",\"position\":1,\"name\":\"Portada\",\"item\":\"https:\/\/creaibiza.com\/\"},{\"@type\":\"ListItem\",\"position\":2,\"name\":\"Tienda\",\"item\":\"https:\/\/creaibiza.com\/en\/tienda\/\"},{\"@type\":\"ListItem\",\"position\":3,\"name\":\"MIK GEOT\"}]},{\"@type\":\"WebSite\",\"@id\":\"https:\/\/creaibiza.com\/#website\",\"url\":\"https:\/\/creaibiza.com\/\",\"name\":\"Crea Ibiza\",\"description\":\"Cer\u00e1mica, sanitarios y revestimientos de dise\u00f1o en Ibiza\",\"publisher\":{\"@id\":\"https:\/\/creaibiza.com\/#organization\"},\"potentialAction\":[{\"@type\":\"SearchAction\",\"target\":{\"@type\":\"EntryPoint\",\"urlTemplate\":\"https:\/\/creaibiza.com\/?s={search_term_string}\"},\"query-input\":{\"@type\":\"PropertyValueSpecification\",\"valueRequired\":true,\"valueName\":\"search_term_string\"}}],\"inLanguage\":\"en-GB\"},{\"@type\":\"Organization\",\"@id\":\"https:\/\/creaibiza.com\/#organization\",\"name\":\"Crea Ibiza\",\"url\":\"https:\/\/creaibiza.com\/\",\"logo\":{\"@type\":\"ImageObject\",\"inLanguage\":\"en-GB\",\"@id\":\"https:\/\/creaibiza.com\/#\/schema\/logo\/image\/\",\"url\":\"https:\/\/creaibiza.com\/wp-content\/uploads\/2024\/02\/cropped-logocrea-web.png\",\"contentUrl\":\"https:\/\/creaibiza.com\/wp-content\/uploads\/2024\/02\/cropped-logocrea-web.png\",\"width\":591,\"height\":210,\"caption\":\"Crea Ibiza\"},\"image\":{\"@id\":\"https:\/\/creaibiza.com\/#\/schema\/logo\/image\/\"},\"sameAs\":[\"https:\/\/www.facebook.com\/creaibiza\",\"https:\/\/www.instagram.com\/creaibiza\"]}]}<\/script>\n<!-- \/ Yoast SEO plugin. -->","yoast_head_json":{"title":"MIK GEOT - Crea Ibiza","description":"Crea Ibiza - MIK GEOT - Explora la fusi\u00f3n perfecta de la piedra Burlington sobre cer\u00e1mica Lington","robots":{"index":"index","follow":"follow","max-snippet":"max-snippet:-1","max-image-preview":"max-image-preview:large","max-video-preview":"max-video-preview:-1"},"canonical":"https:\/\/creaibiza.com\/en\/product\/stone-pavement-geotech-various-sizes\/","og_locale":"en_GB","og_type":"article","og_title":"MIK GEOT - Crea Ibiza","og_description":"Crea Ibiza - MIK GEOT - Explora la fusi\u00f3n perfecta de la piedra Burlington sobre cer\u00e1mica Lington","og_url":"https:\/\/creaibiza.com\/en\/product\/stone-pavement-geotech-various-sizes\/","og_site_name":"Crea Ibiza","article_publisher":"https:\/\/www.facebook.com\/creaibiza","article_modified_time":"2026-01-21T17:21:35+00:00","og_image":[{"width":1920,"height":1344,"url":"https:\/\/creaibiza.com\/wp-content\/uploads\/2024\/04\/Geotech_espeso_19.jpg","type":"image\/jpeg"}],"twitter_card":"summary_large_image","twitter_misc":{"Estimated reading time":"1 minute"},"schema":{"@context":"https:\/\/schema.org","@graph":[{"@type":"WebPage","@id":"https:\/\/creaibiza.com\/producto\/pavimento-de-piedra-geotech-varios-tamanos\/","url":"https:\/\/creaibiza.com\/producto\/pavimento-de-piedra-geotech-varios-tamanos\/","name":"MIK GEOT - Crea Ibiza","isPartOf":{"@id":"https:\/\/creaibiza.com\/#website"},"primaryImageOfPage":{"@id":"https:\/\/creaibiza.com\/producto\/pavimento-de-piedra-geotech-varios-tamanos\/#primaryimage"},"image":{"@id":"https:\/\/creaibiza.com\/producto\/pavimento-de-piedra-geotech-varios-tamanos\/#primaryimage"},"thumbnailUrl":"https:\/\/creaibiza.com\/wp-content\/uploads\/2024\/04\/Geotech_espeso_19.jpg","datePublished":"2024-04-29T22:48:45+00:00","dateModified":"2026-01-21T17:21:35+00:00","description":"Crea Ibiza - MIK GEOT - Explora la fusi\u00f3n perfecta de la piedra Burlington sobre cer\u00e1mica Lington","breadcrumb":{"@id":"https:\/\/creaibiza.com\/producto\/pavimento-de-piedra-geotech-varios-tamanos\/#breadcrumb"},"inLanguage":"en-GB","potentialAction":[{"@type":"ReadAction","target":["https:\/\/creaibiza.com\/producto\/pavimento-de-piedra-geotech-varios-tamanos\/"]}]},{"@type":"ImageObject","inLanguage":"en-GB","@id":"https:\/\/creaibiza.com\/producto\/pavimento-de-piedra-geotech-varios-tamanos\/#primaryimage","url":"https:\/\/creaibiza.com\/wp-content\/uploads\/2024\/04\/Geotech_espeso_19.jpg","contentUrl":"https:\/\/creaibiza.com\/wp-content\/uploads\/2024\/04\/Geotech_espeso_19.jpg","width":1920,"height":1344,"caption":"Pavimento de piedra GEOTECH varios tama\u00f1os"},{"@type":"BreadcrumbList","@id":"https:\/\/creaibiza.com\/producto\/pavimento-de-piedra-geotech-varios-tamanos\/#breadcrumb","itemListElement":[{"@type":"ListItem","position":1,"name":"Portada","item":"https:\/\/creaibiza.com\/"},{"@type":"ListItem","position":2,"name":"Tienda","item":"https:\/\/creaibiza.com\/en\/tienda\/"},{"@type":"ListItem","position":3,"name":"MIK GEOT"}]},{"@type":"WebSite","@id":"https:\/\/creaibiza.com\/#website","url":"https:\/\/creaibiza.com\/","name":"Create Ibiza","description":"Cer\u00e1mica, sanitarios y revestimientos de dise\u00f1o en Ibiza","publisher":{"@id":"https:\/\/creaibiza.com\/#organization"},"potentialAction":[{"@type":"SearchAction","target":{"@type":"EntryPoint","urlTemplate":"https:\/\/creaibiza.com\/?s={search_term_string}"},"query-input":{"@type":"PropertyValueSpecification","valueRequired":true,"valueName":"search_term_string"}}],"inLanguage":"en-GB"},{"@type":"Organization","@id":"https:\/\/creaibiza.com\/#organization","name":"Create Ibiza","url":"https:\/\/creaibiza.com\/","logo":{"@type":"ImageObject","inLanguage":"en-GB","@id":"https:\/\/creaibiza.com\/#\/schema\/logo\/image\/","url":"https:\/\/creaibiza.com\/wp-content\/uploads\/2024\/02\/cropped-logocrea-web.png","contentUrl":"https:\/\/creaibiza.com\/wp-content\/uploads\/2024\/02\/cropped-logocrea-web.png","width":591,"height":210,"caption":"Crea Ibiza"},"image":{"@id":"https:\/\/creaibiza.com\/#\/schema\/logo\/image\/"},"sameAs":["https:\/\/www.facebook.com\/creaibiza","https:\/\/www.instagram.com\/creaibiza"]}]}},"_links":{"self":[{"href":"https:\/\/creaibiza.com\/en\/wp-json\/wp\/v2\/product\/32828","targetHints":{"allow":["GET"]}}],"collection":[{"href":"https:\/\/creaibiza.com\/en\/wp-json\/wp\/v2\/product"}],"about":[{"href":"https:\/\/creaibiza.com\/en\/wp-json\/wp\/v2\/types\/product"}],"version-history":[{"count":2,"href":"https:\/\/creaibiza.com\/en\/wp-json\/wp\/v2\/product\/32828\/revisions"}],"predecessor-version":[{"id":35910,"href":"https:\/\/creaibiza.com\/en\/wp-json\/wp\/v2\/product\/32828\/revisions\/35910"}],"wp:featuredmedia":[{"embeddable":true,"href":"https:\/\/creaibiza.com\/en\/wp-json\/wp\/v2\/media\/32851"}],"wp:attachment":[{"href":"https:\/\/creaibiza.com\/en\/wp-json\/wp\/v2\/media?parent=32828"}],"wp:term":[{"taxonomy":"product_brand","embeddable":true,"href":"https:\/\/creaibiza.com\/en\/wp-json\/wp\/v2\/product_brand?post=32828"},{"taxonomy":"product_cat","embeddable":true,"href":"https:\/\/creaibiza.com\/en\/wp-json\/wp\/v2\/product_cat?post=32828"},{"taxonomy":"product_tag","embeddable":true,"href":"https:\/\/creaibiza.com\/en\/wp-json\/wp\/v2\/product_tag?post=32828"}],"curies":[{"name":"wp","href":"https:\/\/api.w.org\/{rel}","templated":true}]}}