{"id":32675,"date":"2024-04-23T22:23:23","date_gmt":"2024-04-23T21:23:23","guid":{"rendered":"https:\/\/creaibiza.com\/?post_type=product&#038;p=32675"},"modified":"2026-02-19T18:50:10","modified_gmt":"2026-02-19T17:50:10","slug":"piedra-burlington-sobre-ceramica-lington-varios-tamanos","status":"publish","type":"product","link":"https:\/\/creaibiza.com\/en\/product\/piedra-burlington-sobre-ceramica-lington-varios-tamanos\/","title":{"rendered":"Burlington Stone on Lington Pottery various sizes"},"content":{"rendered":"<p>Explora la fusi\u00f3n perfecta de la piedra Burlington sobre cer\u00e1mica con la colecci\u00f3n Lington de la prestigiosa marca Ecoceramic, ahora disponible en Crea Ibiza. La serenidad de la piedra Burlington, con sus vetas arenosas que evocan calma y tranquilidad, se encuentra resaltada por la innovadora inclusi\u00f3n de piezas decorativas con patrones asim\u00e9tricos.<\/p>\n<p>Estas piezas decorativas, dise\u00f1adas con un enfoque contempor\u00e1neo, rompen con la apariencia cl\u00e1sica de la piedra, otorg\u00e1ndole un aire fresco y moderno sin perder su esencia atemporal. Experimenta la armon\u00eda entre lo tradicional y lo vanguardista en tus espacios con la colecci\u00f3n Lington de Ecoceramic.<\/p>\n<p>Visita nuestra tienda en Crea Ibiza para descubrir la belleza y versatilidad de la piedra Burlington sobre cer\u00e1mica de Ecoceramic. \u00a1Transforma tus ambientes con estilo y distinci\u00f3n hoy mismo!<\/p>","protected":false},"excerpt":{"rendered":"<p>Explora la fusi\u00f3n perfecta de la piedra Burlington sobre cer\u00e1mica con la colecci\u00f3n Lington de la prestigiosa marca Ecoceramic, ahora disponible en Crea Ibiza. La serenidad de la piedra Burlington, con sus vetas arenosas que evocan calma y tranquilidad, se encuentra resaltada por la innovadora inclusi\u00f3n de piezas decorativas con patrones asim\u00e9tricos. Estas piezas decorativas, &hellip; <\/p>\n<p class=\"link-more\"><a href=\"https:\/\/creaibiza.com\/en\/product\/piedra-burlington-sobre-ceramica-lington-varios-tamanos\/\" class=\"more-link\">Read More <span class=\"screen-reader-text\"> \u00abPiedra Burlington sobre Cer\u00e1mica Lington varios tama\u00f1os\u00bb<\/span><\/a><\/p>","protected":false},"featured_media":32718,"template":"","meta":{"_acf_changed":false},"product_brand":[233,2026],"product_cat":[116,227,113,999],"product_tag":[1352,1353],"class_list":{"0":"post-32675","1":"product","2":"type-product","3":"status-publish","4":"has-post-thumbnail","6":"product_brand-ecoceramic","7":"product_brand-ecoceramic-2","8":"product_cat-pavimento","9":"product_cat-piedra","10":"product_cat-revestimiento","11":"product_cat-cementos","12":"product_tag-pavimento","13":"product_tag-revestimiento","15":"first","16":"instock","17":"taxable","18":"shipping-taxable","19":"purchasable","20":"product-type-variable"},"acf":[],"yoast_head":"<!-- This site is optimized with the Yoast SEO plugin v27.2 - https:\/\/yoast.com\/product\/yoast-seo-wordpress\/ -->\n<title>Piedra Burlington sobre Cer\u00e1mica Lington varios tama\u00f1os - Crea Ibiza<\/title>\n<meta name=\"description\" content=\"Crea Ibiza - Piedra Burlington sobre Cer\u00e1mica Lington varios tama\u00f1os - Explora la fusi\u00f3n perfecta de la piedra Burlington sobre cer\u00e1mica Lington\" \/>\n<meta name=\"robots\" content=\"index, follow, max-snippet:-1, max-image-preview:large, max-video-preview:-1\" \/>\n<link rel=\"canonical\" href=\"https:\/\/creaibiza.com\/en\/product\/piedra-burlington-sobre-ceramica-lington-varios-tamanos\/\" \/>\n<meta property=\"og:locale\" content=\"en_GB\" \/>\n<meta property=\"og:type\" content=\"article\" \/>\n<meta property=\"og:title\" content=\"Piedra Burlington sobre Cer\u00e1mica Lington varios tama\u00f1os - Crea Ibiza\" \/>\n<meta property=\"og:description\" content=\"Crea Ibiza - Piedra Burlington sobre Cer\u00e1mica Lington varios tama\u00f1os - Explora la fusi\u00f3n perfecta de la piedra Burlington sobre cer\u00e1mica Lington\" \/>\n<meta property=\"og:url\" content=\"https:\/\/creaibiza.com\/en\/product\/piedra-burlington-sobre-ceramica-lington-varios-tamanos\/\" \/>\n<meta property=\"og:site_name\" content=\"Crea Ibiza\" \/>\n<meta property=\"article:publisher\" content=\"https:\/\/www.facebook.com\/creaibiza\" \/>\n<meta property=\"article:modified_time\" content=\"2026-02-19T17:50:10+00:00\" \/>\n<meta property=\"og:image\" content=\"https:\/\/creaibiza.com\/wp-content\/uploads\/2024\/04\/AMB_LINGTON_BLANCO_333X100_copia.jpg\" \/>\n\t<meta property=\"og:image:width\" content=\"1080\" \/>\n\t<meta property=\"og:image:height\" content=\"907\" \/>\n\t<meta property=\"og:image:type\" content=\"image\/jpeg\" \/>\n<meta name=\"twitter:card\" content=\"summary_large_image\" \/>\n<meta name=\"twitter:label1\" content=\"Estimated reading time\" \/>\n\t<meta name=\"twitter:data1\" content=\"1 minute\" \/>\n<script type=\"application\/ld+json\" class=\"yoast-schema-graph\">{\"@context\":\"https:\/\/schema.org\",\"@graph\":[{\"@type\":\"WebPage\",\"@id\":\"https:\/\/creaibiza.com\/de\/produkt\/piedra-burlington-sobre-ceramica-lington-varios-tamanos\/\",\"url\":\"https:\/\/creaibiza.com\/de\/produkt\/piedra-burlington-sobre-ceramica-lington-varios-tamanos\/\",\"name\":\"Piedra Burlington sobre Cer\u00e1mica Lington varios tama\u00f1os - Crea Ibiza\",\"isPartOf\":{\"@id\":\"https:\/\/creaibiza.com\/#website\"},\"primaryImageOfPage\":{\"@id\":\"https:\/\/creaibiza.com\/de\/produkt\/piedra-burlington-sobre-ceramica-lington-varios-tamanos\/#primaryimage\"},\"image\":{\"@id\":\"https:\/\/creaibiza.com\/de\/produkt\/piedra-burlington-sobre-ceramica-lington-varios-tamanos\/#primaryimage\"},\"thumbnailUrl\":\"https:\/\/creaibiza.com\/wp-content\/uploads\/2024\/04\/AMB_LINGTON_BLANCO_333X100_copia.jpg\",\"datePublished\":\"2024-04-23T21:23:23+00:00\",\"dateModified\":\"2026-02-19T17:50:10+00:00\",\"description\":\"Crea Ibiza - Piedra Burlington sobre Cer\u00e1mica Lington varios tama\u00f1os - Explora la fusi\u00f3n perfecta de la piedra Burlington sobre cer\u00e1mica Lington\",\"breadcrumb\":{\"@id\":\"https:\/\/creaibiza.com\/de\/produkt\/piedra-burlington-sobre-ceramica-lington-varios-tamanos\/#breadcrumb\"},\"inLanguage\":\"en-GB\",\"potentialAction\":[{\"@type\":\"ReadAction\",\"target\":[\"https:\/\/creaibiza.com\/de\/produkt\/piedra-burlington-sobre-ceramica-lington-varios-tamanos\/\"]}]},{\"@type\":\"ImageObject\",\"inLanguage\":\"en-GB\",\"@id\":\"https:\/\/creaibiza.com\/de\/produkt\/piedra-burlington-sobre-ceramica-lington-varios-tamanos\/#primaryimage\",\"url\":\"https:\/\/creaibiza.com\/wp-content\/uploads\/2024\/04\/AMB_LINGTON_BLANCO_333X100_copia.jpg\",\"contentUrl\":\"https:\/\/creaibiza.com\/wp-content\/uploads\/2024\/04\/AMB_LINGTON_BLANCO_333X100_copia.jpg\",\"width\":1080,\"height\":907,\"caption\":\"Piedra Burlington sobre Cer\u00e1mica Lington varios tama\u00f1os\"},{\"@type\":\"BreadcrumbList\",\"@id\":\"https:\/\/creaibiza.com\/de\/produkt\/piedra-burlington-sobre-ceramica-lington-varios-tamanos\/#breadcrumb\",\"itemListElement\":[{\"@type\":\"ListItem\",\"position\":1,\"name\":\"Portada\",\"item\":\"https:\/\/creaibiza.com\/\"},{\"@type\":\"ListItem\",\"position\":2,\"name\":\"Tienda\",\"item\":\"https:\/\/creaibiza.com\/en\/tienda\/\"},{\"@type\":\"ListItem\",\"position\":3,\"name\":\"Piedra Burlington sobre Cer\u00e1mica Lington varios tama\u00f1os\"}]},{\"@type\":\"WebSite\",\"@id\":\"https:\/\/creaibiza.com\/#website\",\"url\":\"https:\/\/creaibiza.com\/\",\"name\":\"Crea Ibiza\",\"description\":\"Cer\u00e1mica, sanitarios y revestimientos de dise\u00f1o en Ibiza\",\"publisher\":{\"@id\":\"https:\/\/creaibiza.com\/#organization\"},\"potentialAction\":[{\"@type\":\"SearchAction\",\"target\":{\"@type\":\"EntryPoint\",\"urlTemplate\":\"https:\/\/creaibiza.com\/?s={search_term_string}\"},\"query-input\":{\"@type\":\"PropertyValueSpecification\",\"valueRequired\":true,\"valueName\":\"search_term_string\"}}],\"inLanguage\":\"en-GB\"},{\"@type\":\"Organization\",\"@id\":\"https:\/\/creaibiza.com\/#organization\",\"name\":\"Crea Ibiza\",\"url\":\"https:\/\/creaibiza.com\/\",\"logo\":{\"@type\":\"ImageObject\",\"inLanguage\":\"en-GB\",\"@id\":\"https:\/\/creaibiza.com\/#\/schema\/logo\/image\/\",\"url\":\"https:\/\/creaibiza.com\/wp-content\/uploads\/2024\/02\/cropped-logocrea-web.png\",\"contentUrl\":\"https:\/\/creaibiza.com\/wp-content\/uploads\/2024\/02\/cropped-logocrea-web.png\",\"width\":591,\"height\":210,\"caption\":\"Crea Ibiza\"},\"image\":{\"@id\":\"https:\/\/creaibiza.com\/#\/schema\/logo\/image\/\"},\"sameAs\":[\"https:\/\/www.facebook.com\/creaibiza\",\"https:\/\/www.instagram.com\/creaibiza\"]}]}<\/script>\n<!-- \/ Yoast SEO plugin. -->","yoast_head_json":{"title":"Piedra Burlington sobre Cer\u00e1mica Lington varios tama\u00f1os - Crea Ibiza","description":"Crea Ibiza - Piedra Burlington sobre Cer\u00e1mica Lington varios tama\u00f1os - Explora la fusi\u00f3n perfecta de la piedra Burlington sobre cer\u00e1mica Lington","robots":{"index":"index","follow":"follow","max-snippet":"max-snippet:-1","max-image-preview":"max-image-preview:large","max-video-preview":"max-video-preview:-1"},"canonical":"https:\/\/creaibiza.com\/en\/product\/piedra-burlington-sobre-ceramica-lington-varios-tamanos\/","og_locale":"en_GB","og_type":"article","og_title":"Piedra Burlington sobre Cer\u00e1mica Lington varios tama\u00f1os - Crea Ibiza","og_description":"Crea Ibiza - Piedra Burlington sobre Cer\u00e1mica Lington varios tama\u00f1os - Explora la fusi\u00f3n perfecta de la piedra Burlington sobre cer\u00e1mica Lington","og_url":"https:\/\/creaibiza.com\/en\/product\/piedra-burlington-sobre-ceramica-lington-varios-tamanos\/","og_site_name":"Crea Ibiza","article_publisher":"https:\/\/www.facebook.com\/creaibiza","article_modified_time":"2026-02-19T17:50:10+00:00","og_image":[{"width":1080,"height":907,"url":"https:\/\/creaibiza.com\/wp-content\/uploads\/2024\/04\/AMB_LINGTON_BLANCO_333X100_copia.jpg","type":"image\/jpeg"}],"twitter_card":"summary_large_image","twitter_misc":{"Estimated reading time":"1 minute"},"schema":{"@context":"https:\/\/schema.org","@graph":[{"@type":"WebPage","@id":"https:\/\/creaibiza.com\/de\/produkt\/piedra-burlington-sobre-ceramica-lington-varios-tamanos\/","url":"https:\/\/creaibiza.com\/de\/produkt\/piedra-burlington-sobre-ceramica-lington-varios-tamanos\/","name":"Piedra Burlington sobre Cer\u00e1mica Lington varios tama\u00f1os - Crea Ibiza","isPartOf":{"@id":"https:\/\/creaibiza.com\/#website"},"primaryImageOfPage":{"@id":"https:\/\/creaibiza.com\/de\/produkt\/piedra-burlington-sobre-ceramica-lington-varios-tamanos\/#primaryimage"},"image":{"@id":"https:\/\/creaibiza.com\/de\/produkt\/piedra-burlington-sobre-ceramica-lington-varios-tamanos\/#primaryimage"},"thumbnailUrl":"https:\/\/creaibiza.com\/wp-content\/uploads\/2024\/04\/AMB_LINGTON_BLANCO_333X100_copia.jpg","datePublished":"2024-04-23T21:23:23+00:00","dateModified":"2026-02-19T17:50:10+00:00","description":"Crea Ibiza - Piedra Burlington sobre Cer\u00e1mica Lington varios tama\u00f1os - Explora la fusi\u00f3n perfecta de la piedra Burlington sobre cer\u00e1mica Lington","breadcrumb":{"@id":"https:\/\/creaibiza.com\/de\/produkt\/piedra-burlington-sobre-ceramica-lington-varios-tamanos\/#breadcrumb"},"inLanguage":"en-GB","potentialAction":[{"@type":"ReadAction","target":["https:\/\/creaibiza.com\/de\/produkt\/piedra-burlington-sobre-ceramica-lington-varios-tamanos\/"]}]},{"@type":"ImageObject","inLanguage":"en-GB","@id":"https:\/\/creaibiza.com\/de\/produkt\/piedra-burlington-sobre-ceramica-lington-varios-tamanos\/#primaryimage","url":"https:\/\/creaibiza.com\/wp-content\/uploads\/2024\/04\/AMB_LINGTON_BLANCO_333X100_copia.jpg","contentUrl":"https:\/\/creaibiza.com\/wp-content\/uploads\/2024\/04\/AMB_LINGTON_BLANCO_333X100_copia.jpg","width":1080,"height":907,"caption":"Piedra Burlington sobre Cer\u00e1mica Lington varios tama\u00f1os"},{"@type":"BreadcrumbList","@id":"https:\/\/creaibiza.com\/de\/produkt\/piedra-burlington-sobre-ceramica-lington-varios-tamanos\/#breadcrumb","itemListElement":[{"@type":"ListItem","position":1,"name":"Portada","item":"https:\/\/creaibiza.com\/"},{"@type":"ListItem","position":2,"name":"Tienda","item":"https:\/\/creaibiza.com\/en\/tienda\/"},{"@type":"ListItem","position":3,"name":"Piedra Burlington sobre Cer\u00e1mica Lington varios tama\u00f1os"}]},{"@type":"WebSite","@id":"https:\/\/creaibiza.com\/#website","url":"https:\/\/creaibiza.com\/","name":"Create Ibiza","description":"Cer\u00e1mica, sanitarios y revestimientos de dise\u00f1o en Ibiza","publisher":{"@id":"https:\/\/creaibiza.com\/#organization"},"potentialAction":[{"@type":"SearchAction","target":{"@type":"EntryPoint","urlTemplate":"https:\/\/creaibiza.com\/?s={search_term_string}"},"query-input":{"@type":"PropertyValueSpecification","valueRequired":true,"valueName":"search_term_string"}}],"inLanguage":"en-GB"},{"@type":"Organization","@id":"https:\/\/creaibiza.com\/#organization","name":"Create Ibiza","url":"https:\/\/creaibiza.com\/","logo":{"@type":"ImageObject","inLanguage":"en-GB","@id":"https:\/\/creaibiza.com\/#\/schema\/logo\/image\/","url":"https:\/\/creaibiza.com\/wp-content\/uploads\/2024\/02\/cropped-logocrea-web.png","contentUrl":"https:\/\/creaibiza.com\/wp-content\/uploads\/2024\/02\/cropped-logocrea-web.png","width":591,"height":210,"caption":"Crea Ibiza"},"image":{"@id":"https:\/\/creaibiza.com\/#\/schema\/logo\/image\/"},"sameAs":["https:\/\/www.facebook.com\/creaibiza","https:\/\/www.instagram.com\/creaibiza"]}]}},"_links":{"self":[{"href":"https:\/\/creaibiza.com\/en\/wp-json\/wp\/v2\/product\/32675","targetHints":{"allow":["GET"]}}],"collection":[{"href":"https:\/\/creaibiza.com\/en\/wp-json\/wp\/v2\/product"}],"about":[{"href":"https:\/\/creaibiza.com\/en\/wp-json\/wp\/v2\/types\/product"}],"version-history":[{"count":1,"href":"https:\/\/creaibiza.com\/en\/wp-json\/wp\/v2\/product\/32675\/revisions"}],"predecessor-version":[{"id":32722,"href":"https:\/\/creaibiza.com\/en\/wp-json\/wp\/v2\/product\/32675\/revisions\/32722"}],"wp:featuredmedia":[{"embeddable":true,"href":"https:\/\/creaibiza.com\/en\/wp-json\/wp\/v2\/media\/32718"}],"wp:attachment":[{"href":"https:\/\/creaibiza.com\/en\/wp-json\/wp\/v2\/media?parent=32675"}],"wp:term":[{"taxonomy":"product_brand","embeddable":true,"href":"https:\/\/creaibiza.com\/en\/wp-json\/wp\/v2\/product_brand?post=32675"},{"taxonomy":"product_cat","embeddable":true,"href":"https:\/\/creaibiza.com\/en\/wp-json\/wp\/v2\/product_cat?post=32675"},{"taxonomy":"product_tag","embeddable":true,"href":"https:\/\/creaibiza.com\/en\/wp-json\/wp\/v2\/product_tag?post=32675"}],"curies":[{"name":"wp","href":"https:\/\/api.w.org\/{rel}","templated":true}]}}