{"id":32559,"date":"2024-04-23T21:58:15","date_gmt":"2024-04-23T20:58:15","guid":{"rendered":"https:\/\/creaibiza.com\/?post_type=product&#038;p=32559"},"modified":"2024-06-21T18:37:17","modified_gmt":"2024-06-21T17:37:17","slug":"gres-artesano-esmaltado-vasari-varios-tamanos","status":"publish","type":"product","link":"https:\/\/creaibiza.com\/en\/product\/gres-artesano-esmaltado-vasari-varios-tamanos\/","title":{"rendered":"Vasari handmade glazed stoneware various sizes"},"content":{"rendered":"<p>Descubre la distinci\u00f3n del gres artesano Vasari de Aut\u00e9ntica Cer\u00e1micas, ahora disponible en Crea Ibiza. Nuestra colecci\u00f3n de gres artesano esmaltado combina la belleza tradicional con la funcionalidad moderna, ofreciendo una opci\u00f3n vers\u00e1til y elegante para pavimentos interiores y revestimientos tanto en interiores como en exteriores.<\/p>\n<p>Cada pieza de gres artesano Vasari est\u00e1 cuidadosamente elaborada para garantizar una calidad excepcional y una durabilidad duradera. Con una variedad de colores y acabados disponibles, puedes crear espacios \u00fanicos que reflejen tu estilo personal y a\u00f1adan un toque de sofisticaci\u00f3n a cualquier ambiente.<\/p>\n<p>Visita nuestra tienda en Crea Ibiza para explorar la colecci\u00f3n completa de gres artesano Vasari de Aut\u00e9ntica Cer\u00e1micas y transforma tus espacios con elegancia y estilo. \u00a1Contacta con nosotros hoy mismo para obtener m\u00e1s informaci\u00f3n sobre instalaci\u00f3n y opciones de dise\u00f1o!<\/p>","protected":false},"excerpt":{"rendered":"<p>Descubre la distinci\u00f3n del gres artesano Vasari de Aut\u00e9ntica Cer\u00e1micas, ahora disponible en Crea Ibiza. Nuestra colecci\u00f3n de gres artesano esmaltado combina la belleza tradicional con la funcionalidad moderna, ofreciendo una opci\u00f3n vers\u00e1til y elegante para pavimentos interiores y revestimientos tanto en interiores como en exteriores. Cada pieza de gres artesano Vasari est\u00e1 cuidadosamente elaborada &hellip; <\/p>\n<p class=\"link-more\"><a href=\"https:\/\/creaibiza.com\/en\/product\/gres-artesano-esmaltado-vasari-varios-tamanos\/\" class=\"more-link\">Read More <span class=\"screen-reader-text\"> \u00abGres artesano esmaltado Vasari varios tama\u00f1os\u00bb<\/span><\/a><\/p>","protected":false},"featured_media":32662,"template":"","meta":{"_acf_changed":false},"product_brand":[],"product_cat":[317,2003,116,113,999],"product_tag":[1352,1353],"class_list":{"0":"post-32559","1":"product","2":"type-product","3":"status-publish","4":"has-post-thumbnail","6":"product_cat-cemento","7":"product_cat-natural-style","8":"product_cat-pavimento","9":"product_cat-revestimiento","10":"product_cat-cementos","11":"product_tag-pavimento","12":"product_tag-revestimiento","14":"first","15":"instock","16":"taxable","17":"shipping-taxable","18":"purchasable","19":"product-type-variable"},"acf":[],"yoast_head":"<!-- This site is optimized with the Yoast SEO plugin v27.2 - https:\/\/yoast.com\/product\/yoast-seo-wordpress\/ -->\n<title>Gres artesano esmaltado Vasari varios tama\u00f1os - Crea Ibiza<\/title>\n<meta name=\"description\" content=\"Crea Ibiza - Gres artesano esmaltado Vasari varios tama\u00f1os - Descubre la distinci\u00f3n del gres artesano Vasari de Aut\u00e9ntica Cer\u00e1micas en Crea Ibiza\" \/>\n<meta name=\"robots\" content=\"index, follow, max-snippet:-1, max-image-preview:large, max-video-preview:-1\" \/>\n<link rel=\"canonical\" href=\"https:\/\/creaibiza.com\/en\/product\/gres-artesano-esmaltado-vasari-varios-tamanos\/\" \/>\n<meta property=\"og:locale\" content=\"en_GB\" \/>\n<meta property=\"og:type\" content=\"article\" \/>\n<meta property=\"og:title\" content=\"Gres artesano esmaltado Vasari varios tama\u00f1os - Crea Ibiza\" \/>\n<meta property=\"og:description\" content=\"Crea Ibiza - Gres artesano esmaltado Vasari varios tama\u00f1os - Descubre la distinci\u00f3n del gres artesano Vasari de Aut\u00e9ntica Cer\u00e1micas en Crea Ibiza\" \/>\n<meta property=\"og:url\" content=\"https:\/\/creaibiza.com\/en\/product\/gres-artesano-esmaltado-vasari-varios-tamanos\/\" \/>\n<meta property=\"og:site_name\" content=\"Crea Ibiza\" \/>\n<meta property=\"article:publisher\" content=\"https:\/\/www.facebook.com\/creaibiza\" \/>\n<meta property=\"article:modified_time\" content=\"2024-06-21T17:37:17+00:00\" \/>\n<meta property=\"og:image\" content=\"https:\/\/creaibiza.com\/wp-content\/uploads\/2024\/04\/portada_vasari.jpg\" \/>\n\t<meta property=\"og:image:width\" content=\"825\" \/>\n\t<meta property=\"og:image:height\" content=\"618\" \/>\n\t<meta property=\"og:image:type\" content=\"image\/jpeg\" \/>\n<meta name=\"twitter:card\" content=\"summary_large_image\" \/>\n<meta name=\"twitter:label1\" content=\"Estimated reading time\" \/>\n\t<meta name=\"twitter:data1\" content=\"1 minute\" \/>\n<script type=\"application\/ld+json\" class=\"yoast-schema-graph\">{\"@context\":\"https:\/\/schema.org\",\"@graph\":[{\"@type\":\"WebPage\",\"@id\":\"https:\/\/creaibiza.com\/producto\/gres-artesano-esmaltado-vasari-varios-tamanos\/\",\"url\":\"https:\/\/creaibiza.com\/producto\/gres-artesano-esmaltado-vasari-varios-tamanos\/\",\"name\":\"Gres artesano esmaltado Vasari varios tama\u00f1os - Crea Ibiza\",\"isPartOf\":{\"@id\":\"https:\/\/creaibiza.com\/#website\"},\"primaryImageOfPage\":{\"@id\":\"https:\/\/creaibiza.com\/producto\/gres-artesano-esmaltado-vasari-varios-tamanos\/#primaryimage\"},\"image\":{\"@id\":\"https:\/\/creaibiza.com\/producto\/gres-artesano-esmaltado-vasari-varios-tamanos\/#primaryimage\"},\"thumbnailUrl\":\"https:\/\/creaibiza.com\/wp-content\/uploads\/2024\/04\/portada_vasari.jpg\",\"datePublished\":\"2024-04-23T20:58:15+00:00\",\"dateModified\":\"2024-06-21T17:37:17+00:00\",\"description\":\"Crea Ibiza - Gres artesano esmaltado Vasari varios tama\u00f1os - Descubre la distinci\u00f3n del gres artesano Vasari de Aut\u00e9ntica Cer\u00e1micas en Crea Ibiza\",\"breadcrumb\":{\"@id\":\"https:\/\/creaibiza.com\/producto\/gres-artesano-esmaltado-vasari-varios-tamanos\/#breadcrumb\"},\"inLanguage\":\"en-GB\",\"potentialAction\":[{\"@type\":\"ReadAction\",\"target\":[\"https:\/\/creaibiza.com\/producto\/gres-artesano-esmaltado-vasari-varios-tamanos\/\"]}]},{\"@type\":\"ImageObject\",\"inLanguage\":\"en-GB\",\"@id\":\"https:\/\/creaibiza.com\/producto\/gres-artesano-esmaltado-vasari-varios-tamanos\/#primaryimage\",\"url\":\"https:\/\/creaibiza.com\/wp-content\/uploads\/2024\/04\/portada_vasari.jpg\",\"contentUrl\":\"https:\/\/creaibiza.com\/wp-content\/uploads\/2024\/04\/portada_vasari.jpg\",\"width\":825,\"height\":618,\"caption\":\"Gres artesano esmaltado Vasari\"},{\"@type\":\"BreadcrumbList\",\"@id\":\"https:\/\/creaibiza.com\/producto\/gres-artesano-esmaltado-vasari-varios-tamanos\/#breadcrumb\",\"itemListElement\":[{\"@type\":\"ListItem\",\"position\":1,\"name\":\"Portada\",\"item\":\"https:\/\/creaibiza.com\/\"},{\"@type\":\"ListItem\",\"position\":2,\"name\":\"Tienda\",\"item\":\"https:\/\/creaibiza.com\/en\/tienda\/\"},{\"@type\":\"ListItem\",\"position\":3,\"name\":\"Gres artesano esmaltado Vasari varios tama\u00f1os\"}]},{\"@type\":\"WebSite\",\"@id\":\"https:\/\/creaibiza.com\/#website\",\"url\":\"https:\/\/creaibiza.com\/\",\"name\":\"Crea Ibiza\",\"description\":\"Cer\u00e1mica, sanitarios y revestimientos de dise\u00f1o en Ibiza\",\"publisher\":{\"@id\":\"https:\/\/creaibiza.com\/#organization\"},\"potentialAction\":[{\"@type\":\"SearchAction\",\"target\":{\"@type\":\"EntryPoint\",\"urlTemplate\":\"https:\/\/creaibiza.com\/?s={search_term_string}\"},\"query-input\":{\"@type\":\"PropertyValueSpecification\",\"valueRequired\":true,\"valueName\":\"search_term_string\"}}],\"inLanguage\":\"en-GB\"},{\"@type\":\"Organization\",\"@id\":\"https:\/\/creaibiza.com\/#organization\",\"name\":\"Crea Ibiza\",\"url\":\"https:\/\/creaibiza.com\/\",\"logo\":{\"@type\":\"ImageObject\",\"inLanguage\":\"en-GB\",\"@id\":\"https:\/\/creaibiza.com\/#\/schema\/logo\/image\/\",\"url\":\"https:\/\/creaibiza.com\/wp-content\/uploads\/2024\/02\/cropped-logocrea-web.png\",\"contentUrl\":\"https:\/\/creaibiza.com\/wp-content\/uploads\/2024\/02\/cropped-logocrea-web.png\",\"width\":591,\"height\":210,\"caption\":\"Crea Ibiza\"},\"image\":{\"@id\":\"https:\/\/creaibiza.com\/#\/schema\/logo\/image\/\"},\"sameAs\":[\"https:\/\/www.facebook.com\/creaibiza\",\"https:\/\/www.instagram.com\/creaibiza\"]}]}<\/script>\n<!-- \/ Yoast SEO plugin. -->","yoast_head_json":{"title":"Gres artesano esmaltado Vasari varios tama\u00f1os - Crea Ibiza","description":"Crea Ibiza - Gres artesano esmaltado Vasari varios tama\u00f1os - Descubre la distinci\u00f3n del gres artesano Vasari de Aut\u00e9ntica Cer\u00e1micas en Crea Ibiza","robots":{"index":"index","follow":"follow","max-snippet":"max-snippet:-1","max-image-preview":"max-image-preview:large","max-video-preview":"max-video-preview:-1"},"canonical":"https:\/\/creaibiza.com\/en\/product\/gres-artesano-esmaltado-vasari-varios-tamanos\/","og_locale":"en_GB","og_type":"article","og_title":"Gres artesano esmaltado Vasari varios tama\u00f1os - Crea Ibiza","og_description":"Crea Ibiza - Gres artesano esmaltado Vasari varios tama\u00f1os - Descubre la distinci\u00f3n del gres artesano Vasari de Aut\u00e9ntica Cer\u00e1micas en Crea Ibiza","og_url":"https:\/\/creaibiza.com\/en\/product\/gres-artesano-esmaltado-vasari-varios-tamanos\/","og_site_name":"Crea Ibiza","article_publisher":"https:\/\/www.facebook.com\/creaibiza","article_modified_time":"2024-06-21T17:37:17+00:00","og_image":[{"width":825,"height":618,"url":"https:\/\/creaibiza.com\/wp-content\/uploads\/2024\/04\/portada_vasari.jpg","type":"image\/jpeg"}],"twitter_card":"summary_large_image","twitter_misc":{"Estimated reading time":"1 minute"},"schema":{"@context":"https:\/\/schema.org","@graph":[{"@type":"WebPage","@id":"https:\/\/creaibiza.com\/producto\/gres-artesano-esmaltado-vasari-varios-tamanos\/","url":"https:\/\/creaibiza.com\/producto\/gres-artesano-esmaltado-vasari-varios-tamanos\/","name":"Gres artesano esmaltado Vasari varios tama\u00f1os - Crea Ibiza","isPartOf":{"@id":"https:\/\/creaibiza.com\/#website"},"primaryImageOfPage":{"@id":"https:\/\/creaibiza.com\/producto\/gres-artesano-esmaltado-vasari-varios-tamanos\/#primaryimage"},"image":{"@id":"https:\/\/creaibiza.com\/producto\/gres-artesano-esmaltado-vasari-varios-tamanos\/#primaryimage"},"thumbnailUrl":"https:\/\/creaibiza.com\/wp-content\/uploads\/2024\/04\/portada_vasari.jpg","datePublished":"2024-04-23T20:58:15+00:00","dateModified":"2024-06-21T17:37:17+00:00","description":"Crea Ibiza - Gres artesano esmaltado Vasari varios tama\u00f1os - Descubre la distinci\u00f3n del gres artesano Vasari de Aut\u00e9ntica Cer\u00e1micas en Crea Ibiza","breadcrumb":{"@id":"https:\/\/creaibiza.com\/producto\/gres-artesano-esmaltado-vasari-varios-tamanos\/#breadcrumb"},"inLanguage":"en-GB","potentialAction":[{"@type":"ReadAction","target":["https:\/\/creaibiza.com\/producto\/gres-artesano-esmaltado-vasari-varios-tamanos\/"]}]},{"@type":"ImageObject","inLanguage":"en-GB","@id":"https:\/\/creaibiza.com\/producto\/gres-artesano-esmaltado-vasari-varios-tamanos\/#primaryimage","url":"https:\/\/creaibiza.com\/wp-content\/uploads\/2024\/04\/portada_vasari.jpg","contentUrl":"https:\/\/creaibiza.com\/wp-content\/uploads\/2024\/04\/portada_vasari.jpg","width":825,"height":618,"caption":"Gres artesano esmaltado Vasari"},{"@type":"BreadcrumbList","@id":"https:\/\/creaibiza.com\/producto\/gres-artesano-esmaltado-vasari-varios-tamanos\/#breadcrumb","itemListElement":[{"@type":"ListItem","position":1,"name":"Portada","item":"https:\/\/creaibiza.com\/"},{"@type":"ListItem","position":2,"name":"Tienda","item":"https:\/\/creaibiza.com\/en\/tienda\/"},{"@type":"ListItem","position":3,"name":"Gres artesano esmaltado Vasari varios tama\u00f1os"}]},{"@type":"WebSite","@id":"https:\/\/creaibiza.com\/#website","url":"https:\/\/creaibiza.com\/","name":"Create Ibiza","description":"Cer\u00e1mica, sanitarios y revestimientos de dise\u00f1o en Ibiza","publisher":{"@id":"https:\/\/creaibiza.com\/#organization"},"potentialAction":[{"@type":"SearchAction","target":{"@type":"EntryPoint","urlTemplate":"https:\/\/creaibiza.com\/?s={search_term_string}"},"query-input":{"@type":"PropertyValueSpecification","valueRequired":true,"valueName":"search_term_string"}}],"inLanguage":"en-GB"},{"@type":"Organization","@id":"https:\/\/creaibiza.com\/#organization","name":"Create Ibiza","url":"https:\/\/creaibiza.com\/","logo":{"@type":"ImageObject","inLanguage":"en-GB","@id":"https:\/\/creaibiza.com\/#\/schema\/logo\/image\/","url":"https:\/\/creaibiza.com\/wp-content\/uploads\/2024\/02\/cropped-logocrea-web.png","contentUrl":"https:\/\/creaibiza.com\/wp-content\/uploads\/2024\/02\/cropped-logocrea-web.png","width":591,"height":210,"caption":"Crea Ibiza"},"image":{"@id":"https:\/\/creaibiza.com\/#\/schema\/logo\/image\/"},"sameAs":["https:\/\/www.facebook.com\/creaibiza","https:\/\/www.instagram.com\/creaibiza"]}]}},"_links":{"self":[{"href":"https:\/\/creaibiza.com\/en\/wp-json\/wp\/v2\/product\/32559","targetHints":{"allow":["GET"]}}],"collection":[{"href":"https:\/\/creaibiza.com\/en\/wp-json\/wp\/v2\/product"}],"about":[{"href":"https:\/\/creaibiza.com\/en\/wp-json\/wp\/v2\/types\/product"}],"version-history":[{"count":2,"href":"https:\/\/creaibiza.com\/en\/wp-json\/wp\/v2\/product\/32559\/revisions"}],"predecessor-version":[{"id":32673,"href":"https:\/\/creaibiza.com\/en\/wp-json\/wp\/v2\/product\/32559\/revisions\/32673"}],"wp:featuredmedia":[{"embeddable":true,"href":"https:\/\/creaibiza.com\/en\/wp-json\/wp\/v2\/media\/32662"}],"wp:attachment":[{"href":"https:\/\/creaibiza.com\/en\/wp-json\/wp\/v2\/media?parent=32559"}],"wp:term":[{"taxonomy":"product_brand","embeddable":true,"href":"https:\/\/creaibiza.com\/en\/wp-json\/wp\/v2\/product_brand?post=32559"},{"taxonomy":"product_cat","embeddable":true,"href":"https:\/\/creaibiza.com\/en\/wp-json\/wp\/v2\/product_cat?post=32559"},{"taxonomy":"product_tag","embeddable":true,"href":"https:\/\/creaibiza.com\/en\/wp-json\/wp\/v2\/product_tag?post=32559"}],"curies":[{"name":"wp","href":"https:\/\/api.w.org\/{rel}","templated":true}]}}