{"id":32433,"date":"2024-04-22T20:21:56","date_gmt":"2024-04-22T19:21:56","guid":{"rendered":"https:\/\/creaibiza.com\/?post_type=product&#038;p=32433"},"modified":"2026-02-19T18:49:05","modified_gmt":"2026-02-19T17:49:05","slug":"revestimiento-artesano-de-ceramica-manrique-varios-tamanos","status":"publish","type":"product","link":"https:\/\/creaibiza.com\/en\/product\/revestimiento-artesano-de-ceramica-manrique-varios-tamanos\/","title":{"rendered":"Manrique handmade ceramic tile various sizes"},"content":{"rendered":"<p>Descubre la elegancia incomparable del revestimiento artesano de cer\u00e1mica Manrique de la reconocida marca Aut\u00e9ntica Cer\u00e1micas, ahora disponible en Crea Ibiza. Este exquisito revestimiento est\u00e1 elaborado con pasta negra, cuidadosamente esmaltada y cocida a alta temperatura para garantizar una durabilidad excepcional.<\/p>\n<p>Perfecto para realzar paredes interiores con un toque de sofisticaci\u00f3n y estilo artesanal, el revestimiento Manrique ofrece una belleza \u00fanica que transformar\u00e1 cualquier espacio. Su acabado refinado y su calidad artesanal hacen de cada pieza una obra de arte en s\u00ed misma.<\/p>\n<p>Embellece tu hogar con la distinci\u00f3n del revestimiento artesano de cer\u00e1mica Manrique de Aut\u00e9ntica Cer\u00e1micas. \u00a1Visita nuestra tienda en Crea Ibiza y descubre c\u00f3mo este revestimiento puede elevar el dise\u00f1o de tu hogar a un nivel superior!<\/p>","protected":false},"excerpt":{"rendered":"<p>Descubre la elegancia incomparable del revestimiento artesano de cer\u00e1mica Manrique de la reconocida marca Aut\u00e9ntica Cer\u00e1micas, ahora disponible en Crea Ibiza. Este exquisito revestimiento est\u00e1 elaborado con pasta negra, cuidadosamente esmaltada y cocida a alta temperatura para garantizar una durabilidad excepcional. Perfecto para realzar paredes interiores con un toque de sofisticaci\u00f3n y estilo artesanal, el &hellip; <\/p>\n<p class=\"link-more\"><a href=\"https:\/\/creaibiza.com\/en\/product\/revestimiento-artesano-de-ceramica-manrique-varios-tamanos\/\" class=\"more-link\">Read More <span class=\"screen-reader-text\"> \u00abRevestimiento artesano de cer\u00e1mica Manrique varios tama\u00f1os\u00bb<\/span><\/a><\/p>","protected":false},"featured_media":32540,"template":"","meta":{"_acf_changed":false},"product_brand":[1984],"product_cat":[186,1000,113],"product_tag":[1352,1353],"class_list":{"0":"post-32433","1":"product","2":"type-product","3":"status-publish","4":"has-post-thumbnail","6":"product_brand-autentica","7":"product_cat-decorados","8":"product_cat-madera-revestimiento","9":"product_cat-revestimiento","10":"product_tag-pavimento","11":"product_tag-revestimiento","13":"first","14":"instock","15":"taxable","16":"shipping-taxable","17":"purchasable","18":"product-type-variable"},"acf":[],"yoast_head":"<!-- This site is optimized with the Yoast SEO plugin v27.2 - https:\/\/yoast.com\/product\/yoast-seo-wordpress\/ -->\n<title>Revestimiento artesano de cer\u00e1mica Manrique varios tama\u00f1os - Crea Ibiza<\/title>\n<meta name=\"description\" content=\"Crea Ibiza - Revestimiento artesano de cer\u00e1mica Manrique varios tama\u00f1os - Descubre la belleza atemporal del gres artesano Morgan de la marca &quot;Aut\u00e9ntica&quot; en Crea Ibiza\" \/>\n<meta name=\"robots\" content=\"index, follow, max-snippet:-1, max-image-preview:large, max-video-preview:-1\" \/>\n<link rel=\"canonical\" href=\"https:\/\/creaibiza.com\/en\/product\/revestimiento-artesano-de-ceramica-manrique-varios-tamanos\/\" \/>\n<meta property=\"og:locale\" content=\"en_GB\" \/>\n<meta property=\"og:type\" content=\"article\" \/>\n<meta property=\"og:title\" content=\"Revestimiento artesano de cer\u00e1mica Manrique varios tama\u00f1os - Crea Ibiza\" \/>\n<meta property=\"og:description\" content=\"Crea Ibiza - Revestimiento artesano de cer\u00e1mica Manrique varios tama\u00f1os - Descubre la belleza atemporal del gres artesano Morgan de la marca &quot;Aut\u00e9ntica&quot; en Crea Ibiza\" \/>\n<meta property=\"og:url\" content=\"https:\/\/creaibiza.com\/en\/product\/revestimiento-artesano-de-ceramica-manrique-varios-tamanos\/\" \/>\n<meta property=\"og:site_name\" content=\"Crea Ibiza\" \/>\n<meta property=\"article:publisher\" content=\"https:\/\/www.facebook.com\/creaibiza\" \/>\n<meta property=\"article:modified_time\" content=\"2026-02-19T17:49:05+00:00\" \/>\n<meta property=\"og:image\" content=\"https:\/\/creaibiza.com\/wp-content\/uploads\/2024\/04\/manrique_ambescalada.jpg\" \/>\n\t<meta property=\"og:image:width\" content=\"825\" \/>\n\t<meta property=\"og:image:height\" content=\"618\" \/>\n\t<meta property=\"og:image:type\" content=\"image\/jpeg\" \/>\n<meta name=\"twitter:card\" content=\"summary_large_image\" \/>\n<meta name=\"twitter:label1\" content=\"Estimated reading time\" \/>\n\t<meta name=\"twitter:data1\" content=\"1 minute\" \/>\n<script type=\"application\/ld+json\" class=\"yoast-schema-graph\">{\"@context\":\"https:\/\/schema.org\",\"@graph\":[{\"@type\":\"WebPage\",\"@id\":\"https:\/\/creaibiza.com\/producto\/revestimiento-artesano-de-ceramica-manrique-varios-tamanos\/\",\"url\":\"https:\/\/creaibiza.com\/producto\/revestimiento-artesano-de-ceramica-manrique-varios-tamanos\/\",\"name\":\"Revestimiento artesano de cer\u00e1mica Manrique varios tama\u00f1os - Crea Ibiza\",\"isPartOf\":{\"@id\":\"https:\/\/creaibiza.com\/#website\"},\"primaryImageOfPage\":{\"@id\":\"https:\/\/creaibiza.com\/producto\/revestimiento-artesano-de-ceramica-manrique-varios-tamanos\/#primaryimage\"},\"image\":{\"@id\":\"https:\/\/creaibiza.com\/producto\/revestimiento-artesano-de-ceramica-manrique-varios-tamanos\/#primaryimage\"},\"thumbnailUrl\":\"https:\/\/creaibiza.com\/wp-content\/uploads\/2024\/04\/manrique_ambescalada.jpg\",\"datePublished\":\"2024-04-22T19:21:56+00:00\",\"dateModified\":\"2026-02-19T17:49:05+00:00\",\"description\":\"Crea Ibiza - Revestimiento artesano de cer\u00e1mica Manrique varios tama\u00f1os - Descubre la belleza atemporal del gres artesano Morgan de la marca \\\"Aut\u00e9ntica\\\" en Crea Ibiza\",\"breadcrumb\":{\"@id\":\"https:\/\/creaibiza.com\/producto\/revestimiento-artesano-de-ceramica-manrique-varios-tamanos\/#breadcrumb\"},\"inLanguage\":\"en-GB\",\"potentialAction\":[{\"@type\":\"ReadAction\",\"target\":[\"https:\/\/creaibiza.com\/producto\/revestimiento-artesano-de-ceramica-manrique-varios-tamanos\/\"]}]},{\"@type\":\"ImageObject\",\"inLanguage\":\"en-GB\",\"@id\":\"https:\/\/creaibiza.com\/producto\/revestimiento-artesano-de-ceramica-manrique-varios-tamanos\/#primaryimage\",\"url\":\"https:\/\/creaibiza.com\/wp-content\/uploads\/2024\/04\/manrique_ambescalada.jpg\",\"contentUrl\":\"https:\/\/creaibiza.com\/wp-content\/uploads\/2024\/04\/manrique_ambescalada.jpg\",\"width\":825,\"height\":618,\"caption\":\"Revestimiento artesano de cer\u00e1mica Manrique varios tama\u00f1os\"},{\"@type\":\"BreadcrumbList\",\"@id\":\"https:\/\/creaibiza.com\/producto\/revestimiento-artesano-de-ceramica-manrique-varios-tamanos\/#breadcrumb\",\"itemListElement\":[{\"@type\":\"ListItem\",\"position\":1,\"name\":\"Portada\",\"item\":\"https:\/\/creaibiza.com\/\"},{\"@type\":\"ListItem\",\"position\":2,\"name\":\"Tienda\",\"item\":\"https:\/\/creaibiza.com\/en\/tienda\/\"},{\"@type\":\"ListItem\",\"position\":3,\"name\":\"Revestimiento artesano de cer\u00e1mica Manrique varios tama\u00f1os\"}]},{\"@type\":\"WebSite\",\"@id\":\"https:\/\/creaibiza.com\/#website\",\"url\":\"https:\/\/creaibiza.com\/\",\"name\":\"Crea Ibiza\",\"description\":\"Cer\u00e1mica, sanitarios y revestimientos de dise\u00f1o en Ibiza\",\"publisher\":{\"@id\":\"https:\/\/creaibiza.com\/#organization\"},\"potentialAction\":[{\"@type\":\"SearchAction\",\"target\":{\"@type\":\"EntryPoint\",\"urlTemplate\":\"https:\/\/creaibiza.com\/?s={search_term_string}\"},\"query-input\":{\"@type\":\"PropertyValueSpecification\",\"valueRequired\":true,\"valueName\":\"search_term_string\"}}],\"inLanguage\":\"en-GB\"},{\"@type\":\"Organization\",\"@id\":\"https:\/\/creaibiza.com\/#organization\",\"name\":\"Crea Ibiza\",\"url\":\"https:\/\/creaibiza.com\/\",\"logo\":{\"@type\":\"ImageObject\",\"inLanguage\":\"en-GB\",\"@id\":\"https:\/\/creaibiza.com\/#\/schema\/logo\/image\/\",\"url\":\"https:\/\/creaibiza.com\/wp-content\/uploads\/2024\/02\/cropped-logocrea-web.png\",\"contentUrl\":\"https:\/\/creaibiza.com\/wp-content\/uploads\/2024\/02\/cropped-logocrea-web.png\",\"width\":591,\"height\":210,\"caption\":\"Crea Ibiza\"},\"image\":{\"@id\":\"https:\/\/creaibiza.com\/#\/schema\/logo\/image\/\"},\"sameAs\":[\"https:\/\/www.facebook.com\/creaibiza\",\"https:\/\/www.instagram.com\/creaibiza\"]}]}<\/script>\n<!-- \/ Yoast SEO plugin. -->","yoast_head_json":{"title":"Revestimiento artesano de cer\u00e1mica Manrique varios tama\u00f1os - Crea Ibiza","description":"Crea Ibiza - Revestimiento artesano de cer\u00e1mica Manrique varios tama\u00f1os - Descubre la belleza atemporal del gres artesano Morgan de la marca \"Aut\u00e9ntica\" en Crea Ibiza","robots":{"index":"index","follow":"follow","max-snippet":"max-snippet:-1","max-image-preview":"max-image-preview:large","max-video-preview":"max-video-preview:-1"},"canonical":"https:\/\/creaibiza.com\/en\/product\/revestimiento-artesano-de-ceramica-manrique-varios-tamanos\/","og_locale":"en_GB","og_type":"article","og_title":"Revestimiento artesano de cer\u00e1mica Manrique varios tama\u00f1os - Crea Ibiza","og_description":"Crea Ibiza - Revestimiento artesano de cer\u00e1mica Manrique varios tama\u00f1os - Descubre la belleza atemporal del gres artesano Morgan de la marca \"Aut\u00e9ntica\" en Crea Ibiza","og_url":"https:\/\/creaibiza.com\/en\/product\/revestimiento-artesano-de-ceramica-manrique-varios-tamanos\/","og_site_name":"Crea Ibiza","article_publisher":"https:\/\/www.facebook.com\/creaibiza","article_modified_time":"2026-02-19T17:49:05+00:00","og_image":[{"width":825,"height":618,"url":"https:\/\/creaibiza.com\/wp-content\/uploads\/2024\/04\/manrique_ambescalada.jpg","type":"image\/jpeg"}],"twitter_card":"summary_large_image","twitter_misc":{"Estimated reading time":"1 minute"},"schema":{"@context":"https:\/\/schema.org","@graph":[{"@type":"WebPage","@id":"https:\/\/creaibiza.com\/producto\/revestimiento-artesano-de-ceramica-manrique-varios-tamanos\/","url":"https:\/\/creaibiza.com\/producto\/revestimiento-artesano-de-ceramica-manrique-varios-tamanos\/","name":"Revestimiento artesano de cer\u00e1mica Manrique varios tama\u00f1os - Crea Ibiza","isPartOf":{"@id":"https:\/\/creaibiza.com\/#website"},"primaryImageOfPage":{"@id":"https:\/\/creaibiza.com\/producto\/revestimiento-artesano-de-ceramica-manrique-varios-tamanos\/#primaryimage"},"image":{"@id":"https:\/\/creaibiza.com\/producto\/revestimiento-artesano-de-ceramica-manrique-varios-tamanos\/#primaryimage"},"thumbnailUrl":"https:\/\/creaibiza.com\/wp-content\/uploads\/2024\/04\/manrique_ambescalada.jpg","datePublished":"2024-04-22T19:21:56+00:00","dateModified":"2026-02-19T17:49:05+00:00","description":"Crea Ibiza - Revestimiento artesano de cer\u00e1mica Manrique varios tama\u00f1os - Descubre la belleza atemporal del gres artesano Morgan de la marca \"Aut\u00e9ntica\" en Crea Ibiza","breadcrumb":{"@id":"https:\/\/creaibiza.com\/producto\/revestimiento-artesano-de-ceramica-manrique-varios-tamanos\/#breadcrumb"},"inLanguage":"en-GB","potentialAction":[{"@type":"ReadAction","target":["https:\/\/creaibiza.com\/producto\/revestimiento-artesano-de-ceramica-manrique-varios-tamanos\/"]}]},{"@type":"ImageObject","inLanguage":"en-GB","@id":"https:\/\/creaibiza.com\/producto\/revestimiento-artesano-de-ceramica-manrique-varios-tamanos\/#primaryimage","url":"https:\/\/creaibiza.com\/wp-content\/uploads\/2024\/04\/manrique_ambescalada.jpg","contentUrl":"https:\/\/creaibiza.com\/wp-content\/uploads\/2024\/04\/manrique_ambescalada.jpg","width":825,"height":618,"caption":"Revestimiento artesano de cer\u00e1mica Manrique varios tama\u00f1os"},{"@type":"BreadcrumbList","@id":"https:\/\/creaibiza.com\/producto\/revestimiento-artesano-de-ceramica-manrique-varios-tamanos\/#breadcrumb","itemListElement":[{"@type":"ListItem","position":1,"name":"Portada","item":"https:\/\/creaibiza.com\/"},{"@type":"ListItem","position":2,"name":"Tienda","item":"https:\/\/creaibiza.com\/en\/tienda\/"},{"@type":"ListItem","position":3,"name":"Revestimiento artesano de cer\u00e1mica Manrique varios tama\u00f1os"}]},{"@type":"WebSite","@id":"https:\/\/creaibiza.com\/#website","url":"https:\/\/creaibiza.com\/","name":"Create Ibiza","description":"Cer\u00e1mica, sanitarios y revestimientos de dise\u00f1o en Ibiza","publisher":{"@id":"https:\/\/creaibiza.com\/#organization"},"potentialAction":[{"@type":"SearchAction","target":{"@type":"EntryPoint","urlTemplate":"https:\/\/creaibiza.com\/?s={search_term_string}"},"query-input":{"@type":"PropertyValueSpecification","valueRequired":true,"valueName":"search_term_string"}}],"inLanguage":"en-GB"},{"@type":"Organization","@id":"https:\/\/creaibiza.com\/#organization","name":"Create Ibiza","url":"https:\/\/creaibiza.com\/","logo":{"@type":"ImageObject","inLanguage":"en-GB","@id":"https:\/\/creaibiza.com\/#\/schema\/logo\/image\/","url":"https:\/\/creaibiza.com\/wp-content\/uploads\/2024\/02\/cropped-logocrea-web.png","contentUrl":"https:\/\/creaibiza.com\/wp-content\/uploads\/2024\/02\/cropped-logocrea-web.png","width":591,"height":210,"caption":"Crea Ibiza"},"image":{"@id":"https:\/\/creaibiza.com\/#\/schema\/logo\/image\/"},"sameAs":["https:\/\/www.facebook.com\/creaibiza","https:\/\/www.instagram.com\/creaibiza"]}]}},"_links":{"self":[{"href":"https:\/\/creaibiza.com\/en\/wp-json\/wp\/v2\/product\/32433","targetHints":{"allow":["GET"]}}],"collection":[{"href":"https:\/\/creaibiza.com\/en\/wp-json\/wp\/v2\/product"}],"about":[{"href":"https:\/\/creaibiza.com\/en\/wp-json\/wp\/v2\/types\/product"}],"version-history":[{"count":2,"href":"https:\/\/creaibiza.com\/en\/wp-json\/wp\/v2\/product\/32433\/revisions"}],"predecessor-version":[{"id":32674,"href":"https:\/\/creaibiza.com\/en\/wp-json\/wp\/v2\/product\/32433\/revisions\/32674"}],"wp:featuredmedia":[{"embeddable":true,"href":"https:\/\/creaibiza.com\/en\/wp-json\/wp\/v2\/media\/32540"}],"wp:attachment":[{"href":"https:\/\/creaibiza.com\/en\/wp-json\/wp\/v2\/media?parent=32433"}],"wp:term":[{"taxonomy":"product_brand","embeddable":true,"href":"https:\/\/creaibiza.com\/en\/wp-json\/wp\/v2\/product_brand?post=32433"},{"taxonomy":"product_cat","embeddable":true,"href":"https:\/\/creaibiza.com\/en\/wp-json\/wp\/v2\/product_cat?post=32433"},{"taxonomy":"product_tag","embeddable":true,"href":"https:\/\/creaibiza.com\/en\/wp-json\/wp\/v2\/product_tag?post=32433"}],"curies":[{"name":"wp","href":"https:\/\/api.w.org\/{rel}","templated":true}]}}