{"id":32371,"date":"2024-04-22T11:40:09","date_gmt":"2024-04-22T10:40:09","guid":{"rendered":"https:\/\/creaibiza.com\/?post_type=product&#038;p=32371"},"modified":"2024-04-23T22:17:42","modified_gmt":"2024-04-23T21:17:42","slug":"gres-artesano-aquae-varios-tamanos","status":"publish","type":"product","link":"https:\/\/creaibiza.com\/en\/product\/gres-artesano-aquae-varios-tamanos\/","title":{"rendered":"Aquae Artisan Stoneware various sizes"},"content":{"rendered":"<p>Descubre la belleza atemporal del gres artesano Aquae de la prestigiosa marca Aut\u00e9ntica Ceramicas, disponible en Crea Ibiza. Nuestra colecci\u00f3n de gres artesano est\u00e1 elaborada a mano con tierras de colores cocidas a alta temperatura, garantizando una durabilidad excepcional para pavimentos y revestimientos tanto en interiores como en exteriores.<\/p>\n<p>El proceso artesanal confiere a cada pieza una singularidad \u00fanica, resaltando la autenticidad de tu espacio con su encanto natural. Desde tonos c\u00e1lidos hasta vibrantes, el gres artesano Aquae ofrece una paleta de colores variada para adaptarse a cualquier estilo y preferencia.<\/p>\n<p>\u00a1Contacta con nosotros para obtener m\u00e1s informaci\u00f3n sobre instalaci\u00f3n y mantenimiento! D\u00e9janos ser tu gu\u00eda en la creaci\u00f3n de espacios hermosos y funcionales con el gres artesano Aquae de Aut\u00e9ntica Ceramicas, disponible\u00a0 en Crea Ibiza.<\/p>","protected":false},"excerpt":{"rendered":"<p>Descubre la belleza atemporal del gres artesano Aquae de la prestigiosa marca Aut\u00e9ntica Ceramicas, disponible en Crea Ibiza. Nuestra colecci\u00f3n de gres artesano est\u00e1 elaborada a mano con tierras de colores cocidas a alta temperatura, garantizando una durabilidad excepcional para pavimentos y revestimientos tanto en interiores como en exteriores. El proceso artesanal confiere a cada &hellip; <\/p>\n<p class=\"link-more\"><a href=\"https:\/\/creaibiza.com\/en\/product\/gres-artesano-aquae-varios-tamanos\/\" class=\"more-link\">Read More <span class=\"screen-reader-text\"> \u00abGres Artesano Aquae varios tama\u00f1os\u00bb<\/span><\/a><\/p>","protected":false},"featured_media":32426,"template":"","meta":{"_acf_changed":false},"product_brand":[1984],"product_cat":[317,116,113,999],"product_tag":[1352,1353],"class_list":{"0":"post-32371","1":"product","2":"type-product","3":"status-publish","4":"has-post-thumbnail","6":"product_brand-autentica","7":"product_cat-cemento","8":"product_cat-pavimento","9":"product_cat-revestimiento","10":"product_cat-cementos","11":"product_tag-pavimento","12":"product_tag-revestimiento","14":"first","15":"instock","16":"taxable","17":"shipping-taxable","18":"purchasable","19":"product-type-variable"},"acf":[],"yoast_head":"<!-- This site is optimized with the Yoast SEO plugin v27.2 - https:\/\/yoast.com\/product\/yoast-seo-wordpress\/ -->\n<title>Gres Artesano Aquae varios tama\u00f1os - Crea Ibiza<\/title>\n<meta name=\"description\" content=\"Crea Ibiza - Gres Artesano Aquae varios tama\u00f1os - Descubre la belleza atemporal del gres artesano Morgan de la marca &quot;Aut\u00e9ntica&quot; en Crea Ibiza\" \/>\n<meta name=\"robots\" content=\"index, follow, max-snippet:-1, max-image-preview:large, max-video-preview:-1\" \/>\n<link rel=\"canonical\" href=\"https:\/\/creaibiza.com\/en\/product\/gres-artesano-aquae-varios-tamanos\/\" \/>\n<meta property=\"og:locale\" content=\"en_GB\" \/>\n<meta property=\"og:type\" content=\"article\" \/>\n<meta property=\"og:title\" content=\"Gres Artesano Aquae varios tama\u00f1os - Crea Ibiza\" \/>\n<meta property=\"og:description\" content=\"Crea Ibiza - Gres Artesano Aquae varios tama\u00f1os - Descubre la belleza atemporal del gres artesano Morgan de la marca &quot;Aut\u00e9ntica&quot; en Crea Ibiza\" \/>\n<meta property=\"og:url\" content=\"https:\/\/creaibiza.com\/en\/product\/gres-artesano-aquae-varios-tamanos\/\" \/>\n<meta property=\"og:site_name\" content=\"Crea Ibiza\" \/>\n<meta property=\"article:publisher\" content=\"https:\/\/www.facebook.com\/creaibiza\" \/>\n<meta property=\"article:modified_time\" content=\"2024-04-23T21:17:42+00:00\" \/>\n<meta property=\"og:image\" content=\"https:\/\/creaibiza.com\/wp-content\/uploads\/2024\/04\/gres-artesano-aquae.jpg\" \/>\n\t<meta property=\"og:image:width\" content=\"825\" \/>\n\t<meta property=\"og:image:height\" content=\"618\" \/>\n\t<meta property=\"og:image:type\" content=\"image\/jpeg\" \/>\n<meta name=\"twitter:card\" content=\"summary_large_image\" \/>\n<meta name=\"twitter:label1\" content=\"Estimated reading time\" \/>\n\t<meta name=\"twitter:data1\" content=\"1 minute\" \/>\n<script type=\"application\/ld+json\" class=\"yoast-schema-graph\">{\"@context\":\"https:\/\/schema.org\",\"@graph\":[{\"@type\":\"WebPage\",\"@id\":\"https:\/\/creaibiza.com\/producto\/gres-artesano-aquae-varios-tamanos\/\",\"url\":\"https:\/\/creaibiza.com\/producto\/gres-artesano-aquae-varios-tamanos\/\",\"name\":\"Gres Artesano Aquae varios tama\u00f1os - Crea Ibiza\",\"isPartOf\":{\"@id\":\"https:\/\/creaibiza.com\/#website\"},\"primaryImageOfPage\":{\"@id\":\"https:\/\/creaibiza.com\/producto\/gres-artesano-aquae-varios-tamanos\/#primaryimage\"},\"image\":{\"@id\":\"https:\/\/creaibiza.com\/producto\/gres-artesano-aquae-varios-tamanos\/#primaryimage\"},\"thumbnailUrl\":\"https:\/\/creaibiza.com\/wp-content\/uploads\/2024\/04\/gres-artesano-aquae.jpg\",\"datePublished\":\"2024-04-22T10:40:09+00:00\",\"dateModified\":\"2024-04-23T21:17:42+00:00\",\"description\":\"Crea Ibiza - Gres Artesano Aquae varios tama\u00f1os - Descubre la belleza atemporal del gres artesano Morgan de la marca \\\"Aut\u00e9ntica\\\" en Crea Ibiza\",\"breadcrumb\":{\"@id\":\"https:\/\/creaibiza.com\/producto\/gres-artesano-aquae-varios-tamanos\/#breadcrumb\"},\"inLanguage\":\"en-GB\",\"potentialAction\":[{\"@type\":\"ReadAction\",\"target\":[\"https:\/\/creaibiza.com\/producto\/gres-artesano-aquae-varios-tamanos\/\"]}]},{\"@type\":\"ImageObject\",\"inLanguage\":\"en-GB\",\"@id\":\"https:\/\/creaibiza.com\/producto\/gres-artesano-aquae-varios-tamanos\/#primaryimage\",\"url\":\"https:\/\/creaibiza.com\/wp-content\/uploads\/2024\/04\/gres-artesano-aquae.jpg\",\"contentUrl\":\"https:\/\/creaibiza.com\/wp-content\/uploads\/2024\/04\/gres-artesano-aquae.jpg\",\"width\":825,\"height\":618,\"caption\":\"gres artesano aquae - aut\u00e9ntica ceramica\"},{\"@type\":\"BreadcrumbList\",\"@id\":\"https:\/\/creaibiza.com\/producto\/gres-artesano-aquae-varios-tamanos\/#breadcrumb\",\"itemListElement\":[{\"@type\":\"ListItem\",\"position\":1,\"name\":\"Portada\",\"item\":\"https:\/\/creaibiza.com\/\"},{\"@type\":\"ListItem\",\"position\":2,\"name\":\"Tienda\",\"item\":\"https:\/\/creaibiza.com\/en\/tienda\/\"},{\"@type\":\"ListItem\",\"position\":3,\"name\":\"Gres Artesano Aquae varios tama\u00f1os\"}]},{\"@type\":\"WebSite\",\"@id\":\"https:\/\/creaibiza.com\/#website\",\"url\":\"https:\/\/creaibiza.com\/\",\"name\":\"Crea Ibiza\",\"description\":\"Cer\u00e1mica, sanitarios y revestimientos de dise\u00f1o en Ibiza\",\"publisher\":{\"@id\":\"https:\/\/creaibiza.com\/#organization\"},\"potentialAction\":[{\"@type\":\"SearchAction\",\"target\":{\"@type\":\"EntryPoint\",\"urlTemplate\":\"https:\/\/creaibiza.com\/?s={search_term_string}\"},\"query-input\":{\"@type\":\"PropertyValueSpecification\",\"valueRequired\":true,\"valueName\":\"search_term_string\"}}],\"inLanguage\":\"en-GB\"},{\"@type\":\"Organization\",\"@id\":\"https:\/\/creaibiza.com\/#organization\",\"name\":\"Crea Ibiza\",\"url\":\"https:\/\/creaibiza.com\/\",\"logo\":{\"@type\":\"ImageObject\",\"inLanguage\":\"en-GB\",\"@id\":\"https:\/\/creaibiza.com\/#\/schema\/logo\/image\/\",\"url\":\"https:\/\/creaibiza.com\/wp-content\/uploads\/2024\/02\/cropped-logocrea-web.png\",\"contentUrl\":\"https:\/\/creaibiza.com\/wp-content\/uploads\/2024\/02\/cropped-logocrea-web.png\",\"width\":591,\"height\":210,\"caption\":\"Crea Ibiza\"},\"image\":{\"@id\":\"https:\/\/creaibiza.com\/#\/schema\/logo\/image\/\"},\"sameAs\":[\"https:\/\/www.facebook.com\/creaibiza\",\"https:\/\/www.instagram.com\/creaibiza\"]}]}<\/script>\n<!-- \/ Yoast SEO plugin. -->","yoast_head_json":{"title":"Gres Artesano Aquae varios tama\u00f1os - Crea Ibiza","description":"Crea Ibiza - Gres Artesano Aquae varios tama\u00f1os - Descubre la belleza atemporal del gres artesano Morgan de la marca \"Aut\u00e9ntica\" en Crea Ibiza","robots":{"index":"index","follow":"follow","max-snippet":"max-snippet:-1","max-image-preview":"max-image-preview:large","max-video-preview":"max-video-preview:-1"},"canonical":"https:\/\/creaibiza.com\/en\/product\/gres-artesano-aquae-varios-tamanos\/","og_locale":"en_GB","og_type":"article","og_title":"Gres Artesano Aquae varios tama\u00f1os - Crea Ibiza","og_description":"Crea Ibiza - Gres Artesano Aquae varios tama\u00f1os - Descubre la belleza atemporal del gres artesano Morgan de la marca \"Aut\u00e9ntica\" en Crea Ibiza","og_url":"https:\/\/creaibiza.com\/en\/product\/gres-artesano-aquae-varios-tamanos\/","og_site_name":"Crea Ibiza","article_publisher":"https:\/\/www.facebook.com\/creaibiza","article_modified_time":"2024-04-23T21:17:42+00:00","og_image":[{"width":825,"height":618,"url":"https:\/\/creaibiza.com\/wp-content\/uploads\/2024\/04\/gres-artesano-aquae.jpg","type":"image\/jpeg"}],"twitter_card":"summary_large_image","twitter_misc":{"Estimated reading time":"1 minute"},"schema":{"@context":"https:\/\/schema.org","@graph":[{"@type":"WebPage","@id":"https:\/\/creaibiza.com\/producto\/gres-artesano-aquae-varios-tamanos\/","url":"https:\/\/creaibiza.com\/producto\/gres-artesano-aquae-varios-tamanos\/","name":"Gres Artesano Aquae varios tama\u00f1os - Crea Ibiza","isPartOf":{"@id":"https:\/\/creaibiza.com\/#website"},"primaryImageOfPage":{"@id":"https:\/\/creaibiza.com\/producto\/gres-artesano-aquae-varios-tamanos\/#primaryimage"},"image":{"@id":"https:\/\/creaibiza.com\/producto\/gres-artesano-aquae-varios-tamanos\/#primaryimage"},"thumbnailUrl":"https:\/\/creaibiza.com\/wp-content\/uploads\/2024\/04\/gres-artesano-aquae.jpg","datePublished":"2024-04-22T10:40:09+00:00","dateModified":"2024-04-23T21:17:42+00:00","description":"Crea Ibiza - Gres Artesano Aquae varios tama\u00f1os - Descubre la belleza atemporal del gres artesano Morgan de la marca \"Aut\u00e9ntica\" en Crea Ibiza","breadcrumb":{"@id":"https:\/\/creaibiza.com\/producto\/gres-artesano-aquae-varios-tamanos\/#breadcrumb"},"inLanguage":"en-GB","potentialAction":[{"@type":"ReadAction","target":["https:\/\/creaibiza.com\/producto\/gres-artesano-aquae-varios-tamanos\/"]}]},{"@type":"ImageObject","inLanguage":"en-GB","@id":"https:\/\/creaibiza.com\/producto\/gres-artesano-aquae-varios-tamanos\/#primaryimage","url":"https:\/\/creaibiza.com\/wp-content\/uploads\/2024\/04\/gres-artesano-aquae.jpg","contentUrl":"https:\/\/creaibiza.com\/wp-content\/uploads\/2024\/04\/gres-artesano-aquae.jpg","width":825,"height":618,"caption":"gres artesano aquae - aut\u00e9ntica ceramica"},{"@type":"BreadcrumbList","@id":"https:\/\/creaibiza.com\/producto\/gres-artesano-aquae-varios-tamanos\/#breadcrumb","itemListElement":[{"@type":"ListItem","position":1,"name":"Portada","item":"https:\/\/creaibiza.com\/"},{"@type":"ListItem","position":2,"name":"Tienda","item":"https:\/\/creaibiza.com\/en\/tienda\/"},{"@type":"ListItem","position":3,"name":"Gres Artesano Aquae varios tama\u00f1os"}]},{"@type":"WebSite","@id":"https:\/\/creaibiza.com\/#website","url":"https:\/\/creaibiza.com\/","name":"Create Ibiza","description":"Cer\u00e1mica, sanitarios y revestimientos de dise\u00f1o en Ibiza","publisher":{"@id":"https:\/\/creaibiza.com\/#organization"},"potentialAction":[{"@type":"SearchAction","target":{"@type":"EntryPoint","urlTemplate":"https:\/\/creaibiza.com\/?s={search_term_string}"},"query-input":{"@type":"PropertyValueSpecification","valueRequired":true,"valueName":"search_term_string"}}],"inLanguage":"en-GB"},{"@type":"Organization","@id":"https:\/\/creaibiza.com\/#organization","name":"Create Ibiza","url":"https:\/\/creaibiza.com\/","logo":{"@type":"ImageObject","inLanguage":"en-GB","@id":"https:\/\/creaibiza.com\/#\/schema\/logo\/image\/","url":"https:\/\/creaibiza.com\/wp-content\/uploads\/2024\/02\/cropped-logocrea-web.png","contentUrl":"https:\/\/creaibiza.com\/wp-content\/uploads\/2024\/02\/cropped-logocrea-web.png","width":591,"height":210,"caption":"Crea Ibiza"},"image":{"@id":"https:\/\/creaibiza.com\/#\/schema\/logo\/image\/"},"sameAs":["https:\/\/www.facebook.com\/creaibiza","https:\/\/www.instagram.com\/creaibiza"]}]}},"_links":{"self":[{"href":"https:\/\/creaibiza.com\/en\/wp-json\/wp\/v2\/product\/32371","targetHints":{"allow":["GET"]}}],"collection":[{"href":"https:\/\/creaibiza.com\/en\/wp-json\/wp\/v2\/product"}],"about":[{"href":"https:\/\/creaibiza.com\/en\/wp-json\/wp\/v2\/types\/product"}],"version-history":[{"count":2,"href":"https:\/\/creaibiza.com\/en\/wp-json\/wp\/v2\/product\/32371\/revisions"}],"predecessor-version":[{"id":32410,"href":"https:\/\/creaibiza.com\/en\/wp-json\/wp\/v2\/product\/32371\/revisions\/32410"}],"wp:featuredmedia":[{"embeddable":true,"href":"https:\/\/creaibiza.com\/en\/wp-json\/wp\/v2\/media\/32426"}],"wp:attachment":[{"href":"https:\/\/creaibiza.com\/en\/wp-json\/wp\/v2\/media?parent=32371"}],"wp:term":[{"taxonomy":"product_brand","embeddable":true,"href":"https:\/\/creaibiza.com\/en\/wp-json\/wp\/v2\/product_brand?post=32371"},{"taxonomy":"product_cat","embeddable":true,"href":"https:\/\/creaibiza.com\/en\/wp-json\/wp\/v2\/product_cat?post=32371"},{"taxonomy":"product_tag","embeddable":true,"href":"https:\/\/creaibiza.com\/en\/wp-json\/wp\/v2\/product_tag?post=32371"}],"curies":[{"name":"wp","href":"https:\/\/api.w.org\/{rel}","templated":true}]}}