{"id":32118,"date":"2024-04-22T10:40:51","date_gmt":"2024-04-22T09:40:51","guid":{"rendered":"https:\/\/creaibiza.com\/?post_type=product&#038;p=32118"},"modified":"2024-06-21T18:37:35","modified_gmt":"2024-06-21T17:37:35","slug":"gres-artesano-morgan-varios-tamanos-autentica","status":"publish","type":"product","link":"https:\/\/creaibiza.com\/en\/product\/gres-artesano-morgan-varios-tamanos-autentica\/","title":{"rendered":"Gres Artesano Morgan various sizes"},"content":{"rendered":"<p>\u00a1Descubre la belleza atemporal del gres artesano Morgan de la marca \u00abAut\u00e9ntica\u00bb en Crea Ibiza! Este exquisito gres est\u00e1 elaborado con tierras coloreadas, resaltando su autenticidad y encanto natural. Ideal tanto para pavimentos como revestimientos, su versatilidad lo convierte en la elecci\u00f3n perfecta para espacios interiores y exteriores. Con una calidad artesanal insuperable, el gres Morgan fusiona la tradici\u00f3n con la modernidad, a\u00f1adiendo un toque de elegancia y distinci\u00f3n a cualquier ambiente. \u00a1Descubre la aut\u00e9ntica belleza de este producto en Crea Ibiza y transforma tus espacios con estilo y sofisticaci\u00f3n!<\/p>","protected":false},"excerpt":{"rendered":"<p>\u00a1Descubre la belleza atemporal del gres artesano Morgan de la marca \u00abAut\u00e9ntica\u00bb en Crea Ibiza! Este exquisito gres est\u00e1 elaborado con tierras coloreadas, resaltando su autenticidad y encanto natural. Ideal tanto para pavimentos como revestimientos, su versatilidad lo convierte en la elecci\u00f3n perfecta para espacios interiores y exteriores. Con una calidad artesanal insuperable, el gres &hellip; <\/p>\n<p class=\"link-more\"><a href=\"https:\/\/creaibiza.com\/en\/product\/gres-artesano-morgan-varios-tamanos-autentica\/\" class=\"more-link\">Read More <span class=\"screen-reader-text\"> \u00abGres Artesano Morgan varios tama\u00f1os\u00bb<\/span><\/a><\/p>","protected":false},"featured_media":32365,"template":"","meta":{"_acf_changed":false},"product_brand":[],"product_cat":[317,2003,116,113,999],"product_tag":[],"class_list":{"0":"post-32118","1":"product","2":"type-product","3":"status-publish","4":"has-post-thumbnail","6":"product_cat-cemento","7":"product_cat-natural-style","8":"product_cat-pavimento","9":"product_cat-revestimiento","10":"product_cat-cementos","12":"first","13":"instock","14":"taxable","15":"shipping-taxable","16":"purchasable","17":"product-type-variable"},"acf":[],"yoast_head":"<!-- This site is optimized with the Yoast SEO plugin v27.2 - https:\/\/yoast.com\/product\/yoast-seo-wordpress\/ -->\n<title>Gres Artesano Morgan varios tama\u00f1os - Crea Ibiza<\/title>\n<meta name=\"description\" content=\"Crea Ibiza - Gres Artesano Morgan varios tama\u00f1os - Descubre la belleza atemporal del gres artesano Morgan de la marca &quot;Aut\u00e9ntica&quot; en Crea Ibiza\" \/>\n<meta name=\"robots\" content=\"index, follow, max-snippet:-1, max-image-preview:large, max-video-preview:-1\" \/>\n<link rel=\"canonical\" href=\"https:\/\/creaibiza.com\/en\/product\/gres-artesano-morgan-varios-tamanos-autentica\/\" \/>\n<meta property=\"og:locale\" content=\"en_GB\" \/>\n<meta property=\"og:type\" content=\"article\" \/>\n<meta property=\"og:title\" content=\"Gres Artesano Morgan varios tama\u00f1os - Crea Ibiza\" \/>\n<meta property=\"og:description\" content=\"Crea Ibiza - Gres Artesano Morgan varios tama\u00f1os - Descubre la belleza atemporal del gres artesano Morgan de la marca &quot;Aut\u00e9ntica&quot; en Crea Ibiza\" \/>\n<meta property=\"og:url\" content=\"https:\/\/creaibiza.com\/en\/product\/gres-artesano-morgan-varios-tamanos-autentica\/\" \/>\n<meta property=\"og:site_name\" content=\"Crea Ibiza\" \/>\n<meta property=\"article:publisher\" content=\"https:\/\/www.facebook.com\/creaibiza\" \/>\n<meta property=\"article:modified_time\" content=\"2024-06-21T17:37:35+00:00\" \/>\n<meta property=\"og:image\" content=\"https:\/\/creaibiza.com\/wp-content\/uploads\/2024\/04\/gres-artesano-morgan.jpg\" \/>\n\t<meta property=\"og:image:width\" content=\"479\" \/>\n\t<meta property=\"og:image:height\" content=\"1083\" \/>\n\t<meta property=\"og:image:type\" content=\"image\/jpeg\" \/>\n<meta name=\"twitter:card\" content=\"summary_large_image\" \/>\n<meta name=\"twitter:label1\" content=\"Estimated reading time\" \/>\n\t<meta name=\"twitter:data1\" content=\"1 minute\" \/>\n<script type=\"application\/ld+json\" class=\"yoast-schema-graph\">{\"@context\":\"https:\/\/schema.org\",\"@graph\":[{\"@type\":\"WebPage\",\"@id\":\"https:\/\/creaibiza.com\/producto\/gres-artesano-morgan-varios-tamanos-autentica\/\",\"url\":\"https:\/\/creaibiza.com\/producto\/gres-artesano-morgan-varios-tamanos-autentica\/\",\"name\":\"Gres Artesano Morgan varios tama\u00f1os - Crea Ibiza\",\"isPartOf\":{\"@id\":\"https:\/\/creaibiza.com\/#website\"},\"primaryImageOfPage\":{\"@id\":\"https:\/\/creaibiza.com\/producto\/gres-artesano-morgan-varios-tamanos-autentica\/#primaryimage\"},\"image\":{\"@id\":\"https:\/\/creaibiza.com\/producto\/gres-artesano-morgan-varios-tamanos-autentica\/#primaryimage\"},\"thumbnailUrl\":\"https:\/\/creaibiza.com\/wp-content\/uploads\/2024\/04\/gres-artesano-morgan.jpg\",\"datePublished\":\"2024-04-22T09:40:51+00:00\",\"dateModified\":\"2024-06-21T17:37:35+00:00\",\"description\":\"Crea Ibiza - Gres Artesano Morgan varios tama\u00f1os - Descubre la belleza atemporal del gres artesano Morgan de la marca \\\"Aut\u00e9ntica\\\" en Crea Ibiza\",\"breadcrumb\":{\"@id\":\"https:\/\/creaibiza.com\/producto\/gres-artesano-morgan-varios-tamanos-autentica\/#breadcrumb\"},\"inLanguage\":\"en-GB\",\"potentialAction\":[{\"@type\":\"ReadAction\",\"target\":[\"https:\/\/creaibiza.com\/producto\/gres-artesano-morgan-varios-tamanos-autentica\/\"]}]},{\"@type\":\"ImageObject\",\"inLanguage\":\"en-GB\",\"@id\":\"https:\/\/creaibiza.com\/producto\/gres-artesano-morgan-varios-tamanos-autentica\/#primaryimage\",\"url\":\"https:\/\/creaibiza.com\/wp-content\/uploads\/2024\/04\/gres-artesano-morgan.jpg\",\"contentUrl\":\"https:\/\/creaibiza.com\/wp-content\/uploads\/2024\/04\/gres-artesano-morgan.jpg\",\"width\":479,\"height\":1083,\"caption\":\"gres artesano morgan 3\"},{\"@type\":\"BreadcrumbList\",\"@id\":\"https:\/\/creaibiza.com\/producto\/gres-artesano-morgan-varios-tamanos-autentica\/#breadcrumb\",\"itemListElement\":[{\"@type\":\"ListItem\",\"position\":1,\"name\":\"Portada\",\"item\":\"https:\/\/creaibiza.com\/\"},{\"@type\":\"ListItem\",\"position\":2,\"name\":\"Tienda\",\"item\":\"https:\/\/creaibiza.com\/en\/tienda\/\"},{\"@type\":\"ListItem\",\"position\":3,\"name\":\"Gres Artesano Morgan varios tama\u00f1os\"}]},{\"@type\":\"WebSite\",\"@id\":\"https:\/\/creaibiza.com\/#website\",\"url\":\"https:\/\/creaibiza.com\/\",\"name\":\"Crea Ibiza\",\"description\":\"Cer\u00e1mica, sanitarios y revestimientos de dise\u00f1o en Ibiza\",\"publisher\":{\"@id\":\"https:\/\/creaibiza.com\/#organization\"},\"potentialAction\":[{\"@type\":\"SearchAction\",\"target\":{\"@type\":\"EntryPoint\",\"urlTemplate\":\"https:\/\/creaibiza.com\/?s={search_term_string}\"},\"query-input\":{\"@type\":\"PropertyValueSpecification\",\"valueRequired\":true,\"valueName\":\"search_term_string\"}}],\"inLanguage\":\"en-GB\"},{\"@type\":\"Organization\",\"@id\":\"https:\/\/creaibiza.com\/#organization\",\"name\":\"Crea Ibiza\",\"url\":\"https:\/\/creaibiza.com\/\",\"logo\":{\"@type\":\"ImageObject\",\"inLanguage\":\"en-GB\",\"@id\":\"https:\/\/creaibiza.com\/#\/schema\/logo\/image\/\",\"url\":\"https:\/\/creaibiza.com\/wp-content\/uploads\/2024\/02\/cropped-logocrea-web.png\",\"contentUrl\":\"https:\/\/creaibiza.com\/wp-content\/uploads\/2024\/02\/cropped-logocrea-web.png\",\"width\":591,\"height\":210,\"caption\":\"Crea Ibiza\"},\"image\":{\"@id\":\"https:\/\/creaibiza.com\/#\/schema\/logo\/image\/\"},\"sameAs\":[\"https:\/\/www.facebook.com\/creaibiza\",\"https:\/\/www.instagram.com\/creaibiza\"]}]}<\/script>\n<!-- \/ Yoast SEO plugin. -->","yoast_head_json":{"title":"Gres Artesano Morgan varios tama\u00f1os - Crea Ibiza","description":"Crea Ibiza - Gres Artesano Morgan varios tama\u00f1os - Descubre la belleza atemporal del gres artesano Morgan de la marca \"Aut\u00e9ntica\" en Crea Ibiza","robots":{"index":"index","follow":"follow","max-snippet":"max-snippet:-1","max-image-preview":"max-image-preview:large","max-video-preview":"max-video-preview:-1"},"canonical":"https:\/\/creaibiza.com\/en\/product\/gres-artesano-morgan-varios-tamanos-autentica\/","og_locale":"en_GB","og_type":"article","og_title":"Gres Artesano Morgan varios tama\u00f1os - Crea Ibiza","og_description":"Crea Ibiza - Gres Artesano Morgan varios tama\u00f1os - Descubre la belleza atemporal del gres artesano Morgan de la marca \"Aut\u00e9ntica\" en Crea Ibiza","og_url":"https:\/\/creaibiza.com\/en\/product\/gres-artesano-morgan-varios-tamanos-autentica\/","og_site_name":"Crea Ibiza","article_publisher":"https:\/\/www.facebook.com\/creaibiza","article_modified_time":"2024-06-21T17:37:35+00:00","og_image":[{"width":479,"height":1083,"url":"https:\/\/creaibiza.com\/wp-content\/uploads\/2024\/04\/gres-artesano-morgan.jpg","type":"image\/jpeg"}],"twitter_card":"summary_large_image","twitter_misc":{"Estimated reading time":"1 minute"},"schema":{"@context":"https:\/\/schema.org","@graph":[{"@type":"WebPage","@id":"https:\/\/creaibiza.com\/producto\/gres-artesano-morgan-varios-tamanos-autentica\/","url":"https:\/\/creaibiza.com\/producto\/gres-artesano-morgan-varios-tamanos-autentica\/","name":"Gres Artesano Morgan varios tama\u00f1os - Crea Ibiza","isPartOf":{"@id":"https:\/\/creaibiza.com\/#website"},"primaryImageOfPage":{"@id":"https:\/\/creaibiza.com\/producto\/gres-artesano-morgan-varios-tamanos-autentica\/#primaryimage"},"image":{"@id":"https:\/\/creaibiza.com\/producto\/gres-artesano-morgan-varios-tamanos-autentica\/#primaryimage"},"thumbnailUrl":"https:\/\/creaibiza.com\/wp-content\/uploads\/2024\/04\/gres-artesano-morgan.jpg","datePublished":"2024-04-22T09:40:51+00:00","dateModified":"2024-06-21T17:37:35+00:00","description":"Crea Ibiza - Gres Artesano Morgan varios tama\u00f1os - Descubre la belleza atemporal del gres artesano Morgan de la marca \"Aut\u00e9ntica\" en Crea Ibiza","breadcrumb":{"@id":"https:\/\/creaibiza.com\/producto\/gres-artesano-morgan-varios-tamanos-autentica\/#breadcrumb"},"inLanguage":"en-GB","potentialAction":[{"@type":"ReadAction","target":["https:\/\/creaibiza.com\/producto\/gres-artesano-morgan-varios-tamanos-autentica\/"]}]},{"@type":"ImageObject","inLanguage":"en-GB","@id":"https:\/\/creaibiza.com\/producto\/gres-artesano-morgan-varios-tamanos-autentica\/#primaryimage","url":"https:\/\/creaibiza.com\/wp-content\/uploads\/2024\/04\/gres-artesano-morgan.jpg","contentUrl":"https:\/\/creaibiza.com\/wp-content\/uploads\/2024\/04\/gres-artesano-morgan.jpg","width":479,"height":1083,"caption":"gres artesano morgan 3"},{"@type":"BreadcrumbList","@id":"https:\/\/creaibiza.com\/producto\/gres-artesano-morgan-varios-tamanos-autentica\/#breadcrumb","itemListElement":[{"@type":"ListItem","position":1,"name":"Portada","item":"https:\/\/creaibiza.com\/"},{"@type":"ListItem","position":2,"name":"Tienda","item":"https:\/\/creaibiza.com\/en\/tienda\/"},{"@type":"ListItem","position":3,"name":"Gres Artesano Morgan varios tama\u00f1os"}]},{"@type":"WebSite","@id":"https:\/\/creaibiza.com\/#website","url":"https:\/\/creaibiza.com\/","name":"Create Ibiza","description":"Cer\u00e1mica, sanitarios y revestimientos de dise\u00f1o en Ibiza","publisher":{"@id":"https:\/\/creaibiza.com\/#organization"},"potentialAction":[{"@type":"SearchAction","target":{"@type":"EntryPoint","urlTemplate":"https:\/\/creaibiza.com\/?s={search_term_string}"},"query-input":{"@type":"PropertyValueSpecification","valueRequired":true,"valueName":"search_term_string"}}],"inLanguage":"en-GB"},{"@type":"Organization","@id":"https:\/\/creaibiza.com\/#organization","name":"Create Ibiza","url":"https:\/\/creaibiza.com\/","logo":{"@type":"ImageObject","inLanguage":"en-GB","@id":"https:\/\/creaibiza.com\/#\/schema\/logo\/image\/","url":"https:\/\/creaibiza.com\/wp-content\/uploads\/2024\/02\/cropped-logocrea-web.png","contentUrl":"https:\/\/creaibiza.com\/wp-content\/uploads\/2024\/02\/cropped-logocrea-web.png","width":591,"height":210,"caption":"Crea Ibiza"},"image":{"@id":"https:\/\/creaibiza.com\/#\/schema\/logo\/image\/"},"sameAs":["https:\/\/www.facebook.com\/creaibiza","https:\/\/www.instagram.com\/creaibiza"]}]}},"_links":{"self":[{"href":"https:\/\/creaibiza.com\/en\/wp-json\/wp\/v2\/product\/32118","targetHints":{"allow":["GET"]}}],"collection":[{"href":"https:\/\/creaibiza.com\/en\/wp-json\/wp\/v2\/product"}],"about":[{"href":"https:\/\/creaibiza.com\/en\/wp-json\/wp\/v2\/types\/product"}],"version-history":[{"count":2,"href":"https:\/\/creaibiza.com\/en\/wp-json\/wp\/v2\/product\/32118\/revisions"}],"predecessor-version":[{"id":32370,"href":"https:\/\/creaibiza.com\/en\/wp-json\/wp\/v2\/product\/32118\/revisions\/32370"}],"wp:featuredmedia":[{"embeddable":true,"href":"https:\/\/creaibiza.com\/en\/wp-json\/wp\/v2\/media\/32365"}],"wp:attachment":[{"href":"https:\/\/creaibiza.com\/en\/wp-json\/wp\/v2\/media?parent=32118"}],"wp:term":[{"taxonomy":"product_brand","embeddable":true,"href":"https:\/\/creaibiza.com\/en\/wp-json\/wp\/v2\/product_brand?post=32118"},{"taxonomy":"product_cat","embeddable":true,"href":"https:\/\/creaibiza.com\/en\/wp-json\/wp\/v2\/product_cat?post=32118"},{"taxonomy":"product_tag","embeddable":true,"href":"https:\/\/creaibiza.com\/en\/wp-json\/wp\/v2\/product_tag?post=32118"}],"curies":[{"name":"wp","href":"https:\/\/api.w.org\/{rel}","templated":true}]}}