{"id":32099,"date":"2024-04-10T23:25:53","date_gmt":"2024-04-10T22:25:53","guid":{"rendered":"https:\/\/creaibiza.com\/?post_type=product&#038;p=32099"},"modified":"2024-04-10T23:56:26","modified_gmt":"2024-04-10T22:56:26","slug":"revestimiento-pasta-blanca-efecto-piedra-marne-32-x-99","status":"publish","type":"product","link":"https:\/\/creaibiza.com\/en\/product\/revestimiento-pasta-blanca-efecto-piedra-marne-32-x-99\/","title":{"rendered":"Marne Stone Effect White Paste Cladding 32 x 99"},"content":{"rendered":"<p>Discover the serene elegance of the Marne stone effect white body cladding, in the 32\u00d799 format, from the prestigious VIVES brand, now available at Crea Ibiza. Inspired by the natural beauty of Marne stone, this wall tile embodies a refined and versatile design that adds a touch of sophistication to any environment.<\/p>\n<p>The Marne wallcovering features a captivating combination of neutral and subtle tones that evoke the calm and serenity of nature. With its realistic stone effect, this wallcovering brings a sense of authenticity and warmth to your walls, whether indoors or outdoors.<\/p>\n<p>With a 32\u00d799 format, this cladding offers exceptional versatility, adapting to a variety of styles and applications. Whether it's to beautify your kitchen, bathroom or outdoor areas, Marne cladding provides a stylish and durable solution.<\/p>\n<p>Discover the timeless beauty of VIVES Marne stone effect white body cladding at Crea Ibiza and transform your spaces into a haven of elegance and tranquillity. Add a distinctive touch to your walls with this magnificent cladding and give your rooms an air of calm and sophistication.<\/p>","protected":false},"excerpt":{"rendered":"<p>Descubre la serena elegancia del revestimiento de pasta blanca efecto piedra Marne, en el formato de 32&#215;99, de la prestigiosa marca VIVES, ahora disponible en Crea Ibiza. Inspirado en la belleza natural de la piedra de Marne, este revestimiento encarna un dise\u00f1o refinado y vers\u00e1til que a\u00f1ade un toque de sofisticaci\u00f3n a cualquier ambiente. El &hellip; <\/p>\n<p class=\"link-more\"><a href=\"https:\/\/creaibiza.com\/en\/product\/revestimiento-pasta-blanca-efecto-piedra-marne-32-x-99\/\" class=\"more-link\">Read More <span class=\"screen-reader-text\"> \u00abRevestimiento Pasta Blanca Efecto Piedra Marne 32 x 99\u00bb<\/span><\/a><\/p>","protected":false},"featured_media":32103,"template":"","meta":{"_acf_changed":false},"product_brand":[1963],"product_cat":[1002,113],"product_tag":[1353],"class_list":{"0":"post-32099","1":"product","2":"type-product","3":"status-publish","4":"has-post-thumbnail","6":"product_brand-vives","7":"product_cat-piedra-revestimiento","8":"product_cat-revestimiento","9":"product_tag-revestimiento","11":"first","12":"instock","13":"taxable","14":"shipping-taxable","15":"purchasable","16":"product-type-variable"},"acf":[],"yoast_head":"<!-- This site is optimized with the Yoast SEO plugin v27.2 - https:\/\/yoast.com\/product\/yoast-seo-wordpress\/ -->\n<title>Revestimiento Pasta Blanca Efecto Piedra Marne 32 x 99 - Crea Ibiza<\/title>\n<meta name=\"description\" content=\"Crea Ibiza - Revestimiento Pasta Blanca Efecto Piedra Marne 32 x 99 - Sum\u00e9rgete en la distinguida elegancia del revestimiento de pasta blanca Oise.\" \/>\n<meta name=\"robots\" content=\"index, follow, max-snippet:-1, max-image-preview:large, max-video-preview:-1\" \/>\n<link rel=\"canonical\" href=\"https:\/\/creaibiza.com\/en\/product\/revestimiento-pasta-blanca-efecto-piedra-marne-32-x-99\/\" \/>\n<meta property=\"og:locale\" content=\"en_GB\" \/>\n<meta property=\"og:type\" content=\"article\" \/>\n<meta property=\"og:title\" content=\"Revestimiento Pasta Blanca Efecto Piedra Marne 32 x 99 - Crea Ibiza\" \/>\n<meta property=\"og:description\" content=\"Crea Ibiza - Revestimiento Pasta Blanca Efecto Piedra Marne 32 x 99 - Sum\u00e9rgete en la distinguida elegancia del revestimiento de pasta blanca Oise.\" \/>\n<meta property=\"og:url\" content=\"https:\/\/creaibiza.com\/en\/product\/revestimiento-pasta-blanca-efecto-piedra-marne-32-x-99\/\" \/>\n<meta property=\"og:site_name\" content=\"Crea Ibiza\" \/>\n<meta property=\"article:publisher\" content=\"https:\/\/www.facebook.com\/creaibiza\" \/>\n<meta property=\"article:modified_time\" content=\"2024-04-10T22:56:26+00:00\" \/>\n<meta property=\"og:image\" content=\"https:\/\/creaibiza.com\/wp-content\/uploads\/2024\/04\/VIVESceramica-A667_Marne_blanco.jpg\" \/>\n\t<meta property=\"og:image:width\" content=\"450\" \/>\n\t<meta property=\"og:image:height\" content=\"450\" \/>\n\t<meta property=\"og:image:type\" content=\"image\/jpeg\" \/>\n<meta name=\"twitter:card\" content=\"summary_large_image\" \/>\n<meta name=\"twitter:label1\" content=\"Estimated reading time\" \/>\n\t<meta name=\"twitter:data1\" content=\"2 minutes\" \/>\n<script type=\"application\/ld+json\" class=\"yoast-schema-graph\">{\"@context\":\"https:\/\/schema.org\",\"@graph\":[{\"@type\":\"WebPage\",\"@id\":\"https:\/\/creaibiza.com\/producto\/revestimiento-pasta-blanca-efecto-piedra-marne-32-x-99\/\",\"url\":\"https:\/\/creaibiza.com\/producto\/revestimiento-pasta-blanca-efecto-piedra-marne-32-x-99\/\",\"name\":\"Revestimiento Pasta Blanca Efecto Piedra Marne 32 x 99 - Crea Ibiza\",\"isPartOf\":{\"@id\":\"https:\/\/creaibiza.com\/#website\"},\"primaryImageOfPage\":{\"@id\":\"https:\/\/creaibiza.com\/producto\/revestimiento-pasta-blanca-efecto-piedra-marne-32-x-99\/#primaryimage\"},\"image\":{\"@id\":\"https:\/\/creaibiza.com\/producto\/revestimiento-pasta-blanca-efecto-piedra-marne-32-x-99\/#primaryimage\"},\"thumbnailUrl\":\"https:\/\/creaibiza.com\/wp-content\/uploads\/2024\/04\/VIVESceramica-A667_Marne_blanco.jpg\",\"datePublished\":\"2024-04-10T22:25:53+00:00\",\"dateModified\":\"2024-04-10T22:56:26+00:00\",\"description\":\"Crea Ibiza - Revestimiento Pasta Blanca Efecto Piedra Marne 32 x 99 - Sum\u00e9rgete en la distinguida elegancia del revestimiento de pasta blanca Oise.\",\"breadcrumb\":{\"@id\":\"https:\/\/creaibiza.com\/producto\/revestimiento-pasta-blanca-efecto-piedra-marne-32-x-99\/#breadcrumb\"},\"inLanguage\":\"en-GB\",\"potentialAction\":[{\"@type\":\"ReadAction\",\"target\":[\"https:\/\/creaibiza.com\/producto\/revestimiento-pasta-blanca-efecto-piedra-marne-32-x-99\/\"]}]},{\"@type\":\"ImageObject\",\"inLanguage\":\"en-GB\",\"@id\":\"https:\/\/creaibiza.com\/producto\/revestimiento-pasta-blanca-efecto-piedra-marne-32-x-99\/#primaryimage\",\"url\":\"https:\/\/creaibiza.com\/wp-content\/uploads\/2024\/04\/VIVESceramica-A667_Marne_blanco.jpg\",\"contentUrl\":\"https:\/\/creaibiza.com\/wp-content\/uploads\/2024\/04\/VIVESceramica-A667_Marne_blanco.jpg\",\"width\":450,\"height\":450,\"caption\":\"Revestimiento Pasta Blanca Efecto Piedra Marne 32 x 99\"},{\"@type\":\"BreadcrumbList\",\"@id\":\"https:\/\/creaibiza.com\/producto\/revestimiento-pasta-blanca-efecto-piedra-marne-32-x-99\/#breadcrumb\",\"itemListElement\":[{\"@type\":\"ListItem\",\"position\":1,\"name\":\"Portada\",\"item\":\"https:\/\/creaibiza.com\/\"},{\"@type\":\"ListItem\",\"position\":2,\"name\":\"Tienda\",\"item\":\"https:\/\/creaibiza.com\/en\/tienda\/\"},{\"@type\":\"ListItem\",\"position\":3,\"name\":\"Revestimiento Pasta Blanca Efecto Piedra Marne 32 x 99\"}]},{\"@type\":\"WebSite\",\"@id\":\"https:\/\/creaibiza.com\/#website\",\"url\":\"https:\/\/creaibiza.com\/\",\"name\":\"Crea Ibiza\",\"description\":\"Cer\u00e1mica, sanitarios y revestimientos de dise\u00f1o en Ibiza\",\"publisher\":{\"@id\":\"https:\/\/creaibiza.com\/#organization\"},\"potentialAction\":[{\"@type\":\"SearchAction\",\"target\":{\"@type\":\"EntryPoint\",\"urlTemplate\":\"https:\/\/creaibiza.com\/?s={search_term_string}\"},\"query-input\":{\"@type\":\"PropertyValueSpecification\",\"valueRequired\":true,\"valueName\":\"search_term_string\"}}],\"inLanguage\":\"en-GB\"},{\"@type\":\"Organization\",\"@id\":\"https:\/\/creaibiza.com\/#organization\",\"name\":\"Crea Ibiza\",\"url\":\"https:\/\/creaibiza.com\/\",\"logo\":{\"@type\":\"ImageObject\",\"inLanguage\":\"en-GB\",\"@id\":\"https:\/\/creaibiza.com\/#\/schema\/logo\/image\/\",\"url\":\"https:\/\/creaibiza.com\/wp-content\/uploads\/2024\/02\/cropped-logocrea-web.png\",\"contentUrl\":\"https:\/\/creaibiza.com\/wp-content\/uploads\/2024\/02\/cropped-logocrea-web.png\",\"width\":591,\"height\":210,\"caption\":\"Crea Ibiza\"},\"image\":{\"@id\":\"https:\/\/creaibiza.com\/#\/schema\/logo\/image\/\"},\"sameAs\":[\"https:\/\/www.facebook.com\/creaibiza\",\"https:\/\/www.instagram.com\/creaibiza\"]}]}<\/script>\n<!-- \/ Yoast SEO plugin. -->","yoast_head_json":{"title":"Revestimiento Pasta Blanca Efecto Piedra Marne 32 x 99 - Crea Ibiza","description":"Crea Ibiza - Revestimiento Pasta Blanca Efecto Piedra Marne 32 x 99 - Sum\u00e9rgete en la distinguida elegancia del revestimiento de pasta blanca Oise.","robots":{"index":"index","follow":"follow","max-snippet":"max-snippet:-1","max-image-preview":"max-image-preview:large","max-video-preview":"max-video-preview:-1"},"canonical":"https:\/\/creaibiza.com\/en\/product\/revestimiento-pasta-blanca-efecto-piedra-marne-32-x-99\/","og_locale":"en_GB","og_type":"article","og_title":"Revestimiento Pasta Blanca Efecto Piedra Marne 32 x 99 - Crea Ibiza","og_description":"Crea Ibiza - Revestimiento Pasta Blanca Efecto Piedra Marne 32 x 99 - Sum\u00e9rgete en la distinguida elegancia del revestimiento de pasta blanca Oise.","og_url":"https:\/\/creaibiza.com\/en\/product\/revestimiento-pasta-blanca-efecto-piedra-marne-32-x-99\/","og_site_name":"Crea Ibiza","article_publisher":"https:\/\/www.facebook.com\/creaibiza","article_modified_time":"2024-04-10T22:56:26+00:00","og_image":[{"width":450,"height":450,"url":"https:\/\/creaibiza.com\/wp-content\/uploads\/2024\/04\/VIVESceramica-A667_Marne_blanco.jpg","type":"image\/jpeg"}],"twitter_card":"summary_large_image","twitter_misc":{"Estimated reading time":"2 minutes"},"schema":{"@context":"https:\/\/schema.org","@graph":[{"@type":"WebPage","@id":"https:\/\/creaibiza.com\/producto\/revestimiento-pasta-blanca-efecto-piedra-marne-32-x-99\/","url":"https:\/\/creaibiza.com\/producto\/revestimiento-pasta-blanca-efecto-piedra-marne-32-x-99\/","name":"Revestimiento Pasta Blanca Efecto Piedra Marne 32 x 99 - Crea Ibiza","isPartOf":{"@id":"https:\/\/creaibiza.com\/#website"},"primaryImageOfPage":{"@id":"https:\/\/creaibiza.com\/producto\/revestimiento-pasta-blanca-efecto-piedra-marne-32-x-99\/#primaryimage"},"image":{"@id":"https:\/\/creaibiza.com\/producto\/revestimiento-pasta-blanca-efecto-piedra-marne-32-x-99\/#primaryimage"},"thumbnailUrl":"https:\/\/creaibiza.com\/wp-content\/uploads\/2024\/04\/VIVESceramica-A667_Marne_blanco.jpg","datePublished":"2024-04-10T22:25:53+00:00","dateModified":"2024-04-10T22:56:26+00:00","description":"Crea Ibiza - Revestimiento Pasta Blanca Efecto Piedra Marne 32 x 99 - Sum\u00e9rgete en la distinguida elegancia del revestimiento de pasta blanca Oise.","breadcrumb":{"@id":"https:\/\/creaibiza.com\/producto\/revestimiento-pasta-blanca-efecto-piedra-marne-32-x-99\/#breadcrumb"},"inLanguage":"en-GB","potentialAction":[{"@type":"ReadAction","target":["https:\/\/creaibiza.com\/producto\/revestimiento-pasta-blanca-efecto-piedra-marne-32-x-99\/"]}]},{"@type":"ImageObject","inLanguage":"en-GB","@id":"https:\/\/creaibiza.com\/producto\/revestimiento-pasta-blanca-efecto-piedra-marne-32-x-99\/#primaryimage","url":"https:\/\/creaibiza.com\/wp-content\/uploads\/2024\/04\/VIVESceramica-A667_Marne_blanco.jpg","contentUrl":"https:\/\/creaibiza.com\/wp-content\/uploads\/2024\/04\/VIVESceramica-A667_Marne_blanco.jpg","width":450,"height":450,"caption":"Revestimiento Pasta Blanca Efecto Piedra Marne 32 x 99"},{"@type":"BreadcrumbList","@id":"https:\/\/creaibiza.com\/producto\/revestimiento-pasta-blanca-efecto-piedra-marne-32-x-99\/#breadcrumb","itemListElement":[{"@type":"ListItem","position":1,"name":"Portada","item":"https:\/\/creaibiza.com\/"},{"@type":"ListItem","position":2,"name":"Tienda","item":"https:\/\/creaibiza.com\/en\/tienda\/"},{"@type":"ListItem","position":3,"name":"Revestimiento Pasta Blanca Efecto Piedra Marne 32 x 99"}]},{"@type":"WebSite","@id":"https:\/\/creaibiza.com\/#website","url":"https:\/\/creaibiza.com\/","name":"Create Ibiza","description":"Cer\u00e1mica, sanitarios y revestimientos de dise\u00f1o en Ibiza","publisher":{"@id":"https:\/\/creaibiza.com\/#organization"},"potentialAction":[{"@type":"SearchAction","target":{"@type":"EntryPoint","urlTemplate":"https:\/\/creaibiza.com\/?s={search_term_string}"},"query-input":{"@type":"PropertyValueSpecification","valueRequired":true,"valueName":"search_term_string"}}],"inLanguage":"en-GB"},{"@type":"Organization","@id":"https:\/\/creaibiza.com\/#organization","name":"Create Ibiza","url":"https:\/\/creaibiza.com\/","logo":{"@type":"ImageObject","inLanguage":"en-GB","@id":"https:\/\/creaibiza.com\/#\/schema\/logo\/image\/","url":"https:\/\/creaibiza.com\/wp-content\/uploads\/2024\/02\/cropped-logocrea-web.png","contentUrl":"https:\/\/creaibiza.com\/wp-content\/uploads\/2024\/02\/cropped-logocrea-web.png","width":591,"height":210,"caption":"Crea Ibiza"},"image":{"@id":"https:\/\/creaibiza.com\/#\/schema\/logo\/image\/"},"sameAs":["https:\/\/www.facebook.com\/creaibiza","https:\/\/www.instagram.com\/creaibiza"]}]}},"_links":{"self":[{"href":"https:\/\/creaibiza.com\/en\/wp-json\/wp\/v2\/product\/32099","targetHints":{"allow":["GET"]}}],"collection":[{"href":"https:\/\/creaibiza.com\/en\/wp-json\/wp\/v2\/product"}],"about":[{"href":"https:\/\/creaibiza.com\/en\/wp-json\/wp\/v2\/types\/product"}],"version-history":[{"count":1,"href":"https:\/\/creaibiza.com\/en\/wp-json\/wp\/v2\/product\/32099\/revisions"}],"predecessor-version":[{"id":32104,"href":"https:\/\/creaibiza.com\/en\/wp-json\/wp\/v2\/product\/32099\/revisions\/32104"}],"wp:featuredmedia":[{"embeddable":true,"href":"https:\/\/creaibiza.com\/en\/wp-json\/wp\/v2\/media\/32103"}],"wp:attachment":[{"href":"https:\/\/creaibiza.com\/en\/wp-json\/wp\/v2\/media?parent=32099"}],"wp:term":[{"taxonomy":"product_brand","embeddable":true,"href":"https:\/\/creaibiza.com\/en\/wp-json\/wp\/v2\/product_brand?post=32099"},{"taxonomy":"product_cat","embeddable":true,"href":"https:\/\/creaibiza.com\/en\/wp-json\/wp\/v2\/product_cat?post=32099"},{"taxonomy":"product_tag","embeddable":true,"href":"https:\/\/creaibiza.com\/en\/wp-json\/wp\/v2\/product_tag?post=32099"}],"curies":[{"name":"wp","href":"https:\/\/api.w.org\/{rel}","templated":true}]}}