{"id":32081,"date":"2024-04-10T21:42:36","date_gmt":"2024-04-10T20:42:36","guid":{"rendered":"https:\/\/creaibiza.com\/?post_type=product&#038;p=32081"},"modified":"2024-04-10T23:30:01","modified_gmt":"2024-04-10T22:30:01","slug":"revestimiento-pasta-blanca-efecto-piedra-oise-32-x-99","status":"publish","type":"product","link":"https:\/\/creaibiza.com\/en\/product\/revestimiento-pasta-blanca-efecto-piedra-oise-32-x-99\/","title":{"rendered":"Oise Stone Effect White Paste Cladding 32 x 99"},"content":{"rendered":"<p>Immerse yourself in the distinguished elegance of the Oise stone effect white body wall tile, in the 32 x 99 format, from the prestigious VIVES brand, now available at Crea Ibiza. Inspired by the serenity and natural beauty of the Oise region of France, this wall tile embodies a refined and versatile design that brings a touch of sophistication to any space.<\/p>\n<p>Oise wallcovering features a captivating combination of earthy and soft tones that evoke the tranquillity and harmony of nature. With its realistic stone effect, this wallcovering adds a sense of warmth and authenticity to your walls, both indoors and outdoors.<\/p>\n<p>With a 32 x 99 format, this wall tile offers exceptional versatility, adapting to a variety of styles and applications. Whether to beautify your kitchen, your bathroom or your outdoor areas. Oise cladding provides an elegant and durable solution.<\/p>\n<p>Experience the timeless beauty of VIVES Oise white stone-effect wall tiles by Crea Ibiza.  Transform your spaces into an oasis of elegance and serenity. Add a touch of distinction to your walls with this magnificent cladding and give your rooms an air of calm and sophistication.<\/p>","protected":false},"excerpt":{"rendered":"<p>Sum\u00e9rgete en la distinguida elegancia del revestimiento de pasta blanca efecto piedra Oise, en el formato de 32 x 99, de la prestigiosa marca VIVES, ahora disponible en Crea Ibiza. Inspirado en la serenidad y la belleza natural de la regi\u00f3n de Oise en Francia, Este revestimiento encarna un dise\u00f1o refinado y vers\u00e1til que aporta &hellip; <\/p>\n<p class=\"link-more\"><a href=\"https:\/\/creaibiza.com\/en\/product\/revestimiento-pasta-blanca-efecto-piedra-oise-32-x-99\/\" class=\"more-link\">Read More <span class=\"screen-reader-text\"> \u00abRevestimiento Pasta Blanca Efecto Piedra Oise 32 x 99\u00bb<\/span><\/a><\/p>","protected":false},"featured_media":32105,"template":"","meta":{"_acf_changed":false},"product_brand":[1963],"product_cat":[1002,113],"product_tag":[1353],"class_list":{"0":"post-32081","1":"product","2":"type-product","3":"status-publish","4":"has-post-thumbnail","6":"product_brand-vives","7":"product_cat-piedra-revestimiento","8":"product_cat-revestimiento","9":"product_tag-revestimiento","11":"first","12":"instock","13":"taxable","14":"shipping-taxable","15":"purchasable","16":"product-type-variable"},"acf":[],"yoast_head":"<!-- This site is optimized with the Yoast SEO plugin v27.2 - https:\/\/yoast.com\/product\/yoast-seo-wordpress\/ -->\n<title>Revestimiento Pasta Blanca Efecto Piedra Oise 32 x 99 - Crea Ibiza<\/title>\n<meta name=\"description\" content=\"Crea Ibiza - Revestimiento Pasta Blanca Efecto Piedra Oise 32 x 99 - Sum\u00e9rgete en la distinguida elegancia del revestimiento de pasta blanca Oise.\" \/>\n<meta name=\"robots\" content=\"index, follow, max-snippet:-1, max-image-preview:large, max-video-preview:-1\" \/>\n<link rel=\"canonical\" href=\"https:\/\/creaibiza.com\/en\/product\/revestimiento-pasta-blanca-efecto-piedra-oise-32-x-99\/\" \/>\n<meta property=\"og:locale\" content=\"en_GB\" \/>\n<meta property=\"og:type\" content=\"article\" \/>\n<meta property=\"og:title\" content=\"Revestimiento Pasta Blanca Efecto Piedra Oise 32 x 99 - Crea Ibiza\" \/>\n<meta property=\"og:description\" content=\"Crea Ibiza - Revestimiento Pasta Blanca Efecto Piedra Oise 32 x 99 - Sum\u00e9rgete en la distinguida elegancia del revestimiento de pasta blanca Oise.\" \/>\n<meta property=\"og:url\" content=\"https:\/\/creaibiza.com\/en\/product\/revestimiento-pasta-blanca-efecto-piedra-oise-32-x-99\/\" \/>\n<meta property=\"og:site_name\" content=\"Crea Ibiza\" \/>\n<meta property=\"article:publisher\" content=\"https:\/\/www.facebook.com\/creaibiza\" \/>\n<meta property=\"article:modified_time\" content=\"2024-04-10T22:30:01+00:00\" \/>\n<meta property=\"og:image\" content=\"https:\/\/creaibiza.com\/wp-content\/uploads\/2024\/04\/VIVESceramica-A668_Oise_arena_Cornelle_crema.jpg\" \/>\n\t<meta property=\"og:image:width\" content=\"450\" \/>\n\t<meta property=\"og:image:height\" content=\"450\" \/>\n\t<meta property=\"og:image:type\" content=\"image\/jpeg\" \/>\n<meta name=\"twitter:card\" content=\"summary_large_image\" \/>\n<meta name=\"twitter:label1\" content=\"Estimated reading time\" \/>\n\t<meta name=\"twitter:data1\" content=\"2 minutes\" \/>\n<script type=\"application\/ld+json\" class=\"yoast-schema-graph\">{\"@context\":\"https:\/\/schema.org\",\"@graph\":[{\"@type\":\"WebPage\",\"@id\":\"https:\/\/creaibiza.com\/producto\/revestimiento-pasta-blanca-efecto-piedra-oise-32-x-99\/\",\"url\":\"https:\/\/creaibiza.com\/producto\/revestimiento-pasta-blanca-efecto-piedra-oise-32-x-99\/\",\"name\":\"Revestimiento Pasta Blanca Efecto Piedra Oise 32 x 99 - Crea Ibiza\",\"isPartOf\":{\"@id\":\"https:\/\/creaibiza.com\/#website\"},\"primaryImageOfPage\":{\"@id\":\"https:\/\/creaibiza.com\/producto\/revestimiento-pasta-blanca-efecto-piedra-oise-32-x-99\/#primaryimage\"},\"image\":{\"@id\":\"https:\/\/creaibiza.com\/producto\/revestimiento-pasta-blanca-efecto-piedra-oise-32-x-99\/#primaryimage\"},\"thumbnailUrl\":\"https:\/\/creaibiza.com\/wp-content\/uploads\/2024\/04\/VIVESceramica-A668_Oise_arena_Cornelle_crema.jpg\",\"datePublished\":\"2024-04-10T20:42:36+00:00\",\"dateModified\":\"2024-04-10T22:30:01+00:00\",\"description\":\"Crea Ibiza - Revestimiento Pasta Blanca Efecto Piedra Oise 32 x 99 - Sum\u00e9rgete en la distinguida elegancia del revestimiento de pasta blanca Oise.\",\"breadcrumb\":{\"@id\":\"https:\/\/creaibiza.com\/producto\/revestimiento-pasta-blanca-efecto-piedra-oise-32-x-99\/#breadcrumb\"},\"inLanguage\":\"en-GB\",\"potentialAction\":[{\"@type\":\"ReadAction\",\"target\":[\"https:\/\/creaibiza.com\/producto\/revestimiento-pasta-blanca-efecto-piedra-oise-32-x-99\/\"]}]},{\"@type\":\"ImageObject\",\"inLanguage\":\"en-GB\",\"@id\":\"https:\/\/creaibiza.com\/producto\/revestimiento-pasta-blanca-efecto-piedra-oise-32-x-99\/#primaryimage\",\"url\":\"https:\/\/creaibiza.com\/wp-content\/uploads\/2024\/04\/VIVESceramica-A668_Oise_arena_Cornelle_crema.jpg\",\"contentUrl\":\"https:\/\/creaibiza.com\/wp-content\/uploads\/2024\/04\/VIVESceramica-A668_Oise_arena_Cornelle_crema.jpg\",\"width\":450,\"height\":450},{\"@type\":\"BreadcrumbList\",\"@id\":\"https:\/\/creaibiza.com\/producto\/revestimiento-pasta-blanca-efecto-piedra-oise-32-x-99\/#breadcrumb\",\"itemListElement\":[{\"@type\":\"ListItem\",\"position\":1,\"name\":\"Portada\",\"item\":\"https:\/\/creaibiza.com\/\"},{\"@type\":\"ListItem\",\"position\":2,\"name\":\"Tienda\",\"item\":\"https:\/\/creaibiza.com\/en\/tienda\/\"},{\"@type\":\"ListItem\",\"position\":3,\"name\":\"Revestimiento Pasta Blanca Efecto Piedra Oise 32 x 99\"}]},{\"@type\":\"WebSite\",\"@id\":\"https:\/\/creaibiza.com\/#website\",\"url\":\"https:\/\/creaibiza.com\/\",\"name\":\"Crea Ibiza\",\"description\":\"Cer\u00e1mica, sanitarios y revestimientos de dise\u00f1o en Ibiza\",\"publisher\":{\"@id\":\"https:\/\/creaibiza.com\/#organization\"},\"potentialAction\":[{\"@type\":\"SearchAction\",\"target\":{\"@type\":\"EntryPoint\",\"urlTemplate\":\"https:\/\/creaibiza.com\/?s={search_term_string}\"},\"query-input\":{\"@type\":\"PropertyValueSpecification\",\"valueRequired\":true,\"valueName\":\"search_term_string\"}}],\"inLanguage\":\"en-GB\"},{\"@type\":\"Organization\",\"@id\":\"https:\/\/creaibiza.com\/#organization\",\"name\":\"Crea Ibiza\",\"url\":\"https:\/\/creaibiza.com\/\",\"logo\":{\"@type\":\"ImageObject\",\"inLanguage\":\"en-GB\",\"@id\":\"https:\/\/creaibiza.com\/#\/schema\/logo\/image\/\",\"url\":\"https:\/\/creaibiza.com\/wp-content\/uploads\/2024\/02\/cropped-logocrea-web.png\",\"contentUrl\":\"https:\/\/creaibiza.com\/wp-content\/uploads\/2024\/02\/cropped-logocrea-web.png\",\"width\":591,\"height\":210,\"caption\":\"Crea Ibiza\"},\"image\":{\"@id\":\"https:\/\/creaibiza.com\/#\/schema\/logo\/image\/\"},\"sameAs\":[\"https:\/\/www.facebook.com\/creaibiza\",\"https:\/\/www.instagram.com\/creaibiza\"]}]}<\/script>\n<!-- \/ Yoast SEO plugin. -->","yoast_head_json":{"title":"Revestimiento Pasta Blanca Efecto Piedra Oise 32 x 99 - Crea Ibiza","description":"Crea Ibiza - Revestimiento Pasta Blanca Efecto Piedra Oise 32 x 99 - Sum\u00e9rgete en la distinguida elegancia del revestimiento de pasta blanca Oise.","robots":{"index":"index","follow":"follow","max-snippet":"max-snippet:-1","max-image-preview":"max-image-preview:large","max-video-preview":"max-video-preview:-1"},"canonical":"https:\/\/creaibiza.com\/en\/product\/revestimiento-pasta-blanca-efecto-piedra-oise-32-x-99\/","og_locale":"en_GB","og_type":"article","og_title":"Revestimiento Pasta Blanca Efecto Piedra Oise 32 x 99 - Crea Ibiza","og_description":"Crea Ibiza - Revestimiento Pasta Blanca Efecto Piedra Oise 32 x 99 - Sum\u00e9rgete en la distinguida elegancia del revestimiento de pasta blanca Oise.","og_url":"https:\/\/creaibiza.com\/en\/product\/revestimiento-pasta-blanca-efecto-piedra-oise-32-x-99\/","og_site_name":"Crea Ibiza","article_publisher":"https:\/\/www.facebook.com\/creaibiza","article_modified_time":"2024-04-10T22:30:01+00:00","og_image":[{"width":450,"height":450,"url":"https:\/\/creaibiza.com\/wp-content\/uploads\/2024\/04\/VIVESceramica-A668_Oise_arena_Cornelle_crema.jpg","type":"image\/jpeg"}],"twitter_card":"summary_large_image","twitter_misc":{"Estimated reading time":"2 minutes"},"schema":{"@context":"https:\/\/schema.org","@graph":[{"@type":"WebPage","@id":"https:\/\/creaibiza.com\/producto\/revestimiento-pasta-blanca-efecto-piedra-oise-32-x-99\/","url":"https:\/\/creaibiza.com\/producto\/revestimiento-pasta-blanca-efecto-piedra-oise-32-x-99\/","name":"Revestimiento Pasta Blanca Efecto Piedra Oise 32 x 99 - Crea Ibiza","isPartOf":{"@id":"https:\/\/creaibiza.com\/#website"},"primaryImageOfPage":{"@id":"https:\/\/creaibiza.com\/producto\/revestimiento-pasta-blanca-efecto-piedra-oise-32-x-99\/#primaryimage"},"image":{"@id":"https:\/\/creaibiza.com\/producto\/revestimiento-pasta-blanca-efecto-piedra-oise-32-x-99\/#primaryimage"},"thumbnailUrl":"https:\/\/creaibiza.com\/wp-content\/uploads\/2024\/04\/VIVESceramica-A668_Oise_arena_Cornelle_crema.jpg","datePublished":"2024-04-10T20:42:36+00:00","dateModified":"2024-04-10T22:30:01+00:00","description":"Crea Ibiza - Revestimiento Pasta Blanca Efecto Piedra Oise 32 x 99 - Sum\u00e9rgete en la distinguida elegancia del revestimiento de pasta blanca Oise.","breadcrumb":{"@id":"https:\/\/creaibiza.com\/producto\/revestimiento-pasta-blanca-efecto-piedra-oise-32-x-99\/#breadcrumb"},"inLanguage":"en-GB","potentialAction":[{"@type":"ReadAction","target":["https:\/\/creaibiza.com\/producto\/revestimiento-pasta-blanca-efecto-piedra-oise-32-x-99\/"]}]},{"@type":"ImageObject","inLanguage":"en-GB","@id":"https:\/\/creaibiza.com\/producto\/revestimiento-pasta-blanca-efecto-piedra-oise-32-x-99\/#primaryimage","url":"https:\/\/creaibiza.com\/wp-content\/uploads\/2024\/04\/VIVESceramica-A668_Oise_arena_Cornelle_crema.jpg","contentUrl":"https:\/\/creaibiza.com\/wp-content\/uploads\/2024\/04\/VIVESceramica-A668_Oise_arena_Cornelle_crema.jpg","width":450,"height":450},{"@type":"BreadcrumbList","@id":"https:\/\/creaibiza.com\/producto\/revestimiento-pasta-blanca-efecto-piedra-oise-32-x-99\/#breadcrumb","itemListElement":[{"@type":"ListItem","position":1,"name":"Portada","item":"https:\/\/creaibiza.com\/"},{"@type":"ListItem","position":2,"name":"Tienda","item":"https:\/\/creaibiza.com\/en\/tienda\/"},{"@type":"ListItem","position":3,"name":"Revestimiento Pasta Blanca Efecto Piedra Oise 32 x 99"}]},{"@type":"WebSite","@id":"https:\/\/creaibiza.com\/#website","url":"https:\/\/creaibiza.com\/","name":"Create Ibiza","description":"Cer\u00e1mica, sanitarios y revestimientos de dise\u00f1o en Ibiza","publisher":{"@id":"https:\/\/creaibiza.com\/#organization"},"potentialAction":[{"@type":"SearchAction","target":{"@type":"EntryPoint","urlTemplate":"https:\/\/creaibiza.com\/?s={search_term_string}"},"query-input":{"@type":"PropertyValueSpecification","valueRequired":true,"valueName":"search_term_string"}}],"inLanguage":"en-GB"},{"@type":"Organization","@id":"https:\/\/creaibiza.com\/#organization","name":"Create Ibiza","url":"https:\/\/creaibiza.com\/","logo":{"@type":"ImageObject","inLanguage":"en-GB","@id":"https:\/\/creaibiza.com\/#\/schema\/logo\/image\/","url":"https:\/\/creaibiza.com\/wp-content\/uploads\/2024\/02\/cropped-logocrea-web.png","contentUrl":"https:\/\/creaibiza.com\/wp-content\/uploads\/2024\/02\/cropped-logocrea-web.png","width":591,"height":210,"caption":"Crea Ibiza"},"image":{"@id":"https:\/\/creaibiza.com\/#\/schema\/logo\/image\/"},"sameAs":["https:\/\/www.facebook.com\/creaibiza","https:\/\/www.instagram.com\/creaibiza"]}]}},"_links":{"self":[{"href":"https:\/\/creaibiza.com\/en\/wp-json\/wp\/v2\/product\/32081","targetHints":{"allow":["GET"]}}],"collection":[{"href":"https:\/\/creaibiza.com\/en\/wp-json\/wp\/v2\/product"}],"about":[{"href":"https:\/\/creaibiza.com\/en\/wp-json\/wp\/v2\/types\/product"}],"version-history":[{"count":1,"href":"https:\/\/creaibiza.com\/en\/wp-json\/wp\/v2\/product\/32081\/revisions"}],"predecessor-version":[{"id":32090,"href":"https:\/\/creaibiza.com\/en\/wp-json\/wp\/v2\/product\/32081\/revisions\/32090"}],"wp:featuredmedia":[{"embeddable":true,"href":"https:\/\/creaibiza.com\/en\/wp-json\/wp\/v2\/media\/32105"}],"wp:attachment":[{"href":"https:\/\/creaibiza.com\/en\/wp-json\/wp\/v2\/media?parent=32081"}],"wp:term":[{"taxonomy":"product_brand","embeddable":true,"href":"https:\/\/creaibiza.com\/en\/wp-json\/wp\/v2\/product_brand?post=32081"},{"taxonomy":"product_cat","embeddable":true,"href":"https:\/\/creaibiza.com\/en\/wp-json\/wp\/v2\/product_cat?post=32081"},{"taxonomy":"product_tag","embeddable":true,"href":"https:\/\/creaibiza.com\/en\/wp-json\/wp\/v2\/product_tag?post=32081"}],"curies":[{"name":"wp","href":"https:\/\/api.w.org\/{rel}","templated":true}]}}