{"id":32051,"date":"2024-04-10T21:28:55","date_gmt":"2024-04-10T20:28:55","guid":{"rendered":"https:\/\/creaibiza.com\/?post_type=product&#038;p=32051"},"modified":"2024-04-10T23:18:06","modified_gmt":"2024-04-10T22:18:06","slug":"revestimiento-pasta-blanca-efecto-piedra-omicron-25x75","status":"publish","type":"product","link":"https:\/\/creaibiza.com\/en\/product\/revestimiento-pasta-blanca-efecto-piedra-omicron-25x75\/","title":{"rendered":"Revestimiento Pasta Blanca Efecto Piedra Omicron 25&#215;75"},"content":{"rendered":"<p>Explore the serene elegance of the Omicron white stone-effect stone effect wall tile, in the 25\u00d775 format, from the prestigious VIVES brand, now available at Crea Ibiza. Inspired by the majesty and calm of natural stone, this wall tile embodies a refined and versatile design that brings a touch of sophistication to any environment.<\/p>\n<p>Omicron wallcovering features a captivating combination of neutral and subtle tones that evoke the serenity and harmony of nature. With its realistic stone effect, this wallcovering adds a sense of authenticity and warmth to your walls, both indoors and outdoors.<\/p>\n<p>With a 25\u00d775 format, this cladding offers exceptional versatility, adapting to a variety of styles and applications. Whether it's to beautify your kitchen, bathroom or outdoor areas, Omicron cladding provides an elegant and durable solution.<\/p>\n<p>Discover the timeless beauty of VIVES Omicron stone effect white paste wall tiles at Crea Ibiza and transform your spaces into a haven of elegance and serenity. Add a touch of distinction to your walls with this magnificent cladding and give your rooms an air of calm and sophistication.<\/p>","protected":false},"excerpt":{"rendered":"<p>Explora la serena elegancia del revestimiento de pasta blanca efecto piedra Omicron, en el formato de 25&#215;75, de la prestigiosa marca VIVES, ahora disponible en Crea Ibiza. Inspirado en la majestuosidad y la calma de la piedra natural, este revestimiento encarna un dise\u00f1o refinado y vers\u00e1til que aporta un toque de sofisticaci\u00f3n a cualquier ambiente. &hellip; <\/p>\n<p class=\"link-more\"><a href=\"https:\/\/creaibiza.com\/en\/product\/revestimiento-pasta-blanca-efecto-piedra-omicron-25x75\/\" class=\"more-link\">Read More <span class=\"screen-reader-text\"> \u00abRevestimiento Pasta Blanca Efecto Piedra Omicron 25&#215;75\u00bb<\/span><\/a><\/p>","protected":false},"featured_media":30449,"template":"","meta":{"_acf_changed":false},"product_brand":[],"product_cat":[1002,113],"product_tag":[1353],"class_list":{"0":"post-32051","1":"product","2":"type-product","3":"status-publish","4":"has-post-thumbnail","6":"product_cat-piedra-revestimiento","7":"product_cat-revestimiento","8":"product_tag-revestimiento","10":"first","11":"instock","12":"taxable","13":"shipping-taxable","14":"purchasable","15":"product-type-variable"},"acf":[],"yoast_head":"<!-- This site is optimized with the Yoast SEO plugin v27.2 - https:\/\/yoast.com\/product\/yoast-seo-wordpress\/ -->\n<title>Revestimiento Pasta Blanca Efecto Piedra Omicron 25x75 - Crea Ibiza<\/title>\n<meta name=\"description\" content=\"Crea Ibiza - Revestimiento Pasta Blanca Efecto Piedra Omicron 25x75 - Explora la serena elegancia del revestimiento de pasta blanca efecto piedra Omicron\" \/>\n<meta name=\"robots\" content=\"index, follow, max-snippet:-1, max-image-preview:large, max-video-preview:-1\" \/>\n<link rel=\"canonical\" href=\"https:\/\/creaibiza.com\/en\/product\/revestimiento-pasta-blanca-efecto-piedra-omicron-25x75\/\" \/>\n<meta property=\"og:locale\" content=\"en_GB\" \/>\n<meta property=\"og:type\" content=\"article\" \/>\n<meta property=\"og:title\" content=\"Revestimiento Pasta Blanca Efecto Piedra Omicron 25x75 - Crea Ibiza\" \/>\n<meta property=\"og:description\" content=\"Crea Ibiza - Revestimiento Pasta Blanca Efecto Piedra Omicron 25x75 - Explora la serena elegancia del revestimiento de pasta blanca efecto piedra Omicron\" \/>\n<meta property=\"og:url\" content=\"https:\/\/creaibiza.com\/en\/product\/revestimiento-pasta-blanca-efecto-piedra-omicron-25x75\/\" \/>\n<meta property=\"og:site_name\" content=\"Crea Ibiza\" \/>\n<meta property=\"article:publisher\" content=\"https:\/\/www.facebook.com\/creaibiza\" \/>\n<meta property=\"article:modified_time\" content=\"2024-04-10T22:18:06+00:00\" \/>\n<meta property=\"og:image\" content=\"https:\/\/creaibiza.com\/wp-content\/uploads\/2024\/02\/cerdisatimestonegrey333x333ntbathroom-1-1.jpg\" \/>\n\t<meta property=\"og:image:width\" content=\"1000\" \/>\n\t<meta property=\"og:image:height\" content=\"1415\" \/>\n\t<meta property=\"og:image:type\" content=\"image\/jpeg\" \/>\n<meta name=\"twitter:card\" content=\"summary_large_image\" \/>\n<meta name=\"twitter:label1\" content=\"Estimated reading time\" \/>\n\t<meta name=\"twitter:data1\" content=\"2 minutes\" \/>\n<script type=\"application\/ld+json\" class=\"yoast-schema-graph\">{\"@context\":\"https:\/\/schema.org\",\"@graph\":[{\"@type\":\"WebPage\",\"@id\":\"https:\/\/creaibiza.com\/producto\/revestimiento-pasta-blanca-efecto-piedra-omicron-25x75\/\",\"url\":\"https:\/\/creaibiza.com\/producto\/revestimiento-pasta-blanca-efecto-piedra-omicron-25x75\/\",\"name\":\"Revestimiento Pasta Blanca Efecto Piedra Omicron 25x75 - Crea Ibiza\",\"isPartOf\":{\"@id\":\"https:\/\/creaibiza.com\/#website\"},\"primaryImageOfPage\":{\"@id\":\"https:\/\/creaibiza.com\/producto\/revestimiento-pasta-blanca-efecto-piedra-omicron-25x75\/#primaryimage\"},\"image\":{\"@id\":\"https:\/\/creaibiza.com\/producto\/revestimiento-pasta-blanca-efecto-piedra-omicron-25x75\/#primaryimage\"},\"thumbnailUrl\":\"https:\/\/creaibiza.com\/wp-content\/uploads\/2024\/02\/cerdisatimestonegrey333x333ntbathroom-1-1.jpg\",\"datePublished\":\"2024-04-10T20:28:55+00:00\",\"dateModified\":\"2024-04-10T22:18:06+00:00\",\"description\":\"Crea Ibiza - Revestimiento Pasta Blanca Efecto Piedra Omicron 25x75 - Explora la serena elegancia del revestimiento de pasta blanca efecto piedra Omicron\",\"breadcrumb\":{\"@id\":\"https:\/\/creaibiza.com\/producto\/revestimiento-pasta-blanca-efecto-piedra-omicron-25x75\/#breadcrumb\"},\"inLanguage\":\"en-GB\",\"potentialAction\":[{\"@type\":\"ReadAction\",\"target\":[\"https:\/\/creaibiza.com\/producto\/revestimiento-pasta-blanca-efecto-piedra-omicron-25x75\/\"]}]},{\"@type\":\"ImageObject\",\"inLanguage\":\"en-GB\",\"@id\":\"https:\/\/creaibiza.com\/producto\/revestimiento-pasta-blanca-efecto-piedra-omicron-25x75\/#primaryimage\",\"url\":\"https:\/\/creaibiza.com\/wp-content\/uploads\/2024\/02\/cerdisatimestonegrey333x333ntbathroom-1-1.jpg\",\"contentUrl\":\"https:\/\/creaibiza.com\/wp-content\/uploads\/2024\/02\/cerdisatimestonegrey333x333ntbathroom-1-1.jpg\",\"width\":1000,\"height\":1415,\"caption\":\"Revestimiento Pasta Blanca Efecto Piedra Omicron 25x75\"},{\"@type\":\"BreadcrumbList\",\"@id\":\"https:\/\/creaibiza.com\/producto\/revestimiento-pasta-blanca-efecto-piedra-omicron-25x75\/#breadcrumb\",\"itemListElement\":[{\"@type\":\"ListItem\",\"position\":1,\"name\":\"Portada\",\"item\":\"https:\/\/creaibiza.com\/\"},{\"@type\":\"ListItem\",\"position\":2,\"name\":\"Tienda\",\"item\":\"https:\/\/creaibiza.com\/en\/tienda\/\"},{\"@type\":\"ListItem\",\"position\":3,\"name\":\"Revestimiento Pasta Blanca Efecto Piedra Omicron 25&#215;75\"}]},{\"@type\":\"WebSite\",\"@id\":\"https:\/\/creaibiza.com\/#website\",\"url\":\"https:\/\/creaibiza.com\/\",\"name\":\"Crea Ibiza\",\"description\":\"Cer\u00e1mica, sanitarios y revestimientos de dise\u00f1o en Ibiza\",\"publisher\":{\"@id\":\"https:\/\/creaibiza.com\/#organization\"},\"potentialAction\":[{\"@type\":\"SearchAction\",\"target\":{\"@type\":\"EntryPoint\",\"urlTemplate\":\"https:\/\/creaibiza.com\/?s={search_term_string}\"},\"query-input\":{\"@type\":\"PropertyValueSpecification\",\"valueRequired\":true,\"valueName\":\"search_term_string\"}}],\"inLanguage\":\"en-GB\"},{\"@type\":\"Organization\",\"@id\":\"https:\/\/creaibiza.com\/#organization\",\"name\":\"Crea Ibiza\",\"url\":\"https:\/\/creaibiza.com\/\",\"logo\":{\"@type\":\"ImageObject\",\"inLanguage\":\"en-GB\",\"@id\":\"https:\/\/creaibiza.com\/#\/schema\/logo\/image\/\",\"url\":\"https:\/\/creaibiza.com\/wp-content\/uploads\/2024\/02\/cropped-logocrea-web.png\",\"contentUrl\":\"https:\/\/creaibiza.com\/wp-content\/uploads\/2024\/02\/cropped-logocrea-web.png\",\"width\":591,\"height\":210,\"caption\":\"Crea Ibiza\"},\"image\":{\"@id\":\"https:\/\/creaibiza.com\/#\/schema\/logo\/image\/\"},\"sameAs\":[\"https:\/\/www.facebook.com\/creaibiza\",\"https:\/\/www.instagram.com\/creaibiza\"]}]}<\/script>\n<!-- \/ Yoast SEO plugin. -->","yoast_head_json":{"title":"Revestimiento Pasta Blanca Efecto Piedra Omicron 25x75 - Crea Ibiza","description":"Crea Ibiza - Revestimiento Pasta Blanca Efecto Piedra Omicron 25x75 - Explora la serena elegancia del revestimiento de pasta blanca efecto piedra Omicron","robots":{"index":"index","follow":"follow","max-snippet":"max-snippet:-1","max-image-preview":"max-image-preview:large","max-video-preview":"max-video-preview:-1"},"canonical":"https:\/\/creaibiza.com\/en\/product\/revestimiento-pasta-blanca-efecto-piedra-omicron-25x75\/","og_locale":"en_GB","og_type":"article","og_title":"Revestimiento Pasta Blanca Efecto Piedra Omicron 25x75 - Crea Ibiza","og_description":"Crea Ibiza - Revestimiento Pasta Blanca Efecto Piedra Omicron 25x75 - Explora la serena elegancia del revestimiento de pasta blanca efecto piedra Omicron","og_url":"https:\/\/creaibiza.com\/en\/product\/revestimiento-pasta-blanca-efecto-piedra-omicron-25x75\/","og_site_name":"Crea Ibiza","article_publisher":"https:\/\/www.facebook.com\/creaibiza","article_modified_time":"2024-04-10T22:18:06+00:00","og_image":[{"width":1000,"height":1415,"url":"https:\/\/creaibiza.com\/wp-content\/uploads\/2024\/02\/cerdisatimestonegrey333x333ntbathroom-1-1.jpg","type":"image\/jpeg"}],"twitter_card":"summary_large_image","twitter_misc":{"Estimated reading time":"2 minutes"},"schema":{"@context":"https:\/\/schema.org","@graph":[{"@type":"WebPage","@id":"https:\/\/creaibiza.com\/producto\/revestimiento-pasta-blanca-efecto-piedra-omicron-25x75\/","url":"https:\/\/creaibiza.com\/producto\/revestimiento-pasta-blanca-efecto-piedra-omicron-25x75\/","name":"Revestimiento Pasta Blanca Efecto Piedra Omicron 25x75 - Crea Ibiza","isPartOf":{"@id":"https:\/\/creaibiza.com\/#website"},"primaryImageOfPage":{"@id":"https:\/\/creaibiza.com\/producto\/revestimiento-pasta-blanca-efecto-piedra-omicron-25x75\/#primaryimage"},"image":{"@id":"https:\/\/creaibiza.com\/producto\/revestimiento-pasta-blanca-efecto-piedra-omicron-25x75\/#primaryimage"},"thumbnailUrl":"https:\/\/creaibiza.com\/wp-content\/uploads\/2024\/02\/cerdisatimestonegrey333x333ntbathroom-1-1.jpg","datePublished":"2024-04-10T20:28:55+00:00","dateModified":"2024-04-10T22:18:06+00:00","description":"Crea Ibiza - Revestimiento Pasta Blanca Efecto Piedra Omicron 25x75 - Explora la serena elegancia del revestimiento de pasta blanca efecto piedra Omicron","breadcrumb":{"@id":"https:\/\/creaibiza.com\/producto\/revestimiento-pasta-blanca-efecto-piedra-omicron-25x75\/#breadcrumb"},"inLanguage":"en-GB","potentialAction":[{"@type":"ReadAction","target":["https:\/\/creaibiza.com\/producto\/revestimiento-pasta-blanca-efecto-piedra-omicron-25x75\/"]}]},{"@type":"ImageObject","inLanguage":"en-GB","@id":"https:\/\/creaibiza.com\/producto\/revestimiento-pasta-blanca-efecto-piedra-omicron-25x75\/#primaryimage","url":"https:\/\/creaibiza.com\/wp-content\/uploads\/2024\/02\/cerdisatimestonegrey333x333ntbathroom-1-1.jpg","contentUrl":"https:\/\/creaibiza.com\/wp-content\/uploads\/2024\/02\/cerdisatimestonegrey333x333ntbathroom-1-1.jpg","width":1000,"height":1415,"caption":"Revestimiento Pasta Blanca Efecto Piedra Omicron 25x75"},{"@type":"BreadcrumbList","@id":"https:\/\/creaibiza.com\/producto\/revestimiento-pasta-blanca-efecto-piedra-omicron-25x75\/#breadcrumb","itemListElement":[{"@type":"ListItem","position":1,"name":"Portada","item":"https:\/\/creaibiza.com\/"},{"@type":"ListItem","position":2,"name":"Tienda","item":"https:\/\/creaibiza.com\/en\/tienda\/"},{"@type":"ListItem","position":3,"name":"Revestimiento Pasta Blanca Efecto Piedra Omicron 25&#215;75"}]},{"@type":"WebSite","@id":"https:\/\/creaibiza.com\/#website","url":"https:\/\/creaibiza.com\/","name":"Create Ibiza","description":"Cer\u00e1mica, sanitarios y revestimientos de dise\u00f1o en Ibiza","publisher":{"@id":"https:\/\/creaibiza.com\/#organization"},"potentialAction":[{"@type":"SearchAction","target":{"@type":"EntryPoint","urlTemplate":"https:\/\/creaibiza.com\/?s={search_term_string}"},"query-input":{"@type":"PropertyValueSpecification","valueRequired":true,"valueName":"search_term_string"}}],"inLanguage":"en-GB"},{"@type":"Organization","@id":"https:\/\/creaibiza.com\/#organization","name":"Create Ibiza","url":"https:\/\/creaibiza.com\/","logo":{"@type":"ImageObject","inLanguage":"en-GB","@id":"https:\/\/creaibiza.com\/#\/schema\/logo\/image\/","url":"https:\/\/creaibiza.com\/wp-content\/uploads\/2024\/02\/cropped-logocrea-web.png","contentUrl":"https:\/\/creaibiza.com\/wp-content\/uploads\/2024\/02\/cropped-logocrea-web.png","width":591,"height":210,"caption":"Crea Ibiza"},"image":{"@id":"https:\/\/creaibiza.com\/#\/schema\/logo\/image\/"},"sameAs":["https:\/\/www.facebook.com\/creaibiza","https:\/\/www.instagram.com\/creaibiza"]}]}},"_links":{"self":[{"href":"https:\/\/creaibiza.com\/en\/wp-json\/wp\/v2\/product\/32051","targetHints":{"allow":["GET"]}}],"collection":[{"href":"https:\/\/creaibiza.com\/en\/wp-json\/wp\/v2\/product"}],"about":[{"href":"https:\/\/creaibiza.com\/en\/wp-json\/wp\/v2\/types\/product"}],"version-history":[{"count":2,"href":"https:\/\/creaibiza.com\/en\/wp-json\/wp\/v2\/product\/32051\/revisions"}],"predecessor-version":[{"id":32091,"href":"https:\/\/creaibiza.com\/en\/wp-json\/wp\/v2\/product\/32051\/revisions\/32091"}],"wp:featuredmedia":[{"embeddable":true,"href":"https:\/\/creaibiza.com\/en\/wp-json\/wp\/v2\/media\/30449"}],"wp:attachment":[{"href":"https:\/\/creaibiza.com\/en\/wp-json\/wp\/v2\/media?parent=32051"}],"wp:term":[{"taxonomy":"product_brand","embeddable":true,"href":"https:\/\/creaibiza.com\/en\/wp-json\/wp\/v2\/product_brand?post=32051"},{"taxonomy":"product_cat","embeddable":true,"href":"https:\/\/creaibiza.com\/en\/wp-json\/wp\/v2\/product_cat?post=32051"},{"taxonomy":"product_tag","embeddable":true,"href":"https:\/\/creaibiza.com\/en\/wp-json\/wp\/v2\/product_tag?post=32051"}],"curies":[{"name":"wp","href":"https:\/\/api.w.org\/{rel}","templated":true}]}}