{"id":31694,"date":"2024-04-18T11:43:12","date_gmt":"2024-04-18T10:43:12","guid":{"rendered":"https:\/\/creaibiza.com\/?post_type=product&#038;p=31694"},"modified":"2024-04-22T20:00:12","modified_gmt":"2024-04-22T19:00:12","slug":"urban-atelier","status":"publish","type":"product","link":"https:\/\/creaibiza.com\/en\/product\/urban-atelier\/","title":{"rendered":"Revestimiento Urban Atelier varios tama\u00f1os"},"content":{"rendered":"<p>Descubre la exquisitez del revestimiento Urban Atelier de la renombrada marca \u00abAleluia Ceramicas\u00bb, disponible en Crea Ibiza. Este revestimiento encapsula la esencia del lujo artesanal, con una superficie que exhibe un suave movimiento delicado, realzado por una capa especial de vidrio que aporta una profundidad visual cautivadora. Con Urban Atelier, tu espacio se transforma en un oasis de sofisticaci\u00f3n y refinamiento incomparables.<\/p>\n<p>Explora nuestra amplia gama de 48 colores \u00fanicos, cada uno una declaraci\u00f3n de originalidad y estilo. Desde tonos vibrantes hasta matices sutiles, Urban Atelier ofrece la libertad de crear proyectos personalizados de manera excepcional. Renueva tus espacios con el toque distintivo de Urban Atelier de \u00abAleluia Ceramicas\u00bb, disponible ahora en Crea Ibiza. \u00a1Emb\u00e1rcate en un viaje de dise\u00f1o \u00fanico y d\u00e9jate cautivar por la elegancia atemporal!<\/p>","protected":false},"excerpt":{"rendered":"<p>Descubre la exquisitez del revestimiento Urban Atelier de la renombrada marca \u00abAleluia Ceramicas\u00bb, disponible en Crea Ibiza. Este revestimiento encapsula la esencia del lujo artesanal, con una superficie que exhibe un suave movimiento delicado, realzado por una capa especial de vidrio que aporta una profundidad visual cautivadora. Con Urban Atelier, tu espacio se transforma en &hellip; <\/p>\n<p class=\"link-more\"><a href=\"https:\/\/creaibiza.com\/en\/product\/urban-atelier\/\" class=\"more-link\">Read More <span class=\"screen-reader-text\"> \u00abRevestimiento Urban Atelier varios tama\u00f1os\u00bb<\/span><\/a><\/p>","protected":false},"featured_media":32210,"template":"","meta":{"_acf_changed":false},"product_brand":[1164],"product_cat":[186,1000,113],"product_tag":[1353],"class_list":{"0":"post-31694","1":"product","2":"type-product","3":"status-publish","4":"has-post-thumbnail","6":"product_brand-aleluia","7":"product_cat-decorados","8":"product_cat-madera-revestimiento","9":"product_cat-revestimiento","10":"product_tag-revestimiento","12":"first","13":"instock","14":"taxable","15":"shipping-taxable","16":"purchasable","17":"product-type-variable"},"acf":[],"yoast_head":"<!-- This site is optimized with the Yoast SEO plugin v27.2 - https:\/\/yoast.com\/product\/yoast-seo-wordpress\/ -->\n<title>Revestimiento Urban Atelier varios tama\u00f1os - Crea Ibiza<\/title>\n<meta name=\"description\" content=\"Crea Ibiza - Revestimiento Urban Atelier varios tama\u00f1os - Descubre la exquisitez del revestimiento Urban Atelier de la renombrada marca &quot;Aleluia Ceramicas&quot;\" \/>\n<meta name=\"robots\" content=\"index, follow, max-snippet:-1, max-image-preview:large, max-video-preview:-1\" \/>\n<link rel=\"canonical\" href=\"https:\/\/creaibiza.com\/en\/product\/urban-atelier\/\" \/>\n<meta property=\"og:locale\" content=\"en_GB\" \/>\n<meta property=\"og:type\" content=\"article\" \/>\n<meta property=\"og:title\" content=\"Revestimiento Urban Atelier varios tama\u00f1os - Crea Ibiza\" \/>\n<meta property=\"og:description\" content=\"Crea Ibiza - Revestimiento Urban Atelier varios tama\u00f1os - Descubre la exquisitez del revestimiento Urban Atelier de la renombrada marca &quot;Aleluia Ceramicas&quot;\" \/>\n<meta property=\"og:url\" content=\"https:\/\/creaibiza.com\/en\/product\/urban-atelier\/\" \/>\n<meta property=\"og:site_name\" content=\"Crea Ibiza\" \/>\n<meta property=\"article:publisher\" content=\"https:\/\/www.facebook.com\/creaibiza\" \/>\n<meta property=\"article:modified_time\" content=\"2024-04-22T19:00:12+00:00\" \/>\n<meta property=\"og:image\" content=\"https:\/\/creaibiza.com\/wp-content\/uploads\/2024\/03\/AMBAR-10X10AMB-1.jpg\" \/>\n\t<meta property=\"og:image:width\" content=\"1000\" \/>\n\t<meta property=\"og:image:height\" content=\"1000\" \/>\n\t<meta property=\"og:image:type\" content=\"image\/jpeg\" \/>\n<meta name=\"twitter:card\" content=\"summary_large_image\" \/>\n<meta name=\"twitter:label1\" content=\"Estimated reading time\" \/>\n\t<meta name=\"twitter:data1\" content=\"1 minute\" \/>\n<script type=\"application\/ld+json\" class=\"yoast-schema-graph\">{\"@context\":\"https:\/\/schema.org\",\"@graph\":[{\"@type\":\"WebPage\",\"@id\":\"https:\/\/creaibiza.com\/producto\/urban-atelier\/\",\"url\":\"https:\/\/creaibiza.com\/producto\/urban-atelier\/\",\"name\":\"Revestimiento Urban Atelier varios tama\u00f1os - Crea Ibiza\",\"isPartOf\":{\"@id\":\"https:\/\/creaibiza.com\/#website\"},\"primaryImageOfPage\":{\"@id\":\"https:\/\/creaibiza.com\/producto\/urban-atelier\/#primaryimage\"},\"image\":{\"@id\":\"https:\/\/creaibiza.com\/producto\/urban-atelier\/#primaryimage\"},\"thumbnailUrl\":\"https:\/\/creaibiza.com\/wp-content\/uploads\/2024\/03\/AMBAR-10X10AMB-1.jpg\",\"datePublished\":\"2024-04-18T10:43:12+00:00\",\"dateModified\":\"2024-04-22T19:00:12+00:00\",\"description\":\"Crea Ibiza - Revestimiento Urban Atelier varios tama\u00f1os - Descubre la exquisitez del revestimiento Urban Atelier de la renombrada marca \\\"Aleluia Ceramicas\\\"\",\"breadcrumb\":{\"@id\":\"https:\/\/creaibiza.com\/producto\/urban-atelier\/#breadcrumb\"},\"inLanguage\":\"en-GB\",\"potentialAction\":[{\"@type\":\"ReadAction\",\"target\":[\"https:\/\/creaibiza.com\/producto\/urban-atelier\/\"]}]},{\"@type\":\"ImageObject\",\"inLanguage\":\"en-GB\",\"@id\":\"https:\/\/creaibiza.com\/producto\/urban-atelier\/#primaryimage\",\"url\":\"https:\/\/creaibiza.com\/wp-content\/uploads\/2024\/03\/AMBAR-10X10AMB-1.jpg\",\"contentUrl\":\"https:\/\/creaibiza.com\/wp-content\/uploads\/2024\/03\/AMBAR-10X10AMB-1.jpg\",\"width\":1000,\"height\":1000},{\"@type\":\"BreadcrumbList\",\"@id\":\"https:\/\/creaibiza.com\/producto\/urban-atelier\/#breadcrumb\",\"itemListElement\":[{\"@type\":\"ListItem\",\"position\":1,\"name\":\"Portada\",\"item\":\"https:\/\/creaibiza.com\/\"},{\"@type\":\"ListItem\",\"position\":2,\"name\":\"Tienda\",\"item\":\"https:\/\/creaibiza.com\/en\/tienda\/\"},{\"@type\":\"ListItem\",\"position\":3,\"name\":\"Revestimiento Urban Atelier varios tama\u00f1os\"}]},{\"@type\":\"WebSite\",\"@id\":\"https:\/\/creaibiza.com\/#website\",\"url\":\"https:\/\/creaibiza.com\/\",\"name\":\"Crea Ibiza\",\"description\":\"Cer\u00e1mica, sanitarios y revestimientos de dise\u00f1o en Ibiza\",\"publisher\":{\"@id\":\"https:\/\/creaibiza.com\/#organization\"},\"potentialAction\":[{\"@type\":\"SearchAction\",\"target\":{\"@type\":\"EntryPoint\",\"urlTemplate\":\"https:\/\/creaibiza.com\/?s={search_term_string}\"},\"query-input\":{\"@type\":\"PropertyValueSpecification\",\"valueRequired\":true,\"valueName\":\"search_term_string\"}}],\"inLanguage\":\"en-GB\"},{\"@type\":\"Organization\",\"@id\":\"https:\/\/creaibiza.com\/#organization\",\"name\":\"Crea Ibiza\",\"url\":\"https:\/\/creaibiza.com\/\",\"logo\":{\"@type\":\"ImageObject\",\"inLanguage\":\"en-GB\",\"@id\":\"https:\/\/creaibiza.com\/#\/schema\/logo\/image\/\",\"url\":\"https:\/\/creaibiza.com\/wp-content\/uploads\/2024\/02\/cropped-logocrea-web.png\",\"contentUrl\":\"https:\/\/creaibiza.com\/wp-content\/uploads\/2024\/02\/cropped-logocrea-web.png\",\"width\":591,\"height\":210,\"caption\":\"Crea Ibiza\"},\"image\":{\"@id\":\"https:\/\/creaibiza.com\/#\/schema\/logo\/image\/\"},\"sameAs\":[\"https:\/\/www.facebook.com\/creaibiza\",\"https:\/\/www.instagram.com\/creaibiza\"]}]}<\/script>\n<!-- \/ Yoast SEO plugin. -->","yoast_head_json":{"title":"Revestimiento Urban Atelier varios tama\u00f1os - Crea Ibiza","description":"Crea Ibiza - Revestimiento Urban Atelier varios tama\u00f1os - Descubre la exquisitez del revestimiento Urban Atelier de la renombrada marca \"Aleluia Ceramicas\"","robots":{"index":"index","follow":"follow","max-snippet":"max-snippet:-1","max-image-preview":"max-image-preview:large","max-video-preview":"max-video-preview:-1"},"canonical":"https:\/\/creaibiza.com\/en\/product\/urban-atelier\/","og_locale":"en_GB","og_type":"article","og_title":"Revestimiento Urban Atelier varios tama\u00f1os - Crea Ibiza","og_description":"Crea Ibiza - Revestimiento Urban Atelier varios tama\u00f1os - Descubre la exquisitez del revestimiento Urban Atelier de la renombrada marca \"Aleluia Ceramicas\"","og_url":"https:\/\/creaibiza.com\/en\/product\/urban-atelier\/","og_site_name":"Crea Ibiza","article_publisher":"https:\/\/www.facebook.com\/creaibiza","article_modified_time":"2024-04-22T19:00:12+00:00","og_image":[{"width":1000,"height":1000,"url":"https:\/\/creaibiza.com\/wp-content\/uploads\/2024\/03\/AMBAR-10X10AMB-1.jpg","type":"image\/jpeg"}],"twitter_card":"summary_large_image","twitter_misc":{"Estimated reading time":"1 minute"},"schema":{"@context":"https:\/\/schema.org","@graph":[{"@type":"WebPage","@id":"https:\/\/creaibiza.com\/producto\/urban-atelier\/","url":"https:\/\/creaibiza.com\/producto\/urban-atelier\/","name":"Revestimiento Urban Atelier varios tama\u00f1os - Crea Ibiza","isPartOf":{"@id":"https:\/\/creaibiza.com\/#website"},"primaryImageOfPage":{"@id":"https:\/\/creaibiza.com\/producto\/urban-atelier\/#primaryimage"},"image":{"@id":"https:\/\/creaibiza.com\/producto\/urban-atelier\/#primaryimage"},"thumbnailUrl":"https:\/\/creaibiza.com\/wp-content\/uploads\/2024\/03\/AMBAR-10X10AMB-1.jpg","datePublished":"2024-04-18T10:43:12+00:00","dateModified":"2024-04-22T19:00:12+00:00","description":"Crea Ibiza - Revestimiento Urban Atelier varios tama\u00f1os - Descubre la exquisitez del revestimiento Urban Atelier de la renombrada marca \"Aleluia Ceramicas\"","breadcrumb":{"@id":"https:\/\/creaibiza.com\/producto\/urban-atelier\/#breadcrumb"},"inLanguage":"en-GB","potentialAction":[{"@type":"ReadAction","target":["https:\/\/creaibiza.com\/producto\/urban-atelier\/"]}]},{"@type":"ImageObject","inLanguage":"en-GB","@id":"https:\/\/creaibiza.com\/producto\/urban-atelier\/#primaryimage","url":"https:\/\/creaibiza.com\/wp-content\/uploads\/2024\/03\/AMBAR-10X10AMB-1.jpg","contentUrl":"https:\/\/creaibiza.com\/wp-content\/uploads\/2024\/03\/AMBAR-10X10AMB-1.jpg","width":1000,"height":1000},{"@type":"BreadcrumbList","@id":"https:\/\/creaibiza.com\/producto\/urban-atelier\/#breadcrumb","itemListElement":[{"@type":"ListItem","position":1,"name":"Portada","item":"https:\/\/creaibiza.com\/"},{"@type":"ListItem","position":2,"name":"Tienda","item":"https:\/\/creaibiza.com\/en\/tienda\/"},{"@type":"ListItem","position":3,"name":"Revestimiento Urban Atelier varios tama\u00f1os"}]},{"@type":"WebSite","@id":"https:\/\/creaibiza.com\/#website","url":"https:\/\/creaibiza.com\/","name":"Create Ibiza","description":"Cer\u00e1mica, sanitarios y revestimientos de dise\u00f1o en Ibiza","publisher":{"@id":"https:\/\/creaibiza.com\/#organization"},"potentialAction":[{"@type":"SearchAction","target":{"@type":"EntryPoint","urlTemplate":"https:\/\/creaibiza.com\/?s={search_term_string}"},"query-input":{"@type":"PropertyValueSpecification","valueRequired":true,"valueName":"search_term_string"}}],"inLanguage":"en-GB"},{"@type":"Organization","@id":"https:\/\/creaibiza.com\/#organization","name":"Create Ibiza","url":"https:\/\/creaibiza.com\/","logo":{"@type":"ImageObject","inLanguage":"en-GB","@id":"https:\/\/creaibiza.com\/#\/schema\/logo\/image\/","url":"https:\/\/creaibiza.com\/wp-content\/uploads\/2024\/02\/cropped-logocrea-web.png","contentUrl":"https:\/\/creaibiza.com\/wp-content\/uploads\/2024\/02\/cropped-logocrea-web.png","width":591,"height":210,"caption":"Crea Ibiza"},"image":{"@id":"https:\/\/creaibiza.com\/#\/schema\/logo\/image\/"},"sameAs":["https:\/\/www.facebook.com\/creaibiza","https:\/\/www.instagram.com\/creaibiza"]}]}},"_links":{"self":[{"href":"https:\/\/creaibiza.com\/en\/wp-json\/wp\/v2\/product\/31694","targetHints":{"allow":["GET"]}}],"collection":[{"href":"https:\/\/creaibiza.com\/en\/wp-json\/wp\/v2\/product"}],"about":[{"href":"https:\/\/creaibiza.com\/en\/wp-json\/wp\/v2\/types\/product"}],"version-history":[{"count":4,"href":"https:\/\/creaibiza.com\/en\/wp-json\/wp\/v2\/product\/31694\/revisions"}],"predecessor-version":[{"id":32431,"href":"https:\/\/creaibiza.com\/en\/wp-json\/wp\/v2\/product\/31694\/revisions\/32431"}],"wp:featuredmedia":[{"embeddable":true,"href":"https:\/\/creaibiza.com\/en\/wp-json\/wp\/v2\/media\/32210"}],"wp:attachment":[{"href":"https:\/\/creaibiza.com\/en\/wp-json\/wp\/v2\/media?parent=31694"}],"wp:term":[{"taxonomy":"product_brand","embeddable":true,"href":"https:\/\/creaibiza.com\/en\/wp-json\/wp\/v2\/product_brand?post=31694"},{"taxonomy":"product_cat","embeddable":true,"href":"https:\/\/creaibiza.com\/en\/wp-json\/wp\/v2\/product_cat?post=31694"},{"taxonomy":"product_tag","embeddable":true,"href":"https:\/\/creaibiza.com\/en\/wp-json\/wp\/v2\/product_tag?post=31694"}],"curies":[{"name":"wp","href":"https:\/\/api.w.org\/{rel}","templated":true}]}}