{"id":31633,"date":"2024-03-14T15:21:09","date_gmt":"2024-03-14T14:21:09","guid":{"rendered":"https:\/\/creaibiza.com\/?post_type=product&#038;p=31633"},"modified":"2024-03-21T19:36:46","modified_gmt":"2024-03-21T18:36:46","slug":"g-core-deco","status":"publish","type":"product","link":"https:\/\/creaibiza.com\/en\/product\/g-core-deco\/","title":{"rendered":"G CORE DECO"},"content":{"rendered":"<p>Retomar la vida sencilla y sostenible, reencontrarnos con la naturaleza y con lo artesanal y abogar por desconectar son algunos de los pilares de la tendencia Cottagecore, un movimiento con cierto aire buc\u00f3lico e incluso rom\u00e1ntico y nost\u00e1lgico que ha cobrado m\u00e1s sentido que nunca en los \u00faltimos tiempos y que traspasa las cuestiones est\u00e9ticas para convertirse en un modo de vida arm\u00f3nico y simple.<\/p>","protected":false},"excerpt":{"rendered":"<p>Retomar la vida sencilla y sostenible, reencontrarnos con la naturaleza y con lo artesanal y abogar por desconectar son algunos de los pilares de la tendencia Cottagecore, un movimiento con cierto aire buc\u00f3lico e incluso rom\u00e1ntico y nost\u00e1lgico que ha cobrado m\u00e1s sentido que nunca en los \u00faltimos tiempos y que traspasa las cuestiones est\u00e9ticas &hellip; <\/p>\n<p class=\"link-more\"><a href=\"https:\/\/creaibiza.com\/en\/product\/g-core-deco\/\" class=\"more-link\">Read More <span class=\"screen-reader-text\"> \u00abG CORE DECO\u00bb<\/span><\/a><\/p>","protected":false},"featured_media":31647,"template":"","meta":{"_acf_changed":false},"product_brand":[1160,1807],"product_cat":[186,113,999],"product_tag":[1353],"class_list":{"0":"post-31633","1":"product","2":"type-product","3":"status-publish","4":"has-post-thumbnail","6":"product_brand-gayafores","7":"product_brand-gayaforest","8":"product_cat-decorados","9":"product_cat-revestimiento","10":"product_cat-cementos","11":"product_tag-revestimiento","13":"first","14":"instock","15":"taxable","16":"shipping-taxable","17":"purchasable","18":"product-type-variable"},"acf":[],"yoast_head":"<!-- This site is optimized with the Yoast SEO plugin v27.2 - https:\/\/yoast.com\/product\/yoast-seo-wordpress\/ -->\n<title>G CORE DECO - Crea Ibiza<\/title>\n<meta name=\"description\" content=\"Crea Ibiza - G CORE DECO -\" \/>\n<meta name=\"robots\" content=\"index, follow, max-snippet:-1, max-image-preview:large, max-video-preview:-1\" \/>\n<link rel=\"canonical\" href=\"https:\/\/creaibiza.com\/en\/product\/g-core-deco\/\" \/>\n<meta property=\"og:locale\" content=\"en_GB\" \/>\n<meta property=\"og:type\" content=\"article\" \/>\n<meta property=\"og:title\" content=\"G CORE DECO - Crea Ibiza\" \/>\n<meta property=\"og:description\" content=\"Crea Ibiza - G CORE DECO -\" \/>\n<meta property=\"og:url\" content=\"https:\/\/creaibiza.com\/en\/product\/g-core-deco\/\" \/>\n<meta property=\"og:site_name\" content=\"Crea Ibiza\" \/>\n<meta property=\"article:publisher\" content=\"https:\/\/www.facebook.com\/creaibiza\" \/>\n<meta property=\"article:modified_time\" content=\"2024-03-21T18:36:46+00:00\" \/>\n<meta property=\"og:image\" content=\"https:\/\/creaibiza.com\/wp-content\/uploads\/2024\/03\/core-almond-urban-porcelain-tiles-3-847x1024-1-1.jpg\" \/>\n\t<meta property=\"og:image:width\" content=\"1000\" \/>\n\t<meta property=\"og:image:height\" content=\"1209\" \/>\n\t<meta property=\"og:image:type\" content=\"image\/jpeg\" \/>\n<meta name=\"twitter:card\" content=\"summary_large_image\" \/>\n<meta name=\"twitter:label1\" content=\"Estimated reading time\" \/>\n\t<meta name=\"twitter:data1\" content=\"1 minute\" \/>\n<script type=\"application\/ld+json\" class=\"yoast-schema-graph\">{\"@context\":\"https:\/\/schema.org\",\"@graph\":[{\"@type\":\"WebPage\",\"@id\":\"https:\/\/creaibiza.com\/producto\/g-core-deco\/\",\"url\":\"https:\/\/creaibiza.com\/producto\/g-core-deco\/\",\"name\":\"G CORE DECO - Crea Ibiza\",\"isPartOf\":{\"@id\":\"https:\/\/creaibiza.com\/#website\"},\"primaryImageOfPage\":{\"@id\":\"https:\/\/creaibiza.com\/producto\/g-core-deco\/#primaryimage\"},\"image\":{\"@id\":\"https:\/\/creaibiza.com\/producto\/g-core-deco\/#primaryimage\"},\"thumbnailUrl\":\"https:\/\/creaibiza.com\/wp-content\/uploads\/2024\/03\/core-almond-urban-porcelain-tiles-3-847x1024-1-1.jpg\",\"datePublished\":\"2024-03-14T14:21:09+00:00\",\"dateModified\":\"2024-03-21T18:36:46+00:00\",\"description\":\"Crea Ibiza - G CORE DECO -\",\"breadcrumb\":{\"@id\":\"https:\/\/creaibiza.com\/producto\/g-core-deco\/#breadcrumb\"},\"inLanguage\":\"en-GB\",\"potentialAction\":[{\"@type\":\"ReadAction\",\"target\":[\"https:\/\/creaibiza.com\/producto\/g-core-deco\/\"]}]},{\"@type\":\"ImageObject\",\"inLanguage\":\"en-GB\",\"@id\":\"https:\/\/creaibiza.com\/producto\/g-core-deco\/#primaryimage\",\"url\":\"https:\/\/creaibiza.com\/wp-content\/uploads\/2024\/03\/core-almond-urban-porcelain-tiles-3-847x1024-1-1.jpg\",\"contentUrl\":\"https:\/\/creaibiza.com\/wp-content\/uploads\/2024\/03\/core-almond-urban-porcelain-tiles-3-847x1024-1-1.jpg\",\"width\":1000,\"height\":1209},{\"@type\":\"BreadcrumbList\",\"@id\":\"https:\/\/creaibiza.com\/producto\/g-core-deco\/#breadcrumb\",\"itemListElement\":[{\"@type\":\"ListItem\",\"position\":1,\"name\":\"Portada\",\"item\":\"https:\/\/creaibiza.com\/\"},{\"@type\":\"ListItem\",\"position\":2,\"name\":\"Tienda\",\"item\":\"https:\/\/creaibiza.com\/en\/tienda\/\"},{\"@type\":\"ListItem\",\"position\":3,\"name\":\"G CORE DECO\"}]},{\"@type\":\"WebSite\",\"@id\":\"https:\/\/creaibiza.com\/#website\",\"url\":\"https:\/\/creaibiza.com\/\",\"name\":\"Crea Ibiza\",\"description\":\"Cer\u00e1mica, sanitarios y revestimientos de dise\u00f1o en Ibiza\",\"publisher\":{\"@id\":\"https:\/\/creaibiza.com\/#organization\"},\"potentialAction\":[{\"@type\":\"SearchAction\",\"target\":{\"@type\":\"EntryPoint\",\"urlTemplate\":\"https:\/\/creaibiza.com\/?s={search_term_string}\"},\"query-input\":{\"@type\":\"PropertyValueSpecification\",\"valueRequired\":true,\"valueName\":\"search_term_string\"}}],\"inLanguage\":\"en-GB\"},{\"@type\":\"Organization\",\"@id\":\"https:\/\/creaibiza.com\/#organization\",\"name\":\"Crea Ibiza\",\"url\":\"https:\/\/creaibiza.com\/\",\"logo\":{\"@type\":\"ImageObject\",\"inLanguage\":\"en-GB\",\"@id\":\"https:\/\/creaibiza.com\/#\/schema\/logo\/image\/\",\"url\":\"https:\/\/creaibiza.com\/wp-content\/uploads\/2024\/02\/cropped-logocrea-web.png\",\"contentUrl\":\"https:\/\/creaibiza.com\/wp-content\/uploads\/2024\/02\/cropped-logocrea-web.png\",\"width\":591,\"height\":210,\"caption\":\"Crea Ibiza\"},\"image\":{\"@id\":\"https:\/\/creaibiza.com\/#\/schema\/logo\/image\/\"},\"sameAs\":[\"https:\/\/www.facebook.com\/creaibiza\",\"https:\/\/www.instagram.com\/creaibiza\"]}]}<\/script>\n<!-- \/ Yoast SEO plugin. -->","yoast_head_json":{"title":"G CORE DECO - Crea Ibiza","description":"Crea Ibiza - G CORE DECO -","robots":{"index":"index","follow":"follow","max-snippet":"max-snippet:-1","max-image-preview":"max-image-preview:large","max-video-preview":"max-video-preview:-1"},"canonical":"https:\/\/creaibiza.com\/en\/product\/g-core-deco\/","og_locale":"en_GB","og_type":"article","og_title":"G CORE DECO - Crea Ibiza","og_description":"Crea Ibiza - G CORE DECO -","og_url":"https:\/\/creaibiza.com\/en\/product\/g-core-deco\/","og_site_name":"Crea Ibiza","article_publisher":"https:\/\/www.facebook.com\/creaibiza","article_modified_time":"2024-03-21T18:36:46+00:00","og_image":[{"width":1000,"height":1209,"url":"https:\/\/creaibiza.com\/wp-content\/uploads\/2024\/03\/core-almond-urban-porcelain-tiles-3-847x1024-1-1.jpg","type":"image\/jpeg"}],"twitter_card":"summary_large_image","twitter_misc":{"Estimated reading time":"1 minute"},"schema":{"@context":"https:\/\/schema.org","@graph":[{"@type":"WebPage","@id":"https:\/\/creaibiza.com\/producto\/g-core-deco\/","url":"https:\/\/creaibiza.com\/producto\/g-core-deco\/","name":"G CORE DECO - Crea Ibiza","isPartOf":{"@id":"https:\/\/creaibiza.com\/#website"},"primaryImageOfPage":{"@id":"https:\/\/creaibiza.com\/producto\/g-core-deco\/#primaryimage"},"image":{"@id":"https:\/\/creaibiza.com\/producto\/g-core-deco\/#primaryimage"},"thumbnailUrl":"https:\/\/creaibiza.com\/wp-content\/uploads\/2024\/03\/core-almond-urban-porcelain-tiles-3-847x1024-1-1.jpg","datePublished":"2024-03-14T14:21:09+00:00","dateModified":"2024-03-21T18:36:46+00:00","description":"Crea Ibiza - G CORE DECO -","breadcrumb":{"@id":"https:\/\/creaibiza.com\/producto\/g-core-deco\/#breadcrumb"},"inLanguage":"en-GB","potentialAction":[{"@type":"ReadAction","target":["https:\/\/creaibiza.com\/producto\/g-core-deco\/"]}]},{"@type":"ImageObject","inLanguage":"en-GB","@id":"https:\/\/creaibiza.com\/producto\/g-core-deco\/#primaryimage","url":"https:\/\/creaibiza.com\/wp-content\/uploads\/2024\/03\/core-almond-urban-porcelain-tiles-3-847x1024-1-1.jpg","contentUrl":"https:\/\/creaibiza.com\/wp-content\/uploads\/2024\/03\/core-almond-urban-porcelain-tiles-3-847x1024-1-1.jpg","width":1000,"height":1209},{"@type":"BreadcrumbList","@id":"https:\/\/creaibiza.com\/producto\/g-core-deco\/#breadcrumb","itemListElement":[{"@type":"ListItem","position":1,"name":"Portada","item":"https:\/\/creaibiza.com\/"},{"@type":"ListItem","position":2,"name":"Tienda","item":"https:\/\/creaibiza.com\/en\/tienda\/"},{"@type":"ListItem","position":3,"name":"G CORE DECO"}]},{"@type":"WebSite","@id":"https:\/\/creaibiza.com\/#website","url":"https:\/\/creaibiza.com\/","name":"Create Ibiza","description":"Cer\u00e1mica, sanitarios y revestimientos de dise\u00f1o en Ibiza","publisher":{"@id":"https:\/\/creaibiza.com\/#organization"},"potentialAction":[{"@type":"SearchAction","target":{"@type":"EntryPoint","urlTemplate":"https:\/\/creaibiza.com\/?s={search_term_string}"},"query-input":{"@type":"PropertyValueSpecification","valueRequired":true,"valueName":"search_term_string"}}],"inLanguage":"en-GB"},{"@type":"Organization","@id":"https:\/\/creaibiza.com\/#organization","name":"Create Ibiza","url":"https:\/\/creaibiza.com\/","logo":{"@type":"ImageObject","inLanguage":"en-GB","@id":"https:\/\/creaibiza.com\/#\/schema\/logo\/image\/","url":"https:\/\/creaibiza.com\/wp-content\/uploads\/2024\/02\/cropped-logocrea-web.png","contentUrl":"https:\/\/creaibiza.com\/wp-content\/uploads\/2024\/02\/cropped-logocrea-web.png","width":591,"height":210,"caption":"Crea Ibiza"},"image":{"@id":"https:\/\/creaibiza.com\/#\/schema\/logo\/image\/"},"sameAs":["https:\/\/www.facebook.com\/creaibiza","https:\/\/www.instagram.com\/creaibiza"]}]}},"_links":{"self":[{"href":"https:\/\/creaibiza.com\/en\/wp-json\/wp\/v2\/product\/31633","targetHints":{"allow":["GET"]}}],"collection":[{"href":"https:\/\/creaibiza.com\/en\/wp-json\/wp\/v2\/product"}],"about":[{"href":"https:\/\/creaibiza.com\/en\/wp-json\/wp\/v2\/types\/product"}],"version-history":[{"count":2,"href":"https:\/\/creaibiza.com\/en\/wp-json\/wp\/v2\/product\/31633\/revisions"}],"predecessor-version":[{"id":31648,"href":"https:\/\/creaibiza.com\/en\/wp-json\/wp\/v2\/product\/31633\/revisions\/31648"}],"wp:featuredmedia":[{"embeddable":true,"href":"https:\/\/creaibiza.com\/en\/wp-json\/wp\/v2\/media\/31647"}],"wp:attachment":[{"href":"https:\/\/creaibiza.com\/en\/wp-json\/wp\/v2\/media?parent=31633"}],"wp:term":[{"taxonomy":"product_brand","embeddable":true,"href":"https:\/\/creaibiza.com\/en\/wp-json\/wp\/v2\/product_brand?post=31633"},{"taxonomy":"product_cat","embeddable":true,"href":"https:\/\/creaibiza.com\/en\/wp-json\/wp\/v2\/product_cat?post=31633"},{"taxonomy":"product_tag","embeddable":true,"href":"https:\/\/creaibiza.com\/en\/wp-json\/wp\/v2\/product_tag?post=31633"}],"curies":[{"name":"wp","href":"https:\/\/api.w.org\/{rel}","templated":true}]}}