{"id":31608,"date":"2024-03-14T15:09:14","date_gmt":"2024-03-14T14:09:14","guid":{"rendered":"https:\/\/creaibiza.com\/?post_type=product&#038;p=31608"},"modified":"2024-03-14T15:10:18","modified_gmt":"2024-03-14T14:10:18","slug":"g-core","status":"publish","type":"product","link":"https:\/\/creaibiza.com\/en\/product\/g-core\/","title":{"rendered":"G CORE"},"content":{"rendered":"<p>Tomando como referencia esta tendencia, presentamos una evoluci\u00f3n mat\u00e9rica en forma de cemento de gr\u00e1fica fina y limpia, que supone una prolongaci\u00f3n del estilo Cottage en cuanto a gama crom\u00e1tica. Con la Colecci\u00f3n CORE lanzamos una versi\u00f3n renovada de esta tendencia decorativa inspirada en las casas de campo inglesas, potenciando la homogeneidad y la continuidad de las superficies.<\/p>\n<p>CORE es un cemento con toda la esencia del cotto tradicional, que se adapta a las nuevas tendencias decorativas con una paleta de colores conectados con la tierra que incluye neutros y c\u00e1lidos y un destacado tono terracota.<\/p>\n<p>Junto con las bases en tonos Grey, Greige, Almond y Natural, la Colecci\u00f3n CORE incluye los correspondientes decorados compuestos por una sucesi\u00f3n de canales c\u00f3ncavos que generan una superficie estriada y arquitect\u00f3nica que rompe la homogeneidad del cemento sin alterar su apariencia natural. Estas estructuras lineales, que pueden colocarse tanto en horizontal como en vertical, revisten frontales y zocaladas que se complementan a la perfecci\u00f3n con la continuidad de las bases.<\/p>","protected":false},"excerpt":{"rendered":"<p>Tomando como referencia esta tendencia, presentamos una evoluci\u00f3n mat\u00e9rica en forma de cemento de gr\u00e1fica fina y limpia, que supone una prolongaci\u00f3n del estilo Cottage en cuanto a gama crom\u00e1tica. Con la Colecci\u00f3n CORE lanzamos una versi\u00f3n renovada de esta tendencia decorativa inspirada en las casas de campo inglesas, potenciando la homogeneidad y la continuidad &hellip; <\/p>\n<p class=\"link-more\"><a href=\"https:\/\/creaibiza.com\/en\/product\/g-core\/\" class=\"more-link\">Read More <span class=\"screen-reader-text\"> \u00abG CORE\u00bb<\/span><\/a><\/p>","protected":false},"featured_media":31631,"template":"","meta":{"_acf_changed":false},"product_brand":[1160,1807],"product_cat":[317,116,113,999],"product_tag":[1352,1353],"class_list":{"0":"post-31608","1":"product","2":"type-product","3":"status-publish","4":"has-post-thumbnail","6":"product_brand-gayafores","7":"product_brand-gayaforest","8":"product_cat-cemento","9":"product_cat-pavimento","10":"product_cat-revestimiento","11":"product_cat-cementos","12":"product_tag-pavimento","13":"product_tag-revestimiento","15":"first","16":"instock","17":"taxable","18":"shipping-taxable","19":"purchasable","20":"product-type-variable"},"acf":[],"yoast_head":"<!-- This site is optimized with the Yoast SEO plugin v27.2 - https:\/\/yoast.com\/product\/yoast-seo-wordpress\/ -->\n<title>G CORE - Crea Ibiza<\/title>\n<meta name=\"description\" content=\"Crea Ibiza - G CORE -\" \/>\n<meta name=\"robots\" content=\"index, follow, max-snippet:-1, max-image-preview:large, max-video-preview:-1\" \/>\n<link rel=\"canonical\" href=\"https:\/\/creaibiza.com\/en\/product\/g-core\/\" \/>\n<meta property=\"og:locale\" content=\"en_GB\" \/>\n<meta property=\"og:type\" content=\"article\" \/>\n<meta property=\"og:title\" content=\"G CORE - Crea Ibiza\" \/>\n<meta property=\"og:description\" content=\"Crea Ibiza - G CORE -\" \/>\n<meta property=\"og:url\" content=\"https:\/\/creaibiza.com\/en\/product\/g-core\/\" \/>\n<meta property=\"og:site_name\" content=\"Crea Ibiza\" \/>\n<meta property=\"article:publisher\" content=\"https:\/\/www.facebook.com\/creaibiza\" \/>\n<meta property=\"article:modified_time\" content=\"2024-03-14T14:10:18+00:00\" \/>\n<meta property=\"og:image\" content=\"https:\/\/creaibiza.com\/wp-content\/uploads\/2024\/03\/core-almond-urban-porcelain-tiles-2-965x1024-1.webp\" \/>\n\t<meta property=\"og:image:width\" content=\"965\" \/>\n\t<meta property=\"og:image:height\" content=\"1024\" \/>\n\t<meta property=\"og:image:type\" content=\"image\/webp\" \/>\n<meta name=\"twitter:card\" content=\"summary_large_image\" \/>\n<meta name=\"twitter:label1\" content=\"Estimated reading time\" \/>\n\t<meta name=\"twitter:data1\" content=\"1 minute\" \/>\n<script type=\"application\/ld+json\" class=\"yoast-schema-graph\">{\"@context\":\"https:\/\/schema.org\",\"@graph\":[{\"@type\":\"WebPage\",\"@id\":\"https:\/\/creaibiza.com\/producto\/g-core\/\",\"url\":\"https:\/\/creaibiza.com\/producto\/g-core\/\",\"name\":\"G CORE - Crea Ibiza\",\"isPartOf\":{\"@id\":\"https:\/\/creaibiza.com\/#website\"},\"primaryImageOfPage\":{\"@id\":\"https:\/\/creaibiza.com\/producto\/g-core\/#primaryimage\"},\"image\":{\"@id\":\"https:\/\/creaibiza.com\/producto\/g-core\/#primaryimage\"},\"thumbnailUrl\":\"https:\/\/creaibiza.com\/wp-content\/uploads\/2024\/03\/core-almond-urban-porcelain-tiles-2-965x1024-1.webp\",\"datePublished\":\"2024-03-14T14:09:14+00:00\",\"dateModified\":\"2024-03-14T14:10:18+00:00\",\"description\":\"Crea Ibiza - G CORE -\",\"breadcrumb\":{\"@id\":\"https:\/\/creaibiza.com\/producto\/g-core\/#breadcrumb\"},\"inLanguage\":\"en-GB\",\"potentialAction\":[{\"@type\":\"ReadAction\",\"target\":[\"https:\/\/creaibiza.com\/producto\/g-core\/\"]}]},{\"@type\":\"ImageObject\",\"inLanguage\":\"en-GB\",\"@id\":\"https:\/\/creaibiza.com\/producto\/g-core\/#primaryimage\",\"url\":\"https:\/\/creaibiza.com\/wp-content\/uploads\/2024\/03\/core-almond-urban-porcelain-tiles-2-965x1024-1.webp\",\"contentUrl\":\"https:\/\/creaibiza.com\/wp-content\/uploads\/2024\/03\/core-almond-urban-porcelain-tiles-2-965x1024-1.webp\",\"width\":965,\"height\":1024},{\"@type\":\"BreadcrumbList\",\"@id\":\"https:\/\/creaibiza.com\/producto\/g-core\/#breadcrumb\",\"itemListElement\":[{\"@type\":\"ListItem\",\"position\":1,\"name\":\"Portada\",\"item\":\"https:\/\/creaibiza.com\/\"},{\"@type\":\"ListItem\",\"position\":2,\"name\":\"Tienda\",\"item\":\"https:\/\/creaibiza.com\/en\/tienda\/\"},{\"@type\":\"ListItem\",\"position\":3,\"name\":\"G CORE\"}]},{\"@type\":\"WebSite\",\"@id\":\"https:\/\/creaibiza.com\/#website\",\"url\":\"https:\/\/creaibiza.com\/\",\"name\":\"Crea Ibiza\",\"description\":\"Cer\u00e1mica, sanitarios y revestimientos de dise\u00f1o en Ibiza\",\"publisher\":{\"@id\":\"https:\/\/creaibiza.com\/#organization\"},\"potentialAction\":[{\"@type\":\"SearchAction\",\"target\":{\"@type\":\"EntryPoint\",\"urlTemplate\":\"https:\/\/creaibiza.com\/?s={search_term_string}\"},\"query-input\":{\"@type\":\"PropertyValueSpecification\",\"valueRequired\":true,\"valueName\":\"search_term_string\"}}],\"inLanguage\":\"en-GB\"},{\"@type\":\"Organization\",\"@id\":\"https:\/\/creaibiza.com\/#organization\",\"name\":\"Crea Ibiza\",\"url\":\"https:\/\/creaibiza.com\/\",\"logo\":{\"@type\":\"ImageObject\",\"inLanguage\":\"en-GB\",\"@id\":\"https:\/\/creaibiza.com\/#\/schema\/logo\/image\/\",\"url\":\"https:\/\/creaibiza.com\/wp-content\/uploads\/2024\/02\/cropped-logocrea-web.png\",\"contentUrl\":\"https:\/\/creaibiza.com\/wp-content\/uploads\/2024\/02\/cropped-logocrea-web.png\",\"width\":591,\"height\":210,\"caption\":\"Crea Ibiza\"},\"image\":{\"@id\":\"https:\/\/creaibiza.com\/#\/schema\/logo\/image\/\"},\"sameAs\":[\"https:\/\/www.facebook.com\/creaibiza\",\"https:\/\/www.instagram.com\/creaibiza\"]}]}<\/script>\n<!-- \/ Yoast SEO plugin. -->","yoast_head_json":{"title":"G CORE - Crea Ibiza","description":"Crea Ibiza - G CORE -","robots":{"index":"index","follow":"follow","max-snippet":"max-snippet:-1","max-image-preview":"max-image-preview:large","max-video-preview":"max-video-preview:-1"},"canonical":"https:\/\/creaibiza.com\/en\/product\/g-core\/","og_locale":"en_GB","og_type":"article","og_title":"G CORE - Crea Ibiza","og_description":"Crea Ibiza - G CORE -","og_url":"https:\/\/creaibiza.com\/en\/product\/g-core\/","og_site_name":"Crea Ibiza","article_publisher":"https:\/\/www.facebook.com\/creaibiza","article_modified_time":"2024-03-14T14:10:18+00:00","og_image":[{"width":965,"height":1024,"url":"https:\/\/creaibiza.com\/wp-content\/uploads\/2024\/03\/core-almond-urban-porcelain-tiles-2-965x1024-1.webp","type":"image\/webp"}],"twitter_card":"summary_large_image","twitter_misc":{"Estimated reading time":"1 minute"},"schema":{"@context":"https:\/\/schema.org","@graph":[{"@type":"WebPage","@id":"https:\/\/creaibiza.com\/producto\/g-core\/","url":"https:\/\/creaibiza.com\/producto\/g-core\/","name":"G CORE - Crea Ibiza","isPartOf":{"@id":"https:\/\/creaibiza.com\/#website"},"primaryImageOfPage":{"@id":"https:\/\/creaibiza.com\/producto\/g-core\/#primaryimage"},"image":{"@id":"https:\/\/creaibiza.com\/producto\/g-core\/#primaryimage"},"thumbnailUrl":"https:\/\/creaibiza.com\/wp-content\/uploads\/2024\/03\/core-almond-urban-porcelain-tiles-2-965x1024-1.webp","datePublished":"2024-03-14T14:09:14+00:00","dateModified":"2024-03-14T14:10:18+00:00","description":"Crea Ibiza - G CORE -","breadcrumb":{"@id":"https:\/\/creaibiza.com\/producto\/g-core\/#breadcrumb"},"inLanguage":"en-GB","potentialAction":[{"@type":"ReadAction","target":["https:\/\/creaibiza.com\/producto\/g-core\/"]}]},{"@type":"ImageObject","inLanguage":"en-GB","@id":"https:\/\/creaibiza.com\/producto\/g-core\/#primaryimage","url":"https:\/\/creaibiza.com\/wp-content\/uploads\/2024\/03\/core-almond-urban-porcelain-tiles-2-965x1024-1.webp","contentUrl":"https:\/\/creaibiza.com\/wp-content\/uploads\/2024\/03\/core-almond-urban-porcelain-tiles-2-965x1024-1.webp","width":965,"height":1024},{"@type":"BreadcrumbList","@id":"https:\/\/creaibiza.com\/producto\/g-core\/#breadcrumb","itemListElement":[{"@type":"ListItem","position":1,"name":"Portada","item":"https:\/\/creaibiza.com\/"},{"@type":"ListItem","position":2,"name":"Tienda","item":"https:\/\/creaibiza.com\/en\/tienda\/"},{"@type":"ListItem","position":3,"name":"G CORE"}]},{"@type":"WebSite","@id":"https:\/\/creaibiza.com\/#website","url":"https:\/\/creaibiza.com\/","name":"Create Ibiza","description":"Cer\u00e1mica, sanitarios y revestimientos de dise\u00f1o en Ibiza","publisher":{"@id":"https:\/\/creaibiza.com\/#organization"},"potentialAction":[{"@type":"SearchAction","target":{"@type":"EntryPoint","urlTemplate":"https:\/\/creaibiza.com\/?s={search_term_string}"},"query-input":{"@type":"PropertyValueSpecification","valueRequired":true,"valueName":"search_term_string"}}],"inLanguage":"en-GB"},{"@type":"Organization","@id":"https:\/\/creaibiza.com\/#organization","name":"Create Ibiza","url":"https:\/\/creaibiza.com\/","logo":{"@type":"ImageObject","inLanguage":"en-GB","@id":"https:\/\/creaibiza.com\/#\/schema\/logo\/image\/","url":"https:\/\/creaibiza.com\/wp-content\/uploads\/2024\/02\/cropped-logocrea-web.png","contentUrl":"https:\/\/creaibiza.com\/wp-content\/uploads\/2024\/02\/cropped-logocrea-web.png","width":591,"height":210,"caption":"Crea Ibiza"},"image":{"@id":"https:\/\/creaibiza.com\/#\/schema\/logo\/image\/"},"sameAs":["https:\/\/www.facebook.com\/creaibiza","https:\/\/www.instagram.com\/creaibiza"]}]}},"_links":{"self":[{"href":"https:\/\/creaibiza.com\/en\/wp-json\/wp\/v2\/product\/31608","targetHints":{"allow":["GET"]}}],"collection":[{"href":"https:\/\/creaibiza.com\/en\/wp-json\/wp\/v2\/product"}],"about":[{"href":"https:\/\/creaibiza.com\/en\/wp-json\/wp\/v2\/types\/product"}],"version-history":[{"count":1,"href":"https:\/\/creaibiza.com\/en\/wp-json\/wp\/v2\/product\/31608\/revisions"}],"predecessor-version":[{"id":31632,"href":"https:\/\/creaibiza.com\/en\/wp-json\/wp\/v2\/product\/31608\/revisions\/31632"}],"wp:featuredmedia":[{"embeddable":true,"href":"https:\/\/creaibiza.com\/en\/wp-json\/wp\/v2\/media\/31631"}],"wp:attachment":[{"href":"https:\/\/creaibiza.com\/en\/wp-json\/wp\/v2\/media?parent=31608"}],"wp:term":[{"taxonomy":"product_brand","embeddable":true,"href":"https:\/\/creaibiza.com\/en\/wp-json\/wp\/v2\/product_brand?post=31608"},{"taxonomy":"product_cat","embeddable":true,"href":"https:\/\/creaibiza.com\/en\/wp-json\/wp\/v2\/product_cat?post=31608"},{"taxonomy":"product_tag","embeddable":true,"href":"https:\/\/creaibiza.com\/en\/wp-json\/wp\/v2\/product_tag?post=31608"}],"curies":[{"name":"wp","href":"https:\/\/api.w.org\/{rel}","templated":true}]}}