{"id":31325,"date":"2024-03-08T18:21:32","date_gmt":"2024-03-08T17:21:32","guid":{"rendered":"https:\/\/creaibiza.com\/?post_type=product&#038;p=31325"},"modified":"2025-10-01T18:54:21","modified_gmt":"2025-10-01T17:54:21","slug":"ec-coralina-20mm","status":"publish","type":"product","link":"https:\/\/creaibiza.com\/en\/product\/ec-coralina-20mm\/","title":{"rendered":"EC CORALINA 20mm"},"content":{"rendered":"<p>Eco 2.0 agrupa las colecciones espesoradas. Productos mucho m\u00e1s resistentes gracias a su espesor de 20mm. Esta tipolog\u00eda de productos destaca por su aplicaci\u00f3n para exteriores gracias a su acabado antideslizante y su resistencia, que permiten adem\u00e1s una f\u00e1cil instalaci\u00f3n en terrazas y jardines sin necesidad de morteros. punto de diferenciaci\u00f3n y clase a los<br \/>\nespacios.<br \/>\nLa fusi\u00f3n de la piedra con detalles del terrazo, ha sido la inspiraci\u00f3n para este porcel\u00e1nico rectificado. Los detalles de las peque\u00f1as piedras del terrazo, contrastan con la base de la piedra para crear un espacio singular y lleno de matices.<\/p>","protected":false},"excerpt":{"rendered":"<p>Eco 2.0 agrupa las colecciones espesoradas. Productos mucho m\u00e1s resistentes gracias a su espesor de 20mm. Esta tipolog\u00eda de productos destaca por su aplicaci\u00f3n para exteriores gracias a su acabado antideslizante y su resistencia, que permiten adem\u00e1s una f\u00e1cil instalaci\u00f3n en terrazas y jardines sin necesidad de morteros. punto de diferenciaci\u00f3n y clase a los &hellip; <\/p>\n<p class=\"link-more\"><a href=\"https:\/\/creaibiza.com\/en\/product\/ec-coralina-20mm\/\" class=\"more-link\">Read More <span class=\"screen-reader-text\"> \u00abEC CORALINA 20mm\u00bb<\/span><\/a><\/p>","protected":false},"featured_media":31341,"template":"","meta":{"_acf_changed":false},"product_brand":[233],"product_cat":[1837,116],"product_tag":[1352],"class_list":{"0":"post-31325","1":"product","2":"type-product","3":"status-publish","4":"has-post-thumbnail","6":"product_brand-ecoceramic","7":"product_cat-espesorados","8":"product_cat-pavimento","9":"product_tag-pavimento","11":"first","12":"instock","13":"taxable","14":"shipping-taxable","15":"purchasable","16":"product-type-variable"},"acf":[],"yoast_head":"<!-- This site is optimized with the Yoast SEO plugin v27.2 - https:\/\/yoast.com\/product\/yoast-seo-wordpress\/ -->\n<title>EC CORALINA 20mm - Crea Ibiza<\/title>\n<meta name=\"description\" content=\"Crea Ibiza - EC CORALINA 20mm -\" \/>\n<meta name=\"robots\" content=\"index, follow, max-snippet:-1, max-image-preview:large, max-video-preview:-1\" \/>\n<link rel=\"canonical\" href=\"https:\/\/creaibiza.com\/en\/product\/ec-coralina-20mm\/\" \/>\n<meta property=\"og:locale\" content=\"en_GB\" \/>\n<meta property=\"og:type\" content=\"article\" \/>\n<meta property=\"og:title\" content=\"EC CORALINA 20mm - Crea Ibiza\" \/>\n<meta property=\"og:description\" content=\"Crea Ibiza - EC CORALINA 20mm -\" \/>\n<meta property=\"og:url\" content=\"https:\/\/creaibiza.com\/en\/product\/ec-coralina-20mm\/\" \/>\n<meta property=\"og:site_name\" content=\"Crea Ibiza\" \/>\n<meta property=\"article:publisher\" content=\"https:\/\/www.facebook.com\/creaibiza\" \/>\n<meta property=\"article:modified_time\" content=\"2025-10-01T17:54:21+00:00\" \/>\n<meta property=\"og:image\" content=\"https:\/\/creaibiza.com\/wp-content\/uploads\/2024\/03\/AMB_CORALINA_PERLA_12X0120-EXT-1-1.jpg\" \/>\n\t<meta property=\"og:image:width\" content=\"1000\" \/>\n\t<meta property=\"og:image:height\" content=\"1000\" \/>\n\t<meta property=\"og:image:type\" content=\"image\/jpeg\" \/>\n<meta name=\"twitter:card\" content=\"summary_large_image\" \/>\n<meta name=\"twitter:label1\" content=\"Estimated reading time\" \/>\n\t<meta name=\"twitter:data1\" content=\"1 minute\" \/>\n<script type=\"application\/ld+json\" class=\"yoast-schema-graph\">{\"@context\":\"https:\/\/schema.org\",\"@graph\":[{\"@type\":\"WebPage\",\"@id\":\"https:\/\/creaibiza.com\/producto\/ec-coralina-20mm\/\",\"url\":\"https:\/\/creaibiza.com\/producto\/ec-coralina-20mm\/\",\"name\":\"EC CORALINA 20mm - Crea Ibiza\",\"isPartOf\":{\"@id\":\"https:\/\/creaibiza.com\/#website\"},\"primaryImageOfPage\":{\"@id\":\"https:\/\/creaibiza.com\/producto\/ec-coralina-20mm\/#primaryimage\"},\"image\":{\"@id\":\"https:\/\/creaibiza.com\/producto\/ec-coralina-20mm\/#primaryimage\"},\"thumbnailUrl\":\"https:\/\/creaibiza.com\/wp-content\/uploads\/2024\/03\/AMB_CORALINA_PERLA_12X0120-EXT-1-1.jpg\",\"datePublished\":\"2024-03-08T17:21:32+00:00\",\"dateModified\":\"2025-10-01T17:54:21+00:00\",\"description\":\"Crea Ibiza - EC CORALINA 20mm -\",\"breadcrumb\":{\"@id\":\"https:\/\/creaibiza.com\/producto\/ec-coralina-20mm\/#breadcrumb\"},\"inLanguage\":\"en-GB\",\"potentialAction\":[{\"@type\":\"ReadAction\",\"target\":[\"https:\/\/creaibiza.com\/producto\/ec-coralina-20mm\/\"]}]},{\"@type\":\"ImageObject\",\"inLanguage\":\"en-GB\",\"@id\":\"https:\/\/creaibiza.com\/producto\/ec-coralina-20mm\/#primaryimage\",\"url\":\"https:\/\/creaibiza.com\/wp-content\/uploads\/2024\/03\/AMB_CORALINA_PERLA_12X0120-EXT-1-1.jpg\",\"contentUrl\":\"https:\/\/creaibiza.com\/wp-content\/uploads\/2024\/03\/AMB_CORALINA_PERLA_12X0120-EXT-1-1.jpg\",\"width\":1000,\"height\":1000},{\"@type\":\"BreadcrumbList\",\"@id\":\"https:\/\/creaibiza.com\/producto\/ec-coralina-20mm\/#breadcrumb\",\"itemListElement\":[{\"@type\":\"ListItem\",\"position\":1,\"name\":\"Portada\",\"item\":\"https:\/\/creaibiza.com\/\"},{\"@type\":\"ListItem\",\"position\":2,\"name\":\"Tienda\",\"item\":\"https:\/\/creaibiza.com\/en\/tienda\/\"},{\"@type\":\"ListItem\",\"position\":3,\"name\":\"EC CORALINA 20mm\"}]},{\"@type\":\"WebSite\",\"@id\":\"https:\/\/creaibiza.com\/#website\",\"url\":\"https:\/\/creaibiza.com\/\",\"name\":\"Crea Ibiza\",\"description\":\"Cer\u00e1mica, sanitarios y revestimientos de dise\u00f1o en Ibiza\",\"publisher\":{\"@id\":\"https:\/\/creaibiza.com\/#organization\"},\"potentialAction\":[{\"@type\":\"SearchAction\",\"target\":{\"@type\":\"EntryPoint\",\"urlTemplate\":\"https:\/\/creaibiza.com\/?s={search_term_string}\"},\"query-input\":{\"@type\":\"PropertyValueSpecification\",\"valueRequired\":true,\"valueName\":\"search_term_string\"}}],\"inLanguage\":\"en-GB\"},{\"@type\":\"Organization\",\"@id\":\"https:\/\/creaibiza.com\/#organization\",\"name\":\"Crea Ibiza\",\"url\":\"https:\/\/creaibiza.com\/\",\"logo\":{\"@type\":\"ImageObject\",\"inLanguage\":\"en-GB\",\"@id\":\"https:\/\/creaibiza.com\/#\/schema\/logo\/image\/\",\"url\":\"https:\/\/creaibiza.com\/wp-content\/uploads\/2024\/02\/cropped-logocrea-web.png\",\"contentUrl\":\"https:\/\/creaibiza.com\/wp-content\/uploads\/2024\/02\/cropped-logocrea-web.png\",\"width\":591,\"height\":210,\"caption\":\"Crea Ibiza\"},\"image\":{\"@id\":\"https:\/\/creaibiza.com\/#\/schema\/logo\/image\/\"},\"sameAs\":[\"https:\/\/www.facebook.com\/creaibiza\",\"https:\/\/www.instagram.com\/creaibiza\"]}]}<\/script>\n<!-- \/ Yoast SEO plugin. -->","yoast_head_json":{"title":"EC CORALINA 20mm - Crea Ibiza","description":"Crea Ibiza - EC CORALINA 20mm -","robots":{"index":"index","follow":"follow","max-snippet":"max-snippet:-1","max-image-preview":"max-image-preview:large","max-video-preview":"max-video-preview:-1"},"canonical":"https:\/\/creaibiza.com\/en\/product\/ec-coralina-20mm\/","og_locale":"en_GB","og_type":"article","og_title":"EC CORALINA 20mm - Crea Ibiza","og_description":"Crea Ibiza - EC CORALINA 20mm -","og_url":"https:\/\/creaibiza.com\/en\/product\/ec-coralina-20mm\/","og_site_name":"Crea Ibiza","article_publisher":"https:\/\/www.facebook.com\/creaibiza","article_modified_time":"2025-10-01T17:54:21+00:00","og_image":[{"width":1000,"height":1000,"url":"https:\/\/creaibiza.com\/wp-content\/uploads\/2024\/03\/AMB_CORALINA_PERLA_12X0120-EXT-1-1.jpg","type":"image\/jpeg"}],"twitter_card":"summary_large_image","twitter_misc":{"Estimated reading time":"1 minute"},"schema":{"@context":"https:\/\/schema.org","@graph":[{"@type":"WebPage","@id":"https:\/\/creaibiza.com\/producto\/ec-coralina-20mm\/","url":"https:\/\/creaibiza.com\/producto\/ec-coralina-20mm\/","name":"EC CORALINA 20mm - Crea Ibiza","isPartOf":{"@id":"https:\/\/creaibiza.com\/#website"},"primaryImageOfPage":{"@id":"https:\/\/creaibiza.com\/producto\/ec-coralina-20mm\/#primaryimage"},"image":{"@id":"https:\/\/creaibiza.com\/producto\/ec-coralina-20mm\/#primaryimage"},"thumbnailUrl":"https:\/\/creaibiza.com\/wp-content\/uploads\/2024\/03\/AMB_CORALINA_PERLA_12X0120-EXT-1-1.jpg","datePublished":"2024-03-08T17:21:32+00:00","dateModified":"2025-10-01T17:54:21+00:00","description":"Crea Ibiza - EC CORALINA 20mm -","breadcrumb":{"@id":"https:\/\/creaibiza.com\/producto\/ec-coralina-20mm\/#breadcrumb"},"inLanguage":"en-GB","potentialAction":[{"@type":"ReadAction","target":["https:\/\/creaibiza.com\/producto\/ec-coralina-20mm\/"]}]},{"@type":"ImageObject","inLanguage":"en-GB","@id":"https:\/\/creaibiza.com\/producto\/ec-coralina-20mm\/#primaryimage","url":"https:\/\/creaibiza.com\/wp-content\/uploads\/2024\/03\/AMB_CORALINA_PERLA_12X0120-EXT-1-1.jpg","contentUrl":"https:\/\/creaibiza.com\/wp-content\/uploads\/2024\/03\/AMB_CORALINA_PERLA_12X0120-EXT-1-1.jpg","width":1000,"height":1000},{"@type":"BreadcrumbList","@id":"https:\/\/creaibiza.com\/producto\/ec-coralina-20mm\/#breadcrumb","itemListElement":[{"@type":"ListItem","position":1,"name":"Portada","item":"https:\/\/creaibiza.com\/"},{"@type":"ListItem","position":2,"name":"Tienda","item":"https:\/\/creaibiza.com\/en\/tienda\/"},{"@type":"ListItem","position":3,"name":"EC CORALINA 20mm"}]},{"@type":"WebSite","@id":"https:\/\/creaibiza.com\/#website","url":"https:\/\/creaibiza.com\/","name":"Create Ibiza","description":"Cer\u00e1mica, sanitarios y revestimientos de dise\u00f1o en Ibiza","publisher":{"@id":"https:\/\/creaibiza.com\/#organization"},"potentialAction":[{"@type":"SearchAction","target":{"@type":"EntryPoint","urlTemplate":"https:\/\/creaibiza.com\/?s={search_term_string}"},"query-input":{"@type":"PropertyValueSpecification","valueRequired":true,"valueName":"search_term_string"}}],"inLanguage":"en-GB"},{"@type":"Organization","@id":"https:\/\/creaibiza.com\/#organization","name":"Create Ibiza","url":"https:\/\/creaibiza.com\/","logo":{"@type":"ImageObject","inLanguage":"en-GB","@id":"https:\/\/creaibiza.com\/#\/schema\/logo\/image\/","url":"https:\/\/creaibiza.com\/wp-content\/uploads\/2024\/02\/cropped-logocrea-web.png","contentUrl":"https:\/\/creaibiza.com\/wp-content\/uploads\/2024\/02\/cropped-logocrea-web.png","width":591,"height":210,"caption":"Crea Ibiza"},"image":{"@id":"https:\/\/creaibiza.com\/#\/schema\/logo\/image\/"},"sameAs":["https:\/\/www.facebook.com\/creaibiza","https:\/\/www.instagram.com\/creaibiza"]}]}},"_links":{"self":[{"href":"https:\/\/creaibiza.com\/en\/wp-json\/wp\/v2\/product\/31325","targetHints":{"allow":["GET"]}}],"collection":[{"href":"https:\/\/creaibiza.com\/en\/wp-json\/wp\/v2\/product"}],"about":[{"href":"https:\/\/creaibiza.com\/en\/wp-json\/wp\/v2\/types\/product"}],"version-history":[{"count":2,"href":"https:\/\/creaibiza.com\/en\/wp-json\/wp\/v2\/product\/31325\/revisions"}],"predecessor-version":[{"id":35688,"href":"https:\/\/creaibiza.com\/en\/wp-json\/wp\/v2\/product\/31325\/revisions\/35688"}],"wp:featuredmedia":[{"embeddable":true,"href":"https:\/\/creaibiza.com\/en\/wp-json\/wp\/v2\/media\/31341"}],"wp:attachment":[{"href":"https:\/\/creaibiza.com\/en\/wp-json\/wp\/v2\/media?parent=31325"}],"wp:term":[{"taxonomy":"product_brand","embeddable":true,"href":"https:\/\/creaibiza.com\/en\/wp-json\/wp\/v2\/product_brand?post=31325"},{"taxonomy":"product_cat","embeddable":true,"href":"https:\/\/creaibiza.com\/en\/wp-json\/wp\/v2\/product_cat?post=31325"},{"taxonomy":"product_tag","embeddable":true,"href":"https:\/\/creaibiza.com\/en\/wp-json\/wp\/v2\/product_tag?post=31325"}],"curies":[{"name":"wp","href":"https:\/\/api.w.org\/{rel}","templated":true}]}}