{"id":31306,"date":"2024-03-07T20:50:42","date_gmt":"2024-03-07T19:50:42","guid":{"rendered":"https:\/\/creaibiza.com\/?post_type=product&#038;p=31306"},"modified":"2026-02-27T18:20:43","modified_gmt":"2026-02-27T17:20:43","slug":"wega-tech","status":"publish","type":"product","link":"https:\/\/creaibiza.com\/en\/product\/wega-tech\/","title":{"rendered":"WEGA TECH"},"content":{"rendered":"<p>Wega transmite la serenidad de la piedra volc\u00e1nica, la elegancia del detalle y la originalidad de la naturaleza. Es \u00edntegra y completamente evocadora. La sutileza de sus detalles y sus altas prestaciones, hacen que sea una de las colecciones m\u00e1s valoradas por arquitectos y dise\u00f1adores. Una colecci\u00f3n que refleja una pieza fiel a la naturaleza un aspecto natural de gran valor en sus tonalidades y acabados. Sus caracter\u00edsticas t\u00e9cnicas son de un valor superior, proporcion\u00e1ndo una mayor importancia y apreciaci\u00f3n al material. Wega Tech tiene un acabado Gres Porcel\u00e1nico T\u00e9cnico id\u00f3neo para zonas de alto tr\u00e1nsito donde la sutiliza y la elegancia puede reflejar el buen gusto de la marca. La pieza presenta un mismo dise\u00f1o en toda la pieza, siguiendo una continuidad tanto en la superficie exterior como en su interior.<\/p>","protected":false},"excerpt":{"rendered":"<p>Wega transmite la serenidad de la piedra volc\u00e1nica, la elegancia del detalle y la originalidad de la naturaleza. Es \u00edntegra y completamente evocadora. La sutileza de sus detalles y sus altas prestaciones, hacen que sea una de las colecciones m\u00e1s valoradas por arquitectos y dise\u00f1adores. Una colecci\u00f3n que refleja una pieza fiel a la naturaleza &hellip; <\/p>\n<p class=\"link-more\"><a href=\"https:\/\/creaibiza.com\/en\/product\/wega-tech\/\" class=\"more-link\">Read More <span class=\"screen-reader-text\"> \u00abWEGA TECH\u00bb<\/span><\/a><\/p>","protected":false},"featured_media":31307,"template":"","meta":{"_acf_changed":false},"product_brand":[1806],"product_cat":[116,227,1002,113],"product_tag":[1352,1353],"class_list":{"0":"post-31306","1":"product","2":"type-product","3":"status-publish","4":"has-post-thumbnail","6":"product_brand-livingceramics","7":"product_cat-pavimento","8":"product_cat-piedra","9":"product_cat-piedra-revestimiento","10":"product_cat-revestimiento","11":"product_tag-pavimento","12":"product_tag-revestimiento","14":"first","15":"instock","16":"taxable","17":"shipping-taxable","18":"purchasable","19":"product-type-variable"},"acf":[],"yoast_head":"<!-- This site is optimized with the Yoast SEO plugin v27.2 - https:\/\/yoast.com\/product\/yoast-seo-wordpress\/ -->\n<title>WEGA TECH - Crea Ibiza<\/title>\n<meta name=\"description\" content=\"Crea Ibiza - WEGA TECH -\" \/>\n<meta name=\"robots\" content=\"index, follow, max-snippet:-1, max-image-preview:large, max-video-preview:-1\" \/>\n<link rel=\"canonical\" href=\"https:\/\/creaibiza.com\/en\/product\/wega-tech\/\" \/>\n<meta property=\"og:locale\" content=\"en_GB\" \/>\n<meta property=\"og:type\" content=\"article\" \/>\n<meta property=\"og:title\" content=\"WEGA TECH - Crea Ibiza\" \/>\n<meta property=\"og:description\" content=\"Crea Ibiza - WEGA TECH -\" \/>\n<meta property=\"og:url\" content=\"https:\/\/creaibiza.com\/en\/product\/wega-tech\/\" \/>\n<meta property=\"og:site_name\" content=\"Crea Ibiza\" \/>\n<meta property=\"article:publisher\" content=\"https:\/\/www.facebook.com\/creaibiza\" \/>\n<meta property=\"article:modified_time\" content=\"2026-02-27T17:20:43+00:00\" \/>\n<meta property=\"og:image\" content=\"https:\/\/creaibiza.com\/wp-content\/uploads\/2024\/03\/amb-livingceramics-wegablack-detalle-hr-01-scaled-1-1-1.jpg\" \/>\n\t<meta property=\"og:image:width\" content=\"1000\" \/>\n\t<meta property=\"og:image:height\" content=\"1000\" \/>\n\t<meta property=\"og:image:type\" content=\"image\/jpeg\" \/>\n<meta name=\"twitter:card\" content=\"summary_large_image\" \/>\n<meta name=\"twitter:label1\" content=\"Estimated reading time\" \/>\n\t<meta name=\"twitter:data1\" content=\"1 minute\" \/>\n<script type=\"application\/ld+json\" class=\"yoast-schema-graph\">{\"@context\":\"https:\/\/schema.org\",\"@graph\":[{\"@type\":\"WebPage\",\"@id\":\"https:\/\/creaibiza.com\/producto\/wega-tech\/\",\"url\":\"https:\/\/creaibiza.com\/producto\/wega-tech\/\",\"name\":\"WEGA TECH - Crea Ibiza\",\"isPartOf\":{\"@id\":\"https:\/\/creaibiza.com\/#website\"},\"primaryImageOfPage\":{\"@id\":\"https:\/\/creaibiza.com\/producto\/wega-tech\/#primaryimage\"},\"image\":{\"@id\":\"https:\/\/creaibiza.com\/producto\/wega-tech\/#primaryimage\"},\"thumbnailUrl\":\"https:\/\/creaibiza.com\/wp-content\/uploads\/2024\/03\/amb-livingceramics-wegablack-detalle-hr-01-scaled-1-1-1.jpg\",\"datePublished\":\"2024-03-07T19:50:42+00:00\",\"dateModified\":\"2026-02-27T17:20:43+00:00\",\"description\":\"Crea Ibiza - WEGA TECH -\",\"breadcrumb\":{\"@id\":\"https:\/\/creaibiza.com\/producto\/wega-tech\/#breadcrumb\"},\"inLanguage\":\"en-GB\",\"potentialAction\":[{\"@type\":\"ReadAction\",\"target\":[\"https:\/\/creaibiza.com\/producto\/wega-tech\/\"]}]},{\"@type\":\"ImageObject\",\"inLanguage\":\"en-GB\",\"@id\":\"https:\/\/creaibiza.com\/producto\/wega-tech\/#primaryimage\",\"url\":\"https:\/\/creaibiza.com\/wp-content\/uploads\/2024\/03\/amb-livingceramics-wegablack-detalle-hr-01-scaled-1-1-1.jpg\",\"contentUrl\":\"https:\/\/creaibiza.com\/wp-content\/uploads\/2024\/03\/amb-livingceramics-wegablack-detalle-hr-01-scaled-1-1-1.jpg\",\"width\":1000,\"height\":1000},{\"@type\":\"BreadcrumbList\",\"@id\":\"https:\/\/creaibiza.com\/producto\/wega-tech\/#breadcrumb\",\"itemListElement\":[{\"@type\":\"ListItem\",\"position\":1,\"name\":\"Portada\",\"item\":\"https:\/\/creaibiza.com\/\"},{\"@type\":\"ListItem\",\"position\":2,\"name\":\"Tienda\",\"item\":\"https:\/\/creaibiza.com\/en\/tienda\/\"},{\"@type\":\"ListItem\",\"position\":3,\"name\":\"WEGA TECH\"}]},{\"@type\":\"WebSite\",\"@id\":\"https:\/\/creaibiza.com\/#website\",\"url\":\"https:\/\/creaibiza.com\/\",\"name\":\"Crea Ibiza\",\"description\":\"Cer\u00e1mica, sanitarios y revestimientos de dise\u00f1o en Ibiza\",\"publisher\":{\"@id\":\"https:\/\/creaibiza.com\/#organization\"},\"potentialAction\":[{\"@type\":\"SearchAction\",\"target\":{\"@type\":\"EntryPoint\",\"urlTemplate\":\"https:\/\/creaibiza.com\/?s={search_term_string}\"},\"query-input\":{\"@type\":\"PropertyValueSpecification\",\"valueRequired\":true,\"valueName\":\"search_term_string\"}}],\"inLanguage\":\"en-GB\"},{\"@type\":\"Organization\",\"@id\":\"https:\/\/creaibiza.com\/#organization\",\"name\":\"Crea Ibiza\",\"url\":\"https:\/\/creaibiza.com\/\",\"logo\":{\"@type\":\"ImageObject\",\"inLanguage\":\"en-GB\",\"@id\":\"https:\/\/creaibiza.com\/#\/schema\/logo\/image\/\",\"url\":\"https:\/\/creaibiza.com\/wp-content\/uploads\/2024\/02\/cropped-logocrea-web.png\",\"contentUrl\":\"https:\/\/creaibiza.com\/wp-content\/uploads\/2024\/02\/cropped-logocrea-web.png\",\"width\":591,\"height\":210,\"caption\":\"Crea Ibiza\"},\"image\":{\"@id\":\"https:\/\/creaibiza.com\/#\/schema\/logo\/image\/\"},\"sameAs\":[\"https:\/\/www.facebook.com\/creaibiza\",\"https:\/\/www.instagram.com\/creaibiza\"]}]}<\/script>\n<!-- \/ Yoast SEO plugin. -->","yoast_head_json":{"title":"WEGA TECH - Crea Ibiza","description":"Crea Ibiza - WEGA TECH -","robots":{"index":"index","follow":"follow","max-snippet":"max-snippet:-1","max-image-preview":"max-image-preview:large","max-video-preview":"max-video-preview:-1"},"canonical":"https:\/\/creaibiza.com\/en\/product\/wega-tech\/","og_locale":"en_GB","og_type":"article","og_title":"WEGA TECH - Crea Ibiza","og_description":"Crea Ibiza - WEGA TECH -","og_url":"https:\/\/creaibiza.com\/en\/product\/wega-tech\/","og_site_name":"Crea Ibiza","article_publisher":"https:\/\/www.facebook.com\/creaibiza","article_modified_time":"2026-02-27T17:20:43+00:00","og_image":[{"width":1000,"height":1000,"url":"https:\/\/creaibiza.com\/wp-content\/uploads\/2024\/03\/amb-livingceramics-wegablack-detalle-hr-01-scaled-1-1-1.jpg","type":"image\/jpeg"}],"twitter_card":"summary_large_image","twitter_misc":{"Estimated reading time":"1 minute"},"schema":{"@context":"https:\/\/schema.org","@graph":[{"@type":"WebPage","@id":"https:\/\/creaibiza.com\/producto\/wega-tech\/","url":"https:\/\/creaibiza.com\/producto\/wega-tech\/","name":"WEGA TECH - Crea Ibiza","isPartOf":{"@id":"https:\/\/creaibiza.com\/#website"},"primaryImageOfPage":{"@id":"https:\/\/creaibiza.com\/producto\/wega-tech\/#primaryimage"},"image":{"@id":"https:\/\/creaibiza.com\/producto\/wega-tech\/#primaryimage"},"thumbnailUrl":"https:\/\/creaibiza.com\/wp-content\/uploads\/2024\/03\/amb-livingceramics-wegablack-detalle-hr-01-scaled-1-1-1.jpg","datePublished":"2024-03-07T19:50:42+00:00","dateModified":"2026-02-27T17:20:43+00:00","description":"Crea Ibiza - WEGA TECH -","breadcrumb":{"@id":"https:\/\/creaibiza.com\/producto\/wega-tech\/#breadcrumb"},"inLanguage":"en-GB","potentialAction":[{"@type":"ReadAction","target":["https:\/\/creaibiza.com\/producto\/wega-tech\/"]}]},{"@type":"ImageObject","inLanguage":"en-GB","@id":"https:\/\/creaibiza.com\/producto\/wega-tech\/#primaryimage","url":"https:\/\/creaibiza.com\/wp-content\/uploads\/2024\/03\/amb-livingceramics-wegablack-detalle-hr-01-scaled-1-1-1.jpg","contentUrl":"https:\/\/creaibiza.com\/wp-content\/uploads\/2024\/03\/amb-livingceramics-wegablack-detalle-hr-01-scaled-1-1-1.jpg","width":1000,"height":1000},{"@type":"BreadcrumbList","@id":"https:\/\/creaibiza.com\/producto\/wega-tech\/#breadcrumb","itemListElement":[{"@type":"ListItem","position":1,"name":"Portada","item":"https:\/\/creaibiza.com\/"},{"@type":"ListItem","position":2,"name":"Tienda","item":"https:\/\/creaibiza.com\/en\/tienda\/"},{"@type":"ListItem","position":3,"name":"WEGA TECH"}]},{"@type":"WebSite","@id":"https:\/\/creaibiza.com\/#website","url":"https:\/\/creaibiza.com\/","name":"Create Ibiza","description":"Cer\u00e1mica, sanitarios y revestimientos de dise\u00f1o en Ibiza","publisher":{"@id":"https:\/\/creaibiza.com\/#organization"},"potentialAction":[{"@type":"SearchAction","target":{"@type":"EntryPoint","urlTemplate":"https:\/\/creaibiza.com\/?s={search_term_string}"},"query-input":{"@type":"PropertyValueSpecification","valueRequired":true,"valueName":"search_term_string"}}],"inLanguage":"en-GB"},{"@type":"Organization","@id":"https:\/\/creaibiza.com\/#organization","name":"Create Ibiza","url":"https:\/\/creaibiza.com\/","logo":{"@type":"ImageObject","inLanguage":"en-GB","@id":"https:\/\/creaibiza.com\/#\/schema\/logo\/image\/","url":"https:\/\/creaibiza.com\/wp-content\/uploads\/2024\/02\/cropped-logocrea-web.png","contentUrl":"https:\/\/creaibiza.com\/wp-content\/uploads\/2024\/02\/cropped-logocrea-web.png","width":591,"height":210,"caption":"Crea Ibiza"},"image":{"@id":"https:\/\/creaibiza.com\/#\/schema\/logo\/image\/"},"sameAs":["https:\/\/www.facebook.com\/creaibiza","https:\/\/www.instagram.com\/creaibiza"]}]}},"_links":{"self":[{"href":"https:\/\/creaibiza.com\/en\/wp-json\/wp\/v2\/product\/31306","targetHints":{"allow":["GET"]}}],"collection":[{"href":"https:\/\/creaibiza.com\/en\/wp-json\/wp\/v2\/product"}],"about":[{"href":"https:\/\/creaibiza.com\/en\/wp-json\/wp\/v2\/types\/product"}],"version-history":[{"count":2,"href":"https:\/\/creaibiza.com\/en\/wp-json\/wp\/v2\/product\/31306\/revisions"}],"predecessor-version":[{"id":31313,"href":"https:\/\/creaibiza.com\/en\/wp-json\/wp\/v2\/product\/31306\/revisions\/31313"}],"wp:featuredmedia":[{"embeddable":true,"href":"https:\/\/creaibiza.com\/en\/wp-json\/wp\/v2\/media\/31307"}],"wp:attachment":[{"href":"https:\/\/creaibiza.com\/en\/wp-json\/wp\/v2\/media?parent=31306"}],"wp:term":[{"taxonomy":"product_brand","embeddable":true,"href":"https:\/\/creaibiza.com\/en\/wp-json\/wp\/v2\/product_brand?post=31306"},{"taxonomy":"product_cat","embeddable":true,"href":"https:\/\/creaibiza.com\/en\/wp-json\/wp\/v2\/product_cat?post=31306"},{"taxonomy":"product_tag","embeddable":true,"href":"https:\/\/creaibiza.com\/en\/wp-json\/wp\/v2\/product_tag?post=31306"}],"curies":[{"name":"wp","href":"https:\/\/api.w.org\/{rel}","templated":true}]}}