{"id":30992,"date":"2024-03-04T15:17:17","date_gmt":"2024-03-04T14:17:17","guid":{"rendered":"https:\/\/creaibiza.com\/?post_type=product&#038;p=30992"},"modified":"2026-02-27T18:20:43","modified_gmt":"2026-02-27T17:20:43","slug":"kron-tech","status":"publish","type":"product","link":"https:\/\/creaibiza.com\/en\/product\/kron-tech\/","title":{"rendered":"KRON TECH"},"content":{"rendered":"<p>Kron presenta toda la riqueza del cemento pulido, con las caracter\u00edsticas t\u00e9cnicas del Gres Porcel\u00e1nico de alto rendimiento. Una colecci\u00f3n con tintes s\u00f3lidos y de peso, se caracteriza por ser a su vez atemporal, elegante y de tintes mat\u00e9ricos en su gran variedad gr\u00e1fica. Su capacidad de adaptaci\u00f3n se plasma en las tonalidades y acabados, que le dan fuerza a cada pieza para as\u00ed convertirse en la protagonista de cualquier espacio. Kron, una de las colecciones m\u00e1s destacadas, consigue el acabado de hormig\u00f3n con unas caracter\u00edsticas t\u00e9cnicas mejoradas, junto con una estudiada imagen sin presentar sedimentos o residuos presentes en su estado natural. La gama de gres porcel\u00e1nico t\u00e9cnico todo masa, llamada Tech, le ofrece un valor a\u00f1adido, consiguiendo la misma imagen en toda la pieza, desde la superficie superior, hasta su interior. Perfecta para zonas de alto tr\u00e1nsito, supone una colecci\u00f3n id\u00f3nea para espacios que buscan un impacto visual y que representan la esencia y la fuerza de este material tan industrial.<\/p>","protected":false},"excerpt":{"rendered":"<p>Kron presenta toda la riqueza del cemento pulido, con las caracter\u00edsticas t\u00e9cnicas del Gres Porcel\u00e1nico de alto rendimiento. Una colecci\u00f3n con tintes s\u00f3lidos y de peso, se caracteriza por ser a su vez atemporal, elegante y de tintes mat\u00e9ricos en su gran variedad gr\u00e1fica. Su capacidad de adaptaci\u00f3n se plasma en las tonalidades y acabados, &hellip; <\/p>\n<p class=\"link-more\"><a href=\"https:\/\/creaibiza.com\/en\/product\/kron-tech\/\" class=\"more-link\">Read More <span class=\"screen-reader-text\"> \u00abKRON TECH\u00bb<\/span><\/a><\/p>","protected":false},"featured_media":30996,"template":"","meta":{"_acf_changed":false},"product_brand":[1806],"product_cat":[317,116,113,999],"product_tag":[1352,1353],"class_list":{"0":"post-30992","1":"product","2":"type-product","3":"status-publish","4":"has-post-thumbnail","6":"product_brand-livingceramics","7":"product_cat-cemento","8":"product_cat-pavimento","9":"product_cat-revestimiento","10":"product_cat-cementos","11":"product_tag-pavimento","12":"product_tag-revestimiento","14":"first","15":"instock","16":"taxable","17":"shipping-taxable","18":"purchasable","19":"product-type-variable"},"acf":[],"yoast_head":"<!-- This site is optimized with the Yoast SEO plugin v27.2 - https:\/\/yoast.com\/product\/yoast-seo-wordpress\/ -->\n<title>KRON TECH - Crea Ibiza<\/title>\n<meta name=\"description\" content=\"Crea Ibiza - KRON TECH -\" \/>\n<meta name=\"robots\" content=\"index, follow, max-snippet:-1, max-image-preview:large, max-video-preview:-1\" \/>\n<link rel=\"canonical\" href=\"https:\/\/creaibiza.com\/en\/product\/kron-tech\/\" \/>\n<meta property=\"og:locale\" content=\"en_GB\" \/>\n<meta property=\"og:type\" content=\"article\" \/>\n<meta property=\"og:title\" content=\"KRON TECH - Crea Ibiza\" \/>\n<meta property=\"og:description\" content=\"Crea Ibiza - KRON TECH -\" \/>\n<meta property=\"og:url\" content=\"https:\/\/creaibiza.com\/en\/product\/kron-tech\/\" \/>\n<meta property=\"og:site_name\" content=\"Crea Ibiza\" \/>\n<meta property=\"article:publisher\" content=\"https:\/\/www.facebook.com\/creaibiza\" \/>\n<meta property=\"article:modified_time\" content=\"2026-02-27T17:20:43+00:00\" \/>\n<meta property=\"og:image\" content=\"https:\/\/creaibiza.com\/wp-content\/uploads\/2024\/03\/amb-living-ceramics-Kron-Grey-nat-120x120-hr-02-4-scaled-2-1-1.jpg\" \/>\n\t<meta property=\"og:image:width\" content=\"1000\" \/>\n\t<meta property=\"og:image:height\" content=\"1000\" \/>\n\t<meta property=\"og:image:type\" content=\"image\/jpeg\" \/>\n<meta name=\"twitter:card\" content=\"summary_large_image\" \/>\n<meta name=\"twitter:label1\" content=\"Estimated reading time\" \/>\n\t<meta name=\"twitter:data1\" content=\"1 minute\" \/>\n<script type=\"application\/ld+json\" class=\"yoast-schema-graph\">{\"@context\":\"https:\/\/schema.org\",\"@graph\":[{\"@type\":\"WebPage\",\"@id\":\"https:\/\/creaibiza.com\/en\/product\/kron-tech\/\",\"url\":\"https:\/\/creaibiza.com\/en\/product\/kron-tech\/\",\"name\":\"KRON TECH - Crea Ibiza\",\"isPartOf\":{\"@id\":\"https:\/\/creaibiza.com\/#website\"},\"primaryImageOfPage\":{\"@id\":\"https:\/\/creaibiza.com\/en\/product\/kron-tech\/#primaryimage\"},\"image\":{\"@id\":\"https:\/\/creaibiza.com\/en\/product\/kron-tech\/#primaryimage\"},\"thumbnailUrl\":\"https:\/\/creaibiza.com\/wp-content\/uploads\/2024\/03\/amb-living-ceramics-Kron-Grey-nat-120x120-hr-02-4-scaled-2-1-1.jpg\",\"datePublished\":\"2024-03-04T14:17:17+00:00\",\"dateModified\":\"2026-02-27T17:20:43+00:00\",\"description\":\"Crea Ibiza - KRON TECH -\",\"breadcrumb\":{\"@id\":\"https:\/\/creaibiza.com\/en\/product\/kron-tech\/#breadcrumb\"},\"inLanguage\":\"en-GB\",\"potentialAction\":[{\"@type\":\"ReadAction\",\"target\":[\"https:\/\/creaibiza.com\/en\/product\/kron-tech\/\"]}]},{\"@type\":\"ImageObject\",\"inLanguage\":\"en-GB\",\"@id\":\"https:\/\/creaibiza.com\/en\/product\/kron-tech\/#primaryimage\",\"url\":\"https:\/\/creaibiza.com\/wp-content\/uploads\/2024\/03\/amb-living-ceramics-Kron-Grey-nat-120x120-hr-02-4-scaled-2-1-1.jpg\",\"contentUrl\":\"https:\/\/creaibiza.com\/wp-content\/uploads\/2024\/03\/amb-living-ceramics-Kron-Grey-nat-120x120-hr-02-4-scaled-2-1-1.jpg\",\"width\":1000,\"height\":1000},{\"@type\":\"BreadcrumbList\",\"@id\":\"https:\/\/creaibiza.com\/en\/product\/kron-tech\/#breadcrumb\",\"itemListElement\":[{\"@type\":\"ListItem\",\"position\":1,\"name\":\"Portada\",\"item\":\"https:\/\/creaibiza.com\/\"},{\"@type\":\"ListItem\",\"position\":2,\"name\":\"Tienda\",\"item\":\"https:\/\/creaibiza.com\/en\/tienda\/\"},{\"@type\":\"ListItem\",\"position\":3,\"name\":\"KRON TECH\"}]},{\"@type\":\"WebSite\",\"@id\":\"https:\/\/creaibiza.com\/#website\",\"url\":\"https:\/\/creaibiza.com\/\",\"name\":\"Crea Ibiza\",\"description\":\"Cer\u00e1mica, sanitarios y revestimientos de dise\u00f1o en Ibiza\",\"publisher\":{\"@id\":\"https:\/\/creaibiza.com\/#organization\"},\"potentialAction\":[{\"@type\":\"SearchAction\",\"target\":{\"@type\":\"EntryPoint\",\"urlTemplate\":\"https:\/\/creaibiza.com\/?s={search_term_string}\"},\"query-input\":{\"@type\":\"PropertyValueSpecification\",\"valueRequired\":true,\"valueName\":\"search_term_string\"}}],\"inLanguage\":\"en-GB\"},{\"@type\":\"Organization\",\"@id\":\"https:\/\/creaibiza.com\/#organization\",\"name\":\"Crea Ibiza\",\"url\":\"https:\/\/creaibiza.com\/\",\"logo\":{\"@type\":\"ImageObject\",\"inLanguage\":\"en-GB\",\"@id\":\"https:\/\/creaibiza.com\/#\/schema\/logo\/image\/\",\"url\":\"https:\/\/creaibiza.com\/wp-content\/uploads\/2024\/02\/cropped-logocrea-web.png\",\"contentUrl\":\"https:\/\/creaibiza.com\/wp-content\/uploads\/2024\/02\/cropped-logocrea-web.png\",\"width\":591,\"height\":210,\"caption\":\"Crea Ibiza\"},\"image\":{\"@id\":\"https:\/\/creaibiza.com\/#\/schema\/logo\/image\/\"},\"sameAs\":[\"https:\/\/www.facebook.com\/creaibiza\",\"https:\/\/www.instagram.com\/creaibiza\"]}]}<\/script>\n<!-- \/ Yoast SEO plugin. -->","yoast_head_json":{"title":"KRON TECH - Crea Ibiza","description":"Crea Ibiza - KRON TECH -","robots":{"index":"index","follow":"follow","max-snippet":"max-snippet:-1","max-image-preview":"max-image-preview:large","max-video-preview":"max-video-preview:-1"},"canonical":"https:\/\/creaibiza.com\/en\/product\/kron-tech\/","og_locale":"en_GB","og_type":"article","og_title":"KRON TECH - Crea Ibiza","og_description":"Crea Ibiza - KRON TECH -","og_url":"https:\/\/creaibiza.com\/en\/product\/kron-tech\/","og_site_name":"Crea Ibiza","article_publisher":"https:\/\/www.facebook.com\/creaibiza","article_modified_time":"2026-02-27T17:20:43+00:00","og_image":[{"width":1000,"height":1000,"url":"https:\/\/creaibiza.com\/wp-content\/uploads\/2024\/03\/amb-living-ceramics-Kron-Grey-nat-120x120-hr-02-4-scaled-2-1-1.jpg","type":"image\/jpeg"}],"twitter_card":"summary_large_image","twitter_misc":{"Estimated reading time":"1 minute"},"schema":{"@context":"https:\/\/schema.org","@graph":[{"@type":"WebPage","@id":"https:\/\/creaibiza.com\/en\/product\/kron-tech\/","url":"https:\/\/creaibiza.com\/en\/product\/kron-tech\/","name":"KRON TECH - Crea Ibiza","isPartOf":{"@id":"https:\/\/creaibiza.com\/#website"},"primaryImageOfPage":{"@id":"https:\/\/creaibiza.com\/en\/product\/kron-tech\/#primaryimage"},"image":{"@id":"https:\/\/creaibiza.com\/en\/product\/kron-tech\/#primaryimage"},"thumbnailUrl":"https:\/\/creaibiza.com\/wp-content\/uploads\/2024\/03\/amb-living-ceramics-Kron-Grey-nat-120x120-hr-02-4-scaled-2-1-1.jpg","datePublished":"2024-03-04T14:17:17+00:00","dateModified":"2026-02-27T17:20:43+00:00","description":"Crea Ibiza - KRON TECH -","breadcrumb":{"@id":"https:\/\/creaibiza.com\/en\/product\/kron-tech\/#breadcrumb"},"inLanguage":"en-GB","potentialAction":[{"@type":"ReadAction","target":["https:\/\/creaibiza.com\/en\/product\/kron-tech\/"]}]},{"@type":"ImageObject","inLanguage":"en-GB","@id":"https:\/\/creaibiza.com\/en\/product\/kron-tech\/#primaryimage","url":"https:\/\/creaibiza.com\/wp-content\/uploads\/2024\/03\/amb-living-ceramics-Kron-Grey-nat-120x120-hr-02-4-scaled-2-1-1.jpg","contentUrl":"https:\/\/creaibiza.com\/wp-content\/uploads\/2024\/03\/amb-living-ceramics-Kron-Grey-nat-120x120-hr-02-4-scaled-2-1-1.jpg","width":1000,"height":1000},{"@type":"BreadcrumbList","@id":"https:\/\/creaibiza.com\/en\/product\/kron-tech\/#breadcrumb","itemListElement":[{"@type":"ListItem","position":1,"name":"Portada","item":"https:\/\/creaibiza.com\/"},{"@type":"ListItem","position":2,"name":"Tienda","item":"https:\/\/creaibiza.com\/en\/tienda\/"},{"@type":"ListItem","position":3,"name":"KRON TECH"}]},{"@type":"WebSite","@id":"https:\/\/creaibiza.com\/#website","url":"https:\/\/creaibiza.com\/","name":"Create Ibiza","description":"Cer\u00e1mica, sanitarios y revestimientos de dise\u00f1o en Ibiza","publisher":{"@id":"https:\/\/creaibiza.com\/#organization"},"potentialAction":[{"@type":"SearchAction","target":{"@type":"EntryPoint","urlTemplate":"https:\/\/creaibiza.com\/?s={search_term_string}"},"query-input":{"@type":"PropertyValueSpecification","valueRequired":true,"valueName":"search_term_string"}}],"inLanguage":"en-GB"},{"@type":"Organization","@id":"https:\/\/creaibiza.com\/#organization","name":"Create Ibiza","url":"https:\/\/creaibiza.com\/","logo":{"@type":"ImageObject","inLanguage":"en-GB","@id":"https:\/\/creaibiza.com\/#\/schema\/logo\/image\/","url":"https:\/\/creaibiza.com\/wp-content\/uploads\/2024\/02\/cropped-logocrea-web.png","contentUrl":"https:\/\/creaibiza.com\/wp-content\/uploads\/2024\/02\/cropped-logocrea-web.png","width":591,"height":210,"caption":"Crea Ibiza"},"image":{"@id":"https:\/\/creaibiza.com\/#\/schema\/logo\/image\/"},"sameAs":["https:\/\/www.facebook.com\/creaibiza","https:\/\/www.instagram.com\/creaibiza"]}]}},"_links":{"self":[{"href":"https:\/\/creaibiza.com\/en\/wp-json\/wp\/v2\/product\/30992","targetHints":{"allow":["GET"]}}],"collection":[{"href":"https:\/\/creaibiza.com\/en\/wp-json\/wp\/v2\/product"}],"about":[{"href":"https:\/\/creaibiza.com\/en\/wp-json\/wp\/v2\/types\/product"}],"version-history":[{"count":1,"href":"https:\/\/creaibiza.com\/en\/wp-json\/wp\/v2\/product\/30992\/revisions"}],"predecessor-version":[{"id":30997,"href":"https:\/\/creaibiza.com\/en\/wp-json\/wp\/v2\/product\/30992\/revisions\/30997"}],"wp:featuredmedia":[{"embeddable":true,"href":"https:\/\/creaibiza.com\/en\/wp-json\/wp\/v2\/media\/30996"}],"wp:attachment":[{"href":"https:\/\/creaibiza.com\/en\/wp-json\/wp\/v2\/media?parent=30992"}],"wp:term":[{"taxonomy":"product_brand","embeddable":true,"href":"https:\/\/creaibiza.com\/en\/wp-json\/wp\/v2\/product_brand?post=30992"},{"taxonomy":"product_cat","embeddable":true,"href":"https:\/\/creaibiza.com\/en\/wp-json\/wp\/v2\/product_cat?post=30992"},{"taxonomy":"product_tag","embeddable":true,"href":"https:\/\/creaibiza.com\/en\/wp-json\/wp\/v2\/product_tag?post=30992"}],"curies":[{"name":"wp","href":"https:\/\/api.w.org\/{rel}","templated":true}]}}