{"id":25587,"date":"2023-10-23T10:32:13","date_gmt":"2023-10-23T10:32:13","guid":{"rendered":"http:\/\/creaibiza.com\/?post_type=product&#038;p=25587"},"modified":"2025-03-17T13:46:19","modified_gmt":"2025-03-17T12:46:19","slug":"cottage-2","status":"publish","type":"product","link":"https:\/\/creaibiza.com\/en\/product\/cottage-2\/","title":{"rendered":"COTTAGE"},"content":{"rendered":"<p>Resurgir en la construcci\u00f3n actual apreciando el temperamento, calidez y connotaciones campestres. En fusi\u00f3n con las tendencias del momento, Cottage, evoca estancias pintorescas y llenas de encanto.<\/p>\n<p>Disponible en dos formatos: Hexagonal de 14&#215;16 cm y brick manual en 7x14cm; ambos fabricados en porcel\u00e1nico apto para ser instalado en cualquier espacio interior o exterior.<\/p>\n<p>Tonos terracotas naturalmente destonifi cados con todo el<br \/>\ncaracter que otorga el paso del tiempo: Sand, Cotto, Graphite,<br \/>\nGrey y Off White.<\/p>\n<p>M\u00e1gica inspiraci\u00f3n para el hogar m\u00e1s exigente.<\/p>","protected":false},"excerpt":{"rendered":"<p>Resurgir en la construcci\u00f3n actual apreciando el temperamento, calidez y connotaciones campestres. En fusi\u00f3n con las tendencias del momento, Cottage, evoca estancias pintorescas y llenas de encanto. Disponible en dos formatos: Hexagonal de 14&#215;16 cm y brick manual en 7x14cm; ambos fabricados en porcel\u00e1nico apto para ser instalado en cualquier espacio interior o exterior. Tonos &hellip; <\/p>\n<p class=\"link-more\"><a href=\"https:\/\/creaibiza.com\/en\/product\/cottage-2\/\" class=\"more-link\">Read More <span class=\"screen-reader-text\"> \u00abCOTTAGE\u00bb<\/span><\/a><\/p>","protected":false},"featured_media":25609,"template":"","meta":{"_acf_changed":false},"product_brand":[187],"product_cat":[116,1002,227,113],"product_tag":[1352,1353],"class_list":{"0":"post-25587","1":"product","2":"type-product","3":"status-publish","4":"has-post-thumbnail","6":"product_brand-wow","7":"product_cat-pavimento","8":"product_cat-piedra-revestimiento","9":"product_cat-piedra","10":"product_cat-revestimiento","11":"product_tag-pavimento","12":"product_tag-revestimiento","14":"first","15":"instock","16":"taxable","17":"shipping-taxable","18":"purchasable","19":"product-type-variable"},"acf":[],"yoast_head":"<!-- This site is optimized with the Yoast SEO plugin v27.2 - https:\/\/yoast.com\/product\/yoast-seo-wordpress\/ -->\n<title>COTTAGE - Crea Ibiza<\/title>\n<meta name=\"description\" content=\"Crea Ibiza - COTTAGE -\" \/>\n<meta name=\"robots\" content=\"index, follow, max-snippet:-1, max-image-preview:large, max-video-preview:-1\" \/>\n<link rel=\"canonical\" href=\"https:\/\/creaibiza.com\/en\/product\/cottage-2\/\" \/>\n<meta property=\"og:locale\" content=\"en_GB\" \/>\n<meta property=\"og:type\" content=\"article\" \/>\n<meta property=\"og:title\" content=\"COTTAGE - Crea Ibiza\" \/>\n<meta property=\"og:description\" content=\"Crea Ibiza - COTTAGE -\" \/>\n<meta property=\"og:url\" content=\"https:\/\/creaibiza.com\/en\/product\/cottage-2\/\" \/>\n<meta property=\"og:site_name\" content=\"Crea Ibiza\" \/>\n<meta property=\"article:publisher\" content=\"https:\/\/www.facebook.com\/creaibiza\" \/>\n<meta property=\"article:modified_time\" content=\"2025-03-17T12:46:19+00:00\" \/>\n<meta property=\"og:image\" content=\"https:\/\/creaibiza.com\/wp-content\/uploads\/2023\/10\/4-43-e1698057427477.webp\" \/>\n\t<meta property=\"og:image:width\" content=\"1000\" \/>\n\t<meta property=\"og:image:height\" content=\"563\" \/>\n\t<meta property=\"og:image:type\" content=\"image\/webp\" \/>\n<meta name=\"twitter:card\" content=\"summary_large_image\" \/>\n<meta name=\"twitter:label1\" content=\"Estimated reading time\" \/>\n\t<meta name=\"twitter:data1\" content=\"1 minute\" \/>\n<script type=\"application\/ld+json\" class=\"yoast-schema-graph\">{\"@context\":\"https:\/\/schema.org\",\"@graph\":[{\"@type\":\"WebPage\",\"@id\":\"https:\/\/creaibiza.com\/producto\/cottage-2\/\",\"url\":\"https:\/\/creaibiza.com\/producto\/cottage-2\/\",\"name\":\"COTTAGE - Crea Ibiza\",\"isPartOf\":{\"@id\":\"https:\/\/creaibiza.com\/#website\"},\"primaryImageOfPage\":{\"@id\":\"https:\/\/creaibiza.com\/producto\/cottage-2\/#primaryimage\"},\"image\":{\"@id\":\"https:\/\/creaibiza.com\/producto\/cottage-2\/#primaryimage\"},\"thumbnailUrl\":\"https:\/\/creaibiza.com\/wp-content\/uploads\/2023\/10\/4-43-e1698057427477.webp\",\"datePublished\":\"2023-10-23T10:32:13+00:00\",\"dateModified\":\"2025-03-17T12:46:19+00:00\",\"description\":\"Crea Ibiza - COTTAGE -\",\"breadcrumb\":{\"@id\":\"https:\/\/creaibiza.com\/producto\/cottage-2\/#breadcrumb\"},\"inLanguage\":\"en-GB\",\"potentialAction\":[{\"@type\":\"ReadAction\",\"target\":[\"https:\/\/creaibiza.com\/producto\/cottage-2\/\"]}]},{\"@type\":\"ImageObject\",\"inLanguage\":\"en-GB\",\"@id\":\"https:\/\/creaibiza.com\/producto\/cottage-2\/#primaryimage\",\"url\":\"https:\/\/creaibiza.com\/wp-content\/uploads\/2023\/10\/4-43-e1698057427477.webp\",\"contentUrl\":\"https:\/\/creaibiza.com\/wp-content\/uploads\/2023\/10\/4-43-e1698057427477.webp\",\"width\":1000,\"height\":563},{\"@type\":\"BreadcrumbList\",\"@id\":\"https:\/\/creaibiza.com\/producto\/cottage-2\/#breadcrumb\",\"itemListElement\":[{\"@type\":\"ListItem\",\"position\":1,\"name\":\"Portada\",\"item\":\"https:\/\/creaibiza.com\/\"},{\"@type\":\"ListItem\",\"position\":2,\"name\":\"Tienda\",\"item\":\"https:\/\/creaibiza.com\/en\/tienda\/\"},{\"@type\":\"ListItem\",\"position\":3,\"name\":\"COTTAGE\"}]},{\"@type\":\"WebSite\",\"@id\":\"https:\/\/creaibiza.com\/#website\",\"url\":\"https:\/\/creaibiza.com\/\",\"name\":\"Crea Ibiza\",\"description\":\"Cer\u00e1mica, sanitarios y revestimientos de dise\u00f1o en Ibiza\",\"publisher\":{\"@id\":\"https:\/\/creaibiza.com\/#organization\"},\"potentialAction\":[{\"@type\":\"SearchAction\",\"target\":{\"@type\":\"EntryPoint\",\"urlTemplate\":\"https:\/\/creaibiza.com\/?s={search_term_string}\"},\"query-input\":{\"@type\":\"PropertyValueSpecification\",\"valueRequired\":true,\"valueName\":\"search_term_string\"}}],\"inLanguage\":\"en-GB\"},{\"@type\":\"Organization\",\"@id\":\"https:\/\/creaibiza.com\/#organization\",\"name\":\"Crea Ibiza\",\"url\":\"https:\/\/creaibiza.com\/\",\"logo\":{\"@type\":\"ImageObject\",\"inLanguage\":\"en-GB\",\"@id\":\"https:\/\/creaibiza.com\/#\/schema\/logo\/image\/\",\"url\":\"https:\/\/creaibiza.com\/wp-content\/uploads\/2024\/02\/cropped-logocrea-web.png\",\"contentUrl\":\"https:\/\/creaibiza.com\/wp-content\/uploads\/2024\/02\/cropped-logocrea-web.png\",\"width\":591,\"height\":210,\"caption\":\"Crea Ibiza\"},\"image\":{\"@id\":\"https:\/\/creaibiza.com\/#\/schema\/logo\/image\/\"},\"sameAs\":[\"https:\/\/www.facebook.com\/creaibiza\",\"https:\/\/www.instagram.com\/creaibiza\"]}]}<\/script>\n<!-- \/ Yoast SEO plugin. -->","yoast_head_json":{"title":"COTTAGE - Crea Ibiza","description":"Crea Ibiza - COTTAGE -","robots":{"index":"index","follow":"follow","max-snippet":"max-snippet:-1","max-image-preview":"max-image-preview:large","max-video-preview":"max-video-preview:-1"},"canonical":"https:\/\/creaibiza.com\/en\/product\/cottage-2\/","og_locale":"en_GB","og_type":"article","og_title":"COTTAGE - Crea Ibiza","og_description":"Crea Ibiza - COTTAGE -","og_url":"https:\/\/creaibiza.com\/en\/product\/cottage-2\/","og_site_name":"Crea Ibiza","article_publisher":"https:\/\/www.facebook.com\/creaibiza","article_modified_time":"2025-03-17T12:46:19+00:00","og_image":[{"width":1000,"height":563,"url":"https:\/\/creaibiza.com\/wp-content\/uploads\/2023\/10\/4-43-e1698057427477.webp","type":"image\/webp"}],"twitter_card":"summary_large_image","twitter_misc":{"Estimated reading time":"1 minute"},"schema":{"@context":"https:\/\/schema.org","@graph":[{"@type":"WebPage","@id":"https:\/\/creaibiza.com\/producto\/cottage-2\/","url":"https:\/\/creaibiza.com\/producto\/cottage-2\/","name":"COTTAGE - Crea Ibiza","isPartOf":{"@id":"https:\/\/creaibiza.com\/#website"},"primaryImageOfPage":{"@id":"https:\/\/creaibiza.com\/producto\/cottage-2\/#primaryimage"},"image":{"@id":"https:\/\/creaibiza.com\/producto\/cottage-2\/#primaryimage"},"thumbnailUrl":"https:\/\/creaibiza.com\/wp-content\/uploads\/2023\/10\/4-43-e1698057427477.webp","datePublished":"2023-10-23T10:32:13+00:00","dateModified":"2025-03-17T12:46:19+00:00","description":"Crea Ibiza - COTTAGE -","breadcrumb":{"@id":"https:\/\/creaibiza.com\/producto\/cottage-2\/#breadcrumb"},"inLanguage":"en-GB","potentialAction":[{"@type":"ReadAction","target":["https:\/\/creaibiza.com\/producto\/cottage-2\/"]}]},{"@type":"ImageObject","inLanguage":"en-GB","@id":"https:\/\/creaibiza.com\/producto\/cottage-2\/#primaryimage","url":"https:\/\/creaibiza.com\/wp-content\/uploads\/2023\/10\/4-43-e1698057427477.webp","contentUrl":"https:\/\/creaibiza.com\/wp-content\/uploads\/2023\/10\/4-43-e1698057427477.webp","width":1000,"height":563},{"@type":"BreadcrumbList","@id":"https:\/\/creaibiza.com\/producto\/cottage-2\/#breadcrumb","itemListElement":[{"@type":"ListItem","position":1,"name":"Portada","item":"https:\/\/creaibiza.com\/"},{"@type":"ListItem","position":2,"name":"Tienda","item":"https:\/\/creaibiza.com\/en\/tienda\/"},{"@type":"ListItem","position":3,"name":"COTTAGE"}]},{"@type":"WebSite","@id":"https:\/\/creaibiza.com\/#website","url":"https:\/\/creaibiza.com\/","name":"Create Ibiza","description":"Cer\u00e1mica, sanitarios y revestimientos de dise\u00f1o en Ibiza","publisher":{"@id":"https:\/\/creaibiza.com\/#organization"},"potentialAction":[{"@type":"SearchAction","target":{"@type":"EntryPoint","urlTemplate":"https:\/\/creaibiza.com\/?s={search_term_string}"},"query-input":{"@type":"PropertyValueSpecification","valueRequired":true,"valueName":"search_term_string"}}],"inLanguage":"en-GB"},{"@type":"Organization","@id":"https:\/\/creaibiza.com\/#organization","name":"Create Ibiza","url":"https:\/\/creaibiza.com\/","logo":{"@type":"ImageObject","inLanguage":"en-GB","@id":"https:\/\/creaibiza.com\/#\/schema\/logo\/image\/","url":"https:\/\/creaibiza.com\/wp-content\/uploads\/2024\/02\/cropped-logocrea-web.png","contentUrl":"https:\/\/creaibiza.com\/wp-content\/uploads\/2024\/02\/cropped-logocrea-web.png","width":591,"height":210,"caption":"Crea Ibiza"},"image":{"@id":"https:\/\/creaibiza.com\/#\/schema\/logo\/image\/"},"sameAs":["https:\/\/www.facebook.com\/creaibiza","https:\/\/www.instagram.com\/creaibiza"]}]}},"_links":{"self":[{"href":"https:\/\/creaibiza.com\/en\/wp-json\/wp\/v2\/product\/25587","targetHints":{"allow":["GET"]}}],"collection":[{"href":"https:\/\/creaibiza.com\/en\/wp-json\/wp\/v2\/product"}],"about":[{"href":"https:\/\/creaibiza.com\/en\/wp-json\/wp\/v2\/types\/product"}],"version-history":[{"count":1,"href":"https:\/\/creaibiza.com\/en\/wp-json\/wp\/v2\/product\/25587\/revisions"}],"predecessor-version":[{"id":25608,"href":"https:\/\/creaibiza.com\/en\/wp-json\/wp\/v2\/product\/25587\/revisions\/25608"}],"wp:featuredmedia":[{"embeddable":true,"href":"https:\/\/creaibiza.com\/en\/wp-json\/wp\/v2\/media\/25609"}],"wp:attachment":[{"href":"https:\/\/creaibiza.com\/en\/wp-json\/wp\/v2\/media?parent=25587"}],"wp:term":[{"taxonomy":"product_brand","embeddable":true,"href":"https:\/\/creaibiza.com\/en\/wp-json\/wp\/v2\/product_brand?post=25587"},{"taxonomy":"product_cat","embeddable":true,"href":"https:\/\/creaibiza.com\/en\/wp-json\/wp\/v2\/product_cat?post=25587"},{"taxonomy":"product_tag","embeddable":true,"href":"https:\/\/creaibiza.com\/en\/wp-json\/wp\/v2\/product_tag?post=25587"}],"curies":[{"name":"wp","href":"https:\/\/api.w.org\/{rel}","templated":true}]}}