{"id":25325,"date":"2023-10-20T09:24:07","date_gmt":"2023-10-20T09:24:07","guid":{"rendered":"http:\/\/creaibiza.com\/?post_type=product&#038;p=25325"},"modified":"2025-03-17T13:59:42","modified_gmt":"2025-03-17T12:59:42","slug":"casbah","status":"publish","type":"product","link":"https:\/\/creaibiza.com\/en\/product\/casbah\/","title":{"rendered":"CASBAH"},"content":{"rendered":"<p>Tributo a un cl\u00e1sico en la arquitectura espa\u00f1ola \u201cLa muralla roja\u201d de Ricardo Bofill en Calpe, Alicante.<\/p>\n<p>Inspirado en la arquitectura \u00e1rabe mediterr\u00e1nea, como una<br \/>\ninterpretaci\u00f3n de la tradicional Kasbah. Su identidad, llamativa geometria de l\u00edneas c\u00fabicas, colores vibrantes y espacios interiores casi laber\u00ednticos junto al mar.<\/p>\n<p>Como s\u00edmbolo de modernidad, te presentamos nuestra visi\u00f3n<br \/>\ncer\u00e1mica en cuanto a color y l\u00edneas, sobre una superficie mate de<br \/>\ntacto muy suave que no refleja la luz.<\/p>\n<p>12,5 x 12,5<\/p>","protected":false},"excerpt":{"rendered":"<p>Tributo a un cl\u00e1sico en la arquitectura espa\u00f1ola \u201cLa muralla roja\u201d de Ricardo Bofill en Calpe, Alicante. Inspirado en la arquitectura \u00e1rabe mediterr\u00e1nea, como una interpretaci\u00f3n de la tradicional Kasbah. Su identidad, llamativa geometria de l\u00edneas c\u00fabicas, colores vibrantes y espacios interiores casi laber\u00ednticos junto al mar. Como s\u00edmbolo de modernidad, te presentamos nuestra visi\u00f3n &hellip; <\/p>\n<p class=\"link-more\"><a href=\"https:\/\/creaibiza.com\/en\/product\/casbah\/\" class=\"more-link\">Read More <span class=\"screen-reader-text\"> \u00abCASBAH\u00bb<\/span><\/a><\/p>","protected":false},"featured_media":25350,"template":"","meta":{"_acf_changed":false},"product_brand":[187],"product_cat":[186,1000,113],"product_tag":[1353],"class_list":{"0":"post-25325","1":"product","2":"type-product","3":"status-publish","4":"has-post-thumbnail","6":"product_brand-wow","7":"product_cat-decorados","8":"product_cat-madera-revestimiento","9":"product_cat-revestimiento","10":"product_tag-revestimiento","12":"first","13":"instock","14":"taxable","15":"shipping-taxable","16":"purchasable","17":"product-type-variable"},"acf":[],"yoast_head":"<!-- This site is optimized with the Yoast SEO plugin v27.2 - https:\/\/yoast.com\/product\/yoast-seo-wordpress\/ -->\n<title>CASBAH - Crea Ibiza<\/title>\n<meta name=\"description\" content=\"Crea Ibiza - CASBAH -\" \/>\n<meta name=\"robots\" content=\"index, follow, max-snippet:-1, max-image-preview:large, max-video-preview:-1\" \/>\n<link rel=\"canonical\" href=\"https:\/\/creaibiza.com\/en\/product\/casbah\/\" \/>\n<meta property=\"og:locale\" content=\"en_GB\" \/>\n<meta property=\"og:type\" content=\"article\" \/>\n<meta property=\"og:title\" content=\"CASBAH - Crea Ibiza\" \/>\n<meta property=\"og:description\" content=\"Crea Ibiza - CASBAH -\" \/>\n<meta property=\"og:url\" content=\"https:\/\/creaibiza.com\/en\/product\/casbah\/\" \/>\n<meta property=\"og:site_name\" content=\"Crea Ibiza\" \/>\n<meta property=\"article:publisher\" content=\"https:\/\/www.facebook.com\/creaibiza\" \/>\n<meta property=\"article:modified_time\" content=\"2025-03-17T12:59:42+00:00\" \/>\n<meta property=\"og:image\" content=\"https:\/\/creaibiza.com\/wp-content\/uploads\/2023\/10\/07.webp\" \/>\n\t<meta property=\"og:image:width\" content=\"2000\" \/>\n\t<meta property=\"og:image:height\" content=\"2000\" \/>\n\t<meta property=\"og:image:type\" content=\"image\/webp\" \/>\n<meta name=\"twitter:card\" content=\"summary_large_image\" \/>\n<meta name=\"twitter:label1\" content=\"Estimated reading time\" \/>\n\t<meta name=\"twitter:data1\" content=\"1 minute\" \/>\n<script type=\"application\/ld+json\" class=\"yoast-schema-graph\">{\"@context\":\"https:\/\/schema.org\",\"@graph\":[{\"@type\":\"WebPage\",\"@id\":\"https:\/\/creaibiza.com\/producto\/casbah\/\",\"url\":\"https:\/\/creaibiza.com\/producto\/casbah\/\",\"name\":\"CASBAH - Crea Ibiza\",\"isPartOf\":{\"@id\":\"https:\/\/creaibiza.com\/#website\"},\"primaryImageOfPage\":{\"@id\":\"https:\/\/creaibiza.com\/producto\/casbah\/#primaryimage\"},\"image\":{\"@id\":\"https:\/\/creaibiza.com\/producto\/casbah\/#primaryimage\"},\"thumbnailUrl\":\"https:\/\/creaibiza.com\/wp-content\/uploads\/2023\/10\/07.webp\",\"datePublished\":\"2023-10-20T09:24:07+00:00\",\"dateModified\":\"2025-03-17T12:59:42+00:00\",\"description\":\"Crea Ibiza - CASBAH -\",\"breadcrumb\":{\"@id\":\"https:\/\/creaibiza.com\/producto\/casbah\/#breadcrumb\"},\"inLanguage\":\"en-GB\",\"potentialAction\":[{\"@type\":\"ReadAction\",\"target\":[\"https:\/\/creaibiza.com\/producto\/casbah\/\"]}]},{\"@type\":\"ImageObject\",\"inLanguage\":\"en-GB\",\"@id\":\"https:\/\/creaibiza.com\/producto\/casbah\/#primaryimage\",\"url\":\"https:\/\/creaibiza.com\/wp-content\/uploads\/2023\/10\/07.webp\",\"contentUrl\":\"https:\/\/creaibiza.com\/wp-content\/uploads\/2023\/10\/07.webp\",\"width\":2000,\"height\":2000},{\"@type\":\"BreadcrumbList\",\"@id\":\"https:\/\/creaibiza.com\/producto\/casbah\/#breadcrumb\",\"itemListElement\":[{\"@type\":\"ListItem\",\"position\":1,\"name\":\"Portada\",\"item\":\"https:\/\/creaibiza.com\/\"},{\"@type\":\"ListItem\",\"position\":2,\"name\":\"Tienda\",\"item\":\"https:\/\/creaibiza.com\/en\/tienda\/\"},{\"@type\":\"ListItem\",\"position\":3,\"name\":\"CASBAH\"}]},{\"@type\":\"WebSite\",\"@id\":\"https:\/\/creaibiza.com\/#website\",\"url\":\"https:\/\/creaibiza.com\/\",\"name\":\"Crea Ibiza\",\"description\":\"Cer\u00e1mica, sanitarios y revestimientos de dise\u00f1o en Ibiza\",\"publisher\":{\"@id\":\"https:\/\/creaibiza.com\/#organization\"},\"potentialAction\":[{\"@type\":\"SearchAction\",\"target\":{\"@type\":\"EntryPoint\",\"urlTemplate\":\"https:\/\/creaibiza.com\/?s={search_term_string}\"},\"query-input\":{\"@type\":\"PropertyValueSpecification\",\"valueRequired\":true,\"valueName\":\"search_term_string\"}}],\"inLanguage\":\"en-GB\"},{\"@type\":\"Organization\",\"@id\":\"https:\/\/creaibiza.com\/#organization\",\"name\":\"Crea Ibiza\",\"url\":\"https:\/\/creaibiza.com\/\",\"logo\":{\"@type\":\"ImageObject\",\"inLanguage\":\"en-GB\",\"@id\":\"https:\/\/creaibiza.com\/#\/schema\/logo\/image\/\",\"url\":\"https:\/\/creaibiza.com\/wp-content\/uploads\/2024\/02\/cropped-logocrea-web.png\",\"contentUrl\":\"https:\/\/creaibiza.com\/wp-content\/uploads\/2024\/02\/cropped-logocrea-web.png\",\"width\":591,\"height\":210,\"caption\":\"Crea Ibiza\"},\"image\":{\"@id\":\"https:\/\/creaibiza.com\/#\/schema\/logo\/image\/\"},\"sameAs\":[\"https:\/\/www.facebook.com\/creaibiza\",\"https:\/\/www.instagram.com\/creaibiza\"]}]}<\/script>\n<!-- \/ Yoast SEO plugin. -->","yoast_head_json":{"title":"CASBAH - Crea Ibiza","description":"Crea Ibiza - CASBAH -","robots":{"index":"index","follow":"follow","max-snippet":"max-snippet:-1","max-image-preview":"max-image-preview:large","max-video-preview":"max-video-preview:-1"},"canonical":"https:\/\/creaibiza.com\/en\/product\/casbah\/","og_locale":"en_GB","og_type":"article","og_title":"CASBAH - Crea Ibiza","og_description":"Crea Ibiza - CASBAH -","og_url":"https:\/\/creaibiza.com\/en\/product\/casbah\/","og_site_name":"Crea Ibiza","article_publisher":"https:\/\/www.facebook.com\/creaibiza","article_modified_time":"2025-03-17T12:59:42+00:00","og_image":[{"width":2000,"height":2000,"url":"https:\/\/creaibiza.com\/wp-content\/uploads\/2023\/10\/07.webp","type":"image\/webp"}],"twitter_card":"summary_large_image","twitter_misc":{"Estimated reading time":"1 minute"},"schema":{"@context":"https:\/\/schema.org","@graph":[{"@type":"WebPage","@id":"https:\/\/creaibiza.com\/producto\/casbah\/","url":"https:\/\/creaibiza.com\/producto\/casbah\/","name":"CASBAH - Crea Ibiza","isPartOf":{"@id":"https:\/\/creaibiza.com\/#website"},"primaryImageOfPage":{"@id":"https:\/\/creaibiza.com\/producto\/casbah\/#primaryimage"},"image":{"@id":"https:\/\/creaibiza.com\/producto\/casbah\/#primaryimage"},"thumbnailUrl":"https:\/\/creaibiza.com\/wp-content\/uploads\/2023\/10\/07.webp","datePublished":"2023-10-20T09:24:07+00:00","dateModified":"2025-03-17T12:59:42+00:00","description":"Crea Ibiza - CASBAH -","breadcrumb":{"@id":"https:\/\/creaibiza.com\/producto\/casbah\/#breadcrumb"},"inLanguage":"en-GB","potentialAction":[{"@type":"ReadAction","target":["https:\/\/creaibiza.com\/producto\/casbah\/"]}]},{"@type":"ImageObject","inLanguage":"en-GB","@id":"https:\/\/creaibiza.com\/producto\/casbah\/#primaryimage","url":"https:\/\/creaibiza.com\/wp-content\/uploads\/2023\/10\/07.webp","contentUrl":"https:\/\/creaibiza.com\/wp-content\/uploads\/2023\/10\/07.webp","width":2000,"height":2000},{"@type":"BreadcrumbList","@id":"https:\/\/creaibiza.com\/producto\/casbah\/#breadcrumb","itemListElement":[{"@type":"ListItem","position":1,"name":"Portada","item":"https:\/\/creaibiza.com\/"},{"@type":"ListItem","position":2,"name":"Tienda","item":"https:\/\/creaibiza.com\/en\/tienda\/"},{"@type":"ListItem","position":3,"name":"CASBAH"}]},{"@type":"WebSite","@id":"https:\/\/creaibiza.com\/#website","url":"https:\/\/creaibiza.com\/","name":"Create Ibiza","description":"Cer\u00e1mica, sanitarios y revestimientos de dise\u00f1o en Ibiza","publisher":{"@id":"https:\/\/creaibiza.com\/#organization"},"potentialAction":[{"@type":"SearchAction","target":{"@type":"EntryPoint","urlTemplate":"https:\/\/creaibiza.com\/?s={search_term_string}"},"query-input":{"@type":"PropertyValueSpecification","valueRequired":true,"valueName":"search_term_string"}}],"inLanguage":"en-GB"},{"@type":"Organization","@id":"https:\/\/creaibiza.com\/#organization","name":"Create Ibiza","url":"https:\/\/creaibiza.com\/","logo":{"@type":"ImageObject","inLanguage":"en-GB","@id":"https:\/\/creaibiza.com\/#\/schema\/logo\/image\/","url":"https:\/\/creaibiza.com\/wp-content\/uploads\/2024\/02\/cropped-logocrea-web.png","contentUrl":"https:\/\/creaibiza.com\/wp-content\/uploads\/2024\/02\/cropped-logocrea-web.png","width":591,"height":210,"caption":"Crea Ibiza"},"image":{"@id":"https:\/\/creaibiza.com\/#\/schema\/logo\/image\/"},"sameAs":["https:\/\/www.facebook.com\/creaibiza","https:\/\/www.instagram.com\/creaibiza"]}]}},"_links":{"self":[{"href":"https:\/\/creaibiza.com\/en\/wp-json\/wp\/v2\/product\/25325","targetHints":{"allow":["GET"]}}],"collection":[{"href":"https:\/\/creaibiza.com\/en\/wp-json\/wp\/v2\/product"}],"about":[{"href":"https:\/\/creaibiza.com\/en\/wp-json\/wp\/v2\/types\/product"}],"version-history":[{"count":3,"href":"https:\/\/creaibiza.com\/en\/wp-json\/wp\/v2\/product\/25325\/revisions"}],"predecessor-version":[{"id":25357,"href":"https:\/\/creaibiza.com\/en\/wp-json\/wp\/v2\/product\/25325\/revisions\/25357"}],"wp:featuredmedia":[{"embeddable":true,"href":"https:\/\/creaibiza.com\/en\/wp-json\/wp\/v2\/media\/25350"}],"wp:attachment":[{"href":"https:\/\/creaibiza.com\/en\/wp-json\/wp\/v2\/media?parent=25325"}],"wp:term":[{"taxonomy":"product_brand","embeddable":true,"href":"https:\/\/creaibiza.com\/en\/wp-json\/wp\/v2\/product_brand?post=25325"},{"taxonomy":"product_cat","embeddable":true,"href":"https:\/\/creaibiza.com\/en\/wp-json\/wp\/v2\/product_cat?post=25325"},{"taxonomy":"product_tag","embeddable":true,"href":"https:\/\/creaibiza.com\/en\/wp-json\/wp\/v2\/product_tag?post=25325"}],"curies":[{"name":"wp","href":"https:\/\/api.w.org\/{rel}","templated":true}]}}