{"id":20841,"date":"2021-11-15T11:36:53","date_gmt":"2021-11-15T11:36:53","guid":{"rendered":"http:\/\/creaibiza.com?post_type=product&#038;p=20841"},"modified":"2022-11-08T10:07:30","modified_gmt":"2022-11-08T10:07:30","slug":"escobillero-hor","status":"publish","type":"product","link":"https:\/\/creaibiza.com\/en\/product\/escobillero-hor\/","title":{"rendered":"ESCOBILLERO"},"content":{"rendered":"<p>Fabricado con una s\u00f3lida base de hormig\u00f3n, el portaescobillas es un objeto fuerte y seguro cuya altura de 70 cm ha sido dise\u00f1ada para invitar a las personas a levantarse y sentarse c\u00f3modamente del inodoro. Todo esto evita movimientos inc\u00f3modos y garantiza seguridad y estabilidad.<\/p>\n<p>El portaescobillas de inodoro Street es una ayuda \u00fatil y su mango de lat\u00f3n finalmente se dise\u00f1\u00f3 como un agarre v\u00e1lido. Su mango tiene una forma sencilla que resulta \u00fatil y da la bienvenida a la mano garantizando un agarre seguro y ergon\u00f3mico. El mango de lat\u00f3n y el cuerpo de hormig\u00f3n garantizan un soporte m\u00e1ximo de hasta 120 kg. La base de hormig\u00f3n se somete a un tratamiento antibacteriano para garantizar la m\u00e1xima higiene.<\/p>\n<p>Adem\u00e1s, el mango del portaescobillas se puede utilizar para el rollo de papel higi\u00e9nico a\u00f1adiendo as\u00ed una funci\u00f3n adicional al proyecto.<\/p>\n<p>Desde el punto de vista est\u00e9tico, el portaescobillas tiene un dise\u00f1o con formas minimalistas y limpias, logrando encajar en cualquier ambiente de ba\u00f1o.<\/p>\n<p>Sobre la colecci\u00f3n:<\/p>\n<p>la colecci\u00f3n de portaescobillas para el ba\u00f1o, nace dentro de una visi\u00f3n e idea amplia y revolucionaria que tiene como objetivo crear un ba\u00f1o seguro, funcional y est\u00e9tico. El ba\u00f1o es as\u00ed un espacio en el que varias personas, de distintas edades, pueden encontrar objetos y complementos adecuados a su edad y que permite a todos vivir esta estancia con total autonom\u00eda. As\u00ed, el trabajo de dise\u00f1o encaja en este contexto en el que un simple portaescobillas de inodoro se convierte en un objeto ic\u00f3nico, capaz de combinar estas piezas.<\/p>\n<p>Dimensiones: 14,6 x 70 cm<\/p>","protected":false},"excerpt":{"rendered":"<p>Fabricado con una s\u00f3lida base de hormig\u00f3n, el portaescobillas es un objeto fuerte y seguro cuya altura de 70 cm ha sido dise\u00f1ada para invitar a las personas a levantarse y sentarse c\u00f3modamente del inodoro. Todo esto evita movimientos inc\u00f3modos y garantiza seguridad y estabilidad. El portaescobillas de inodoro Street es una ayuda \u00fatil y &hellip; <\/p>\n<p class=\"link-more\"><a href=\"https:\/\/creaibiza.com\/en\/product\/escobillero-hor\/\" class=\"more-link\">Read More <span class=\"screen-reader-text\"> \u00abESCOBILLERO\u00bb<\/span><\/a><\/p>","protected":false},"featured_media":20842,"template":"","meta":{"_acf_changed":false},"product_brand":[1318],"product_cat":[1215],"product_tag":[1366],"class_list":{"0":"post-20841","1":"product","2":"type-product","3":"status-publish","4":"has-post-thumbnail","6":"product_brand-ever-life-design","7":"product_cat-accesorios","8":"product_tag-accesorios","10":"first","11":"instock","12":"taxable","13":"shipping-taxable","14":"purchasable","15":"product-type-variable"},"acf":[],"yoast_head":"<!-- This site is optimized with the Yoast SEO plugin v27.2 - https:\/\/yoast.com\/product\/yoast-seo-wordpress\/ -->\n<title>ESCOBILLERO - Crea Ibiza<\/title>\n<meta name=\"description\" content=\"Crea Ibiza - ESCOBILLERO -\" \/>\n<meta name=\"robots\" content=\"index, follow, max-snippet:-1, max-image-preview:large, max-video-preview:-1\" \/>\n<link rel=\"canonical\" href=\"https:\/\/creaibiza.com\/en\/product\/escobillero-hor\/\" \/>\n<meta property=\"og:locale\" content=\"en_GB\" \/>\n<meta property=\"og:type\" content=\"article\" \/>\n<meta property=\"og:title\" content=\"ESCOBILLERO - Crea Ibiza\" \/>\n<meta property=\"og:description\" content=\"Crea Ibiza - ESCOBILLERO -\" \/>\n<meta property=\"og:url\" content=\"https:\/\/creaibiza.com\/en\/product\/escobillero-hor\/\" \/>\n<meta property=\"og:site_name\" content=\"Crea Ibiza\" \/>\n<meta property=\"article:publisher\" content=\"https:\/\/www.facebook.com\/creaibiza\" \/>\n<meta property=\"article:modified_time\" content=\"2022-11-08T10:07:30+00:00\" \/>\n<meta property=\"og:image\" content=\"https:\/\/creaibiza.com\/wp-content\/uploads\/2021\/11\/porta-scopino-bagno-street-2.jpg\" \/>\n\t<meta property=\"og:image:width\" content=\"1000\" \/>\n\t<meta property=\"og:image:height\" content=\"1000\" \/>\n\t<meta property=\"og:image:type\" content=\"image\/jpeg\" \/>\n<meta name=\"twitter:card\" content=\"summary_large_image\" \/>\n<meta name=\"twitter:label1\" content=\"Estimated reading time\" \/>\n\t<meta name=\"twitter:data1\" content=\"1 minute\" \/>\n<script type=\"application\/ld+json\" class=\"yoast-schema-graph\">{\"@context\":\"https:\/\/schema.org\",\"@graph\":[{\"@type\":\"WebPage\",\"@id\":\"https:\/\/creaibiza.com\/producto\/escobillero-hor\/\",\"url\":\"https:\/\/creaibiza.com\/producto\/escobillero-hor\/\",\"name\":\"ESCOBILLERO - Crea Ibiza\",\"isPartOf\":{\"@id\":\"https:\/\/creaibiza.com\/#website\"},\"primaryImageOfPage\":{\"@id\":\"https:\/\/creaibiza.com\/producto\/escobillero-hor\/#primaryimage\"},\"image\":{\"@id\":\"https:\/\/creaibiza.com\/producto\/escobillero-hor\/#primaryimage\"},\"thumbnailUrl\":\"https:\/\/creaibiza.com\/wp-content\/uploads\/2021\/11\/porta-scopino-bagno-street-2.jpg\",\"datePublished\":\"2021-11-15T11:36:53+00:00\",\"dateModified\":\"2022-11-08T10:07:30+00:00\",\"description\":\"Crea Ibiza - ESCOBILLERO -\",\"breadcrumb\":{\"@id\":\"https:\/\/creaibiza.com\/producto\/escobillero-hor\/#breadcrumb\"},\"inLanguage\":\"en-GB\",\"potentialAction\":[{\"@type\":\"ReadAction\",\"target\":[\"https:\/\/creaibiza.com\/producto\/escobillero-hor\/\"]}]},{\"@type\":\"ImageObject\",\"inLanguage\":\"en-GB\",\"@id\":\"https:\/\/creaibiza.com\/producto\/escobillero-hor\/#primaryimage\",\"url\":\"https:\/\/creaibiza.com\/wp-content\/uploads\/2021\/11\/porta-scopino-bagno-street-2.jpg\",\"contentUrl\":\"https:\/\/creaibiza.com\/wp-content\/uploads\/2021\/11\/porta-scopino-bagno-street-2.jpg\",\"width\":1000,\"height\":1000},{\"@type\":\"BreadcrumbList\",\"@id\":\"https:\/\/creaibiza.com\/producto\/escobillero-hor\/#breadcrumb\",\"itemListElement\":[{\"@type\":\"ListItem\",\"position\":1,\"name\":\"Portada\",\"item\":\"https:\/\/creaibiza.com\/\"},{\"@type\":\"ListItem\",\"position\":2,\"name\":\"Tienda\",\"item\":\"https:\/\/creaibiza.com\/en\/tienda\/\"},{\"@type\":\"ListItem\",\"position\":3,\"name\":\"ESCOBILLERO\"}]},{\"@type\":\"WebSite\",\"@id\":\"https:\/\/creaibiza.com\/#website\",\"url\":\"https:\/\/creaibiza.com\/\",\"name\":\"Crea Ibiza\",\"description\":\"Cer\u00e1mica, sanitarios y revestimientos de dise\u00f1o en Ibiza\",\"publisher\":{\"@id\":\"https:\/\/creaibiza.com\/#organization\"},\"potentialAction\":[{\"@type\":\"SearchAction\",\"target\":{\"@type\":\"EntryPoint\",\"urlTemplate\":\"https:\/\/creaibiza.com\/?s={search_term_string}\"},\"query-input\":{\"@type\":\"PropertyValueSpecification\",\"valueRequired\":true,\"valueName\":\"search_term_string\"}}],\"inLanguage\":\"en-GB\"},{\"@type\":\"Organization\",\"@id\":\"https:\/\/creaibiza.com\/#organization\",\"name\":\"Crea Ibiza\",\"url\":\"https:\/\/creaibiza.com\/\",\"logo\":{\"@type\":\"ImageObject\",\"inLanguage\":\"en-GB\",\"@id\":\"https:\/\/creaibiza.com\/#\/schema\/logo\/image\/\",\"url\":\"https:\/\/creaibiza.com\/wp-content\/uploads\/2024\/02\/cropped-logocrea-web.png\",\"contentUrl\":\"https:\/\/creaibiza.com\/wp-content\/uploads\/2024\/02\/cropped-logocrea-web.png\",\"width\":591,\"height\":210,\"caption\":\"Crea Ibiza\"},\"image\":{\"@id\":\"https:\/\/creaibiza.com\/#\/schema\/logo\/image\/\"},\"sameAs\":[\"https:\/\/www.facebook.com\/creaibiza\",\"https:\/\/www.instagram.com\/creaibiza\"]}]}<\/script>\n<!-- \/ Yoast SEO plugin. -->","yoast_head_json":{"title":"ESCOBILLERO - Crea Ibiza","description":"Crea Ibiza - ESCOBILLERO -","robots":{"index":"index","follow":"follow","max-snippet":"max-snippet:-1","max-image-preview":"max-image-preview:large","max-video-preview":"max-video-preview:-1"},"canonical":"https:\/\/creaibiza.com\/en\/product\/escobillero-hor\/","og_locale":"en_GB","og_type":"article","og_title":"ESCOBILLERO - Crea Ibiza","og_description":"Crea Ibiza - ESCOBILLERO -","og_url":"https:\/\/creaibiza.com\/en\/product\/escobillero-hor\/","og_site_name":"Crea Ibiza","article_publisher":"https:\/\/www.facebook.com\/creaibiza","article_modified_time":"2022-11-08T10:07:30+00:00","og_image":[{"width":1000,"height":1000,"url":"https:\/\/creaibiza.com\/wp-content\/uploads\/2021\/11\/porta-scopino-bagno-street-2.jpg","type":"image\/jpeg"}],"twitter_card":"summary_large_image","twitter_misc":{"Estimated reading time":"1 minute"},"schema":{"@context":"https:\/\/schema.org","@graph":[{"@type":"WebPage","@id":"https:\/\/creaibiza.com\/producto\/escobillero-hor\/","url":"https:\/\/creaibiza.com\/producto\/escobillero-hor\/","name":"ESCOBILLERO - Crea Ibiza","isPartOf":{"@id":"https:\/\/creaibiza.com\/#website"},"primaryImageOfPage":{"@id":"https:\/\/creaibiza.com\/producto\/escobillero-hor\/#primaryimage"},"image":{"@id":"https:\/\/creaibiza.com\/producto\/escobillero-hor\/#primaryimage"},"thumbnailUrl":"https:\/\/creaibiza.com\/wp-content\/uploads\/2021\/11\/porta-scopino-bagno-street-2.jpg","datePublished":"2021-11-15T11:36:53+00:00","dateModified":"2022-11-08T10:07:30+00:00","description":"Crea Ibiza - ESCOBILLERO -","breadcrumb":{"@id":"https:\/\/creaibiza.com\/producto\/escobillero-hor\/#breadcrumb"},"inLanguage":"en-GB","potentialAction":[{"@type":"ReadAction","target":["https:\/\/creaibiza.com\/producto\/escobillero-hor\/"]}]},{"@type":"ImageObject","inLanguage":"en-GB","@id":"https:\/\/creaibiza.com\/producto\/escobillero-hor\/#primaryimage","url":"https:\/\/creaibiza.com\/wp-content\/uploads\/2021\/11\/porta-scopino-bagno-street-2.jpg","contentUrl":"https:\/\/creaibiza.com\/wp-content\/uploads\/2021\/11\/porta-scopino-bagno-street-2.jpg","width":1000,"height":1000},{"@type":"BreadcrumbList","@id":"https:\/\/creaibiza.com\/producto\/escobillero-hor\/#breadcrumb","itemListElement":[{"@type":"ListItem","position":1,"name":"Portada","item":"https:\/\/creaibiza.com\/"},{"@type":"ListItem","position":2,"name":"Tienda","item":"https:\/\/creaibiza.com\/en\/tienda\/"},{"@type":"ListItem","position":3,"name":"ESCOBILLERO"}]},{"@type":"WebSite","@id":"https:\/\/creaibiza.com\/#website","url":"https:\/\/creaibiza.com\/","name":"Create Ibiza","description":"Cer\u00e1mica, sanitarios y revestimientos de dise\u00f1o en Ibiza","publisher":{"@id":"https:\/\/creaibiza.com\/#organization"},"potentialAction":[{"@type":"SearchAction","target":{"@type":"EntryPoint","urlTemplate":"https:\/\/creaibiza.com\/?s={search_term_string}"},"query-input":{"@type":"PropertyValueSpecification","valueRequired":true,"valueName":"search_term_string"}}],"inLanguage":"en-GB"},{"@type":"Organization","@id":"https:\/\/creaibiza.com\/#organization","name":"Create Ibiza","url":"https:\/\/creaibiza.com\/","logo":{"@type":"ImageObject","inLanguage":"en-GB","@id":"https:\/\/creaibiza.com\/#\/schema\/logo\/image\/","url":"https:\/\/creaibiza.com\/wp-content\/uploads\/2024\/02\/cropped-logocrea-web.png","contentUrl":"https:\/\/creaibiza.com\/wp-content\/uploads\/2024\/02\/cropped-logocrea-web.png","width":591,"height":210,"caption":"Crea Ibiza"},"image":{"@id":"https:\/\/creaibiza.com\/#\/schema\/logo\/image\/"},"sameAs":["https:\/\/www.facebook.com\/creaibiza","https:\/\/www.instagram.com\/creaibiza"]}]}},"_links":{"self":[{"href":"https:\/\/creaibiza.com\/en\/wp-json\/wp\/v2\/product\/20841","targetHints":{"allow":["GET"]}}],"collection":[{"href":"https:\/\/creaibiza.com\/en\/wp-json\/wp\/v2\/product"}],"about":[{"href":"https:\/\/creaibiza.com\/en\/wp-json\/wp\/v2\/types\/product"}],"version-history":[{"count":3,"href":"https:\/\/creaibiza.com\/en\/wp-json\/wp\/v2\/product\/20841\/revisions"}],"predecessor-version":[{"id":22992,"href":"https:\/\/creaibiza.com\/en\/wp-json\/wp\/v2\/product\/20841\/revisions\/22992"}],"wp:featuredmedia":[{"embeddable":true,"href":"https:\/\/creaibiza.com\/en\/wp-json\/wp\/v2\/media\/20842"}],"wp:attachment":[{"href":"https:\/\/creaibiza.com\/en\/wp-json\/wp\/v2\/media?parent=20841"}],"wp:term":[{"taxonomy":"product_brand","embeddable":true,"href":"https:\/\/creaibiza.com\/en\/wp-json\/wp\/v2\/product_brand?post=20841"},{"taxonomy":"product_cat","embeddable":true,"href":"https:\/\/creaibiza.com\/en\/wp-json\/wp\/v2\/product_cat?post=20841"},{"taxonomy":"product_tag","embeddable":true,"href":"https:\/\/creaibiza.com\/en\/wp-json\/wp\/v2\/product_tag?post=20841"}],"curies":[{"name":"wp","href":"https:\/\/api.w.org\/{rel}","templated":true}]}}