{"id":20831,"date":"2021-11-15T11:25:22","date_gmt":"2021-11-15T11:25:22","guid":{"rendered":"http:\/\/creaibiza.com?post_type=product&#038;p=20831"},"modified":"2022-11-08T10:09:16","modified_gmt":"2022-11-08T10:09:16","slug":"estante-vertical","status":"publish","type":"product","link":"https:\/\/creaibiza.com\/en\/product\/estante-vertical\/","title":{"rendered":"PORTA OBJETOS"},"content":{"rendered":"<p>El portaobjetos TAPE es un accesorio de dise\u00f1o verdaderamente indispensable, especialmente para quienes buscan un objeto hermoso y funcional que ocupe poco espacio.<\/p>\n<p>El montaje en pared lo hace indispensable en todas las \u00e1reas de la casa donde hay poco espacio. En unos sencillos pasos, TAPE se puede instalar en la pared gracias a una tira resistente de 1 m de longitud. En las ranuras de la banda es posible insertar los contenedores para objetos de diferentes tama\u00f1os.<\/p>\n<p>Adem\u00e1s, algunas combinaciones se completan con portarrollos para el ba\u00f1o y perchero doble. Esto hace que TAPE sea extremadamente vers\u00e1til y funcional.<\/p>\n<p>\u00bfQu\u00e9 puedes poner dentro de las cestas de contenedores?<\/p>\n<p>Si se monta en el ba\u00f1o, TAPE puede contener toallas, productos para el cuerpo, papel higi\u00e9nico, secador de pelo, ba\u00f1o de burbujas.<\/p>\n<p>Si, por el contrario, desea instalar TAPE en la pared de la cocina, puede insertar especias, cubiertos, accesorios de COCINA.<\/p>\n<p>Adem\u00e1s, las cestas para contenedores est\u00e1n fabricadas con un material f\u00e1cil de lavar y resistente al agua.<\/p>\n<p>En algunas combinaciones, se han agregado a la banda un gancho para ropa doble y un portarrollos de papel higi\u00e9nico.<\/p>\n<p>Las combinaciones est\u00e1ndar para elegir son:<\/p>\n<p>1 mt banda de pared, doble gancho para ropa, 1 cesto contenedor con un bolsillo (cesto peque\u00f1o), 1 cesto contenedor con dos bolsillos (cesto peque\u00f1o doble)<\/p>\n<p>1 mt. Banda de pared, 2 cestas contenedor con dos bolsillos (cesto peque\u00f1o doble)<\/p>\n<p>1 mt. Banda de pared, 1 cesto contenedor con dos bolsillos (cesto peque\u00f1o doble) y un cesto contenedor grande (cesto grande)<\/p>\n<p>Disponible en dos colores: negro y gris hielo melange.<\/p>\n<p>Adem\u00e1s, la banda est\u00e1 preparada con un peque\u00f1o gancho \/ bucle al que se puede fijar la banda de entrenamiento.<\/p>","protected":false},"excerpt":{"rendered":"<p>El portaobjetos TAPE es un accesorio de dise\u00f1o verdaderamente indispensable, especialmente para quienes buscan un objeto hermoso y funcional que ocupe poco espacio. El montaje en pared lo hace indispensable en todas las \u00e1reas de la casa donde hay poco espacio. En unos sencillos pasos, TAPE se puede instalar en la pared gracias a una &hellip; <\/p>\n<p class=\"link-more\"><a href=\"https:\/\/creaibiza.com\/en\/product\/estante-vertical\/\" class=\"more-link\">Read More <span class=\"screen-reader-text\"> \u00abPORTA OBJETOS\u00bb<\/span><\/a><\/p>","protected":false},"featured_media":20834,"template":"","meta":{"_acf_changed":false},"product_brand":[1318],"product_cat":[1215],"product_tag":[1366],"class_list":{"0":"post-20831","1":"product","2":"type-product","3":"status-publish","4":"has-post-thumbnail","6":"product_brand-ever-life-design","7":"product_cat-accesorios","8":"product_tag-accesorios","10":"first","11":"instock","12":"taxable","13":"shipping-taxable","14":"purchasable","15":"product-type-variable"},"acf":[],"yoast_head":"<!-- This site is optimized with the Yoast SEO plugin v27.2 - https:\/\/yoast.com\/product\/yoast-seo-wordpress\/ -->\n<title>PORTA OBJETOS - Crea Ibiza<\/title>\n<meta name=\"description\" content=\"Crea Ibiza - PORTA OBJETOS -\" \/>\n<meta name=\"robots\" content=\"index, follow, max-snippet:-1, max-image-preview:large, max-video-preview:-1\" \/>\n<link rel=\"canonical\" href=\"https:\/\/creaibiza.com\/en\/product\/estante-vertical\/\" \/>\n<meta property=\"og:locale\" content=\"en_GB\" \/>\n<meta property=\"og:type\" content=\"article\" \/>\n<meta property=\"og:title\" content=\"PORTA OBJETOS - Crea Ibiza\" \/>\n<meta property=\"og:description\" content=\"Crea Ibiza - PORTA OBJETOS -\" \/>\n<meta property=\"og:url\" content=\"https:\/\/creaibiza.com\/en\/product\/estante-vertical\/\" \/>\n<meta property=\"og:site_name\" content=\"Crea Ibiza\" \/>\n<meta property=\"article:publisher\" content=\"https:\/\/www.facebook.com\/creaibiza\" \/>\n<meta property=\"article:modified_time\" content=\"2022-11-08T10:09:16+00:00\" \/>\n<meta property=\"og:image\" content=\"https:\/\/creaibiza.com\/wp-content\/uploads\/2021\/11\/contenitore-porta-oggetti-tape-storage-2.jpg\" \/>\n\t<meta property=\"og:image:width\" content=\"1000\" \/>\n\t<meta property=\"og:image:height\" content=\"1000\" \/>\n\t<meta property=\"og:image:type\" content=\"image\/jpeg\" \/>\n<meta name=\"twitter:card\" content=\"summary_large_image\" \/>\n<meta name=\"twitter:label1\" content=\"Estimated reading time\" \/>\n\t<meta name=\"twitter:data1\" content=\"1 minute\" \/>\n<script type=\"application\/ld+json\" class=\"yoast-schema-graph\">{\"@context\":\"https:\/\/schema.org\",\"@graph\":[{\"@type\":\"WebPage\",\"@id\":\"https:\/\/creaibiza.com\/producto\/estante-vertical\/\",\"url\":\"https:\/\/creaibiza.com\/producto\/estante-vertical\/\",\"name\":\"PORTA OBJETOS - Crea Ibiza\",\"isPartOf\":{\"@id\":\"https:\/\/creaibiza.com\/#website\"},\"primaryImageOfPage\":{\"@id\":\"https:\/\/creaibiza.com\/producto\/estante-vertical\/#primaryimage\"},\"image\":{\"@id\":\"https:\/\/creaibiza.com\/producto\/estante-vertical\/#primaryimage\"},\"thumbnailUrl\":\"https:\/\/creaibiza.com\/wp-content\/uploads\/2021\/11\/contenitore-porta-oggetti-tape-storage-2.jpg\",\"datePublished\":\"2021-11-15T11:25:22+00:00\",\"dateModified\":\"2022-11-08T10:09:16+00:00\",\"description\":\"Crea Ibiza - PORTA OBJETOS -\",\"breadcrumb\":{\"@id\":\"https:\/\/creaibiza.com\/producto\/estante-vertical\/#breadcrumb\"},\"inLanguage\":\"en-GB\",\"potentialAction\":[{\"@type\":\"ReadAction\",\"target\":[\"https:\/\/creaibiza.com\/producto\/estante-vertical\/\"]}]},{\"@type\":\"ImageObject\",\"inLanguage\":\"en-GB\",\"@id\":\"https:\/\/creaibiza.com\/producto\/estante-vertical\/#primaryimage\",\"url\":\"https:\/\/creaibiza.com\/wp-content\/uploads\/2021\/11\/contenitore-porta-oggetti-tape-storage-2.jpg\",\"contentUrl\":\"https:\/\/creaibiza.com\/wp-content\/uploads\/2021\/11\/contenitore-porta-oggetti-tape-storage-2.jpg\",\"width\":1000,\"height\":1000},{\"@type\":\"BreadcrumbList\",\"@id\":\"https:\/\/creaibiza.com\/producto\/estante-vertical\/#breadcrumb\",\"itemListElement\":[{\"@type\":\"ListItem\",\"position\":1,\"name\":\"Portada\",\"item\":\"https:\/\/creaibiza.com\/\"},{\"@type\":\"ListItem\",\"position\":2,\"name\":\"Tienda\",\"item\":\"https:\/\/creaibiza.com\/en\/tienda\/\"},{\"@type\":\"ListItem\",\"position\":3,\"name\":\"PORTA OBJETOS\"}]},{\"@type\":\"WebSite\",\"@id\":\"https:\/\/creaibiza.com\/#website\",\"url\":\"https:\/\/creaibiza.com\/\",\"name\":\"Crea Ibiza\",\"description\":\"Cer\u00e1mica, sanitarios y revestimientos de dise\u00f1o en Ibiza\",\"publisher\":{\"@id\":\"https:\/\/creaibiza.com\/#organization\"},\"potentialAction\":[{\"@type\":\"SearchAction\",\"target\":{\"@type\":\"EntryPoint\",\"urlTemplate\":\"https:\/\/creaibiza.com\/?s={search_term_string}\"},\"query-input\":{\"@type\":\"PropertyValueSpecification\",\"valueRequired\":true,\"valueName\":\"search_term_string\"}}],\"inLanguage\":\"en-GB\"},{\"@type\":\"Organization\",\"@id\":\"https:\/\/creaibiza.com\/#organization\",\"name\":\"Crea Ibiza\",\"url\":\"https:\/\/creaibiza.com\/\",\"logo\":{\"@type\":\"ImageObject\",\"inLanguage\":\"en-GB\",\"@id\":\"https:\/\/creaibiza.com\/#\/schema\/logo\/image\/\",\"url\":\"https:\/\/creaibiza.com\/wp-content\/uploads\/2024\/02\/cropped-logocrea-web.png\",\"contentUrl\":\"https:\/\/creaibiza.com\/wp-content\/uploads\/2024\/02\/cropped-logocrea-web.png\",\"width\":591,\"height\":210,\"caption\":\"Crea Ibiza\"},\"image\":{\"@id\":\"https:\/\/creaibiza.com\/#\/schema\/logo\/image\/\"},\"sameAs\":[\"https:\/\/www.facebook.com\/creaibiza\",\"https:\/\/www.instagram.com\/creaibiza\"]}]}<\/script>\n<!-- \/ Yoast SEO plugin. -->","yoast_head_json":{"title":"PORTA OBJETOS - Crea Ibiza","description":"Crea Ibiza - PORTA OBJETOS -","robots":{"index":"index","follow":"follow","max-snippet":"max-snippet:-1","max-image-preview":"max-image-preview:large","max-video-preview":"max-video-preview:-1"},"canonical":"https:\/\/creaibiza.com\/en\/product\/estante-vertical\/","og_locale":"en_GB","og_type":"article","og_title":"PORTA OBJETOS - Crea Ibiza","og_description":"Crea Ibiza - PORTA OBJETOS -","og_url":"https:\/\/creaibiza.com\/en\/product\/estante-vertical\/","og_site_name":"Crea Ibiza","article_publisher":"https:\/\/www.facebook.com\/creaibiza","article_modified_time":"2022-11-08T10:09:16+00:00","og_image":[{"width":1000,"height":1000,"url":"https:\/\/creaibiza.com\/wp-content\/uploads\/2021\/11\/contenitore-porta-oggetti-tape-storage-2.jpg","type":"image\/jpeg"}],"twitter_card":"summary_large_image","twitter_misc":{"Estimated reading time":"1 minute"},"schema":{"@context":"https:\/\/schema.org","@graph":[{"@type":"WebPage","@id":"https:\/\/creaibiza.com\/producto\/estante-vertical\/","url":"https:\/\/creaibiza.com\/producto\/estante-vertical\/","name":"PORTA OBJETOS - Crea Ibiza","isPartOf":{"@id":"https:\/\/creaibiza.com\/#website"},"primaryImageOfPage":{"@id":"https:\/\/creaibiza.com\/producto\/estante-vertical\/#primaryimage"},"image":{"@id":"https:\/\/creaibiza.com\/producto\/estante-vertical\/#primaryimage"},"thumbnailUrl":"https:\/\/creaibiza.com\/wp-content\/uploads\/2021\/11\/contenitore-porta-oggetti-tape-storage-2.jpg","datePublished":"2021-11-15T11:25:22+00:00","dateModified":"2022-11-08T10:09:16+00:00","description":"Crea Ibiza - PORTA OBJETOS -","breadcrumb":{"@id":"https:\/\/creaibiza.com\/producto\/estante-vertical\/#breadcrumb"},"inLanguage":"en-GB","potentialAction":[{"@type":"ReadAction","target":["https:\/\/creaibiza.com\/producto\/estante-vertical\/"]}]},{"@type":"ImageObject","inLanguage":"en-GB","@id":"https:\/\/creaibiza.com\/producto\/estante-vertical\/#primaryimage","url":"https:\/\/creaibiza.com\/wp-content\/uploads\/2021\/11\/contenitore-porta-oggetti-tape-storage-2.jpg","contentUrl":"https:\/\/creaibiza.com\/wp-content\/uploads\/2021\/11\/contenitore-porta-oggetti-tape-storage-2.jpg","width":1000,"height":1000},{"@type":"BreadcrumbList","@id":"https:\/\/creaibiza.com\/producto\/estante-vertical\/#breadcrumb","itemListElement":[{"@type":"ListItem","position":1,"name":"Portada","item":"https:\/\/creaibiza.com\/"},{"@type":"ListItem","position":2,"name":"Tienda","item":"https:\/\/creaibiza.com\/en\/tienda\/"},{"@type":"ListItem","position":3,"name":"PORTA OBJETOS"}]},{"@type":"WebSite","@id":"https:\/\/creaibiza.com\/#website","url":"https:\/\/creaibiza.com\/","name":"Create Ibiza","description":"Cer\u00e1mica, sanitarios y revestimientos de dise\u00f1o en Ibiza","publisher":{"@id":"https:\/\/creaibiza.com\/#organization"},"potentialAction":[{"@type":"SearchAction","target":{"@type":"EntryPoint","urlTemplate":"https:\/\/creaibiza.com\/?s={search_term_string}"},"query-input":{"@type":"PropertyValueSpecification","valueRequired":true,"valueName":"search_term_string"}}],"inLanguage":"en-GB"},{"@type":"Organization","@id":"https:\/\/creaibiza.com\/#organization","name":"Create Ibiza","url":"https:\/\/creaibiza.com\/","logo":{"@type":"ImageObject","inLanguage":"en-GB","@id":"https:\/\/creaibiza.com\/#\/schema\/logo\/image\/","url":"https:\/\/creaibiza.com\/wp-content\/uploads\/2024\/02\/cropped-logocrea-web.png","contentUrl":"https:\/\/creaibiza.com\/wp-content\/uploads\/2024\/02\/cropped-logocrea-web.png","width":591,"height":210,"caption":"Crea Ibiza"},"image":{"@id":"https:\/\/creaibiza.com\/#\/schema\/logo\/image\/"},"sameAs":["https:\/\/www.facebook.com\/creaibiza","https:\/\/www.instagram.com\/creaibiza"]}]}},"_links":{"self":[{"href":"https:\/\/creaibiza.com\/en\/wp-json\/wp\/v2\/product\/20831","targetHints":{"allow":["GET"]}}],"collection":[{"href":"https:\/\/creaibiza.com\/en\/wp-json\/wp\/v2\/product"}],"about":[{"href":"https:\/\/creaibiza.com\/en\/wp-json\/wp\/v2\/types\/product"}],"version-history":[{"count":6,"href":"https:\/\/creaibiza.com\/en\/wp-json\/wp\/v2\/product\/20831\/revisions"}],"predecessor-version":[{"id":24450,"href":"https:\/\/creaibiza.com\/en\/wp-json\/wp\/v2\/product\/20831\/revisions\/24450"}],"wp:featuredmedia":[{"embeddable":true,"href":"https:\/\/creaibiza.com\/en\/wp-json\/wp\/v2\/media\/20834"}],"wp:attachment":[{"href":"https:\/\/creaibiza.com\/en\/wp-json\/wp\/v2\/media?parent=20831"}],"wp:term":[{"taxonomy":"product_brand","embeddable":true,"href":"https:\/\/creaibiza.com\/en\/wp-json\/wp\/v2\/product_brand?post=20831"},{"taxonomy":"product_cat","embeddable":true,"href":"https:\/\/creaibiza.com\/en\/wp-json\/wp\/v2\/product_cat?post=20831"},{"taxonomy":"product_tag","embeddable":true,"href":"https:\/\/creaibiza.com\/en\/wp-json\/wp\/v2\/product_tag?post=20831"}],"curies":[{"name":"wp","href":"https:\/\/api.w.org\/{rel}","templated":true}]}}