{"id":20800,"date":"2021-11-15T09:59:19","date_gmt":"2021-11-15T09:59:19","guid":{"rendered":"http:\/\/creaibiza.com?post_type=product&#038;p=20800"},"modified":"2022-11-08T10:01:25","modified_gmt":"2022-11-08T10:01:25","slug":"barra-fe","status":"publish","type":"product","link":"https:\/\/creaibiza.com\/en\/product\/barra-fe\/","title":{"rendered":"BARRA FE"},"content":{"rendered":"<p>El toallero de pared de la colecci\u00f3n FE mide 35\/45\/60\/80cm y utiliza madera para mantener un aspecto sobrio y lineal: con forma y en fresno natural macizo Fese adapta y encaja armoniosamente en cualquier ambiente. Un accesorio ideal para el ba\u00f1o: disponible en diferentes tama\u00f1os, tambi\u00e9n se puede montar en vertical. Se siente agradable al tacto y f\u00e1cil de aplicar. El toallero tambi\u00e9n se puede utilizar como un soporte pr\u00e1ctico para facilitar el movimiento y ayudar a las personas a mantener el equilibrio asegurando un buen agarre y un buen apoyo; la capacidad garantizada es de 120 kg. el toallero FE sorprende por su c\u00f3modo agarre y la seguridad del soporte que ofrece. Para evitar da\u00f1os por humedad y agua, se aplica un barniz transparente natural.<\/p>\n<p>Mantenimiento: Limpiar adecuadamente con agua y jab\u00f3n, no utilizar productos agresivos, abrasivos, corrosivos, \u00e1cidos, acetona, diluyentes, etc.<\/p>","protected":false},"excerpt":{"rendered":"<p>El toallero de pared de la colecci\u00f3n FE mide 35\/45\/60\/80cm y utiliza madera para mantener un aspecto sobrio y lineal: con forma y en fresno natural macizo Fese adapta y encaja armoniosamente en cualquier ambiente. Un accesorio ideal para el ba\u00f1o: disponible en diferentes tama\u00f1os, tambi\u00e9n se puede montar en vertical. Se siente agradable al &hellip; <\/p>\n<p class=\"link-more\"><a href=\"https:\/\/creaibiza.com\/en\/product\/barra-fe\/\" class=\"more-link\">Read More <span class=\"screen-reader-text\"> \u00abBARRA FE\u00bb<\/span><\/a><\/p>","protected":false},"featured_media":20802,"template":"","meta":{"_acf_changed":false},"product_brand":[1318],"product_cat":[1215],"product_tag":[1366],"class_list":{"0":"post-20800","1":"product","2":"type-product","3":"status-publish","4":"has-post-thumbnail","6":"product_brand-ever-life-design","7":"product_cat-accesorios","8":"product_tag-accesorios","10":"first","11":"instock","12":"taxable","13":"shipping-taxable","14":"purchasable","15":"product-type-variable"},"acf":[],"yoast_head":"<!-- This site is optimized with the Yoast SEO plugin v27.2 - https:\/\/yoast.com\/product\/yoast-seo-wordpress\/ -->\n<title>BARRA FE - Crea Ibiza<\/title>\n<meta name=\"description\" content=\"Crea Ibiza - BARRA FE -\" \/>\n<meta name=\"robots\" content=\"index, follow, max-snippet:-1, max-image-preview:large, max-video-preview:-1\" \/>\n<link rel=\"canonical\" href=\"https:\/\/creaibiza.com\/en\/product\/barra-fe\/\" \/>\n<meta property=\"og:locale\" content=\"en_GB\" \/>\n<meta property=\"og:type\" content=\"article\" \/>\n<meta property=\"og:title\" content=\"BARRA FE - Crea Ibiza\" \/>\n<meta property=\"og:description\" content=\"Crea Ibiza - BARRA FE -\" \/>\n<meta property=\"og:url\" content=\"https:\/\/creaibiza.com\/en\/product\/barra-fe\/\" \/>\n<meta property=\"og:site_name\" content=\"Crea Ibiza\" \/>\n<meta property=\"article:publisher\" content=\"https:\/\/www.facebook.com\/creaibiza\" \/>\n<meta property=\"article:modified_time\" content=\"2022-11-08T10:01:25+00:00\" \/>\n<meta property=\"og:image\" content=\"https:\/\/creaibiza.com\/wp-content\/uploads\/2021\/11\/porta-asciugamani-in-legno-45-cm-feel.jpg\" \/>\n\t<meta property=\"og:image:width\" content=\"1000\" \/>\n\t<meta property=\"og:image:height\" content=\"1000\" \/>\n\t<meta property=\"og:image:type\" content=\"image\/jpeg\" \/>\n<meta name=\"twitter:card\" content=\"summary_large_image\" \/>\n<meta name=\"twitter:label1\" content=\"Estimated reading time\" \/>\n\t<meta name=\"twitter:data1\" content=\"1 minute\" \/>\n<script type=\"application\/ld+json\" class=\"yoast-schema-graph\">{\"@context\":\"https:\/\/schema.org\",\"@graph\":[{\"@type\":\"WebPage\",\"@id\":\"https:\/\/creaibiza.com\/de\/produkt\/barra-fe\/\",\"url\":\"https:\/\/creaibiza.com\/de\/produkt\/barra-fe\/\",\"name\":\"BARRA FE - Crea Ibiza\",\"isPartOf\":{\"@id\":\"https:\/\/creaibiza.com\/#website\"},\"primaryImageOfPage\":{\"@id\":\"https:\/\/creaibiza.com\/de\/produkt\/barra-fe\/#primaryimage\"},\"image\":{\"@id\":\"https:\/\/creaibiza.com\/de\/produkt\/barra-fe\/#primaryimage\"},\"thumbnailUrl\":\"https:\/\/creaibiza.com\/wp-content\/uploads\/2021\/11\/porta-asciugamani-in-legno-45-cm-feel.jpg\",\"datePublished\":\"2021-11-15T09:59:19+00:00\",\"dateModified\":\"2022-11-08T10:01:25+00:00\",\"description\":\"Crea Ibiza - BARRA FE -\",\"breadcrumb\":{\"@id\":\"https:\/\/creaibiza.com\/de\/produkt\/barra-fe\/#breadcrumb\"},\"inLanguage\":\"en-GB\",\"potentialAction\":[{\"@type\":\"ReadAction\",\"target\":[\"https:\/\/creaibiza.com\/de\/produkt\/barra-fe\/\"]}]},{\"@type\":\"ImageObject\",\"inLanguage\":\"en-GB\",\"@id\":\"https:\/\/creaibiza.com\/de\/produkt\/barra-fe\/#primaryimage\",\"url\":\"https:\/\/creaibiza.com\/wp-content\/uploads\/2021\/11\/porta-asciugamani-in-legno-45-cm-feel.jpg\",\"contentUrl\":\"https:\/\/creaibiza.com\/wp-content\/uploads\/2021\/11\/porta-asciugamani-in-legno-45-cm-feel.jpg\",\"width\":1000,\"height\":1000},{\"@type\":\"BreadcrumbList\",\"@id\":\"https:\/\/creaibiza.com\/de\/produkt\/barra-fe\/#breadcrumb\",\"itemListElement\":[{\"@type\":\"ListItem\",\"position\":1,\"name\":\"Portada\",\"item\":\"https:\/\/creaibiza.com\/\"},{\"@type\":\"ListItem\",\"position\":2,\"name\":\"Tienda\",\"item\":\"https:\/\/creaibiza.com\/en\/tienda\/\"},{\"@type\":\"ListItem\",\"position\":3,\"name\":\"BARRA FE\"}]},{\"@type\":\"WebSite\",\"@id\":\"https:\/\/creaibiza.com\/#website\",\"url\":\"https:\/\/creaibiza.com\/\",\"name\":\"Crea Ibiza\",\"description\":\"Cer\u00e1mica, sanitarios y revestimientos de dise\u00f1o en Ibiza\",\"publisher\":{\"@id\":\"https:\/\/creaibiza.com\/#organization\"},\"potentialAction\":[{\"@type\":\"SearchAction\",\"target\":{\"@type\":\"EntryPoint\",\"urlTemplate\":\"https:\/\/creaibiza.com\/?s={search_term_string}\"},\"query-input\":{\"@type\":\"PropertyValueSpecification\",\"valueRequired\":true,\"valueName\":\"search_term_string\"}}],\"inLanguage\":\"en-GB\"},{\"@type\":\"Organization\",\"@id\":\"https:\/\/creaibiza.com\/#organization\",\"name\":\"Crea Ibiza\",\"url\":\"https:\/\/creaibiza.com\/\",\"logo\":{\"@type\":\"ImageObject\",\"inLanguage\":\"en-GB\",\"@id\":\"https:\/\/creaibiza.com\/#\/schema\/logo\/image\/\",\"url\":\"https:\/\/creaibiza.com\/wp-content\/uploads\/2024\/02\/cropped-logocrea-web.png\",\"contentUrl\":\"https:\/\/creaibiza.com\/wp-content\/uploads\/2024\/02\/cropped-logocrea-web.png\",\"width\":591,\"height\":210,\"caption\":\"Crea Ibiza\"},\"image\":{\"@id\":\"https:\/\/creaibiza.com\/#\/schema\/logo\/image\/\"},\"sameAs\":[\"https:\/\/www.facebook.com\/creaibiza\",\"https:\/\/www.instagram.com\/creaibiza\"]}]}<\/script>\n<!-- \/ Yoast SEO plugin. -->","yoast_head_json":{"title":"BARRA FE - Crea Ibiza","description":"Crea Ibiza - BARRA FE -","robots":{"index":"index","follow":"follow","max-snippet":"max-snippet:-1","max-image-preview":"max-image-preview:large","max-video-preview":"max-video-preview:-1"},"canonical":"https:\/\/creaibiza.com\/en\/product\/barra-fe\/","og_locale":"en_GB","og_type":"article","og_title":"BARRA FE - Crea Ibiza","og_description":"Crea Ibiza - BARRA FE -","og_url":"https:\/\/creaibiza.com\/en\/product\/barra-fe\/","og_site_name":"Crea Ibiza","article_publisher":"https:\/\/www.facebook.com\/creaibiza","article_modified_time":"2022-11-08T10:01:25+00:00","og_image":[{"width":1000,"height":1000,"url":"https:\/\/creaibiza.com\/wp-content\/uploads\/2021\/11\/porta-asciugamani-in-legno-45-cm-feel.jpg","type":"image\/jpeg"}],"twitter_card":"summary_large_image","twitter_misc":{"Estimated reading time":"1 minute"},"schema":{"@context":"https:\/\/schema.org","@graph":[{"@type":"WebPage","@id":"https:\/\/creaibiza.com\/de\/produkt\/barra-fe\/","url":"https:\/\/creaibiza.com\/de\/produkt\/barra-fe\/","name":"BARRA FE - Crea Ibiza","isPartOf":{"@id":"https:\/\/creaibiza.com\/#website"},"primaryImageOfPage":{"@id":"https:\/\/creaibiza.com\/de\/produkt\/barra-fe\/#primaryimage"},"image":{"@id":"https:\/\/creaibiza.com\/de\/produkt\/barra-fe\/#primaryimage"},"thumbnailUrl":"https:\/\/creaibiza.com\/wp-content\/uploads\/2021\/11\/porta-asciugamani-in-legno-45-cm-feel.jpg","datePublished":"2021-11-15T09:59:19+00:00","dateModified":"2022-11-08T10:01:25+00:00","description":"Crea Ibiza - BARRA FE -","breadcrumb":{"@id":"https:\/\/creaibiza.com\/de\/produkt\/barra-fe\/#breadcrumb"},"inLanguage":"en-GB","potentialAction":[{"@type":"ReadAction","target":["https:\/\/creaibiza.com\/de\/produkt\/barra-fe\/"]}]},{"@type":"ImageObject","inLanguage":"en-GB","@id":"https:\/\/creaibiza.com\/de\/produkt\/barra-fe\/#primaryimage","url":"https:\/\/creaibiza.com\/wp-content\/uploads\/2021\/11\/porta-asciugamani-in-legno-45-cm-feel.jpg","contentUrl":"https:\/\/creaibiza.com\/wp-content\/uploads\/2021\/11\/porta-asciugamani-in-legno-45-cm-feel.jpg","width":1000,"height":1000},{"@type":"BreadcrumbList","@id":"https:\/\/creaibiza.com\/de\/produkt\/barra-fe\/#breadcrumb","itemListElement":[{"@type":"ListItem","position":1,"name":"Portada","item":"https:\/\/creaibiza.com\/"},{"@type":"ListItem","position":2,"name":"Tienda","item":"https:\/\/creaibiza.com\/en\/tienda\/"},{"@type":"ListItem","position":3,"name":"BARRA FE"}]},{"@type":"WebSite","@id":"https:\/\/creaibiza.com\/#website","url":"https:\/\/creaibiza.com\/","name":"Create Ibiza","description":"Cer\u00e1mica, sanitarios y revestimientos de dise\u00f1o en Ibiza","publisher":{"@id":"https:\/\/creaibiza.com\/#organization"},"potentialAction":[{"@type":"SearchAction","target":{"@type":"EntryPoint","urlTemplate":"https:\/\/creaibiza.com\/?s={search_term_string}"},"query-input":{"@type":"PropertyValueSpecification","valueRequired":true,"valueName":"search_term_string"}}],"inLanguage":"en-GB"},{"@type":"Organization","@id":"https:\/\/creaibiza.com\/#organization","name":"Create Ibiza","url":"https:\/\/creaibiza.com\/","logo":{"@type":"ImageObject","inLanguage":"en-GB","@id":"https:\/\/creaibiza.com\/#\/schema\/logo\/image\/","url":"https:\/\/creaibiza.com\/wp-content\/uploads\/2024\/02\/cropped-logocrea-web.png","contentUrl":"https:\/\/creaibiza.com\/wp-content\/uploads\/2024\/02\/cropped-logocrea-web.png","width":591,"height":210,"caption":"Crea Ibiza"},"image":{"@id":"https:\/\/creaibiza.com\/#\/schema\/logo\/image\/"},"sameAs":["https:\/\/www.facebook.com\/creaibiza","https:\/\/www.instagram.com\/creaibiza"]}]}},"_links":{"self":[{"href":"https:\/\/creaibiza.com\/en\/wp-json\/wp\/v2\/product\/20800","targetHints":{"allow":["GET"]}}],"collection":[{"href":"https:\/\/creaibiza.com\/en\/wp-json\/wp\/v2\/product"}],"about":[{"href":"https:\/\/creaibiza.com\/en\/wp-json\/wp\/v2\/types\/product"}],"version-history":[{"count":4,"href":"https:\/\/creaibiza.com\/en\/wp-json\/wp\/v2\/product\/20800\/revisions"}],"predecessor-version":[{"id":22970,"href":"https:\/\/creaibiza.com\/en\/wp-json\/wp\/v2\/product\/20800\/revisions\/22970"}],"wp:featuredmedia":[{"embeddable":true,"href":"https:\/\/creaibiza.com\/en\/wp-json\/wp\/v2\/media\/20802"}],"wp:attachment":[{"href":"https:\/\/creaibiza.com\/en\/wp-json\/wp\/v2\/media?parent=20800"}],"wp:term":[{"taxonomy":"product_brand","embeddable":true,"href":"https:\/\/creaibiza.com\/en\/wp-json\/wp\/v2\/product_brand?post=20800"},{"taxonomy":"product_cat","embeddable":true,"href":"https:\/\/creaibiza.com\/en\/wp-json\/wp\/v2\/product_cat?post=20800"},{"taxonomy":"product_tag","embeddable":true,"href":"https:\/\/creaibiza.com\/en\/wp-json\/wp\/v2\/product_tag?post=20800"}],"curies":[{"name":"wp","href":"https:\/\/api.w.org\/{rel}","templated":true}]}}