{"id":20789,"date":"2021-11-15T09:39:47","date_gmt":"2021-11-15T09:39:47","guid":{"rendered":"http:\/\/creaibiza.com?post_type=product&#038;p=20789"},"modified":"2022-11-08T10:16:37","modified_gmt":"2022-11-08T10:16:37","slug":"barra-toallero","status":"publish","type":"product","link":"https:\/\/creaibiza.com\/en\/product\/barra-toallero\/","title":{"rendered":"TOALLERO"},"content":{"rendered":"<p>El toallero de la colecci\u00f3n Gambol, en esta versi\u00f3n, est\u00e1 compuesto por una barra de madera en haya natural. Su peculiaridad tambi\u00e9n se mantiene para esta variante: se anclan dos dispositivos de sujeci\u00f3n al techo y se conectan a la barra mediante dos correas resistentes en tejido t\u00e9cnico para garantizar la suspensi\u00f3n. Las correas se ajustan en altura mediante dos hebillas que permiten ajustar la altura de la composici\u00f3n. Sobre la barra se puede colocar una toalla de ducha (y por tanto grande) o un par de toallas. La barra garantiza su alojamiento: mide unos buenos 60 cm de ancho. Tambi\u00e9n en esta versi\u00f3n, la dise\u00f1adora Monica Graffeo quiso mantener la versatilidad del proyecto que no solo amuebla con estilo el ba\u00f1o sino que puede realizar la funci\u00f3n de apoyo a todos los miembros de la familia, facilitando sus movimientos y evitando accidentes desagradables.<\/p>\n<p>Dimensiones: barra 60 cm.<\/p>","protected":false},"excerpt":{"rendered":"<p>El toallero de la colecci\u00f3n Gambol, en esta versi\u00f3n, est\u00e1 compuesto por una barra de madera en haya natural. Su peculiaridad tambi\u00e9n se mantiene para esta variante: se anclan dos dispositivos de sujeci\u00f3n al techo y se conectan a la barra mediante dos correas resistentes en tejido t\u00e9cnico para garantizar la suspensi\u00f3n. Las correas se &hellip; <\/p>\n<p class=\"link-more\"><a href=\"https:\/\/creaibiza.com\/en\/product\/barra-toallero\/\" class=\"more-link\">Read More <span class=\"screen-reader-text\"> \u00abTOALLERO\u00bb<\/span><\/a><\/p>","protected":false},"featured_media":20792,"template":"","meta":{"_acf_changed":false},"product_brand":[1318],"product_cat":[1215],"product_tag":[1366],"class_list":{"0":"post-20789","1":"product","2":"type-product","3":"status-publish","4":"has-post-thumbnail","6":"product_brand-ever-life-design","7":"product_cat-accesorios","8":"product_tag-accesorios","10":"first","11":"instock","12":"taxable","13":"shipping-taxable","14":"purchasable","15":"product-type-variable"},"acf":[],"yoast_head":"<!-- This site is optimized with the Yoast SEO plugin v27.2 - https:\/\/yoast.com\/product\/yoast-seo-wordpress\/ -->\n<title>TOALLERO - Crea Ibiza<\/title>\n<meta name=\"description\" content=\"Crea Ibiza - TOALLERO -\" \/>\n<meta name=\"robots\" content=\"index, follow, max-snippet:-1, max-image-preview:large, max-video-preview:-1\" \/>\n<link rel=\"canonical\" href=\"https:\/\/creaibiza.com\/en\/product\/barra-toallero\/\" \/>\n<meta property=\"og:locale\" content=\"en_GB\" \/>\n<meta property=\"og:type\" content=\"article\" \/>\n<meta property=\"og:title\" content=\"TOALLERO - Crea Ibiza\" \/>\n<meta property=\"og:description\" content=\"Crea Ibiza - TOALLERO -\" \/>\n<meta property=\"og:url\" content=\"https:\/\/creaibiza.com\/en\/product\/barra-toallero\/\" \/>\n<meta property=\"og:site_name\" content=\"Crea Ibiza\" \/>\n<meta property=\"article:publisher\" content=\"https:\/\/www.facebook.com\/creaibiza\" \/>\n<meta property=\"article:modified_time\" content=\"2022-11-08T10:16:37+00:00\" \/>\n<meta property=\"og:image\" content=\"https:\/\/creaibiza.com\/wp-content\/uploads\/2021\/11\/porta-asciugamani-multifunzionale-gambol.jpg\" \/>\n\t<meta property=\"og:image:width\" content=\"1000\" \/>\n\t<meta property=\"og:image:height\" content=\"1000\" \/>\n\t<meta property=\"og:image:type\" content=\"image\/jpeg\" \/>\n<meta name=\"twitter:card\" content=\"summary_large_image\" \/>\n<meta name=\"twitter:label1\" content=\"Estimated reading time\" \/>\n\t<meta name=\"twitter:data1\" content=\"1 minute\" \/>\n<script type=\"application\/ld+json\" class=\"yoast-schema-graph\">{\"@context\":\"https:\/\/schema.org\",\"@graph\":[{\"@type\":\"WebPage\",\"@id\":\"https:\/\/creaibiza.com\/producto\/barra-toallero\/\",\"url\":\"https:\/\/creaibiza.com\/producto\/barra-toallero\/\",\"name\":\"TOALLERO - Crea Ibiza\",\"isPartOf\":{\"@id\":\"https:\/\/creaibiza.com\/#website\"},\"primaryImageOfPage\":{\"@id\":\"https:\/\/creaibiza.com\/producto\/barra-toallero\/#primaryimage\"},\"image\":{\"@id\":\"https:\/\/creaibiza.com\/producto\/barra-toallero\/#primaryimage\"},\"thumbnailUrl\":\"https:\/\/creaibiza.com\/wp-content\/uploads\/2021\/11\/porta-asciugamani-multifunzionale-gambol.jpg\",\"datePublished\":\"2021-11-15T09:39:47+00:00\",\"dateModified\":\"2022-11-08T10:16:37+00:00\",\"description\":\"Crea Ibiza - TOALLERO -\",\"breadcrumb\":{\"@id\":\"https:\/\/creaibiza.com\/producto\/barra-toallero\/#breadcrumb\"},\"inLanguage\":\"en-GB\",\"potentialAction\":[{\"@type\":\"ReadAction\",\"target\":[\"https:\/\/creaibiza.com\/producto\/barra-toallero\/\"]}]},{\"@type\":\"ImageObject\",\"inLanguage\":\"en-GB\",\"@id\":\"https:\/\/creaibiza.com\/producto\/barra-toallero\/#primaryimage\",\"url\":\"https:\/\/creaibiza.com\/wp-content\/uploads\/2021\/11\/porta-asciugamani-multifunzionale-gambol.jpg\",\"contentUrl\":\"https:\/\/creaibiza.com\/wp-content\/uploads\/2021\/11\/porta-asciugamani-multifunzionale-gambol.jpg\",\"width\":1000,\"height\":1000},{\"@type\":\"BreadcrumbList\",\"@id\":\"https:\/\/creaibiza.com\/producto\/barra-toallero\/#breadcrumb\",\"itemListElement\":[{\"@type\":\"ListItem\",\"position\":1,\"name\":\"Portada\",\"item\":\"https:\/\/creaibiza.com\/\"},{\"@type\":\"ListItem\",\"position\":2,\"name\":\"Tienda\",\"item\":\"https:\/\/creaibiza.com\/en\/tienda\/\"},{\"@type\":\"ListItem\",\"position\":3,\"name\":\"TOALLERO\"}]},{\"@type\":\"WebSite\",\"@id\":\"https:\/\/creaibiza.com\/#website\",\"url\":\"https:\/\/creaibiza.com\/\",\"name\":\"Crea Ibiza\",\"description\":\"Cer\u00e1mica, sanitarios y revestimientos de dise\u00f1o en Ibiza\",\"publisher\":{\"@id\":\"https:\/\/creaibiza.com\/#organization\"},\"potentialAction\":[{\"@type\":\"SearchAction\",\"target\":{\"@type\":\"EntryPoint\",\"urlTemplate\":\"https:\/\/creaibiza.com\/?s={search_term_string}\"},\"query-input\":{\"@type\":\"PropertyValueSpecification\",\"valueRequired\":true,\"valueName\":\"search_term_string\"}}],\"inLanguage\":\"en-GB\"},{\"@type\":\"Organization\",\"@id\":\"https:\/\/creaibiza.com\/#organization\",\"name\":\"Crea Ibiza\",\"url\":\"https:\/\/creaibiza.com\/\",\"logo\":{\"@type\":\"ImageObject\",\"inLanguage\":\"en-GB\",\"@id\":\"https:\/\/creaibiza.com\/#\/schema\/logo\/image\/\",\"url\":\"https:\/\/creaibiza.com\/wp-content\/uploads\/2024\/02\/cropped-logocrea-web.png\",\"contentUrl\":\"https:\/\/creaibiza.com\/wp-content\/uploads\/2024\/02\/cropped-logocrea-web.png\",\"width\":591,\"height\":210,\"caption\":\"Crea Ibiza\"},\"image\":{\"@id\":\"https:\/\/creaibiza.com\/#\/schema\/logo\/image\/\"},\"sameAs\":[\"https:\/\/www.facebook.com\/creaibiza\",\"https:\/\/www.instagram.com\/creaibiza\"]}]}<\/script>\n<!-- \/ Yoast SEO plugin. -->","yoast_head_json":{"title":"TOALLERO - Crea Ibiza","description":"Crea Ibiza - TOALLERO -","robots":{"index":"index","follow":"follow","max-snippet":"max-snippet:-1","max-image-preview":"max-image-preview:large","max-video-preview":"max-video-preview:-1"},"canonical":"https:\/\/creaibiza.com\/en\/product\/barra-toallero\/","og_locale":"en_GB","og_type":"article","og_title":"TOALLERO - Crea Ibiza","og_description":"Crea Ibiza - TOALLERO -","og_url":"https:\/\/creaibiza.com\/en\/product\/barra-toallero\/","og_site_name":"Crea Ibiza","article_publisher":"https:\/\/www.facebook.com\/creaibiza","article_modified_time":"2022-11-08T10:16:37+00:00","og_image":[{"width":1000,"height":1000,"url":"https:\/\/creaibiza.com\/wp-content\/uploads\/2021\/11\/porta-asciugamani-multifunzionale-gambol.jpg","type":"image\/jpeg"}],"twitter_card":"summary_large_image","twitter_misc":{"Estimated reading time":"1 minute"},"schema":{"@context":"https:\/\/schema.org","@graph":[{"@type":"WebPage","@id":"https:\/\/creaibiza.com\/producto\/barra-toallero\/","url":"https:\/\/creaibiza.com\/producto\/barra-toallero\/","name":"TOALLERO - Crea Ibiza","isPartOf":{"@id":"https:\/\/creaibiza.com\/#website"},"primaryImageOfPage":{"@id":"https:\/\/creaibiza.com\/producto\/barra-toallero\/#primaryimage"},"image":{"@id":"https:\/\/creaibiza.com\/producto\/barra-toallero\/#primaryimage"},"thumbnailUrl":"https:\/\/creaibiza.com\/wp-content\/uploads\/2021\/11\/porta-asciugamani-multifunzionale-gambol.jpg","datePublished":"2021-11-15T09:39:47+00:00","dateModified":"2022-11-08T10:16:37+00:00","description":"Crea Ibiza - TOALLERO -","breadcrumb":{"@id":"https:\/\/creaibiza.com\/producto\/barra-toallero\/#breadcrumb"},"inLanguage":"en-GB","potentialAction":[{"@type":"ReadAction","target":["https:\/\/creaibiza.com\/producto\/barra-toallero\/"]}]},{"@type":"ImageObject","inLanguage":"en-GB","@id":"https:\/\/creaibiza.com\/producto\/barra-toallero\/#primaryimage","url":"https:\/\/creaibiza.com\/wp-content\/uploads\/2021\/11\/porta-asciugamani-multifunzionale-gambol.jpg","contentUrl":"https:\/\/creaibiza.com\/wp-content\/uploads\/2021\/11\/porta-asciugamani-multifunzionale-gambol.jpg","width":1000,"height":1000},{"@type":"BreadcrumbList","@id":"https:\/\/creaibiza.com\/producto\/barra-toallero\/#breadcrumb","itemListElement":[{"@type":"ListItem","position":1,"name":"Portada","item":"https:\/\/creaibiza.com\/"},{"@type":"ListItem","position":2,"name":"Tienda","item":"https:\/\/creaibiza.com\/en\/tienda\/"},{"@type":"ListItem","position":3,"name":"TOALLERO"}]},{"@type":"WebSite","@id":"https:\/\/creaibiza.com\/#website","url":"https:\/\/creaibiza.com\/","name":"Create Ibiza","description":"Cer\u00e1mica, sanitarios y revestimientos de dise\u00f1o en Ibiza","publisher":{"@id":"https:\/\/creaibiza.com\/#organization"},"potentialAction":[{"@type":"SearchAction","target":{"@type":"EntryPoint","urlTemplate":"https:\/\/creaibiza.com\/?s={search_term_string}"},"query-input":{"@type":"PropertyValueSpecification","valueRequired":true,"valueName":"search_term_string"}}],"inLanguage":"en-GB"},{"@type":"Organization","@id":"https:\/\/creaibiza.com\/#organization","name":"Create Ibiza","url":"https:\/\/creaibiza.com\/","logo":{"@type":"ImageObject","inLanguage":"en-GB","@id":"https:\/\/creaibiza.com\/#\/schema\/logo\/image\/","url":"https:\/\/creaibiza.com\/wp-content\/uploads\/2024\/02\/cropped-logocrea-web.png","contentUrl":"https:\/\/creaibiza.com\/wp-content\/uploads\/2024\/02\/cropped-logocrea-web.png","width":591,"height":210,"caption":"Crea Ibiza"},"image":{"@id":"https:\/\/creaibiza.com\/#\/schema\/logo\/image\/"},"sameAs":["https:\/\/www.facebook.com\/creaibiza","https:\/\/www.instagram.com\/creaibiza"]}]}},"_links":{"self":[{"href":"https:\/\/creaibiza.com\/en\/wp-json\/wp\/v2\/product\/20789","targetHints":{"allow":["GET"]}}],"collection":[{"href":"https:\/\/creaibiza.com\/en\/wp-json\/wp\/v2\/product"}],"about":[{"href":"https:\/\/creaibiza.com\/en\/wp-json\/wp\/v2\/types\/product"}],"version-history":[{"count":4,"href":"https:\/\/creaibiza.com\/en\/wp-json\/wp\/v2\/product\/20789\/revisions"}],"predecessor-version":[{"id":22995,"href":"https:\/\/creaibiza.com\/en\/wp-json\/wp\/v2\/product\/20789\/revisions\/22995"}],"wp:featuredmedia":[{"embeddable":true,"href":"https:\/\/creaibiza.com\/en\/wp-json\/wp\/v2\/media\/20792"}],"wp:attachment":[{"href":"https:\/\/creaibiza.com\/en\/wp-json\/wp\/v2\/media?parent=20789"}],"wp:term":[{"taxonomy":"product_brand","embeddable":true,"href":"https:\/\/creaibiza.com\/en\/wp-json\/wp\/v2\/product_brand?post=20789"},{"taxonomy":"product_cat","embeddable":true,"href":"https:\/\/creaibiza.com\/en\/wp-json\/wp\/v2\/product_cat?post=20789"},{"taxonomy":"product_tag","embeddable":true,"href":"https:\/\/creaibiza.com\/en\/wp-json\/wp\/v2\/product_tag?post=20789"}],"curies":[{"name":"wp","href":"https:\/\/api.w.org\/{rel}","templated":true}]}}