{"id":20512,"date":"2021-11-12T17:18:00","date_gmt":"2021-11-12T17:18:00","guid":{"rendered":"http:\/\/creaibiza.com?post_type=product&#038;p=20512"},"modified":"2024-01-12T02:39:14","modified_gmt":"2024-01-12T01:39:14","slug":"canyon","status":"publish","type":"product","link":"https:\/\/creaibiza.com\/en\/product\/canyon\/","title":{"rendered":"LANCANY"},"content":{"rendered":"<p>La colecci\u00f3n Canyon busca sorprender con un nuevo enfoque para el dise\u00f1o de porcel\u00e1nico. Esta colecci\u00f3n no trata de combinar diferentes materiales dentro de un mismo dise\u00f1o, si no que busca la fusi\u00f3n de materiales para crear un elemento completamente nuevo, inalcanzable naturalmente.<br \/>\nEl contraste resaltado de colores dentro de cada referencia junto con las venas salvajes crea un interior dram\u00e1tico que se aleja de ser aburrido y com\u00fan.<\/p>","protected":false},"excerpt":{"rendered":"<p>The price is per box<\/p>","protected":false},"featured_media":20513,"template":"","meta":{"_acf_changed":false},"product_brand":[1195],"product_cat":[113,999],"product_tag":[1353],"class_list":{"0":"post-20512","1":"product","2":"type-product","3":"status-publish","4":"has-post-thumbnail","6":"product_brand-land","7":"product_cat-revestimiento","8":"product_cat-cementos","9":"product_tag-revestimiento","11":"first","12":"instock","13":"taxable","14":"shipping-taxable","15":"purchasable","16":"product-type-variable"},"acf":[],"yoast_head":"<!-- This site is optimized with the Yoast SEO plugin v27.2 - https:\/\/yoast.com\/product\/yoast-seo-wordpress\/ -->\n<title>LANCANY - Crea Ibiza<\/title>\n<meta name=\"description\" content=\"Crea Ibiza - LANCANY -\" \/>\n<meta name=\"robots\" content=\"index, follow, max-snippet:-1, max-image-preview:large, max-video-preview:-1\" \/>\n<link rel=\"canonical\" href=\"https:\/\/creaibiza.com\/en\/product\/canyon\/\" \/>\n<meta property=\"og:locale\" content=\"en_GB\" \/>\n<meta property=\"og:type\" content=\"article\" \/>\n<meta property=\"og:title\" content=\"LANCANY - Crea Ibiza\" \/>\n<meta property=\"og:description\" content=\"Crea Ibiza - LANCANY -\" \/>\n<meta property=\"og:url\" content=\"https:\/\/creaibiza.com\/en\/product\/canyon\/\" \/>\n<meta property=\"og:site_name\" content=\"Crea Ibiza\" \/>\n<meta property=\"article:publisher\" content=\"https:\/\/www.facebook.com\/creaibiza\" \/>\n<meta property=\"article:modified_time\" content=\"2024-01-12T01:39:14+00:00\" \/>\n<meta property=\"og:image\" content=\"https:\/\/creaibiza.com\/wp-content\/uploads\/2021\/11\/amb-CANYON-LAND-Brown-50x100-Mosaico-5x5-1.png\" \/>\n\t<meta property=\"og:image:width\" content=\"1000\" \/>\n\t<meta property=\"og:image:height\" content=\"1000\" \/>\n\t<meta property=\"og:image:type\" content=\"image\/png\" \/>\n<meta name=\"twitter:card\" content=\"summary_large_image\" \/>\n<meta name=\"twitter:label1\" content=\"Estimated reading time\" \/>\n\t<meta name=\"twitter:data1\" content=\"1 minute\" \/>\n<script type=\"application\/ld+json\" class=\"yoast-schema-graph\">{\"@context\":\"https:\/\/schema.org\",\"@graph\":[{\"@type\":\"WebPage\",\"@id\":\"https:\/\/creaibiza.com\/producto\/canyon\/\",\"url\":\"https:\/\/creaibiza.com\/producto\/canyon\/\",\"name\":\"LANCANY - Crea Ibiza\",\"isPartOf\":{\"@id\":\"https:\/\/creaibiza.com\/#website\"},\"primaryImageOfPage\":{\"@id\":\"https:\/\/creaibiza.com\/producto\/canyon\/#primaryimage\"},\"image\":{\"@id\":\"https:\/\/creaibiza.com\/producto\/canyon\/#primaryimage\"},\"thumbnailUrl\":\"https:\/\/creaibiza.com\/wp-content\/uploads\/2021\/11\/amb-CANYON-LAND-Brown-50x100-Mosaico-5x5-1.png\",\"datePublished\":\"2021-11-12T17:18:00+00:00\",\"dateModified\":\"2024-01-12T01:39:14+00:00\",\"description\":\"Crea Ibiza - LANCANY -\",\"breadcrumb\":{\"@id\":\"https:\/\/creaibiza.com\/producto\/canyon\/#breadcrumb\"},\"inLanguage\":\"en-GB\",\"potentialAction\":[{\"@type\":\"ReadAction\",\"target\":[\"https:\/\/creaibiza.com\/producto\/canyon\/\"]}]},{\"@type\":\"ImageObject\",\"inLanguage\":\"en-GB\",\"@id\":\"https:\/\/creaibiza.com\/producto\/canyon\/#primaryimage\",\"url\":\"https:\/\/creaibiza.com\/wp-content\/uploads\/2021\/11\/amb-CANYON-LAND-Brown-50x100-Mosaico-5x5-1.png\",\"contentUrl\":\"https:\/\/creaibiza.com\/wp-content\/uploads\/2021\/11\/amb-CANYON-LAND-Brown-50x100-Mosaico-5x5-1.png\",\"width\":1000,\"height\":1000},{\"@type\":\"BreadcrumbList\",\"@id\":\"https:\/\/creaibiza.com\/producto\/canyon\/#breadcrumb\",\"itemListElement\":[{\"@type\":\"ListItem\",\"position\":1,\"name\":\"Portada\",\"item\":\"https:\/\/creaibiza.com\/\"},{\"@type\":\"ListItem\",\"position\":2,\"name\":\"Tienda\",\"item\":\"https:\/\/creaibiza.com\/en\/tienda\/\"},{\"@type\":\"ListItem\",\"position\":3,\"name\":\"LANCANY\"}]},{\"@type\":\"WebSite\",\"@id\":\"https:\/\/creaibiza.com\/#website\",\"url\":\"https:\/\/creaibiza.com\/\",\"name\":\"Crea Ibiza\",\"description\":\"Cer\u00e1mica, sanitarios y revestimientos de dise\u00f1o en Ibiza\",\"publisher\":{\"@id\":\"https:\/\/creaibiza.com\/#organization\"},\"potentialAction\":[{\"@type\":\"SearchAction\",\"target\":{\"@type\":\"EntryPoint\",\"urlTemplate\":\"https:\/\/creaibiza.com\/?s={search_term_string}\"},\"query-input\":{\"@type\":\"PropertyValueSpecification\",\"valueRequired\":true,\"valueName\":\"search_term_string\"}}],\"inLanguage\":\"en-GB\"},{\"@type\":\"Organization\",\"@id\":\"https:\/\/creaibiza.com\/#organization\",\"name\":\"Crea Ibiza\",\"url\":\"https:\/\/creaibiza.com\/\",\"logo\":{\"@type\":\"ImageObject\",\"inLanguage\":\"en-GB\",\"@id\":\"https:\/\/creaibiza.com\/#\/schema\/logo\/image\/\",\"url\":\"https:\/\/creaibiza.com\/wp-content\/uploads\/2024\/02\/cropped-logocrea-web.png\",\"contentUrl\":\"https:\/\/creaibiza.com\/wp-content\/uploads\/2024\/02\/cropped-logocrea-web.png\",\"width\":591,\"height\":210,\"caption\":\"Crea Ibiza\"},\"image\":{\"@id\":\"https:\/\/creaibiza.com\/#\/schema\/logo\/image\/\"},\"sameAs\":[\"https:\/\/www.facebook.com\/creaibiza\",\"https:\/\/www.instagram.com\/creaibiza\"]}]}<\/script>\n<!-- \/ Yoast SEO plugin. -->","yoast_head_json":{"title":"LANCANY - Crea Ibiza","description":"Crea Ibiza - LANCANY -","robots":{"index":"index","follow":"follow","max-snippet":"max-snippet:-1","max-image-preview":"max-image-preview:large","max-video-preview":"max-video-preview:-1"},"canonical":"https:\/\/creaibiza.com\/en\/product\/canyon\/","og_locale":"en_GB","og_type":"article","og_title":"LANCANY - Crea Ibiza","og_description":"Crea Ibiza - LANCANY -","og_url":"https:\/\/creaibiza.com\/en\/product\/canyon\/","og_site_name":"Crea Ibiza","article_publisher":"https:\/\/www.facebook.com\/creaibiza","article_modified_time":"2024-01-12T01:39:14+00:00","og_image":[{"width":1000,"height":1000,"url":"https:\/\/creaibiza.com\/wp-content\/uploads\/2021\/11\/amb-CANYON-LAND-Brown-50x100-Mosaico-5x5-1.png","type":"image\/png"}],"twitter_card":"summary_large_image","twitter_misc":{"Estimated reading time":"1 minute"},"schema":{"@context":"https:\/\/schema.org","@graph":[{"@type":"WebPage","@id":"https:\/\/creaibiza.com\/producto\/canyon\/","url":"https:\/\/creaibiza.com\/producto\/canyon\/","name":"LANCANY - Crea Ibiza","isPartOf":{"@id":"https:\/\/creaibiza.com\/#website"},"primaryImageOfPage":{"@id":"https:\/\/creaibiza.com\/producto\/canyon\/#primaryimage"},"image":{"@id":"https:\/\/creaibiza.com\/producto\/canyon\/#primaryimage"},"thumbnailUrl":"https:\/\/creaibiza.com\/wp-content\/uploads\/2021\/11\/amb-CANYON-LAND-Brown-50x100-Mosaico-5x5-1.png","datePublished":"2021-11-12T17:18:00+00:00","dateModified":"2024-01-12T01:39:14+00:00","description":"Crea Ibiza - LANCANY -","breadcrumb":{"@id":"https:\/\/creaibiza.com\/producto\/canyon\/#breadcrumb"},"inLanguage":"en-GB","potentialAction":[{"@type":"ReadAction","target":["https:\/\/creaibiza.com\/producto\/canyon\/"]}]},{"@type":"ImageObject","inLanguage":"en-GB","@id":"https:\/\/creaibiza.com\/producto\/canyon\/#primaryimage","url":"https:\/\/creaibiza.com\/wp-content\/uploads\/2021\/11\/amb-CANYON-LAND-Brown-50x100-Mosaico-5x5-1.png","contentUrl":"https:\/\/creaibiza.com\/wp-content\/uploads\/2021\/11\/amb-CANYON-LAND-Brown-50x100-Mosaico-5x5-1.png","width":1000,"height":1000},{"@type":"BreadcrumbList","@id":"https:\/\/creaibiza.com\/producto\/canyon\/#breadcrumb","itemListElement":[{"@type":"ListItem","position":1,"name":"Portada","item":"https:\/\/creaibiza.com\/"},{"@type":"ListItem","position":2,"name":"Tienda","item":"https:\/\/creaibiza.com\/en\/tienda\/"},{"@type":"ListItem","position":3,"name":"LANCANY"}]},{"@type":"WebSite","@id":"https:\/\/creaibiza.com\/#website","url":"https:\/\/creaibiza.com\/","name":"Create Ibiza","description":"Cer\u00e1mica, sanitarios y revestimientos de dise\u00f1o en Ibiza","publisher":{"@id":"https:\/\/creaibiza.com\/#organization"},"potentialAction":[{"@type":"SearchAction","target":{"@type":"EntryPoint","urlTemplate":"https:\/\/creaibiza.com\/?s={search_term_string}"},"query-input":{"@type":"PropertyValueSpecification","valueRequired":true,"valueName":"search_term_string"}}],"inLanguage":"en-GB"},{"@type":"Organization","@id":"https:\/\/creaibiza.com\/#organization","name":"Create Ibiza","url":"https:\/\/creaibiza.com\/","logo":{"@type":"ImageObject","inLanguage":"en-GB","@id":"https:\/\/creaibiza.com\/#\/schema\/logo\/image\/","url":"https:\/\/creaibiza.com\/wp-content\/uploads\/2024\/02\/cropped-logocrea-web.png","contentUrl":"https:\/\/creaibiza.com\/wp-content\/uploads\/2024\/02\/cropped-logocrea-web.png","width":591,"height":210,"caption":"Crea Ibiza"},"image":{"@id":"https:\/\/creaibiza.com\/#\/schema\/logo\/image\/"},"sameAs":["https:\/\/www.facebook.com\/creaibiza","https:\/\/www.instagram.com\/creaibiza"]}]}},"_links":{"self":[{"href":"https:\/\/creaibiza.com\/en\/wp-json\/wp\/v2\/product\/20512","targetHints":{"allow":["GET"]}}],"collection":[{"href":"https:\/\/creaibiza.com\/en\/wp-json\/wp\/v2\/product"}],"about":[{"href":"https:\/\/creaibiza.com\/en\/wp-json\/wp\/v2\/types\/product"}],"version-history":[{"count":3,"href":"https:\/\/creaibiza.com\/en\/wp-json\/wp\/v2\/product\/20512\/revisions"}],"predecessor-version":[{"id":23147,"href":"https:\/\/creaibiza.com\/en\/wp-json\/wp\/v2\/product\/20512\/revisions\/23147"}],"wp:featuredmedia":[{"embeddable":true,"href":"https:\/\/creaibiza.com\/en\/wp-json\/wp\/v2\/media\/20513"}],"wp:attachment":[{"href":"https:\/\/creaibiza.com\/en\/wp-json\/wp\/v2\/media?parent=20512"}],"wp:term":[{"taxonomy":"product_brand","embeddable":true,"href":"https:\/\/creaibiza.com\/en\/wp-json\/wp\/v2\/product_brand?post=20512"},{"taxonomy":"product_cat","embeddable":true,"href":"https:\/\/creaibiza.com\/en\/wp-json\/wp\/v2\/product_cat?post=20512"},{"taxonomy":"product_tag","embeddable":true,"href":"https:\/\/creaibiza.com\/en\/wp-json\/wp\/v2\/product_tag?post=20512"}],"curies":[{"name":"wp","href":"https:\/\/api.w.org\/{rel}","templated":true}]}}