{"id":20043,"date":"2021-11-10T11:39:24","date_gmt":"2021-11-10T11:39:24","guid":{"rendered":"http:\/\/creaibiza.com?post_type=product&#038;p=20043"},"modified":"2025-10-15T10:32:49","modified_gmt":"2025-10-15T09:32:49","slug":"grace","status":"publish","type":"product","link":"https:\/\/creaibiza.com\/en\/product\/grace\/","title":{"rendered":"GRACIA"},"content":{"rendered":"<p>GRACE supone una reinterpretaci\u00f3n de la tradicional baldosa hidr\u00e1ulica con dibujo modular continuo. Su dise\u00f1o ecl\u00e9ctico y cautivador se basa en la repetici\u00f3n de un patr\u00f3n compuesto por singulares motivos estilizados, facilitando la configuraci\u00f3n de superficies sin fin con un potente valor a\u00f1adido para el interiorismo actual.<\/p>\n<p>GRACE es, adem\u00e1s, un homenaje a las baldosas hidr\u00e1ulicas de mil formas y colores que pueden verse en la ciudad de Barcelona, entre las que son especialmente representativas las que hay en el emblem\u00e1tico Paseo de Gracia.<\/p>\n<p>La Colecci\u00f3n GRACE es apta para su aplicaci\u00f3n como pavimento o como revestimiento en todo tipo de espacios interiores, de manera exclusiva o en combinaci\u00f3n con otros acabados, como maderas, piedras suaves o cementos neutros, y puede utilizarse tambi\u00e9n como recurso decorativo para la delimitaci\u00f3n de zonas concretas.<\/p>\n<p>Otro de los aspectos sobresalientes de este nuevo hidr\u00e1ulico radica en la selecci\u00f3n de colores, que hemos cuidado al detalle hasta obtener los mix m\u00e1s acertados: GRACE BEIGE combina beige rosado y granate; GRACE BLUE incluye un gris medio fr\u00edo y un azul cl\u00e1sico; y GRACE GREY se compone de un gris medio c\u00e1lido y ocre. La variedad crom\u00e1tica de los tres modelos de la colecci\u00f3n se completa con destellos en marr\u00f3n y antracita como denominador com\u00fan.<\/p>","protected":false},"excerpt":{"rendered":"<p>The price is per box<\/p>","protected":false},"featured_media":20044,"template":"","meta":{"_acf_changed":false},"product_brand":[1160],"product_cat":[1000,1253,116,113],"product_tag":[1352,1353],"class_list":{"0":"post-20043","1":"product","2":"type-product","3":"status-publish","4":"has-post-thumbnail","6":"product_brand-gayafores","7":"product_cat-madera-revestimiento","8":"product_cat-hidraulicos","9":"product_cat-pavimento","10":"product_cat-revestimiento","11":"product_tag-pavimento","12":"product_tag-revestimiento","14":"first","15":"instock","16":"taxable","17":"shipping-taxable","18":"purchasable","19":"product-type-variable"},"acf":[],"yoast_head":"<!-- This site is optimized with the Yoast SEO plugin v27.2 - https:\/\/yoast.com\/product\/yoast-seo-wordpress\/ -->\n<title>GRACIA - Crea Ibiza<\/title>\n<meta name=\"description\" content=\"Crea Ibiza - GRACIA -\" \/>\n<meta name=\"robots\" content=\"index, follow, max-snippet:-1, max-image-preview:large, max-video-preview:-1\" \/>\n<link rel=\"canonical\" href=\"https:\/\/creaibiza.com\/en\/product\/grace\/\" \/>\n<meta property=\"og:locale\" content=\"en_GB\" \/>\n<meta property=\"og:type\" content=\"article\" \/>\n<meta property=\"og:title\" content=\"GRACIA - Crea Ibiza\" \/>\n<meta property=\"og:description\" content=\"Crea Ibiza - GRACIA -\" \/>\n<meta property=\"og:url\" content=\"https:\/\/creaibiza.com\/en\/product\/grace\/\" \/>\n<meta property=\"og:site_name\" content=\"Crea Ibiza\" \/>\n<meta property=\"article:publisher\" content=\"https:\/\/www.facebook.com\/creaibiza\" \/>\n<meta property=\"article:modified_time\" content=\"2025-10-15T09:32:49+00:00\" \/>\n<meta property=\"og:image\" content=\"https:\/\/creaibiza.com\/wp-content\/uploads\/2021\/11\/foto-grace-beige-banyo.jpg\" \/>\n\t<meta property=\"og:image:width\" content=\"1000\" \/>\n\t<meta property=\"og:image:height\" content=\"1000\" \/>\n\t<meta property=\"og:image:type\" content=\"image\/jpeg\" \/>\n<meta name=\"twitter:card\" content=\"summary_large_image\" \/>\n<meta name=\"twitter:label1\" content=\"Estimated reading time\" \/>\n\t<meta name=\"twitter:data1\" content=\"2 minutes\" \/>\n<script type=\"application\/ld+json\" class=\"yoast-schema-graph\">{\"@context\":\"https:\/\/schema.org\",\"@graph\":[{\"@type\":\"WebPage\",\"@id\":\"https:\/\/creaibiza.com\/producto\/grace\/\",\"url\":\"https:\/\/creaibiza.com\/producto\/grace\/\",\"name\":\"GRACIA - Crea Ibiza\",\"isPartOf\":{\"@id\":\"https:\/\/creaibiza.com\/#website\"},\"primaryImageOfPage\":{\"@id\":\"https:\/\/creaibiza.com\/producto\/grace\/#primaryimage\"},\"image\":{\"@id\":\"https:\/\/creaibiza.com\/producto\/grace\/#primaryimage\"},\"thumbnailUrl\":\"https:\/\/creaibiza.com\/wp-content\/uploads\/2021\/11\/foto-grace-beige-banyo.jpg\",\"datePublished\":\"2021-11-10T11:39:24+00:00\",\"dateModified\":\"2025-10-15T09:32:49+00:00\",\"description\":\"Crea Ibiza - GRACIA -\",\"breadcrumb\":{\"@id\":\"https:\/\/creaibiza.com\/producto\/grace\/#breadcrumb\"},\"inLanguage\":\"en-GB\",\"potentialAction\":[{\"@type\":\"ReadAction\",\"target\":[\"https:\/\/creaibiza.com\/producto\/grace\/\"]}]},{\"@type\":\"ImageObject\",\"inLanguage\":\"en-GB\",\"@id\":\"https:\/\/creaibiza.com\/producto\/grace\/#primaryimage\",\"url\":\"https:\/\/creaibiza.com\/wp-content\/uploads\/2021\/11\/foto-grace-beige-banyo.jpg\",\"contentUrl\":\"https:\/\/creaibiza.com\/wp-content\/uploads\/2021\/11\/foto-grace-beige-banyo.jpg\",\"width\":1000,\"height\":1000},{\"@type\":\"BreadcrumbList\",\"@id\":\"https:\/\/creaibiza.com\/producto\/grace\/#breadcrumb\",\"itemListElement\":[{\"@type\":\"ListItem\",\"position\":1,\"name\":\"Portada\",\"item\":\"https:\/\/creaibiza.com\/\"},{\"@type\":\"ListItem\",\"position\":2,\"name\":\"Tienda\",\"item\":\"https:\/\/creaibiza.com\/en\/tienda\/\"},{\"@type\":\"ListItem\",\"position\":3,\"name\":\"GRACIA\"}]},{\"@type\":\"WebSite\",\"@id\":\"https:\/\/creaibiza.com\/#website\",\"url\":\"https:\/\/creaibiza.com\/\",\"name\":\"Crea Ibiza\",\"description\":\"Cer\u00e1mica, sanitarios y revestimientos de dise\u00f1o en Ibiza\",\"publisher\":{\"@id\":\"https:\/\/creaibiza.com\/#organization\"},\"potentialAction\":[{\"@type\":\"SearchAction\",\"target\":{\"@type\":\"EntryPoint\",\"urlTemplate\":\"https:\/\/creaibiza.com\/?s={search_term_string}\"},\"query-input\":{\"@type\":\"PropertyValueSpecification\",\"valueRequired\":true,\"valueName\":\"search_term_string\"}}],\"inLanguage\":\"en-GB\"},{\"@type\":\"Organization\",\"@id\":\"https:\/\/creaibiza.com\/#organization\",\"name\":\"Crea Ibiza\",\"url\":\"https:\/\/creaibiza.com\/\",\"logo\":{\"@type\":\"ImageObject\",\"inLanguage\":\"en-GB\",\"@id\":\"https:\/\/creaibiza.com\/#\/schema\/logo\/image\/\",\"url\":\"https:\/\/creaibiza.com\/wp-content\/uploads\/2024\/02\/cropped-logocrea-web.png\",\"contentUrl\":\"https:\/\/creaibiza.com\/wp-content\/uploads\/2024\/02\/cropped-logocrea-web.png\",\"width\":591,\"height\":210,\"caption\":\"Crea Ibiza\"},\"image\":{\"@id\":\"https:\/\/creaibiza.com\/#\/schema\/logo\/image\/\"},\"sameAs\":[\"https:\/\/www.facebook.com\/creaibiza\",\"https:\/\/www.instagram.com\/creaibiza\"]}]}<\/script>\n<!-- \/ Yoast SEO plugin. -->","yoast_head_json":{"title":"GRACIA - Crea Ibiza","description":"Crea Ibiza - GRACIA -","robots":{"index":"index","follow":"follow","max-snippet":"max-snippet:-1","max-image-preview":"max-image-preview:large","max-video-preview":"max-video-preview:-1"},"canonical":"https:\/\/creaibiza.com\/en\/product\/grace\/","og_locale":"en_GB","og_type":"article","og_title":"GRACIA - Crea Ibiza","og_description":"Crea Ibiza - GRACIA -","og_url":"https:\/\/creaibiza.com\/en\/product\/grace\/","og_site_name":"Crea Ibiza","article_publisher":"https:\/\/www.facebook.com\/creaibiza","article_modified_time":"2025-10-15T09:32:49+00:00","og_image":[{"width":1000,"height":1000,"url":"https:\/\/creaibiza.com\/wp-content\/uploads\/2021\/11\/foto-grace-beige-banyo.jpg","type":"image\/jpeg"}],"twitter_card":"summary_large_image","twitter_misc":{"Estimated reading time":"2 minutes"},"schema":{"@context":"https:\/\/schema.org","@graph":[{"@type":"WebPage","@id":"https:\/\/creaibiza.com\/producto\/grace\/","url":"https:\/\/creaibiza.com\/producto\/grace\/","name":"GRACIA - Crea Ibiza","isPartOf":{"@id":"https:\/\/creaibiza.com\/#website"},"primaryImageOfPage":{"@id":"https:\/\/creaibiza.com\/producto\/grace\/#primaryimage"},"image":{"@id":"https:\/\/creaibiza.com\/producto\/grace\/#primaryimage"},"thumbnailUrl":"https:\/\/creaibiza.com\/wp-content\/uploads\/2021\/11\/foto-grace-beige-banyo.jpg","datePublished":"2021-11-10T11:39:24+00:00","dateModified":"2025-10-15T09:32:49+00:00","description":"Crea Ibiza - GRACIA -","breadcrumb":{"@id":"https:\/\/creaibiza.com\/producto\/grace\/#breadcrumb"},"inLanguage":"en-GB","potentialAction":[{"@type":"ReadAction","target":["https:\/\/creaibiza.com\/producto\/grace\/"]}]},{"@type":"ImageObject","inLanguage":"en-GB","@id":"https:\/\/creaibiza.com\/producto\/grace\/#primaryimage","url":"https:\/\/creaibiza.com\/wp-content\/uploads\/2021\/11\/foto-grace-beige-banyo.jpg","contentUrl":"https:\/\/creaibiza.com\/wp-content\/uploads\/2021\/11\/foto-grace-beige-banyo.jpg","width":1000,"height":1000},{"@type":"BreadcrumbList","@id":"https:\/\/creaibiza.com\/producto\/grace\/#breadcrumb","itemListElement":[{"@type":"ListItem","position":1,"name":"Portada","item":"https:\/\/creaibiza.com\/"},{"@type":"ListItem","position":2,"name":"Tienda","item":"https:\/\/creaibiza.com\/en\/tienda\/"},{"@type":"ListItem","position":3,"name":"GRACIA"}]},{"@type":"WebSite","@id":"https:\/\/creaibiza.com\/#website","url":"https:\/\/creaibiza.com\/","name":"Create Ibiza","description":"Cer\u00e1mica, sanitarios y revestimientos de dise\u00f1o en Ibiza","publisher":{"@id":"https:\/\/creaibiza.com\/#organization"},"potentialAction":[{"@type":"SearchAction","target":{"@type":"EntryPoint","urlTemplate":"https:\/\/creaibiza.com\/?s={search_term_string}"},"query-input":{"@type":"PropertyValueSpecification","valueRequired":true,"valueName":"search_term_string"}}],"inLanguage":"en-GB"},{"@type":"Organization","@id":"https:\/\/creaibiza.com\/#organization","name":"Create Ibiza","url":"https:\/\/creaibiza.com\/","logo":{"@type":"ImageObject","inLanguage":"en-GB","@id":"https:\/\/creaibiza.com\/#\/schema\/logo\/image\/","url":"https:\/\/creaibiza.com\/wp-content\/uploads\/2024\/02\/cropped-logocrea-web.png","contentUrl":"https:\/\/creaibiza.com\/wp-content\/uploads\/2024\/02\/cropped-logocrea-web.png","width":591,"height":210,"caption":"Crea Ibiza"},"image":{"@id":"https:\/\/creaibiza.com\/#\/schema\/logo\/image\/"},"sameAs":["https:\/\/www.facebook.com\/creaibiza","https:\/\/www.instagram.com\/creaibiza"]}]}},"_links":{"self":[{"href":"https:\/\/creaibiza.com\/en\/wp-json\/wp\/v2\/product\/20043","targetHints":{"allow":["GET"]}}],"collection":[{"href":"https:\/\/creaibiza.com\/en\/wp-json\/wp\/v2\/product"}],"about":[{"href":"https:\/\/creaibiza.com\/en\/wp-json\/wp\/v2\/types\/product"}],"version-history":[{"count":4,"href":"https:\/\/creaibiza.com\/en\/wp-json\/wp\/v2\/product\/20043\/revisions"}],"predecessor-version":[{"id":23050,"href":"https:\/\/creaibiza.com\/en\/wp-json\/wp\/v2\/product\/20043\/revisions\/23050"}],"wp:featuredmedia":[{"embeddable":true,"href":"https:\/\/creaibiza.com\/en\/wp-json\/wp\/v2\/media\/20044"}],"wp:attachment":[{"href":"https:\/\/creaibiza.com\/en\/wp-json\/wp\/v2\/media?parent=20043"}],"wp:term":[{"taxonomy":"product_brand","embeddable":true,"href":"https:\/\/creaibiza.com\/en\/wp-json\/wp\/v2\/product_brand?post=20043"},{"taxonomy":"product_cat","embeddable":true,"href":"https:\/\/creaibiza.com\/en\/wp-json\/wp\/v2\/product_cat?post=20043"},{"taxonomy":"product_tag","embeddable":true,"href":"https:\/\/creaibiza.com\/en\/wp-json\/wp\/v2\/product_tag?post=20043"}],"curies":[{"name":"wp","href":"https:\/\/api.w.org\/{rel}","templated":true}]}}