{"id":19348,"date":"2021-11-05T17:23:56","date_gmt":"2021-11-05T17:23:56","guid":{"rendered":"http:\/\/creaibiza.com?post_type=product&#038;p=19348"},"modified":"2026-03-03T17:49:45","modified_gmt":"2026-03-03T16:49:45","slug":"phenomenon","status":"publish","type":"product","link":"https:\/\/creaibiza.com\/en\/product\/phenomenon\/","title":{"rendered":"PHENOM"},"content":{"rendered":"<p>Tokujin Yoshioka en colaboraci\u00f3n con Mutina ha creado Phenomenon, un proyecto cer\u00e1mico capaz de expresar texturas derivadas de la naturaleza con originalidad, no para imitar su apariencia, sino para evocar su emoci\u00f3n. Una colecci\u00f3n que hace referencia a la investigaci\u00f3n, en curso desde hace algunos a\u00f1os, del aclamado dise\u00f1ador japon\u00e9s, sobre la interacci\u00f3n de los fen\u00f3menos naturales y las leyes con su creatividad.<br \/>\nPhenomenon integra sustancias casi microsc\u00f3picas en el material cer\u00e1mico y produce un efecto visual de profundidad y amplitud en la superficie. Recuerda diferentes expresiones de patrones naturales como el panal de abejas, cristales de nieve, palitos de hielo, c\u00e9lulas vegetales y evoca recuerdos de escenarios naturales y vivencias individuales del mundo de la naturaleza. En estas creaciones, todas en gres porcel\u00e1nico y en un formato casi microsc\u00f3pico, cada elemento es prensado individualmente, trabajado con destreza y precisi\u00f3n por operarios que, con su precioso trabajo, crean productos de car\u00e1cter absolutamente innovador y con pleno respeto por el medio ambiente. .<\/p>","protected":false},"excerpt":{"rendered":"<p>The price is per box<\/p>","protected":false},"featured_media":36431,"template":"","meta":{"_acf_changed":false},"product_brand":[381],"product_cat":[186,113],"product_tag":[1353],"class_list":{"0":"post-19348","1":"product","2":"type-product","3":"status-publish","4":"has-post-thumbnail","6":"product_brand-mutina","7":"product_cat-decorados","8":"product_cat-revestimiento","9":"product_tag-revestimiento","11":"first","12":"instock","13":"taxable","14":"shipping-taxable","15":"purchasable","16":"product-type-variable"},"acf":[],"yoast_head":"<!-- This site is optimized with the Yoast SEO plugin v27.2 - https:\/\/yoast.com\/product\/yoast-seo-wordpress\/ -->\n<title>PHENOM - Crea Ibiza<\/title>\n<meta name=\"description\" content=\"Crea Ibiza - PHENOM -\" \/>\n<meta name=\"robots\" content=\"index, follow, max-snippet:-1, max-image-preview:large, max-video-preview:-1\" \/>\n<link rel=\"canonical\" href=\"https:\/\/creaibiza.com\/en\/product\/phenomenon\/\" \/>\n<meta property=\"og:locale\" content=\"en_GB\" \/>\n<meta property=\"og:type\" content=\"article\" \/>\n<meta property=\"og:title\" content=\"PHENOM - Crea Ibiza\" \/>\n<meta property=\"og:description\" content=\"Crea Ibiza - PHENOM -\" \/>\n<meta property=\"og:url\" content=\"https:\/\/creaibiza.com\/en\/product\/phenomenon\/\" \/>\n<meta property=\"og:site_name\" content=\"Crea Ibiza\" \/>\n<meta property=\"article:publisher\" content=\"https:\/\/www.facebook.com\/creaibiza\" \/>\n<meta property=\"article:modified_time\" content=\"2026-03-03T16:49:45+00:00\" \/>\n<meta property=\"og:image\" content=\"https:\/\/creaibiza.com\/wp-content\/uploads\/2021\/11\/810_z_Pic_220901_Mutina245844-copia_2640-2-2.jpg\" \/>\n\t<meta property=\"og:image:width\" content=\"1599\" \/>\n\t<meta property=\"og:image:height\" content=\"1000\" \/>\n\t<meta property=\"og:image:type\" content=\"image\/jpeg\" \/>\n<meta name=\"twitter:card\" content=\"summary_large_image\" \/>\n<meta name=\"twitter:label1\" content=\"Estimated reading time\" \/>\n\t<meta name=\"twitter:data1\" content=\"1 minute\" \/>\n<script type=\"application\/ld+json\" class=\"yoast-schema-graph\">{\"@context\":\"https:\/\/schema.org\",\"@graph\":[{\"@type\":\"WebPage\",\"@id\":\"https:\/\/creaibiza.com\/producto\/phenomenon\/\",\"url\":\"https:\/\/creaibiza.com\/producto\/phenomenon\/\",\"name\":\"PHENOM - Crea Ibiza\",\"isPartOf\":{\"@id\":\"https:\/\/creaibiza.com\/#website\"},\"primaryImageOfPage\":{\"@id\":\"https:\/\/creaibiza.com\/producto\/phenomenon\/#primaryimage\"},\"image\":{\"@id\":\"https:\/\/creaibiza.com\/producto\/phenomenon\/#primaryimage\"},\"thumbnailUrl\":\"https:\/\/creaibiza.com\/wp-content\/uploads\/2021\/11\/810_z_Pic_220901_Mutina245844-copia_2640-2-2.jpg\",\"datePublished\":\"2021-11-05T17:23:56+00:00\",\"dateModified\":\"2026-03-03T16:49:45+00:00\",\"description\":\"Crea Ibiza - PHENOM -\",\"breadcrumb\":{\"@id\":\"https:\/\/creaibiza.com\/producto\/phenomenon\/#breadcrumb\"},\"inLanguage\":\"en-GB\",\"potentialAction\":[{\"@type\":\"ReadAction\",\"target\":[\"https:\/\/creaibiza.com\/producto\/phenomenon\/\"]}]},{\"@type\":\"ImageObject\",\"inLanguage\":\"en-GB\",\"@id\":\"https:\/\/creaibiza.com\/producto\/phenomenon\/#primaryimage\",\"url\":\"https:\/\/creaibiza.com\/wp-content\/uploads\/2021\/11\/810_z_Pic_220901_Mutina245844-copia_2640-2-2.jpg\",\"contentUrl\":\"https:\/\/creaibiza.com\/wp-content\/uploads\/2021\/11\/810_z_Pic_220901_Mutina245844-copia_2640-2-2.jpg\",\"width\":1599,\"height\":1000},{\"@type\":\"BreadcrumbList\",\"@id\":\"https:\/\/creaibiza.com\/producto\/phenomenon\/#breadcrumb\",\"itemListElement\":[{\"@type\":\"ListItem\",\"position\":1,\"name\":\"Portada\",\"item\":\"https:\/\/creaibiza.com\/\"},{\"@type\":\"ListItem\",\"position\":2,\"name\":\"Tienda\",\"item\":\"https:\/\/creaibiza.com\/en\/tienda\/\"},{\"@type\":\"ListItem\",\"position\":3,\"name\":\"PHENOM\"}]},{\"@type\":\"WebSite\",\"@id\":\"https:\/\/creaibiza.com\/#website\",\"url\":\"https:\/\/creaibiza.com\/\",\"name\":\"Crea Ibiza\",\"description\":\"Cer\u00e1mica, sanitarios y revestimientos de dise\u00f1o en Ibiza\",\"publisher\":{\"@id\":\"https:\/\/creaibiza.com\/#organization\"},\"potentialAction\":[{\"@type\":\"SearchAction\",\"target\":{\"@type\":\"EntryPoint\",\"urlTemplate\":\"https:\/\/creaibiza.com\/?s={search_term_string}\"},\"query-input\":{\"@type\":\"PropertyValueSpecification\",\"valueRequired\":true,\"valueName\":\"search_term_string\"}}],\"inLanguage\":\"en-GB\"},{\"@type\":\"Organization\",\"@id\":\"https:\/\/creaibiza.com\/#organization\",\"name\":\"Crea Ibiza\",\"url\":\"https:\/\/creaibiza.com\/\",\"logo\":{\"@type\":\"ImageObject\",\"inLanguage\":\"en-GB\",\"@id\":\"https:\/\/creaibiza.com\/#\/schema\/logo\/image\/\",\"url\":\"https:\/\/creaibiza.com\/wp-content\/uploads\/2024\/02\/cropped-logocrea-web.png\",\"contentUrl\":\"https:\/\/creaibiza.com\/wp-content\/uploads\/2024\/02\/cropped-logocrea-web.png\",\"width\":591,\"height\":210,\"caption\":\"Crea Ibiza\"},\"image\":{\"@id\":\"https:\/\/creaibiza.com\/#\/schema\/logo\/image\/\"},\"sameAs\":[\"https:\/\/www.facebook.com\/creaibiza\",\"https:\/\/www.instagram.com\/creaibiza\"]}]}<\/script>\n<!-- \/ Yoast SEO plugin. -->","yoast_head_json":{"title":"PHENOM - Crea Ibiza","description":"Crea Ibiza - PHENOM -","robots":{"index":"index","follow":"follow","max-snippet":"max-snippet:-1","max-image-preview":"max-image-preview:large","max-video-preview":"max-video-preview:-1"},"canonical":"https:\/\/creaibiza.com\/en\/product\/phenomenon\/","og_locale":"en_GB","og_type":"article","og_title":"PHENOM - Crea Ibiza","og_description":"Crea Ibiza - PHENOM -","og_url":"https:\/\/creaibiza.com\/en\/product\/phenomenon\/","og_site_name":"Crea Ibiza","article_publisher":"https:\/\/www.facebook.com\/creaibiza","article_modified_time":"2026-03-03T16:49:45+00:00","og_image":[{"width":1599,"height":1000,"url":"https:\/\/creaibiza.com\/wp-content\/uploads\/2021\/11\/810_z_Pic_220901_Mutina245844-copia_2640-2-2.jpg","type":"image\/jpeg"}],"twitter_card":"summary_large_image","twitter_misc":{"Estimated reading time":"1 minute"},"schema":{"@context":"https:\/\/schema.org","@graph":[{"@type":"WebPage","@id":"https:\/\/creaibiza.com\/producto\/phenomenon\/","url":"https:\/\/creaibiza.com\/producto\/phenomenon\/","name":"PHENOM - Crea Ibiza","isPartOf":{"@id":"https:\/\/creaibiza.com\/#website"},"primaryImageOfPage":{"@id":"https:\/\/creaibiza.com\/producto\/phenomenon\/#primaryimage"},"image":{"@id":"https:\/\/creaibiza.com\/producto\/phenomenon\/#primaryimage"},"thumbnailUrl":"https:\/\/creaibiza.com\/wp-content\/uploads\/2021\/11\/810_z_Pic_220901_Mutina245844-copia_2640-2-2.jpg","datePublished":"2021-11-05T17:23:56+00:00","dateModified":"2026-03-03T16:49:45+00:00","description":"Crea Ibiza - PHENOM -","breadcrumb":{"@id":"https:\/\/creaibiza.com\/producto\/phenomenon\/#breadcrumb"},"inLanguage":"en-GB","potentialAction":[{"@type":"ReadAction","target":["https:\/\/creaibiza.com\/producto\/phenomenon\/"]}]},{"@type":"ImageObject","inLanguage":"en-GB","@id":"https:\/\/creaibiza.com\/producto\/phenomenon\/#primaryimage","url":"https:\/\/creaibiza.com\/wp-content\/uploads\/2021\/11\/810_z_Pic_220901_Mutina245844-copia_2640-2-2.jpg","contentUrl":"https:\/\/creaibiza.com\/wp-content\/uploads\/2021\/11\/810_z_Pic_220901_Mutina245844-copia_2640-2-2.jpg","width":1599,"height":1000},{"@type":"BreadcrumbList","@id":"https:\/\/creaibiza.com\/producto\/phenomenon\/#breadcrumb","itemListElement":[{"@type":"ListItem","position":1,"name":"Portada","item":"https:\/\/creaibiza.com\/"},{"@type":"ListItem","position":2,"name":"Tienda","item":"https:\/\/creaibiza.com\/en\/tienda\/"},{"@type":"ListItem","position":3,"name":"PHENOM"}]},{"@type":"WebSite","@id":"https:\/\/creaibiza.com\/#website","url":"https:\/\/creaibiza.com\/","name":"Create Ibiza","description":"Cer\u00e1mica, sanitarios y revestimientos de dise\u00f1o en Ibiza","publisher":{"@id":"https:\/\/creaibiza.com\/#organization"},"potentialAction":[{"@type":"SearchAction","target":{"@type":"EntryPoint","urlTemplate":"https:\/\/creaibiza.com\/?s={search_term_string}"},"query-input":{"@type":"PropertyValueSpecification","valueRequired":true,"valueName":"search_term_string"}}],"inLanguage":"en-GB"},{"@type":"Organization","@id":"https:\/\/creaibiza.com\/#organization","name":"Create Ibiza","url":"https:\/\/creaibiza.com\/","logo":{"@type":"ImageObject","inLanguage":"en-GB","@id":"https:\/\/creaibiza.com\/#\/schema\/logo\/image\/","url":"https:\/\/creaibiza.com\/wp-content\/uploads\/2024\/02\/cropped-logocrea-web.png","contentUrl":"https:\/\/creaibiza.com\/wp-content\/uploads\/2024\/02\/cropped-logocrea-web.png","width":591,"height":210,"caption":"Crea Ibiza"},"image":{"@id":"https:\/\/creaibiza.com\/#\/schema\/logo\/image\/"},"sameAs":["https:\/\/www.facebook.com\/creaibiza","https:\/\/www.instagram.com\/creaibiza"]}]}},"_links":{"self":[{"href":"https:\/\/creaibiza.com\/en\/wp-json\/wp\/v2\/product\/19348","targetHints":{"allow":["GET"]}}],"collection":[{"href":"https:\/\/creaibiza.com\/en\/wp-json\/wp\/v2\/product"}],"about":[{"href":"https:\/\/creaibiza.com\/en\/wp-json\/wp\/v2\/types\/product"}],"version-history":[{"count":3,"href":"https:\/\/creaibiza.com\/en\/wp-json\/wp\/v2\/product\/19348\/revisions"}],"predecessor-version":[{"id":23169,"href":"https:\/\/creaibiza.com\/en\/wp-json\/wp\/v2\/product\/19348\/revisions\/23169"}],"wp:featuredmedia":[{"embeddable":true,"href":"https:\/\/creaibiza.com\/en\/wp-json\/wp\/v2\/media\/36431"}],"wp:attachment":[{"href":"https:\/\/creaibiza.com\/en\/wp-json\/wp\/v2\/media?parent=19348"}],"wp:term":[{"taxonomy":"product_brand","embeddable":true,"href":"https:\/\/creaibiza.com\/en\/wp-json\/wp\/v2\/product_brand?post=19348"},{"taxonomy":"product_cat","embeddable":true,"href":"https:\/\/creaibiza.com\/en\/wp-json\/wp\/v2\/product_cat?post=19348"},{"taxonomy":"product_tag","embeddable":true,"href":"https:\/\/creaibiza.com\/en\/wp-json\/wp\/v2\/product_tag?post=19348"}],"curies":[{"name":"wp","href":"https:\/\/api.w.org\/{rel}","templated":true}]}}