{"id":17052,"date":"2021-09-30T17:31:39","date_gmt":"2021-09-30T17:31:39","guid":{"rendered":"http:\/\/creaibiza.com?post_type=product&#038;p=17052"},"modified":"2026-03-11T18:42:02","modified_gmt":"2026-03-11T17:42:02","slug":"cisterna-lavabo","status":"publish","type":"product","link":"https:\/\/creaibiza.com\/en\/product\/cisterna-lavabo\/","title":{"rendered":"LAVABO"},"content":{"rendered":"<p><a class=\"productinfo-characteristics__toggle selected\" title=\"Caracter\u00edsticas\" href=\"https:\/\/www.oli-world.com\/es\/productos\/sistemas-sanitarios\/estructuras\/lavabo-\/sanitarblock-\/#characteristics\">CARACTER\u00cdSTICAS<i class=\"icon-plus\"><\/i><\/a><\/p>\n<div class=\"productinfo-characteristics__content productinfo-characteristics__content--active\">\n<ul>\n<li>Estructura para lavamanos de pared<\/li>\n<li>Para la instalaci\u00f3n en paredes de ladrillo o en placa de yeso\/drywall<\/li>\n<li>Estructura tubular pintado<\/li>\n<li>Instalaci\u00f3n f\u00e1cil y r\u00e1pida con sistema Fast-Fit<\/li>\n<li>Estructura probado para 150 kg<\/li>\n<li>Altura ajustable de 0 a 200 mm<\/li>\n<li>Placas de montaje completamente ajustables<\/li>\n<li>10 a\u00f1os de garant\u00eda.<\/li>\n<\/ul>\n<p><strong>Incluido<\/strong><\/p>\n<ul>\n<li>Material de fijaci\u00f3n lavamanos<\/li>\n<li>Accesorios de fijaci\u00f3n de Estructura<\/li>\n<li>Codo de salida \u00d840 mm &#8211; 32\/50 mm &#8211; 40 mm<\/li>\n<li>Dos accesorios G \u00bd para conexi\u00f3n de agua<\/li>\n<\/ul>\n<\/div>","protected":false},"excerpt":{"rendered":"<p>CARACTER\u00cdSTICAS Estructura para lavamanos de pared Para la instalaci\u00f3n en paredes de ladrillo o en placa de yeso\/drywall Estructura tubular pintado Instalaci\u00f3n f\u00e1cil y r\u00e1pida con sistema Fast-Fit Estructura probado para 150 kg Altura ajustable de 0 a 200 mm Placas de montaje completamente ajustables 10 a\u00f1os de garant\u00eda. Incluido Material de fijaci\u00f3n lavamanos Accesorios &hellip; <\/p>\n<p class=\"link-more\"><a href=\"https:\/\/creaibiza.com\/en\/product\/cisterna-lavabo\/\" class=\"more-link\">Read More <span class=\"screen-reader-text\"> \u00abLAVABO\u00bb<\/span><\/a><\/p>","protected":false},"featured_media":36735,"template":"","meta":{"_acf_changed":false},"product_brand":[587],"product_cat":[589,114],"product_tag":[1360],"class_list":{"0":"post-17052","1":"product","2":"type-product","3":"status-publish","4":"has-post-thumbnail","6":"product_brand-oli","7":"product_cat-cisternas-empotradas-sanitario","8":"product_cat-sanitario","9":"product_tag-sanitarios","11":"first","12":"instock","13":"taxable","14":"shipping-taxable","15":"purchasable","16":"product-type-simple"},"acf":[],"yoast_head":"<!-- This site is optimized with the Yoast SEO plugin v27.2 - https:\/\/yoast.com\/product\/yoast-seo-wordpress\/ -->\n<title>LAVABO - Crea Ibiza<\/title>\n<meta name=\"description\" content=\"Crea Ibiza - LAVABO -\" \/>\n<meta name=\"robots\" content=\"index, follow, max-snippet:-1, max-image-preview:large, max-video-preview:-1\" \/>\n<link rel=\"canonical\" href=\"https:\/\/creaibiza.com\/en\/product\/cisterna-lavabo\/\" \/>\n<meta property=\"og:locale\" content=\"en_GB\" \/>\n<meta property=\"og:type\" content=\"article\" \/>\n<meta property=\"og:title\" content=\"LAVABO - Crea Ibiza\" \/>\n<meta property=\"og:description\" content=\"Crea Ibiza - LAVABO -\" \/>\n<meta property=\"og:url\" content=\"https:\/\/creaibiza.com\/en\/product\/cisterna-lavabo\/\" \/>\n<meta property=\"og:site_name\" content=\"Crea Ibiza\" \/>\n<meta property=\"article:publisher\" content=\"https:\/\/www.facebook.com\/creaibiza\" \/>\n<meta property=\"article:modified_time\" content=\"2026-03-11T17:42:02+00:00\" \/>\n<meta property=\"og:image\" content=\"https:\/\/creaibiza.com\/wp-content\/uploads\/2021\/09\/618X535_618X535_crop_250206034229469.png\" \/>\n\t<meta property=\"og:image:width\" content=\"618\" \/>\n\t<meta property=\"og:image:height\" content=\"535\" \/>\n\t<meta property=\"og:image:type\" content=\"image\/png\" \/>\n<meta name=\"twitter:card\" content=\"summary_large_image\" \/>\n<meta name=\"twitter:label1\" content=\"Estimated reading time\" \/>\n\t<meta name=\"twitter:data1\" content=\"1 minute\" \/>\n<script type=\"application\/ld+json\" class=\"yoast-schema-graph\">{\"@context\":\"https:\/\/schema.org\",\"@graph\":[{\"@type\":\"WebPage\",\"@id\":\"https:\/\/creaibiza.com\/producto\/cisterna-lavabo\/\",\"url\":\"https:\/\/creaibiza.com\/producto\/cisterna-lavabo\/\",\"name\":\"LAVABO - Crea Ibiza\",\"isPartOf\":{\"@id\":\"https:\/\/creaibiza.com\/#website\"},\"primaryImageOfPage\":{\"@id\":\"https:\/\/creaibiza.com\/producto\/cisterna-lavabo\/#primaryimage\"},\"image\":{\"@id\":\"https:\/\/creaibiza.com\/producto\/cisterna-lavabo\/#primaryimage\"},\"thumbnailUrl\":\"https:\/\/creaibiza.com\/wp-content\/uploads\/2021\/09\/618X535_618X535_crop_250206034229469.png\",\"datePublished\":\"2021-09-30T17:31:39+00:00\",\"dateModified\":\"2026-03-11T17:42:02+00:00\",\"description\":\"Crea Ibiza - LAVABO -\",\"breadcrumb\":{\"@id\":\"https:\/\/creaibiza.com\/producto\/cisterna-lavabo\/#breadcrumb\"},\"inLanguage\":\"en-GB\",\"potentialAction\":[{\"@type\":\"ReadAction\",\"target\":[\"https:\/\/creaibiza.com\/producto\/cisterna-lavabo\/\"]}]},{\"@type\":\"ImageObject\",\"inLanguage\":\"en-GB\",\"@id\":\"https:\/\/creaibiza.com\/producto\/cisterna-lavabo\/#primaryimage\",\"url\":\"https:\/\/creaibiza.com\/wp-content\/uploads\/2021\/09\/618X535_618X535_crop_250206034229469.png\",\"contentUrl\":\"https:\/\/creaibiza.com\/wp-content\/uploads\/2021\/09\/618X535_618X535_crop_250206034229469.png\",\"width\":618,\"height\":535},{\"@type\":\"BreadcrumbList\",\"@id\":\"https:\/\/creaibiza.com\/producto\/cisterna-lavabo\/#breadcrumb\",\"itemListElement\":[{\"@type\":\"ListItem\",\"position\":1,\"name\":\"Portada\",\"item\":\"https:\/\/creaibiza.com\/\"},{\"@type\":\"ListItem\",\"position\":2,\"name\":\"Tienda\",\"item\":\"https:\/\/creaibiza.com\/en\/tienda\/\"},{\"@type\":\"ListItem\",\"position\":3,\"name\":\"LAVABO\"}]},{\"@type\":\"WebSite\",\"@id\":\"https:\/\/creaibiza.com\/#website\",\"url\":\"https:\/\/creaibiza.com\/\",\"name\":\"Crea Ibiza\",\"description\":\"Cer\u00e1mica, sanitarios y revestimientos de dise\u00f1o en Ibiza\",\"publisher\":{\"@id\":\"https:\/\/creaibiza.com\/#organization\"},\"potentialAction\":[{\"@type\":\"SearchAction\",\"target\":{\"@type\":\"EntryPoint\",\"urlTemplate\":\"https:\/\/creaibiza.com\/?s={search_term_string}\"},\"query-input\":{\"@type\":\"PropertyValueSpecification\",\"valueRequired\":true,\"valueName\":\"search_term_string\"}}],\"inLanguage\":\"en-GB\"},{\"@type\":\"Organization\",\"@id\":\"https:\/\/creaibiza.com\/#organization\",\"name\":\"Crea Ibiza\",\"url\":\"https:\/\/creaibiza.com\/\",\"logo\":{\"@type\":\"ImageObject\",\"inLanguage\":\"en-GB\",\"@id\":\"https:\/\/creaibiza.com\/#\/schema\/logo\/image\/\",\"url\":\"https:\/\/creaibiza.com\/wp-content\/uploads\/2024\/02\/cropped-logocrea-web.png\",\"contentUrl\":\"https:\/\/creaibiza.com\/wp-content\/uploads\/2024\/02\/cropped-logocrea-web.png\",\"width\":591,\"height\":210,\"caption\":\"Crea Ibiza\"},\"image\":{\"@id\":\"https:\/\/creaibiza.com\/#\/schema\/logo\/image\/\"},\"sameAs\":[\"https:\/\/www.facebook.com\/creaibiza\",\"https:\/\/www.instagram.com\/creaibiza\"]}]}<\/script>\n<!-- \/ Yoast SEO plugin. -->","yoast_head_json":{"title":"LAVABO - Crea Ibiza","description":"Crea Ibiza - LAVABO -","robots":{"index":"index","follow":"follow","max-snippet":"max-snippet:-1","max-image-preview":"max-image-preview:large","max-video-preview":"max-video-preview:-1"},"canonical":"https:\/\/creaibiza.com\/en\/product\/cisterna-lavabo\/","og_locale":"en_GB","og_type":"article","og_title":"LAVABO - Crea Ibiza","og_description":"Crea Ibiza - LAVABO -","og_url":"https:\/\/creaibiza.com\/en\/product\/cisterna-lavabo\/","og_site_name":"Crea Ibiza","article_publisher":"https:\/\/www.facebook.com\/creaibiza","article_modified_time":"2026-03-11T17:42:02+00:00","og_image":[{"width":618,"height":535,"url":"https:\/\/creaibiza.com\/wp-content\/uploads\/2021\/09\/618X535_618X535_crop_250206034229469.png","type":"image\/png"}],"twitter_card":"summary_large_image","twitter_misc":{"Estimated reading time":"1 minute"},"schema":{"@context":"https:\/\/schema.org","@graph":[{"@type":"WebPage","@id":"https:\/\/creaibiza.com\/producto\/cisterna-lavabo\/","url":"https:\/\/creaibiza.com\/producto\/cisterna-lavabo\/","name":"LAVABO - Crea Ibiza","isPartOf":{"@id":"https:\/\/creaibiza.com\/#website"},"primaryImageOfPage":{"@id":"https:\/\/creaibiza.com\/producto\/cisterna-lavabo\/#primaryimage"},"image":{"@id":"https:\/\/creaibiza.com\/producto\/cisterna-lavabo\/#primaryimage"},"thumbnailUrl":"https:\/\/creaibiza.com\/wp-content\/uploads\/2021\/09\/618X535_618X535_crop_250206034229469.png","datePublished":"2021-09-30T17:31:39+00:00","dateModified":"2026-03-11T17:42:02+00:00","description":"Crea Ibiza - LAVABO -","breadcrumb":{"@id":"https:\/\/creaibiza.com\/producto\/cisterna-lavabo\/#breadcrumb"},"inLanguage":"en-GB","potentialAction":[{"@type":"ReadAction","target":["https:\/\/creaibiza.com\/producto\/cisterna-lavabo\/"]}]},{"@type":"ImageObject","inLanguage":"en-GB","@id":"https:\/\/creaibiza.com\/producto\/cisterna-lavabo\/#primaryimage","url":"https:\/\/creaibiza.com\/wp-content\/uploads\/2021\/09\/618X535_618X535_crop_250206034229469.png","contentUrl":"https:\/\/creaibiza.com\/wp-content\/uploads\/2021\/09\/618X535_618X535_crop_250206034229469.png","width":618,"height":535},{"@type":"BreadcrumbList","@id":"https:\/\/creaibiza.com\/producto\/cisterna-lavabo\/#breadcrumb","itemListElement":[{"@type":"ListItem","position":1,"name":"Portada","item":"https:\/\/creaibiza.com\/"},{"@type":"ListItem","position":2,"name":"Tienda","item":"https:\/\/creaibiza.com\/en\/tienda\/"},{"@type":"ListItem","position":3,"name":"LAVABO"}]},{"@type":"WebSite","@id":"https:\/\/creaibiza.com\/#website","url":"https:\/\/creaibiza.com\/","name":"Create Ibiza","description":"Cer\u00e1mica, sanitarios y revestimientos de dise\u00f1o en Ibiza","publisher":{"@id":"https:\/\/creaibiza.com\/#organization"},"potentialAction":[{"@type":"SearchAction","target":{"@type":"EntryPoint","urlTemplate":"https:\/\/creaibiza.com\/?s={search_term_string}"},"query-input":{"@type":"PropertyValueSpecification","valueRequired":true,"valueName":"search_term_string"}}],"inLanguage":"en-GB"},{"@type":"Organization","@id":"https:\/\/creaibiza.com\/#organization","name":"Create Ibiza","url":"https:\/\/creaibiza.com\/","logo":{"@type":"ImageObject","inLanguage":"en-GB","@id":"https:\/\/creaibiza.com\/#\/schema\/logo\/image\/","url":"https:\/\/creaibiza.com\/wp-content\/uploads\/2024\/02\/cropped-logocrea-web.png","contentUrl":"https:\/\/creaibiza.com\/wp-content\/uploads\/2024\/02\/cropped-logocrea-web.png","width":591,"height":210,"caption":"Crea Ibiza"},"image":{"@id":"https:\/\/creaibiza.com\/#\/schema\/logo\/image\/"},"sameAs":["https:\/\/www.facebook.com\/creaibiza","https:\/\/www.instagram.com\/creaibiza"]}]}},"_links":{"self":[{"href":"https:\/\/creaibiza.com\/en\/wp-json\/wp\/v2\/product\/17052","targetHints":{"allow":["GET"]}}],"collection":[{"href":"https:\/\/creaibiza.com\/en\/wp-json\/wp\/v2\/product"}],"about":[{"href":"https:\/\/creaibiza.com\/en\/wp-json\/wp\/v2\/types\/product"}],"version-history":[{"count":4,"href":"https:\/\/creaibiza.com\/en\/wp-json\/wp\/v2\/product\/17052\/revisions"}],"predecessor-version":[{"id":23253,"href":"https:\/\/creaibiza.com\/en\/wp-json\/wp\/v2\/product\/17052\/revisions\/23253"}],"wp:featuredmedia":[{"embeddable":true,"href":"https:\/\/creaibiza.com\/en\/wp-json\/wp\/v2\/media\/36735"}],"wp:attachment":[{"href":"https:\/\/creaibiza.com\/en\/wp-json\/wp\/v2\/media?parent=17052"}],"wp:term":[{"taxonomy":"product_brand","embeddable":true,"href":"https:\/\/creaibiza.com\/en\/wp-json\/wp\/v2\/product_brand?post=17052"},{"taxonomy":"product_cat","embeddable":true,"href":"https:\/\/creaibiza.com\/en\/wp-json\/wp\/v2\/product_cat?post=17052"},{"taxonomy":"product_tag","embeddable":true,"href":"https:\/\/creaibiza.com\/en\/wp-json\/wp\/v2\/product_tag?post=17052"}],"curies":[{"name":"wp","href":"https:\/\/api.w.org\/{rel}","templated":true}]}}