{"id":12066,"date":"2021-09-01T11:56:46","date_gmt":"2021-09-01T11:56:46","guid":{"rendered":"http:\/\/creaibiza.com?post_type=product&#038;p=12066"},"modified":"2026-02-23T13:30:10","modified_gmt":"2026-02-23T12:30:10","slug":"pino-ibicenco","status":"publish","type":"product","link":"https:\/\/creaibiza.com\/en\/product\/pino-ibicenco\/","title":{"rendered":"PINO IBZA"},"content":{"rendered":"<p>Este tipo de encimeras para ba\u00f1o se caracterizan por su alta exclusividad, al tratarse de piezas \u00fanicas e irrepetibles, son un aut\u00e9ntico regalo de la naturaleza para decorar nuestros ba\u00f1os y contribuyen a <strong>crear atm\u00f3sferas relajantes de aspecto natural<\/strong>.<\/p>\n<p>Est\u00e1n tratadas con un barniz que protege la madera de la humedad y tambi\u00e9n de las manchas ocasionales. Est\u00e9ticamente se logra un equilibrio perfecto al <strong>combinarlas con lavamanos altos de porcelana blanca y grifer\u00edas doradas o negras<\/strong>, si bien la versatilidad de un material natural como la madera hace que se adapte a un amplio abanico de dise\u00f1os.<\/p>\n<p>Grosor: 4,5cm<br \/>\nProfundidad: 45cm aprox.<\/p>\n<p>&nbsp;<\/p>","protected":false},"excerpt":{"rendered":"<p>Este tipo de encimeras para ba\u00f1o se caracterizan por su alta exclusividad, al tratarse de piezas \u00fanicas e irrepetibles, son un aut\u00e9ntico regalo de la naturaleza para decorar nuestros ba\u00f1os y contribuyen a crear atm\u00f3sferas relajantes de aspecto natural. Est\u00e1n tratadas con un barniz que protege la madera de la humedad y tambi\u00e9n de las &hellip; <\/p>\n<p class=\"link-more\"><a href=\"https:\/\/creaibiza.com\/en\/product\/pino-ibicenco\/\" class=\"more-link\">Read More <span class=\"screen-reader-text\"> \u00abPINO IBZA\u00bb<\/span><\/a><\/p>","protected":false},"featured_media":36313,"template":"","meta":{"_acf_changed":false},"product_brand":[635],"product_cat":[725,2003,114],"product_tag":[1365],"class_list":{"0":"post-12066","1":"product","2":"type-product","3":"status-publish","4":"has-post-thumbnail","6":"product_brand-ruperez","7":"product_cat-encimeras","8":"product_cat-natural-style","9":"product_cat-sanitario","10":"product_tag-madera","12":"first","13":"instock","14":"taxable","15":"shipping-taxable","16":"purchasable","17":"product-type-variable"},"acf":[],"yoast_head":"<!-- This site is optimized with the Yoast SEO plugin v27.2 - https:\/\/yoast.com\/product\/yoast-seo-wordpress\/ -->\n<title>PINO IBZA - Crea Ibiza<\/title>\n<meta name=\"description\" content=\"Crea Ibiza - PINO IBZA -\" \/>\n<meta name=\"robots\" content=\"index, follow, max-snippet:-1, max-image-preview:large, max-video-preview:-1\" \/>\n<link rel=\"canonical\" href=\"https:\/\/creaibiza.com\/en\/product\/pino-ibicenco\/\" \/>\n<meta property=\"og:locale\" content=\"en_GB\" \/>\n<meta property=\"og:type\" content=\"article\" \/>\n<meta property=\"og:title\" content=\"PINO IBZA - Crea Ibiza\" \/>\n<meta property=\"og:description\" content=\"Crea Ibiza - PINO IBZA -\" \/>\n<meta property=\"og:url\" content=\"https:\/\/creaibiza.com\/en\/product\/pino-ibicenco\/\" \/>\n<meta property=\"og:site_name\" content=\"Crea Ibiza\" \/>\n<meta property=\"article:publisher\" content=\"https:\/\/www.facebook.com\/creaibiza\" \/>\n<meta property=\"article:modified_time\" content=\"2026-02-23T12:30:10+00:00\" \/>\n<meta property=\"og:image\" content=\"https:\/\/creaibiza.com\/wp-content\/uploads\/2021\/09\/Pino-IBIZA.jpg\" \/>\n\t<meta property=\"og:image:width\" content=\"696\" \/>\n\t<meta property=\"og:image:height\" content=\"696\" \/>\n\t<meta property=\"og:image:type\" content=\"image\/jpeg\" \/>\n<meta name=\"twitter:card\" content=\"summary_large_image\" \/>\n<meta name=\"twitter:label1\" content=\"Estimated reading time\" \/>\n\t<meta name=\"twitter:data1\" content=\"1 minute\" \/>\n<script type=\"application\/ld+json\" class=\"yoast-schema-graph\">{\"@context\":\"https:\/\/schema.org\",\"@graph\":[{\"@type\":\"WebPage\",\"@id\":\"https:\/\/creaibiza.com\/producto\/pino-ibicenco\/\",\"url\":\"https:\/\/creaibiza.com\/producto\/pino-ibicenco\/\",\"name\":\"PINO IBZA - Crea Ibiza\",\"isPartOf\":{\"@id\":\"https:\/\/creaibiza.com\/#website\"},\"primaryImageOfPage\":{\"@id\":\"https:\/\/creaibiza.com\/producto\/pino-ibicenco\/#primaryimage\"},\"image\":{\"@id\":\"https:\/\/creaibiza.com\/producto\/pino-ibicenco\/#primaryimage\"},\"thumbnailUrl\":\"https:\/\/creaibiza.com\/wp-content\/uploads\/2021\/09\/Pino-IBIZA.jpg\",\"datePublished\":\"2021-09-01T11:56:46+00:00\",\"dateModified\":\"2026-02-23T12:30:10+00:00\",\"description\":\"Crea Ibiza - PINO IBZA -\",\"breadcrumb\":{\"@id\":\"https:\/\/creaibiza.com\/producto\/pino-ibicenco\/#breadcrumb\"},\"inLanguage\":\"en-GB\",\"potentialAction\":[{\"@type\":\"ReadAction\",\"target\":[\"https:\/\/creaibiza.com\/producto\/pino-ibicenco\/\"]}]},{\"@type\":\"ImageObject\",\"inLanguage\":\"en-GB\",\"@id\":\"https:\/\/creaibiza.com\/producto\/pino-ibicenco\/#primaryimage\",\"url\":\"https:\/\/creaibiza.com\/wp-content\/uploads\/2021\/09\/Pino-IBIZA.jpg\",\"contentUrl\":\"https:\/\/creaibiza.com\/wp-content\/uploads\/2021\/09\/Pino-IBIZA.jpg\",\"width\":696,\"height\":696},{\"@type\":\"BreadcrumbList\",\"@id\":\"https:\/\/creaibiza.com\/producto\/pino-ibicenco\/#breadcrumb\",\"itemListElement\":[{\"@type\":\"ListItem\",\"position\":1,\"name\":\"Portada\",\"item\":\"https:\/\/creaibiza.com\/\"},{\"@type\":\"ListItem\",\"position\":2,\"name\":\"Tienda\",\"item\":\"https:\/\/creaibiza.com\/en\/tienda\/\"},{\"@type\":\"ListItem\",\"position\":3,\"name\":\"PINO IBZA\"}]},{\"@type\":\"WebSite\",\"@id\":\"https:\/\/creaibiza.com\/#website\",\"url\":\"https:\/\/creaibiza.com\/\",\"name\":\"Crea Ibiza\",\"description\":\"Cer\u00e1mica, sanitarios y revestimientos de dise\u00f1o en Ibiza\",\"publisher\":{\"@id\":\"https:\/\/creaibiza.com\/#organization\"},\"potentialAction\":[{\"@type\":\"SearchAction\",\"target\":{\"@type\":\"EntryPoint\",\"urlTemplate\":\"https:\/\/creaibiza.com\/?s={search_term_string}\"},\"query-input\":{\"@type\":\"PropertyValueSpecification\",\"valueRequired\":true,\"valueName\":\"search_term_string\"}}],\"inLanguage\":\"en-GB\"},{\"@type\":\"Organization\",\"@id\":\"https:\/\/creaibiza.com\/#organization\",\"name\":\"Crea Ibiza\",\"url\":\"https:\/\/creaibiza.com\/\",\"logo\":{\"@type\":\"ImageObject\",\"inLanguage\":\"en-GB\",\"@id\":\"https:\/\/creaibiza.com\/#\/schema\/logo\/image\/\",\"url\":\"https:\/\/creaibiza.com\/wp-content\/uploads\/2024\/02\/cropped-logocrea-web.png\",\"contentUrl\":\"https:\/\/creaibiza.com\/wp-content\/uploads\/2024\/02\/cropped-logocrea-web.png\",\"width\":591,\"height\":210,\"caption\":\"Crea Ibiza\"},\"image\":{\"@id\":\"https:\/\/creaibiza.com\/#\/schema\/logo\/image\/\"},\"sameAs\":[\"https:\/\/www.facebook.com\/creaibiza\",\"https:\/\/www.instagram.com\/creaibiza\"]}]}<\/script>\n<!-- \/ Yoast SEO plugin. -->","yoast_head_json":{"title":"PINO IBZA - Crea Ibiza","description":"Crea Ibiza - PINO IBZA -","robots":{"index":"index","follow":"follow","max-snippet":"max-snippet:-1","max-image-preview":"max-image-preview:large","max-video-preview":"max-video-preview:-1"},"canonical":"https:\/\/creaibiza.com\/en\/product\/pino-ibicenco\/","og_locale":"en_GB","og_type":"article","og_title":"PINO IBZA - Crea Ibiza","og_description":"Crea Ibiza - PINO IBZA -","og_url":"https:\/\/creaibiza.com\/en\/product\/pino-ibicenco\/","og_site_name":"Crea Ibiza","article_publisher":"https:\/\/www.facebook.com\/creaibiza","article_modified_time":"2026-02-23T12:30:10+00:00","og_image":[{"width":696,"height":696,"url":"https:\/\/creaibiza.com\/wp-content\/uploads\/2021\/09\/Pino-IBIZA.jpg","type":"image\/jpeg"}],"twitter_card":"summary_large_image","twitter_misc":{"Estimated reading time":"1 minute"},"schema":{"@context":"https:\/\/schema.org","@graph":[{"@type":"WebPage","@id":"https:\/\/creaibiza.com\/producto\/pino-ibicenco\/","url":"https:\/\/creaibiza.com\/producto\/pino-ibicenco\/","name":"PINO IBZA - Crea Ibiza","isPartOf":{"@id":"https:\/\/creaibiza.com\/#website"},"primaryImageOfPage":{"@id":"https:\/\/creaibiza.com\/producto\/pino-ibicenco\/#primaryimage"},"image":{"@id":"https:\/\/creaibiza.com\/producto\/pino-ibicenco\/#primaryimage"},"thumbnailUrl":"https:\/\/creaibiza.com\/wp-content\/uploads\/2021\/09\/Pino-IBIZA.jpg","datePublished":"2021-09-01T11:56:46+00:00","dateModified":"2026-02-23T12:30:10+00:00","description":"Crea Ibiza - PINO IBZA -","breadcrumb":{"@id":"https:\/\/creaibiza.com\/producto\/pino-ibicenco\/#breadcrumb"},"inLanguage":"en-GB","potentialAction":[{"@type":"ReadAction","target":["https:\/\/creaibiza.com\/producto\/pino-ibicenco\/"]}]},{"@type":"ImageObject","inLanguage":"en-GB","@id":"https:\/\/creaibiza.com\/producto\/pino-ibicenco\/#primaryimage","url":"https:\/\/creaibiza.com\/wp-content\/uploads\/2021\/09\/Pino-IBIZA.jpg","contentUrl":"https:\/\/creaibiza.com\/wp-content\/uploads\/2021\/09\/Pino-IBIZA.jpg","width":696,"height":696},{"@type":"BreadcrumbList","@id":"https:\/\/creaibiza.com\/producto\/pino-ibicenco\/#breadcrumb","itemListElement":[{"@type":"ListItem","position":1,"name":"Portada","item":"https:\/\/creaibiza.com\/"},{"@type":"ListItem","position":2,"name":"Tienda","item":"https:\/\/creaibiza.com\/en\/tienda\/"},{"@type":"ListItem","position":3,"name":"PINO IBZA"}]},{"@type":"WebSite","@id":"https:\/\/creaibiza.com\/#website","url":"https:\/\/creaibiza.com\/","name":"Create Ibiza","description":"Cer\u00e1mica, sanitarios y revestimientos de dise\u00f1o en Ibiza","publisher":{"@id":"https:\/\/creaibiza.com\/#organization"},"potentialAction":[{"@type":"SearchAction","target":{"@type":"EntryPoint","urlTemplate":"https:\/\/creaibiza.com\/?s={search_term_string}"},"query-input":{"@type":"PropertyValueSpecification","valueRequired":true,"valueName":"search_term_string"}}],"inLanguage":"en-GB"},{"@type":"Organization","@id":"https:\/\/creaibiza.com\/#organization","name":"Create Ibiza","url":"https:\/\/creaibiza.com\/","logo":{"@type":"ImageObject","inLanguage":"en-GB","@id":"https:\/\/creaibiza.com\/#\/schema\/logo\/image\/","url":"https:\/\/creaibiza.com\/wp-content\/uploads\/2024\/02\/cropped-logocrea-web.png","contentUrl":"https:\/\/creaibiza.com\/wp-content\/uploads\/2024\/02\/cropped-logocrea-web.png","width":591,"height":210,"caption":"Crea Ibiza"},"image":{"@id":"https:\/\/creaibiza.com\/#\/schema\/logo\/image\/"},"sameAs":["https:\/\/www.facebook.com\/creaibiza","https:\/\/www.instagram.com\/creaibiza"]}]}},"_links":{"self":[{"href":"https:\/\/creaibiza.com\/en\/wp-json\/wp\/v2\/product\/12066","targetHints":{"allow":["GET"]}}],"collection":[{"href":"https:\/\/creaibiza.com\/en\/wp-json\/wp\/v2\/product"}],"about":[{"href":"https:\/\/creaibiza.com\/en\/wp-json\/wp\/v2\/types\/product"}],"version-history":[{"count":4,"href":"https:\/\/creaibiza.com\/en\/wp-json\/wp\/v2\/product\/12066\/revisions"}],"predecessor-version":[{"id":23289,"href":"https:\/\/creaibiza.com\/en\/wp-json\/wp\/v2\/product\/12066\/revisions\/23289"}],"wp:featuredmedia":[{"embeddable":true,"href":"https:\/\/creaibiza.com\/en\/wp-json\/wp\/v2\/media\/36313"}],"wp:attachment":[{"href":"https:\/\/creaibiza.com\/en\/wp-json\/wp\/v2\/media?parent=12066"}],"wp:term":[{"taxonomy":"product_brand","embeddable":true,"href":"https:\/\/creaibiza.com\/en\/wp-json\/wp\/v2\/product_brand?post=12066"},{"taxonomy":"product_cat","embeddable":true,"href":"https:\/\/creaibiza.com\/en\/wp-json\/wp\/v2\/product_cat?post=12066"},{"taxonomy":"product_tag","embeddable":true,"href":"https:\/\/creaibiza.com\/en\/wp-json\/wp\/v2\/product_tag?post=12066"}],"curies":[{"name":"wp","href":"https:\/\/api.w.org\/{rel}","templated":true}]}}