{"id":11227,"date":"2021-08-19T10:46:43","date_gmt":"2021-08-19T10:46:43","guid":{"rendered":"http:\/\/creaibiza.com?post_type=product&#038;p=11227"},"modified":"2026-03-16T18:58:56","modified_gmt":"2026-03-16T17:58:56","slug":"11227","status":"publish","type":"product","link":"https:\/\/creaibiza.com\/en\/product\/11227\/","title":{"rendered":"CANAL LISO"},"content":{"rendered":"<p class=\"font_8\">Los sistemas lineales con canaletas, nos ofrecen la posibilidad de realizar duchas de obra con formatos de pavimento diferentes a los tradicionales, sin apenas juntas y aprovechando al m\u00e1ximo el espacio para la mejor evacuaci\u00f3n. Se pueden colocar al ancho o en todo el largo con una sola ca\u00edda de agua, al medio de la ducha con dos ca\u00eddas y de muchas otras posiciones. Se instalan adosadas a la pared utilizando el accesorio PERFIL LATERAL.<\/p>\n<p class=\"font_8\">Las medidas de las canaletas son:\u00a060\/70\/80\/90\/100\/120 cm x \u00a065 mm. Todas ellas incorporan una ranura perimetral de 6 mm a cada lado.<\/p>\n<p class=\"font_8\">Realizados con acero inoxidable de calidad AISI 304.<\/p>","protected":false},"excerpt":{"rendered":"<p>Los sistemas lineales con canaletas, nos ofrecen la posibilidad de realizar duchas de obra con formatos de pavimento diferentes a los tradicionales, sin apenas juntas y aprovechando al m\u00e1ximo el espacio para la mejor evacuaci\u00f3n. Se pueden colocar al ancho o en todo el largo con una sola ca\u00edda de agua, al medio de la &hellip; <\/p>\n<p class=\"link-more\"><a href=\"https:\/\/creaibiza.com\/en\/product\/11227\/\" class=\"more-link\">Read More <span class=\"screen-reader-text\"> \u00abCANAL LISO\u00bb<\/span><\/a><\/p>","protected":false},"featured_media":36959,"template":"","meta":{"_acf_changed":false},"product_brand":[514],"product_cat":[396],"product_tag":[],"class_list":{"0":"post-11227","1":"product","2":"type-product","3":"status-publish","4":"has-post-thumbnail","6":"product_brand-guru","7":"product_cat-platos-de-ducha","9":"first","10":"instock","11":"taxable","12":"shipping-taxable","13":"purchasable","14":"product-type-variable"},"acf":[],"yoast_head":"<!-- This site is optimized with the Yoast SEO plugin v27.2 - https:\/\/yoast.com\/product\/yoast-seo-wordpress\/ -->\n<title>CANAL LISO - Crea Ibiza<\/title>\n<meta name=\"description\" content=\"Crea Ibiza - CANAL LISO -\" \/>\n<meta name=\"robots\" content=\"index, follow, max-snippet:-1, max-image-preview:large, max-video-preview:-1\" \/>\n<link rel=\"canonical\" href=\"https:\/\/creaibiza.com\/en\/product\/11227\/\" \/>\n<meta property=\"og:locale\" content=\"en_GB\" \/>\n<meta property=\"og:type\" content=\"article\" \/>\n<meta property=\"og:title\" content=\"CANAL LISO - Crea Ibiza\" \/>\n<meta property=\"og:description\" content=\"Crea Ibiza - CANAL LISO -\" \/>\n<meta property=\"og:url\" content=\"https:\/\/creaibiza.com\/en\/product\/11227\/\" \/>\n<meta property=\"og:site_name\" content=\"Crea Ibiza\" \/>\n<meta property=\"article:publisher\" content=\"https:\/\/www.facebook.com\/creaibiza\" \/>\n<meta property=\"article:modified_time\" content=\"2026-03-16T17:58:56+00:00\" \/>\n<meta property=\"og:image\" content=\"https:\/\/creaibiza.com\/wp-content\/uploads\/2021\/08\/DETALLE-CRISTAL-LINEAL_001-2.jpg.webp\" \/>\n\t<meta property=\"og:image:width\" content=\"2400\" \/>\n\t<meta property=\"og:image:height\" content=\"2400\" \/>\n\t<meta property=\"og:image:type\" content=\"image\/webp\" \/>\n<meta name=\"twitter:card\" content=\"summary_large_image\" \/>\n<meta name=\"twitter:label1\" content=\"Estimated reading time\" \/>\n\t<meta name=\"twitter:data1\" content=\"1 minute\" \/>\n<script type=\"application\/ld+json\" class=\"yoast-schema-graph\">{\"@context\":\"https:\/\/schema.org\",\"@graph\":[{\"@type\":\"WebPage\",\"@id\":\"https:\/\/creaibiza.com\/producto\/11227\/\",\"url\":\"https:\/\/creaibiza.com\/producto\/11227\/\",\"name\":\"CANAL LISO - Crea Ibiza\",\"isPartOf\":{\"@id\":\"https:\/\/creaibiza.com\/#website\"},\"primaryImageOfPage\":{\"@id\":\"https:\/\/creaibiza.com\/producto\/11227\/#primaryimage\"},\"image\":{\"@id\":\"https:\/\/creaibiza.com\/producto\/11227\/#primaryimage\"},\"thumbnailUrl\":\"https:\/\/creaibiza.com\/wp-content\/uploads\/2021\/08\/DETALLE-CRISTAL-LINEAL_001-2.jpg.webp\",\"datePublished\":\"2021-08-19T10:46:43+00:00\",\"dateModified\":\"2026-03-16T17:58:56+00:00\",\"description\":\"Crea Ibiza - CANAL LISO -\",\"breadcrumb\":{\"@id\":\"https:\/\/creaibiza.com\/producto\/11227\/#breadcrumb\"},\"inLanguage\":\"en-GB\",\"potentialAction\":[{\"@type\":\"ReadAction\",\"target\":[\"https:\/\/creaibiza.com\/producto\/11227\/\"]}]},{\"@type\":\"ImageObject\",\"inLanguage\":\"en-GB\",\"@id\":\"https:\/\/creaibiza.com\/producto\/11227\/#primaryimage\",\"url\":\"https:\/\/creaibiza.com\/wp-content\/uploads\/2021\/08\/DETALLE-CRISTAL-LINEAL_001-2.jpg.webp\",\"contentUrl\":\"https:\/\/creaibiza.com\/wp-content\/uploads\/2021\/08\/DETALLE-CRISTAL-LINEAL_001-2.jpg.webp\",\"width\":2400,\"height\":2400},{\"@type\":\"BreadcrumbList\",\"@id\":\"https:\/\/creaibiza.com\/producto\/11227\/#breadcrumb\",\"itemListElement\":[{\"@type\":\"ListItem\",\"position\":1,\"name\":\"Portada\",\"item\":\"https:\/\/creaibiza.com\/\"},{\"@type\":\"ListItem\",\"position\":2,\"name\":\"Tienda\",\"item\":\"https:\/\/creaibiza.com\/en\/tienda\/\"},{\"@type\":\"ListItem\",\"position\":3,\"name\":\"CANAL LISO\"}]},{\"@type\":\"WebSite\",\"@id\":\"https:\/\/creaibiza.com\/#website\",\"url\":\"https:\/\/creaibiza.com\/\",\"name\":\"Crea Ibiza\",\"description\":\"Cer\u00e1mica, sanitarios y revestimientos de dise\u00f1o en Ibiza\",\"publisher\":{\"@id\":\"https:\/\/creaibiza.com\/#organization\"},\"potentialAction\":[{\"@type\":\"SearchAction\",\"target\":{\"@type\":\"EntryPoint\",\"urlTemplate\":\"https:\/\/creaibiza.com\/?s={search_term_string}\"},\"query-input\":{\"@type\":\"PropertyValueSpecification\",\"valueRequired\":true,\"valueName\":\"search_term_string\"}}],\"inLanguage\":\"en-GB\"},{\"@type\":\"Organization\",\"@id\":\"https:\/\/creaibiza.com\/#organization\",\"name\":\"Crea Ibiza\",\"url\":\"https:\/\/creaibiza.com\/\",\"logo\":{\"@type\":\"ImageObject\",\"inLanguage\":\"en-GB\",\"@id\":\"https:\/\/creaibiza.com\/#\/schema\/logo\/image\/\",\"url\":\"https:\/\/creaibiza.com\/wp-content\/uploads\/2024\/02\/cropped-logocrea-web.png\",\"contentUrl\":\"https:\/\/creaibiza.com\/wp-content\/uploads\/2024\/02\/cropped-logocrea-web.png\",\"width\":591,\"height\":210,\"caption\":\"Crea Ibiza\"},\"image\":{\"@id\":\"https:\/\/creaibiza.com\/#\/schema\/logo\/image\/\"},\"sameAs\":[\"https:\/\/www.facebook.com\/creaibiza\",\"https:\/\/www.instagram.com\/creaibiza\"]}]}<\/script>\n<!-- \/ Yoast SEO plugin. -->","yoast_head_json":{"title":"CANAL LISO - Crea Ibiza","description":"Crea Ibiza - CANAL LISO -","robots":{"index":"index","follow":"follow","max-snippet":"max-snippet:-1","max-image-preview":"max-image-preview:large","max-video-preview":"max-video-preview:-1"},"canonical":"https:\/\/creaibiza.com\/en\/product\/11227\/","og_locale":"en_GB","og_type":"article","og_title":"CANAL LISO - Crea Ibiza","og_description":"Crea Ibiza - CANAL LISO -","og_url":"https:\/\/creaibiza.com\/en\/product\/11227\/","og_site_name":"Crea Ibiza","article_publisher":"https:\/\/www.facebook.com\/creaibiza","article_modified_time":"2026-03-16T17:58:56+00:00","og_image":[{"width":2400,"height":2400,"url":"https:\/\/creaibiza.com\/wp-content\/uploads\/2021\/08\/DETALLE-CRISTAL-LINEAL_001-2.jpg.webp","type":"image\/webp"}],"twitter_card":"summary_large_image","twitter_misc":{"Estimated reading time":"1 minute"},"schema":{"@context":"https:\/\/schema.org","@graph":[{"@type":"WebPage","@id":"https:\/\/creaibiza.com\/producto\/11227\/","url":"https:\/\/creaibiza.com\/producto\/11227\/","name":"CANAL LISO - Crea Ibiza","isPartOf":{"@id":"https:\/\/creaibiza.com\/#website"},"primaryImageOfPage":{"@id":"https:\/\/creaibiza.com\/producto\/11227\/#primaryimage"},"image":{"@id":"https:\/\/creaibiza.com\/producto\/11227\/#primaryimage"},"thumbnailUrl":"https:\/\/creaibiza.com\/wp-content\/uploads\/2021\/08\/DETALLE-CRISTAL-LINEAL_001-2.jpg.webp","datePublished":"2021-08-19T10:46:43+00:00","dateModified":"2026-03-16T17:58:56+00:00","description":"Crea Ibiza - CANAL LISO -","breadcrumb":{"@id":"https:\/\/creaibiza.com\/producto\/11227\/#breadcrumb"},"inLanguage":"en-GB","potentialAction":[{"@type":"ReadAction","target":["https:\/\/creaibiza.com\/producto\/11227\/"]}]},{"@type":"ImageObject","inLanguage":"en-GB","@id":"https:\/\/creaibiza.com\/producto\/11227\/#primaryimage","url":"https:\/\/creaibiza.com\/wp-content\/uploads\/2021\/08\/DETALLE-CRISTAL-LINEAL_001-2.jpg.webp","contentUrl":"https:\/\/creaibiza.com\/wp-content\/uploads\/2021\/08\/DETALLE-CRISTAL-LINEAL_001-2.jpg.webp","width":2400,"height":2400},{"@type":"BreadcrumbList","@id":"https:\/\/creaibiza.com\/producto\/11227\/#breadcrumb","itemListElement":[{"@type":"ListItem","position":1,"name":"Portada","item":"https:\/\/creaibiza.com\/"},{"@type":"ListItem","position":2,"name":"Tienda","item":"https:\/\/creaibiza.com\/en\/tienda\/"},{"@type":"ListItem","position":3,"name":"CANAL LISO"}]},{"@type":"WebSite","@id":"https:\/\/creaibiza.com\/#website","url":"https:\/\/creaibiza.com\/","name":"Create Ibiza","description":"Cer\u00e1mica, sanitarios y revestimientos de dise\u00f1o en Ibiza","publisher":{"@id":"https:\/\/creaibiza.com\/#organization"},"potentialAction":[{"@type":"SearchAction","target":{"@type":"EntryPoint","urlTemplate":"https:\/\/creaibiza.com\/?s={search_term_string}"},"query-input":{"@type":"PropertyValueSpecification","valueRequired":true,"valueName":"search_term_string"}}],"inLanguage":"en-GB"},{"@type":"Organization","@id":"https:\/\/creaibiza.com\/#organization","name":"Create Ibiza","url":"https:\/\/creaibiza.com\/","logo":{"@type":"ImageObject","inLanguage":"en-GB","@id":"https:\/\/creaibiza.com\/#\/schema\/logo\/image\/","url":"https:\/\/creaibiza.com\/wp-content\/uploads\/2024\/02\/cropped-logocrea-web.png","contentUrl":"https:\/\/creaibiza.com\/wp-content\/uploads\/2024\/02\/cropped-logocrea-web.png","width":591,"height":210,"caption":"Crea Ibiza"},"image":{"@id":"https:\/\/creaibiza.com\/#\/schema\/logo\/image\/"},"sameAs":["https:\/\/www.facebook.com\/creaibiza","https:\/\/www.instagram.com\/creaibiza"]}]}},"_links":{"self":[{"href":"https:\/\/creaibiza.com\/en\/wp-json\/wp\/v2\/product\/11227","targetHints":{"allow":["GET"]}}],"collection":[{"href":"https:\/\/creaibiza.com\/en\/wp-json\/wp\/v2\/product"}],"about":[{"href":"https:\/\/creaibiza.com\/en\/wp-json\/wp\/v2\/types\/product"}],"version-history":[{"count":6,"href":"https:\/\/creaibiza.com\/en\/wp-json\/wp\/v2\/product\/11227\/revisions"}],"predecessor-version":[{"id":23296,"href":"https:\/\/creaibiza.com\/en\/wp-json\/wp\/v2\/product\/11227\/revisions\/23296"}],"wp:featuredmedia":[{"embeddable":true,"href":"https:\/\/creaibiza.com\/en\/wp-json\/wp\/v2\/media\/36959"}],"wp:attachment":[{"href":"https:\/\/creaibiza.com\/en\/wp-json\/wp\/v2\/media?parent=11227"}],"wp:term":[{"taxonomy":"product_brand","embeddable":true,"href":"https:\/\/creaibiza.com\/en\/wp-json\/wp\/v2\/product_brand?post=11227"},{"taxonomy":"product_cat","embeddable":true,"href":"https:\/\/creaibiza.com\/en\/wp-json\/wp\/v2\/product_cat?post=11227"},{"taxonomy":"product_tag","embeddable":true,"href":"https:\/\/creaibiza.com\/en\/wp-json\/wp\/v2\/product_tag?post=11227"}],"curies":[{"name":"wp","href":"https:\/\/api.w.org\/{rel}","templated":true}]}}