{"id":11215,"date":"2021-08-18T11:53:28","date_gmt":"2021-08-18T11:53:28","guid":{"rendered":"http:\/\/creaibiza.com?post_type=product&#038;p=11215"},"modified":"2026-03-16T19:12:47","modified_gmt":"2026-03-16T18:12:47","slug":"plato-ducha-colors","status":"publish","type":"product","link":"https:\/\/creaibiza.com\/en\/product\/plato-ducha-colors\/","title":{"rendered":"COLORS"},"content":{"rendered":"<p class=\"font_8\">El Sistema COLORS est\u00e1 formado por un sumidero sif\u00f3nico, una pieza de l\u00e1mina impermeable sellada en f\u00e1brica a un adaptador especial para su conexi\u00f3n al sumidero y por una cazoleta de ABS con rejilla de acero inoxidable, para desag\u00fce puntual a 4 aguas.<\/p>\n<p class=\"font_8\">L\u00e1mina de 2 x 1,5 m (3 m\u00b2) con adaptador de conexi\u00f3n centrado al ancho y a 2\/3 en el largo (a 66 cm del borde m\u00e1s cercano).<\/p>\n<p class=\"font_8\"><span class=\"wixGuard\">\u200b<\/span>Destacamos nuevos acabados fant\u00e1sticos para que el ba\u00f1o tenga un aspecto exclusivo. Puede elegir entre acabados y tratamientos de color como son los siguientes: pulido, oro, negro y bronce.<\/p>","protected":false},"excerpt":{"rendered":"<p>El Sistema COLORS est\u00e1 formado por un sumidero sif\u00f3nico, una pieza de l\u00e1mina impermeable sellada en f\u00e1brica a un adaptador especial para su conexi\u00f3n al sumidero y por una cazoleta de ABS con rejilla de acero inoxidable, para desag\u00fce puntual a 4 aguas. L\u00e1mina de 2 x 1,5 m (3 m\u00b2) con adaptador de conexi\u00f3n &hellip; <\/p>\n<p class=\"link-more\"><a href=\"https:\/\/creaibiza.com\/en\/product\/plato-ducha-colors\/\" class=\"more-link\">Read More <span class=\"screen-reader-text\"> \u00abCOLORS\u00bb<\/span><\/a><\/p>","protected":false},"featured_media":36961,"template":"","meta":{"_acf_changed":false},"product_brand":[514],"product_cat":[396],"product_tag":[],"class_list":{"0":"post-11215","1":"product","2":"type-product","3":"status-publish","4":"has-post-thumbnail","6":"product_brand-guru","7":"product_cat-platos-de-ducha","9":"first","10":"instock","11":"taxable","12":"shipping-taxable","13":"purchasable","14":"product-type-variable"},"acf":[],"yoast_head":"<!-- This site is optimized with the Yoast SEO plugin v27.2 - https:\/\/yoast.com\/product\/yoast-seo-wordpress\/ -->\n<title>COLORS - Crea Ibiza<\/title>\n<meta name=\"description\" content=\"Crea Ibiza - COLORS -\" \/>\n<meta name=\"robots\" content=\"index, follow, max-snippet:-1, max-image-preview:large, max-video-preview:-1\" \/>\n<link rel=\"canonical\" href=\"https:\/\/creaibiza.com\/en\/product\/plato-ducha-colors\/\" \/>\n<meta property=\"og:locale\" content=\"en_GB\" \/>\n<meta property=\"og:type\" content=\"article\" \/>\n<meta property=\"og:title\" content=\"COLORS - Crea Ibiza\" \/>\n<meta property=\"og:description\" content=\"Crea Ibiza - COLORS -\" \/>\n<meta property=\"og:url\" content=\"https:\/\/creaibiza.com\/en\/product\/plato-ducha-colors\/\" \/>\n<meta property=\"og:site_name\" content=\"Crea Ibiza\" \/>\n<meta property=\"article:publisher\" content=\"https:\/\/www.facebook.com\/creaibiza\" \/>\n<meta property=\"article:modified_time\" content=\"2026-03-16T18:12:47+00:00\" \/>\n<meta property=\"og:image\" content=\"https:\/\/creaibiza.com\/wp-content\/uploads\/2021\/08\/ORO-1-1536x864.jpg.webp\" \/>\n\t<meta property=\"og:image:width\" content=\"1536\" \/>\n\t<meta property=\"og:image:height\" content=\"864\" \/>\n\t<meta property=\"og:image:type\" content=\"image\/webp\" \/>\n<meta name=\"twitter:card\" content=\"summary_large_image\" \/>\n<meta name=\"twitter:label1\" content=\"Estimated reading time\" \/>\n\t<meta name=\"twitter:data1\" content=\"1 minute\" \/>\n<script type=\"application\/ld+json\" class=\"yoast-schema-graph\">{\"@context\":\"https:\/\/schema.org\",\"@graph\":[{\"@type\":\"WebPage\",\"@id\":\"https:\/\/creaibiza.com\/producto\/plato-ducha-colors\/\",\"url\":\"https:\/\/creaibiza.com\/producto\/plato-ducha-colors\/\",\"name\":\"COLORS - Crea Ibiza\",\"isPartOf\":{\"@id\":\"https:\/\/creaibiza.com\/#website\"},\"primaryImageOfPage\":{\"@id\":\"https:\/\/creaibiza.com\/producto\/plato-ducha-colors\/#primaryimage\"},\"image\":{\"@id\":\"https:\/\/creaibiza.com\/producto\/plato-ducha-colors\/#primaryimage\"},\"thumbnailUrl\":\"https:\/\/creaibiza.com\/wp-content\/uploads\/2021\/08\/ORO-1-1536x864.jpg.webp\",\"datePublished\":\"2021-08-18T11:53:28+00:00\",\"dateModified\":\"2026-03-16T18:12:47+00:00\",\"description\":\"Crea Ibiza - COLORS -\",\"breadcrumb\":{\"@id\":\"https:\/\/creaibiza.com\/producto\/plato-ducha-colors\/#breadcrumb\"},\"inLanguage\":\"en-GB\",\"potentialAction\":[{\"@type\":\"ReadAction\",\"target\":[\"https:\/\/creaibiza.com\/producto\/plato-ducha-colors\/\"]}]},{\"@type\":\"ImageObject\",\"inLanguage\":\"en-GB\",\"@id\":\"https:\/\/creaibiza.com\/producto\/plato-ducha-colors\/#primaryimage\",\"url\":\"https:\/\/creaibiza.com\/wp-content\/uploads\/2021\/08\/ORO-1-1536x864.jpg.webp\",\"contentUrl\":\"https:\/\/creaibiza.com\/wp-content\/uploads\/2021\/08\/ORO-1-1536x864.jpg.webp\",\"width\":1536,\"height\":864},{\"@type\":\"BreadcrumbList\",\"@id\":\"https:\/\/creaibiza.com\/producto\/plato-ducha-colors\/#breadcrumb\",\"itemListElement\":[{\"@type\":\"ListItem\",\"position\":1,\"name\":\"Portada\",\"item\":\"https:\/\/creaibiza.com\/\"},{\"@type\":\"ListItem\",\"position\":2,\"name\":\"Tienda\",\"item\":\"https:\/\/creaibiza.com\/en\/tienda\/\"},{\"@type\":\"ListItem\",\"position\":3,\"name\":\"COLORS\"}]},{\"@type\":\"WebSite\",\"@id\":\"https:\/\/creaibiza.com\/#website\",\"url\":\"https:\/\/creaibiza.com\/\",\"name\":\"Crea Ibiza\",\"description\":\"Cer\u00e1mica, sanitarios y revestimientos de dise\u00f1o en Ibiza\",\"publisher\":{\"@id\":\"https:\/\/creaibiza.com\/#organization\"},\"potentialAction\":[{\"@type\":\"SearchAction\",\"target\":{\"@type\":\"EntryPoint\",\"urlTemplate\":\"https:\/\/creaibiza.com\/?s={search_term_string}\"},\"query-input\":{\"@type\":\"PropertyValueSpecification\",\"valueRequired\":true,\"valueName\":\"search_term_string\"}}],\"inLanguage\":\"en-GB\"},{\"@type\":\"Organization\",\"@id\":\"https:\/\/creaibiza.com\/#organization\",\"name\":\"Crea Ibiza\",\"url\":\"https:\/\/creaibiza.com\/\",\"logo\":{\"@type\":\"ImageObject\",\"inLanguage\":\"en-GB\",\"@id\":\"https:\/\/creaibiza.com\/#\/schema\/logo\/image\/\",\"url\":\"https:\/\/creaibiza.com\/wp-content\/uploads\/2024\/02\/cropped-logocrea-web.png\",\"contentUrl\":\"https:\/\/creaibiza.com\/wp-content\/uploads\/2024\/02\/cropped-logocrea-web.png\",\"width\":591,\"height\":210,\"caption\":\"Crea Ibiza\"},\"image\":{\"@id\":\"https:\/\/creaibiza.com\/#\/schema\/logo\/image\/\"},\"sameAs\":[\"https:\/\/www.facebook.com\/creaibiza\",\"https:\/\/www.instagram.com\/creaibiza\"]}]}<\/script>\n<!-- \/ Yoast SEO plugin. -->","yoast_head_json":{"title":"COLORS - Crea Ibiza","description":"Crea Ibiza - COLORS -","robots":{"index":"index","follow":"follow","max-snippet":"max-snippet:-1","max-image-preview":"max-image-preview:large","max-video-preview":"max-video-preview:-1"},"canonical":"https:\/\/creaibiza.com\/en\/product\/plato-ducha-colors\/","og_locale":"en_GB","og_type":"article","og_title":"COLORS - Crea Ibiza","og_description":"Crea Ibiza - COLORS -","og_url":"https:\/\/creaibiza.com\/en\/product\/plato-ducha-colors\/","og_site_name":"Crea Ibiza","article_publisher":"https:\/\/www.facebook.com\/creaibiza","article_modified_time":"2026-03-16T18:12:47+00:00","og_image":[{"width":1536,"height":864,"url":"https:\/\/creaibiza.com\/wp-content\/uploads\/2021\/08\/ORO-1-1536x864.jpg.webp","type":"image\/webp"}],"twitter_card":"summary_large_image","twitter_misc":{"Estimated reading time":"1 minute"},"schema":{"@context":"https:\/\/schema.org","@graph":[{"@type":"WebPage","@id":"https:\/\/creaibiza.com\/producto\/plato-ducha-colors\/","url":"https:\/\/creaibiza.com\/producto\/plato-ducha-colors\/","name":"COLORS - Crea Ibiza","isPartOf":{"@id":"https:\/\/creaibiza.com\/#website"},"primaryImageOfPage":{"@id":"https:\/\/creaibiza.com\/producto\/plato-ducha-colors\/#primaryimage"},"image":{"@id":"https:\/\/creaibiza.com\/producto\/plato-ducha-colors\/#primaryimage"},"thumbnailUrl":"https:\/\/creaibiza.com\/wp-content\/uploads\/2021\/08\/ORO-1-1536x864.jpg.webp","datePublished":"2021-08-18T11:53:28+00:00","dateModified":"2026-03-16T18:12:47+00:00","description":"Crea Ibiza - COLORS -","breadcrumb":{"@id":"https:\/\/creaibiza.com\/producto\/plato-ducha-colors\/#breadcrumb"},"inLanguage":"en-GB","potentialAction":[{"@type":"ReadAction","target":["https:\/\/creaibiza.com\/producto\/plato-ducha-colors\/"]}]},{"@type":"ImageObject","inLanguage":"en-GB","@id":"https:\/\/creaibiza.com\/producto\/plato-ducha-colors\/#primaryimage","url":"https:\/\/creaibiza.com\/wp-content\/uploads\/2021\/08\/ORO-1-1536x864.jpg.webp","contentUrl":"https:\/\/creaibiza.com\/wp-content\/uploads\/2021\/08\/ORO-1-1536x864.jpg.webp","width":1536,"height":864},{"@type":"BreadcrumbList","@id":"https:\/\/creaibiza.com\/producto\/plato-ducha-colors\/#breadcrumb","itemListElement":[{"@type":"ListItem","position":1,"name":"Portada","item":"https:\/\/creaibiza.com\/"},{"@type":"ListItem","position":2,"name":"Tienda","item":"https:\/\/creaibiza.com\/en\/tienda\/"},{"@type":"ListItem","position":3,"name":"COLORS"}]},{"@type":"WebSite","@id":"https:\/\/creaibiza.com\/#website","url":"https:\/\/creaibiza.com\/","name":"Create Ibiza","description":"Cer\u00e1mica, sanitarios y revestimientos de dise\u00f1o en Ibiza","publisher":{"@id":"https:\/\/creaibiza.com\/#organization"},"potentialAction":[{"@type":"SearchAction","target":{"@type":"EntryPoint","urlTemplate":"https:\/\/creaibiza.com\/?s={search_term_string}"},"query-input":{"@type":"PropertyValueSpecification","valueRequired":true,"valueName":"search_term_string"}}],"inLanguage":"en-GB"},{"@type":"Organization","@id":"https:\/\/creaibiza.com\/#organization","name":"Create Ibiza","url":"https:\/\/creaibiza.com\/","logo":{"@type":"ImageObject","inLanguage":"en-GB","@id":"https:\/\/creaibiza.com\/#\/schema\/logo\/image\/","url":"https:\/\/creaibiza.com\/wp-content\/uploads\/2024\/02\/cropped-logocrea-web.png","contentUrl":"https:\/\/creaibiza.com\/wp-content\/uploads\/2024\/02\/cropped-logocrea-web.png","width":591,"height":210,"caption":"Crea Ibiza"},"image":{"@id":"https:\/\/creaibiza.com\/#\/schema\/logo\/image\/"},"sameAs":["https:\/\/www.facebook.com\/creaibiza","https:\/\/www.instagram.com\/creaibiza"]}]}},"_links":{"self":[{"href":"https:\/\/creaibiza.com\/en\/wp-json\/wp\/v2\/product\/11215","targetHints":{"allow":["GET"]}}],"collection":[{"href":"https:\/\/creaibiza.com\/en\/wp-json\/wp\/v2\/product"}],"about":[{"href":"https:\/\/creaibiza.com\/en\/wp-json\/wp\/v2\/types\/product"}],"version-history":[{"count":5,"href":"https:\/\/creaibiza.com\/en\/wp-json\/wp\/v2\/product\/11215\/revisions"}],"predecessor-version":[{"id":23297,"href":"https:\/\/creaibiza.com\/en\/wp-json\/wp\/v2\/product\/11215\/revisions\/23297"}],"wp:featuredmedia":[{"embeddable":true,"href":"https:\/\/creaibiza.com\/en\/wp-json\/wp\/v2\/media\/36961"}],"wp:attachment":[{"href":"https:\/\/creaibiza.com\/en\/wp-json\/wp\/v2\/media?parent=11215"}],"wp:term":[{"taxonomy":"product_brand","embeddable":true,"href":"https:\/\/creaibiza.com\/en\/wp-json\/wp\/v2\/product_brand?post=11215"},{"taxonomy":"product_cat","embeddable":true,"href":"https:\/\/creaibiza.com\/en\/wp-json\/wp\/v2\/product_cat?post=11215"},{"taxonomy":"product_tag","embeddable":true,"href":"https:\/\/creaibiza.com\/en\/wp-json\/wp\/v2\/product_tag?post=11215"}],"curies":[{"name":"wp","href":"https:\/\/api.w.org\/{rel}","templated":true}]}}