{"id":10666,"date":"2021-08-10T20:28:35","date_gmt":"2021-08-10T20:28:35","guid":{"rendered":"http:\/\/creaibiza.com?post_type=product&#038;p=10666"},"modified":"2026-03-10T17:55:15","modified_gmt":"2026-03-10T16:55:15","slug":"soho-wall-basin-mix","status":"publish","type":"product","link":"https:\/\/creaibiza.com\/en\/product\/soho-wall-basin-mix\/","title":{"rendered":"SOHO WALL BASIN MIX"},"content":{"rendered":"<p>SoHo es un modelo dise\u00f1ado en la cosmopolita Nueva York. Un crisol din\u00e1mico de culturas y estilos, y hogar de innumerables apartamentos tipo loft industrial, SoHo es austero y austero. Esta l\u00ednea de productos independiente se caracteriza por la misma simplicidad. Menos es m\u00e1s. Gracias al cartucho de un movimiento en el mecanismo del grifo, la manija inteligentemente dise\u00f1ada con un revestimiento de goma t\u00e1ctil se puede operar de la misma manera que un joystick.<\/p>","protected":false},"excerpt":{"rendered":"<p>SoHo es un modelo dise\u00f1ado en la cosmopolita Nueva York. Un crisol din\u00e1mico de culturas y estilos, y hogar de innumerables apartamentos tipo loft industrial, SoHo es austero y austero. Esta l\u00ednea de productos independiente se caracteriza por la misma simplicidad. Menos es m\u00e1s. Gracias al cartucho de un movimiento en el mecanismo del grifo, &hellip; <\/p>\n<p class=\"link-more\"><a href=\"https:\/\/creaibiza.com\/en\/product\/soho-wall-basin-mix\/\" class=\"more-link\">Read More <span class=\"screen-reader-text\"> \u00abSOHO WALL BASIN MIX\u00bb<\/span><\/a><\/p>","protected":false},"featured_media":36726,"template":"","meta":{"_acf_changed":false},"product_brand":[493],"product_cat":[209,705],"product_tag":[1341],"class_list":{"0":"post-10666","1":"product","2":"type-product","3":"status-publish","4":"has-post-thumbnail","6":"product_brand-jee-o","7":"product_cat-griferia","8":"product_cat-lavabos-griferia","9":"product_tag-griferia","11":"first","12":"instock","13":"taxable","14":"shipping-taxable","15":"purchasable","16":"product-type-simple"},"acf":[],"yoast_head":"<!-- This site is optimized with the Yoast SEO plugin v27.2 - https:\/\/yoast.com\/product\/yoast-seo-wordpress\/ -->\n<title>SOHO WALL BASIN MIX - Crea Ibiza<\/title>\n<meta name=\"description\" content=\"Crea Ibiza - SOHO WALL BASIN MIX -\" \/>\n<meta name=\"robots\" content=\"index, follow, max-snippet:-1, max-image-preview:large, max-video-preview:-1\" \/>\n<link rel=\"canonical\" href=\"https:\/\/creaibiza.com\/en\/product\/soho-wall-basin-mix\/\" \/>\n<meta property=\"og:locale\" content=\"en_GB\" \/>\n<meta property=\"og:type\" content=\"article\" \/>\n<meta property=\"og:title\" content=\"SOHO WALL BASIN MIX - Crea Ibiza\" \/>\n<meta property=\"og:description\" content=\"Crea Ibiza - SOHO WALL BASIN MIX -\" \/>\n<meta property=\"og:url\" content=\"https:\/\/creaibiza.com\/en\/product\/soho-wall-basin-mix\/\" \/>\n<meta property=\"og:site_name\" content=\"Crea Ibiza\" \/>\n<meta property=\"article:publisher\" content=\"https:\/\/www.facebook.com\/creaibiza\" \/>\n<meta property=\"article:modified_time\" content=\"2026-03-10T16:55:15+00:00\" \/>\n<meta property=\"og:image\" content=\"https:\/\/creaibiza.com\/wp-content\/uploads\/2021\/08\/collection-page-site-soho-wall-basin-mixer-19.jpg\" \/>\n\t<meta property=\"og:image:width\" content=\"846\" \/>\n\t<meta property=\"og:image:height\" content=\"672\" \/>\n\t<meta property=\"og:image:type\" content=\"image\/jpeg\" \/>\n<meta name=\"twitter:card\" content=\"summary_large_image\" \/>\n<meta name=\"twitter:label1\" content=\"Estimated reading time\" \/>\n\t<meta name=\"twitter:data1\" content=\"1 minute\" \/>\n<script type=\"application\/ld+json\" class=\"yoast-schema-graph\">{\"@context\":\"https:\/\/schema.org\",\"@graph\":[{\"@type\":\"WebPage\",\"@id\":\"https:\/\/creaibiza.com\/producto\/soho-wall-basin-mix\/\",\"url\":\"https:\/\/creaibiza.com\/producto\/soho-wall-basin-mix\/\",\"name\":\"SOHO WALL BASIN MIX - Crea Ibiza\",\"isPartOf\":{\"@id\":\"https:\/\/creaibiza.com\/#website\"},\"primaryImageOfPage\":{\"@id\":\"https:\/\/creaibiza.com\/producto\/soho-wall-basin-mix\/#primaryimage\"},\"image\":{\"@id\":\"https:\/\/creaibiza.com\/producto\/soho-wall-basin-mix\/#primaryimage\"},\"thumbnailUrl\":\"https:\/\/creaibiza.com\/wp-content\/uploads\/2021\/08\/collection-page-site-soho-wall-basin-mixer-19.jpg\",\"datePublished\":\"2021-08-10T20:28:35+00:00\",\"dateModified\":\"2026-03-10T16:55:15+00:00\",\"description\":\"Crea Ibiza - SOHO WALL BASIN MIX -\",\"breadcrumb\":{\"@id\":\"https:\/\/creaibiza.com\/producto\/soho-wall-basin-mix\/#breadcrumb\"},\"inLanguage\":\"en-GB\",\"potentialAction\":[{\"@type\":\"ReadAction\",\"target\":[\"https:\/\/creaibiza.com\/producto\/soho-wall-basin-mix\/\"]}]},{\"@type\":\"ImageObject\",\"inLanguage\":\"en-GB\",\"@id\":\"https:\/\/creaibiza.com\/producto\/soho-wall-basin-mix\/#primaryimage\",\"url\":\"https:\/\/creaibiza.com\/wp-content\/uploads\/2021\/08\/collection-page-site-soho-wall-basin-mixer-19.jpg\",\"contentUrl\":\"https:\/\/creaibiza.com\/wp-content\/uploads\/2021\/08\/collection-page-site-soho-wall-basin-mixer-19.jpg\",\"width\":846,\"height\":672},{\"@type\":\"BreadcrumbList\",\"@id\":\"https:\/\/creaibiza.com\/producto\/soho-wall-basin-mix\/#breadcrumb\",\"itemListElement\":[{\"@type\":\"ListItem\",\"position\":1,\"name\":\"Portada\",\"item\":\"https:\/\/creaibiza.com\/\"},{\"@type\":\"ListItem\",\"position\":2,\"name\":\"Tienda\",\"item\":\"https:\/\/creaibiza.com\/en\/tienda\/\"},{\"@type\":\"ListItem\",\"position\":3,\"name\":\"SOHO WALL BASIN MIX\"}]},{\"@type\":\"WebSite\",\"@id\":\"https:\/\/creaibiza.com\/#website\",\"url\":\"https:\/\/creaibiza.com\/\",\"name\":\"Crea Ibiza\",\"description\":\"Cer\u00e1mica, sanitarios y revestimientos de dise\u00f1o en Ibiza\",\"publisher\":{\"@id\":\"https:\/\/creaibiza.com\/#organization\"},\"potentialAction\":[{\"@type\":\"SearchAction\",\"target\":{\"@type\":\"EntryPoint\",\"urlTemplate\":\"https:\/\/creaibiza.com\/?s={search_term_string}\"},\"query-input\":{\"@type\":\"PropertyValueSpecification\",\"valueRequired\":true,\"valueName\":\"search_term_string\"}}],\"inLanguage\":\"en-GB\"},{\"@type\":\"Organization\",\"@id\":\"https:\/\/creaibiza.com\/#organization\",\"name\":\"Crea Ibiza\",\"url\":\"https:\/\/creaibiza.com\/\",\"logo\":{\"@type\":\"ImageObject\",\"inLanguage\":\"en-GB\",\"@id\":\"https:\/\/creaibiza.com\/#\/schema\/logo\/image\/\",\"url\":\"https:\/\/creaibiza.com\/wp-content\/uploads\/2024\/02\/cropped-logocrea-web.png\",\"contentUrl\":\"https:\/\/creaibiza.com\/wp-content\/uploads\/2024\/02\/cropped-logocrea-web.png\",\"width\":591,\"height\":210,\"caption\":\"Crea Ibiza\"},\"image\":{\"@id\":\"https:\/\/creaibiza.com\/#\/schema\/logo\/image\/\"},\"sameAs\":[\"https:\/\/www.facebook.com\/creaibiza\",\"https:\/\/www.instagram.com\/creaibiza\"]}]}<\/script>\n<!-- \/ Yoast SEO plugin. -->","yoast_head_json":{"title":"SOHO WALL BASIN MIX - Crea Ibiza","description":"Crea Ibiza - SOHO WALL BASIN MIX -","robots":{"index":"index","follow":"follow","max-snippet":"max-snippet:-1","max-image-preview":"max-image-preview:large","max-video-preview":"max-video-preview:-1"},"canonical":"https:\/\/creaibiza.com\/en\/product\/soho-wall-basin-mix\/","og_locale":"en_GB","og_type":"article","og_title":"SOHO WALL BASIN MIX - Crea Ibiza","og_description":"Crea Ibiza - SOHO WALL BASIN MIX -","og_url":"https:\/\/creaibiza.com\/en\/product\/soho-wall-basin-mix\/","og_site_name":"Crea Ibiza","article_publisher":"https:\/\/www.facebook.com\/creaibiza","article_modified_time":"2026-03-10T16:55:15+00:00","og_image":[{"width":846,"height":672,"url":"https:\/\/creaibiza.com\/wp-content\/uploads\/2021\/08\/collection-page-site-soho-wall-basin-mixer-19.jpg","type":"image\/jpeg"}],"twitter_card":"summary_large_image","twitter_misc":{"Estimated reading time":"1 minute"},"schema":{"@context":"https:\/\/schema.org","@graph":[{"@type":"WebPage","@id":"https:\/\/creaibiza.com\/producto\/soho-wall-basin-mix\/","url":"https:\/\/creaibiza.com\/producto\/soho-wall-basin-mix\/","name":"SOHO WALL BASIN MIX - Crea Ibiza","isPartOf":{"@id":"https:\/\/creaibiza.com\/#website"},"primaryImageOfPage":{"@id":"https:\/\/creaibiza.com\/producto\/soho-wall-basin-mix\/#primaryimage"},"image":{"@id":"https:\/\/creaibiza.com\/producto\/soho-wall-basin-mix\/#primaryimage"},"thumbnailUrl":"https:\/\/creaibiza.com\/wp-content\/uploads\/2021\/08\/collection-page-site-soho-wall-basin-mixer-19.jpg","datePublished":"2021-08-10T20:28:35+00:00","dateModified":"2026-03-10T16:55:15+00:00","description":"Crea Ibiza - SOHO WALL BASIN MIX -","breadcrumb":{"@id":"https:\/\/creaibiza.com\/producto\/soho-wall-basin-mix\/#breadcrumb"},"inLanguage":"en-GB","potentialAction":[{"@type":"ReadAction","target":["https:\/\/creaibiza.com\/producto\/soho-wall-basin-mix\/"]}]},{"@type":"ImageObject","inLanguage":"en-GB","@id":"https:\/\/creaibiza.com\/producto\/soho-wall-basin-mix\/#primaryimage","url":"https:\/\/creaibiza.com\/wp-content\/uploads\/2021\/08\/collection-page-site-soho-wall-basin-mixer-19.jpg","contentUrl":"https:\/\/creaibiza.com\/wp-content\/uploads\/2021\/08\/collection-page-site-soho-wall-basin-mixer-19.jpg","width":846,"height":672},{"@type":"BreadcrumbList","@id":"https:\/\/creaibiza.com\/producto\/soho-wall-basin-mix\/#breadcrumb","itemListElement":[{"@type":"ListItem","position":1,"name":"Portada","item":"https:\/\/creaibiza.com\/"},{"@type":"ListItem","position":2,"name":"Tienda","item":"https:\/\/creaibiza.com\/en\/tienda\/"},{"@type":"ListItem","position":3,"name":"SOHO WALL BASIN MIX"}]},{"@type":"WebSite","@id":"https:\/\/creaibiza.com\/#website","url":"https:\/\/creaibiza.com\/","name":"Create Ibiza","description":"Cer\u00e1mica, sanitarios y revestimientos de dise\u00f1o en Ibiza","publisher":{"@id":"https:\/\/creaibiza.com\/#organization"},"potentialAction":[{"@type":"SearchAction","target":{"@type":"EntryPoint","urlTemplate":"https:\/\/creaibiza.com\/?s={search_term_string}"},"query-input":{"@type":"PropertyValueSpecification","valueRequired":true,"valueName":"search_term_string"}}],"inLanguage":"en-GB"},{"@type":"Organization","@id":"https:\/\/creaibiza.com\/#organization","name":"Create Ibiza","url":"https:\/\/creaibiza.com\/","logo":{"@type":"ImageObject","inLanguage":"en-GB","@id":"https:\/\/creaibiza.com\/#\/schema\/logo\/image\/","url":"https:\/\/creaibiza.com\/wp-content\/uploads\/2024\/02\/cropped-logocrea-web.png","contentUrl":"https:\/\/creaibiza.com\/wp-content\/uploads\/2024\/02\/cropped-logocrea-web.png","width":591,"height":210,"caption":"Crea Ibiza"},"image":{"@id":"https:\/\/creaibiza.com\/#\/schema\/logo\/image\/"},"sameAs":["https:\/\/www.facebook.com\/creaibiza","https:\/\/www.instagram.com\/creaibiza"]}]}},"_links":{"self":[{"href":"https:\/\/creaibiza.com\/en\/wp-json\/wp\/v2\/product\/10666","targetHints":{"allow":["GET"]}}],"collection":[{"href":"https:\/\/creaibiza.com\/en\/wp-json\/wp\/v2\/product"}],"about":[{"href":"https:\/\/creaibiza.com\/en\/wp-json\/wp\/v2\/types\/product"}],"version-history":[{"count":2,"href":"https:\/\/creaibiza.com\/en\/wp-json\/wp\/v2\/product\/10666\/revisions"}],"predecessor-version":[{"id":26351,"href":"https:\/\/creaibiza.com\/en\/wp-json\/wp\/v2\/product\/10666\/revisions\/26351"}],"wp:featuredmedia":[{"embeddable":true,"href":"https:\/\/creaibiza.com\/en\/wp-json\/wp\/v2\/media\/36726"}],"wp:attachment":[{"href":"https:\/\/creaibiza.com\/en\/wp-json\/wp\/v2\/media?parent=10666"}],"wp:term":[{"taxonomy":"product_brand","embeddable":true,"href":"https:\/\/creaibiza.com\/en\/wp-json\/wp\/v2\/product_brand?post=10666"},{"taxonomy":"product_cat","embeddable":true,"href":"https:\/\/creaibiza.com\/en\/wp-json\/wp\/v2\/product_cat?post=10666"},{"taxonomy":"product_tag","embeddable":true,"href":"https:\/\/creaibiza.com\/en\/wp-json\/wp\/v2\/product_tag?post=10666"}],"curies":[{"name":"wp","href":"https:\/\/api.w.org\/{rel}","templated":true}]}}