{"id":4779,"date":"2018-09-10T02:56:22","date_gmt":"2018-09-10T02:56:22","guid":{"rendered":"http:\/\/source.wpopal.com\/auros\/?page_id=13"},"modified":"2023-11-23T09:07:35","modified_gmt":"2023-11-23T09:07:35","slug":"about-us","status":"publish","type":"page","link":"https:\/\/creaibiza.com\/en\/about-us\/","title":{"rendered":"About us"},"content":{"rendered":"<div data-elementor-type=\"wp-post\" data-elementor-id=\"4779\" class=\"elementor elementor-4779\" data-elementor-post-type=\"page\">\n\t\t\t\t\t\t<section class=\"elementor-section elementor-top-section elementor-element elementor-element-7c1c903e elementor-section-height-min-height elementor-section-content-middle elementor-section-boxed elementor-section-height-default elementor-section-items-middle\" data-id=\"7c1c903e\" data-element_type=\"section\" data-e-type=\"section\" data-settings=\"{&quot;background_background&quot;:&quot;classic&quot;}\">\n\t\t\t\t\t\t\t<div class=\"elementor-background-overlay\"><\/div>\n\t\t\t\t\t\t\t<div class=\"elementor-container elementor-column-gap-default\">\n\t\t\t\t\t<div class=\"elementor-column elementor-col-100 elementor-top-column elementor-element elementor-element-71de8a9\" data-id=\"71de8a9\" data-element_type=\"column\" data-e-type=\"column\">\n\t\t\t<div class=\"elementor-widget-wrap elementor-element-populated\">\n\t\t\t\t\t\t<div class=\"elementor-element elementor-element-5f15624b elementor-widget elementor-widget-heading\" data-id=\"5f15624b\" data-element_type=\"widget\" data-e-type=\"widget\" data-widget_type=\"heading.default\">\n\t\t\t\t<div class=\"elementor-widget-container\">\n\t\t\t\t\t<h5 class=\"elementor-heading-title elementor-size-default\">design &amp; home<\/h5>\t\t\t\t<\/div>\n\t\t\t\t<\/div>\n\t\t\t\t<div class=\"elementor-element elementor-element-1c0ce819 elementor-widget elementor-widget-heading\" data-id=\"1c0ce819\" data-element_type=\"widget\" data-e-type=\"widget\" data-widget_type=\"heading.default\">\n\t\t\t\t<div class=\"elementor-widget-container\">\n\t\t\t\t\t<h2 class=\"elementor-heading-title elementor-size-default\">Create Ibiza<\/h2>\t\t\t\t<\/div>\n\t\t\t\t<\/div>\n\t\t\t\t<div class=\"elementor-element elementor-element-296f03d9 elementor-widget elementor-widget-text-editor\" data-id=\"296f03d9\" data-element_type=\"widget\" data-e-type=\"widget\" data-widget_type=\"text-editor.default\">\n\t\t\t\t<div class=\"elementor-widget-container\">\n\t\t\t\t\t\t\t<div class=\"elementor-text-editor elementor-clearfix\"><p>Un espacio donde poder comprar todo tipo de materiales para realizar tus proyectos, peque\u00f1as y grandes reformas, poder ver, tocar y experimentar con una gama muy extensa de materiales. Pasando por el primer bloque de obra hasta la colocaci\u00f3n de grifer\u00edas, ba\u00f1os, etc<span style=\"font-family: var( --e-global-typography-text-font-family ), Sans-serif;\">&#8230;.<\/span><\/p><\/div>\n\t\t\t\t\t\t<\/div>\n\t\t\t\t<\/div>\n\t\t\t\t\t<\/div>\n\t\t<\/div>\n\t\t\t\t\t<\/div>\n\t\t<\/section>\n\t\t\t\t<section class=\"elementor-section elementor-top-section elementor-element elementor-element-67b8099 elementor-section-boxed elementor-section-height-default elementor-section-height-default\" data-id=\"67b8099\" data-element_type=\"section\" data-e-type=\"section\">\n\t\t\t\t\t\t<div class=\"elementor-container elementor-column-gap-default\">\n\t\t\t\t\t<div class=\"elementor-column elementor-col-100 elementor-top-column elementor-element elementor-element-4e0b897\" data-id=\"4e0b897\" data-element_type=\"column\" data-e-type=\"column\">\n\t\t\t<div class=\"elementor-widget-wrap elementor-element-populated\">\n\t\t\t\t\t\t<div class=\"elementor-element elementor-element-b19034e elementor-invisible elementor-widget elementor-widget-heading\" data-id=\"b19034e\" data-element_type=\"widget\" data-e-type=\"widget\" data-settings=\"{&quot;_animation&quot;:&quot;fadeInUp&quot;}\" data-widget_type=\"heading.default\">\n\t\t\t\t<div class=\"elementor-widget-container\">\n\t\t\t\t\t<h2 class=\"elementor-heading-title elementor-size-default\">Crea Ibiza - Design & Home<\/h2>\t\t\t\t<\/div>\n\t\t\t\t<\/div>\n\t\t\t\t<div class=\"elementor-element elementor-element-744f424 elementor-invisible elementor-widget elementor-widget-text-editor\" data-id=\"744f424\" data-element_type=\"widget\" data-e-type=\"widget\" data-settings=\"{&quot;_animation&quot;:&quot;fadeInUp&quot;}\" data-widget_type=\"text-editor.default\">\n\t\t\t\t<div class=\"elementor-widget-container\">\n\t\t\t\t\t\t\t<div class=\"elementor-text-editor elementor-clearfix\"><p>Un espacio donde poder comprar todo tipo de materiales para realizar\u00a0tus proyectos, peque\u00f1as y grandes reformas, poder ver, tocar y experimentar con una gama muy extensa de materiales. Pasando por el primer bloque de obra hasta la colocaci\u00f3n de grifer\u00edas, ba\u00f1os o c\u00e9sped para el jard\u00edn&#8230;. podr\u00e1s tocar y ver las tendencias en\u00a0cer\u00e1micas, porcel\u00e1nicos, micro cemento, piedras naturales, maderas, parqu\u00e9s,\u00a0as\u00ed como encontrar lo \u00faltimo en grandes formatos cer\u00e1micos, suelos vin\u00edlicos de \u00faltima generaci\u00f3n. Tambi\u00e9n podr\u00e1s encontrar lo \u00faltimo en dise\u00f1o en grifer\u00eda, sanitarios y muebles de ba\u00f1o.<br \/><br \/>Ofrecemos asesoramiento, dise\u00f1amos tus ideas y las proyectamos para no tener que imaginarlo, sino poder verlo y tocarlo en nuestro showroom.<br \/><br \/>Nos avalan m\u00e1s de 11 a\u00f1os en el sector y un amplio conocimiento de este mundo que nos apasiona, pon\u00a0un reto, nosotros te daremos la mejor soluci\u00f3n.<\/p><\/div>\n\t\t\t\t\t\t<\/div>\n\t\t\t\t<\/div>\n\t\t\t\t\t<\/div>\n\t\t<\/div>\n\t\t\t\t\t<\/div>\n\t\t<\/section>\n\t\t\t\t<section class=\"elementor-section elementor-top-section elementor-element elementor-element-dba616d elementor-section-boxed elementor-section-height-default elementor-section-height-default\" data-id=\"dba616d\" data-element_type=\"section\" data-e-type=\"section\">\n\t\t\t\t\t\t<div class=\"elementor-container elementor-column-gap-default\">\n\t\t\t\t\t<div class=\"elementor-column elementor-col-50 elementor-top-column elementor-element elementor-element-61b4377 animated-fast elementor-invisible\" data-id=\"61b4377\" data-element_type=\"column\" data-e-type=\"column\" data-settings=\"{&quot;animation&quot;:&quot;opal-move-right&quot;}\">\n\t\t\t<div class=\"elementor-widget-wrap elementor-element-populated\">\n\t\t\t\t\t\t<div class=\"elementor-element elementor-element-47592ca elementor-invisible elementor-widget elementor-widget-image\" data-id=\"47592ca\" data-element_type=\"widget\" data-e-type=\"widget\" data-settings=\"{&quot;_animation&quot;:&quot;fadeInLeft&quot;}\" data-widget_type=\"image.default\">\n\t\t\t\t<div class=\"elementor-widget-container\">\n\t\t\t\t\t        <div class=\"elementor-image\">\n                                                <img fetchpriority=\"high\" decoding=\"async\" width=\"600\" height=\"353\" src=\"https:\/\/creaibiza.com\/wp-content\/uploads\/2021\/03\/quines-somos-2-1000x588.jpg\" class=\"attachment-large size-large wp-image-9307\" alt=\"\" srcset=\"https:\/\/creaibiza.com\/wp-content\/uploads\/2021\/03\/quines-somos-2-1000x588.jpg 1000w, https:\/\/creaibiza.com\/wp-content\/uploads\/2021\/03\/quines-somos-2-600x353.jpg 600w, https:\/\/creaibiza.com\/wp-content\/uploads\/2021\/03\/quines-somos-2-768x451.jpg 768w, https:\/\/creaibiza.com\/wp-content\/uploads\/2021\/03\/quines-somos-2-1536x902.jpg 1536w, https:\/\/creaibiza.com\/wp-content\/uploads\/2021\/03\/quines-somos-2-400x235.jpg 400w, https:\/\/creaibiza.com\/wp-content\/uploads\/2021\/03\/quines-somos-2.jpg 1702w\" sizes=\"(max-width: 600px) 100vw, 600px\" \/>                                                            <\/div>\n        \t\t\t\t<\/div>\n\t\t\t\t<\/div>\n\t\t\t\t\t<\/div>\n\t\t<\/div>\n\t\t\t\t<div class=\"elementor-column elementor-col-50 elementor-top-column elementor-element elementor-element-ca6d932 animated-fast elementor-invisible\" data-id=\"ca6d932\" data-element_type=\"column\" data-e-type=\"column\" data-settings=\"{&quot;animation&quot;:&quot;opal-move-left&quot;}\">\n\t\t\t<div class=\"elementor-widget-wrap elementor-element-populated\">\n\t\t\t\t\t\t<div class=\"elementor-element elementor-element-5d21fc3 elementor-invisible elementor-widget elementor-widget-image\" data-id=\"5d21fc3\" data-element_type=\"widget\" data-e-type=\"widget\" data-settings=\"{&quot;_animation&quot;:&quot;fadeInRight&quot;}\" data-widget_type=\"image.default\">\n\t\t\t\t<div class=\"elementor-widget-container\">\n\t\t\t\t\t        <div class=\"elementor-image\">\n                                                <img decoding=\"async\" width=\"600\" height=\"353\" src=\"https:\/\/creaibiza.com\/wp-content\/uploads\/2021\/03\/quines-somos-3-1000x588.jpg\" class=\"attachment-large size-large wp-image-9306\" alt=\"\" srcset=\"https:\/\/creaibiza.com\/wp-content\/uploads\/2021\/03\/quines-somos-3-1000x588.jpg 1000w, https:\/\/creaibiza.com\/wp-content\/uploads\/2021\/03\/quines-somos-3-600x353.jpg 600w, https:\/\/creaibiza.com\/wp-content\/uploads\/2021\/03\/quines-somos-3-768x451.jpg 768w, https:\/\/creaibiza.com\/wp-content\/uploads\/2021\/03\/quines-somos-3-1536x902.jpg 1536w, https:\/\/creaibiza.com\/wp-content\/uploads\/2021\/03\/quines-somos-3-400x235.jpg 400w, https:\/\/creaibiza.com\/wp-content\/uploads\/2021\/03\/quines-somos-3.jpg 1702w\" sizes=\"(max-width: 600px) 100vw, 600px\" \/>                                                            <\/div>\n        \t\t\t\t<\/div>\n\t\t\t\t<\/div>\n\t\t\t\t\t<\/div>\n\t\t<\/div>\n\t\t\t\t\t<\/div>\n\t\t<\/section>\n\t\t\t\t<section class=\"elementor-section elementor-top-section elementor-element elementor-element-b225e54 elementor-section-boxed elementor-section-height-default elementor-section-height-default\" data-id=\"b225e54\" data-element_type=\"section\" data-e-type=\"section\">\n\t\t\t\t\t\t<div class=\"elementor-container elementor-column-gap-default\">\n\t\t\t\t\t<div class=\"elementor-column elementor-col-100 elementor-top-column elementor-element elementor-element-ca42837\" data-id=\"ca42837\" data-element_type=\"column\" data-e-type=\"column\">\n\t\t\t<div class=\"elementor-widget-wrap elementor-element-populated\">\n\t\t\t\t\t\t<div class=\"elementor-element elementor-element-0312e00 animated-fast elementor-invisible elementor-widget elementor-widget-heading\" data-id=\"0312e00\" data-element_type=\"widget\" data-e-type=\"widget\" data-settings=\"{&quot;_animation&quot;:&quot;opal-move-up&quot;}\" data-widget_type=\"heading.default\">\n\t\t\t\t<div class=\"elementor-widget-container\">\n\t\t\t\t\t<h2 class=\"elementor-heading-title elementor-size-default\">\u00bfPor qu\u00e9 Nosotros?<\/h2>\t\t\t\t<\/div>\n\t\t\t\t<\/div>\n\t\t\t\t<section class=\"elementor-section elementor-inner-section elementor-element elementor-element-a6731d5 elementor-section-boxed elementor-section-height-default elementor-section-height-default\" data-id=\"a6731d5\" data-element_type=\"section\" data-e-type=\"section\">\n\t\t\t\t\t\t<div class=\"elementor-container elementor-column-gap-default\">\n\t\t\t\t\t<div class=\"elementor-column elementor-col-33 elementor-inner-column elementor-element elementor-element-d887348\" data-id=\"d887348\" data-element_type=\"column\" data-e-type=\"column\">\n\t\t\t<div class=\"elementor-widget-wrap elementor-element-populated\">\n\t\t\t\t\t\t<div class=\"elementor-element elementor-element-982ceac animated-fast elementor-position-top elementor-vertical-align-top elementor-invisible elementor-widget elementor-widget-image-box\" data-id=\"982ceac\" data-element_type=\"widget\" data-e-type=\"widget\" data-settings=\"{&quot;_animation&quot;:&quot;opal-move-right&quot;}\" data-widget_type=\"image-box.default\">\n\t\t\t\t<div class=\"elementor-widget-container\">\n\t\t\t\t\t<div class=\"elementor-image-box-wrapper\"><div class=\"elementor-image-framed\"><figure class=\"elementor-image-box-img\"><\/figure><\/div><div class=\"elementor-image-box-content\"><h3 class=\"elementor-image-box-title\">Soporte 24\/7<\/h3><p class=\"elementor-image-box-description\">Ofrecemos asesoramiento personalizado en pre-venta y postventa<\/p><\/div><\/div>\t\t\t\t<\/div>\n\t\t\t\t<\/div>\n\t\t\t\t\t<\/div>\n\t\t<\/div>\n\t\t\t\t<div class=\"elementor-column elementor-col-33 elementor-inner-column elementor-element elementor-element-1179cfc\" data-id=\"1179cfc\" data-element_type=\"column\" data-e-type=\"column\">\n\t\t\t<div class=\"elementor-widget-wrap elementor-element-populated\">\n\t\t\t\t\t\t<div class=\"elementor-element elementor-element-a587c71 animated-fast elementor-position-top elementor-vertical-align-top elementor-invisible elementor-widget elementor-widget-image-box\" data-id=\"a587c71\" data-element_type=\"widget\" data-e-type=\"widget\" data-settings=\"{&quot;_animation&quot;:&quot;opal-move-up&quot;}\" data-widget_type=\"image-box.default\">\n\t\t\t\t<div class=\"elementor-widget-container\">\n\t\t\t\t\t<div class=\"elementor-image-box-wrapper\"><div class=\"elementor-image-framed\"><figure class=\"elementor-image-box-img\"><\/figure><\/div><div class=\"elementor-image-box-content\"><h3 class=\"elementor-image-box-title\">Primeras marcas<\/h3><p class=\"elementor-image-box-description\">Contamos con un extenso cat\u00e1logo de primeras marcas para ofrecerte el producto que necesitas<\/p><\/div><\/div>\t\t\t\t<\/div>\n\t\t\t\t<\/div>\n\t\t\t\t\t<\/div>\n\t\t<\/div>\n\t\t\t\t<div class=\"elementor-column elementor-col-33 elementor-inner-column elementor-element elementor-element-e93f152\" data-id=\"e93f152\" data-element_type=\"column\" data-e-type=\"column\">\n\t\t\t<div class=\"elementor-widget-wrap elementor-element-populated\">\n\t\t\t\t\t\t<div class=\"elementor-element elementor-element-3896a37 animated-fast elementor-position-top elementor-vertical-align-top elementor-invisible elementor-widget elementor-widget-image-box\" data-id=\"3896a37\" data-element_type=\"widget\" data-e-type=\"widget\" data-settings=\"{&quot;_animation&quot;:&quot;opal-move-left&quot;}\" data-widget_type=\"image-box.default\">\n\t\t\t\t<div class=\"elementor-widget-container\">\n\t\t\t\t\t<div class=\"elementor-image-box-wrapper\"><div class=\"elementor-image-framed\"><figure class=\"elementor-image-box-img\"><\/figure><\/div><div class=\"elementor-image-box-content\"><h3 class=\"elementor-image-box-title\">Total Garant\u00eda<\/h3><p class=\"elementor-image-box-description\">Excepteur sint occaecat cupidatat non proident, sunt in culpa qui officia deserunt mollit anim id est laborum. <\/p><\/div><\/div>\t\t\t\t<\/div>\n\t\t\t\t<\/div>\n\t\t\t\t\t<\/div>\n\t\t<\/div>\n\t\t\t\t\t<\/div>\n\t\t<\/section>\n\t\t\t\t\t<\/div>\n\t\t<\/div>\n\t\t\t\t\t<\/div>\n\t\t<\/section>\n\t\t\t\t<section class=\"elementor-section elementor-top-section elementor-element elementor-element-959122f elementor-section-full_width animated-fast elementor-section-height-default elementor-section-height-default elementor-invisible\" data-id=\"959122f\" data-element_type=\"section\" data-e-type=\"section\" data-settings=\"{&quot;animation&quot;:&quot;opal-move-up&quot;}\">\n\t\t\t\t\t\t<div class=\"elementor-container elementor-column-gap-default\">\n\t\t\t\t\t<div class=\"elementor-column elementor-col-100 elementor-top-column elementor-element elementor-element-6e569c7\" data-id=\"6e569c7\" data-element_type=\"column\" data-e-type=\"column\">\n\t\t\t<div class=\"elementor-widget-wrap elementor-element-populated\">\n\t\t\t\t\t\t<div class=\"elementor-element elementor-element-cba0fb8 elementor-widget elementor-widget-image\" data-id=\"cba0fb8\" data-element_type=\"widget\" data-e-type=\"widget\" data-widget_type=\"image.default\">\n\t\t\t\t<div class=\"elementor-widget-container\">\n\t\t\t\t\t        <div class=\"elementor-image\">\n                                                <img decoding=\"async\" width=\"2560\" height=\"1112\" src=\"https:\/\/creaibiza.com\/wp-content\/uploads\/2021\/03\/quienes-somos-4.jpg\" class=\"attachment-full size-full wp-image-9312\" alt=\"\" srcset=\"https:\/\/creaibiza.com\/wp-content\/uploads\/2021\/03\/quienes-somos-4.jpg 2560w, https:\/\/creaibiza.com\/wp-content\/uploads\/2021\/03\/quienes-somos-4-1000x434.jpg 1000w, https:\/\/creaibiza.com\/wp-content\/uploads\/2021\/03\/quienes-somos-4-600x261.jpg 600w, https:\/\/creaibiza.com\/wp-content\/uploads\/2021\/03\/quienes-somos-4-768x334.jpg 768w, https:\/\/creaibiza.com\/wp-content\/uploads\/2021\/03\/quienes-somos-4-1536x667.jpg 1536w, https:\/\/creaibiza.com\/wp-content\/uploads\/2021\/03\/quienes-somos-4-2048x890.jpg 2048w, https:\/\/creaibiza.com\/wp-content\/uploads\/2021\/03\/quienes-somos-4-400x174.jpg 400w\" sizes=\"(max-width: 2560px) 100vw, 2560px\" \/>                                                            <\/div>\n        \t\t\t\t<\/div>\n\t\t\t\t<\/div>\n\t\t\t\t\t<\/div>\n\t\t<\/div>\n\t\t\t\t\t<\/div>\n\t\t<\/section>\n\t\t\t\t<\/div>","protected":false},"excerpt":{"rendered":"<p>design &amp; home Crea Ibiza Un espacio donde poder comprar todo tipo de materiales para realizar tus proyectos, peque\u00f1as y grandes reformas, poder ver, tocar y experimentar con una gama muy extensa de materiales. Pasando por el primer bloque de obra hasta la colocaci\u00f3n de grifer\u00edas, ba\u00f1os, etc&#8230;. Crea Ibiza &#8211; Design &#038; Home Un &hellip; <\/p>\n<p class=\"link-more\"><a href=\"https:\/\/creaibiza.com\/en\/about-us\/\" class=\"more-link\">Read More <span class=\"screen-reader-text\"> \u00abSobre Nosotros\u00bb<\/span><\/a><\/p>","protected":false},"author":3,"featured_media":0,"parent":0,"menu_order":0,"comment_status":"closed","ping_status":"closed","template":"","meta":{"_acf_changed":false,"footnotes":""},"class_list":["post-4779","page","type-page","status-publish","hentry"],"acf":[],"yoast_head":"<!-- This site is optimized with the Yoast SEO plugin v27.2 - https:\/\/yoast.com\/product\/yoast-seo-wordpress\/ -->\n<title>Sobre Nosotros - Crea Ibiza<\/title>\n<meta name=\"robots\" content=\"index, follow, max-snippet:-1, max-image-preview:large, max-video-preview:-1\" \/>\n<link rel=\"canonical\" href=\"https:\/\/creaibiza.com\/en\/about-us\/\" \/>\n<meta property=\"og:locale\" content=\"en_GB\" \/>\n<meta property=\"og:type\" content=\"article\" \/>\n<meta property=\"og:title\" content=\"Sobre Nosotros - Crea Ibiza\" \/>\n<meta property=\"og:description\" content=\"design &amp; home Crea Ibiza Un espacio donde poder comprar todo tipo de materiales para realizar tus proyectos, peque\u00f1as y grandes reformas, poder ver, tocar y experimentar con una gama muy extensa de materiales. Pasando por el primer bloque de obra hasta la colocaci\u00f3n de grifer\u00edas, ba\u00f1os, etc&#8230;. Crea Ibiza &#8211; Design &#038; Home Un &hellip; Read More &quot;Sobre Nosotros&quot;\" \/>\n<meta property=\"og:url\" content=\"https:\/\/creaibiza.com\/en\/about-us\/\" \/>\n<meta property=\"og:site_name\" content=\"Crea Ibiza\" \/>\n<meta property=\"article:publisher\" content=\"https:\/\/www.facebook.com\/creaibiza\" \/>\n<meta property=\"article:modified_time\" content=\"2023-11-23T09:07:35+00:00\" \/>\n<meta property=\"og:image\" content=\"http:\/\/creaibiza.com\/wp-content\/uploads\/2021\/03\/quines-somos-2-1000x588.jpg\" \/>\n<meta name=\"twitter:card\" content=\"summary_large_image\" \/>\n<meta name=\"twitter:label1\" content=\"Estimated reading time\" \/>\n\t<meta name=\"twitter:data1\" content=\"1 minute\" \/>\n<script type=\"application\/ld+json\" class=\"yoast-schema-graph\">{\"@context\":\"https:\/\/schema.org\",\"@graph\":[{\"@type\":\"WebPage\",\"@id\":\"https:\/\/creaibiza.com\/sobre-nosotros\/\",\"url\":\"https:\/\/creaibiza.com\/sobre-nosotros\/\",\"name\":\"Sobre Nosotros - Crea Ibiza\",\"isPartOf\":{\"@id\":\"https:\/\/creaibiza.com\/#website\"},\"primaryImageOfPage\":{\"@id\":\"https:\/\/creaibiza.com\/sobre-nosotros\/#primaryimage\"},\"image\":{\"@id\":\"https:\/\/creaibiza.com\/sobre-nosotros\/#primaryimage\"},\"thumbnailUrl\":\"http:\/\/creaibiza.com\/wp-content\/uploads\/2021\/03\/quines-somos-2-1000x588.jpg\",\"datePublished\":\"2018-09-10T02:56:22+00:00\",\"dateModified\":\"2023-11-23T09:07:35+00:00\",\"breadcrumb\":{\"@id\":\"https:\/\/creaibiza.com\/sobre-nosotros\/#breadcrumb\"},\"inLanguage\":\"en-GB\",\"potentialAction\":[{\"@type\":\"ReadAction\",\"target\":[\"https:\/\/creaibiza.com\/sobre-nosotros\/\"]}]},{\"@type\":\"ImageObject\",\"inLanguage\":\"en-GB\",\"@id\":\"https:\/\/creaibiza.com\/sobre-nosotros\/#primaryimage\",\"url\":\"http:\/\/creaibiza.com\/wp-content\/uploads\/2021\/03\/quines-somos-2-1000x588.jpg\",\"contentUrl\":\"http:\/\/creaibiza.com\/wp-content\/uploads\/2021\/03\/quines-somos-2-1000x588.jpg\"},{\"@type\":\"BreadcrumbList\",\"@id\":\"https:\/\/creaibiza.com\/sobre-nosotros\/#breadcrumb\",\"itemListElement\":[{\"@type\":\"ListItem\",\"position\":1,\"name\":\"Portada\",\"item\":\"https:\/\/creaibiza.com\/\"},{\"@type\":\"ListItem\",\"position\":2,\"name\":\"Sobre Nosotros\"}]},{\"@type\":\"WebSite\",\"@id\":\"https:\/\/creaibiza.com\/#website\",\"url\":\"https:\/\/creaibiza.com\/\",\"name\":\"Crea Ibiza\",\"description\":\"Cer\u00e1mica, sanitarios y revestimientos de dise\u00f1o en Ibiza\",\"publisher\":{\"@id\":\"https:\/\/creaibiza.com\/#organization\"},\"potentialAction\":[{\"@type\":\"SearchAction\",\"target\":{\"@type\":\"EntryPoint\",\"urlTemplate\":\"https:\/\/creaibiza.com\/?s={search_term_string}\"},\"query-input\":{\"@type\":\"PropertyValueSpecification\",\"valueRequired\":true,\"valueName\":\"search_term_string\"}}],\"inLanguage\":\"en-GB\"},{\"@type\":\"Organization\",\"@id\":\"https:\/\/creaibiza.com\/#organization\",\"name\":\"Crea Ibiza\",\"url\":\"https:\/\/creaibiza.com\/\",\"logo\":{\"@type\":\"ImageObject\",\"inLanguage\":\"en-GB\",\"@id\":\"https:\/\/creaibiza.com\/#\/schema\/logo\/image\/\",\"url\":\"https:\/\/creaibiza.com\/wp-content\/uploads\/2024\/02\/cropped-logocrea-web.png\",\"contentUrl\":\"https:\/\/creaibiza.com\/wp-content\/uploads\/2024\/02\/cropped-logocrea-web.png\",\"width\":591,\"height\":210,\"caption\":\"Crea Ibiza\"},\"image\":{\"@id\":\"https:\/\/creaibiza.com\/#\/schema\/logo\/image\/\"},\"sameAs\":[\"https:\/\/www.facebook.com\/creaibiza\",\"https:\/\/www.instagram.com\/creaibiza\"]}]}<\/script>\n<!-- \/ Yoast SEO plugin. -->","yoast_head_json":{"title":"About us - Crea Ibiza","robots":{"index":"index","follow":"follow","max-snippet":"max-snippet:-1","max-image-preview":"max-image-preview:large","max-video-preview":"max-video-preview:-1"},"canonical":"https:\/\/creaibiza.com\/en\/about-us\/","og_locale":"en_GB","og_type":"article","og_title":"Sobre Nosotros - Crea Ibiza","og_description":"design &amp; home Crea Ibiza Un espacio donde poder comprar todo tipo de materiales para realizar tus proyectos, peque\u00f1as y grandes reformas, poder ver, tocar y experimentar con una gama muy extensa de materiales. Pasando por el primer bloque de obra hasta la colocaci\u00f3n de grifer\u00edas, ba\u00f1os, etc&#8230;. Crea Ibiza &#8211; Design &#038; Home Un &hellip; Read More \"Sobre Nosotros\"","og_url":"https:\/\/creaibiza.com\/en\/about-us\/","og_site_name":"Crea Ibiza","article_publisher":"https:\/\/www.facebook.com\/creaibiza","article_modified_time":"2023-11-23T09:07:35+00:00","og_image":[{"url":"http:\/\/creaibiza.com\/wp-content\/uploads\/2021\/03\/quines-somos-2-1000x588.jpg","type":"","width":"","height":""}],"twitter_card":"summary_large_image","twitter_misc":{"Estimated reading time":"1 minute"},"schema":{"@context":"https:\/\/schema.org","@graph":[{"@type":"WebPage","@id":"https:\/\/creaibiza.com\/sobre-nosotros\/","url":"https:\/\/creaibiza.com\/sobre-nosotros\/","name":"About us - Crea Ibiza","isPartOf":{"@id":"https:\/\/creaibiza.com\/#website"},"primaryImageOfPage":{"@id":"https:\/\/creaibiza.com\/sobre-nosotros\/#primaryimage"},"image":{"@id":"https:\/\/creaibiza.com\/sobre-nosotros\/#primaryimage"},"thumbnailUrl":"http:\/\/creaibiza.com\/wp-content\/uploads\/2021\/03\/quines-somos-2-1000x588.jpg","datePublished":"2018-09-10T02:56:22+00:00","dateModified":"2023-11-23T09:07:35+00:00","breadcrumb":{"@id":"https:\/\/creaibiza.com\/sobre-nosotros\/#breadcrumb"},"inLanguage":"en-GB","potentialAction":[{"@type":"ReadAction","target":["https:\/\/creaibiza.com\/sobre-nosotros\/"]}]},{"@type":"ImageObject","inLanguage":"en-GB","@id":"https:\/\/creaibiza.com\/sobre-nosotros\/#primaryimage","url":"http:\/\/creaibiza.com\/wp-content\/uploads\/2021\/03\/quines-somos-2-1000x588.jpg","contentUrl":"http:\/\/creaibiza.com\/wp-content\/uploads\/2021\/03\/quines-somos-2-1000x588.jpg"},{"@type":"BreadcrumbList","@id":"https:\/\/creaibiza.com\/sobre-nosotros\/#breadcrumb","itemListElement":[{"@type":"ListItem","position":1,"name":"Portada","item":"https:\/\/creaibiza.com\/"},{"@type":"ListItem","position":2,"name":"Sobre Nosotros"}]},{"@type":"WebSite","@id":"https:\/\/creaibiza.com\/#website","url":"https:\/\/creaibiza.com\/","name":"Create Ibiza","description":"Cer\u00e1mica, sanitarios y revestimientos de dise\u00f1o en Ibiza","publisher":{"@id":"https:\/\/creaibiza.com\/#organization"},"potentialAction":[{"@type":"SearchAction","target":{"@type":"EntryPoint","urlTemplate":"https:\/\/creaibiza.com\/?s={search_term_string}"},"query-input":{"@type":"PropertyValueSpecification","valueRequired":true,"valueName":"search_term_string"}}],"inLanguage":"en-GB"},{"@type":"Organization","@id":"https:\/\/creaibiza.com\/#organization","name":"Create Ibiza","url":"https:\/\/creaibiza.com\/","logo":{"@type":"ImageObject","inLanguage":"en-GB","@id":"https:\/\/creaibiza.com\/#\/schema\/logo\/image\/","url":"https:\/\/creaibiza.com\/wp-content\/uploads\/2024\/02\/cropped-logocrea-web.png","contentUrl":"https:\/\/creaibiza.com\/wp-content\/uploads\/2024\/02\/cropped-logocrea-web.png","width":591,"height":210,"caption":"Crea Ibiza"},"image":{"@id":"https:\/\/creaibiza.com\/#\/schema\/logo\/image\/"},"sameAs":["https:\/\/www.facebook.com\/creaibiza","https:\/\/www.instagram.com\/creaibiza"]}]}},"_links":{"self":[{"href":"https:\/\/creaibiza.com\/en\/wp-json\/wp\/v2\/pages\/4779","targetHints":{"allow":["GET"]}}],"collection":[{"href":"https:\/\/creaibiza.com\/en\/wp-json\/wp\/v2\/pages"}],"about":[{"href":"https:\/\/creaibiza.com\/en\/wp-json\/wp\/v2\/types\/page"}],"author":[{"embeddable":true,"href":"https:\/\/creaibiza.com\/en\/wp-json\/wp\/v2\/users\/3"}],"replies":[{"embeddable":true,"href":"https:\/\/creaibiza.com\/en\/wp-json\/wp\/v2\/comments?post=4779"}],"version-history":[{"count":59,"href":"https:\/\/creaibiza.com\/en\/wp-json\/wp\/v2\/pages\/4779\/revisions"}],"predecessor-version":[{"id":27125,"href":"https:\/\/creaibiza.com\/en\/wp-json\/wp\/v2\/pages\/4779\/revisions\/27125"}],"wp:attachment":[{"href":"https:\/\/creaibiza.com\/en\/wp-json\/wp\/v2\/media?parent=4779"}],"curies":[{"name":"wp","href":"https:\/\/api.w.org\/{rel}","templated":true}]}}