{"id":36260,"date":"2026-02-23T13:01:09","date_gmt":"2026-02-23T12:01:09","guid":{"rendered":"https:\/\/creaibiza.com\/?post_type=product&#038;p=36260"},"modified":"2026-03-19T22:25:14","modified_gmt":"2026-03-19T21:25:14","slug":"dorset-tau","status":"publish","type":"product","link":"https:\/\/creaibiza.com\/de\/produkt\/dorset-tau\/","title":{"rendered":"DORSET TAU"},"content":{"rendered":"<p><div style=\"width: 600px;\" class=\"wp-video\"><video class=\"wp-video-shortcode\" id=\"video-36260-1\" width=\"600\" height=\"338\" preload=\"metadata\" controls=\"controls\"><source type=\"video\/mp4\" src=\"http:\/\/creaibiza.com\/wp-content\/uploads\/2026\/02\/DORSET_LINEN_HQ.mp4?_=1\" \/><a href=\"http:\/\/creaibiza.com\/wp-content\/uploads\/2026\/02\/DORSET_LINEN_HQ.mp4\">http:\/\/creaibiza.com\/wp-content\/uploads\/2026\/02\/DORSET_LINEN_HQ.mp4<\/a><\/video><\/div><br \/>\nDorset es una serie inspirada en el condado ingl\u00e9s de Dorset, una regi\u00f3n donde el mar y el tiempo han esculpido majestuosas colinas de piedra caliza. Sus acantilados, constantemente moldeados por la fuerza de las olas, han dado lugar a paisajes \u00fanicos que reflejan la uni\u00f3n entre solidez y transformaci\u00f3n. Esta serie captura esa esencia, trasladando a cada espacio la riqueza visual y el car\u00e1cter indomable de la naturaleza.<\/p>","protected":false},"excerpt":{"rendered":"<p>Dorset es una serie inspirada en el condado ingl\u00e9s de Dorset, una regi\u00f3n donde el mar y el tiempo han esculpido majestuosas colinas de piedra caliza.<\/p>","protected":false},"featured_media":36301,"template":"","meta":{"_acf_changed":false},"product_brand":[1797],"product_cat":[116,227,1002,113],"product_tag":[1352,1353],"class_list":{"0":"post-36260","1":"product","2":"type-product","3":"status-publish","4":"has-post-thumbnail","6":"product_brand-tau","7":"product_cat-pavimento","8":"product_cat-piedra","9":"product_cat-piedra-revestimiento","10":"product_cat-revestimiento","11":"product_tag-pavimento","12":"product_tag-revestimiento","14":"first","15":"instock","16":"taxable","17":"shipping-taxable","18":"purchasable","19":"product-type-variable"},"acf":[],"yoast_head":"<!-- This site is optimized with the Yoast SEO plugin v27.2 - https:\/\/yoast.com\/product\/yoast-seo-wordpress\/ -->\n<title>DORSET TAU - Crea Ibiza<\/title>\n<meta name=\"description\" content=\"Crea Ibiza - DORSET TAU -\" \/>\n<meta name=\"robots\" content=\"index, follow, max-snippet:-1, max-image-preview:large, max-video-preview:-1\" \/>\n<link rel=\"canonical\" href=\"https:\/\/creaibiza.com\/de\/produkt\/dorset-tau\/\" \/>\n<meta property=\"og:locale\" content=\"de_DE\" \/>\n<meta property=\"og:type\" content=\"article\" \/>\n<meta property=\"og:title\" content=\"DORSET TAU - Crea Ibiza\" \/>\n<meta property=\"og:description\" content=\"Crea Ibiza - DORSET TAU -\" \/>\n<meta property=\"og:url\" content=\"https:\/\/creaibiza.com\/de\/produkt\/dorset-tau\/\" \/>\n<meta property=\"og:site_name\" content=\"Crea Ibiza\" \/>\n<meta property=\"article:publisher\" content=\"https:\/\/www.facebook.com\/creaibiza\" \/>\n<meta property=\"article:modified_time\" content=\"2026-03-19T21:25:14+00:00\" \/>\n<meta property=\"og:image\" content=\"https:\/\/creaibiza.com\/wp-content\/uploads\/2026\/02\/TAU-DORSET-AMB-4.jpg\" \/>\n\t<meta property=\"og:image:width\" content=\"1000\" \/>\n\t<meta property=\"og:image:height\" content=\"707\" \/>\n\t<meta property=\"og:image:type\" content=\"image\/jpeg\" \/>\n<meta name=\"twitter:card\" content=\"summary_large_image\" \/>\n<meta name=\"twitter:label1\" content=\"Gesch\u00e4tzte Lesezeit\" \/>\n\t<meta name=\"twitter:data1\" content=\"1\u00a0Minute\" \/>\n<script type=\"application\/ld+json\" class=\"yoast-schema-graph\">{\"@context\":\"https:\/\/schema.org\",\"@graph\":[{\"@type\":\"WebPage\",\"@id\":\"https:\/\/creaibiza.com\/producto\/dorset-tau\/\",\"url\":\"https:\/\/creaibiza.com\/producto\/dorset-tau\/\",\"name\":\"DORSET TAU - Crea Ibiza\",\"isPartOf\":{\"@id\":\"https:\/\/creaibiza.com\/#website\"},\"primaryImageOfPage\":{\"@id\":\"https:\/\/creaibiza.com\/producto\/dorset-tau\/#primaryimage\"},\"image\":{\"@id\":\"https:\/\/creaibiza.com\/producto\/dorset-tau\/#primaryimage\"},\"thumbnailUrl\":\"https:\/\/creaibiza.com\/wp-content\/uploads\/2026\/02\/TAU-DORSET-AMB-4.jpg\",\"datePublished\":\"2026-02-23T12:01:09+00:00\",\"dateModified\":\"2026-03-19T21:25:14+00:00\",\"description\":\"Crea Ibiza - DORSET TAU -\",\"breadcrumb\":{\"@id\":\"https:\/\/creaibiza.com\/producto\/dorset-tau\/#breadcrumb\"},\"inLanguage\":\"de\",\"potentialAction\":[{\"@type\":\"ReadAction\",\"target\":[\"https:\/\/creaibiza.com\/producto\/dorset-tau\/\"]}]},{\"@type\":\"ImageObject\",\"inLanguage\":\"de\",\"@id\":\"https:\/\/creaibiza.com\/producto\/dorset-tau\/#primaryimage\",\"url\":\"https:\/\/creaibiza.com\/wp-content\/uploads\/2026\/02\/TAU-DORSET-AMB-4.jpg\",\"contentUrl\":\"https:\/\/creaibiza.com\/wp-content\/uploads\/2026\/02\/TAU-DORSET-AMB-4.jpg\",\"width\":1000,\"height\":707},{\"@type\":\"BreadcrumbList\",\"@id\":\"https:\/\/creaibiza.com\/producto\/dorset-tau\/#breadcrumb\",\"itemListElement\":[{\"@type\":\"ListItem\",\"position\":1,\"name\":\"Portada\",\"item\":\"https:\/\/creaibiza.com\/\"},{\"@type\":\"ListItem\",\"position\":2,\"name\":\"Tienda\",\"item\":\"https:\/\/creaibiza.com\/en\/tienda\/\"},{\"@type\":\"ListItem\",\"position\":3,\"name\":\"DORSET TAU\"}]},{\"@type\":\"WebSite\",\"@id\":\"https:\/\/creaibiza.com\/#website\",\"url\":\"https:\/\/creaibiza.com\/\",\"name\":\"Crea Ibiza\",\"description\":\"Cer\u00e1mica, sanitarios y revestimientos de dise\u00f1o en Ibiza\",\"publisher\":{\"@id\":\"https:\/\/creaibiza.com\/#organization\"},\"potentialAction\":[{\"@type\":\"SearchAction\",\"target\":{\"@type\":\"EntryPoint\",\"urlTemplate\":\"https:\/\/creaibiza.com\/?s={search_term_string}\"},\"query-input\":{\"@type\":\"PropertyValueSpecification\",\"valueRequired\":true,\"valueName\":\"search_term_string\"}}],\"inLanguage\":\"de\"},{\"@type\":\"Organization\",\"@id\":\"https:\/\/creaibiza.com\/#organization\",\"name\":\"Crea Ibiza\",\"url\":\"https:\/\/creaibiza.com\/\",\"logo\":{\"@type\":\"ImageObject\",\"inLanguage\":\"de\",\"@id\":\"https:\/\/creaibiza.com\/#\/schema\/logo\/image\/\",\"url\":\"https:\/\/creaibiza.com\/wp-content\/uploads\/2024\/02\/cropped-logocrea-web.png\",\"contentUrl\":\"https:\/\/creaibiza.com\/wp-content\/uploads\/2024\/02\/cropped-logocrea-web.png\",\"width\":591,\"height\":210,\"caption\":\"Crea Ibiza\"},\"image\":{\"@id\":\"https:\/\/creaibiza.com\/#\/schema\/logo\/image\/\"},\"sameAs\":[\"https:\/\/www.facebook.com\/creaibiza\",\"https:\/\/www.instagram.com\/creaibiza\"]}]}<\/script>\n<!-- \/ Yoast SEO plugin. -->","yoast_head_json":{"title":"DORSET TAU - Crea Ibiza","description":"Crea Ibiza - DORSET TAU -","robots":{"index":"index","follow":"follow","max-snippet":"max-snippet:-1","max-image-preview":"max-image-preview:large","max-video-preview":"max-video-preview:-1"},"canonical":"https:\/\/creaibiza.com\/de\/produkt\/dorset-tau\/","og_locale":"de_DE","og_type":"article","og_title":"DORSET TAU - Crea Ibiza","og_description":"Crea Ibiza - DORSET TAU -","og_url":"https:\/\/creaibiza.com\/de\/produkt\/dorset-tau\/","og_site_name":"Crea Ibiza","article_publisher":"https:\/\/www.facebook.com\/creaibiza","article_modified_time":"2026-03-19T21:25:14+00:00","og_image":[{"width":1000,"height":707,"url":"https:\/\/creaibiza.com\/wp-content\/uploads\/2026\/02\/TAU-DORSET-AMB-4.jpg","type":"image\/jpeg"}],"twitter_card":"summary_large_image","twitter_misc":{"Gesch\u00e4tzte Lesezeit":"1\u00a0Minute"},"schema":{"@context":"https:\/\/schema.org","@graph":[{"@type":"WebPage","@id":"https:\/\/creaibiza.com\/producto\/dorset-tau\/","url":"https:\/\/creaibiza.com\/producto\/dorset-tau\/","name":"DORSET TAU - Crea Ibiza","isPartOf":{"@id":"https:\/\/creaibiza.com\/#website"},"primaryImageOfPage":{"@id":"https:\/\/creaibiza.com\/producto\/dorset-tau\/#primaryimage"},"image":{"@id":"https:\/\/creaibiza.com\/producto\/dorset-tau\/#primaryimage"},"thumbnailUrl":"https:\/\/creaibiza.com\/wp-content\/uploads\/2026\/02\/TAU-DORSET-AMB-4.jpg","datePublished":"2026-02-23T12:01:09+00:00","dateModified":"2026-03-19T21:25:14+00:00","description":"Crea Ibiza - DORSET TAU -","breadcrumb":{"@id":"https:\/\/creaibiza.com\/producto\/dorset-tau\/#breadcrumb"},"inLanguage":"de","potentialAction":[{"@type":"ReadAction","target":["https:\/\/creaibiza.com\/producto\/dorset-tau\/"]}]},{"@type":"ImageObject","inLanguage":"de","@id":"https:\/\/creaibiza.com\/producto\/dorset-tau\/#primaryimage","url":"https:\/\/creaibiza.com\/wp-content\/uploads\/2026\/02\/TAU-DORSET-AMB-4.jpg","contentUrl":"https:\/\/creaibiza.com\/wp-content\/uploads\/2026\/02\/TAU-DORSET-AMB-4.jpg","width":1000,"height":707},{"@type":"BreadcrumbList","@id":"https:\/\/creaibiza.com\/producto\/dorset-tau\/#breadcrumb","itemListElement":[{"@type":"ListItem","position":1,"name":"Portada","item":"https:\/\/creaibiza.com\/"},{"@type":"ListItem","position":2,"name":"Tienda","item":"https:\/\/creaibiza.com\/en\/tienda\/"},{"@type":"ListItem","position":3,"name":"DORSET TAU"}]},{"@type":"WebSite","@id":"https:\/\/creaibiza.com\/#website","url":"https:\/\/creaibiza.com\/","name":"Ibiza erstellen","description":"Cer\u00e1mica, sanitarios y revestimientos de dise\u00f1o en Ibiza","publisher":{"@id":"https:\/\/creaibiza.com\/#organization"},"potentialAction":[{"@type":"SearchAction","target":{"@type":"EntryPoint","urlTemplate":"https:\/\/creaibiza.com\/?s={search_term_string}"},"query-input":{"@type":"PropertyValueSpecification","valueRequired":true,"valueName":"search_term_string"}}],"inLanguage":"de"},{"@type":"Organization","@id":"https:\/\/creaibiza.com\/#organization","name":"Ibiza erstellen","url":"https:\/\/creaibiza.com\/","logo":{"@type":"ImageObject","inLanguage":"de","@id":"https:\/\/creaibiza.com\/#\/schema\/logo\/image\/","url":"https:\/\/creaibiza.com\/wp-content\/uploads\/2024\/02\/cropped-logocrea-web.png","contentUrl":"https:\/\/creaibiza.com\/wp-content\/uploads\/2024\/02\/cropped-logocrea-web.png","width":591,"height":210,"caption":"Crea Ibiza"},"image":{"@id":"https:\/\/creaibiza.com\/#\/schema\/logo\/image\/"},"sameAs":["https:\/\/www.facebook.com\/creaibiza","https:\/\/www.instagram.com\/creaibiza"]}]}},"_links":{"self":[{"href":"https:\/\/creaibiza.com\/de\/wp-json\/wp\/v2\/product\/36260","targetHints":{"allow":["GET"]}}],"collection":[{"href":"https:\/\/creaibiza.com\/de\/wp-json\/wp\/v2\/product"}],"about":[{"href":"https:\/\/creaibiza.com\/de\/wp-json\/wp\/v2\/types\/product"}],"version-history":[{"count":5,"href":"https:\/\/creaibiza.com\/de\/wp-json\/wp\/v2\/product\/36260\/revisions"}],"predecessor-version":[{"id":37012,"href":"https:\/\/creaibiza.com\/de\/wp-json\/wp\/v2\/product\/36260\/revisions\/37012"}],"wp:featuredmedia":[{"embeddable":true,"href":"https:\/\/creaibiza.com\/de\/wp-json\/wp\/v2\/media\/36301"}],"wp:attachment":[{"href":"https:\/\/creaibiza.com\/de\/wp-json\/wp\/v2\/media?parent=36260"}],"wp:term":[{"taxonomy":"product_brand","embeddable":true,"href":"https:\/\/creaibiza.com\/de\/wp-json\/wp\/v2\/product_brand?post=36260"},{"taxonomy":"product_cat","embeddable":true,"href":"https:\/\/creaibiza.com\/de\/wp-json\/wp\/v2\/product_cat?post=36260"},{"taxonomy":"product_tag","embeddable":true,"href":"https:\/\/creaibiza.com\/de\/wp-json\/wp\/v2\/product_tag?post=36260"}],"curies":[{"name":"wp","href":"https:\/\/api.w.org\/{rel}","templated":true}]}}