{"id":35740,"date":"2025-10-03T11:00:03","date_gmt":"2025-10-03T10:00:03","guid":{"rendered":"https:\/\/creaibiza.com\/?post_type=product&#038;p=35740"},"modified":"2025-10-03T11:47:09","modified_gmt":"2025-10-03T10:47:09","slug":"portixol-ocre","status":"publish","type":"product","link":"https:\/\/creaibiza.com\/de\/produkt\/portixol-ocre\/","title":{"rendered":"PORTIXOL OCRE"},"content":{"rendered":"<p data-pm-slice=\"1 1 []\">Portixol Ocre es una piedra natural seleccionada por su elegancia y resistencia, dise\u00f1ada para integrarse en cualquier estilo arquitect\u00f3nico. Su absorci\u00f3n m\u00ednima, junto con su capacidad para soportar un uso intensivo, la convierten en la opci\u00f3n ideal para suelos de alto tr\u00e1nsito, terrazas, fachadas y espacios exteriores.<\/p>\n<p data-pm-slice=\"1 1 []\">Gracias a sus grandes formatos, Portixol Ocre crea superficies continuas con un dise\u00f1o uniforme, aportando calidez y sofisticaci\u00f3n a cada proyecto. Una piedra natural de calidad superior para quienes buscan unir durabilidad, est\u00e9tica y funcionalidad.<\/p>","protected":false},"excerpt":{"rendered":"<div style=\"width: 464px;\" class=\"wp-video\"><video class=\"wp-video-shortcode\" id=\"video-35740-1\" width=\"464\" height=\"832\" preload=\"metadata\" controls=\"controls\"><source type=\"video\/mp4\" src=\"http:\/\/creaibiza.com\/wp-content\/uploads\/2025\/10\/fd1e0c7a-d92b-4637-8a75-4011bbf51b66.mp4?_=1\" \/><a href=\"http:\/\/creaibiza.com\/wp-content\/uploads\/2025\/10\/fd1e0c7a-d92b-4637-8a75-4011bbf51b66.mp4\">http:\/\/creaibiza.com\/wp-content\/uploads\/2025\/10\/fd1e0c7a-d92b-4637-8a75-4011bbf51b66.mp4<\/a><\/video><\/div>","protected":false},"featured_media":35749,"template":"","meta":{"_acf_changed":false},"product_brand":[2217],"product_cat":[2227],"product_tag":[1352,1353],"class_list":{"0":"post-35740","1":"product","2":"type-product","3":"status-publish","4":"has-post-thumbnail","6":"product_brand-crea","7":"product_cat-piedra-natural","8":"product_tag-pavimento","9":"product_tag-revestimiento","11":"first","12":"instock","13":"taxable","14":"shipping-taxable","15":"product-type-simple"},"acf":[],"yoast_head":"<!-- This site is optimized with the Yoast SEO plugin v27.2 - https:\/\/yoast.com\/product\/yoast-seo-wordpress\/ -->\n<title>PORTIXOL OCRE - Crea Ibiza<\/title>\n<meta name=\"description\" content=\"Crea Ibiza - PORTIXOL OCRE -\" \/>\n<meta name=\"robots\" content=\"index, follow, max-snippet:-1, max-image-preview:large, max-video-preview:-1\" \/>\n<link rel=\"canonical\" href=\"https:\/\/creaibiza.com\/de\/produkt\/portixol-ocre\/\" \/>\n<meta property=\"og:locale\" content=\"de_DE\" \/>\n<meta property=\"og:type\" content=\"article\" \/>\n<meta property=\"og:title\" content=\"PORTIXOL OCRE - Crea Ibiza\" \/>\n<meta property=\"og:description\" content=\"Crea Ibiza - PORTIXOL OCRE -\" \/>\n<meta property=\"og:url\" content=\"https:\/\/creaibiza.com\/de\/produkt\/portixol-ocre\/\" \/>\n<meta property=\"og:site_name\" content=\"Crea Ibiza\" \/>\n<meta property=\"article:publisher\" content=\"https:\/\/www.facebook.com\/creaibiza\" \/>\n<meta property=\"article:modified_time\" content=\"2025-10-03T10:47:09+00:00\" \/>\n<meta property=\"og:image\" content=\"https:\/\/creaibiza.com\/wp-content\/uploads\/2025\/10\/PORTIXOL-PORTADA-1-1-1.jpg\" \/>\n\t<meta property=\"og:image:width\" content=\"1000\" \/>\n\t<meta property=\"og:image:height\" content=\"1000\" \/>\n\t<meta property=\"og:image:type\" content=\"image\/jpeg\" \/>\n<meta name=\"twitter:card\" content=\"summary_large_image\" \/>\n<meta name=\"twitter:label1\" content=\"Gesch\u00e4tzte Lesezeit\" \/>\n\t<meta name=\"twitter:data1\" content=\"1\u00a0Minute\" \/>\n<script type=\"application\/ld+json\" class=\"yoast-schema-graph\">{\"@context\":\"https:\/\/schema.org\",\"@graph\":[{\"@type\":\"WebPage\",\"@id\":\"https:\/\/creaibiza.com\/en\/product\/portixol-ocre\/\",\"url\":\"https:\/\/creaibiza.com\/en\/product\/portixol-ocre\/\",\"name\":\"PORTIXOL OCRE - Crea Ibiza\",\"isPartOf\":{\"@id\":\"https:\/\/creaibiza.com\/#website\"},\"primaryImageOfPage\":{\"@id\":\"https:\/\/creaibiza.com\/en\/product\/portixol-ocre\/#primaryimage\"},\"image\":{\"@id\":\"https:\/\/creaibiza.com\/en\/product\/portixol-ocre\/#primaryimage\"},\"thumbnailUrl\":\"https:\/\/creaibiza.com\/wp-content\/uploads\/2025\/10\/PORTIXOL-PORTADA-1-1-1.jpg\",\"datePublished\":\"2025-10-03T10:00:03+00:00\",\"dateModified\":\"2025-10-03T10:47:09+00:00\",\"description\":\"Crea Ibiza - PORTIXOL OCRE -\",\"breadcrumb\":{\"@id\":\"https:\/\/creaibiza.com\/en\/product\/portixol-ocre\/#breadcrumb\"},\"inLanguage\":\"de\",\"potentialAction\":[{\"@type\":\"ReadAction\",\"target\":[\"https:\/\/creaibiza.com\/en\/product\/portixol-ocre\/\"]}]},{\"@type\":\"ImageObject\",\"inLanguage\":\"de\",\"@id\":\"https:\/\/creaibiza.com\/en\/product\/portixol-ocre\/#primaryimage\",\"url\":\"https:\/\/creaibiza.com\/wp-content\/uploads\/2025\/10\/PORTIXOL-PORTADA-1-1-1.jpg\",\"contentUrl\":\"https:\/\/creaibiza.com\/wp-content\/uploads\/2025\/10\/PORTIXOL-PORTADA-1-1-1.jpg\",\"width\":1000,\"height\":1000},{\"@type\":\"BreadcrumbList\",\"@id\":\"https:\/\/creaibiza.com\/en\/product\/portixol-ocre\/#breadcrumb\",\"itemListElement\":[{\"@type\":\"ListItem\",\"position\":1,\"name\":\"Portada\",\"item\":\"https:\/\/creaibiza.com\/\"},{\"@type\":\"ListItem\",\"position\":2,\"name\":\"Tienda\",\"item\":\"https:\/\/creaibiza.com\/en\/tienda\/\"},{\"@type\":\"ListItem\",\"position\":3,\"name\":\"PORTIXOL OCRE\"}]},{\"@type\":\"WebSite\",\"@id\":\"https:\/\/creaibiza.com\/#website\",\"url\":\"https:\/\/creaibiza.com\/\",\"name\":\"Crea Ibiza\",\"description\":\"Cer\u00e1mica, sanitarios y revestimientos de dise\u00f1o en Ibiza\",\"publisher\":{\"@id\":\"https:\/\/creaibiza.com\/#organization\"},\"potentialAction\":[{\"@type\":\"SearchAction\",\"target\":{\"@type\":\"EntryPoint\",\"urlTemplate\":\"https:\/\/creaibiza.com\/?s={search_term_string}\"},\"query-input\":{\"@type\":\"PropertyValueSpecification\",\"valueRequired\":true,\"valueName\":\"search_term_string\"}}],\"inLanguage\":\"de\"},{\"@type\":\"Organization\",\"@id\":\"https:\/\/creaibiza.com\/#organization\",\"name\":\"Crea Ibiza\",\"url\":\"https:\/\/creaibiza.com\/\",\"logo\":{\"@type\":\"ImageObject\",\"inLanguage\":\"de\",\"@id\":\"https:\/\/creaibiza.com\/#\/schema\/logo\/image\/\",\"url\":\"https:\/\/creaibiza.com\/wp-content\/uploads\/2024\/02\/cropped-logocrea-web.png\",\"contentUrl\":\"https:\/\/creaibiza.com\/wp-content\/uploads\/2024\/02\/cropped-logocrea-web.png\",\"width\":591,\"height\":210,\"caption\":\"Crea Ibiza\"},\"image\":{\"@id\":\"https:\/\/creaibiza.com\/#\/schema\/logo\/image\/\"},\"sameAs\":[\"https:\/\/www.facebook.com\/creaibiza\",\"https:\/\/www.instagram.com\/creaibiza\"]}]}<\/script>\n<!-- \/ Yoast SEO plugin. -->","yoast_head_json":{"title":"PORTIXOL OCRE - Crea Ibiza","description":"Crea Ibiza - PORTIXOL OCRE -","robots":{"index":"index","follow":"follow","max-snippet":"max-snippet:-1","max-image-preview":"max-image-preview:large","max-video-preview":"max-video-preview:-1"},"canonical":"https:\/\/creaibiza.com\/de\/produkt\/portixol-ocre\/","og_locale":"de_DE","og_type":"article","og_title":"PORTIXOL OCRE - Crea Ibiza","og_description":"Crea Ibiza - PORTIXOL OCRE -","og_url":"https:\/\/creaibiza.com\/de\/produkt\/portixol-ocre\/","og_site_name":"Crea Ibiza","article_publisher":"https:\/\/www.facebook.com\/creaibiza","article_modified_time":"2025-10-03T10:47:09+00:00","og_image":[{"width":1000,"height":1000,"url":"https:\/\/creaibiza.com\/wp-content\/uploads\/2025\/10\/PORTIXOL-PORTADA-1-1-1.jpg","type":"image\/jpeg"}],"twitter_card":"summary_large_image","twitter_misc":{"Gesch\u00e4tzte Lesezeit":"1\u00a0Minute"},"schema":{"@context":"https:\/\/schema.org","@graph":[{"@type":"WebPage","@id":"https:\/\/creaibiza.com\/en\/product\/portixol-ocre\/","url":"https:\/\/creaibiza.com\/en\/product\/portixol-ocre\/","name":"PORTIXOL OCRE - Crea Ibiza","isPartOf":{"@id":"https:\/\/creaibiza.com\/#website"},"primaryImageOfPage":{"@id":"https:\/\/creaibiza.com\/en\/product\/portixol-ocre\/#primaryimage"},"image":{"@id":"https:\/\/creaibiza.com\/en\/product\/portixol-ocre\/#primaryimage"},"thumbnailUrl":"https:\/\/creaibiza.com\/wp-content\/uploads\/2025\/10\/PORTIXOL-PORTADA-1-1-1.jpg","datePublished":"2025-10-03T10:00:03+00:00","dateModified":"2025-10-03T10:47:09+00:00","description":"Crea Ibiza - PORTIXOL OCRE -","breadcrumb":{"@id":"https:\/\/creaibiza.com\/en\/product\/portixol-ocre\/#breadcrumb"},"inLanguage":"de","potentialAction":[{"@type":"ReadAction","target":["https:\/\/creaibiza.com\/en\/product\/portixol-ocre\/"]}]},{"@type":"ImageObject","inLanguage":"de","@id":"https:\/\/creaibiza.com\/en\/product\/portixol-ocre\/#primaryimage","url":"https:\/\/creaibiza.com\/wp-content\/uploads\/2025\/10\/PORTIXOL-PORTADA-1-1-1.jpg","contentUrl":"https:\/\/creaibiza.com\/wp-content\/uploads\/2025\/10\/PORTIXOL-PORTADA-1-1-1.jpg","width":1000,"height":1000},{"@type":"BreadcrumbList","@id":"https:\/\/creaibiza.com\/en\/product\/portixol-ocre\/#breadcrumb","itemListElement":[{"@type":"ListItem","position":1,"name":"Portada","item":"https:\/\/creaibiza.com\/"},{"@type":"ListItem","position":2,"name":"Tienda","item":"https:\/\/creaibiza.com\/en\/tienda\/"},{"@type":"ListItem","position":3,"name":"PORTIXOL OCRE"}]},{"@type":"WebSite","@id":"https:\/\/creaibiza.com\/#website","url":"https:\/\/creaibiza.com\/","name":"Ibiza erstellen","description":"Cer\u00e1mica, sanitarios y revestimientos de dise\u00f1o en Ibiza","publisher":{"@id":"https:\/\/creaibiza.com\/#organization"},"potentialAction":[{"@type":"SearchAction","target":{"@type":"EntryPoint","urlTemplate":"https:\/\/creaibiza.com\/?s={search_term_string}"},"query-input":{"@type":"PropertyValueSpecification","valueRequired":true,"valueName":"search_term_string"}}],"inLanguage":"de"},{"@type":"Organization","@id":"https:\/\/creaibiza.com\/#organization","name":"Ibiza erstellen","url":"https:\/\/creaibiza.com\/","logo":{"@type":"ImageObject","inLanguage":"de","@id":"https:\/\/creaibiza.com\/#\/schema\/logo\/image\/","url":"https:\/\/creaibiza.com\/wp-content\/uploads\/2024\/02\/cropped-logocrea-web.png","contentUrl":"https:\/\/creaibiza.com\/wp-content\/uploads\/2024\/02\/cropped-logocrea-web.png","width":591,"height":210,"caption":"Crea Ibiza"},"image":{"@id":"https:\/\/creaibiza.com\/#\/schema\/logo\/image\/"},"sameAs":["https:\/\/www.facebook.com\/creaibiza","https:\/\/www.instagram.com\/creaibiza"]}]}},"_links":{"self":[{"href":"https:\/\/creaibiza.com\/de\/wp-json\/wp\/v2\/product\/35740","targetHints":{"allow":["GET"]}}],"collection":[{"href":"https:\/\/creaibiza.com\/de\/wp-json\/wp\/v2\/product"}],"about":[{"href":"https:\/\/creaibiza.com\/de\/wp-json\/wp\/v2\/types\/product"}],"version-history":[{"count":2,"href":"https:\/\/creaibiza.com\/de\/wp-json\/wp\/v2\/product\/35740\/revisions"}],"predecessor-version":[{"id":35750,"href":"https:\/\/creaibiza.com\/de\/wp-json\/wp\/v2\/product\/35740\/revisions\/35750"}],"wp:featuredmedia":[{"embeddable":true,"href":"https:\/\/creaibiza.com\/de\/wp-json\/wp\/v2\/media\/35749"}],"wp:attachment":[{"href":"https:\/\/creaibiza.com\/de\/wp-json\/wp\/v2\/media?parent=35740"}],"wp:term":[{"taxonomy":"product_brand","embeddable":true,"href":"https:\/\/creaibiza.com\/de\/wp-json\/wp\/v2\/product_brand?post=35740"},{"taxonomy":"product_cat","embeddable":true,"href":"https:\/\/creaibiza.com\/de\/wp-json\/wp\/v2\/product_cat?post=35740"},{"taxonomy":"product_tag","embeddable":true,"href":"https:\/\/creaibiza.com\/de\/wp-json\/wp\/v2\/product_tag?post=35740"}],"curies":[{"name":"wp","href":"https:\/\/api.w.org\/{rel}","templated":true}]}}