{"id":35520,"date":"2025-09-22T11:20:00","date_gmt":"2025-09-22T10:20:00","guid":{"rendered":"https:\/\/creaibiza.com\/?post_type=product&#038;p=35520"},"modified":"2025-09-22T11:23:12","modified_gmt":"2025-09-22T10:23:12","slug":"madre-lavabo","status":"publish","type":"product","link":"https:\/\/creaibiza.com\/de\/produkt\/madre-lavabo\/","title":{"rendered":"MADRE lavabo 75\/95"},"content":{"rendered":"<p>Madre no es un mero ejercicio estil\u00edstico; es el resultado de un extraordinario esfuerzo creativo, inspirado en la historia del dise\u00f1o italiano para revitalizar los h\u00e1bitos de la vida contempor\u00e1nea. Esta es la visi\u00f3n que acompa\u00f1\u00f3 el nacimiento de Madre, dise\u00f1ada por Angeletti-Ruzza.<\/p>\n<p>La arquitectura racionalista italiana impregna la cultura del buen dise\u00f1o y la memoria colectiva, y sirve de punto de encuentro entre la creatividad de los dise\u00f1adores y la experiencia manufacturera de Flaminia. En este intercambio, cobr\u00f3 forma la colecci\u00f3n Madre. La elegante armon\u00eda de l\u00edneas y proporciones satisface tanto lo estil\u00edstico como lo funcional.<\/p>\n<p>El dise\u00f1o vanguardista se inspira en el estilo cl\u00e1sico para crear una ruptura parad\u00f3jica con el pasado: el pasado y el presente se retroalimentan en una perfecta relaci\u00f3n dial\u00e9ctica.<\/p>\n<p>&nbsp;<\/p>","protected":false},"excerpt":{"rendered":"<p>Lavabo de 75 cm para suspender en pared, sobre encimera o apto para pedestal.<\/p>\n<p>Lavabo de 95 cm para suspender en pared, sobre encimera o apto para pedestal.<\/p>\n<p>El precio incluye las dos piezas (lavabo y sistema click clack).<\/p>\n<p>\u2022 con desbordamiento<br \/>\n\u2022 dispuesto para 3 agujeros para grifo<br \/>\n\u2022 kit de fijaci\u00f3n no incluido<\/p>","protected":false},"featured_media":35538,"template":"","meta":{"_acf_changed":false},"product_brand":[398],"product_cat":[192,114,919],"product_tag":[2176,1360],"class_list":{"0":"post-35520","1":"product","2":"type-product","3":"status-publish","4":"has-post-thumbnail","6":"product_brand-flaminia","7":"product_cat-lavabos","8":"product_cat-sanitario","9":"product_cat-sobre-encimera","10":"product_tag-lavabos","11":"product_tag-sanitarios","13":"first","14":"instock","15":"taxable","16":"shipping-taxable","17":"purchasable","18":"product-type-variable"},"acf":[],"yoast_head":"<!-- This site is optimized with the Yoast SEO plugin v27.2 - https:\/\/yoast.com\/product\/yoast-seo-wordpress\/ -->\n<title>MADRE lavabo 75\/95 - Crea Ibiza<\/title>\n<meta name=\"description\" content=\"Crea Ibiza - MADRE lavabo 75\/95 -\" \/>\n<meta name=\"robots\" content=\"index, follow, max-snippet:-1, max-image-preview:large, max-video-preview:-1\" \/>\n<link rel=\"canonical\" href=\"https:\/\/creaibiza.com\/de\/produkt\/madre-lavabo\/\" \/>\n<meta property=\"og:locale\" content=\"de_DE\" \/>\n<meta property=\"og:type\" content=\"article\" \/>\n<meta property=\"og:title\" content=\"MADRE lavabo 75\/95 - Crea Ibiza\" \/>\n<meta property=\"og:description\" content=\"Crea Ibiza - MADRE lavabo 75\/95 -\" \/>\n<meta property=\"og:url\" content=\"https:\/\/creaibiza.com\/de\/produkt\/madre-lavabo\/\" \/>\n<meta property=\"og:site_name\" content=\"Crea Ibiza\" \/>\n<meta property=\"article:publisher\" content=\"https:\/\/www.facebook.com\/creaibiza\" \/>\n<meta property=\"article:modified_time\" content=\"2025-09-22T10:23:12+00:00\" \/>\n<meta property=\"og:image\" content=\"https:\/\/creaibiza.com\/wp-content\/uploads\/2025\/09\/Madre-PORTADA-WEB.jpg\" \/>\n\t<meta property=\"og:image:width\" content=\"1000\" \/>\n\t<meta property=\"og:image:height\" content=\"1004\" \/>\n\t<meta property=\"og:image:type\" content=\"image\/jpeg\" \/>\n<meta name=\"twitter:card\" content=\"summary_large_image\" \/>\n<meta name=\"twitter:label1\" content=\"Gesch\u00e4tzte Lesezeit\" \/>\n\t<meta name=\"twitter:data1\" content=\"1\u00a0Minute\" \/>\n<script type=\"application\/ld+json\" class=\"yoast-schema-graph\">{\"@context\":\"https:\/\/schema.org\",\"@graph\":[{\"@type\":\"WebPage\",\"@id\":\"https:\/\/creaibiza.com\/producto\/madre-lavabo\/\",\"url\":\"https:\/\/creaibiza.com\/producto\/madre-lavabo\/\",\"name\":\"MADRE lavabo 75\/95 - Crea Ibiza\",\"isPartOf\":{\"@id\":\"https:\/\/creaibiza.com\/#website\"},\"primaryImageOfPage\":{\"@id\":\"https:\/\/creaibiza.com\/producto\/madre-lavabo\/#primaryimage\"},\"image\":{\"@id\":\"https:\/\/creaibiza.com\/producto\/madre-lavabo\/#primaryimage\"},\"thumbnailUrl\":\"https:\/\/creaibiza.com\/wp-content\/uploads\/2025\/09\/Madre-PORTADA-WEB.jpg\",\"datePublished\":\"2025-09-22T10:20:00+00:00\",\"dateModified\":\"2025-09-22T10:23:12+00:00\",\"description\":\"Crea Ibiza - MADRE lavabo 75\/95 -\",\"breadcrumb\":{\"@id\":\"https:\/\/creaibiza.com\/producto\/madre-lavabo\/#breadcrumb\"},\"inLanguage\":\"de\",\"potentialAction\":[{\"@type\":\"ReadAction\",\"target\":[\"https:\/\/creaibiza.com\/producto\/madre-lavabo\/\"]}]},{\"@type\":\"ImageObject\",\"inLanguage\":\"de\",\"@id\":\"https:\/\/creaibiza.com\/producto\/madre-lavabo\/#primaryimage\",\"url\":\"https:\/\/creaibiza.com\/wp-content\/uploads\/2025\/09\/Madre-PORTADA-WEB.jpg\",\"contentUrl\":\"https:\/\/creaibiza.com\/wp-content\/uploads\/2025\/09\/Madre-PORTADA-WEB.jpg\",\"width\":1000,\"height\":1004},{\"@type\":\"BreadcrumbList\",\"@id\":\"https:\/\/creaibiza.com\/producto\/madre-lavabo\/#breadcrumb\",\"itemListElement\":[{\"@type\":\"ListItem\",\"position\":1,\"name\":\"Portada\",\"item\":\"https:\/\/creaibiza.com\/\"},{\"@type\":\"ListItem\",\"position\":2,\"name\":\"Tienda\",\"item\":\"https:\/\/creaibiza.com\/en\/tienda\/\"},{\"@type\":\"ListItem\",\"position\":3,\"name\":\"MADRE lavabo 75\/95\"}]},{\"@type\":\"WebSite\",\"@id\":\"https:\/\/creaibiza.com\/#website\",\"url\":\"https:\/\/creaibiza.com\/\",\"name\":\"Crea Ibiza\",\"description\":\"Cer\u00e1mica, sanitarios y revestimientos de dise\u00f1o en Ibiza\",\"publisher\":{\"@id\":\"https:\/\/creaibiza.com\/#organization\"},\"potentialAction\":[{\"@type\":\"SearchAction\",\"target\":{\"@type\":\"EntryPoint\",\"urlTemplate\":\"https:\/\/creaibiza.com\/?s={search_term_string}\"},\"query-input\":{\"@type\":\"PropertyValueSpecification\",\"valueRequired\":true,\"valueName\":\"search_term_string\"}}],\"inLanguage\":\"de\"},{\"@type\":\"Organization\",\"@id\":\"https:\/\/creaibiza.com\/#organization\",\"name\":\"Crea Ibiza\",\"url\":\"https:\/\/creaibiza.com\/\",\"logo\":{\"@type\":\"ImageObject\",\"inLanguage\":\"de\",\"@id\":\"https:\/\/creaibiza.com\/#\/schema\/logo\/image\/\",\"url\":\"https:\/\/creaibiza.com\/wp-content\/uploads\/2024\/02\/cropped-logocrea-web.png\",\"contentUrl\":\"https:\/\/creaibiza.com\/wp-content\/uploads\/2024\/02\/cropped-logocrea-web.png\",\"width\":591,\"height\":210,\"caption\":\"Crea Ibiza\"},\"image\":{\"@id\":\"https:\/\/creaibiza.com\/#\/schema\/logo\/image\/\"},\"sameAs\":[\"https:\/\/www.facebook.com\/creaibiza\",\"https:\/\/www.instagram.com\/creaibiza\"]}]}<\/script>\n<!-- \/ Yoast SEO plugin. -->","yoast_head_json":{"title":"MADRE lavabo 75\/95 - Crea Ibiza","description":"Crea Ibiza - MADRE lavabo 75\/95 -","robots":{"index":"index","follow":"follow","max-snippet":"max-snippet:-1","max-image-preview":"max-image-preview:large","max-video-preview":"max-video-preview:-1"},"canonical":"https:\/\/creaibiza.com\/de\/produkt\/madre-lavabo\/","og_locale":"de_DE","og_type":"article","og_title":"MADRE lavabo 75\/95 - Crea Ibiza","og_description":"Crea Ibiza - MADRE lavabo 75\/95 -","og_url":"https:\/\/creaibiza.com\/de\/produkt\/madre-lavabo\/","og_site_name":"Crea Ibiza","article_publisher":"https:\/\/www.facebook.com\/creaibiza","article_modified_time":"2025-09-22T10:23:12+00:00","og_image":[{"width":1000,"height":1004,"url":"https:\/\/creaibiza.com\/wp-content\/uploads\/2025\/09\/Madre-PORTADA-WEB.jpg","type":"image\/jpeg"}],"twitter_card":"summary_large_image","twitter_misc":{"Gesch\u00e4tzte Lesezeit":"1\u00a0Minute"},"schema":{"@context":"https:\/\/schema.org","@graph":[{"@type":"WebPage","@id":"https:\/\/creaibiza.com\/producto\/madre-lavabo\/","url":"https:\/\/creaibiza.com\/producto\/madre-lavabo\/","name":"MADRE lavabo 75\/95 - Crea Ibiza","isPartOf":{"@id":"https:\/\/creaibiza.com\/#website"},"primaryImageOfPage":{"@id":"https:\/\/creaibiza.com\/producto\/madre-lavabo\/#primaryimage"},"image":{"@id":"https:\/\/creaibiza.com\/producto\/madre-lavabo\/#primaryimage"},"thumbnailUrl":"https:\/\/creaibiza.com\/wp-content\/uploads\/2025\/09\/Madre-PORTADA-WEB.jpg","datePublished":"2025-09-22T10:20:00+00:00","dateModified":"2025-09-22T10:23:12+00:00","description":"Crea Ibiza - MADRE lavabo 75\/95 -","breadcrumb":{"@id":"https:\/\/creaibiza.com\/producto\/madre-lavabo\/#breadcrumb"},"inLanguage":"de","potentialAction":[{"@type":"ReadAction","target":["https:\/\/creaibiza.com\/producto\/madre-lavabo\/"]}]},{"@type":"ImageObject","inLanguage":"de","@id":"https:\/\/creaibiza.com\/producto\/madre-lavabo\/#primaryimage","url":"https:\/\/creaibiza.com\/wp-content\/uploads\/2025\/09\/Madre-PORTADA-WEB.jpg","contentUrl":"https:\/\/creaibiza.com\/wp-content\/uploads\/2025\/09\/Madre-PORTADA-WEB.jpg","width":1000,"height":1004},{"@type":"BreadcrumbList","@id":"https:\/\/creaibiza.com\/producto\/madre-lavabo\/#breadcrumb","itemListElement":[{"@type":"ListItem","position":1,"name":"Portada","item":"https:\/\/creaibiza.com\/"},{"@type":"ListItem","position":2,"name":"Tienda","item":"https:\/\/creaibiza.com\/en\/tienda\/"},{"@type":"ListItem","position":3,"name":"MADRE lavabo 75\/95"}]},{"@type":"WebSite","@id":"https:\/\/creaibiza.com\/#website","url":"https:\/\/creaibiza.com\/","name":"Ibiza erstellen","description":"Cer\u00e1mica, sanitarios y revestimientos de dise\u00f1o en Ibiza","publisher":{"@id":"https:\/\/creaibiza.com\/#organization"},"potentialAction":[{"@type":"SearchAction","target":{"@type":"EntryPoint","urlTemplate":"https:\/\/creaibiza.com\/?s={search_term_string}"},"query-input":{"@type":"PropertyValueSpecification","valueRequired":true,"valueName":"search_term_string"}}],"inLanguage":"de"},{"@type":"Organization","@id":"https:\/\/creaibiza.com\/#organization","name":"Ibiza erstellen","url":"https:\/\/creaibiza.com\/","logo":{"@type":"ImageObject","inLanguage":"de","@id":"https:\/\/creaibiza.com\/#\/schema\/logo\/image\/","url":"https:\/\/creaibiza.com\/wp-content\/uploads\/2024\/02\/cropped-logocrea-web.png","contentUrl":"https:\/\/creaibiza.com\/wp-content\/uploads\/2024\/02\/cropped-logocrea-web.png","width":591,"height":210,"caption":"Crea Ibiza"},"image":{"@id":"https:\/\/creaibiza.com\/#\/schema\/logo\/image\/"},"sameAs":["https:\/\/www.facebook.com\/creaibiza","https:\/\/www.instagram.com\/creaibiza"]}]}},"_links":{"self":[{"href":"https:\/\/creaibiza.com\/de\/wp-json\/wp\/v2\/product\/35520","targetHints":{"allow":["GET"]}}],"collection":[{"href":"https:\/\/creaibiza.com\/de\/wp-json\/wp\/v2\/product"}],"about":[{"href":"https:\/\/creaibiza.com\/de\/wp-json\/wp\/v2\/types\/product"}],"version-history":[{"count":2,"href":"https:\/\/creaibiza.com\/de\/wp-json\/wp\/v2\/product\/35520\/revisions"}],"predecessor-version":[{"id":35540,"href":"https:\/\/creaibiza.com\/de\/wp-json\/wp\/v2\/product\/35520\/revisions\/35540"}],"wp:featuredmedia":[{"embeddable":true,"href":"https:\/\/creaibiza.com\/de\/wp-json\/wp\/v2\/media\/35538"}],"wp:attachment":[{"href":"https:\/\/creaibiza.com\/de\/wp-json\/wp\/v2\/media?parent=35520"}],"wp:term":[{"taxonomy":"product_brand","embeddable":true,"href":"https:\/\/creaibiza.com\/de\/wp-json\/wp\/v2\/product_brand?post=35520"},{"taxonomy":"product_cat","embeddable":true,"href":"https:\/\/creaibiza.com\/de\/wp-json\/wp\/v2\/product_cat?post=35520"},{"taxonomy":"product_tag","embeddable":true,"href":"https:\/\/creaibiza.com\/de\/wp-json\/wp\/v2\/product_tag?post=35520"}],"curies":[{"name":"wp","href":"https:\/\/api.w.org\/{rel}","templated":true}]}}