{"id":34921,"date":"2025-02-12T10:58:17","date_gmt":"2025-02-12T09:58:17","guid":{"rendered":"https:\/\/creaibiza.com\/?post_type=product&#038;p=34921"},"modified":"2025-02-12T11:17:53","modified_gmt":"2025-02-12T10:17:53","slug":"tally","status":"publish","type":"product","link":"https:\/\/creaibiza.com\/de\/produkt\/tally\/","title":{"rendered":"TALLY"},"content":{"rendered":"<p>Tally es un ladrillo de terracota creado extruyendo un cuadrado dividido<br \/>\nen secciones longitudinales. Dise\u00f1ado por Michael Anastassiades, est\u00e1 concebido como una reinterpretaci\u00f3n tridimensional de Fringe\u2014 la primera colecci\u00f3n de cer\u00e1mica que realiz\u00f3 para Mutina.<\/p>\n<p>Los componentes se pueden ensamblar horizontal, vertical o en forma<br \/>\ncombinaci\u00f3n de ambos, generando una serie infinita de elementos \u00fanicos.<br \/>\nconfiguraciones.<\/p>\n<p>El nombre deriva de \u201cTally marks\u201d, un sistema de conteo que utiliza grupos<br \/>\nde cuatro l\u00edneas verticales atravesadas por una quinta l\u00ednea diagonal. Del mismo modo, Tally agrega grupos predefinidos de l\u00edneas para crear un solo arreglo, que se puede ampliar en cualquier direcci\u00f3n y configuraci\u00f3n.<\/p>\n<p>La colecci\u00f3n consta de dos ladrillos diferentes, uno dividido en dos por una sola l\u00ednea en el centro (Wide), y la otra dividida en cuatro (Angosto). El marco exterior de cada pieza tiene la mitad del espesor de la l\u00edneas que lo dividen. Gracias a esta simple consideraci\u00f3n geom\u00e9trica, Los ladrillos se pueden organizar para crear un patr\u00f3n que se repite infinitamente. con espaciamiento consistente.<\/p>","protected":false},"excerpt":{"rendered":"<p>24 x 24 x 10 cm con 1-3 mm posible variaci\u00f3n (producto artesanal). Pedido m\u00ednimo 32 unidades<\/p>","protected":false},"featured_media":34930,"template":"","meta":{"_acf_changed":false},"product_brand":[381],"product_cat":[348,2003],"product_tag":[2167,2169],"class_list":{"0":"post-34921","1":"product","2":"type-product","3":"status-publish","4":"has-post-thumbnail","6":"product_brand-mutina","7":"product_cat-celosias","8":"product_cat-natural-style","9":"product_tag-celosia","10":"product_tag-decoracion","12":"first","13":"instock","14":"taxable","15":"shipping-taxable","16":"purchasable","17":"product-type-variable"},"acf":[],"yoast_head":"<!-- This site is optimized with the Yoast SEO plugin v27.2 - https:\/\/yoast.com\/product\/yoast-seo-wordpress\/ -->\n<title>TALLY - Crea Ibiza<\/title>\n<meta name=\"description\" content=\"Crea Ibiza - TALLY -\" \/>\n<meta name=\"robots\" content=\"index, follow, max-snippet:-1, max-image-preview:large, max-video-preview:-1\" \/>\n<link rel=\"canonical\" href=\"https:\/\/creaibiza.com\/de\/produkt\/tally\/\" \/>\n<meta property=\"og:locale\" content=\"de_DE\" \/>\n<meta property=\"og:type\" content=\"article\" \/>\n<meta property=\"og:title\" content=\"TALLY - Crea Ibiza\" \/>\n<meta property=\"og:description\" content=\"Crea Ibiza - TALLY -\" \/>\n<meta property=\"og:url\" content=\"https:\/\/creaibiza.com\/de\/produkt\/tally\/\" \/>\n<meta property=\"og:site_name\" content=\"Crea Ibiza\" \/>\n<meta property=\"article:publisher\" content=\"https:\/\/www.facebook.com\/creaibiza\" \/>\n<meta property=\"article:modified_time\" content=\"2025-02-12T10:17:53+00:00\" \/>\n<meta property=\"og:image\" content=\"https:\/\/creaibiza.com\/wp-content\/uploads\/2025\/02\/04112024_MUTINA_TALLY_01_307.jpg\" \/>\n\t<meta property=\"og:image:width\" content=\"1000\" \/>\n\t<meta property=\"og:image:height\" content=\"682\" \/>\n\t<meta property=\"og:image:type\" content=\"image\/jpeg\" \/>\n<meta name=\"twitter:card\" content=\"summary_large_image\" \/>\n<meta name=\"twitter:label1\" content=\"Gesch\u00e4tzte Lesezeit\" \/>\n\t<meta name=\"twitter:data1\" content=\"1\u00a0Minute\" \/>\n<script type=\"application\/ld+json\" class=\"yoast-schema-graph\">{\"@context\":\"https:\/\/schema.org\",\"@graph\":[{\"@type\":\"WebPage\",\"@id\":\"https:\/\/creaibiza.com\/producto\/tally\/\",\"url\":\"https:\/\/creaibiza.com\/producto\/tally\/\",\"name\":\"TALLY - Crea Ibiza\",\"isPartOf\":{\"@id\":\"https:\/\/creaibiza.com\/#website\"},\"primaryImageOfPage\":{\"@id\":\"https:\/\/creaibiza.com\/producto\/tally\/#primaryimage\"},\"image\":{\"@id\":\"https:\/\/creaibiza.com\/producto\/tally\/#primaryimage\"},\"thumbnailUrl\":\"https:\/\/creaibiza.com\/wp-content\/uploads\/2025\/02\/04112024_MUTINA_TALLY_01_307.jpg\",\"datePublished\":\"2025-02-12T09:58:17+00:00\",\"dateModified\":\"2025-02-12T10:17:53+00:00\",\"description\":\"Crea Ibiza - TALLY -\",\"breadcrumb\":{\"@id\":\"https:\/\/creaibiza.com\/producto\/tally\/#breadcrumb\"},\"inLanguage\":\"de\",\"potentialAction\":[{\"@type\":\"ReadAction\",\"target\":[\"https:\/\/creaibiza.com\/producto\/tally\/\"]}]},{\"@type\":\"ImageObject\",\"inLanguage\":\"de\",\"@id\":\"https:\/\/creaibiza.com\/producto\/tally\/#primaryimage\",\"url\":\"https:\/\/creaibiza.com\/wp-content\/uploads\/2025\/02\/04112024_MUTINA_TALLY_01_307.jpg\",\"contentUrl\":\"https:\/\/creaibiza.com\/wp-content\/uploads\/2025\/02\/04112024_MUTINA_TALLY_01_307.jpg\",\"width\":1000,\"height\":682},{\"@type\":\"BreadcrumbList\",\"@id\":\"https:\/\/creaibiza.com\/producto\/tally\/#breadcrumb\",\"itemListElement\":[{\"@type\":\"ListItem\",\"position\":1,\"name\":\"Portada\",\"item\":\"https:\/\/creaibiza.com\/\"},{\"@type\":\"ListItem\",\"position\":2,\"name\":\"Tienda\",\"item\":\"https:\/\/creaibiza.com\/en\/tienda\/\"},{\"@type\":\"ListItem\",\"position\":3,\"name\":\"TALLY\"}]},{\"@type\":\"WebSite\",\"@id\":\"https:\/\/creaibiza.com\/#website\",\"url\":\"https:\/\/creaibiza.com\/\",\"name\":\"Crea Ibiza\",\"description\":\"Cer\u00e1mica, sanitarios y revestimientos de dise\u00f1o en Ibiza\",\"publisher\":{\"@id\":\"https:\/\/creaibiza.com\/#organization\"},\"potentialAction\":[{\"@type\":\"SearchAction\",\"target\":{\"@type\":\"EntryPoint\",\"urlTemplate\":\"https:\/\/creaibiza.com\/?s={search_term_string}\"},\"query-input\":{\"@type\":\"PropertyValueSpecification\",\"valueRequired\":true,\"valueName\":\"search_term_string\"}}],\"inLanguage\":\"de\"},{\"@type\":\"Organization\",\"@id\":\"https:\/\/creaibiza.com\/#organization\",\"name\":\"Crea Ibiza\",\"url\":\"https:\/\/creaibiza.com\/\",\"logo\":{\"@type\":\"ImageObject\",\"inLanguage\":\"de\",\"@id\":\"https:\/\/creaibiza.com\/#\/schema\/logo\/image\/\",\"url\":\"https:\/\/creaibiza.com\/wp-content\/uploads\/2024\/02\/cropped-logocrea-web.png\",\"contentUrl\":\"https:\/\/creaibiza.com\/wp-content\/uploads\/2024\/02\/cropped-logocrea-web.png\",\"width\":591,\"height\":210,\"caption\":\"Crea Ibiza\"},\"image\":{\"@id\":\"https:\/\/creaibiza.com\/#\/schema\/logo\/image\/\"},\"sameAs\":[\"https:\/\/www.facebook.com\/creaibiza\",\"https:\/\/www.instagram.com\/creaibiza\"]}]}<\/script>\n<!-- \/ Yoast SEO plugin. -->","yoast_head_json":{"title":"TALLY - Crea Ibiza","description":"Crea Ibiza - TALLY -","robots":{"index":"index","follow":"follow","max-snippet":"max-snippet:-1","max-image-preview":"max-image-preview:large","max-video-preview":"max-video-preview:-1"},"canonical":"https:\/\/creaibiza.com\/de\/produkt\/tally\/","og_locale":"de_DE","og_type":"article","og_title":"TALLY - Crea Ibiza","og_description":"Crea Ibiza - TALLY -","og_url":"https:\/\/creaibiza.com\/de\/produkt\/tally\/","og_site_name":"Crea Ibiza","article_publisher":"https:\/\/www.facebook.com\/creaibiza","article_modified_time":"2025-02-12T10:17:53+00:00","og_image":[{"width":1000,"height":682,"url":"https:\/\/creaibiza.com\/wp-content\/uploads\/2025\/02\/04112024_MUTINA_TALLY_01_307.jpg","type":"image\/jpeg"}],"twitter_card":"summary_large_image","twitter_misc":{"Gesch\u00e4tzte Lesezeit":"1\u00a0Minute"},"schema":{"@context":"https:\/\/schema.org","@graph":[{"@type":"WebPage","@id":"https:\/\/creaibiza.com\/producto\/tally\/","url":"https:\/\/creaibiza.com\/producto\/tally\/","name":"TALLY - Crea Ibiza","isPartOf":{"@id":"https:\/\/creaibiza.com\/#website"},"primaryImageOfPage":{"@id":"https:\/\/creaibiza.com\/producto\/tally\/#primaryimage"},"image":{"@id":"https:\/\/creaibiza.com\/producto\/tally\/#primaryimage"},"thumbnailUrl":"https:\/\/creaibiza.com\/wp-content\/uploads\/2025\/02\/04112024_MUTINA_TALLY_01_307.jpg","datePublished":"2025-02-12T09:58:17+00:00","dateModified":"2025-02-12T10:17:53+00:00","description":"Crea Ibiza - TALLY -","breadcrumb":{"@id":"https:\/\/creaibiza.com\/producto\/tally\/#breadcrumb"},"inLanguage":"de","potentialAction":[{"@type":"ReadAction","target":["https:\/\/creaibiza.com\/producto\/tally\/"]}]},{"@type":"ImageObject","inLanguage":"de","@id":"https:\/\/creaibiza.com\/producto\/tally\/#primaryimage","url":"https:\/\/creaibiza.com\/wp-content\/uploads\/2025\/02\/04112024_MUTINA_TALLY_01_307.jpg","contentUrl":"https:\/\/creaibiza.com\/wp-content\/uploads\/2025\/02\/04112024_MUTINA_TALLY_01_307.jpg","width":1000,"height":682},{"@type":"BreadcrumbList","@id":"https:\/\/creaibiza.com\/producto\/tally\/#breadcrumb","itemListElement":[{"@type":"ListItem","position":1,"name":"Portada","item":"https:\/\/creaibiza.com\/"},{"@type":"ListItem","position":2,"name":"Tienda","item":"https:\/\/creaibiza.com\/en\/tienda\/"},{"@type":"ListItem","position":3,"name":"TALLY"}]},{"@type":"WebSite","@id":"https:\/\/creaibiza.com\/#website","url":"https:\/\/creaibiza.com\/","name":"Ibiza erstellen","description":"Cer\u00e1mica, sanitarios y revestimientos de dise\u00f1o en Ibiza","publisher":{"@id":"https:\/\/creaibiza.com\/#organization"},"potentialAction":[{"@type":"SearchAction","target":{"@type":"EntryPoint","urlTemplate":"https:\/\/creaibiza.com\/?s={search_term_string}"},"query-input":{"@type":"PropertyValueSpecification","valueRequired":true,"valueName":"search_term_string"}}],"inLanguage":"de"},{"@type":"Organization","@id":"https:\/\/creaibiza.com\/#organization","name":"Ibiza erstellen","url":"https:\/\/creaibiza.com\/","logo":{"@type":"ImageObject","inLanguage":"de","@id":"https:\/\/creaibiza.com\/#\/schema\/logo\/image\/","url":"https:\/\/creaibiza.com\/wp-content\/uploads\/2024\/02\/cropped-logocrea-web.png","contentUrl":"https:\/\/creaibiza.com\/wp-content\/uploads\/2024\/02\/cropped-logocrea-web.png","width":591,"height":210,"caption":"Crea Ibiza"},"image":{"@id":"https:\/\/creaibiza.com\/#\/schema\/logo\/image\/"},"sameAs":["https:\/\/www.facebook.com\/creaibiza","https:\/\/www.instagram.com\/creaibiza"]}]}},"_links":{"self":[{"href":"https:\/\/creaibiza.com\/de\/wp-json\/wp\/v2\/product\/34921","targetHints":{"allow":["GET"]}}],"collection":[{"href":"https:\/\/creaibiza.com\/de\/wp-json\/wp\/v2\/product"}],"about":[{"href":"https:\/\/creaibiza.com\/de\/wp-json\/wp\/v2\/types\/product"}],"version-history":[{"count":1,"href":"https:\/\/creaibiza.com\/de\/wp-json\/wp\/v2\/product\/34921\/revisions"}],"predecessor-version":[{"id":34938,"href":"https:\/\/creaibiza.com\/de\/wp-json\/wp\/v2\/product\/34921\/revisions\/34938"}],"wp:featuredmedia":[{"embeddable":true,"href":"https:\/\/creaibiza.com\/de\/wp-json\/wp\/v2\/media\/34930"}],"wp:attachment":[{"href":"https:\/\/creaibiza.com\/de\/wp-json\/wp\/v2\/media?parent=34921"}],"wp:term":[{"taxonomy":"product_brand","embeddable":true,"href":"https:\/\/creaibiza.com\/de\/wp-json\/wp\/v2\/product_brand?post=34921"},{"taxonomy":"product_cat","embeddable":true,"href":"https:\/\/creaibiza.com\/de\/wp-json\/wp\/v2\/product_cat?post=34921"},{"taxonomy":"product_tag","embeddable":true,"href":"https:\/\/creaibiza.com\/de\/wp-json\/wp\/v2\/product_tag?post=34921"}],"curies":[{"name":"wp","href":"https:\/\/api.w.org\/{rel}","templated":true}]}}