{"id":34742,"date":"2025-02-03T11:56:23","date_gmt":"2025-02-03T10:56:23","guid":{"rendered":"https:\/\/creaibiza.com\/?post_type=product&#038;p=34742"},"modified":"2025-03-17T13:23:19","modified_gmt":"2025-03-17T12:23:19","slug":"cross-cut","status":"publish","type":"product","link":"https:\/\/creaibiza.com\/de\/produkt\/cross-cut\/","title":{"rendered":"CROSS CUT"},"content":{"rendered":"<p>La t\u00e9cnica del cross cut permite la obtenci\u00f3n de una textura \u00fanica y de gran<br \/>\nriqueza gr\u00e1fica, al realizarse los cortes de forma perpendicular a la direcci\u00f3n de<br \/>\nsedimentaci\u00f3n de la piedra. Nos encanta dise\u00f1ar interiores que transmitan sensaci\u00f3n de armon\u00eda entre vanguardia y elegancia. Para ello, Cross Cut ha sido dise\u00f1ada en tres tonalidades y con diversidad de formatos para adaptarse a la perfecci\u00f3n a cualquier espacio. Una conexi\u00f3n emocional con la materia prima<\/p>","protected":false},"excerpt":{"rendered":"<p>Esta colecci\u00f3n ha sido creada utilizando un esmalte mate especialmente formulado para su uso tanto en interior como en exterior. Gracias a una innovadora superficie antideslizante R11 \/ Clase 3 \/ DCOF &gt; 0,75, Cross Cut puede instalarse en zonas h\u00famedas. Sin embargo, su acabado suave al tacto lo hace adecuado para su uso en el interior, lo que permite conseguir espacios est\u00e9ticamente uniformes. Un s\u00f3lo producto, usos ilimitados.<\/p>","protected":false},"featured_media":34775,"template":"","meta":{"_acf_changed":false},"product_brand":[187],"product_cat":[2003,116,1002,227,113],"product_tag":[1352,1353],"class_list":{"0":"post-34742","1":"product","2":"type-product","3":"status-publish","4":"has-post-thumbnail","6":"product_brand-wow","7":"product_cat-natural-style","8":"product_cat-pavimento","9":"product_cat-piedra-revestimiento","10":"product_cat-piedra","11":"product_cat-revestimiento","12":"product_tag-pavimento","13":"product_tag-revestimiento","15":"first","16":"instock","17":"taxable","18":"shipping-taxable","19":"purchasable","20":"product-type-variable"},"acf":[],"yoast_head":"<!-- This site is optimized with the Yoast SEO plugin v27.2 - https:\/\/yoast.com\/product\/yoast-seo-wordpress\/ -->\n<title>CROSS CUT - Crea Ibiza<\/title>\n<meta name=\"description\" content=\"Crea Ibiza - CROSS CUT -\" \/>\n<meta name=\"robots\" content=\"index, follow, max-snippet:-1, max-image-preview:large, max-video-preview:-1\" \/>\n<link rel=\"canonical\" href=\"https:\/\/creaibiza.com\/de\/produkt\/cross-cut\/\" \/>\n<meta property=\"og:locale\" content=\"de_DE\" \/>\n<meta property=\"og:type\" content=\"article\" \/>\n<meta property=\"og:title\" content=\"CROSS CUT - Crea Ibiza\" \/>\n<meta property=\"og:description\" content=\"Crea Ibiza - CROSS CUT -\" \/>\n<meta property=\"og:url\" content=\"https:\/\/creaibiza.com\/de\/produkt\/cross-cut\/\" \/>\n<meta property=\"og:site_name\" content=\"Crea Ibiza\" \/>\n<meta property=\"article:publisher\" content=\"https:\/\/www.facebook.com\/creaibiza\" \/>\n<meta property=\"article:modified_time\" content=\"2025-03-17T12:23:19+00:00\" \/>\n<meta property=\"og:image\" content=\"https:\/\/creaibiza.com\/wp-content\/uploads\/2025\/02\/0011_amb15_Cross-Cut-XXL-O-Walnut_1.jpg\" \/>\n\t<meta property=\"og:image:width\" content=\"1920\" \/>\n\t<meta property=\"og:image:height\" content=\"1920\" \/>\n\t<meta property=\"og:image:type\" content=\"image\/jpeg\" \/>\n<meta name=\"twitter:card\" content=\"summary_large_image\" \/>\n<meta name=\"twitter:label1\" content=\"Gesch\u00e4tzte Lesezeit\" \/>\n\t<meta name=\"twitter:data1\" content=\"1\u00a0Minute\" \/>\n<script type=\"application\/ld+json\" class=\"yoast-schema-graph\">{\"@context\":\"https:\/\/schema.org\",\"@graph\":[{\"@type\":\"WebPage\",\"@id\":\"https:\/\/creaibiza.com\/producto\/cross-cut\/\",\"url\":\"https:\/\/creaibiza.com\/producto\/cross-cut\/\",\"name\":\"CROSS CUT - Crea Ibiza\",\"isPartOf\":{\"@id\":\"https:\/\/creaibiza.com\/#website\"},\"primaryImageOfPage\":{\"@id\":\"https:\/\/creaibiza.com\/producto\/cross-cut\/#primaryimage\"},\"image\":{\"@id\":\"https:\/\/creaibiza.com\/producto\/cross-cut\/#primaryimage\"},\"thumbnailUrl\":\"https:\/\/creaibiza.com\/wp-content\/uploads\/2025\/02\/0011_amb15_Cross-Cut-XXL-O-Walnut_1.jpg\",\"datePublished\":\"2025-02-03T10:56:23+00:00\",\"dateModified\":\"2025-03-17T12:23:19+00:00\",\"description\":\"Crea Ibiza - CROSS CUT -\",\"breadcrumb\":{\"@id\":\"https:\/\/creaibiza.com\/producto\/cross-cut\/#breadcrumb\"},\"inLanguage\":\"de\",\"potentialAction\":[{\"@type\":\"ReadAction\",\"target\":[\"https:\/\/creaibiza.com\/producto\/cross-cut\/\"]}]},{\"@type\":\"ImageObject\",\"inLanguage\":\"de\",\"@id\":\"https:\/\/creaibiza.com\/producto\/cross-cut\/#primaryimage\",\"url\":\"https:\/\/creaibiza.com\/wp-content\/uploads\/2025\/02\/0011_amb15_Cross-Cut-XXL-O-Walnut_1.jpg\",\"contentUrl\":\"https:\/\/creaibiza.com\/wp-content\/uploads\/2025\/02\/0011_amb15_Cross-Cut-XXL-O-Walnut_1.jpg\",\"width\":1920,\"height\":1920},{\"@type\":\"BreadcrumbList\",\"@id\":\"https:\/\/creaibiza.com\/producto\/cross-cut\/#breadcrumb\",\"itemListElement\":[{\"@type\":\"ListItem\",\"position\":1,\"name\":\"Portada\",\"item\":\"https:\/\/creaibiza.com\/\"},{\"@type\":\"ListItem\",\"position\":2,\"name\":\"Tienda\",\"item\":\"https:\/\/creaibiza.com\/en\/tienda\/\"},{\"@type\":\"ListItem\",\"position\":3,\"name\":\"CROSS CUT\"}]},{\"@type\":\"WebSite\",\"@id\":\"https:\/\/creaibiza.com\/#website\",\"url\":\"https:\/\/creaibiza.com\/\",\"name\":\"Crea Ibiza\",\"description\":\"Cer\u00e1mica, sanitarios y revestimientos de dise\u00f1o en Ibiza\",\"publisher\":{\"@id\":\"https:\/\/creaibiza.com\/#organization\"},\"potentialAction\":[{\"@type\":\"SearchAction\",\"target\":{\"@type\":\"EntryPoint\",\"urlTemplate\":\"https:\/\/creaibiza.com\/?s={search_term_string}\"},\"query-input\":{\"@type\":\"PropertyValueSpecification\",\"valueRequired\":true,\"valueName\":\"search_term_string\"}}],\"inLanguage\":\"de\"},{\"@type\":\"Organization\",\"@id\":\"https:\/\/creaibiza.com\/#organization\",\"name\":\"Crea Ibiza\",\"url\":\"https:\/\/creaibiza.com\/\",\"logo\":{\"@type\":\"ImageObject\",\"inLanguage\":\"de\",\"@id\":\"https:\/\/creaibiza.com\/#\/schema\/logo\/image\/\",\"url\":\"https:\/\/creaibiza.com\/wp-content\/uploads\/2024\/02\/cropped-logocrea-web.png\",\"contentUrl\":\"https:\/\/creaibiza.com\/wp-content\/uploads\/2024\/02\/cropped-logocrea-web.png\",\"width\":591,\"height\":210,\"caption\":\"Crea Ibiza\"},\"image\":{\"@id\":\"https:\/\/creaibiza.com\/#\/schema\/logo\/image\/\"},\"sameAs\":[\"https:\/\/www.facebook.com\/creaibiza\",\"https:\/\/www.instagram.com\/creaibiza\"]}]}<\/script>\n<!-- \/ Yoast SEO plugin. -->","yoast_head_json":{"title":"CROSS CUT - Crea Ibiza","description":"Crea Ibiza - CROSS CUT -","robots":{"index":"index","follow":"follow","max-snippet":"max-snippet:-1","max-image-preview":"max-image-preview:large","max-video-preview":"max-video-preview:-1"},"canonical":"https:\/\/creaibiza.com\/de\/produkt\/cross-cut\/","og_locale":"de_DE","og_type":"article","og_title":"CROSS CUT - Crea Ibiza","og_description":"Crea Ibiza - CROSS CUT -","og_url":"https:\/\/creaibiza.com\/de\/produkt\/cross-cut\/","og_site_name":"Crea Ibiza","article_publisher":"https:\/\/www.facebook.com\/creaibiza","article_modified_time":"2025-03-17T12:23:19+00:00","og_image":[{"width":1920,"height":1920,"url":"https:\/\/creaibiza.com\/wp-content\/uploads\/2025\/02\/0011_amb15_Cross-Cut-XXL-O-Walnut_1.jpg","type":"image\/jpeg"}],"twitter_card":"summary_large_image","twitter_misc":{"Gesch\u00e4tzte Lesezeit":"1\u00a0Minute"},"schema":{"@context":"https:\/\/schema.org","@graph":[{"@type":"WebPage","@id":"https:\/\/creaibiza.com\/producto\/cross-cut\/","url":"https:\/\/creaibiza.com\/producto\/cross-cut\/","name":"CROSS CUT - Crea Ibiza","isPartOf":{"@id":"https:\/\/creaibiza.com\/#website"},"primaryImageOfPage":{"@id":"https:\/\/creaibiza.com\/producto\/cross-cut\/#primaryimage"},"image":{"@id":"https:\/\/creaibiza.com\/producto\/cross-cut\/#primaryimage"},"thumbnailUrl":"https:\/\/creaibiza.com\/wp-content\/uploads\/2025\/02\/0011_amb15_Cross-Cut-XXL-O-Walnut_1.jpg","datePublished":"2025-02-03T10:56:23+00:00","dateModified":"2025-03-17T12:23:19+00:00","description":"Crea Ibiza - CROSS CUT -","breadcrumb":{"@id":"https:\/\/creaibiza.com\/producto\/cross-cut\/#breadcrumb"},"inLanguage":"de","potentialAction":[{"@type":"ReadAction","target":["https:\/\/creaibiza.com\/producto\/cross-cut\/"]}]},{"@type":"ImageObject","inLanguage":"de","@id":"https:\/\/creaibiza.com\/producto\/cross-cut\/#primaryimage","url":"https:\/\/creaibiza.com\/wp-content\/uploads\/2025\/02\/0011_amb15_Cross-Cut-XXL-O-Walnut_1.jpg","contentUrl":"https:\/\/creaibiza.com\/wp-content\/uploads\/2025\/02\/0011_amb15_Cross-Cut-XXL-O-Walnut_1.jpg","width":1920,"height":1920},{"@type":"BreadcrumbList","@id":"https:\/\/creaibiza.com\/producto\/cross-cut\/#breadcrumb","itemListElement":[{"@type":"ListItem","position":1,"name":"Portada","item":"https:\/\/creaibiza.com\/"},{"@type":"ListItem","position":2,"name":"Tienda","item":"https:\/\/creaibiza.com\/en\/tienda\/"},{"@type":"ListItem","position":3,"name":"CROSS CUT"}]},{"@type":"WebSite","@id":"https:\/\/creaibiza.com\/#website","url":"https:\/\/creaibiza.com\/","name":"Ibiza erstellen","description":"Cer\u00e1mica, sanitarios y revestimientos de dise\u00f1o en Ibiza","publisher":{"@id":"https:\/\/creaibiza.com\/#organization"},"potentialAction":[{"@type":"SearchAction","target":{"@type":"EntryPoint","urlTemplate":"https:\/\/creaibiza.com\/?s={search_term_string}"},"query-input":{"@type":"PropertyValueSpecification","valueRequired":true,"valueName":"search_term_string"}}],"inLanguage":"de"},{"@type":"Organization","@id":"https:\/\/creaibiza.com\/#organization","name":"Ibiza erstellen","url":"https:\/\/creaibiza.com\/","logo":{"@type":"ImageObject","inLanguage":"de","@id":"https:\/\/creaibiza.com\/#\/schema\/logo\/image\/","url":"https:\/\/creaibiza.com\/wp-content\/uploads\/2024\/02\/cropped-logocrea-web.png","contentUrl":"https:\/\/creaibiza.com\/wp-content\/uploads\/2024\/02\/cropped-logocrea-web.png","width":591,"height":210,"caption":"Crea Ibiza"},"image":{"@id":"https:\/\/creaibiza.com\/#\/schema\/logo\/image\/"},"sameAs":["https:\/\/www.facebook.com\/creaibiza","https:\/\/www.instagram.com\/creaibiza"]}]}},"_links":{"self":[{"href":"https:\/\/creaibiza.com\/de\/wp-json\/wp\/v2\/product\/34742","targetHints":{"allow":["GET"]}}],"collection":[{"href":"https:\/\/creaibiza.com\/de\/wp-json\/wp\/v2\/product"}],"about":[{"href":"https:\/\/creaibiza.com\/de\/wp-json\/wp\/v2\/types\/product"}],"version-history":[{"count":1,"href":"https:\/\/creaibiza.com\/de\/wp-json\/wp\/v2\/product\/34742\/revisions"}],"predecessor-version":[{"id":34774,"href":"https:\/\/creaibiza.com\/de\/wp-json\/wp\/v2\/product\/34742\/revisions\/34774"}],"wp:featuredmedia":[{"embeddable":true,"href":"https:\/\/creaibiza.com\/de\/wp-json\/wp\/v2\/media\/34775"}],"wp:attachment":[{"href":"https:\/\/creaibiza.com\/de\/wp-json\/wp\/v2\/media?parent=34742"}],"wp:term":[{"taxonomy":"product_brand","embeddable":true,"href":"https:\/\/creaibiza.com\/de\/wp-json\/wp\/v2\/product_brand?post=34742"},{"taxonomy":"product_cat","embeddable":true,"href":"https:\/\/creaibiza.com\/de\/wp-json\/wp\/v2\/product_cat?post=34742"},{"taxonomy":"product_tag","embeddable":true,"href":"https:\/\/creaibiza.com\/de\/wp-json\/wp\/v2\/product_tag?post=34742"}],"curies":[{"name":"wp","href":"https:\/\/api.w.org\/{rel}","templated":true}]}}