{"id":34727,"date":"2025-01-27T12:50:45","date_gmt":"2025-01-27T11:50:45","guid":{"rendered":"https:\/\/creaibiza.com\/?post_type=product&#038;p=34727"},"modified":"2025-01-27T12:50:45","modified_gmt":"2025-01-27T11:50:45","slug":"g-tribeca-wall","status":"publish","type":"product","link":"https:\/\/creaibiza.com\/de\/produkt\/g-tribeca-wall\/","title":{"rendered":"G TRIBECA WALL"},"content":{"rendered":"<p>Tribeca Wall, una pieza decorativa mural tipo persiana, en formato 32\u00d762, de muy f\u00e1cil colocaci\u00f3n apaisada y con un resultado est\u00e9ticamente muy aut\u00e9ntico que la convierte en una pieza vers\u00e1til, capaz de funcionar con distintas series y que nos permite mezclar los cuatro colores de la serie, el aqua, blanco gris y miel en una sola pieza. Spiga Tribeca, en formato 45\u00d790 nos permite formar los tableros con forma de espiga, de un modo sumamente sencillo pero visualmente con un resultado est\u00e9ticamente muy bello y con opciones decorativas como la mix que combina los 4 colores.<\/p>","protected":false},"excerpt":{"rendered":"<p>Tribeca Wall, una pieza decorativa mural tipo persiana, en formato 32\u00d762, de muy f\u00e1cil colocaci\u00f3n apaisada y con un resultado est\u00e9ticamente muy aut\u00e9ntico que la convierte en una pieza vers\u00e1til, capaz de funcionar con distintas series y que nos permite mezclar los cuatro colores de la serie, el aqua, blanco gris y miel en una &hellip; <\/p>\n<p class=\"link-more\"><a href=\"https:\/\/creaibiza.com\/de\/produkt\/g-tribeca-wall\/\" class=\"more-link\">Read More <span class=\"screen-reader-text\"> \u00abG TRIBECA WALL\u00bb<\/span><\/a><\/p>","protected":false},"featured_media":34739,"template":"","meta":{"_acf_changed":false},"product_brand":[1807],"product_cat":[186,113],"product_tag":[2169,1365,1353],"class_list":{"0":"post-34727","1":"product","2":"type-product","3":"status-publish","4":"has-post-thumbnail","6":"product_brand-gayaforest","7":"product_cat-decorados","8":"product_cat-revestimiento","9":"product_tag-decoracion","10":"product_tag-madera","11":"product_tag-revestimiento","13":"first","14":"instock","15":"taxable","16":"shipping-taxable","17":"purchasable","18":"product-type-variable"},"acf":[],"yoast_head":"<!-- This site is optimized with the Yoast SEO plugin v27.2 - https:\/\/yoast.com\/product\/yoast-seo-wordpress\/ -->\n<title>G TRIBECA WALL - Crea Ibiza<\/title>\n<meta name=\"description\" content=\"Crea Ibiza - G TRIBECA WALL -\" \/>\n<meta name=\"robots\" content=\"index, follow, max-snippet:-1, max-image-preview:large, max-video-preview:-1\" \/>\n<link rel=\"canonical\" href=\"https:\/\/creaibiza.com\/de\/produkt\/g-tribeca-wall\/\" \/>\n<meta property=\"og:locale\" content=\"de_DE\" \/>\n<meta property=\"og:type\" content=\"article\" \/>\n<meta property=\"og:title\" content=\"G TRIBECA WALL - Crea Ibiza\" \/>\n<meta property=\"og:description\" content=\"Crea Ibiza - G TRIBECA WALL -\" \/>\n<meta property=\"og:url\" content=\"https:\/\/creaibiza.com\/de\/produkt\/g-tribeca-wall\/\" \/>\n<meta property=\"og:site_name\" content=\"Crea Ibiza\" \/>\n<meta property=\"article:publisher\" content=\"https:\/\/www.facebook.com\/creaibiza\" \/>\n<meta property=\"og:image\" content=\"https:\/\/creaibiza.com\/wp-content\/uploads\/2025\/01\/gayafores-tribeca-wall-gris-wood-porcelain-tiles-2-726x1024-1.jpg\" \/>\n\t<meta property=\"og:image:width\" content=\"726\" \/>\n\t<meta property=\"og:image:height\" content=\"1024\" \/>\n\t<meta property=\"og:image:type\" content=\"image\/jpeg\" \/>\n<meta name=\"twitter:card\" content=\"summary_large_image\" \/>\n<meta name=\"twitter:label1\" content=\"Gesch\u00e4tzte Lesezeit\" \/>\n\t<meta name=\"twitter:data1\" content=\"1\u00a0Minute\" \/>\n<script type=\"application\/ld+json\" class=\"yoast-schema-graph\">{\"@context\":\"https:\/\/schema.org\",\"@graph\":[{\"@type\":\"WebPage\",\"@id\":\"https:\/\/creaibiza.com\/producto\/g-tribeca-wall\/\",\"url\":\"https:\/\/creaibiza.com\/producto\/g-tribeca-wall\/\",\"name\":\"G TRIBECA WALL - Crea Ibiza\",\"isPartOf\":{\"@id\":\"https:\/\/creaibiza.com\/#website\"},\"primaryImageOfPage\":{\"@id\":\"https:\/\/creaibiza.com\/producto\/g-tribeca-wall\/#primaryimage\"},\"image\":{\"@id\":\"https:\/\/creaibiza.com\/producto\/g-tribeca-wall\/#primaryimage\"},\"thumbnailUrl\":\"https:\/\/creaibiza.com\/wp-content\/uploads\/2025\/01\/gayafores-tribeca-wall-gris-wood-porcelain-tiles-2-726x1024-1.jpg\",\"datePublished\":\"2025-01-27T11:50:45+00:00\",\"description\":\"Crea Ibiza - G TRIBECA WALL -\",\"breadcrumb\":{\"@id\":\"https:\/\/creaibiza.com\/producto\/g-tribeca-wall\/#breadcrumb\"},\"inLanguage\":\"de\",\"potentialAction\":[{\"@type\":\"ReadAction\",\"target\":[\"https:\/\/creaibiza.com\/producto\/g-tribeca-wall\/\"]}]},{\"@type\":\"ImageObject\",\"inLanguage\":\"de\",\"@id\":\"https:\/\/creaibiza.com\/producto\/g-tribeca-wall\/#primaryimage\",\"url\":\"https:\/\/creaibiza.com\/wp-content\/uploads\/2025\/01\/gayafores-tribeca-wall-gris-wood-porcelain-tiles-2-726x1024-1.jpg\",\"contentUrl\":\"https:\/\/creaibiza.com\/wp-content\/uploads\/2025\/01\/gayafores-tribeca-wall-gris-wood-porcelain-tiles-2-726x1024-1.jpg\",\"width\":726,\"height\":1024},{\"@type\":\"BreadcrumbList\",\"@id\":\"https:\/\/creaibiza.com\/producto\/g-tribeca-wall\/#breadcrumb\",\"itemListElement\":[{\"@type\":\"ListItem\",\"position\":1,\"name\":\"Portada\",\"item\":\"https:\/\/creaibiza.com\/\"},{\"@type\":\"ListItem\",\"position\":2,\"name\":\"Tienda\",\"item\":\"https:\/\/creaibiza.com\/en\/tienda\/\"},{\"@type\":\"ListItem\",\"position\":3,\"name\":\"G TRIBECA WALL\"}]},{\"@type\":\"WebSite\",\"@id\":\"https:\/\/creaibiza.com\/#website\",\"url\":\"https:\/\/creaibiza.com\/\",\"name\":\"Crea Ibiza\",\"description\":\"Cer\u00e1mica, sanitarios y revestimientos de dise\u00f1o en Ibiza\",\"publisher\":{\"@id\":\"https:\/\/creaibiza.com\/#organization\"},\"potentialAction\":[{\"@type\":\"SearchAction\",\"target\":{\"@type\":\"EntryPoint\",\"urlTemplate\":\"https:\/\/creaibiza.com\/?s={search_term_string}\"},\"query-input\":{\"@type\":\"PropertyValueSpecification\",\"valueRequired\":true,\"valueName\":\"search_term_string\"}}],\"inLanguage\":\"de\"},{\"@type\":\"Organization\",\"@id\":\"https:\/\/creaibiza.com\/#organization\",\"name\":\"Crea Ibiza\",\"url\":\"https:\/\/creaibiza.com\/\",\"logo\":{\"@type\":\"ImageObject\",\"inLanguage\":\"de\",\"@id\":\"https:\/\/creaibiza.com\/#\/schema\/logo\/image\/\",\"url\":\"https:\/\/creaibiza.com\/wp-content\/uploads\/2024\/02\/cropped-logocrea-web.png\",\"contentUrl\":\"https:\/\/creaibiza.com\/wp-content\/uploads\/2024\/02\/cropped-logocrea-web.png\",\"width\":591,\"height\":210,\"caption\":\"Crea Ibiza\"},\"image\":{\"@id\":\"https:\/\/creaibiza.com\/#\/schema\/logo\/image\/\"},\"sameAs\":[\"https:\/\/www.facebook.com\/creaibiza\",\"https:\/\/www.instagram.com\/creaibiza\"]}]}<\/script>\n<!-- \/ Yoast SEO plugin. -->","yoast_head_json":{"title":"G TRIBECA WALL - Crea Ibiza","description":"Crea Ibiza - G TRIBECA WALL -","robots":{"index":"index","follow":"follow","max-snippet":"max-snippet:-1","max-image-preview":"max-image-preview:large","max-video-preview":"max-video-preview:-1"},"canonical":"https:\/\/creaibiza.com\/de\/produkt\/g-tribeca-wall\/","og_locale":"de_DE","og_type":"article","og_title":"G TRIBECA WALL - Crea Ibiza","og_description":"Crea Ibiza - G TRIBECA WALL -","og_url":"https:\/\/creaibiza.com\/de\/produkt\/g-tribeca-wall\/","og_site_name":"Crea Ibiza","article_publisher":"https:\/\/www.facebook.com\/creaibiza","og_image":[{"width":726,"height":1024,"url":"https:\/\/creaibiza.com\/wp-content\/uploads\/2025\/01\/gayafores-tribeca-wall-gris-wood-porcelain-tiles-2-726x1024-1.jpg","type":"image\/jpeg"}],"twitter_card":"summary_large_image","twitter_misc":{"Gesch\u00e4tzte Lesezeit":"1\u00a0Minute"},"schema":{"@context":"https:\/\/schema.org","@graph":[{"@type":"WebPage","@id":"https:\/\/creaibiza.com\/producto\/g-tribeca-wall\/","url":"https:\/\/creaibiza.com\/producto\/g-tribeca-wall\/","name":"G TRIBECA WALL - Crea Ibiza","isPartOf":{"@id":"https:\/\/creaibiza.com\/#website"},"primaryImageOfPage":{"@id":"https:\/\/creaibiza.com\/producto\/g-tribeca-wall\/#primaryimage"},"image":{"@id":"https:\/\/creaibiza.com\/producto\/g-tribeca-wall\/#primaryimage"},"thumbnailUrl":"https:\/\/creaibiza.com\/wp-content\/uploads\/2025\/01\/gayafores-tribeca-wall-gris-wood-porcelain-tiles-2-726x1024-1.jpg","datePublished":"2025-01-27T11:50:45+00:00","description":"Crea Ibiza - G TRIBECA WALL -","breadcrumb":{"@id":"https:\/\/creaibiza.com\/producto\/g-tribeca-wall\/#breadcrumb"},"inLanguage":"de","potentialAction":[{"@type":"ReadAction","target":["https:\/\/creaibiza.com\/producto\/g-tribeca-wall\/"]}]},{"@type":"ImageObject","inLanguage":"de","@id":"https:\/\/creaibiza.com\/producto\/g-tribeca-wall\/#primaryimage","url":"https:\/\/creaibiza.com\/wp-content\/uploads\/2025\/01\/gayafores-tribeca-wall-gris-wood-porcelain-tiles-2-726x1024-1.jpg","contentUrl":"https:\/\/creaibiza.com\/wp-content\/uploads\/2025\/01\/gayafores-tribeca-wall-gris-wood-porcelain-tiles-2-726x1024-1.jpg","width":726,"height":1024},{"@type":"BreadcrumbList","@id":"https:\/\/creaibiza.com\/producto\/g-tribeca-wall\/#breadcrumb","itemListElement":[{"@type":"ListItem","position":1,"name":"Portada","item":"https:\/\/creaibiza.com\/"},{"@type":"ListItem","position":2,"name":"Tienda","item":"https:\/\/creaibiza.com\/en\/tienda\/"},{"@type":"ListItem","position":3,"name":"G TRIBECA WALL"}]},{"@type":"WebSite","@id":"https:\/\/creaibiza.com\/#website","url":"https:\/\/creaibiza.com\/","name":"Ibiza erstellen","description":"Cer\u00e1mica, sanitarios y revestimientos de dise\u00f1o en Ibiza","publisher":{"@id":"https:\/\/creaibiza.com\/#organization"},"potentialAction":[{"@type":"SearchAction","target":{"@type":"EntryPoint","urlTemplate":"https:\/\/creaibiza.com\/?s={search_term_string}"},"query-input":{"@type":"PropertyValueSpecification","valueRequired":true,"valueName":"search_term_string"}}],"inLanguage":"de"},{"@type":"Organization","@id":"https:\/\/creaibiza.com\/#organization","name":"Ibiza erstellen","url":"https:\/\/creaibiza.com\/","logo":{"@type":"ImageObject","inLanguage":"de","@id":"https:\/\/creaibiza.com\/#\/schema\/logo\/image\/","url":"https:\/\/creaibiza.com\/wp-content\/uploads\/2024\/02\/cropped-logocrea-web.png","contentUrl":"https:\/\/creaibiza.com\/wp-content\/uploads\/2024\/02\/cropped-logocrea-web.png","width":591,"height":210,"caption":"Crea Ibiza"},"image":{"@id":"https:\/\/creaibiza.com\/#\/schema\/logo\/image\/"},"sameAs":["https:\/\/www.facebook.com\/creaibiza","https:\/\/www.instagram.com\/creaibiza"]}]}},"_links":{"self":[{"href":"https:\/\/creaibiza.com\/de\/wp-json\/wp\/v2\/product\/34727","targetHints":{"allow":["GET"]}}],"collection":[{"href":"https:\/\/creaibiza.com\/de\/wp-json\/wp\/v2\/product"}],"about":[{"href":"https:\/\/creaibiza.com\/de\/wp-json\/wp\/v2\/types\/product"}],"version-history":[{"count":1,"href":"https:\/\/creaibiza.com\/de\/wp-json\/wp\/v2\/product\/34727\/revisions"}],"predecessor-version":[{"id":34740,"href":"https:\/\/creaibiza.com\/de\/wp-json\/wp\/v2\/product\/34727\/revisions\/34740"}],"wp:featuredmedia":[{"embeddable":true,"href":"https:\/\/creaibiza.com\/de\/wp-json\/wp\/v2\/media\/34739"}],"wp:attachment":[{"href":"https:\/\/creaibiza.com\/de\/wp-json\/wp\/v2\/media?parent=34727"}],"wp:term":[{"taxonomy":"product_brand","embeddable":true,"href":"https:\/\/creaibiza.com\/de\/wp-json\/wp\/v2\/product_brand?post=34727"},{"taxonomy":"product_cat","embeddable":true,"href":"https:\/\/creaibiza.com\/de\/wp-json\/wp\/v2\/product_cat?post=34727"},{"taxonomy":"product_tag","embeddable":true,"href":"https:\/\/creaibiza.com\/de\/wp-json\/wp\/v2\/product_tag?post=34727"}],"curies":[{"name":"wp","href":"https:\/\/api.w.org\/{rel}","templated":true}]}}