{"id":34629,"date":"2025-01-27T12:31:06","date_gmt":"2025-01-27T11:31:06","guid":{"rendered":"https:\/\/creaibiza.com\/?post_type=product&#038;p=34629"},"modified":"2025-12-03T11:38:41","modified_gmt":"2025-12-03T10:38:41","slug":"g-tribeca","status":"publish","type":"product","link":"https:\/\/creaibiza.com\/de\/produkt\/g-tribeca\/","title":{"rendered":"G TRIBECA"},"content":{"rendered":"<p>En formato de tablilla superesbelta 15x90cm o en 20\u00d766 con opci\u00f3n antideslizante, ideal para zonas de exteriores, jardines con piscina, terrazas en \u00e1ticos, etc. TRIBECA es una madera trabajada, vivida, con el atractivo desgaste por el uso, que aporta un car\u00e1cter genuino, pintada en cuatro versiones, blanco, aqua, gris o miel y recuperada para dar calidez a los diferentes espacios de un barrio de moderno repleto de tiendas, galer\u00edas de arte, viviendas urbanas y restaurantes en el que podr\u00edamos ver nuestra madera al m\u00e1s puro estilo del \u2018recupero\u2019.<\/p>","protected":false},"excerpt":{"rendered":"<p>En formato de tablilla superesbelta 15x90cm o en 20\u00d766 con opci\u00f3n antideslizante, ideal para zonas de exteriores, jardines con piscina, terrazas en \u00e1ticos, etc. TRIBECA es una madera trabajada, vivida, con el atractivo desgaste por el uso, que aporta un car\u00e1cter genuino, pintada en cuatro versiones, blanco, aqua, gris o miel y recuperada para dar &hellip; <\/p>\n<p class=\"link-more\"><a href=\"https:\/\/creaibiza.com\/de\/produkt\/g-tribeca\/\" class=\"more-link\">Read More <span class=\"screen-reader-text\"> \u00abG TRIBECA\u00bb<\/span><\/a><\/p>","protected":false},"featured_media":34724,"template":"","meta":{"_acf_changed":false},"product_brand":[1807],"product_cat":[186,273,116,113],"product_tag":[1365,1352,1353],"class_list":{"0":"post-34629","1":"product","2":"type-product","3":"status-publish","4":"has-post-thumbnail","6":"product_brand-gayaforest","7":"product_cat-decorados","8":"product_cat-madera","9":"product_cat-pavimento","10":"product_cat-revestimiento","11":"product_tag-madera","12":"product_tag-pavimento","13":"product_tag-revestimiento","15":"first","16":"instock","17":"taxable","18":"shipping-taxable","19":"purchasable","20":"product-type-variable"},"acf":[],"yoast_head":"<!-- This site is optimized with the Yoast SEO plugin v27.2 - https:\/\/yoast.com\/product\/yoast-seo-wordpress\/ -->\n<title>G TRIBECA - Crea Ibiza<\/title>\n<meta name=\"description\" content=\"Crea Ibiza - G TRIBECA -\" \/>\n<meta name=\"robots\" content=\"index, follow, max-snippet:-1, max-image-preview:large, max-video-preview:-1\" \/>\n<link rel=\"canonical\" href=\"https:\/\/creaibiza.com\/de\/produkt\/g-tribeca\/\" \/>\n<meta property=\"og:locale\" content=\"de_DE\" \/>\n<meta property=\"og:type\" content=\"article\" \/>\n<meta property=\"og:title\" content=\"G TRIBECA - Crea Ibiza\" \/>\n<meta property=\"og:description\" content=\"Crea Ibiza - G TRIBECA -\" \/>\n<meta property=\"og:url\" content=\"https:\/\/creaibiza.com\/de\/produkt\/g-tribeca\/\" \/>\n<meta property=\"og:site_name\" content=\"Crea Ibiza\" \/>\n<meta property=\"article:publisher\" content=\"https:\/\/www.facebook.com\/creaibiza\" \/>\n<meta property=\"article:modified_time\" content=\"2025-12-03T10:38:41+00:00\" \/>\n<meta property=\"og:image\" content=\"https:\/\/creaibiza.com\/wp-content\/uploads\/2025\/01\/gayafores-tribeca-antislip-aqua-wood-porcelain-tiles-1.jpg\" \/>\n\t<meta property=\"og:image:width\" content=\"1000\" \/>\n\t<meta property=\"og:image:height\" content=\"590\" \/>\n\t<meta property=\"og:image:type\" content=\"image\/jpeg\" \/>\n<meta name=\"twitter:card\" content=\"summary_large_image\" \/>\n<meta name=\"twitter:label1\" content=\"Gesch\u00e4tzte Lesezeit\" \/>\n\t<meta name=\"twitter:data1\" content=\"1\u00a0Minute\" \/>\n<script type=\"application\/ld+json\" class=\"yoast-schema-graph\">{\"@context\":\"https:\/\/schema.org\",\"@graph\":[{\"@type\":\"WebPage\",\"@id\":\"https:\/\/creaibiza.com\/producto\/g-tribeca\/\",\"url\":\"https:\/\/creaibiza.com\/producto\/g-tribeca\/\",\"name\":\"G TRIBECA - Crea Ibiza\",\"isPartOf\":{\"@id\":\"https:\/\/creaibiza.com\/#website\"},\"primaryImageOfPage\":{\"@id\":\"https:\/\/creaibiza.com\/producto\/g-tribeca\/#primaryimage\"},\"image\":{\"@id\":\"https:\/\/creaibiza.com\/producto\/g-tribeca\/#primaryimage\"},\"thumbnailUrl\":\"https:\/\/creaibiza.com\/wp-content\/uploads\/2025\/01\/gayafores-tribeca-antislip-aqua-wood-porcelain-tiles-1.jpg\",\"datePublished\":\"2025-01-27T11:31:06+00:00\",\"dateModified\":\"2025-12-03T10:38:41+00:00\",\"description\":\"Crea Ibiza - G TRIBECA -\",\"breadcrumb\":{\"@id\":\"https:\/\/creaibiza.com\/producto\/g-tribeca\/#breadcrumb\"},\"inLanguage\":\"de\",\"potentialAction\":[{\"@type\":\"ReadAction\",\"target\":[\"https:\/\/creaibiza.com\/producto\/g-tribeca\/\"]}]},{\"@type\":\"ImageObject\",\"inLanguage\":\"de\",\"@id\":\"https:\/\/creaibiza.com\/producto\/g-tribeca\/#primaryimage\",\"url\":\"https:\/\/creaibiza.com\/wp-content\/uploads\/2025\/01\/gayafores-tribeca-antislip-aqua-wood-porcelain-tiles-1.jpg\",\"contentUrl\":\"https:\/\/creaibiza.com\/wp-content\/uploads\/2025\/01\/gayafores-tribeca-antislip-aqua-wood-porcelain-tiles-1.jpg\",\"width\":1000,\"height\":590},{\"@type\":\"BreadcrumbList\",\"@id\":\"https:\/\/creaibiza.com\/producto\/g-tribeca\/#breadcrumb\",\"itemListElement\":[{\"@type\":\"ListItem\",\"position\":1,\"name\":\"Portada\",\"item\":\"https:\/\/creaibiza.com\/\"},{\"@type\":\"ListItem\",\"position\":2,\"name\":\"Tienda\",\"item\":\"https:\/\/creaibiza.com\/en\/tienda\/\"},{\"@type\":\"ListItem\",\"position\":3,\"name\":\"G TRIBECA\"}]},{\"@type\":\"WebSite\",\"@id\":\"https:\/\/creaibiza.com\/#website\",\"url\":\"https:\/\/creaibiza.com\/\",\"name\":\"Crea Ibiza\",\"description\":\"Cer\u00e1mica, sanitarios y revestimientos de dise\u00f1o en Ibiza\",\"publisher\":{\"@id\":\"https:\/\/creaibiza.com\/#organization\"},\"potentialAction\":[{\"@type\":\"SearchAction\",\"target\":{\"@type\":\"EntryPoint\",\"urlTemplate\":\"https:\/\/creaibiza.com\/?s={search_term_string}\"},\"query-input\":{\"@type\":\"PropertyValueSpecification\",\"valueRequired\":true,\"valueName\":\"search_term_string\"}}],\"inLanguage\":\"de\"},{\"@type\":\"Organization\",\"@id\":\"https:\/\/creaibiza.com\/#organization\",\"name\":\"Crea Ibiza\",\"url\":\"https:\/\/creaibiza.com\/\",\"logo\":{\"@type\":\"ImageObject\",\"inLanguage\":\"de\",\"@id\":\"https:\/\/creaibiza.com\/#\/schema\/logo\/image\/\",\"url\":\"https:\/\/creaibiza.com\/wp-content\/uploads\/2024\/02\/cropped-logocrea-web.png\",\"contentUrl\":\"https:\/\/creaibiza.com\/wp-content\/uploads\/2024\/02\/cropped-logocrea-web.png\",\"width\":591,\"height\":210,\"caption\":\"Crea Ibiza\"},\"image\":{\"@id\":\"https:\/\/creaibiza.com\/#\/schema\/logo\/image\/\"},\"sameAs\":[\"https:\/\/www.facebook.com\/creaibiza\",\"https:\/\/www.instagram.com\/creaibiza\"]}]}<\/script>\n<!-- \/ Yoast SEO plugin. -->","yoast_head_json":{"title":"G TRIBECA - Crea Ibiza","description":"Crea Ibiza - G TRIBECA -","robots":{"index":"index","follow":"follow","max-snippet":"max-snippet:-1","max-image-preview":"max-image-preview:large","max-video-preview":"max-video-preview:-1"},"canonical":"https:\/\/creaibiza.com\/de\/produkt\/g-tribeca\/","og_locale":"de_DE","og_type":"article","og_title":"G TRIBECA - Crea Ibiza","og_description":"Crea Ibiza - G TRIBECA -","og_url":"https:\/\/creaibiza.com\/de\/produkt\/g-tribeca\/","og_site_name":"Crea Ibiza","article_publisher":"https:\/\/www.facebook.com\/creaibiza","article_modified_time":"2025-12-03T10:38:41+00:00","og_image":[{"width":1000,"height":590,"url":"https:\/\/creaibiza.com\/wp-content\/uploads\/2025\/01\/gayafores-tribeca-antislip-aqua-wood-porcelain-tiles-1.jpg","type":"image\/jpeg"}],"twitter_card":"summary_large_image","twitter_misc":{"Gesch\u00e4tzte Lesezeit":"1\u00a0Minute"},"schema":{"@context":"https:\/\/schema.org","@graph":[{"@type":"WebPage","@id":"https:\/\/creaibiza.com\/producto\/g-tribeca\/","url":"https:\/\/creaibiza.com\/producto\/g-tribeca\/","name":"G TRIBECA - Crea Ibiza","isPartOf":{"@id":"https:\/\/creaibiza.com\/#website"},"primaryImageOfPage":{"@id":"https:\/\/creaibiza.com\/producto\/g-tribeca\/#primaryimage"},"image":{"@id":"https:\/\/creaibiza.com\/producto\/g-tribeca\/#primaryimage"},"thumbnailUrl":"https:\/\/creaibiza.com\/wp-content\/uploads\/2025\/01\/gayafores-tribeca-antislip-aqua-wood-porcelain-tiles-1.jpg","datePublished":"2025-01-27T11:31:06+00:00","dateModified":"2025-12-03T10:38:41+00:00","description":"Crea Ibiza - G TRIBECA -","breadcrumb":{"@id":"https:\/\/creaibiza.com\/producto\/g-tribeca\/#breadcrumb"},"inLanguage":"de","potentialAction":[{"@type":"ReadAction","target":["https:\/\/creaibiza.com\/producto\/g-tribeca\/"]}]},{"@type":"ImageObject","inLanguage":"de","@id":"https:\/\/creaibiza.com\/producto\/g-tribeca\/#primaryimage","url":"https:\/\/creaibiza.com\/wp-content\/uploads\/2025\/01\/gayafores-tribeca-antislip-aqua-wood-porcelain-tiles-1.jpg","contentUrl":"https:\/\/creaibiza.com\/wp-content\/uploads\/2025\/01\/gayafores-tribeca-antislip-aqua-wood-porcelain-tiles-1.jpg","width":1000,"height":590},{"@type":"BreadcrumbList","@id":"https:\/\/creaibiza.com\/producto\/g-tribeca\/#breadcrumb","itemListElement":[{"@type":"ListItem","position":1,"name":"Portada","item":"https:\/\/creaibiza.com\/"},{"@type":"ListItem","position":2,"name":"Tienda","item":"https:\/\/creaibiza.com\/en\/tienda\/"},{"@type":"ListItem","position":3,"name":"G TRIBECA"}]},{"@type":"WebSite","@id":"https:\/\/creaibiza.com\/#website","url":"https:\/\/creaibiza.com\/","name":"Ibiza erstellen","description":"Cer\u00e1mica, sanitarios y revestimientos de dise\u00f1o en Ibiza","publisher":{"@id":"https:\/\/creaibiza.com\/#organization"},"potentialAction":[{"@type":"SearchAction","target":{"@type":"EntryPoint","urlTemplate":"https:\/\/creaibiza.com\/?s={search_term_string}"},"query-input":{"@type":"PropertyValueSpecification","valueRequired":true,"valueName":"search_term_string"}}],"inLanguage":"de"},{"@type":"Organization","@id":"https:\/\/creaibiza.com\/#organization","name":"Ibiza erstellen","url":"https:\/\/creaibiza.com\/","logo":{"@type":"ImageObject","inLanguage":"de","@id":"https:\/\/creaibiza.com\/#\/schema\/logo\/image\/","url":"https:\/\/creaibiza.com\/wp-content\/uploads\/2024\/02\/cropped-logocrea-web.png","contentUrl":"https:\/\/creaibiza.com\/wp-content\/uploads\/2024\/02\/cropped-logocrea-web.png","width":591,"height":210,"caption":"Crea Ibiza"},"image":{"@id":"https:\/\/creaibiza.com\/#\/schema\/logo\/image\/"},"sameAs":["https:\/\/www.facebook.com\/creaibiza","https:\/\/www.instagram.com\/creaibiza"]}]}},"_links":{"self":[{"href":"https:\/\/creaibiza.com\/de\/wp-json\/wp\/v2\/product\/34629","targetHints":{"allow":["GET"]}}],"collection":[{"href":"https:\/\/creaibiza.com\/de\/wp-json\/wp\/v2\/product"}],"about":[{"href":"https:\/\/creaibiza.com\/de\/wp-json\/wp\/v2\/types\/product"}],"version-history":[{"count":2,"href":"https:\/\/creaibiza.com\/de\/wp-json\/wp\/v2\/product\/34629\/revisions"}],"predecessor-version":[{"id":35892,"href":"https:\/\/creaibiza.com\/de\/wp-json\/wp\/v2\/product\/34629\/revisions\/35892"}],"wp:featuredmedia":[{"embeddable":true,"href":"https:\/\/creaibiza.com\/de\/wp-json\/wp\/v2\/media\/34724"}],"wp:attachment":[{"href":"https:\/\/creaibiza.com\/de\/wp-json\/wp\/v2\/media?parent=34629"}],"wp:term":[{"taxonomy":"product_brand","embeddable":true,"href":"https:\/\/creaibiza.com\/de\/wp-json\/wp\/v2\/product_brand?post=34629"},{"taxonomy":"product_cat","embeddable":true,"href":"https:\/\/creaibiza.com\/de\/wp-json\/wp\/v2\/product_cat?post=34629"},{"taxonomy":"product_tag","embeddable":true,"href":"https:\/\/creaibiza.com\/de\/wp-json\/wp\/v2\/product_tag?post=34629"}],"curies":[{"name":"wp","href":"https:\/\/api.w.org\/{rel}","templated":true}]}}