{"id":34434,"date":"2024-10-25T11:24:19","date_gmt":"2024-10-25T10:24:19","guid":{"rendered":"https:\/\/creaibiza.com\/?post_type=product&#038;p=34434"},"modified":"2024-10-25T11:34:49","modified_gmt":"2024-10-25T10:34:49","slug":"nuo-taal","status":"publish","type":"product","link":"https:\/\/creaibiza.com\/de\/produkt\/nuo-taal\/","title":{"rendered":"NUO TAAL"},"content":{"rendered":"<p>Crea ofrece una amplia gama de ba\u00f1eras exentas para disfrutar en casa. Combinadas con la grifer\u00eda a suelo son una pieza clave para convertir la estancia en un espacio \u00fanico y sorprendente. Est\u00e1n elaboradas con CreaSolid en blanco mate y representan el aut\u00e9ntico concepto de lujo en el ba\u00f1o. Se instalan f\u00e1cilmente y disponen de gran variedad de modelos y medidas.<\/p>","protected":false},"excerpt":{"rendered":"<p>Crea ofrece una amplia gama de ba\u00f1eras exentas para disfrutar en casa. Combinadas con la grifer\u00eda a suelo son una pieza clave para convertir la estancia en un espacio \u00fanico y sorprendente. Est\u00e1n elaboradas con CreaSolid en blanco mate y representan el aut\u00e9ntico concepto de lujo en el ba\u00f1o. Se instalan f\u00e1cilmente y disponen de &hellip; <\/p>\n<p class=\"link-more\"><a href=\"https:\/\/creaibiza.com\/de\/produkt\/nuo-taal\/\" class=\"more-link\">Read More <span class=\"screen-reader-text\"> \u00abNUO TAAL\u00bb<\/span><\/a><\/p>","protected":false},"featured_media":34443,"template":"","meta":{"_acf_changed":false},"product_brand":[653],"product_cat":[191,114],"product_tag":[2168,1360],"class_list":{"0":"post-34434","1":"product","2":"type-product","3":"status-publish","4":"has-post-thumbnail","6":"product_brand-nuovvo","7":"product_cat-baneras","8":"product_cat-sanitario","9":"product_tag-baneras","10":"product_tag-sanitarios","12":"first","13":"instock","14":"taxable","15":"shipping-taxable","16":"purchasable","17":"product-type-simple"},"acf":[],"yoast_head":"<!-- This site is optimized with the Yoast SEO plugin v27.2 - https:\/\/yoast.com\/product\/yoast-seo-wordpress\/ -->\n<title>NUO TAAL - Crea Ibiza<\/title>\n<meta name=\"description\" content=\"Crea Ibiza - NUO TAAL -\" \/>\n<meta name=\"robots\" content=\"index, follow, max-snippet:-1, max-image-preview:large, max-video-preview:-1\" \/>\n<link rel=\"canonical\" href=\"https:\/\/creaibiza.com\/de\/produkt\/nuo-taal\/\" \/>\n<meta property=\"og:locale\" content=\"de_DE\" \/>\n<meta property=\"og:type\" content=\"article\" \/>\n<meta property=\"og:title\" content=\"NUO TAAL - Crea Ibiza\" \/>\n<meta property=\"og:description\" content=\"Crea Ibiza - NUO TAAL -\" \/>\n<meta property=\"og:url\" content=\"https:\/\/creaibiza.com\/de\/produkt\/nuo-taal\/\" \/>\n<meta property=\"og:site_name\" content=\"Crea Ibiza\" \/>\n<meta property=\"article:publisher\" content=\"https:\/\/www.facebook.com\/creaibiza\" \/>\n<meta property=\"article:modified_time\" content=\"2024-10-25T10:34:49+00:00\" \/>\n<meta property=\"og:image\" content=\"https:\/\/creaibiza.com\/wp-content\/uploads\/2024\/10\/taal-banera-2.jpg\" \/>\n\t<meta property=\"og:image:width\" content=\"780\" \/>\n\t<meta property=\"og:image:height\" content=\"1000\" \/>\n\t<meta property=\"og:image:type\" content=\"image\/jpeg\" \/>\n<meta name=\"twitter:card\" content=\"summary_large_image\" \/>\n<meta name=\"twitter:label1\" content=\"Gesch\u00e4tzte Lesezeit\" \/>\n\t<meta name=\"twitter:data1\" content=\"1\u00a0Minute\" \/>\n<script type=\"application\/ld+json\" class=\"yoast-schema-graph\">{\"@context\":\"https:\/\/schema.org\",\"@graph\":[{\"@type\":\"WebPage\",\"@id\":\"https:\/\/creaibiza.com\/producto\/nuo-taal\/\",\"url\":\"https:\/\/creaibiza.com\/producto\/nuo-taal\/\",\"name\":\"NUO TAAL - Crea Ibiza\",\"isPartOf\":{\"@id\":\"https:\/\/creaibiza.com\/#website\"},\"primaryImageOfPage\":{\"@id\":\"https:\/\/creaibiza.com\/producto\/nuo-taal\/#primaryimage\"},\"image\":{\"@id\":\"https:\/\/creaibiza.com\/producto\/nuo-taal\/#primaryimage\"},\"thumbnailUrl\":\"https:\/\/creaibiza.com\/wp-content\/uploads\/2024\/10\/taal-banera-2.jpg\",\"datePublished\":\"2024-10-25T10:24:19+00:00\",\"dateModified\":\"2024-10-25T10:34:49+00:00\",\"description\":\"Crea Ibiza - NUO TAAL -\",\"breadcrumb\":{\"@id\":\"https:\/\/creaibiza.com\/producto\/nuo-taal\/#breadcrumb\"},\"inLanguage\":\"de\",\"potentialAction\":[{\"@type\":\"ReadAction\",\"target\":[\"https:\/\/creaibiza.com\/producto\/nuo-taal\/\"]}]},{\"@type\":\"ImageObject\",\"inLanguage\":\"de\",\"@id\":\"https:\/\/creaibiza.com\/producto\/nuo-taal\/#primaryimage\",\"url\":\"https:\/\/creaibiza.com\/wp-content\/uploads\/2024\/10\/taal-banera-2.jpg\",\"contentUrl\":\"https:\/\/creaibiza.com\/wp-content\/uploads\/2024\/10\/taal-banera-2.jpg\",\"width\":780,\"height\":1000},{\"@type\":\"BreadcrumbList\",\"@id\":\"https:\/\/creaibiza.com\/producto\/nuo-taal\/#breadcrumb\",\"itemListElement\":[{\"@type\":\"ListItem\",\"position\":1,\"name\":\"Portada\",\"item\":\"https:\/\/creaibiza.com\/\"},{\"@type\":\"ListItem\",\"position\":2,\"name\":\"Tienda\",\"item\":\"https:\/\/creaibiza.com\/en\/tienda\/\"},{\"@type\":\"ListItem\",\"position\":3,\"name\":\"NUO TAAL\"}]},{\"@type\":\"WebSite\",\"@id\":\"https:\/\/creaibiza.com\/#website\",\"url\":\"https:\/\/creaibiza.com\/\",\"name\":\"Crea Ibiza\",\"description\":\"Cer\u00e1mica, sanitarios y revestimientos de dise\u00f1o en Ibiza\",\"publisher\":{\"@id\":\"https:\/\/creaibiza.com\/#organization\"},\"potentialAction\":[{\"@type\":\"SearchAction\",\"target\":{\"@type\":\"EntryPoint\",\"urlTemplate\":\"https:\/\/creaibiza.com\/?s={search_term_string}\"},\"query-input\":{\"@type\":\"PropertyValueSpecification\",\"valueRequired\":true,\"valueName\":\"search_term_string\"}}],\"inLanguage\":\"de\"},{\"@type\":\"Organization\",\"@id\":\"https:\/\/creaibiza.com\/#organization\",\"name\":\"Crea Ibiza\",\"url\":\"https:\/\/creaibiza.com\/\",\"logo\":{\"@type\":\"ImageObject\",\"inLanguage\":\"de\",\"@id\":\"https:\/\/creaibiza.com\/#\/schema\/logo\/image\/\",\"url\":\"https:\/\/creaibiza.com\/wp-content\/uploads\/2024\/02\/cropped-logocrea-web.png\",\"contentUrl\":\"https:\/\/creaibiza.com\/wp-content\/uploads\/2024\/02\/cropped-logocrea-web.png\",\"width\":591,\"height\":210,\"caption\":\"Crea Ibiza\"},\"image\":{\"@id\":\"https:\/\/creaibiza.com\/#\/schema\/logo\/image\/\"},\"sameAs\":[\"https:\/\/www.facebook.com\/creaibiza\",\"https:\/\/www.instagram.com\/creaibiza\"]}]}<\/script>\n<!-- \/ Yoast SEO plugin. -->","yoast_head_json":{"title":"NUO TAAL - Crea Ibiza","description":"Crea Ibiza - NUO TAAL -","robots":{"index":"index","follow":"follow","max-snippet":"max-snippet:-1","max-image-preview":"max-image-preview:large","max-video-preview":"max-video-preview:-1"},"canonical":"https:\/\/creaibiza.com\/de\/produkt\/nuo-taal\/","og_locale":"de_DE","og_type":"article","og_title":"NUO TAAL - Crea Ibiza","og_description":"Crea Ibiza - NUO TAAL -","og_url":"https:\/\/creaibiza.com\/de\/produkt\/nuo-taal\/","og_site_name":"Crea Ibiza","article_publisher":"https:\/\/www.facebook.com\/creaibiza","article_modified_time":"2024-10-25T10:34:49+00:00","og_image":[{"width":780,"height":1000,"url":"https:\/\/creaibiza.com\/wp-content\/uploads\/2024\/10\/taal-banera-2.jpg","type":"image\/jpeg"}],"twitter_card":"summary_large_image","twitter_misc":{"Gesch\u00e4tzte Lesezeit":"1\u00a0Minute"},"schema":{"@context":"https:\/\/schema.org","@graph":[{"@type":"WebPage","@id":"https:\/\/creaibiza.com\/producto\/nuo-taal\/","url":"https:\/\/creaibiza.com\/producto\/nuo-taal\/","name":"NUO TAAL - Crea Ibiza","isPartOf":{"@id":"https:\/\/creaibiza.com\/#website"},"primaryImageOfPage":{"@id":"https:\/\/creaibiza.com\/producto\/nuo-taal\/#primaryimage"},"image":{"@id":"https:\/\/creaibiza.com\/producto\/nuo-taal\/#primaryimage"},"thumbnailUrl":"https:\/\/creaibiza.com\/wp-content\/uploads\/2024\/10\/taal-banera-2.jpg","datePublished":"2024-10-25T10:24:19+00:00","dateModified":"2024-10-25T10:34:49+00:00","description":"Crea Ibiza - NUO TAAL -","breadcrumb":{"@id":"https:\/\/creaibiza.com\/producto\/nuo-taal\/#breadcrumb"},"inLanguage":"de","potentialAction":[{"@type":"ReadAction","target":["https:\/\/creaibiza.com\/producto\/nuo-taal\/"]}]},{"@type":"ImageObject","inLanguage":"de","@id":"https:\/\/creaibiza.com\/producto\/nuo-taal\/#primaryimage","url":"https:\/\/creaibiza.com\/wp-content\/uploads\/2024\/10\/taal-banera-2.jpg","contentUrl":"https:\/\/creaibiza.com\/wp-content\/uploads\/2024\/10\/taal-banera-2.jpg","width":780,"height":1000},{"@type":"BreadcrumbList","@id":"https:\/\/creaibiza.com\/producto\/nuo-taal\/#breadcrumb","itemListElement":[{"@type":"ListItem","position":1,"name":"Portada","item":"https:\/\/creaibiza.com\/"},{"@type":"ListItem","position":2,"name":"Tienda","item":"https:\/\/creaibiza.com\/en\/tienda\/"},{"@type":"ListItem","position":3,"name":"NUO TAAL"}]},{"@type":"WebSite","@id":"https:\/\/creaibiza.com\/#website","url":"https:\/\/creaibiza.com\/","name":"Ibiza erstellen","description":"Cer\u00e1mica, sanitarios y revestimientos de dise\u00f1o en Ibiza","publisher":{"@id":"https:\/\/creaibiza.com\/#organization"},"potentialAction":[{"@type":"SearchAction","target":{"@type":"EntryPoint","urlTemplate":"https:\/\/creaibiza.com\/?s={search_term_string}"},"query-input":{"@type":"PropertyValueSpecification","valueRequired":true,"valueName":"search_term_string"}}],"inLanguage":"de"},{"@type":"Organization","@id":"https:\/\/creaibiza.com\/#organization","name":"Ibiza erstellen","url":"https:\/\/creaibiza.com\/","logo":{"@type":"ImageObject","inLanguage":"de","@id":"https:\/\/creaibiza.com\/#\/schema\/logo\/image\/","url":"https:\/\/creaibiza.com\/wp-content\/uploads\/2024\/02\/cropped-logocrea-web.png","contentUrl":"https:\/\/creaibiza.com\/wp-content\/uploads\/2024\/02\/cropped-logocrea-web.png","width":591,"height":210,"caption":"Crea Ibiza"},"image":{"@id":"https:\/\/creaibiza.com\/#\/schema\/logo\/image\/"},"sameAs":["https:\/\/www.facebook.com\/creaibiza","https:\/\/www.instagram.com\/creaibiza"]}]}},"_links":{"self":[{"href":"https:\/\/creaibiza.com\/de\/wp-json\/wp\/v2\/product\/34434","targetHints":{"allow":["GET"]}}],"collection":[{"href":"https:\/\/creaibiza.com\/de\/wp-json\/wp\/v2\/product"}],"about":[{"href":"https:\/\/creaibiza.com\/de\/wp-json\/wp\/v2\/types\/product"}],"version-history":[{"count":1,"href":"https:\/\/creaibiza.com\/de\/wp-json\/wp\/v2\/product\/34434\/revisions"}],"predecessor-version":[{"id":34435,"href":"https:\/\/creaibiza.com\/de\/wp-json\/wp\/v2\/product\/34434\/revisions\/34435"}],"wp:featuredmedia":[{"embeddable":true,"href":"https:\/\/creaibiza.com\/de\/wp-json\/wp\/v2\/media\/34443"}],"wp:attachment":[{"href":"https:\/\/creaibiza.com\/de\/wp-json\/wp\/v2\/media?parent=34434"}],"wp:term":[{"taxonomy":"product_brand","embeddable":true,"href":"https:\/\/creaibiza.com\/de\/wp-json\/wp\/v2\/product_brand?post=34434"},{"taxonomy":"product_cat","embeddable":true,"href":"https:\/\/creaibiza.com\/de\/wp-json\/wp\/v2\/product_cat?post=34434"},{"taxonomy":"product_tag","embeddable":true,"href":"https:\/\/creaibiza.com\/de\/wp-json\/wp\/v2\/product_tag?post=34434"}],"curies":[{"name":"wp","href":"https:\/\/api.w.org\/{rel}","templated":true}]}}