{"id":33358,"date":"2024-05-09T11:15:03","date_gmt":"2024-05-09T10:15:03","guid":{"rendered":"https:\/\/creaibiza.com\/?post_type=product&#038;p=33358"},"modified":"2025-03-17T13:40:58","modified_gmt":"2025-03-17T12:40:58","slug":"sukabumi","status":"publish","type":"product","link":"https:\/\/creaibiza.com\/de\/produkt\/sukabumi\/","title":{"rendered":"SUKABUMI"},"content":{"rendered":"<p>Descubre \u2018Sukabumi\u2019, nuestra colecci\u00f3n de \u2018Wellness\u2019, dise\u00f1ada para espacios acu\u00e1ticos y \u00e1reas de descanso donde el agua es la protagonista. Inspirada en la piedra de Sukabumi, valorada por su est\u00e9tica natural y capacidades purificantes, cada pieza es un reflejo del equilibrio y la belleza intr\u00ednseca del mundo natural.<\/p>\n<p>\u2018Sukabumi\u2019 juega con la luz y la sombra, ofreciendo tonos que van desde el blanco m\u00e1s puro hasta verdes vibrantes, azules profundos o la sofisticada elegancia del grafito. Estos colores, evocan ambientes naturales, dise\u00f1ados para fusionarse con el agua y crear espacios de relajaci\u00f3n y confort visual.<\/p>\n<p>\u2018Sukabumi\u2019 es mas que una colecci\u00f3n, es un lienzo que transforma cualquier estancia en un refugio personal, donde la tranquilidad y el dise\u00f1o se unen para elevar la experiencia del descanso y la contemplaci\u00f3n, haciendo que cada rinc\u00f3n se convierte en un retrato vivo de la naturaleza e invit\u00e1ndote a sumergirte en una experiencia \u00fanica.<\/p>","protected":false},"excerpt":{"rendered":"<p>Descubre \u2018Sukabumi\u2019, nuestra colecci\u00f3n de \u2018Wellness\u2019, dise\u00f1ada para espacios acu\u00e1ticos y \u00e1reas de descanso donde el agua es la protagonista. Inspirada en la piedra de Sukabumi, valorada por su est\u00e9tica natural y capacidades purificantes, cada pieza es un reflejo del equilibrio y la belleza intr\u00ednseca del mundo natural. \u2018Sukabumi\u2019 juega con la luz y la &hellip; <\/p>\n<p class=\"link-more\"><a href=\"https:\/\/creaibiza.com\/de\/produkt\/sukabumi\/\" class=\"more-link\">Read More <span class=\"screen-reader-text\"> \u00abSUKABUMI\u00bb<\/span><\/a><\/p>","protected":false},"featured_media":33376,"template":"","meta":{"_acf_changed":false},"product_brand":[187],"product_cat":[116,227,1002,1312,113],"product_tag":[1352,1359,1353],"class_list":{"0":"post-33358","1":"product","2":"type-product","3":"status-publish","4":"has-post-thumbnail","6":"product_brand-wow","7":"product_cat-pavimento","8":"product_cat-piedra","9":"product_cat-piedra-revestimiento","10":"product_cat-piscinas","11":"product_cat-revestimiento","12":"product_tag-pavimento","13":"product_tag-piscina","14":"product_tag-revestimiento","16":"first","17":"instock","18":"taxable","19":"shipping-taxable","20":"purchasable","21":"product-type-variable"},"acf":[],"yoast_head":"<!-- This site is optimized with the Yoast SEO plugin v27.2 - https:\/\/yoast.com\/product\/yoast-seo-wordpress\/ -->\n<title>SUKABUMI - Crea Ibiza<\/title>\n<meta name=\"description\" content=\"Crea Ibiza - SUKABUMI -\" \/>\n<meta name=\"robots\" content=\"index, follow, max-snippet:-1, max-image-preview:large, max-video-preview:-1\" \/>\n<link rel=\"canonical\" href=\"https:\/\/creaibiza.com\/de\/produkt\/sukabumi\/\" \/>\n<meta property=\"og:locale\" content=\"de_DE\" \/>\n<meta property=\"og:type\" content=\"article\" \/>\n<meta property=\"og:title\" content=\"SUKABUMI - Crea Ibiza\" \/>\n<meta property=\"og:description\" content=\"Crea Ibiza - SUKABUMI -\" \/>\n<meta property=\"og:url\" content=\"https:\/\/creaibiza.com\/de\/produkt\/sukabumi\/\" \/>\n<meta property=\"og:site_name\" content=\"Crea Ibiza\" \/>\n<meta property=\"article:publisher\" content=\"https:\/\/www.facebook.com\/creaibiza\" \/>\n<meta property=\"article:modified_time\" content=\"2025-03-17T12:40:58+00:00\" \/>\n<meta property=\"og:image\" content=\"https:\/\/creaibiza.com\/wp-content\/uploads\/2024\/05\/Amb08_cmyk_SUKABUMI-GREEN.jpg\" \/>\n\t<meta property=\"og:image:width\" content=\"1000\" \/>\n\t<meta property=\"og:image:height\" content=\"1000\" \/>\n\t<meta property=\"og:image:type\" content=\"image\/jpeg\" \/>\n<meta name=\"twitter:card\" content=\"summary_large_image\" \/>\n<meta name=\"twitter:label1\" content=\"Gesch\u00e4tzte Lesezeit\" \/>\n\t<meta name=\"twitter:data1\" content=\"1\u00a0Minute\" \/>\n<script type=\"application\/ld+json\" class=\"yoast-schema-graph\">{\"@context\":\"https:\/\/schema.org\",\"@graph\":[{\"@type\":\"WebPage\",\"@id\":\"https:\/\/creaibiza.com\/producto\/sukabumi\/\",\"url\":\"https:\/\/creaibiza.com\/producto\/sukabumi\/\",\"name\":\"SUKABUMI - Crea Ibiza\",\"isPartOf\":{\"@id\":\"https:\/\/creaibiza.com\/#website\"},\"primaryImageOfPage\":{\"@id\":\"https:\/\/creaibiza.com\/producto\/sukabumi\/#primaryimage\"},\"image\":{\"@id\":\"https:\/\/creaibiza.com\/producto\/sukabumi\/#primaryimage\"},\"thumbnailUrl\":\"https:\/\/creaibiza.com\/wp-content\/uploads\/2024\/05\/Amb08_cmyk_SUKABUMI-GREEN.jpg\",\"datePublished\":\"2024-05-09T10:15:03+00:00\",\"dateModified\":\"2025-03-17T12:40:58+00:00\",\"description\":\"Crea Ibiza - SUKABUMI -\",\"breadcrumb\":{\"@id\":\"https:\/\/creaibiza.com\/producto\/sukabumi\/#breadcrumb\"},\"inLanguage\":\"de\",\"potentialAction\":[{\"@type\":\"ReadAction\",\"target\":[\"https:\/\/creaibiza.com\/producto\/sukabumi\/\"]}]},{\"@type\":\"ImageObject\",\"inLanguage\":\"de\",\"@id\":\"https:\/\/creaibiza.com\/producto\/sukabumi\/#primaryimage\",\"url\":\"https:\/\/creaibiza.com\/wp-content\/uploads\/2024\/05\/Amb08_cmyk_SUKABUMI-GREEN.jpg\",\"contentUrl\":\"https:\/\/creaibiza.com\/wp-content\/uploads\/2024\/05\/Amb08_cmyk_SUKABUMI-GREEN.jpg\",\"width\":1000,\"height\":1000},{\"@type\":\"BreadcrumbList\",\"@id\":\"https:\/\/creaibiza.com\/producto\/sukabumi\/#breadcrumb\",\"itemListElement\":[{\"@type\":\"ListItem\",\"position\":1,\"name\":\"Portada\",\"item\":\"https:\/\/creaibiza.com\/\"},{\"@type\":\"ListItem\",\"position\":2,\"name\":\"Tienda\",\"item\":\"https:\/\/creaibiza.com\/en\/tienda\/\"},{\"@type\":\"ListItem\",\"position\":3,\"name\":\"SUKABUMI\"}]},{\"@type\":\"WebSite\",\"@id\":\"https:\/\/creaibiza.com\/#website\",\"url\":\"https:\/\/creaibiza.com\/\",\"name\":\"Crea Ibiza\",\"description\":\"Cer\u00e1mica, sanitarios y revestimientos de dise\u00f1o en Ibiza\",\"publisher\":{\"@id\":\"https:\/\/creaibiza.com\/#organization\"},\"potentialAction\":[{\"@type\":\"SearchAction\",\"target\":{\"@type\":\"EntryPoint\",\"urlTemplate\":\"https:\/\/creaibiza.com\/?s={search_term_string}\"},\"query-input\":{\"@type\":\"PropertyValueSpecification\",\"valueRequired\":true,\"valueName\":\"search_term_string\"}}],\"inLanguage\":\"de\"},{\"@type\":\"Organization\",\"@id\":\"https:\/\/creaibiza.com\/#organization\",\"name\":\"Crea Ibiza\",\"url\":\"https:\/\/creaibiza.com\/\",\"logo\":{\"@type\":\"ImageObject\",\"inLanguage\":\"de\",\"@id\":\"https:\/\/creaibiza.com\/#\/schema\/logo\/image\/\",\"url\":\"https:\/\/creaibiza.com\/wp-content\/uploads\/2024\/02\/cropped-logocrea-web.png\",\"contentUrl\":\"https:\/\/creaibiza.com\/wp-content\/uploads\/2024\/02\/cropped-logocrea-web.png\",\"width\":591,\"height\":210,\"caption\":\"Crea Ibiza\"},\"image\":{\"@id\":\"https:\/\/creaibiza.com\/#\/schema\/logo\/image\/\"},\"sameAs\":[\"https:\/\/www.facebook.com\/creaibiza\",\"https:\/\/www.instagram.com\/creaibiza\"]}]}<\/script>\n<!-- \/ Yoast SEO plugin. -->","yoast_head_json":{"title":"SUKABUMI - Crea Ibiza","description":"Crea Ibiza - SUKABUMI -","robots":{"index":"index","follow":"follow","max-snippet":"max-snippet:-1","max-image-preview":"max-image-preview:large","max-video-preview":"max-video-preview:-1"},"canonical":"https:\/\/creaibiza.com\/de\/produkt\/sukabumi\/","og_locale":"de_DE","og_type":"article","og_title":"SUKABUMI - Crea Ibiza","og_description":"Crea Ibiza - SUKABUMI -","og_url":"https:\/\/creaibiza.com\/de\/produkt\/sukabumi\/","og_site_name":"Crea Ibiza","article_publisher":"https:\/\/www.facebook.com\/creaibiza","article_modified_time":"2025-03-17T12:40:58+00:00","og_image":[{"width":1000,"height":1000,"url":"https:\/\/creaibiza.com\/wp-content\/uploads\/2024\/05\/Amb08_cmyk_SUKABUMI-GREEN.jpg","type":"image\/jpeg"}],"twitter_card":"summary_large_image","twitter_misc":{"Gesch\u00e4tzte Lesezeit":"1\u00a0Minute"},"schema":{"@context":"https:\/\/schema.org","@graph":[{"@type":"WebPage","@id":"https:\/\/creaibiza.com\/producto\/sukabumi\/","url":"https:\/\/creaibiza.com\/producto\/sukabumi\/","name":"SUKABUMI - Crea Ibiza","isPartOf":{"@id":"https:\/\/creaibiza.com\/#website"},"primaryImageOfPage":{"@id":"https:\/\/creaibiza.com\/producto\/sukabumi\/#primaryimage"},"image":{"@id":"https:\/\/creaibiza.com\/producto\/sukabumi\/#primaryimage"},"thumbnailUrl":"https:\/\/creaibiza.com\/wp-content\/uploads\/2024\/05\/Amb08_cmyk_SUKABUMI-GREEN.jpg","datePublished":"2024-05-09T10:15:03+00:00","dateModified":"2025-03-17T12:40:58+00:00","description":"Crea Ibiza - SUKABUMI -","breadcrumb":{"@id":"https:\/\/creaibiza.com\/producto\/sukabumi\/#breadcrumb"},"inLanguage":"de","potentialAction":[{"@type":"ReadAction","target":["https:\/\/creaibiza.com\/producto\/sukabumi\/"]}]},{"@type":"ImageObject","inLanguage":"de","@id":"https:\/\/creaibiza.com\/producto\/sukabumi\/#primaryimage","url":"https:\/\/creaibiza.com\/wp-content\/uploads\/2024\/05\/Amb08_cmyk_SUKABUMI-GREEN.jpg","contentUrl":"https:\/\/creaibiza.com\/wp-content\/uploads\/2024\/05\/Amb08_cmyk_SUKABUMI-GREEN.jpg","width":1000,"height":1000},{"@type":"BreadcrumbList","@id":"https:\/\/creaibiza.com\/producto\/sukabumi\/#breadcrumb","itemListElement":[{"@type":"ListItem","position":1,"name":"Portada","item":"https:\/\/creaibiza.com\/"},{"@type":"ListItem","position":2,"name":"Tienda","item":"https:\/\/creaibiza.com\/en\/tienda\/"},{"@type":"ListItem","position":3,"name":"SUKABUMI"}]},{"@type":"WebSite","@id":"https:\/\/creaibiza.com\/#website","url":"https:\/\/creaibiza.com\/","name":"Ibiza erstellen","description":"Cer\u00e1mica, sanitarios y revestimientos de dise\u00f1o en Ibiza","publisher":{"@id":"https:\/\/creaibiza.com\/#organization"},"potentialAction":[{"@type":"SearchAction","target":{"@type":"EntryPoint","urlTemplate":"https:\/\/creaibiza.com\/?s={search_term_string}"},"query-input":{"@type":"PropertyValueSpecification","valueRequired":true,"valueName":"search_term_string"}}],"inLanguage":"de"},{"@type":"Organization","@id":"https:\/\/creaibiza.com\/#organization","name":"Ibiza erstellen","url":"https:\/\/creaibiza.com\/","logo":{"@type":"ImageObject","inLanguage":"de","@id":"https:\/\/creaibiza.com\/#\/schema\/logo\/image\/","url":"https:\/\/creaibiza.com\/wp-content\/uploads\/2024\/02\/cropped-logocrea-web.png","contentUrl":"https:\/\/creaibiza.com\/wp-content\/uploads\/2024\/02\/cropped-logocrea-web.png","width":591,"height":210,"caption":"Crea Ibiza"},"image":{"@id":"https:\/\/creaibiza.com\/#\/schema\/logo\/image\/"},"sameAs":["https:\/\/www.facebook.com\/creaibiza","https:\/\/www.instagram.com\/creaibiza"]}]}},"_links":{"self":[{"href":"https:\/\/creaibiza.com\/de\/wp-json\/wp\/v2\/product\/33358","targetHints":{"allow":["GET"]}}],"collection":[{"href":"https:\/\/creaibiza.com\/de\/wp-json\/wp\/v2\/product"}],"about":[{"href":"https:\/\/creaibiza.com\/de\/wp-json\/wp\/v2\/types\/product"}],"version-history":[{"count":1,"href":"https:\/\/creaibiza.com\/de\/wp-json\/wp\/v2\/product\/33358\/revisions"}],"predecessor-version":[{"id":33375,"href":"https:\/\/creaibiza.com\/de\/wp-json\/wp\/v2\/product\/33358\/revisions\/33375"}],"wp:featuredmedia":[{"embeddable":true,"href":"https:\/\/creaibiza.com\/de\/wp-json\/wp\/v2\/media\/33376"}],"wp:attachment":[{"href":"https:\/\/creaibiza.com\/de\/wp-json\/wp\/v2\/media?parent=33358"}],"wp:term":[{"taxonomy":"product_brand","embeddable":true,"href":"https:\/\/creaibiza.com\/de\/wp-json\/wp\/v2\/product_brand?post=33358"},{"taxonomy":"product_cat","embeddable":true,"href":"https:\/\/creaibiza.com\/de\/wp-json\/wp\/v2\/product_cat?post=33358"},{"taxonomy":"product_tag","embeddable":true,"href":"https:\/\/creaibiza.com\/de\/wp-json\/wp\/v2\/product_tag?post=33358"}],"curies":[{"name":"wp","href":"https:\/\/api.w.org\/{rel}","templated":true}]}}