{"id":33298,"date":"2024-04-30T13:06:40","date_gmt":"2024-04-30T12:06:40","guid":{"rendered":"https:\/\/creaibiza.com\/?post_type=product&#038;p=33298"},"modified":"2026-02-19T19:02:58","modified_gmt":"2026-02-19T18:02:58","slug":"pavimento-revestimento-efecto-piedra-terra","status":"publish","type":"product","link":"https:\/\/creaibiza.com\/de\/produkt\/pavimento-revestimento-efecto-piedra-terra\/","title":{"rendered":"Pflasterung\/Verkleidung mit Steineffekt in verschiedenen Gr\u00f6\u00dfen und Farben Terra"},"content":{"rendered":"<p>Entdecken Sie die urspr\u00fcngliche Essenz der Natur mit den Bodenbel\u00e4gen mit Steineffekt Terra, die in verschiedenen Gr\u00f6\u00dfen und Farben erh\u00e4ltlich sind, jetzt bei Crea Ibiza. Inspiriert vom atavistischen Ruf des Urspr\u00fcnglichen, bietet die Terra-Kollektion einen essentiellen und primitiven Look, der die wesentlichen Eigenschaften der Natur hervorruft: ihre Widerstandsf\u00e4higkeit, Unregelm\u00e4\u00dfigkeit und Einzigartigkeit.<\/p>\n<p>Jedes St\u00fcck der Terra-Reihe spiegelt das von der Sonne getrocknete und durch nat\u00fcrliche Einfl\u00fcsse umgewandelte Material wider und erh\u00e4lt so ein gealtertes Aussehen, das vom Lauf der Zeit erz\u00e4hlt, voller Erinnerungen und Beschw\u00f6rungen.<\/p>\n<p>Verwandeln Sie Ihre R\u00e4ume mit der nat\u00fcrlichen Sch\u00f6nheit und Authentizit\u00e4t der Terra-Steinverkleidungen, die exklusiv bei Crea Ibiza erh\u00e4ltlich sind. Besuchen Sie unser Gesch\u00e4ft und entdecken Sie, wie Sie Ihren Innen- und Au\u00dfenbereichen mit dieser au\u00dfergew\u00f6hnlichen Kollektion einen Hauch von Natur verleihen k\u00f6nnen, damit Ihre Umgebung von der Geschichte der Erde erz\u00e4hlt!<\/p>","protected":false},"excerpt":{"rendered":"<p>Descubre la esencia primordial de la naturaleza con el pavimento\/revestimiento efecto piedra Terra, disponible en varios tama\u00f1os y colores, ahora en Crea Ibiza. Inspirado en el llamado at\u00e1vico de lo primordial, la colecci\u00f3n Terra ofrece un aspecto esencial y primitivo que evoca las caracter\u00edsticas intr\u00ednsecas de la naturaleza: su resistencia, irregularidad y singularidad. Cada pieza &hellip; <\/p>\n<p class=\"link-more\"><a href=\"https:\/\/creaibiza.com\/de\/produkt\/pavimento-revestimento-efecto-piedra-terra\/\" class=\"more-link\">Read More <span class=\"screen-reader-text\"> \u00abPavimento\/revestimento efecto piedra varios tama\u00f1os y colores Terra\u00bb<\/span><\/a><\/p>","protected":false},"featured_media":33333,"template":"","meta":{"_acf_changed":false},"product_brand":[1588],"product_cat":[116,227,1002,113],"product_tag":[1352,1353],"class_list":{"0":"post-33298","1":"product","2":"type-product","3":"status-publish","4":"has-post-thumbnail","6":"product_brand-gigacer","7":"product_cat-pavimento","8":"product_cat-piedra","9":"product_cat-piedra-revestimiento","10":"product_cat-revestimiento","11":"product_tag-pavimento","12":"product_tag-revestimiento","14":"first","15":"instock","16":"taxable","17":"shipping-taxable","18":"purchasable","19":"product-type-variable"},"acf":[],"yoast_head":"<!-- This site is optimized with the Yoast SEO plugin v27.2 - https:\/\/yoast.com\/product\/yoast-seo-wordpress\/ -->\n<title>Pavimento\/revestimento efecto piedra Terra- Crea Ibiza<\/title>\n<meta name=\"description\" content=\"Crea Ibiza - Pavimento\/revestimento efecto piedra varios tama\u00f1os y colores Terra - Descubre el encanto del pavimento efecto pintura Fresco\" \/>\n<meta name=\"robots\" content=\"index, follow, max-snippet:-1, max-image-preview:large, max-video-preview:-1\" \/>\n<link rel=\"canonical\" href=\"https:\/\/creaibiza.com\/de\/produkt\/pavimento-revestimento-efecto-piedra-terra\/\" \/>\n<meta property=\"og:locale\" content=\"de_DE\" \/>\n<meta property=\"og:type\" content=\"article\" \/>\n<meta property=\"og:title\" content=\"Pavimento\/revestimento efecto piedra Terra- Crea Ibiza\" \/>\n<meta property=\"og:description\" content=\"Crea Ibiza - Pavimento\/revestimento efecto piedra varios tama\u00f1os y colores Terra - Descubre el encanto del pavimento efecto pintura Fresco\" \/>\n<meta property=\"og:url\" content=\"https:\/\/creaibiza.com\/de\/produkt\/pavimento-revestimento-efecto-piedra-terra\/\" \/>\n<meta property=\"og:site_name\" content=\"Crea Ibiza\" \/>\n<meta property=\"article:publisher\" content=\"https:\/\/www.facebook.com\/creaibiza\" \/>\n<meta property=\"article:modified_time\" content=\"2026-02-19T18:02:58+00:00\" \/>\n<meta property=\"og:image\" content=\"https:\/\/creaibiza.com\/wp-content\/uploads\/2024\/04\/Terra-Gigacer-12.jpg\" \/>\n\t<meta property=\"og:image:width\" content=\"1500\" \/>\n\t<meta property=\"og:image:height\" content=\"944\" \/>\n\t<meta property=\"og:image:type\" content=\"image\/jpeg\" \/>\n<meta name=\"twitter:card\" content=\"summary_large_image\" \/>\n<meta name=\"twitter:label1\" content=\"Gesch\u00e4tzte Lesezeit\" \/>\n\t<meta name=\"twitter:data1\" content=\"1\u00a0Minute\" \/>\n<script type=\"application\/ld+json\" class=\"yoast-schema-graph\">{\"@context\":\"https:\/\/schema.org\",\"@graph\":[{\"@type\":\"WebPage\",\"@id\":\"https:\/\/creaibiza.com\/producto\/pavimento-revestimento-efecto-piedra-terra\/\",\"url\":\"https:\/\/creaibiza.com\/producto\/pavimento-revestimento-efecto-piedra-terra\/\",\"name\":\"Pavimento\/revestimento efecto piedra Terra- Crea Ibiza\",\"isPartOf\":{\"@id\":\"https:\/\/creaibiza.com\/#website\"},\"primaryImageOfPage\":{\"@id\":\"https:\/\/creaibiza.com\/producto\/pavimento-revestimento-efecto-piedra-terra\/#primaryimage\"},\"image\":{\"@id\":\"https:\/\/creaibiza.com\/producto\/pavimento-revestimento-efecto-piedra-terra\/#primaryimage\"},\"thumbnailUrl\":\"https:\/\/creaibiza.com\/wp-content\/uploads\/2024\/04\/Terra-Gigacer-12.jpg\",\"datePublished\":\"2024-04-30T12:06:40+00:00\",\"dateModified\":\"2026-02-19T18:02:58+00:00\",\"description\":\"Crea Ibiza - Pavimento\/revestimento efecto piedra varios tama\u00f1os y colores Terra - Descubre el encanto del pavimento efecto pintura Fresco\",\"breadcrumb\":{\"@id\":\"https:\/\/creaibiza.com\/producto\/pavimento-revestimento-efecto-piedra-terra\/#breadcrumb\"},\"inLanguage\":\"de\",\"potentialAction\":[{\"@type\":\"ReadAction\",\"target\":[\"https:\/\/creaibiza.com\/producto\/pavimento-revestimento-efecto-piedra-terra\/\"]}]},{\"@type\":\"ImageObject\",\"inLanguage\":\"de\",\"@id\":\"https:\/\/creaibiza.com\/producto\/pavimento-revestimento-efecto-piedra-terra\/#primaryimage\",\"url\":\"https:\/\/creaibiza.com\/wp-content\/uploads\/2024\/04\/Terra-Gigacer-12.jpg\",\"contentUrl\":\"https:\/\/creaibiza.com\/wp-content\/uploads\/2024\/04\/Terra-Gigacer-12.jpg\",\"width\":1500,\"height\":944},{\"@type\":\"BreadcrumbList\",\"@id\":\"https:\/\/creaibiza.com\/producto\/pavimento-revestimento-efecto-piedra-terra\/#breadcrumb\",\"itemListElement\":[{\"@type\":\"ListItem\",\"position\":1,\"name\":\"Portada\",\"item\":\"https:\/\/creaibiza.com\/\"},{\"@type\":\"ListItem\",\"position\":2,\"name\":\"Tienda\",\"item\":\"https:\/\/creaibiza.com\/en\/tienda\/\"},{\"@type\":\"ListItem\",\"position\":3,\"name\":\"Pavimento\/revestimento efecto piedra varios tama\u00f1os y colores Terra\"}]},{\"@type\":\"WebSite\",\"@id\":\"https:\/\/creaibiza.com\/#website\",\"url\":\"https:\/\/creaibiza.com\/\",\"name\":\"Crea Ibiza\",\"description\":\"Cer\u00e1mica, sanitarios y revestimientos de dise\u00f1o en Ibiza\",\"publisher\":{\"@id\":\"https:\/\/creaibiza.com\/#organization\"},\"potentialAction\":[{\"@type\":\"SearchAction\",\"target\":{\"@type\":\"EntryPoint\",\"urlTemplate\":\"https:\/\/creaibiza.com\/?s={search_term_string}\"},\"query-input\":{\"@type\":\"PropertyValueSpecification\",\"valueRequired\":true,\"valueName\":\"search_term_string\"}}],\"inLanguage\":\"de\"},{\"@type\":\"Organization\",\"@id\":\"https:\/\/creaibiza.com\/#organization\",\"name\":\"Crea Ibiza\",\"url\":\"https:\/\/creaibiza.com\/\",\"logo\":{\"@type\":\"ImageObject\",\"inLanguage\":\"de\",\"@id\":\"https:\/\/creaibiza.com\/#\/schema\/logo\/image\/\",\"url\":\"https:\/\/creaibiza.com\/wp-content\/uploads\/2024\/02\/cropped-logocrea-web.png\",\"contentUrl\":\"https:\/\/creaibiza.com\/wp-content\/uploads\/2024\/02\/cropped-logocrea-web.png\",\"width\":591,\"height\":210,\"caption\":\"Crea Ibiza\"},\"image\":{\"@id\":\"https:\/\/creaibiza.com\/#\/schema\/logo\/image\/\"},\"sameAs\":[\"https:\/\/www.facebook.com\/creaibiza\",\"https:\/\/www.instagram.com\/creaibiza\"]}]}<\/script>\n<!-- \/ Yoast SEO plugin. -->","yoast_head_json":{"title":"Pavimento\/revestimento efecto piedra Terra- Crea Ibiza","description":"Crea Ibiza - Pavimento\/revestimento efecto piedra varios tama\u00f1os y colores Terra - Descubre el encanto del pavimento efecto pintura Fresco","robots":{"index":"index","follow":"follow","max-snippet":"max-snippet:-1","max-image-preview":"max-image-preview:large","max-video-preview":"max-video-preview:-1"},"canonical":"https:\/\/creaibiza.com\/de\/produkt\/pavimento-revestimento-efecto-piedra-terra\/","og_locale":"de_DE","og_type":"article","og_title":"Pavimento\/revestimento efecto piedra Terra- Crea Ibiza","og_description":"Crea Ibiza - Pavimento\/revestimento efecto piedra varios tama\u00f1os y colores Terra - Descubre el encanto del pavimento efecto pintura Fresco","og_url":"https:\/\/creaibiza.com\/de\/produkt\/pavimento-revestimento-efecto-piedra-terra\/","og_site_name":"Crea Ibiza","article_publisher":"https:\/\/www.facebook.com\/creaibiza","article_modified_time":"2026-02-19T18:02:58+00:00","og_image":[{"width":1500,"height":944,"url":"https:\/\/creaibiza.com\/wp-content\/uploads\/2024\/04\/Terra-Gigacer-12.jpg","type":"image\/jpeg"}],"twitter_card":"summary_large_image","twitter_misc":{"Gesch\u00e4tzte Lesezeit":"1\u00a0Minute"},"schema":{"@context":"https:\/\/schema.org","@graph":[{"@type":"WebPage","@id":"https:\/\/creaibiza.com\/producto\/pavimento-revestimento-efecto-piedra-terra\/","url":"https:\/\/creaibiza.com\/producto\/pavimento-revestimento-efecto-piedra-terra\/","name":"Pavimento\/revestimento efecto piedra Terra- Crea Ibiza","isPartOf":{"@id":"https:\/\/creaibiza.com\/#website"},"primaryImageOfPage":{"@id":"https:\/\/creaibiza.com\/producto\/pavimento-revestimento-efecto-piedra-terra\/#primaryimage"},"image":{"@id":"https:\/\/creaibiza.com\/producto\/pavimento-revestimento-efecto-piedra-terra\/#primaryimage"},"thumbnailUrl":"https:\/\/creaibiza.com\/wp-content\/uploads\/2024\/04\/Terra-Gigacer-12.jpg","datePublished":"2024-04-30T12:06:40+00:00","dateModified":"2026-02-19T18:02:58+00:00","description":"Crea Ibiza - Pavimento\/revestimento efecto piedra varios tama\u00f1os y colores Terra - Descubre el encanto del pavimento efecto pintura Fresco","breadcrumb":{"@id":"https:\/\/creaibiza.com\/producto\/pavimento-revestimento-efecto-piedra-terra\/#breadcrumb"},"inLanguage":"de","potentialAction":[{"@type":"ReadAction","target":["https:\/\/creaibiza.com\/producto\/pavimento-revestimento-efecto-piedra-terra\/"]}]},{"@type":"ImageObject","inLanguage":"de","@id":"https:\/\/creaibiza.com\/producto\/pavimento-revestimento-efecto-piedra-terra\/#primaryimage","url":"https:\/\/creaibiza.com\/wp-content\/uploads\/2024\/04\/Terra-Gigacer-12.jpg","contentUrl":"https:\/\/creaibiza.com\/wp-content\/uploads\/2024\/04\/Terra-Gigacer-12.jpg","width":1500,"height":944},{"@type":"BreadcrumbList","@id":"https:\/\/creaibiza.com\/producto\/pavimento-revestimento-efecto-piedra-terra\/#breadcrumb","itemListElement":[{"@type":"ListItem","position":1,"name":"Portada","item":"https:\/\/creaibiza.com\/"},{"@type":"ListItem","position":2,"name":"Tienda","item":"https:\/\/creaibiza.com\/en\/tienda\/"},{"@type":"ListItem","position":3,"name":"Pavimento\/revestimento efecto piedra varios tama\u00f1os y colores Terra"}]},{"@type":"WebSite","@id":"https:\/\/creaibiza.com\/#website","url":"https:\/\/creaibiza.com\/","name":"Ibiza erstellen","description":"Cer\u00e1mica, sanitarios y revestimientos de dise\u00f1o en Ibiza","publisher":{"@id":"https:\/\/creaibiza.com\/#organization"},"potentialAction":[{"@type":"SearchAction","target":{"@type":"EntryPoint","urlTemplate":"https:\/\/creaibiza.com\/?s={search_term_string}"},"query-input":{"@type":"PropertyValueSpecification","valueRequired":true,"valueName":"search_term_string"}}],"inLanguage":"de"},{"@type":"Organization","@id":"https:\/\/creaibiza.com\/#organization","name":"Ibiza erstellen","url":"https:\/\/creaibiza.com\/","logo":{"@type":"ImageObject","inLanguage":"de","@id":"https:\/\/creaibiza.com\/#\/schema\/logo\/image\/","url":"https:\/\/creaibiza.com\/wp-content\/uploads\/2024\/02\/cropped-logocrea-web.png","contentUrl":"https:\/\/creaibiza.com\/wp-content\/uploads\/2024\/02\/cropped-logocrea-web.png","width":591,"height":210,"caption":"Crea Ibiza"},"image":{"@id":"https:\/\/creaibiza.com\/#\/schema\/logo\/image\/"},"sameAs":["https:\/\/www.facebook.com\/creaibiza","https:\/\/www.instagram.com\/creaibiza"]}]}},"_links":{"self":[{"href":"https:\/\/creaibiza.com\/de\/wp-json\/wp\/v2\/product\/33298","targetHints":{"allow":["GET"]}}],"collection":[{"href":"https:\/\/creaibiza.com\/de\/wp-json\/wp\/v2\/product"}],"about":[{"href":"https:\/\/creaibiza.com\/de\/wp-json\/wp\/v2\/types\/product"}],"version-history":[{"count":2,"href":"https:\/\/creaibiza.com\/de\/wp-json\/wp\/v2\/product\/33298\/revisions"}],"predecessor-version":[{"id":33336,"href":"https:\/\/creaibiza.com\/de\/wp-json\/wp\/v2\/product\/33298\/revisions\/33336"}],"wp:featuredmedia":[{"embeddable":true,"href":"https:\/\/creaibiza.com\/de\/wp-json\/wp\/v2\/media\/33333"}],"wp:attachment":[{"href":"https:\/\/creaibiza.com\/de\/wp-json\/wp\/v2\/media?parent=33298"}],"wp:term":[{"taxonomy":"product_brand","embeddable":true,"href":"https:\/\/creaibiza.com\/de\/wp-json\/wp\/v2\/product_brand?post=33298"},{"taxonomy":"product_cat","embeddable":true,"href":"https:\/\/creaibiza.com\/de\/wp-json\/wp\/v2\/product_cat?post=33298"},{"taxonomy":"product_tag","embeddable":true,"href":"https:\/\/creaibiza.com\/de\/wp-json\/wp\/v2\/product_tag?post=33298"}],"curies":[{"name":"wp","href":"https:\/\/api.w.org\/{rel}","templated":true}]}}